{"id":7243,"date":"2022-01-31T21:34:04","date_gmt":"2022-01-31T21:34:04","guid":{"rendered":"https:\/\/iberoid.com\/?post_type=product&#038;p=7243"},"modified":"2026-04-01T12:04:31","modified_gmt":"2026-04-01T12:04:31","slug":"pack3testo-gen-testosterone-enanhate-gold-dragon-ltd","status":"publish","type":"product","link":"https:\/\/iberoid.com\/it\/product\/pack3testo-gen-testosterone-enanhate-gold-dragon-ltd\/","title":{"rendered":"testoged E \/ TESTOSTERONE ENANHATE &#8211; 3 Pack1"},"content":{"rendered":"<p>Il testosterone Enanthate \u00e8 un unico composto di testosterone a base di estere di grandi dimensioni. Questo \u00e8 un ormone testosterone sintetico puro che ha un estere dell&#8217;acido carbossilico attaccato in Enanthate (acido enantoico). L&#8217;estere stesso \u00e8 legato all&#8217;ormone nel gruppo idrossile 17-beta. Attaccando l&#8217;estere Enanthate, ci\u00f2 consente un controllo della durata attiva degli ormoni e del tempo di rilascio totale. Una volta iniettato, il testosterone non si attiva fino a quando l&#8217;estere non inizia a staccarsi dall&#8217;ormone. Il distacco totale non avviene tutto in una volta, ma consente un rilascio lento e costante dell&#8217;ormone attivo nel corpo. Una volta iniettato, si verificher\u00e0 un forte picco di testosterone entro le prime 24-48 ore dopo l&#8217;iniezione. Da qui l&#8217;ormone si separer\u00e0 e si dissiper\u00e0 continuamente attraverso il corpo. Secondo il suo lasso di tempo, Testosterone Enanthate ha un&#8217;emivita di circa 8 giorni, che consentir\u00e0 solo un&#8217;iniezione ogni 2 settimane in un contesto terapeutico. Tuttavia, ogni 7-10 giorni si riveler\u00e0 molto pi\u00f9 efficace nel mantenere la stabilit\u00e0.<\/p>\n<p>Come per tutti gli ormoni testosterone, il testosterone enantato ha una valutazione anabolica di 100 e una valutazione androgena di 100. L&#8217;ormone testosterone \u00e8 la base su cui vengono misurate tutte le valutazioni di tutti gli steroidi anabolizzanti. E a differenza delle valutazioni di alcuni steroidi, il testosterone si traduce perfettamente dalla sua natura strutturale alla base funzionale. Questo ormone presenter\u00e0 alti livelli di attivit\u00e0 anabolica e androgena.<\/p>\n<p>Su base funzionale, Testosterone Enanthate \u00e8 il rimedio perfetto per il trattamento del basso livello di testosterone. Se soffri di testosterone basso, significa semplicemente che il tuo corpo non sta pi\u00f9 producendo abbastanza di questo androgeno primario da solo. Poich\u00e9 il testosterone enantato \u00e8 semplicemente questo, il testosterone, risolver\u00e0 la condizione di basso livello. Milioni e milioni di uomini in tutto il mondo soffrono di qualche tipo di carenza di androgeni di basso livello. Solo negli Stati Uniti si stima che pi\u00f9 di 20 milioni di uomini soffrano di una carenza di androgeni. Le donne possono anche soffrire di bassi livelli di testosterone e il testosterone enantato pu\u00f2 trattarlo. Tuttavia, la maggior parte delle donne sar\u00e0 meglio servita con forme alternative di trattamento con testosterone come gel che contengono una miscela di testosterone e progesterone o piccoli pellet di impianto di testosterone come Testopel.<\/p>","protected":false},"excerpt":{"rendered":"<p>Il testosterone Enanthate \u00e8 un unico composto di testosterone a base di estere di grandi dimensioni. Questo \u00e8 un ormone<\/p>\n","protected":false},"featured_media":10367,"comment_status":"open","ping_status":"closed","template":"","meta":[],"product_brand":[3527],"product_cat":[69,3474],"product_tag":[],"class_list":{"0":"post-7243","1":"product","2":"type-product","3":"status-publish","4":"has-post-thumbnail","6":"product_brand-gd-gold-dragon","7":"product_cat-esteroides_inyectables","8":"product_cat-packs","10":"first","11":"instock","12":"sale","13":"shipping-taxable","14":"purchasable","15":"product-type-simple"},"yoast_head":"<!-- This site is optimized with the Yoast SEO Premium plugin v24.4 (Yoast SEO v27.0) - https:\/\/yoast.com\/product\/yoast-seo-premium-wordpress\/ -->\n<title>testoged E \/ TESTOSTERONE ENANHATE - 3 Pack1 - Steroidi in linea<\/title>\n<meta name=\"description\" content=\"Testosterone Enantato \u00e8 un potente ormone sintetico con emivita di 8 giorni, perfetto per trattare il testosterone basso e migliorare la massa muscolare.\" \/>\n<meta name=\"robots\" content=\"index, follow, max-snippet:-1, max-image-preview:large, max-video-preview:-1\" \/>\n<link rel=\"canonical\" href=\"https:\/\/iberoid.com\/it\/product\/pack3testo-gen-testosterone-enanhate-gold-dragon-ltd\/\" \/>\n<meta property=\"og:locale\" content=\"it_IT\" \/>\n<meta property=\"og:type\" content=\"article\" \/>\n<meta property=\"og:title\" content=\"testoged E \/ TESTOSTERONE ENANHATE - 3 Pack1\" \/>\n<meta property=\"og:description\" content=\"Testosterone Enantato \u00e8 un potente ormone sintetico con emivita di 8 giorni, perfetto per trattare il testosterone basso e migliorare la massa muscolare.\" \/>\n<meta property=\"og:url\" content=\"https:\/\/iberoid.com\/it\/product\/pack3testo-gen-testosterone-enanhate-gold-dragon-ltd\/\" \/>\n<meta property=\"og:site_name\" content=\"Steroidi in linea\" \/>\n<meta property=\"article:modified_time\" content=\"2026-04-01T12:04:31+00:00\" \/>\n<meta property=\"og:image\" content=\"https:\/\/iberoid.com\/wp-content\/uploads\/2022\/01\/3TESTOGEN.jpg?v=1760266547\" \/>\n\t<meta property=\"og:image:width\" content=\"1600\" \/>\n\t<meta property=\"og:image:height\" content=\"1552\" \/>\n\t<meta property=\"og:image:type\" content=\"image\/jpeg\" \/>\n<meta name=\"twitter:card\" content=\"summary_large_image\" \/>\n<meta name=\"twitter:label1\" content=\"Prezzo\" \/>\n\t<meta name=\"twitter:data1\" content=\"&euro;65.00\" \/>\n\t<meta name=\"twitter:label2\" content=\"Disponibilit\u00e0\" \/>\n\t<meta name=\"twitter:data2\" content=\"In stock\" \/>\n<script type=\"application\/ld+json\" class=\"yoast-schema-graph\">{\"@context\":\"https:\/\/schema.org\",\"@graph\":[{\"@type\":\"WebPage\",\"@id\":\"https:\/\/iberoid.com\/it\/product\/pack3testo-gen-testosterone-enanhate-gold-dragon-ltd\/\",\"url\":\"https:\/\/iberoid.com\/it\/product\/pack3testo-gen-testosterone-enanhate-gold-dragon-ltd\/\",\"name\":\"testoged E \/ TESTOSTERONE ENANHATE - 3 Pack1 - Steroidi in linea\",\"isPartOf\":{\"@id\":\"https:\/\/iberoid-shop.com\/#website\"},\"primaryImageOfPage\":{\"@id\":\"https:\/\/iberoid.com\/it\/product\/pack3testo-gen-testosterone-enanhate-gold-dragon-ltd\/#primaryimage\"},\"image\":{\"@id\":\"https:\/\/iberoid.com\/it\/product\/pack3testo-gen-testosterone-enanhate-gold-dragon-ltd\/#primaryimage\"},\"thumbnailUrl\":\"https:\/\/iberoid.com\/wp-content\/uploads\/2022\/01\/3TESTOGEN.jpg?v=1760266547\",\"datePublished\":\"2022-01-31T21:34:04+00:00\",\"dateModified\":\"2026-04-01T12:04:31+00:00\",\"description\":\"Testosterone Enantato \u00e8 un potente ormone sintetico con emivita di 8 giorni, perfetto per trattare il testosterone basso e migliorare la massa muscolare.\",\"breadcrumb\":{\"@id\":\"https:\/\/iberoid.com\/it\/product\/pack3testo-gen-testosterone-enanhate-gold-dragon-ltd\/#breadcrumb\"},\"inLanguage\":\"it-IT\",\"potentialAction\":[{\"@type\":\"ReadAction\",\"target\":[[\"https:\/\/iberoid.com\/it\/product\/pack3testo-gen-testosterone-enanhate-gold-dragon-ltd\/\"]]}]},{\"@type\":\"ImageObject\",\"inLanguage\":\"it-IT\",\"@id\":\"https:\/\/iberoid.com\/it\/product\/pack3testo-gen-testosterone-enanhate-gold-dragon-ltd\/#primaryimage\",\"url\":\"https:\/\/iberoid.com\/wp-content\/uploads\/2022\/01\/3TESTOGEN.jpg?v=1760266547\",\"contentUrl\":\"https:\/\/iberoid.com\/wp-content\/uploads\/2022\/01\/3TESTOGEN.jpg?v=1760266547\",\"width\":1600,\"height\":1552},{\"@type\":\"BreadcrumbList\",\"@id\":\"https:\/\/iberoid.com\/it\/product\/pack3testo-gen-testosterone-enanhate-gold-dragon-ltd\/#breadcrumb\",\"itemListElement\":[{\"@type\":\"ListItem\",\"position\":1,\"name\":\"Portada\",\"item\":\"https:\/\/iberoid.com\/it\/\"},{\"@type\":\"ListItem\",\"position\":2,\"name\":\"Negozio\",\"item\":\"https:\/\/iberoid.com\/it\/shop\/\"},{\"@type\":\"ListItem\",\"position\":3,\"name\":\"testoged E \/ TESTOSTERONE ENANHATE &#8211; 3 Pack1\"}]},{\"@type\":\"WebSite\",\"@id\":\"https:\/\/iberoid-shop.com\/#website\",\"url\":\"https:\/\/iberoid-shop.com\/\",\"name\":\"Steroidi in linea\",\"description\":\"Acquista steroidi online oggi in Spagna e Portogallo. Abbiamo il miglior servizio clienti del settore e prodotti di altissima qualit\u00e0\",\"potentialAction\":[{\"@type\":\"SearchAction\",\"target\":{\"@type\":\"EntryPoint\",\"urlTemplate\":\"https:\/\/iberoid-shop.com\/?s={search_term_string}\"},\"query-input\":{\"@type\":\"PropertyValueSpecification\",\"valueRequired\":true,\"valueName\":\"search_term_string\"}}],\"inLanguage\":\"it-IT\"}]}<\/script>\n<meta property=\"product:brand\" content=\"Golden Dragon\" \/>\n<meta property=\"product:price:amount\" content=\"65.00\" \/>\n<meta property=\"product:price:currency\" content=\"EUR\" \/>\n<meta property=\"og:availability\" content=\"instock\" \/>\n<meta property=\"product:availability\" content=\"instock\" \/>\n<meta property=\"product:condition\" content=\"new\" \/>\n<!-- \/ Yoast SEO Premium plugin. -->","yoast_head_json":{"title":"testoged E \/ TESTOSTERONE ENANHATE - 3 Pack1 - Steroidi in linea","description":"Testosterone Enantato \u00e8 un potente ormone sintetico con emivita di 8 giorni, perfetto per trattare il testosterone basso e migliorare la massa muscolare.","robots":{"index":"index","follow":"follow","max-snippet":"max-snippet:-1","max-image-preview":"max-image-preview:large","max-video-preview":"max-video-preview:-1"},"canonical":"https:\/\/iberoid.com\/it\/product\/pack3testo-gen-testosterone-enanhate-gold-dragon-ltd\/","og_locale":"it_IT","og_type":"article","og_title":"testoged E \/ TESTOSTERONE ENANHATE - 3 Pack1","og_description":"Testosterone Enantato \u00e8 un potente ormone sintetico con emivita di 8 giorni, perfetto per trattare il testosterone basso e migliorare la massa muscolare.","og_url":"https:\/\/iberoid.com\/it\/product\/pack3testo-gen-testosterone-enanhate-gold-dragon-ltd\/","og_site_name":"Steroidi in linea","article_modified_time":"2026-04-01T12:04:31+00:00","og_image":[{"width":1600,"height":1552,"url":"https:\/\/iberoid.com\/wp-content\/uploads\/2022\/01\/3TESTOGEN.jpg?v=1760266547","type":"image\/jpeg"}],"twitter_card":"summary_large_image","twitter_misc":{"Prezzo":"&euro;65.00","Disponibilit\u00e0":"In stock"},"schema":{"@context":"https:\/\/schema.org","@graph":[{"@type":"WebPage","@id":"https:\/\/iberoid.com\/it\/product\/pack3testo-gen-testosterone-enanhate-gold-dragon-ltd\/","url":"https:\/\/iberoid.com\/it\/product\/pack3testo-gen-testosterone-enanhate-gold-dragon-ltd\/","name":"testoged E \/ TESTOSTERONE ENANHATE - 3 Pack1 - Steroidi in linea","isPartOf":{"@id":"https:\/\/iberoid-shop.com\/#website"},"primaryImageOfPage":{"@id":"https:\/\/iberoid.com\/it\/product\/pack3testo-gen-testosterone-enanhate-gold-dragon-ltd\/#primaryimage"},"image":{"@id":"https:\/\/iberoid.com\/it\/product\/pack3testo-gen-testosterone-enanhate-gold-dragon-ltd\/#primaryimage"},"thumbnailUrl":"https:\/\/iberoid.com\/wp-content\/uploads\/2022\/01\/3TESTOGEN.jpg?v=1760266547","datePublished":"2022-01-31T21:34:04+00:00","dateModified":"2026-04-01T12:04:31+00:00","description":"Testosterone Enantato \u00e8 un potente ormone sintetico con emivita di 8 giorni, perfetto per trattare il testosterone basso e migliorare la massa muscolare.","breadcrumb":{"@id":"https:\/\/iberoid.com\/it\/product\/pack3testo-gen-testosterone-enanhate-gold-dragon-ltd\/#breadcrumb"},"inLanguage":"it-IT","potentialAction":[{"@type":"ReadAction","target":[["https:\/\/iberoid.com\/it\/product\/pack3testo-gen-testosterone-enanhate-gold-dragon-ltd\/"]]}]},{"@type":"ImageObject","inLanguage":"it-IT","@id":"https:\/\/iberoid.com\/it\/product\/pack3testo-gen-testosterone-enanhate-gold-dragon-ltd\/#primaryimage","url":"https:\/\/iberoid.com\/wp-content\/uploads\/2022\/01\/3TESTOGEN.jpg?v=1760266547","contentUrl":"https:\/\/iberoid.com\/wp-content\/uploads\/2022\/01\/3TESTOGEN.jpg?v=1760266547","width":1600,"height":1552},{"@type":"BreadcrumbList","@id":"https:\/\/iberoid.com\/it\/product\/pack3testo-gen-testosterone-enanhate-gold-dragon-ltd\/#breadcrumb","itemListElement":[{"@type":"ListItem","position":1,"name":"Portada","item":"https:\/\/iberoid.com\/it\/"},{"@type":"ListItem","position":2,"name":"Negozio","item":"https:\/\/iberoid.com\/it\/shop\/"},{"@type":"ListItem","position":3,"name":"testoged E \/ TESTOSTERONE ENANHATE &#8211; 3 Pack1"}]},{"@type":"WebSite","@id":"https:\/\/iberoid-shop.com\/#website","url":"https:\/\/iberoid-shop.com\/","name":"Steroidi in linea","description":"Acquista steroidi online oggi in Spagna e Portogallo. Abbiamo il miglior servizio clienti del settore e prodotti di altissima qualit\u00e0","potentialAction":[{"@type":"SearchAction","target":{"@type":"EntryPoint","urlTemplate":"https:\/\/iberoid-shop.com\/?s={search_term_string}"},"query-input":{"@type":"PropertyValueSpecification","valueRequired":true,"valueName":"search_term_string"}}],"inLanguage":"it-IT"}]},"product_brand":"Golden Dragon","product_price_amount":"65.00","product_price_currency":"EUR","og_availability":"instock","product_availability":"instock","product_condition":"new"},"_links":{"self":[{"href":"https:\/\/iberoid.com\/it\/wp-json\/wp\/v2\/product\/7243","targetHints":{"allow":["GET"]}}],"collection":[{"href":"https:\/\/iberoid.com\/it\/wp-json\/wp\/v2\/product"}],"about":[{"href":"https:\/\/iberoid.com\/it\/wp-json\/wp\/v2\/types\/product"}],"replies":[{"embeddable":true,"href":"https:\/\/iberoid.com\/it\/wp-json\/wp\/v2\/comments?post=7243"}],"wp:featuredmedia":[{"embeddable":true,"href":"https:\/\/iberoid.com\/it\/wp-json\/wp\/v2\/media\/10367"}],"wp:attachment":[{"href":"https:\/\/iberoid.com\/it\/wp-json\/wp\/v2\/media?parent=7243"}],"wp:term":[{"taxonomy":"product_brand","embeddable":true,"href":"https:\/\/iberoid.com\/it\/wp-json\/wp\/v2\/product_brand?post=7243"},{"taxonomy":"product_cat","embeddable":true,"href":"https:\/\/iberoid.com\/it\/wp-json\/wp\/v2\/product_cat?post=7243"},{"taxonomy":"product_tag","embeddable":true,"href":"https:\/\/iberoid.com\/it\/wp-json\/wp\/v2\/product_tag?post=7243"}],"curies":[{"name":"wp","href":"https:\/\/api.w.org\/{rel}","templated":true}]}}