{"id":7383,"date":"2022-03-04T20:20:26","date_gmt":"2022-03-04T20:20:26","guid":{"rendered":"https:\/\/iberoid.com\/?post_type=product&#038;p=7383"},"modified":"2022-08-17T12:18:31","modified_gmt":"2022-08-17T12:18:31","slug":"sustandrol-10-ml-by-balkan-pharmaceuticals","status":"publish","type":"product","link":"https:\/\/iberoid.com\/it\/product\/sustandrol-10-ml-by-balkan-pharmaceuticals\/","title":{"rendered":"Sustandrol 10 mL"},"content":{"rendered":"<p><strong>BALKAN PHARMA SUSTAMED 250MG 10ml<\/strong><\/p>\n<p>Sustanon, con l&#8217;altro nome si chiama \u00a0mix di testosterone. Per gli atleti, il testosterone \u00e8 un ormone molto importante per lo sviluppo e l&#8217;aspetto muscolare. Con le sue attivit\u00e0 anaboliche e cataboliche perdere grasso \u00e8 molto facile e per questo motivo \u00e8 preferito da atleti e culturisti. Questo steroide iniettabile che aumenta i livelli muscolari di ossigeno, viene utilizzato per aumentare l&#8217;aggressivit\u00e0 in competizione dai body builders e dagli atleti in allenamento pesante.<\/p>\n<p>Poich\u00e9 Sustanon ha effetti collaterali estrogenici anche a bassi dosaggi, gli utenti devono combinare Sustanon con uno steroide anti-estrogenico come Nolvadex, Arimidex o Proviron nei loro cicli. Questi prodotti bloccheranno gli effetti dell&#8217;aromatizzazione di Sustanon.<\/p>\n<p>Un altro ciclo proposto \u00e8 a settimana 500 mg di Sustanon e 300 mg di Primobolan per 12 settimane. Da 3. &#8211; 4. settimane iniziano gli effetti di questo ciclo. Con l&#8217;assunzione di proteine, una buona alimentazione e un sonno regolare si ottengono circa 6-7 kg di massa muscolare, ma questa proporzione pu\u00f2 variare in base alle condizioni personali.<\/p>\n<p>Mentre alcuni bodybuilder stanno impilando Sustanon con l&#8217;ormone della crescita o la tiroxina, alcuni di loro si combinano con Boldenone o Deca Durabolin che \u00e8 una formula efficace per un ciclo di carica. Per un ciclo di taglio \u00e8 pensato un composto di trenbolone e uno steroide orale come le compresse di Anavar o Winstrol.<\/p>\n<p>Dosaggio sostenuto; 250-1000 mg a settimana.<\/p>\n<p><strong>Composizione:<\/strong><\/p>\n<p>Ogni ml di Sustamed contiene:<\/p>\n<p>Propionato di testosterone: 30 mg<br \/>\nFenilpropionato di testosterone: 60 mg<br \/>\nIsocaproato di testosterone: 60 mg<br \/>\nTestosterone decanoato: 100 mg<\/p>\n<p>250 mg\/ml<\/p>","protected":false},"excerpt":{"rendered":"<p>BALKAN PHARMA SUSTAMED 250MG 10ml Sustanon, con l&#8217;altro nome si chiama \u00a0mix di testosterone. Per gli atleti, il testosterone \u00e8<\/p>\n","protected":false},"featured_media":7384,"comment_status":"open","ping_status":"closed","template":"","meta":[],"product_brand":[],"product_cat":[69],"product_tag":[],"class_list":{"0":"post-7383","1":"product","2":"type-product","3":"status-publish","4":"has-post-thumbnail","6":"product_cat-esteroides_inyectables","8":"first","9":"outofstock","10":"sale","11":"shipping-taxable","12":"purchasable","13":"product-type-simple"},"yoast_head":"<!-- This site is optimized with the Yoast SEO Premium plugin v24.4 (Yoast SEO v27.3) - https:\/\/yoast.com\/product\/yoast-seo-premium-wordpress\/ -->\n<title>Sustandrol 10 mL - Steroidi in linea<\/title>\n<meta name=\"robots\" content=\"index, follow, max-snippet:-1, max-image-preview:large, max-video-preview:-1\" \/>\n<link rel=\"canonical\" href=\"https:\/\/iberoid.com\/it\/product\/sustandrol-10-ml-by-balkan-pharmaceuticals\/\" \/>\n<meta property=\"og:locale\" content=\"it_IT\" \/>\n<meta property=\"og:type\" content=\"article\" \/>\n<meta property=\"og:title\" content=\"Sustandrol 10 mL\" \/>\n<meta property=\"og:description\" content=\"BALKAN PHARMA SUSTAMED 250MG 10ml Sustanon, con l&#8217;altro nome si chiama \u00a0mix di testosterone. Per gli atleti, il testosterone \u00e8\" \/>\n<meta property=\"og:url\" content=\"https:\/\/iberoid.com\/it\/product\/sustandrol-10-ml-by-balkan-pharmaceuticals\/\" \/>\n<meta property=\"og:site_name\" content=\"Steroidi in linea\" \/>\n<meta property=\"article:modified_time\" content=\"2022-08-17T12:18:31+00:00\" \/>\n<meta property=\"og:image\" content=\"https:\/\/iberoid.com\/wp-content\/uploads\/2022\/03\/SUS-BLK.jpg?v=1678119913\" \/>\n\t<meta property=\"og:image:width\" content=\"1024\" \/>\n\t<meta property=\"og:image:height\" content=\"1024\" \/>\n\t<meta property=\"og:image:type\" content=\"image\/jpeg\" \/>\n<meta name=\"twitter:card\" content=\"summary_large_image\" \/>\n<meta name=\"twitter:label1\" content=\"Prezzo\" \/>\n\t<meta name=\"twitter:data1\" content=\"&euro;40.00\" \/>\n\t<meta name=\"twitter:label2\" content=\"Disponibilit\u00e0\" \/>\n\t<meta name=\"twitter:data2\" content=\"Esaurito\" \/>\n<script type=\"application\/ld+json\" class=\"yoast-schema-graph\">{\"@context\":\"https:\\\/\\\/schema.org\",\"@graph\":[{\"@type\":\"WebPage\",\"@id\":\"https:\\\/\\\/iberoid.com\\\/it\\\/product\\\/sustandrol-10-ml-by-balkan-pharmaceuticals\\\/\",\"url\":\"https:\\\/\\\/iberoid.com\\\/it\\\/product\\\/sustandrol-10-ml-by-balkan-pharmaceuticals\\\/\",\"name\":\"Sustandrol 10 mL - Steroidi in linea\",\"isPartOf\":{\"@id\":\"https:\\\/\\\/iberoid-shop.com\\\/#website\"},\"primaryImageOfPage\":{\"@id\":\"https:\\\/\\\/iberoid.com\\\/it\\\/product\\\/sustandrol-10-ml-by-balkan-pharmaceuticals\\\/#primaryimage\"},\"image\":{\"@id\":\"https:\\\/\\\/iberoid.com\\\/it\\\/product\\\/sustandrol-10-ml-by-balkan-pharmaceuticals\\\/#primaryimage\"},\"thumbnailUrl\":\"https:\\\/\\\/iberoid.com\\\/wp-content\\\/uploads\\\/2022\\\/03\\\/SUS-BLK.jpg?v=1678119913\",\"datePublished\":\"2022-03-04T20:20:26+00:00\",\"dateModified\":\"2022-08-17T12:18:31+00:00\",\"breadcrumb\":{\"@id\":\"https:\\\/\\\/iberoid.com\\\/it\\\/product\\\/sustandrol-10-ml-by-balkan-pharmaceuticals\\\/#breadcrumb\"},\"inLanguage\":\"it-IT\",\"potentialAction\":[{\"@type\":\"ReadAction\",\"target\":[[\"https:\\\/\\\/iberoid.com\\\/it\\\/product\\\/sustandrol-10-ml-by-balkan-pharmaceuticals\\\/\"]]}]},{\"@type\":\"ImageObject\",\"inLanguage\":\"it-IT\",\"@id\":\"https:\\\/\\\/iberoid.com\\\/it\\\/product\\\/sustandrol-10-ml-by-balkan-pharmaceuticals\\\/#primaryimage\",\"url\":\"https:\\\/\\\/iberoid.com\\\/wp-content\\\/uploads\\\/2022\\\/03\\\/SUS-BLK.jpg?v=1678119913\",\"contentUrl\":\"https:\\\/\\\/iberoid.com\\\/wp-content\\\/uploads\\\/2022\\\/03\\\/SUS-BLK.jpg?v=1678119913\",\"width\":1024,\"height\":1024},{\"@type\":\"BreadcrumbList\",\"@id\":\"https:\\\/\\\/iberoid.com\\\/it\\\/product\\\/sustandrol-10-ml-by-balkan-pharmaceuticals\\\/#breadcrumb\",\"itemListElement\":[{\"@type\":\"ListItem\",\"position\":1,\"name\":\"Portada\",\"item\":\"https:\\\/\\\/iberoid.com\\\/it\\\/\"},{\"@type\":\"ListItem\",\"position\":2,\"name\":\"Negozio\",\"item\":\"https:\\\/\\\/iberoid.com\\\/it\\\/shop\\\/\"},{\"@type\":\"ListItem\",\"position\":3,\"name\":\"Sustandrol 10 mL\"}]},{\"@type\":\"WebSite\",\"@id\":\"https:\\\/\\\/iberoid-shop.com\\\/#website\",\"url\":\"https:\\\/\\\/iberoid-shop.com\\\/\",\"name\":\"Steroidi in linea\",\"description\":\"Acquista steroidi online oggi in Spagna e Portogallo. Abbiamo il miglior servizio clienti del settore e prodotti di altissima qualit\u00e0\",\"potentialAction\":[{\"@type\":\"SearchAction\",\"target\":{\"@type\":\"EntryPoint\",\"urlTemplate\":\"https:\\\/\\\/iberoid-shop.com\\\/?s={search_term_string}\"},\"query-input\":{\"@type\":\"PropertyValueSpecification\",\"valueRequired\":true,\"valueName\":\"search_term_string\"}}],\"inLanguage\":\"it-IT\"}]}<\/script>\n<meta property=\"product:brand\" content=\"Balkan Pharmaceuticals\" \/>\n<meta property=\"product:price:amount\" content=\"40.00\" \/>\n<meta property=\"product:price:currency\" content=\"EUR\" \/>\n<meta property=\"og:availability\" content=\"out of stock\" \/>\n<meta property=\"product:availability\" content=\"out of stock\" \/>\n<meta property=\"product:condition\" content=\"new\" \/>\n<!-- \/ Yoast SEO Premium plugin. -->","yoast_head_json":{"title":"Sustandrol 10 mL - Steroidi in linea","robots":{"index":"index","follow":"follow","max-snippet":"max-snippet:-1","max-image-preview":"max-image-preview:large","max-video-preview":"max-video-preview:-1"},"canonical":"https:\/\/iberoid.com\/it\/product\/sustandrol-10-ml-by-balkan-pharmaceuticals\/","og_locale":"it_IT","og_type":"article","og_title":"Sustandrol 10 mL","og_description":"BALKAN PHARMA SUSTAMED 250MG 10ml Sustanon, con l&#8217;altro nome si chiama \u00a0mix di testosterone. Per gli atleti, il testosterone \u00e8","og_url":"https:\/\/iberoid.com\/it\/product\/sustandrol-10-ml-by-balkan-pharmaceuticals\/","og_site_name":"Steroidi in linea","article_modified_time":"2022-08-17T12:18:31+00:00","og_image":[{"width":1024,"height":1024,"url":"https:\/\/iberoid.com\/wp-content\/uploads\/2022\/03\/SUS-BLK.jpg?v=1678119913","type":"image\/jpeg"}],"twitter_card":"summary_large_image","twitter_misc":{"Prezzo":"&euro;40.00","Disponibilit\u00e0":"Esaurito"},"schema":{"@context":"https:\/\/schema.org","@graph":[{"@type":"WebPage","@id":"https:\/\/iberoid.com\/it\/product\/sustandrol-10-ml-by-balkan-pharmaceuticals\/","url":"https:\/\/iberoid.com\/it\/product\/sustandrol-10-ml-by-balkan-pharmaceuticals\/","name":"Sustandrol 10 mL - Steroidi in linea","isPartOf":{"@id":"https:\/\/iberoid-shop.com\/#website"},"primaryImageOfPage":{"@id":"https:\/\/iberoid.com\/it\/product\/sustandrol-10-ml-by-balkan-pharmaceuticals\/#primaryimage"},"image":{"@id":"https:\/\/iberoid.com\/it\/product\/sustandrol-10-ml-by-balkan-pharmaceuticals\/#primaryimage"},"thumbnailUrl":"https:\/\/iberoid.com\/wp-content\/uploads\/2022\/03\/SUS-BLK.jpg?v=1678119913","datePublished":"2022-03-04T20:20:26+00:00","dateModified":"2022-08-17T12:18:31+00:00","breadcrumb":{"@id":"https:\/\/iberoid.com\/it\/product\/sustandrol-10-ml-by-balkan-pharmaceuticals\/#breadcrumb"},"inLanguage":"it-IT","potentialAction":[{"@type":"ReadAction","target":[["https:\/\/iberoid.com\/it\/product\/sustandrol-10-ml-by-balkan-pharmaceuticals\/"]]}]},{"@type":"ImageObject","inLanguage":"it-IT","@id":"https:\/\/iberoid.com\/it\/product\/sustandrol-10-ml-by-balkan-pharmaceuticals\/#primaryimage","url":"https:\/\/iberoid.com\/wp-content\/uploads\/2022\/03\/SUS-BLK.jpg?v=1678119913","contentUrl":"https:\/\/iberoid.com\/wp-content\/uploads\/2022\/03\/SUS-BLK.jpg?v=1678119913","width":1024,"height":1024},{"@type":"BreadcrumbList","@id":"https:\/\/iberoid.com\/it\/product\/sustandrol-10-ml-by-balkan-pharmaceuticals\/#breadcrumb","itemListElement":[{"@type":"ListItem","position":1,"name":"Portada","item":"https:\/\/iberoid.com\/it\/"},{"@type":"ListItem","position":2,"name":"Negozio","item":"https:\/\/iberoid.com\/it\/shop\/"},{"@type":"ListItem","position":3,"name":"Sustandrol 10 mL"}]},{"@type":"WebSite","@id":"https:\/\/iberoid-shop.com\/#website","url":"https:\/\/iberoid-shop.com\/","name":"Steroidi in linea","description":"Acquista steroidi online oggi in Spagna e Portogallo. Abbiamo il miglior servizio clienti del settore e prodotti di altissima qualit\u00e0","potentialAction":[{"@type":"SearchAction","target":{"@type":"EntryPoint","urlTemplate":"https:\/\/iberoid-shop.com\/?s={search_term_string}"},"query-input":{"@type":"PropertyValueSpecification","valueRequired":true,"valueName":"search_term_string"}}],"inLanguage":"it-IT"}]},"product_brand":"Balkan Pharmaceuticals","product_price_amount":"40.00","product_price_currency":"EUR","og_availability":"out of stock","product_availability":"out of stock","product_condition":"new"},"_links":{"self":[{"href":"https:\/\/iberoid.com\/it\/wp-json\/wp\/v2\/product\/7383","targetHints":{"allow":["GET"]}}],"collection":[{"href":"https:\/\/iberoid.com\/it\/wp-json\/wp\/v2\/product"}],"about":[{"href":"https:\/\/iberoid.com\/it\/wp-json\/wp\/v2\/types\/product"}],"replies":[{"embeddable":true,"href":"https:\/\/iberoid.com\/it\/wp-json\/wp\/v2\/comments?post=7383"}],"wp:featuredmedia":[{"embeddable":true,"href":"https:\/\/iberoid.com\/it\/wp-json\/wp\/v2\/media\/7384"}],"wp:attachment":[{"href":"https:\/\/iberoid.com\/it\/wp-json\/wp\/v2\/media?parent=7383"}],"wp:term":[{"taxonomy":"product_brand","embeddable":true,"href":"https:\/\/iberoid.com\/it\/wp-json\/wp\/v2\/product_brand?post=7383"},{"taxonomy":"product_cat","embeddable":true,"href":"https:\/\/iberoid.com\/it\/wp-json\/wp\/v2\/product_cat?post=7383"},{"taxonomy":"product_tag","embeddable":true,"href":"https:\/\/iberoid.com\/it\/wp-json\/wp\/v2\/product_tag?post=7383"}],"curies":[{"name":"wp","href":"https:\/\/api.w.org\/{rel}","templated":true}]}}