{"id":7385,"date":"2022-03-04T20:27:48","date_gmt":"2022-03-04T20:27:48","guid":{"rendered":"https:\/\/iberoid.com\/?post_type=product&#038;p=7385"},"modified":"2022-09-02T00:44:03","modified_gmt":"2022-09-02T00:44:03","slug":"sp-laboratories-enanthate-forte-10ml-500mg-ml","status":"publish","type":"product","link":"https:\/\/iberoid.com\/it\/product\/sp-laboratories-enanthate-forte-10ml-500mg-ml\/","title":{"rendered":"SP ENANTHATE FORTE-"},"content":{"rendered":"<p><strong>SP ENANTHATE FORTE<\/strong><\/p>\n<p>Il testosterone Enanthate \u00e8 usato per trattare i disturbi ormonali causati dalla carenza di testosterone<br \/>\nDescrizione<\/p>\n<p>1 flaconcino contiene 10 ml di soluzione iniettabile;<\/p>\n<p>Sostanze attive<\/p>\n<p>Ogni 10 ml di farmaco contiene 500 mg di Testosterone Enanthate;<\/p>\n<p>Via di somministrazione<\/p>\n<p>Solo per uso intramuscolare;<\/p>\n<p>&nbsp;<\/p>\n<p>Indicazione:<\/p>\n<p>Testosterone Enanthate \u00e8 usato per trattare i disturbi ormonali causati dalla carenza di testosterone:<\/p>\n<p>\u2022\u00a0ipopituitarismo;<\/p>\n<p>\u2022\u00a0Sintomi del climax maschile (diminuzione della libido e dell&#8217;attivit\u00e0 fisica e intellettuale);<\/p>\n<p>\u2022\u00a0Deficit androgeno dopo la castrazione;<\/p>\n<p>\u2022\u00a0Osteoporosi causata da insufficienza di androgeni.<\/p>\n<p>\u2022\u00a0mantenere la maturazione sessuale;<\/p>\n<p>\u2022\u00a0Eunucoidismo, genitali non sviluppati;<\/p>\n<p>\u2022\u00a0Impotenza di origine ormonale;<\/p>\n<p>Nelle donne:<\/p>\n<p>\u2022 Endometriosi;<\/p>\n<p>\u2022\u00a0La menopausa (in combinazione con estrogeni);<\/p>\n<p>\u2022 Cancro al seno;<\/p>\n<p>\u2022\u00a0osteoporosi.<\/p>\n<p>\u2022\u00a0iperestrogenemia, emorragia funzionale;<\/p>\n<p>\u2022\u00a0Mioma uterino;<\/p>\n<p>Controindicazioni:<\/p>\n<p>Persone che hanno ipersensibilit\u00e0 al farmaco, con cancro alla prostata o forse al seno, ipertrofia prostatica con segni di disturbi del sistema urinario, sindrome o anche periodo nefrosico associato a nefrite, edema, ipercalcemia, disturbi epatici, diabete mellito e malattie cardiache, infarto del miocardio nel corso della storia medica, malattie vascolari con maschi anziani all&#8217;interno, gravidanza, allattamento al seno non sono indicati per l&#8217;uso di questo farmaco.<\/p>\n<p>Amministrazione:<\/p>\n<p>Il testosterone Enanthate viene somministrato per via intramuscolare. Il testosterone Enanthate viene somministrato individualmente a seconda della malattia, del sesso, dell&#8217;et\u00e0, dell&#8217;efficienza clinica.<\/p>\n<p>Il dosaggio comune per gli adulti \u00e8 di 50-200 mg somministrato per via intramuscolare una volta alla settimana. Non \u00e8 consigliabile superare i 400 mg al mese. La durata del trattamento \u00e8 determinata individualmente.<\/p>\n<p>Negli uomini ipogonadici con eunucoidismo, i dosaggi raccomandati sono 50-400 mg ogni 2-4 settimane.<\/p>\n<p>In caso di ritenzione della crescita sessuale si somministrano 50-200 mg ogni 2-4 settimane per 4-6 mesi.<\/p>\n<p>Il cancro al seno inoperabile nelle donne necessita di una dose di 200-400 mg ogni 2-4 settimane.<\/p>\n<p>Azione medica:<\/p>\n<p>Il testosterone \u00e8 il principale ormone androgeno prodotto nei testicoli. \u00c8 molto importante per la crescita e lo sviluppo degli organi sessuali maschili e anche delle caratteristiche sessuali secondarie (prontezza della prostata, cisti seminali, organo maschile e scroto), sindacazione dei peli degli uomini (confronto, osso pubico, torace) costruzione dell&#8217;organo del linguaggio, gruppi muscolari e sottomissione del grasso corporeo. Mantiene azoto, sale, potassio e fosforo nel corpo, aumenta il metabolismo costruttivo delle proteine \u200b\u200bnecessarie per la salute riducendo al minimo il catabolismo. L&#8217;aumento precoce delle concentrazioni LCD di testosterone nel periodo prepuberale porta una crescita stordita e la chiusura dell&#8217;epifisi. Il testosterone provoca la produzione di glicoproteina e di eritrociti. A causa del meccanismo di feedback inibisce la secrezione ipofisaria dell&#8217;ormone luteinizzante e follicolare e provoca la soppressione della spermatogenesi.<\/p>\n<p>Nelle donne, il testosterone enantato inibisce la funzione gonadotrofica dell&#8217;ipofisi, la funzione ovarica, le ghiandole mammarie, l&#8217;atrofia endometriale. Per l&#8217;azione antagonista degli estrogeni viene utilizzato nel trattamento del mioma uterino, dell&#8217;endometriosi, del cancro al seno. \u00c8 molto efficiente nel periodo climatico.<\/p>\n<p>Precauzioni:<\/p>\n<p>In caso di reazioni avverse androgeno-dipendenti, \u00e8 necessario interrompere l&#8217;assunzione del medicinale. Quando gli effetti collaterali scompaiono, il trattamento pu\u00f2 essere ripetuto in dosi minori.<\/p>\n<p>Le persone che soffrono di insufficienza cardiaca latente o conclamata, disturbi della funzione renale, ipertensione, epilessia o emicrania (o una storia di presenza di questi stati) saranno sotto costante supervisione perch\u00e9 gli androgeni possono causare ritenzione di sodio e in alcuni casi ritenzione idrica. Durante il trattamento, \u00e8 necessario monitorare il periodo delle funzioni epatiche. I pazienti che soffrono di cancro al seno, ipernefroma, cancro ai polmoni, metastasi ossee devono controllare il livello di calcio nel sangue e nelle urine. Il testosterone nei pazienti in et\u00e0 prepuberale deve essere somministrato con cautela per impedire l&#8217;arresto precoce della crescita e della pubert\u00e0.<\/p>\n<p>Effetti collaterali:<\/p>\n<p>\u2022\u00a0Sintomi di ipercalcemia;<\/p>\n<p>\u2022\u00a0tromboflebite;<\/p>\n<p>\u2022\u00a0Nausea, ittero colestatico, aumento dei livelli di transaminasi epatica (normalizzato all&#8217;interruzione);<\/p>\n<p>\u2022\u00a0mal di testa, depressione, aggressivit\u00e0, ansia, disturbi del sonno, intorpidimento.<\/p>\n<p>\u2022\u00a0Priapismo e altri sintomi di iperstimolazione sessuale (erezione frequente);<\/p>\n<p>\u2022\u00a0Adolescenti in et\u00e0 prepuberale: accelerazione dello sviluppo sessuale, aumento della frequenza delle erezioni, aumento delle dimensioni dell&#8217;organo sessuale, chiusura prematura dell&#8217;epifisi<\/p>\n<p>\u2022\u00a0alterata spermatogenesi e disturbo della maturazione degli spermatozoi, oligospermia e volume ridotto dell&#8217;eiaculato;<\/p>\n<p>\u2022\u00a0Anomalie della prostata;<\/p>\n<p>\u2022\u00a0Donne: sono possibili sanguinamenti dai tratti genitali, aumento della libido, somministrazione prolungata dei sintomi della virilizzazione;<\/p>\n<p>\u2022\u00a0irsutismo, ginecomastia;<\/p>\n<p>\u2022\u00a0Seborrea, acne, pelle grassa, capelli;<\/p>\n<p>\u2022\u00a0Ritenzione di sodio e acqua, edema;<\/p>\n<p>Possibile dolore, prurito e arrossamento nel sito di iniezione.<\/p>\n<p>Sovradosaggio:<\/p>\n<p>Nel caso si sia verificata una situazione di sovradosaggio, consultare un medico.<\/p>","protected":false},"excerpt":{"rendered":"<p>SP ENANTHATE FORTE Il testosterone Enanthate \u00e8 usato per trattare i disturbi ormonali causati dalla carenza di testosterone Descrizione 1<\/p>\n","protected":false},"featured_media":7646,"comment_status":"open","ping_status":"closed","template":"","meta":[],"product_brand":[],"product_cat":[69],"product_tag":[],"class_list":{"0":"post-7385","1":"product","2":"type-product","3":"status-publish","4":"has-post-thumbnail","6":"product_cat-esteroides_inyectables","8":"first","9":"outofstock","10":"sale","11":"shipping-taxable","12":"purchasable","13":"product-type-simple"},"yoast_head":"<!-- This site is optimized with the Yoast SEO Premium plugin v24.4 (Yoast SEO v27.3) - https:\/\/yoast.com\/product\/yoast-seo-premium-wordpress\/ -->\n<title>SP ENANTHATE FORTE- - Steroidi in linea<\/title>\n<meta name=\"robots\" content=\"index, follow, max-snippet:-1, max-image-preview:large, max-video-preview:-1\" \/>\n<link rel=\"canonical\" href=\"https:\/\/iberoid.com\/it\/product\/sp-laboratories-enanthate-forte-10ml-500mg-ml\/\" \/>\n<meta property=\"og:locale\" content=\"it_IT\" \/>\n<meta property=\"og:type\" content=\"article\" \/>\n<meta property=\"og:title\" content=\"SP ENANTHATE FORTE-\" \/>\n<meta property=\"og:description\" content=\"SP ENANTHATE FORTE Il testosterone Enanthate \u00e8 usato per trattare i disturbi ormonali causati dalla carenza di testosterone Descrizione 1\" \/>\n<meta property=\"og:url\" content=\"https:\/\/iberoid.com\/it\/product\/sp-laboratories-enanthate-forte-10ml-500mg-ml\/\" \/>\n<meta property=\"og:site_name\" content=\"Steroidi in linea\" \/>\n<meta property=\"article:modified_time\" content=\"2022-09-02T00:44:03+00:00\" \/>\n<meta property=\"og:image\" content=\"https:\/\/iberoid.com\/wp-content\/uploads\/2022\/03\/SP-Laboratories-Enanthate-Forte.png?v=1678119894\" \/>\n\t<meta property=\"og:image:width\" content=\"360\" \/>\n\t<meta property=\"og:image:height\" content=\"400\" \/>\n\t<meta property=\"og:image:type\" content=\"image\/png\" \/>\n<meta name=\"twitter:card\" content=\"summary_large_image\" \/>\n<meta name=\"twitter:label1\" content=\"Prezzo\" \/>\n\t<meta name=\"twitter:data1\" content=\"&euro;55.00\" \/>\n\t<meta name=\"twitter:label2\" content=\"Disponibilit\u00e0\" \/>\n\t<meta name=\"twitter:data2\" content=\"Esaurito\" \/>\n<script type=\"application\/ld+json\" class=\"yoast-schema-graph\">{\"@context\":\"https:\\\/\\\/schema.org\",\"@graph\":[{\"@type\":\"WebPage\",\"@id\":\"https:\\\/\\\/iberoid.com\\\/it\\\/product\\\/sp-laboratories-enanthate-forte-10ml-500mg-ml\\\/\",\"url\":\"https:\\\/\\\/iberoid.com\\\/it\\\/product\\\/sp-laboratories-enanthate-forte-10ml-500mg-ml\\\/\",\"name\":\"SP ENANTHATE FORTE- - Steroidi in linea\",\"isPartOf\":{\"@id\":\"https:\\\/\\\/iberoid-shop.com\\\/#website\"},\"primaryImageOfPage\":{\"@id\":\"https:\\\/\\\/iberoid.com\\\/it\\\/product\\\/sp-laboratories-enanthate-forte-10ml-500mg-ml\\\/#primaryimage\"},\"image\":{\"@id\":\"https:\\\/\\\/iberoid.com\\\/it\\\/product\\\/sp-laboratories-enanthate-forte-10ml-500mg-ml\\\/#primaryimage\"},\"thumbnailUrl\":\"https:\\\/\\\/iberoid.com\\\/wp-content\\\/uploads\\\/2022\\\/03\\\/SP-Laboratories-Enanthate-Forte.png?v=1678119894\",\"datePublished\":\"2022-03-04T20:27:48+00:00\",\"dateModified\":\"2022-09-02T00:44:03+00:00\",\"breadcrumb\":{\"@id\":\"https:\\\/\\\/iberoid.com\\\/it\\\/product\\\/sp-laboratories-enanthate-forte-10ml-500mg-ml\\\/#breadcrumb\"},\"inLanguage\":\"it-IT\",\"potentialAction\":[{\"@type\":\"ReadAction\",\"target\":[[\"https:\\\/\\\/iberoid.com\\\/it\\\/product\\\/sp-laboratories-enanthate-forte-10ml-500mg-ml\\\/\"]]}]},{\"@type\":\"ImageObject\",\"inLanguage\":\"it-IT\",\"@id\":\"https:\\\/\\\/iberoid.com\\\/it\\\/product\\\/sp-laboratories-enanthate-forte-10ml-500mg-ml\\\/#primaryimage\",\"url\":\"https:\\\/\\\/iberoid.com\\\/wp-content\\\/uploads\\\/2022\\\/03\\\/SP-Laboratories-Enanthate-Forte.png?v=1678119894\",\"contentUrl\":\"https:\\\/\\\/iberoid.com\\\/wp-content\\\/uploads\\\/2022\\\/03\\\/SP-Laboratories-Enanthate-Forte.png?v=1678119894\",\"width\":360,\"height\":400},{\"@type\":\"BreadcrumbList\",\"@id\":\"https:\\\/\\\/iberoid.com\\\/it\\\/product\\\/sp-laboratories-enanthate-forte-10ml-500mg-ml\\\/#breadcrumb\",\"itemListElement\":[{\"@type\":\"ListItem\",\"position\":1,\"name\":\"Portada\",\"item\":\"https:\\\/\\\/iberoid.com\\\/it\\\/\"},{\"@type\":\"ListItem\",\"position\":2,\"name\":\"Negozio\",\"item\":\"https:\\\/\\\/iberoid.com\\\/it\\\/shop\\\/\"},{\"@type\":\"ListItem\",\"position\":3,\"name\":\"SP ENANTHATE FORTE-\"}]},{\"@type\":\"WebSite\",\"@id\":\"https:\\\/\\\/iberoid-shop.com\\\/#website\",\"url\":\"https:\\\/\\\/iberoid-shop.com\\\/\",\"name\":\"Steroidi in linea\",\"description\":\"Acquista steroidi online oggi in Spagna e Portogallo. Abbiamo il miglior servizio clienti del settore e prodotti di altissima qualit\u00e0\",\"potentialAction\":[{\"@type\":\"SearchAction\",\"target\":{\"@type\":\"EntryPoint\",\"urlTemplate\":\"https:\\\/\\\/iberoid-shop.com\\\/?s={search_term_string}\"},\"query-input\":{\"@type\":\"PropertyValueSpecification\",\"valueRequired\":true,\"valueName\":\"search_term_string\"}}],\"inLanguage\":\"it-IT\"}]}<\/script>\n<meta property=\"product:brand\" content=\"SP Laboratories\" \/>\n<meta property=\"product:price:amount\" content=\"55.00\" \/>\n<meta property=\"product:price:currency\" content=\"EUR\" \/>\n<meta property=\"og:availability\" content=\"out of stock\" \/>\n<meta property=\"product:availability\" content=\"out of stock\" \/>\n<meta property=\"product:condition\" content=\"new\" \/>\n<!-- \/ Yoast SEO Premium plugin. -->","yoast_head_json":{"title":"SP ENANTHATE FORTE- - Steroidi in linea","robots":{"index":"index","follow":"follow","max-snippet":"max-snippet:-1","max-image-preview":"max-image-preview:large","max-video-preview":"max-video-preview:-1"},"canonical":"https:\/\/iberoid.com\/it\/product\/sp-laboratories-enanthate-forte-10ml-500mg-ml\/","og_locale":"it_IT","og_type":"article","og_title":"SP ENANTHATE FORTE-","og_description":"SP ENANTHATE FORTE Il testosterone Enanthate \u00e8 usato per trattare i disturbi ormonali causati dalla carenza di testosterone Descrizione 1","og_url":"https:\/\/iberoid.com\/it\/product\/sp-laboratories-enanthate-forte-10ml-500mg-ml\/","og_site_name":"Steroidi in linea","article_modified_time":"2022-09-02T00:44:03+00:00","og_image":[{"width":360,"height":400,"url":"https:\/\/iberoid.com\/wp-content\/uploads\/2022\/03\/SP-Laboratories-Enanthate-Forte.png?v=1678119894","type":"image\/png"}],"twitter_card":"summary_large_image","twitter_misc":{"Prezzo":"&euro;55.00","Disponibilit\u00e0":"Esaurito"},"schema":{"@context":"https:\/\/schema.org","@graph":[{"@type":"WebPage","@id":"https:\/\/iberoid.com\/it\/product\/sp-laboratories-enanthate-forte-10ml-500mg-ml\/","url":"https:\/\/iberoid.com\/it\/product\/sp-laboratories-enanthate-forte-10ml-500mg-ml\/","name":"SP ENANTHATE FORTE- - Steroidi in linea","isPartOf":{"@id":"https:\/\/iberoid-shop.com\/#website"},"primaryImageOfPage":{"@id":"https:\/\/iberoid.com\/it\/product\/sp-laboratories-enanthate-forte-10ml-500mg-ml\/#primaryimage"},"image":{"@id":"https:\/\/iberoid.com\/it\/product\/sp-laboratories-enanthate-forte-10ml-500mg-ml\/#primaryimage"},"thumbnailUrl":"https:\/\/iberoid.com\/wp-content\/uploads\/2022\/03\/SP-Laboratories-Enanthate-Forte.png?v=1678119894","datePublished":"2022-03-04T20:27:48+00:00","dateModified":"2022-09-02T00:44:03+00:00","breadcrumb":{"@id":"https:\/\/iberoid.com\/it\/product\/sp-laboratories-enanthate-forte-10ml-500mg-ml\/#breadcrumb"},"inLanguage":"it-IT","potentialAction":[{"@type":"ReadAction","target":[["https:\/\/iberoid.com\/it\/product\/sp-laboratories-enanthate-forte-10ml-500mg-ml\/"]]}]},{"@type":"ImageObject","inLanguage":"it-IT","@id":"https:\/\/iberoid.com\/it\/product\/sp-laboratories-enanthate-forte-10ml-500mg-ml\/#primaryimage","url":"https:\/\/iberoid.com\/wp-content\/uploads\/2022\/03\/SP-Laboratories-Enanthate-Forte.png?v=1678119894","contentUrl":"https:\/\/iberoid.com\/wp-content\/uploads\/2022\/03\/SP-Laboratories-Enanthate-Forte.png?v=1678119894","width":360,"height":400},{"@type":"BreadcrumbList","@id":"https:\/\/iberoid.com\/it\/product\/sp-laboratories-enanthate-forte-10ml-500mg-ml\/#breadcrumb","itemListElement":[{"@type":"ListItem","position":1,"name":"Portada","item":"https:\/\/iberoid.com\/it\/"},{"@type":"ListItem","position":2,"name":"Negozio","item":"https:\/\/iberoid.com\/it\/shop\/"},{"@type":"ListItem","position":3,"name":"SP ENANTHATE FORTE-"}]},{"@type":"WebSite","@id":"https:\/\/iberoid-shop.com\/#website","url":"https:\/\/iberoid-shop.com\/","name":"Steroidi in linea","description":"Acquista steroidi online oggi in Spagna e Portogallo. Abbiamo il miglior servizio clienti del settore e prodotti di altissima qualit\u00e0","potentialAction":[{"@type":"SearchAction","target":{"@type":"EntryPoint","urlTemplate":"https:\/\/iberoid-shop.com\/?s={search_term_string}"},"query-input":{"@type":"PropertyValueSpecification","valueRequired":true,"valueName":"search_term_string"}}],"inLanguage":"it-IT"}]},"product_brand":"SP Laboratories","product_price_amount":"55.00","product_price_currency":"EUR","og_availability":"out of stock","product_availability":"out of stock","product_condition":"new"},"_links":{"self":[{"href":"https:\/\/iberoid.com\/it\/wp-json\/wp\/v2\/product\/7385","targetHints":{"allow":["GET"]}}],"collection":[{"href":"https:\/\/iberoid.com\/it\/wp-json\/wp\/v2\/product"}],"about":[{"href":"https:\/\/iberoid.com\/it\/wp-json\/wp\/v2\/types\/product"}],"replies":[{"embeddable":true,"href":"https:\/\/iberoid.com\/it\/wp-json\/wp\/v2\/comments?post=7385"}],"wp:featuredmedia":[{"embeddable":true,"href":"https:\/\/iberoid.com\/it\/wp-json\/wp\/v2\/media\/7646"}],"wp:attachment":[{"href":"https:\/\/iberoid.com\/it\/wp-json\/wp\/v2\/media?parent=7385"}],"wp:term":[{"taxonomy":"product_brand","embeddable":true,"href":"https:\/\/iberoid.com\/it\/wp-json\/wp\/v2\/product_brand?post=7385"},{"taxonomy":"product_cat","embeddable":true,"href":"https:\/\/iberoid.com\/it\/wp-json\/wp\/v2\/product_cat?post=7385"},{"taxonomy":"product_tag","embeddable":true,"href":"https:\/\/iberoid.com\/it\/wp-json\/wp\/v2\/product_tag?post=7385"}],"curies":[{"name":"wp","href":"https:\/\/api.w.org\/{rel}","templated":true}]}}