{"id":7412,"date":"2022-03-12T13:50:20","date_gmt":"2022-03-12T13:50:20","guid":{"rendered":"https:\/\/iberoid.com\/?post_type=product&#038;p=7412"},"modified":"2023-02-13T11:02:38","modified_gmt":"2023-02-13T11:02:38","slug":"ghrp6-pharmagen","status":"publish","type":"product","link":"https:\/\/iberoid.com\/it\/product\/ghrp6-pharmagen\/","title":{"rendered":"GHRP6 -PHARMA GEN"},"content":{"rendered":"<p>GHRP-6 (Growth Hormone Releasing Hexapeptide) \u00e8 un ormone peptidico della classe dell&#8217;ormone della crescita. Lo scopo di GHRP-6 \u00e8 aumentare la quantit\u00e0 di produzione naturale dell&#8217;ormone della crescita nel corpo. L&#8217;aumento dell&#8217;ormone della crescita pu\u00f2 essere benefico per l&#8217;anabolismo, la perdita di grasso, il recupero e il benessere generale, oltre a servire a possibili scopi anti-invecchiamento.<\/p>\n<p>GHRP-6 pu\u00f2 fornire benefici per il miglioramento delle prestazioni, tuttavia mostrer\u00e0 benefici di gran lunga maggiori se utilizzato come parte di un piano anti-et\u00e0 a lungo termine (terapia ormonale sostitutiva (HRT)) o in combinazione con altri farmaci utilizzati per migliorare le prestazioni.<\/p>\n<p><strong>Effetti collaterali<\/strong><br \/>\nGli effetti collaterali di GHRP-6 dovrebbero essere simili se non identici a qualsiasi peptide o ormone correlato all&#8217;ormone della crescita e, nella maggior parte dei casi, dovrebbero essere evitabili o adattabili tranne in rari casi.<\/p>\n<p>Alcuni utenti potrebbero riscontrare lievi irritazioni nell&#8217;area di iniezione (vista dell&#8217;iniezione). Nella maggior parte dei casi, lo spostamento dei siti di iniezione in altre aree del corpo risolver\u00e0 il problema.<\/p>\n<p>Alcuni utenti di prodotti a base di ormone della crescita potrebbero notare una sensazione di formicolio alle mani e\/o ai piedi. Questo \u00e8 pi\u00f9 comunemente associato a dosi elevate e dosi molto elevate di livelli di ormone della crescita nel corpo, ma in alcuni casi pu\u00f2 verificarsi anche con dosaggi da bassi a moderati. La maggior parte degli utenti dovrebbe scoprire che questo svanisce man mano che l&#8217;uso continua, ma in alcuni rari casi potrebbe non essere cos\u00ec.<\/p>\n<p>Gli effetti collaterali di GHRP-6 possono includere un discreto mal di testa in alcuni utenti a causa di un forte calo della glicemia. Gli aggiustamenti della dieta spesso risolveranno il problema, ma \u00e8 importante ricordare che l&#8217;uso a digiuno \u00e8 l&#8217;unico vero uso benefico. Gli effetti collaterali di GHRP-6 possono includere ginecomastia in casi molto rari a causa del peptide che potrebbe aumentare i livelli di prolattina.<\/p>\n<p><strong>Amministrazione<\/strong><br \/>\nGHRP-6 si presenta sotto forma di polvere secca e richiede la miscelazione con acqua batteriostatica. GHRP-6 deve essere conservato in frigorifero dopo essere stato miscelato. GHRP-6 perder\u00e0 potenza in meno di quattro settimane dopo essere stato miscelato.<\/p>\n<p>Le iniezioni di GHRP-6 possono essere somministrate per via intramuscolare (nel muscolo) o per via sottocutanea (sotto la pelle).<\/p>\n<p>Le dosi devono essere somministrate almeno su base giornaliera con 2-3 dosi molto pi\u00f9 ottimali. Le dosi giornaliere totali possono variare da 50-500 mcg per iniezione a seconda delle esigenze individuali. Se viene utilizzato un altro ormone di rilascio dell&#8217;ormone della crescita (GHRH), come Mod GRF 1-29, la quantit\u00e0 totale di GHRP-6 necessaria sar\u00e0 ridotta con un intervallo di 50-150 mcg per dose ottimale.<\/p>\n<p>GHRP-6 deve essere somministrato quando i livelli di zucchero nel sangue sono bassi. Il cibo non deve essere consumato per 30-60 minuti dopo la somministrazione di GHRP-6.<\/p>","protected":false},"excerpt":{"rendered":"<p>GHRP-6 (Growth Hormone Releasing Hexapeptide) \u00e8 un ormone peptidico della classe dell&#8217;ormone della crescita. Lo scopo di GHRP-6 \u00e8 aumentare<\/p>\n","protected":false},"featured_media":7413,"comment_status":"open","ping_status":"closed","template":"","meta":[],"product_brand":[],"product_cat":[76],"product_tag":[],"class_list":{"0":"post-7412","1":"product","2":"type-product","3":"status-publish","4":"has-post-thumbnail","6":"product_cat-hgh_peptido","8":"first","9":"outofstock","10":"shipping-taxable","11":"purchasable","12":"product-type-simple"},"yoast_head":"<!-- This site is optimized with the Yoast SEO Premium plugin v24.4 (Yoast SEO v27.3) - https:\/\/yoast.com\/product\/yoast-seo-premium-wordpress\/ -->\n<title>GHRP6 -PHARMA GEN - Steroidi in linea<\/title>\n<meta name=\"robots\" content=\"index, follow, max-snippet:-1, max-image-preview:large, max-video-preview:-1\" \/>\n<link rel=\"canonical\" href=\"https:\/\/iberoid.com\/it\/product\/ghrp6-pharmagen\/\" \/>\n<meta property=\"og:locale\" content=\"it_IT\" \/>\n<meta property=\"og:type\" content=\"article\" \/>\n<meta property=\"og:title\" content=\"GHRP6 -PHARMA GEN\" \/>\n<meta property=\"og:description\" content=\"GHRP-6 (Growth Hormone Releasing Hexapeptide) \u00e8 un ormone peptidico della classe dell&#8217;ormone della crescita. Lo scopo di GHRP-6 \u00e8 aumentare\" \/>\n<meta property=\"og:url\" content=\"https:\/\/iberoid.com\/it\/product\/ghrp6-pharmagen\/\" \/>\n<meta property=\"og:site_name\" content=\"Steroidi in linea\" \/>\n<meta property=\"article:modified_time\" content=\"2023-02-13T11:02:38+00:00\" \/>\n<meta property=\"og:image\" content=\"https:\/\/iberoid.com\/wp-content\/uploads\/2022\/03\/GHRP-6-pgen.jpg?v=1678119912\" \/>\n\t<meta property=\"og:image:width\" content=\"2000\" \/>\n\t<meta property=\"og:image:height\" content=\"1334\" \/>\n\t<meta property=\"og:image:type\" content=\"image\/jpeg\" \/>\n<meta name=\"twitter:card\" content=\"summary_large_image\" \/>\n<meta name=\"twitter:label1\" content=\"Prezzo\" \/>\n\t<meta name=\"twitter:data1\" content=\"&euro;30.00\" \/>\n\t<meta name=\"twitter:label2\" content=\"Disponibilit\u00e0\" \/>\n\t<meta name=\"twitter:data2\" content=\"Esaurito\" \/>\n<script type=\"application\/ld+json\" class=\"yoast-schema-graph\">{\"@context\":\"https:\\\/\\\/schema.org\",\"@graph\":[{\"@type\":\"WebPage\",\"@id\":\"https:\\\/\\\/iberoid.com\\\/it\\\/product\\\/ghrp6-pharmagen\\\/\",\"url\":\"https:\\\/\\\/iberoid.com\\\/it\\\/product\\\/ghrp6-pharmagen\\\/\",\"name\":\"GHRP6 -PHARMA GEN - Steroidi in linea\",\"isPartOf\":{\"@id\":\"https:\\\/\\\/iberoid.com\\\/it\\\/#website\"},\"primaryImageOfPage\":{\"@id\":\"https:\\\/\\\/iberoid.com\\\/it\\\/product\\\/ghrp6-pharmagen\\\/#primaryimage\"},\"image\":{\"@id\":\"https:\\\/\\\/iberoid.com\\\/it\\\/product\\\/ghrp6-pharmagen\\\/#primaryimage\"},\"thumbnailUrl\":\"https:\\\/\\\/iberoid.com\\\/wp-content\\\/uploads\\\/2022\\\/03\\\/GHRP-6-pgen.jpg?v=1678119912\",\"datePublished\":\"2022-03-12T13:50:20+00:00\",\"dateModified\":\"2023-02-13T11:02:38+00:00\",\"breadcrumb\":{\"@id\":\"https:\\\/\\\/iberoid.com\\\/it\\\/product\\\/ghrp6-pharmagen\\\/#breadcrumb\"},\"inLanguage\":\"it-IT\",\"potentialAction\":[{\"@type\":\"ReadAction\",\"target\":[[\"https:\\\/\\\/iberoid.com\\\/it\\\/product\\\/ghrp6-pharmagen\\\/\"]]}]},{\"@type\":\"ImageObject\",\"inLanguage\":\"it-IT\",\"@id\":\"https:\\\/\\\/iberoid.com\\\/it\\\/product\\\/ghrp6-pharmagen\\\/#primaryimage\",\"url\":\"https:\\\/\\\/iberoid.com\\\/wp-content\\\/uploads\\\/2022\\\/03\\\/GHRP-6-pgen.jpg?v=1678119912\",\"contentUrl\":\"https:\\\/\\\/iberoid.com\\\/wp-content\\\/uploads\\\/2022\\\/03\\\/GHRP-6-pgen.jpg?v=1678119912\",\"width\":2000,\"height\":1334},{\"@type\":\"BreadcrumbList\",\"@id\":\"https:\\\/\\\/iberoid.com\\\/it\\\/product\\\/ghrp6-pharmagen\\\/#breadcrumb\",\"itemListElement\":[{\"@type\":\"ListItem\",\"position\":1,\"name\":\"Portada\",\"item\":\"https:\\\/\\\/iberoid.com\\\/it\\\/\"},{\"@type\":\"ListItem\",\"position\":2,\"name\":\"Negozio\",\"item\":\"https:\\\/\\\/iberoid.com\\\/it\\\/shop\\\/\"},{\"@type\":\"ListItem\",\"position\":3,\"name\":\"GHRP6 -PHARMA GEN\"}]},{\"@type\":\"WebSite\",\"@id\":\"https:\\\/\\\/iberoid.com\\\/it\\\/#website\",\"url\":\"https:\\\/\\\/iberoid.com\\\/it\\\/\",\"name\":\"Steroidi in linea\",\"description\":\"Acquista steroidi online oggi in Spagna e Portogallo. Abbiamo il miglior servizio clienti del settore e prodotti di altissima qualit\u00e0\",\"potentialAction\":[{\"@type\":\"SearchAction\",\"target\":{\"@type\":\"EntryPoint\",\"urlTemplate\":\"https:\\\/\\\/iberoid.com\\\/it\\\/?s={search_term_string}\"},\"query-input\":{\"@type\":\"PropertyValueSpecification\",\"valueRequired\":true,\"valueName\":\"search_term_string\"}}],\"inLanguage\":\"it-IT\"}]}<\/script>\n<meta property=\"product:brand\" content=\"Pharma Gen\" \/>\n<meta property=\"product:price:amount\" content=\"30.00\" \/>\n<meta property=\"product:price:currency\" content=\"EUR\" \/>\n<meta property=\"og:availability\" content=\"out of stock\" \/>\n<meta property=\"product:availability\" content=\"out of stock\" \/>\n<meta property=\"product:condition\" content=\"new\" \/>\n<!-- \/ Yoast SEO Premium plugin. -->","yoast_head_json":{"title":"GHRP6 -PHARMA GEN - Steroidi in linea","robots":{"index":"index","follow":"follow","max-snippet":"max-snippet:-1","max-image-preview":"max-image-preview:large","max-video-preview":"max-video-preview:-1"},"canonical":"https:\/\/iberoid.com\/it\/product\/ghrp6-pharmagen\/","og_locale":"it_IT","og_type":"article","og_title":"GHRP6 -PHARMA GEN","og_description":"GHRP-6 (Growth Hormone Releasing Hexapeptide) \u00e8 un ormone peptidico della classe dell&#8217;ormone della crescita. Lo scopo di GHRP-6 \u00e8 aumentare","og_url":"https:\/\/iberoid.com\/it\/product\/ghrp6-pharmagen\/","og_site_name":"Steroidi in linea","article_modified_time":"2023-02-13T11:02:38+00:00","og_image":[{"width":2000,"height":1334,"url":"https:\/\/iberoid.com\/wp-content\/uploads\/2022\/03\/GHRP-6-pgen.jpg?v=1678119912","type":"image\/jpeg"}],"twitter_card":"summary_large_image","twitter_misc":{"Prezzo":"&euro;30.00","Disponibilit\u00e0":"Esaurito"},"schema":{"@context":"https:\/\/schema.org","@graph":[{"@type":"WebPage","@id":"https:\/\/iberoid.com\/it\/product\/ghrp6-pharmagen\/","url":"https:\/\/iberoid.com\/it\/product\/ghrp6-pharmagen\/","name":"GHRP6 -PHARMA GEN - Steroidi in linea","isPartOf":{"@id":"https:\/\/iberoid.com\/it\/#website"},"primaryImageOfPage":{"@id":"https:\/\/iberoid.com\/it\/product\/ghrp6-pharmagen\/#primaryimage"},"image":{"@id":"https:\/\/iberoid.com\/it\/product\/ghrp6-pharmagen\/#primaryimage"},"thumbnailUrl":"https:\/\/iberoid.com\/wp-content\/uploads\/2022\/03\/GHRP-6-pgen.jpg?v=1678119912","datePublished":"2022-03-12T13:50:20+00:00","dateModified":"2023-02-13T11:02:38+00:00","breadcrumb":{"@id":"https:\/\/iberoid.com\/it\/product\/ghrp6-pharmagen\/#breadcrumb"},"inLanguage":"it-IT","potentialAction":[{"@type":"ReadAction","target":[["https:\/\/iberoid.com\/it\/product\/ghrp6-pharmagen\/"]]}]},{"@type":"ImageObject","inLanguage":"it-IT","@id":"https:\/\/iberoid.com\/it\/product\/ghrp6-pharmagen\/#primaryimage","url":"https:\/\/iberoid.com\/wp-content\/uploads\/2022\/03\/GHRP-6-pgen.jpg?v=1678119912","contentUrl":"https:\/\/iberoid.com\/wp-content\/uploads\/2022\/03\/GHRP-6-pgen.jpg?v=1678119912","width":2000,"height":1334},{"@type":"BreadcrumbList","@id":"https:\/\/iberoid.com\/it\/product\/ghrp6-pharmagen\/#breadcrumb","itemListElement":[{"@type":"ListItem","position":1,"name":"Portada","item":"https:\/\/iberoid.com\/it\/"},{"@type":"ListItem","position":2,"name":"Negozio","item":"https:\/\/iberoid.com\/it\/shop\/"},{"@type":"ListItem","position":3,"name":"GHRP6 -PHARMA GEN"}]},{"@type":"WebSite","@id":"https:\/\/iberoid.com\/it\/#website","url":"https:\/\/iberoid.com\/it\/","name":"Steroidi in linea","description":"Acquista steroidi online oggi in Spagna e Portogallo. Abbiamo il miglior servizio clienti del settore e prodotti di altissima qualit\u00e0","potentialAction":[{"@type":"SearchAction","target":{"@type":"EntryPoint","urlTemplate":"https:\/\/iberoid.com\/it\/?s={search_term_string}"},"query-input":{"@type":"PropertyValueSpecification","valueRequired":true,"valueName":"search_term_string"}}],"inLanguage":"it-IT"}]},"product_brand":"Pharma Gen","product_price_amount":"30.00","product_price_currency":"EUR","og_availability":"out of stock","product_availability":"out of stock","product_condition":"new"},"_links":{"self":[{"href":"https:\/\/iberoid.com\/it\/wp-json\/wp\/v2\/product\/7412","targetHints":{"allow":["GET"]}}],"collection":[{"href":"https:\/\/iberoid.com\/it\/wp-json\/wp\/v2\/product"}],"about":[{"href":"https:\/\/iberoid.com\/it\/wp-json\/wp\/v2\/types\/product"}],"replies":[{"embeddable":true,"href":"https:\/\/iberoid.com\/it\/wp-json\/wp\/v2\/comments?post=7412"}],"wp:featuredmedia":[{"embeddable":true,"href":"https:\/\/iberoid.com\/it\/wp-json\/wp\/v2\/media\/7413"}],"wp:attachment":[{"href":"https:\/\/iberoid.com\/it\/wp-json\/wp\/v2\/media?parent=7412"}],"wp:term":[{"taxonomy":"product_brand","embeddable":true,"href":"https:\/\/iberoid.com\/it\/wp-json\/wp\/v2\/product_brand?post=7412"},{"taxonomy":"product_cat","embeddable":true,"href":"https:\/\/iberoid.com\/it\/wp-json\/wp\/v2\/product_cat?post=7412"},{"taxonomy":"product_tag","embeddable":true,"href":"https:\/\/iberoid.com\/it\/wp-json\/wp\/v2\/product_tag?post=7412"}],"curies":[{"name":"wp","href":"https:\/\/api.w.org\/{rel}","templated":true}]}}