{"id":7414,"date":"2022-03-12T13:52:56","date_gmt":"2022-03-12T13:52:56","guid":{"rendered":"https:\/\/iberoid.com\/?post_type=product&#038;p=7414"},"modified":"2022-11-23T21:17:08","modified_gmt":"2022-11-23T21:17:08","slug":"igf-1-des-1-mg-pharmagen","status":"publish","type":"product","link":"https:\/\/iberoid.com\/it\/product\/igf-1-des-1-mg-pharmagen\/","title":{"rendered":"IGF 1 DES- 1 MG"},"content":{"rendered":"<p>IGF 1 DES- 1 MG \u00e8 un ormone altamente anabolico che colpisce numerose aree del corpo umano. Condivide anche un&#8217;importante relazione con l&#8217;ormone della crescita umano (HGH) e su base strutturale \u00e8 simile all&#8217;insulina.<\/p>\n<p>\u00c8 stato dimostrato che l&#8217;IGF 1 DES-1 MG aumenta notevolmente il numero di cellule nel muscolo scheletrico, il che a sua volta pu\u00f2 portare a un miglioramento della crescita del tessuto magro. Non solo pu\u00f2 promuovere la crescita muscolare, ma con questa modalit\u00e0 d&#8217;azione pu\u00f2 anche promuovere la crescita delle ossa e, in una certa misura, la crescita dei nostri organi interni.<\/p>\n<p>IGF 1 DES-1 MG \u00e8 anche noto come neuroprotettore e neuropromotore, che potrebbe potenzialmente portare a un miglioramento della funzione mentale.<\/p>\n<p>Effetti collaterali<\/p>\n<p>I dati clinici hanno dimostrato che pi\u00f9 del 40% di tutti coloro che hanno ricevuto la terapia con IGF-1 hanno avuto un&#8217;ipoglicemia a un livello o all&#8217;altro. Per fortuna, evitare uno stato ipoglicemico quando si utilizza IGF-1 \u00e8 facile. Prima di somministrare il tuo IGF-1 dovresti consumare ogni volta zuccheri semplici insieme a una quantit\u00e0 adeguata di cibo, in particolare proteine \u200b\u200b\u200b\u200be una miscela di carboidrati semplici e complessi. Ci\u00f2 dovrebbe verificarsi circa 15-20 minuti prima di somministrare l&#8217;IGF-1. Una volta iniettato, se i sintomi di ipoglicemia iniziano a manifestarsi, consumare immediatamente pi\u00f9 zuccheri semplici e continuare a consumarli fino alla scomparsa dei sintomi.<\/p>\n<p>Se i sintomi dell&#8217;ipoglicemia iniziano a manifestarsi immediatamente, consumare carboidrati ad azione rapida come barrette di cioccolato o qualsiasi tipo di cibo pieno di zucchero o una bevanda o succo di carboidrati; il succo d&#8217;uva \u00e8 una scelta fantastica. Se ignorato, questo pu\u00f2 e in molti casi porter\u00e0 a una grave ipoglicemia, che ha il potenziale per essere fatale. L&#8217;ipoglicemia grave in piena regola pu\u00f2 portare a grave disorientamento, convulsioni e perdita di coscienza, ma come discusso non c&#8217;\u00e8 motivo per cui ci\u00f2 si verifichi se l&#8217;IGF-1 viene utilizzato correttamente.<\/p>\n<p>Alcuni utenti di IGF-1 possono provare dolore o disagio articolare nonostante in genere abbiano un impatto positivo sulle articolazioni. Alcuni rapporti hanno indicato la crescita delle tonsille, che pu\u00f2 portare l&#8217;individuo a diventare un russatore estremo. In alcuni pazienti \u00e8 stata anche notata una pronunciata crescita degli organi, in particolare i reni e la milza.<\/p>\n<p>L&#8217;IGF-1 pu\u00f2 aumentare i livelli di colesterolo; tuttavia, questo \u00e8 molto gestibile con una dieta sana. La dieta dell&#8217;individuo dovrebbe essere ricca di acidi grassi omega. Si consiglia l&#8217;integrazione quotidiana di olio di pesce. Si consiglia inoltre di incorporare molta attivit\u00e0 cardiovascolare nella routine quotidiana. Alcuni potrebbero anche trovare utile un integratore antiossidante per il colesterolo.<\/p>\n<p>L&#8217;IGF-1 pu\u00f2 anche ispessire i tessuti molli del viso. Alte dosi dell&#8217;ormone sono state collegate alla crescita della struttura facciale, specialmente nella mascella e nella fronte con possibile crescita nelle mani, piedi e gomiti.<\/p>","protected":false},"excerpt":{"rendered":"<p>IGF 1 DES- 1 MG \u00e8 un ormone altamente anabolico che colpisce numerose aree del corpo umano. Condivide anche un&#8217;importante<\/p>\n","protected":false},"featured_media":7415,"comment_status":"open","ping_status":"closed","template":"","meta":[],"product_brand":[],"product_cat":[69],"product_tag":[],"class_list":{"0":"post-7414","1":"product","2":"type-product","3":"status-publish","4":"has-post-thumbnail","6":"product_cat-esteroides_inyectables","8":"first","9":"outofstock","10":"sale","11":"shipping-taxable","12":"purchasable","13":"product-type-simple"},"yoast_head":"<!-- This site is optimized with the Yoast SEO Premium plugin v24.4 (Yoast SEO v27.0) - https:\/\/yoast.com\/product\/yoast-seo-premium-wordpress\/ -->\n<title>IGF 1 DES- 1 MG - Steroidi in linea<\/title>\n<meta name=\"robots\" content=\"index, follow, max-snippet:-1, max-image-preview:large, max-video-preview:-1\" \/>\n<link rel=\"canonical\" href=\"https:\/\/iberoid.com\/it\/product\/igf-1-des-1-mg-pharmagen\/\" \/>\n<meta property=\"og:locale\" content=\"it_IT\" \/>\n<meta property=\"og:type\" content=\"article\" \/>\n<meta property=\"og:title\" content=\"IGF 1 DES- 1 MG\" \/>\n<meta property=\"og:description\" content=\"IGF 1 DES- 1 MG \u00e8 un ormone altamente anabolico che colpisce numerose aree del corpo umano. Condivide anche un&#8217;importante\" \/>\n<meta property=\"og:url\" content=\"https:\/\/iberoid.com\/it\/product\/igf-1-des-1-mg-pharmagen\/\" \/>\n<meta property=\"og:site_name\" content=\"Steroidi in linea\" \/>\n<meta property=\"article:modified_time\" content=\"2022-11-23T21:17:08+00:00\" \/>\n<meta property=\"og:image\" content=\"https:\/\/iberoid.com\/wp-content\/uploads\/2022\/03\/IGF-1-DES.jpg?v=1678119911\" \/>\n\t<meta property=\"og:image:width\" content=\"2000\" \/>\n\t<meta property=\"og:image:height\" content=\"1334\" \/>\n\t<meta property=\"og:image:type\" content=\"image\/jpeg\" \/>\n<meta name=\"twitter:card\" content=\"summary_large_image\" \/>\n<meta name=\"twitter:label1\" content=\"Prezzo\" \/>\n\t<meta name=\"twitter:data1\" content=\"&euro;30.00\" \/>\n\t<meta name=\"twitter:label2\" content=\"Disponibilit\u00e0\" \/>\n\t<meta name=\"twitter:data2\" content=\"Esaurito\" \/>\n<script type=\"application\/ld+json\" class=\"yoast-schema-graph\">{\"@context\":\"https:\/\/schema.org\",\"@graph\":[{\"@type\":\"WebPage\",\"@id\":\"https:\/\/iberoid.com\/it\/product\/igf-1-des-1-mg-pharmagen\/\",\"url\":\"https:\/\/iberoid.com\/it\/product\/igf-1-des-1-mg-pharmagen\/\",\"name\":\"IGF 1 DES- 1 MG - Steroidi in linea\",\"isPartOf\":{\"@id\":\"https:\/\/iberoid.com\/it\/#website\"},\"primaryImageOfPage\":{\"@id\":\"https:\/\/iberoid.com\/it\/product\/igf-1-des-1-mg-pharmagen\/#primaryimage\"},\"image\":{\"@id\":\"https:\/\/iberoid.com\/it\/product\/igf-1-des-1-mg-pharmagen\/#primaryimage\"},\"thumbnailUrl\":\"https:\/\/iberoid.com\/wp-content\/uploads\/2022\/03\/IGF-1-DES.jpg?v=1678119911\",\"datePublished\":\"2022-03-12T13:52:56+00:00\",\"dateModified\":\"2022-11-23T21:17:08+00:00\",\"breadcrumb\":{\"@id\":\"https:\/\/iberoid.com\/it\/product\/igf-1-des-1-mg-pharmagen\/#breadcrumb\"},\"inLanguage\":\"it-IT\",\"potentialAction\":[{\"@type\":\"ReadAction\",\"target\":[[\"https:\/\/iberoid.com\/it\/product\/igf-1-des-1-mg-pharmagen\/\"]]}]},{\"@type\":\"ImageObject\",\"inLanguage\":\"it-IT\",\"@id\":\"https:\/\/iberoid.com\/it\/product\/igf-1-des-1-mg-pharmagen\/#primaryimage\",\"url\":\"https:\/\/iberoid.com\/wp-content\/uploads\/2022\/03\/IGF-1-DES.jpg?v=1678119911\",\"contentUrl\":\"https:\/\/iberoid.com\/wp-content\/uploads\/2022\/03\/IGF-1-DES.jpg?v=1678119911\",\"width\":2000,\"height\":1334},{\"@type\":\"BreadcrumbList\",\"@id\":\"https:\/\/iberoid.com\/it\/product\/igf-1-des-1-mg-pharmagen\/#breadcrumb\",\"itemListElement\":[{\"@type\":\"ListItem\",\"position\":1,\"name\":\"Portada\",\"item\":\"https:\/\/iberoid.com\/it\/\"},{\"@type\":\"ListItem\",\"position\":2,\"name\":\"Negozio\",\"item\":\"https:\/\/iberoid.com\/it\/shop\/\"},{\"@type\":\"ListItem\",\"position\":3,\"name\":\"IGF 1 DES- 1 MG\"}]},{\"@type\":\"WebSite\",\"@id\":\"https:\/\/iberoid.com\/it\/#website\",\"url\":\"https:\/\/iberoid.com\/it\/\",\"name\":\"Steroidi in linea\",\"description\":\"Acquista steroidi online oggi in Spagna e Portogallo. Abbiamo il miglior servizio clienti del settore e prodotti di altissima qualit\u00e0\",\"potentialAction\":[{\"@type\":\"SearchAction\",\"target\":{\"@type\":\"EntryPoint\",\"urlTemplate\":\"https:\/\/iberoid.com\/it\/?s={search_term_string}\"},\"query-input\":{\"@type\":\"PropertyValueSpecification\",\"valueRequired\":true,\"valueName\":\"search_term_string\"}}],\"inLanguage\":\"it-IT\"}]}<\/script>\n<meta property=\"product:brand\" content=\"Pharma Gen\" \/>\n<meta property=\"product:price:amount\" content=\"30.00\" \/>\n<meta property=\"product:price:currency\" content=\"EUR\" \/>\n<meta property=\"og:availability\" content=\"out of stock\" \/>\n<meta property=\"product:availability\" content=\"out of stock\" \/>\n<meta property=\"product:condition\" content=\"new\" \/>\n<!-- \/ Yoast SEO Premium plugin. -->","yoast_head_json":{"title":"IGF 1 DES- 1 MG - Steroidi in linea","robots":{"index":"index","follow":"follow","max-snippet":"max-snippet:-1","max-image-preview":"max-image-preview:large","max-video-preview":"max-video-preview:-1"},"canonical":"https:\/\/iberoid.com\/it\/product\/igf-1-des-1-mg-pharmagen\/","og_locale":"it_IT","og_type":"article","og_title":"IGF 1 DES- 1 MG","og_description":"IGF 1 DES- 1 MG \u00e8 un ormone altamente anabolico che colpisce numerose aree del corpo umano. Condivide anche un&#8217;importante","og_url":"https:\/\/iberoid.com\/it\/product\/igf-1-des-1-mg-pharmagen\/","og_site_name":"Steroidi in linea","article_modified_time":"2022-11-23T21:17:08+00:00","og_image":[{"width":2000,"height":1334,"url":"https:\/\/iberoid.com\/wp-content\/uploads\/2022\/03\/IGF-1-DES.jpg?v=1678119911","type":"image\/jpeg"}],"twitter_card":"summary_large_image","twitter_misc":{"Prezzo":"&euro;30.00","Disponibilit\u00e0":"Esaurito"},"schema":{"@context":"https:\/\/schema.org","@graph":[{"@type":"WebPage","@id":"https:\/\/iberoid.com\/it\/product\/igf-1-des-1-mg-pharmagen\/","url":"https:\/\/iberoid.com\/it\/product\/igf-1-des-1-mg-pharmagen\/","name":"IGF 1 DES- 1 MG - Steroidi in linea","isPartOf":{"@id":"https:\/\/iberoid.com\/it\/#website"},"primaryImageOfPage":{"@id":"https:\/\/iberoid.com\/it\/product\/igf-1-des-1-mg-pharmagen\/#primaryimage"},"image":{"@id":"https:\/\/iberoid.com\/it\/product\/igf-1-des-1-mg-pharmagen\/#primaryimage"},"thumbnailUrl":"https:\/\/iberoid.com\/wp-content\/uploads\/2022\/03\/IGF-1-DES.jpg?v=1678119911","datePublished":"2022-03-12T13:52:56+00:00","dateModified":"2022-11-23T21:17:08+00:00","breadcrumb":{"@id":"https:\/\/iberoid.com\/it\/product\/igf-1-des-1-mg-pharmagen\/#breadcrumb"},"inLanguage":"it-IT","potentialAction":[{"@type":"ReadAction","target":[["https:\/\/iberoid.com\/it\/product\/igf-1-des-1-mg-pharmagen\/"]]}]},{"@type":"ImageObject","inLanguage":"it-IT","@id":"https:\/\/iberoid.com\/it\/product\/igf-1-des-1-mg-pharmagen\/#primaryimage","url":"https:\/\/iberoid.com\/wp-content\/uploads\/2022\/03\/IGF-1-DES.jpg?v=1678119911","contentUrl":"https:\/\/iberoid.com\/wp-content\/uploads\/2022\/03\/IGF-1-DES.jpg?v=1678119911","width":2000,"height":1334},{"@type":"BreadcrumbList","@id":"https:\/\/iberoid.com\/it\/product\/igf-1-des-1-mg-pharmagen\/#breadcrumb","itemListElement":[{"@type":"ListItem","position":1,"name":"Portada","item":"https:\/\/iberoid.com\/it\/"},{"@type":"ListItem","position":2,"name":"Negozio","item":"https:\/\/iberoid.com\/it\/shop\/"},{"@type":"ListItem","position":3,"name":"IGF 1 DES- 1 MG"}]},{"@type":"WebSite","@id":"https:\/\/iberoid.com\/it\/#website","url":"https:\/\/iberoid.com\/it\/","name":"Steroidi in linea","description":"Acquista steroidi online oggi in Spagna e Portogallo. Abbiamo il miglior servizio clienti del settore e prodotti di altissima qualit\u00e0","potentialAction":[{"@type":"SearchAction","target":{"@type":"EntryPoint","urlTemplate":"https:\/\/iberoid.com\/it\/?s={search_term_string}"},"query-input":{"@type":"PropertyValueSpecification","valueRequired":true,"valueName":"search_term_string"}}],"inLanguage":"it-IT"}]},"product_brand":"Pharma Gen","product_price_amount":"30.00","product_price_currency":"EUR","og_availability":"out of stock","product_availability":"out of stock","product_condition":"new"},"_links":{"self":[{"href":"https:\/\/iberoid.com\/it\/wp-json\/wp\/v2\/product\/7414","targetHints":{"allow":["GET"]}}],"collection":[{"href":"https:\/\/iberoid.com\/it\/wp-json\/wp\/v2\/product"}],"about":[{"href":"https:\/\/iberoid.com\/it\/wp-json\/wp\/v2\/types\/product"}],"replies":[{"embeddable":true,"href":"https:\/\/iberoid.com\/it\/wp-json\/wp\/v2\/comments?post=7414"}],"wp:featuredmedia":[{"embeddable":true,"href":"https:\/\/iberoid.com\/it\/wp-json\/wp\/v2\/media\/7415"}],"wp:attachment":[{"href":"https:\/\/iberoid.com\/it\/wp-json\/wp\/v2\/media?parent=7414"}],"wp:term":[{"taxonomy":"product_brand","embeddable":true,"href":"https:\/\/iberoid.com\/it\/wp-json\/wp\/v2\/product_brand?post=7414"},{"taxonomy":"product_cat","embeddable":true,"href":"https:\/\/iberoid.com\/it\/wp-json\/wp\/v2\/product_cat?post=7414"},{"taxonomy":"product_tag","embeddable":true,"href":"https:\/\/iberoid.com\/it\/wp-json\/wp\/v2\/product_tag?post=7414"}],"curies":[{"name":"wp","href":"https:\/\/api.w.org\/{rel}","templated":true}]}}