{"id":7416,"date":"2022-03-12T13:55:01","date_gmt":"2022-03-12T13:55:01","guid":{"rendered":"https:\/\/iberoid.com\/?post_type=product&#038;p=7416"},"modified":"2023-02-02T16:30:53","modified_gmt":"2023-02-02T16:30:53","slug":"7416","status":"publish","type":"product","link":"https:\/\/iberoid.com\/it\/product\/7416\/","title":{"rendered":"IGF-1 LR3"},"content":{"rendered":"<p>L&#8217;IGF-1 \u00e8 un peptide biologicamente attivo prodotto principalmente nel fegato e nei muscoli; \u00e8 un importante mediatore dell&#8217;ormone della crescita. Ha un effetto anabolico e scatena l&#8217;iperplasia muscolare. La molecola IGF-1 \u00e8 composta da 70 aminoacidi e ha una breve emivita nell&#8217;organismo (circa 10-20 minuti); ecco perch\u00e9 ha un breve periodo di azione.<\/p>\n<p>Poich\u00e9 l&#8217;IGF-1 ha un&#8217;emivita breve, la sua molecola \u00e8 stata modificata ed \u00e8 stata ricevuta una forma ad azione prolungata (IGF-1 LR3), con un&#8217;emivita di 20-30 ore e pi\u00f9 di due volte l&#8217;attivit\u00e0. IGF-1 LR3 inibisce pi\u00f9 efficacemente l&#8217;assorbimento cellulare del glucosio, inducendo cos\u00ec il corpo a bruciare i grassi per produrre energia.<\/p>\n<p>IGF-1 LR3 \u00e8 l&#8217;ideale per chi vuole aumentare la massa muscolare magra. Questo peptide agisce in modo incredibilmente rapido, quindi vedrai immediatamente i risultati.<\/p>\n<p>IGF-1 LR3 ha un alto indice anabolico. L&#8217;effetto principale \u00e8 espresso nell&#8217;iperplasia muscolare (aumento delle fibre muscolari). Come hanno dimostrato gli studi, l&#8217;iperplasia si manifesta anche negli atleti pi\u00f9 anziani.<\/p>\n<p>L&#8217;effetto del farmaco sul corpo umano \u00e8 simile a quello dell&#8217;ormone della crescita; 100 microgrammi di IGF-1 LR3 equivalgono a 16,25-25 UI dell&#8217;ormone della crescita.<\/p>\n<p>Gli effetti principali dell&#8217;utilizzo di IGF-1 LR3 sono i seguenti:<\/p>\n<p>Stimola l&#8217;iperplasia delle fibre muscolari;<br \/>\nRiduce i depositi di grasso;<br \/>\nAumenta le riserve di energia del corpo;<br \/>\nMigliora il trasporto di glucosio e aminoacidi.<br \/>\nIGF-1 LR3 supera l&#8217;azione dell&#8217;ormone della crescita artificiale nelle propriet\u00e0 brucia grassi.<\/p>","protected":false},"excerpt":{"rendered":"<p>L&#8217;IGF-1 \u00e8 un peptide biologicamente attivo prodotto principalmente nel fegato e nei muscoli; \u00e8 un importante mediatore dell&#8217;ormone della crescita.<\/p>\n","protected":false},"featured_media":7417,"comment_status":"open","ping_status":"closed","template":"","meta":[],"product_brand":[],"product_cat":[76],"product_tag":[],"class_list":{"0":"post-7416","1":"product","2":"type-product","3":"status-publish","4":"has-post-thumbnail","6":"product_cat-hgh_peptido","8":"first","9":"outofstock","10":"shipping-taxable","11":"purchasable","12":"product-type-simple"},"yoast_head":"<!-- This site is optimized with the Yoast SEO Premium plugin v24.4 (Yoast SEO v27.0) - https:\/\/yoast.com\/product\/yoast-seo-premium-wordpress\/ -->\n<title>IGF-1 LR3 - Steroidi in linea<\/title>\n<meta name=\"robots\" content=\"index, follow, max-snippet:-1, max-image-preview:large, max-video-preview:-1\" \/>\n<link rel=\"canonical\" href=\"https:\/\/iberoid.com\/it\/product\/7416\/\" \/>\n<meta property=\"og:locale\" content=\"it_IT\" \/>\n<meta property=\"og:type\" content=\"article\" \/>\n<meta property=\"og:title\" content=\"IGF-1 LR3\" \/>\n<meta property=\"og:description\" content=\"L&#8217;IGF-1 \u00e8 un peptide biologicamente attivo prodotto principalmente nel fegato e nei muscoli; \u00e8 un importante mediatore dell&#8217;ormone della crescita.\" \/>\n<meta property=\"og:url\" content=\"https:\/\/iberoid.com\/it\/product\/7416\/\" \/>\n<meta property=\"og:site_name\" content=\"Steroidi in linea\" \/>\n<meta property=\"article:modified_time\" content=\"2023-02-02T16:30:53+00:00\" \/>\n<meta property=\"og:image\" content=\"https:\/\/iberoid.com\/wp-content\/uploads\/2022\/03\/IGF-1-LR3.jpg?v=1678119910\" \/>\n\t<meta property=\"og:image:width\" content=\"2000\" \/>\n\t<meta property=\"og:image:height\" content=\"1334\" \/>\n\t<meta property=\"og:image:type\" content=\"image\/jpeg\" \/>\n<meta name=\"twitter:card\" content=\"summary_large_image\" \/>\n<meta name=\"twitter:label1\" content=\"Prezzo\" \/>\n\t<meta name=\"twitter:data1\" content=\"&euro;50.00\" \/>\n\t<meta name=\"twitter:label2\" content=\"Disponibilit\u00e0\" \/>\n\t<meta name=\"twitter:data2\" content=\"Esaurito\" \/>\n<script type=\"application\/ld+json\" class=\"yoast-schema-graph\">{\"@context\":\"https:\/\/schema.org\",\"@graph\":[{\"@type\":\"WebPage\",\"@id\":\"https:\/\/iberoid.com\/it\/product\/7416\/\",\"url\":\"https:\/\/iberoid.com\/it\/product\/7416\/\",\"name\":\"IGF-1 LR3 - Steroidi in linea\",\"isPartOf\":{\"@id\":\"https:\/\/iberoid-shop.com\/#website\"},\"primaryImageOfPage\":{\"@id\":\"https:\/\/iberoid.com\/it\/product\/7416\/#primaryimage\"},\"image\":{\"@id\":\"https:\/\/iberoid.com\/it\/product\/7416\/#primaryimage\"},\"thumbnailUrl\":\"https:\/\/iberoid.com\/wp-content\/uploads\/2022\/03\/IGF-1-LR3.jpg?v=1678119910\",\"datePublished\":\"2022-03-12T13:55:01+00:00\",\"dateModified\":\"2023-02-02T16:30:53+00:00\",\"breadcrumb\":{\"@id\":\"https:\/\/iberoid.com\/it\/product\/7416\/#breadcrumb\"},\"inLanguage\":\"it-IT\",\"potentialAction\":[{\"@type\":\"ReadAction\",\"target\":[[\"https:\/\/iberoid.com\/it\/product\/7416\/\"]]}]},{\"@type\":\"ImageObject\",\"inLanguage\":\"it-IT\",\"@id\":\"https:\/\/iberoid.com\/it\/product\/7416\/#primaryimage\",\"url\":\"https:\/\/iberoid.com\/wp-content\/uploads\/2022\/03\/IGF-1-LR3.jpg?v=1678119910\",\"contentUrl\":\"https:\/\/iberoid.com\/wp-content\/uploads\/2022\/03\/IGF-1-LR3.jpg?v=1678119910\",\"width\":2000,\"height\":1334},{\"@type\":\"BreadcrumbList\",\"@id\":\"https:\/\/iberoid.com\/it\/product\/7416\/#breadcrumb\",\"itemListElement\":[{\"@type\":\"ListItem\",\"position\":1,\"name\":\"Portada\",\"item\":\"https:\/\/iberoid.com\/it\/\"},{\"@type\":\"ListItem\",\"position\":2,\"name\":\"Negozio\",\"item\":\"https:\/\/iberoid.com\/it\/shop\/\"},{\"@type\":\"ListItem\",\"position\":3,\"name\":\"IGF-1 LR3\"}]},{\"@type\":\"WebSite\",\"@id\":\"https:\/\/iberoid-shop.com\/#website\",\"url\":\"https:\/\/iberoid-shop.com\/\",\"name\":\"Steroidi in linea\",\"description\":\"Acquista steroidi online oggi in Spagna e Portogallo. Abbiamo il miglior servizio clienti del settore e prodotti di altissima qualit\u00e0\",\"potentialAction\":[{\"@type\":\"SearchAction\",\"target\":{\"@type\":\"EntryPoint\",\"urlTemplate\":\"https:\/\/iberoid-shop.com\/?s={search_term_string}\"},\"query-input\":{\"@type\":\"PropertyValueSpecification\",\"valueRequired\":true,\"valueName\":\"search_term_string\"}}],\"inLanguage\":\"it-IT\"}]}<\/script>\n<meta property=\"product:brand\" content=\"Pharma Gen\" \/>\n<meta property=\"product:price:amount\" content=\"50.00\" \/>\n<meta property=\"product:price:currency\" content=\"EUR\" \/>\n<meta property=\"og:availability\" content=\"out of stock\" \/>\n<meta property=\"product:availability\" content=\"out of stock\" \/>\n<meta property=\"product:condition\" content=\"new\" \/>\n<!-- \/ Yoast SEO Premium plugin. -->","yoast_head_json":{"title":"IGF-1 LR3 - Steroidi in linea","robots":{"index":"index","follow":"follow","max-snippet":"max-snippet:-1","max-image-preview":"max-image-preview:large","max-video-preview":"max-video-preview:-1"},"canonical":"https:\/\/iberoid.com\/it\/product\/7416\/","og_locale":"it_IT","og_type":"article","og_title":"IGF-1 LR3","og_description":"L&#8217;IGF-1 \u00e8 un peptide biologicamente attivo prodotto principalmente nel fegato e nei muscoli; \u00e8 un importante mediatore dell&#8217;ormone della crescita.","og_url":"https:\/\/iberoid.com\/it\/product\/7416\/","og_site_name":"Steroidi in linea","article_modified_time":"2023-02-02T16:30:53+00:00","og_image":[{"width":2000,"height":1334,"url":"https:\/\/iberoid.com\/wp-content\/uploads\/2022\/03\/IGF-1-LR3.jpg?v=1678119910","type":"image\/jpeg"}],"twitter_card":"summary_large_image","twitter_misc":{"Prezzo":"&euro;50.00","Disponibilit\u00e0":"Esaurito"},"schema":{"@context":"https:\/\/schema.org","@graph":[{"@type":"WebPage","@id":"https:\/\/iberoid.com\/it\/product\/7416\/","url":"https:\/\/iberoid.com\/it\/product\/7416\/","name":"IGF-1 LR3 - Steroidi in linea","isPartOf":{"@id":"https:\/\/iberoid-shop.com\/#website"},"primaryImageOfPage":{"@id":"https:\/\/iberoid.com\/it\/product\/7416\/#primaryimage"},"image":{"@id":"https:\/\/iberoid.com\/it\/product\/7416\/#primaryimage"},"thumbnailUrl":"https:\/\/iberoid.com\/wp-content\/uploads\/2022\/03\/IGF-1-LR3.jpg?v=1678119910","datePublished":"2022-03-12T13:55:01+00:00","dateModified":"2023-02-02T16:30:53+00:00","breadcrumb":{"@id":"https:\/\/iberoid.com\/it\/product\/7416\/#breadcrumb"},"inLanguage":"it-IT","potentialAction":[{"@type":"ReadAction","target":[["https:\/\/iberoid.com\/it\/product\/7416\/"]]}]},{"@type":"ImageObject","inLanguage":"it-IT","@id":"https:\/\/iberoid.com\/it\/product\/7416\/#primaryimage","url":"https:\/\/iberoid.com\/wp-content\/uploads\/2022\/03\/IGF-1-LR3.jpg?v=1678119910","contentUrl":"https:\/\/iberoid.com\/wp-content\/uploads\/2022\/03\/IGF-1-LR3.jpg?v=1678119910","width":2000,"height":1334},{"@type":"BreadcrumbList","@id":"https:\/\/iberoid.com\/it\/product\/7416\/#breadcrumb","itemListElement":[{"@type":"ListItem","position":1,"name":"Portada","item":"https:\/\/iberoid.com\/it\/"},{"@type":"ListItem","position":2,"name":"Negozio","item":"https:\/\/iberoid.com\/it\/shop\/"},{"@type":"ListItem","position":3,"name":"IGF-1 LR3"}]},{"@type":"WebSite","@id":"https:\/\/iberoid-shop.com\/#website","url":"https:\/\/iberoid-shop.com\/","name":"Steroidi in linea","description":"Acquista steroidi online oggi in Spagna e Portogallo. Abbiamo il miglior servizio clienti del settore e prodotti di altissima qualit\u00e0","potentialAction":[{"@type":"SearchAction","target":{"@type":"EntryPoint","urlTemplate":"https:\/\/iberoid-shop.com\/?s={search_term_string}"},"query-input":{"@type":"PropertyValueSpecification","valueRequired":true,"valueName":"search_term_string"}}],"inLanguage":"it-IT"}]},"product_brand":"Pharma Gen","product_price_amount":"50.00","product_price_currency":"EUR","og_availability":"out of stock","product_availability":"out of stock","product_condition":"new"},"_links":{"self":[{"href":"https:\/\/iberoid.com\/it\/wp-json\/wp\/v2\/product\/7416","targetHints":{"allow":["GET"]}}],"collection":[{"href":"https:\/\/iberoid.com\/it\/wp-json\/wp\/v2\/product"}],"about":[{"href":"https:\/\/iberoid.com\/it\/wp-json\/wp\/v2\/types\/product"}],"replies":[{"embeddable":true,"href":"https:\/\/iberoid.com\/it\/wp-json\/wp\/v2\/comments?post=7416"}],"wp:featuredmedia":[{"embeddable":true,"href":"https:\/\/iberoid.com\/it\/wp-json\/wp\/v2\/media\/7417"}],"wp:attachment":[{"href":"https:\/\/iberoid.com\/it\/wp-json\/wp\/v2\/media?parent=7416"}],"wp:term":[{"taxonomy":"product_brand","embeddable":true,"href":"https:\/\/iberoid.com\/it\/wp-json\/wp\/v2\/product_brand?post=7416"},{"taxonomy":"product_cat","embeddable":true,"href":"https:\/\/iberoid.com\/it\/wp-json\/wp\/v2\/product_cat?post=7416"},{"taxonomy":"product_tag","embeddable":true,"href":"https:\/\/iberoid.com\/it\/wp-json\/wp\/v2\/product_tag?post=7416"}],"curies":[{"name":"wp","href":"https:\/\/api.w.org\/{rel}","templated":true}]}}