{"id":7419,"date":"2022-03-12T14:08:39","date_gmt":"2022-03-12T14:08:39","guid":{"rendered":"https:\/\/iberoid.com\/?post_type=product&#038;p=7419"},"modified":"2024-04-16T18:46:21","modified_gmt":"2024-04-16T18:46:21","slug":"pack3-cajas-testosterone-enanthate-250mg-pharmagen","status":"publish","type":"product","link":"https:\/\/iberoid.com\/it\/product\/pack3-cajas-testosterone-enanthate-250mg-pharmagen\/","title":{"rendered":"PACK3 CAJAS Testosterone Enanthate &#8211; 250mg\/30 ampollas"},"content":{"rendered":"<p>Acquista Testosterone Enanthate &#8211; Considerato il pi\u00f9 antico di tutti i prodotti che producono testosterone. Anche questo prodotto \u00e8 uno dei primi ad avere una lunga catena di estere legata ad esso. Inoltre \u00e8 usato molto comunemente per il trattamento dei bassi livelli di testosterone.<\/p>\n<p>Effetti:<\/p>\n<p>Gli effetti del testosterone enantato dipendono da ogni persona. Se usato da qualcuno con bassi livelli di testosterone, questo prodotto va bene. Anche la funzione principale del prodotto \u00e8 aumentare il livello di testosterone. Propriet\u00e0 di miglioramento delle prestazioni utilizzate dagli atleti.<\/p>\n<p>Benefici:<\/p>\n<p>Accelera la sintesi proteica<\/p>\n<p>Il testosterone \u00e8 uno dei principali androgeni nel corpo maschile. In quanto tale diminuzione del suo livello pu\u00f2 causare varie anomalie, sia fisiche che mentali, nel corpo maschile. Anche la sintesi proteica \u00e8 molto importante per la costruzione dei tessuti muscolari e la riparazione dei tessuti danneggiati.<\/p>\n<p>Aumenta il guadagno di massa muscolare:<\/p>\n<p>Il prodotto ha propriet\u00e0 di ritenzione dell&#8217;azoto, che creano un ambiente adatto per la costruzione dei tessuti. Inoltre sappiamo che il 16% dell&#8217;azoto si trova in tutta la massa muscolare magra. La ritenzione di azoto porta alla protezione della massa muscolare.<\/p>\n<p>Migliora la produzione di globuli rossi<\/p>\n<p>Il prodotto ha propriet\u00e0 di aumentare la conta dei globuli rossi. I globuli rossi trasportano l&#8217;ossigeno. E una maggiore ossigenazione costruisce resistenza e forza. Questo prodotto controlla anche gli ormoni che producono stress e porta a un ambiente stabile. Se gli ormoni dello stress aumentano oltre un certo livello, possono causare problemi cardiaci e altri problemi di salute.<\/p>\n<p>Dosaggio:<\/p>\n<p>Per cominciare\u00a0raccomandiamo tra\u00a0100-200 mg a settimana.<\/p>\n<p>Per migliorare le prestazioni\u00a0raccomandiamo dosi di\u00a0200-250 mg. Questo dosaggio \u00e8 a settimana.<\/p>\n<p>La durata media della somministrazione \u00e8 di 8-12 settimane.<\/p>\n<p>Il testosterone E o Testosterone Enanthate \u00e8 un apporto artificiale dell&#8217;ormone testosterone.<\/p>\n<p>Il farmaco viene assunto normalmente per aumentare il livello di testosterone nel corpo e di solito \u00e8 il primo steroide prescritto dai medici per quelli con bassi livelli di Test E.<\/p>\n<p>Il testosterone E cambia l&#8217;aspetto e le dimensioni dei tessuti muscolari. Avendo propriet\u00e0 androgeniche, protegge la struttura mantenuta dall&#8217;essere scomposta dal processo di catabolismo.<\/p>\n<p>Il testosterone agisce stimolando le cellule muscolari a immagazzinare pi\u00f9 proteine \u200b\u200bnel corpo. Questa proteina viene successivamente utilizzata per il potenziamento delle fibre muscolari.<\/p>\n<p>L&#8217;effetto del testosterone \u00e8 ulteriormente visto nel causare un aumento della produzione di globuli rossi nel fegato. Questo aumento dei globuli rossi aumenta la resistenza del corpo e lo aiuta a riprendersi pi\u00f9 velocemente da qualsiasi sforzo fisico.<\/p>\n<p>A causa dei potenti effetti di questo ormone, dovrebbe essere assunto una volta o al massimo due volte al mese.<\/p>\n<p>I body builders sfruttano le caratteristiche anaboliche del testosterone E e comunemente iniettano una dose sufficiente di circa 200-400 mg\/mese.<\/p>\n<p>Il farmaco viene solitamente assunto fuori stagione poich\u00e9 la sua emivita \u00e8 pi\u00f9 breve rispetto ad altri farmaci anabolizzanti. Il farmaco stesso ha una risposta lenta. Viene spesso assunto in combinazione con altri farmaci per potenziarne gli effetti e ridurre i possibili effetti collaterali.<\/p>\n<p>Alcuni vantaggi del testosterone E sono:<\/p>\n<p>\u2981 Rende la persona sana e fresca<br \/>\n\u2981 Consente all&#8217;utente di fare pi\u00f9 esercizio<br \/>\n\u2981 Fornisce l&#8217;equilibrio dei nutrienti<br \/>\n\u2981 Aumenta la massa muscolare e provoca la perdita di grasso<br \/>\n\u2981 Aumenta il livello di resistenza e la forza e la pazienza del corpo<br \/>\n\u2981 Usato per curare il cancro al seno delle donne<\/p>","protected":false},"excerpt":{"rendered":"<p>Acquista Testosterone Enanthate &#8211; Considerato il pi\u00f9 antico di tutti i prodotti che producono testosterone. Anche questo prodotto \u00e8 uno<\/p>\n","protected":false},"featured_media":6140,"comment_status":"open","ping_status":"closed","template":"","meta":[],"product_brand":[],"product_cat":[69,3474],"product_tag":[],"class_list":{"0":"post-7419","1":"product","2":"type-product","3":"status-publish","4":"has-post-thumbnail","6":"product_cat-esteroides_inyectables","7":"product_cat-packs","9":"first","10":"outofstock","11":"shipping-taxable","12":"purchasable","13":"product-type-simple"},"yoast_head":"<!-- This site is optimized with the Yoast SEO Premium plugin v24.4 (Yoast SEO v27.3) - https:\/\/yoast.com\/product\/yoast-seo-premium-wordpress\/ -->\n<title>PACK3 CAJAS Testosterone Enanthate - 250mg\/30 ampollas - Steroidi in linea<\/title>\n<meta name=\"robots\" content=\"index, follow, max-snippet:-1, max-image-preview:large, max-video-preview:-1\" \/>\n<link rel=\"canonical\" href=\"https:\/\/iberoid.com\/it\/product\/pack3-cajas-testosterone-enanthate-250mg-pharmagen\/\" \/>\n<meta property=\"og:locale\" content=\"it_IT\" \/>\n<meta property=\"og:type\" content=\"article\" \/>\n<meta property=\"og:title\" content=\"PACK3 CAJAS Testosterone Enanthate - 250mg\/30 ampollas\" \/>\n<meta property=\"og:description\" content=\"Acquista Testosterone Enanthate &#8211; Considerato il pi\u00f9 antico di tutti i prodotti che producono testosterone. Anche questo prodotto \u00e8 uno\" \/>\n<meta property=\"og:url\" content=\"https:\/\/iberoid.com\/it\/product\/pack3-cajas-testosterone-enanthate-250mg-pharmagen\/\" \/>\n<meta property=\"og:site_name\" content=\"Steroidi in linea\" \/>\n<meta property=\"article:modified_time\" content=\"2024-04-16T18:46:21+00:00\" \/>\n<meta property=\"og:image\" content=\"https:\/\/iberoid.com\/wp-content\/uploads\/2021\/05\/Testosterone-E-2PG.jpg?v=1698142115\" \/>\n\t<meta property=\"og:image:width\" content=\"1000\" \/>\n\t<meta property=\"og:image:height\" content=\"1000\" \/>\n\t<meta property=\"og:image:type\" content=\"image\/jpeg\" \/>\n<meta name=\"twitter:card\" content=\"summary_large_image\" \/>\n<meta name=\"twitter:label1\" content=\"Prezzo\" \/>\n\t<meta name=\"twitter:data1\" content=\"&euro;100.00\" \/>\n\t<meta name=\"twitter:label2\" content=\"Disponibilit\u00e0\" \/>\n\t<meta name=\"twitter:data2\" content=\"Esaurito\" \/>\n<script type=\"application\/ld+json\" class=\"yoast-schema-graph\">{\"@context\":\"https:\\\/\\\/schema.org\",\"@graph\":[{\"@type\":\"WebPage\",\"@id\":\"https:\\\/\\\/iberoid.com\\\/it\\\/product\\\/pack3-cajas-testosterone-enanthate-250mg-pharmagen\\\/\",\"url\":\"https:\\\/\\\/iberoid.com\\\/it\\\/product\\\/pack3-cajas-testosterone-enanthate-250mg-pharmagen\\\/\",\"name\":\"PACK3 CAJAS Testosterone Enanthate - 250mg\\\/30 ampollas - Steroidi in linea\",\"isPartOf\":{\"@id\":\"https:\\\/\\\/iberoid.com\\\/it\\\/#website\"},\"primaryImageOfPage\":{\"@id\":\"https:\\\/\\\/iberoid.com\\\/it\\\/product\\\/pack3-cajas-testosterone-enanthate-250mg-pharmagen\\\/#primaryimage\"},\"image\":{\"@id\":\"https:\\\/\\\/iberoid.com\\\/it\\\/product\\\/pack3-cajas-testosterone-enanthate-250mg-pharmagen\\\/#primaryimage\"},\"thumbnailUrl\":\"https:\\\/\\\/iberoid.com\\\/wp-content\\\/uploads\\\/2021\\\/05\\\/Testosterone-E-2PG.jpg?v=1698142115\",\"datePublished\":\"2022-03-12T14:08:39+00:00\",\"dateModified\":\"2024-04-16T18:46:21+00:00\",\"breadcrumb\":{\"@id\":\"https:\\\/\\\/iberoid.com\\\/it\\\/product\\\/pack3-cajas-testosterone-enanthate-250mg-pharmagen\\\/#breadcrumb\"},\"inLanguage\":\"it-IT\",\"potentialAction\":[{\"@type\":\"ReadAction\",\"target\":[[\"https:\\\/\\\/iberoid.com\\\/it\\\/product\\\/pack3-cajas-testosterone-enanthate-250mg-pharmagen\\\/\"]]}]},{\"@type\":\"ImageObject\",\"inLanguage\":\"it-IT\",\"@id\":\"https:\\\/\\\/iberoid.com\\\/it\\\/product\\\/pack3-cajas-testosterone-enanthate-250mg-pharmagen\\\/#primaryimage\",\"url\":\"https:\\\/\\\/iberoid.com\\\/wp-content\\\/uploads\\\/2021\\\/05\\\/Testosterone-E-2PG.jpg?v=1698142115\",\"contentUrl\":\"https:\\\/\\\/iberoid.com\\\/wp-content\\\/uploads\\\/2021\\\/05\\\/Testosterone-E-2PG.jpg?v=1698142115\",\"width\":1000,\"height\":1000},{\"@type\":\"BreadcrumbList\",\"@id\":\"https:\\\/\\\/iberoid.com\\\/it\\\/product\\\/pack3-cajas-testosterone-enanthate-250mg-pharmagen\\\/#breadcrumb\",\"itemListElement\":[{\"@type\":\"ListItem\",\"position\":1,\"name\":\"Portada\",\"item\":\"https:\\\/\\\/iberoid.com\\\/it\\\/\"},{\"@type\":\"ListItem\",\"position\":2,\"name\":\"Negozio\",\"item\":\"https:\\\/\\\/iberoid.com\\\/it\\\/shop\\\/\"},{\"@type\":\"ListItem\",\"position\":3,\"name\":\"PACK3 CAJAS Testosterone Enanthate &#8211; 250mg\\\/30 ampollas\"}]},{\"@type\":\"WebSite\",\"@id\":\"https:\\\/\\\/iberoid.com\\\/it\\\/#website\",\"url\":\"https:\\\/\\\/iberoid.com\\\/it\\\/\",\"name\":\"Steroidi in linea\",\"description\":\"Acquista steroidi online oggi in Spagna e Portogallo. Abbiamo il miglior servizio clienti del settore e prodotti di altissima qualit\u00e0\",\"potentialAction\":[{\"@type\":\"SearchAction\",\"target\":{\"@type\":\"EntryPoint\",\"urlTemplate\":\"https:\\\/\\\/iberoid.com\\\/it\\\/?s={search_term_string}\"},\"query-input\":{\"@type\":\"PropertyValueSpecification\",\"valueRequired\":true,\"valueName\":\"search_term_string\"}}],\"inLanguage\":\"it-IT\"}]}<\/script>\n<meta property=\"product:brand\" content=\"Pharma Gen\" \/>\n<meta property=\"product:price:amount\" content=\"100.00\" \/>\n<meta property=\"product:price:currency\" content=\"EUR\" \/>\n<meta property=\"og:availability\" content=\"out of stock\" \/>\n<meta property=\"product:availability\" content=\"out of stock\" \/>\n<meta property=\"product:condition\" content=\"new\" \/>\n<!-- \/ Yoast SEO Premium plugin. -->","yoast_head_json":{"title":"PACK3 CAJAS Testosterone Enanthate - 250mg\/30 ampollas - Steroidi in linea","robots":{"index":"index","follow":"follow","max-snippet":"max-snippet:-1","max-image-preview":"max-image-preview:large","max-video-preview":"max-video-preview:-1"},"canonical":"https:\/\/iberoid.com\/it\/product\/pack3-cajas-testosterone-enanthate-250mg-pharmagen\/","og_locale":"it_IT","og_type":"article","og_title":"PACK3 CAJAS Testosterone Enanthate - 250mg\/30 ampollas","og_description":"Acquista Testosterone Enanthate &#8211; Considerato il pi\u00f9 antico di tutti i prodotti che producono testosterone. Anche questo prodotto \u00e8 uno","og_url":"https:\/\/iberoid.com\/it\/product\/pack3-cajas-testosterone-enanthate-250mg-pharmagen\/","og_site_name":"Steroidi in linea","article_modified_time":"2024-04-16T18:46:21+00:00","og_image":[{"width":1000,"height":1000,"url":"https:\/\/iberoid.com\/wp-content\/uploads\/2021\/05\/Testosterone-E-2PG.jpg?v=1698142115","type":"image\/jpeg"}],"twitter_card":"summary_large_image","twitter_misc":{"Prezzo":"&euro;100.00","Disponibilit\u00e0":"Esaurito"},"schema":{"@context":"https:\/\/schema.org","@graph":[{"@type":"WebPage","@id":"https:\/\/iberoid.com\/it\/product\/pack3-cajas-testosterone-enanthate-250mg-pharmagen\/","url":"https:\/\/iberoid.com\/it\/product\/pack3-cajas-testosterone-enanthate-250mg-pharmagen\/","name":"PACK3 CAJAS Testosterone Enanthate - 250mg\/30 ampollas - Steroidi in linea","isPartOf":{"@id":"https:\/\/iberoid.com\/it\/#website"},"primaryImageOfPage":{"@id":"https:\/\/iberoid.com\/it\/product\/pack3-cajas-testosterone-enanthate-250mg-pharmagen\/#primaryimage"},"image":{"@id":"https:\/\/iberoid.com\/it\/product\/pack3-cajas-testosterone-enanthate-250mg-pharmagen\/#primaryimage"},"thumbnailUrl":"https:\/\/iberoid.com\/wp-content\/uploads\/2021\/05\/Testosterone-E-2PG.jpg?v=1698142115","datePublished":"2022-03-12T14:08:39+00:00","dateModified":"2024-04-16T18:46:21+00:00","breadcrumb":{"@id":"https:\/\/iberoid.com\/it\/product\/pack3-cajas-testosterone-enanthate-250mg-pharmagen\/#breadcrumb"},"inLanguage":"it-IT","potentialAction":[{"@type":"ReadAction","target":[["https:\/\/iberoid.com\/it\/product\/pack3-cajas-testosterone-enanthate-250mg-pharmagen\/"]]}]},{"@type":"ImageObject","inLanguage":"it-IT","@id":"https:\/\/iberoid.com\/it\/product\/pack3-cajas-testosterone-enanthate-250mg-pharmagen\/#primaryimage","url":"https:\/\/iberoid.com\/wp-content\/uploads\/2021\/05\/Testosterone-E-2PG.jpg?v=1698142115","contentUrl":"https:\/\/iberoid.com\/wp-content\/uploads\/2021\/05\/Testosterone-E-2PG.jpg?v=1698142115","width":1000,"height":1000},{"@type":"BreadcrumbList","@id":"https:\/\/iberoid.com\/it\/product\/pack3-cajas-testosterone-enanthate-250mg-pharmagen\/#breadcrumb","itemListElement":[{"@type":"ListItem","position":1,"name":"Portada","item":"https:\/\/iberoid.com\/it\/"},{"@type":"ListItem","position":2,"name":"Negozio","item":"https:\/\/iberoid.com\/it\/shop\/"},{"@type":"ListItem","position":3,"name":"PACK3 CAJAS Testosterone Enanthate &#8211; 250mg\/30 ampollas"}]},{"@type":"WebSite","@id":"https:\/\/iberoid.com\/it\/#website","url":"https:\/\/iberoid.com\/it\/","name":"Steroidi in linea","description":"Acquista steroidi online oggi in Spagna e Portogallo. Abbiamo il miglior servizio clienti del settore e prodotti di altissima qualit\u00e0","potentialAction":[{"@type":"SearchAction","target":{"@type":"EntryPoint","urlTemplate":"https:\/\/iberoid.com\/it\/?s={search_term_string}"},"query-input":{"@type":"PropertyValueSpecification","valueRequired":true,"valueName":"search_term_string"}}],"inLanguage":"it-IT"}]},"product_brand":"Pharma Gen","product_price_amount":"100.00","product_price_currency":"EUR","og_availability":"out of stock","product_availability":"out of stock","product_condition":"new"},"_links":{"self":[{"href":"https:\/\/iberoid.com\/it\/wp-json\/wp\/v2\/product\/7419","targetHints":{"allow":["GET"]}}],"collection":[{"href":"https:\/\/iberoid.com\/it\/wp-json\/wp\/v2\/product"}],"about":[{"href":"https:\/\/iberoid.com\/it\/wp-json\/wp\/v2\/types\/product"}],"replies":[{"embeddable":true,"href":"https:\/\/iberoid.com\/it\/wp-json\/wp\/v2\/comments?post=7419"}],"wp:featuredmedia":[{"embeddable":true,"href":"https:\/\/iberoid.com\/it\/wp-json\/wp\/v2\/media\/6140"}],"wp:attachment":[{"href":"https:\/\/iberoid.com\/it\/wp-json\/wp\/v2\/media?parent=7419"}],"wp:term":[{"taxonomy":"product_brand","embeddable":true,"href":"https:\/\/iberoid.com\/it\/wp-json\/wp\/v2\/product_brand?post=7419"},{"taxonomy":"product_cat","embeddable":true,"href":"https:\/\/iberoid.com\/it\/wp-json\/wp\/v2\/product_cat?post=7419"},{"taxonomy":"product_tag","embeddable":true,"href":"https:\/\/iberoid.com\/it\/wp-json\/wp\/v2\/product_tag?post=7419"}],"curies":[{"name":"wp","href":"https:\/\/api.w.org\/{rel}","templated":true}]}}