{"id":7448,"date":"2022-03-16T13:43:07","date_gmt":"2022-03-16T13:43:07","guid":{"rendered":"https:\/\/iberoid.com\/?post_type=product&#038;p=7448"},"modified":"2022-12-09T13:34:21","modified_gmt":"2022-12-09T13:34:21","slug":"oldenone-undecylenate-300mg-cygnus","status":"publish","type":"product","link":"https:\/\/iberoid.com\/it\/product\/oldenone-undecylenate-300mg-cygnus\/","title":{"rendered":"Boldenone Undecylenate"},"content":{"rendered":"<p>Descrizione<br \/>\nBoldenone\u00a0(indicato anche come Equipoise) \u00e8 stato sviluppato come una versione lunga del methandienone e brevettato da Ciba come steroide anabolizzante sintetico nel 1949. Tuttavia il risultato \u00e8 stato uno steroide con propriet\u00e0 completamente diverse, nonostante la somiglianza chimica. Boldenone \u00e8 stato sviluppato principalmente per il trattamento della distrofia e per aumentare il peso e la densit\u00e0 ossea nell&#8217;osteoporosi.<\/p>\n<p>Boldenone \u00e8 uno steroide iniettabile a lungo termine che mostra forti propriet\u00e0 anaboliche e moderatamente androgene. Le basse propriet\u00e0 androgeniche consentono alle donne di usare il boldenone. La virilizzazione si verifica raramente, rispetto ad altri steroidi. Il Boldenone \u00e8 uno dei pochi farmaci iniettabili che possono essere assunti dalle atlete quasi senza rischio di effetti collaterali.<\/p>\n<p>Boldenone\u00a0stimola notevolmente l&#8217;emopoiesi. Livelli elevati di globuli rossi migliorano l&#8217;apporto di ossigeno ai muscoli. Questo rende questo steroide attraente per gli atleti di atletica leggera.<\/p>\n<p>Gli atleti che assumono il boldenone riportano spesso una crescita muscolare magra lenta ma elevata. Tutti gli effetti positivi del farmaco diventano evidenti su cicli lunghi (12 settimane o pi\u00f9). I muscoli del ciclo del boldenone saranno pi\u00f9 densi dei muscoli del testosterone. Boldenone non trattiene l&#8217;acqua nei muscoli, quindi il loro volume dopo il ciclo sar\u00e0 lo stesso del ciclo. Il farmaco aumenta il tasso di potenza e aumenta significativamente l&#8217;appetito.<\/p>","protected":false},"excerpt":{"rendered":"<p>Descrizione Boldenone\u00a0(indicato anche come Equipoise) \u00e8 stato sviluppato come una versione lunga del methandienone e brevettato da Ciba come steroide<\/p>\n","protected":false},"featured_media":7449,"comment_status":"open","ping_status":"closed","template":"","meta":[],"product_brand":[],"product_cat":[69],"product_tag":[],"class_list":{"0":"post-7448","1":"product","2":"type-product","3":"status-publish","4":"has-post-thumbnail","6":"product_cat-esteroides_inyectables","8":"first","9":"outofstock","10":"sale","11":"shipping-taxable","12":"purchasable","13":"product-type-simple"},"yoast_head":"<!-- This site is optimized with the Yoast SEO Premium plugin v24.4 (Yoast SEO v27.0) - https:\/\/yoast.com\/product\/yoast-seo-premium-wordpress\/ -->\n<title>Boldenone Undecylenate - Steroidi in linea<\/title>\n<meta name=\"robots\" content=\"index, follow, max-snippet:-1, max-image-preview:large, max-video-preview:-1\" \/>\n<link rel=\"canonical\" href=\"https:\/\/iberoid.com\/it\/product\/oldenone-undecylenate-300mg-cygnus\/\" \/>\n<meta property=\"og:locale\" content=\"it_IT\" \/>\n<meta property=\"og:type\" content=\"article\" \/>\n<meta property=\"og:title\" content=\"Boldenone Undecylenate\" \/>\n<meta property=\"og:description\" content=\"Descrizione Boldenone\u00a0(indicato anche come Equipoise) \u00e8 stato sviluppato come una versione lunga del methandienone e brevettato da Ciba come steroide\" \/>\n<meta property=\"og:url\" content=\"https:\/\/iberoid.com\/it\/product\/oldenone-undecylenate-300mg-cygnus\/\" \/>\n<meta property=\"og:site_name\" content=\"Steroidi in linea\" \/>\n<meta property=\"article:modified_time\" content=\"2022-12-09T13:34:21+00:00\" \/>\n<meta property=\"og:image\" content=\"https:\/\/iberoid.com\/wp-content\/uploads\/2022\/03\/Boldenone-undecylenate-300.jpg?v=1678119907\" \/>\n\t<meta property=\"og:image:width\" content=\"1000\" \/>\n\t<meta property=\"og:image:height\" content=\"698\" \/>\n\t<meta property=\"og:image:type\" content=\"image\/jpeg\" \/>\n<meta name=\"twitter:card\" content=\"summary_large_image\" \/>\n<meta name=\"twitter:label1\" content=\"Prezzo\" \/>\n\t<meta name=\"twitter:data1\" content=\"&euro;70.00\" \/>\n\t<meta name=\"twitter:label2\" content=\"Disponibilit\u00e0\" \/>\n\t<meta name=\"twitter:data2\" content=\"Esaurito\" \/>\n<script type=\"application\/ld+json\" class=\"yoast-schema-graph\">{\"@context\":\"https:\/\/schema.org\",\"@graph\":[{\"@type\":\"WebPage\",\"@id\":\"https:\/\/iberoid.com\/it\/product\/oldenone-undecylenate-300mg-cygnus\/\",\"url\":\"https:\/\/iberoid.com\/it\/product\/oldenone-undecylenate-300mg-cygnus\/\",\"name\":\"Boldenone Undecylenate - Steroidi in linea\",\"isPartOf\":{\"@id\":\"https:\/\/iberoid-shop.com\/#website\"},\"primaryImageOfPage\":{\"@id\":\"https:\/\/iberoid.com\/it\/product\/oldenone-undecylenate-300mg-cygnus\/#primaryimage\"},\"image\":{\"@id\":\"https:\/\/iberoid.com\/it\/product\/oldenone-undecylenate-300mg-cygnus\/#primaryimage\"},\"thumbnailUrl\":\"https:\/\/iberoid.com\/wp-content\/uploads\/2022\/03\/Boldenone-undecylenate-300.jpg?v=1678119907\",\"datePublished\":\"2022-03-16T13:43:07+00:00\",\"dateModified\":\"2022-12-09T13:34:21+00:00\",\"breadcrumb\":{\"@id\":\"https:\/\/iberoid.com\/it\/product\/oldenone-undecylenate-300mg-cygnus\/#breadcrumb\"},\"inLanguage\":\"it-IT\",\"potentialAction\":[{\"@type\":\"ReadAction\",\"target\":[[\"https:\/\/iberoid.com\/it\/product\/oldenone-undecylenate-300mg-cygnus\/\"]]}]},{\"@type\":\"ImageObject\",\"inLanguage\":\"it-IT\",\"@id\":\"https:\/\/iberoid.com\/it\/product\/oldenone-undecylenate-300mg-cygnus\/#primaryimage\",\"url\":\"https:\/\/iberoid.com\/wp-content\/uploads\/2022\/03\/Boldenone-undecylenate-300.jpg?v=1678119907\",\"contentUrl\":\"https:\/\/iberoid.com\/wp-content\/uploads\/2022\/03\/Boldenone-undecylenate-300.jpg?v=1678119907\",\"width\":1000,\"height\":698},{\"@type\":\"BreadcrumbList\",\"@id\":\"https:\/\/iberoid.com\/it\/product\/oldenone-undecylenate-300mg-cygnus\/#breadcrumb\",\"itemListElement\":[{\"@type\":\"ListItem\",\"position\":1,\"name\":\"Portada\",\"item\":\"https:\/\/iberoid.com\/it\/\"},{\"@type\":\"ListItem\",\"position\":2,\"name\":\"Negozio\",\"item\":\"https:\/\/iberoid.com\/it\/shop\/\"},{\"@type\":\"ListItem\",\"position\":3,\"name\":\"Boldenone Undecylenate\"}]},{\"@type\":\"WebSite\",\"@id\":\"https:\/\/iberoid-shop.com\/#website\",\"url\":\"https:\/\/iberoid-shop.com\/\",\"name\":\"Steroidi in linea\",\"description\":\"Acquista steroidi online oggi in Spagna e Portogallo. Abbiamo il miglior servizio clienti del settore e prodotti di altissima qualit\u00e0\",\"potentialAction\":[{\"@type\":\"SearchAction\",\"target\":{\"@type\":\"EntryPoint\",\"urlTemplate\":\"https:\/\/iberoid-shop.com\/?s={search_term_string}\"},\"query-input\":{\"@type\":\"PropertyValueSpecification\",\"valueRequired\":true,\"valueName\":\"search_term_string\"}}],\"inLanguage\":\"it-IT\"}]}<\/script>\n<meta property=\"product:price:amount\" content=\"70.00\" \/>\n<meta property=\"product:price:currency\" content=\"EUR\" \/>\n<meta property=\"og:availability\" content=\"out of stock\" \/>\n<meta property=\"product:availability\" content=\"out of stock\" \/>\n<meta property=\"product:condition\" content=\"new\" \/>\n<!-- \/ Yoast SEO Premium plugin. -->","yoast_head_json":{"title":"Boldenone Undecylenate - Steroidi in linea","robots":{"index":"index","follow":"follow","max-snippet":"max-snippet:-1","max-image-preview":"max-image-preview:large","max-video-preview":"max-video-preview:-1"},"canonical":"https:\/\/iberoid.com\/it\/product\/oldenone-undecylenate-300mg-cygnus\/","og_locale":"it_IT","og_type":"article","og_title":"Boldenone Undecylenate","og_description":"Descrizione Boldenone\u00a0(indicato anche come Equipoise) \u00e8 stato sviluppato come una versione lunga del methandienone e brevettato da Ciba come steroide","og_url":"https:\/\/iberoid.com\/it\/product\/oldenone-undecylenate-300mg-cygnus\/","og_site_name":"Steroidi in linea","article_modified_time":"2022-12-09T13:34:21+00:00","og_image":[{"width":1000,"height":698,"url":"https:\/\/iberoid.com\/wp-content\/uploads\/2022\/03\/Boldenone-undecylenate-300.jpg?v=1678119907","type":"image\/jpeg"}],"twitter_card":"summary_large_image","twitter_misc":{"Prezzo":"&euro;70.00","Disponibilit\u00e0":"Esaurito"},"schema":{"@context":"https:\/\/schema.org","@graph":[{"@type":"WebPage","@id":"https:\/\/iberoid.com\/it\/product\/oldenone-undecylenate-300mg-cygnus\/","url":"https:\/\/iberoid.com\/it\/product\/oldenone-undecylenate-300mg-cygnus\/","name":"Boldenone Undecylenate - Steroidi in linea","isPartOf":{"@id":"https:\/\/iberoid-shop.com\/#website"},"primaryImageOfPage":{"@id":"https:\/\/iberoid.com\/it\/product\/oldenone-undecylenate-300mg-cygnus\/#primaryimage"},"image":{"@id":"https:\/\/iberoid.com\/it\/product\/oldenone-undecylenate-300mg-cygnus\/#primaryimage"},"thumbnailUrl":"https:\/\/iberoid.com\/wp-content\/uploads\/2022\/03\/Boldenone-undecylenate-300.jpg?v=1678119907","datePublished":"2022-03-16T13:43:07+00:00","dateModified":"2022-12-09T13:34:21+00:00","breadcrumb":{"@id":"https:\/\/iberoid.com\/it\/product\/oldenone-undecylenate-300mg-cygnus\/#breadcrumb"},"inLanguage":"it-IT","potentialAction":[{"@type":"ReadAction","target":[["https:\/\/iberoid.com\/it\/product\/oldenone-undecylenate-300mg-cygnus\/"]]}]},{"@type":"ImageObject","inLanguage":"it-IT","@id":"https:\/\/iberoid.com\/it\/product\/oldenone-undecylenate-300mg-cygnus\/#primaryimage","url":"https:\/\/iberoid.com\/wp-content\/uploads\/2022\/03\/Boldenone-undecylenate-300.jpg?v=1678119907","contentUrl":"https:\/\/iberoid.com\/wp-content\/uploads\/2022\/03\/Boldenone-undecylenate-300.jpg?v=1678119907","width":1000,"height":698},{"@type":"BreadcrumbList","@id":"https:\/\/iberoid.com\/it\/product\/oldenone-undecylenate-300mg-cygnus\/#breadcrumb","itemListElement":[{"@type":"ListItem","position":1,"name":"Portada","item":"https:\/\/iberoid.com\/it\/"},{"@type":"ListItem","position":2,"name":"Negozio","item":"https:\/\/iberoid.com\/it\/shop\/"},{"@type":"ListItem","position":3,"name":"Boldenone Undecylenate"}]},{"@type":"WebSite","@id":"https:\/\/iberoid-shop.com\/#website","url":"https:\/\/iberoid-shop.com\/","name":"Steroidi in linea","description":"Acquista steroidi online oggi in Spagna e Portogallo. Abbiamo il miglior servizio clienti del settore e prodotti di altissima qualit\u00e0","potentialAction":[{"@type":"SearchAction","target":{"@type":"EntryPoint","urlTemplate":"https:\/\/iberoid-shop.com\/?s={search_term_string}"},"query-input":{"@type":"PropertyValueSpecification","valueRequired":true,"valueName":"search_term_string"}}],"inLanguage":"it-IT"}]},"product_price_amount":"70.00","product_price_currency":"EUR","og_availability":"out of stock","product_availability":"out of stock","product_condition":"new"},"_links":{"self":[{"href":"https:\/\/iberoid.com\/it\/wp-json\/wp\/v2\/product\/7448","targetHints":{"allow":["GET"]}}],"collection":[{"href":"https:\/\/iberoid.com\/it\/wp-json\/wp\/v2\/product"}],"about":[{"href":"https:\/\/iberoid.com\/it\/wp-json\/wp\/v2\/types\/product"}],"replies":[{"embeddable":true,"href":"https:\/\/iberoid.com\/it\/wp-json\/wp\/v2\/comments?post=7448"}],"wp:featuredmedia":[{"embeddable":true,"href":"https:\/\/iberoid.com\/it\/wp-json\/wp\/v2\/media\/7449"}],"wp:attachment":[{"href":"https:\/\/iberoid.com\/it\/wp-json\/wp\/v2\/media?parent=7448"}],"wp:term":[{"taxonomy":"product_brand","embeddable":true,"href":"https:\/\/iberoid.com\/it\/wp-json\/wp\/v2\/product_brand?post=7448"},{"taxonomy":"product_cat","embeddable":true,"href":"https:\/\/iberoid.com\/it\/wp-json\/wp\/v2\/product_cat?post=7448"},{"taxonomy":"product_tag","embeddable":true,"href":"https:\/\/iberoid.com\/it\/wp-json\/wp\/v2\/product_tag?post=7448"}],"curies":[{"name":"wp","href":"https:\/\/api.w.org\/{rel}","templated":true}]}}