{"id":7455,"date":"2022-03-16T13:52:40","date_gmt":"2022-03-16T13:52:40","guid":{"rendered":"https:\/\/iberoid.com\/?post_type=product&#038;p=7455"},"modified":"2026-01-21T10:19:53","modified_gmt":"2026-01-21T10:19:53","slug":"testosterone-cypionate-cygnus","status":"publish","type":"product","link":"https:\/\/iberoid.com\/it\/product\/testosterone-cypionate-cygnus\/","title":{"rendered":"Testosterone Cypionate"},"content":{"rendered":"<p>Cipionato di testosterone<\/p>\n<p>\u00c8 una versione sintetica del testosterone, ma offrir\u00e0 al corpo gli stessi benefici del testosterone prodotto naturale. Ci sono una variet\u00e0 di responsabilit\u00e0 che questo ormone offre al corpo maschile a livello mentale e fisico.<br \/>\nDescrizione<br \/>\nIl testosterone sintetico fu sintetizzato nel 1935 dal biochimico tedesco Adolf Butenandt e dal chimico svizzero Leopold Ruzicka che ricevettero entrambi un premio Nobel per il loro lavoro.<\/p>\n<p>Il testosterone\u00a0\u00e8 il principale ormone sessuale maschile sintetizzato e secreto dai testicoli. Stimola la crescita e lo sviluppo degli organi genitali maschili e dei caratteri sessuali secondari (maturazione della ghiandola prostatica, delle vescicole seminali, del pene e dello scroto), la distribuzione dei peli di tipo maschile sul viso, pubico, torace), lo sviluppo laringeo, i muscoli del corpo e il grasso distribuzione. Trattiene azoto, sodio, potassio e fosforo, aumenta l&#8217;anabolismo e riduce il catabolismo proteico. Un aumento prematuro della concentrazione plasmatica di testosterone nel periodo prima della pubert\u00e0 provoca la chiusura delle epifisi e l&#8217;arresto della crescita. Stimola la produzione di eritropoietina e globuli rossi. Con il meccanismo del feedback negativo (feedback) inibisce la secrezione degli ormoni luteinizzanti e follicolo-stimolanti della ghiandola pituitaria e inibisce la spermatogenesi.<\/p>\n<p>In alcuni casi, il testosterone ha un effetto positivo sull&#8217;ipertrofia della ghiandola prostatica: le condizioni generali migliorano, i disturbi della minzione diminuiscono, ecc.\u00a0Il testosterone\u00a0pu\u00f2 anche avere un effetto positivo nell&#8217;angioedema dell&#8217;angina. L&#8217;effetto positivo \u00e8 associato al miglioramento della circolazione sanguigna e dei processi metabolici nel muscolo cardiaco; ci sono anche cambiamenti favorevoli nel rapporto lipidico nel sangue, un aumento del rapporto lecitina \/ colesterolo.<\/p>\n<p>Il testosterone \u00e8 molto apprezzato dagli atleti per la sua capacit\u00e0 di promuovere forti aumenti della massa muscolare e della forza. Come ormone naturale, rimane lo steroide anabolizzante pi\u00f9 popolare ed \u00e8 tipicamente usato come base di tutti i cicli e le pile.<\/p>","protected":false},"excerpt":{"rendered":"<p>Cipionato di testosterone \u00c8 una versione sintetica del testosterone, ma offrir\u00e0 al corpo gli stessi benefici del testosterone prodotto naturale.<\/p>\n","protected":false},"featured_media":7456,"comment_status":"open","ping_status":"closed","template":"","meta":[],"product_brand":[],"product_cat":[69],"product_tag":[],"class_list":{"0":"post-7455","1":"product","2":"type-product","3":"status-publish","4":"has-post-thumbnail","6":"product_cat-esteroides_inyectables","8":"first","9":"outofstock","10":"shipping-taxable","11":"purchasable","12":"product-type-simple"},"yoast_head":"<!-- This site is optimized with the Yoast SEO Premium plugin v24.4 (Yoast SEO v27.3) - https:\/\/yoast.com\/product\/yoast-seo-premium-wordpress\/ -->\n<title>Testosterone Cypionate - Steroidi in linea<\/title>\n<meta name=\"robots\" content=\"index, follow, max-snippet:-1, max-image-preview:large, max-video-preview:-1\" \/>\n<link rel=\"canonical\" href=\"https:\/\/iberoid.com\/it\/product\/testosterone-cypionate-cygnus\/\" \/>\n<meta property=\"og:locale\" content=\"it_IT\" \/>\n<meta property=\"og:type\" content=\"article\" \/>\n<meta property=\"og:title\" content=\"Testosterone Cypionate\" \/>\n<meta property=\"og:description\" content=\"Cipionato di testosterone \u00c8 una versione sintetica del testosterone, ma offrir\u00e0 al corpo gli stessi benefici del testosterone prodotto naturale.\" \/>\n<meta property=\"og:url\" content=\"https:\/\/iberoid.com\/it\/product\/testosterone-cypionate-cygnus\/\" \/>\n<meta property=\"og:site_name\" content=\"Steroidi in linea\" \/>\n<meta property=\"article:modified_time\" content=\"2026-01-21T10:19:53+00:00\" \/>\n<meta property=\"og:image\" content=\"https:\/\/iberoid.com\/wp-content\/uploads\/2022\/03\/Testosterone-cypionate-200.jpg?v=1678119904\" \/>\n\t<meta property=\"og:image:width\" content=\"1000\" \/>\n\t<meta property=\"og:image:height\" content=\"698\" \/>\n\t<meta property=\"og:image:type\" content=\"image\/jpeg\" \/>\n<meta name=\"twitter:card\" content=\"summary_large_image\" \/>\n<meta name=\"twitter:label1\" content=\"Prezzo\" \/>\n\t<meta name=\"twitter:data1\" content=\"&euro;50.00\" \/>\n\t<meta name=\"twitter:label2\" content=\"Disponibilit\u00e0\" \/>\n\t<meta name=\"twitter:data2\" content=\"Esaurito\" \/>\n<script type=\"application\/ld+json\" class=\"yoast-schema-graph\">{\"@context\":\"https:\\\/\\\/schema.org\",\"@graph\":[{\"@type\":\"WebPage\",\"@id\":\"https:\\\/\\\/iberoid.com\\\/it\\\/product\\\/testosterone-cypionate-cygnus\\\/\",\"url\":\"https:\\\/\\\/iberoid.com\\\/it\\\/product\\\/testosterone-cypionate-cygnus\\\/\",\"name\":\"Testosterone Cypionate - Steroidi in linea\",\"isPartOf\":{\"@id\":\"https:\\\/\\\/iberoid-shop.com\\\/#website\"},\"primaryImageOfPage\":{\"@id\":\"https:\\\/\\\/iberoid.com\\\/it\\\/product\\\/testosterone-cypionate-cygnus\\\/#primaryimage\"},\"image\":{\"@id\":\"https:\\\/\\\/iberoid.com\\\/it\\\/product\\\/testosterone-cypionate-cygnus\\\/#primaryimage\"},\"thumbnailUrl\":\"https:\\\/\\\/iberoid.com\\\/wp-content\\\/uploads\\\/2022\\\/03\\\/Testosterone-cypionate-200.jpg?v=1678119904\",\"datePublished\":\"2022-03-16T13:52:40+00:00\",\"dateModified\":\"2026-01-21T10:19:53+00:00\",\"breadcrumb\":{\"@id\":\"https:\\\/\\\/iberoid.com\\\/it\\\/product\\\/testosterone-cypionate-cygnus\\\/#breadcrumb\"},\"inLanguage\":\"it-IT\",\"potentialAction\":[{\"@type\":\"ReadAction\",\"target\":[[\"https:\\\/\\\/iberoid.com\\\/it\\\/product\\\/testosterone-cypionate-cygnus\\\/\"]]}]},{\"@type\":\"ImageObject\",\"inLanguage\":\"it-IT\",\"@id\":\"https:\\\/\\\/iberoid.com\\\/it\\\/product\\\/testosterone-cypionate-cygnus\\\/#primaryimage\",\"url\":\"https:\\\/\\\/iberoid.com\\\/wp-content\\\/uploads\\\/2022\\\/03\\\/Testosterone-cypionate-200.jpg?v=1678119904\",\"contentUrl\":\"https:\\\/\\\/iberoid.com\\\/wp-content\\\/uploads\\\/2022\\\/03\\\/Testosterone-cypionate-200.jpg?v=1678119904\",\"width\":1000,\"height\":698},{\"@type\":\"BreadcrumbList\",\"@id\":\"https:\\\/\\\/iberoid.com\\\/it\\\/product\\\/testosterone-cypionate-cygnus\\\/#breadcrumb\",\"itemListElement\":[{\"@type\":\"ListItem\",\"position\":1,\"name\":\"Portada\",\"item\":\"https:\\\/\\\/iberoid.com\\\/it\\\/\"},{\"@type\":\"ListItem\",\"position\":2,\"name\":\"Negozio\",\"item\":\"https:\\\/\\\/iberoid.com\\\/it\\\/shop\\\/\"},{\"@type\":\"ListItem\",\"position\":3,\"name\":\"Testosterone Cypionate\"}]},{\"@type\":\"WebSite\",\"@id\":\"https:\\\/\\\/iberoid-shop.com\\\/#website\",\"url\":\"https:\\\/\\\/iberoid-shop.com\\\/\",\"name\":\"Steroidi in linea\",\"description\":\"Acquista steroidi online oggi in Spagna e Portogallo. Abbiamo il miglior servizio clienti del settore e prodotti di altissima qualit\u00e0\",\"potentialAction\":[{\"@type\":\"SearchAction\",\"target\":{\"@type\":\"EntryPoint\",\"urlTemplate\":\"https:\\\/\\\/iberoid-shop.com\\\/?s={search_term_string}\"},\"query-input\":{\"@type\":\"PropertyValueSpecification\",\"valueRequired\":true,\"valueName\":\"search_term_string\"}}],\"inLanguage\":\"it-IT\"}]}<\/script>\n<meta property=\"product:brand\" content=\"Cygnus Pharmaceutical\" \/>\n<meta property=\"product:price:amount\" content=\"50.00\" \/>\n<meta property=\"product:price:currency\" content=\"EUR\" \/>\n<meta property=\"og:availability\" content=\"out of stock\" \/>\n<meta property=\"product:availability\" content=\"out of stock\" \/>\n<meta property=\"product:condition\" content=\"new\" \/>\n<!-- \/ Yoast SEO Premium plugin. -->","yoast_head_json":{"title":"Testosterone Cypionate - Steroidi in linea","robots":{"index":"index","follow":"follow","max-snippet":"max-snippet:-1","max-image-preview":"max-image-preview:large","max-video-preview":"max-video-preview:-1"},"canonical":"https:\/\/iberoid.com\/it\/product\/testosterone-cypionate-cygnus\/","og_locale":"it_IT","og_type":"article","og_title":"Testosterone Cypionate","og_description":"Cipionato di testosterone \u00c8 una versione sintetica del testosterone, ma offrir\u00e0 al corpo gli stessi benefici del testosterone prodotto naturale.","og_url":"https:\/\/iberoid.com\/it\/product\/testosterone-cypionate-cygnus\/","og_site_name":"Steroidi in linea","article_modified_time":"2026-01-21T10:19:53+00:00","og_image":[{"width":1000,"height":698,"url":"https:\/\/iberoid.com\/wp-content\/uploads\/2022\/03\/Testosterone-cypionate-200.jpg?v=1678119904","type":"image\/jpeg"}],"twitter_card":"summary_large_image","twitter_misc":{"Prezzo":"&euro;50.00","Disponibilit\u00e0":"Esaurito"},"schema":{"@context":"https:\/\/schema.org","@graph":[{"@type":"WebPage","@id":"https:\/\/iberoid.com\/it\/product\/testosterone-cypionate-cygnus\/","url":"https:\/\/iberoid.com\/it\/product\/testosterone-cypionate-cygnus\/","name":"Testosterone Cypionate - Steroidi in linea","isPartOf":{"@id":"https:\/\/iberoid-shop.com\/#website"},"primaryImageOfPage":{"@id":"https:\/\/iberoid.com\/it\/product\/testosterone-cypionate-cygnus\/#primaryimage"},"image":{"@id":"https:\/\/iberoid.com\/it\/product\/testosterone-cypionate-cygnus\/#primaryimage"},"thumbnailUrl":"https:\/\/iberoid.com\/wp-content\/uploads\/2022\/03\/Testosterone-cypionate-200.jpg?v=1678119904","datePublished":"2022-03-16T13:52:40+00:00","dateModified":"2026-01-21T10:19:53+00:00","breadcrumb":{"@id":"https:\/\/iberoid.com\/it\/product\/testosterone-cypionate-cygnus\/#breadcrumb"},"inLanguage":"it-IT","potentialAction":[{"@type":"ReadAction","target":[["https:\/\/iberoid.com\/it\/product\/testosterone-cypionate-cygnus\/"]]}]},{"@type":"ImageObject","inLanguage":"it-IT","@id":"https:\/\/iberoid.com\/it\/product\/testosterone-cypionate-cygnus\/#primaryimage","url":"https:\/\/iberoid.com\/wp-content\/uploads\/2022\/03\/Testosterone-cypionate-200.jpg?v=1678119904","contentUrl":"https:\/\/iberoid.com\/wp-content\/uploads\/2022\/03\/Testosterone-cypionate-200.jpg?v=1678119904","width":1000,"height":698},{"@type":"BreadcrumbList","@id":"https:\/\/iberoid.com\/it\/product\/testosterone-cypionate-cygnus\/#breadcrumb","itemListElement":[{"@type":"ListItem","position":1,"name":"Portada","item":"https:\/\/iberoid.com\/it\/"},{"@type":"ListItem","position":2,"name":"Negozio","item":"https:\/\/iberoid.com\/it\/shop\/"},{"@type":"ListItem","position":3,"name":"Testosterone Cypionate"}]},{"@type":"WebSite","@id":"https:\/\/iberoid-shop.com\/#website","url":"https:\/\/iberoid-shop.com\/","name":"Steroidi in linea","description":"Acquista steroidi online oggi in Spagna e Portogallo. Abbiamo il miglior servizio clienti del settore e prodotti di altissima qualit\u00e0","potentialAction":[{"@type":"SearchAction","target":{"@type":"EntryPoint","urlTemplate":"https:\/\/iberoid-shop.com\/?s={search_term_string}"},"query-input":{"@type":"PropertyValueSpecification","valueRequired":true,"valueName":"search_term_string"}}],"inLanguage":"it-IT"}]},"product_brand":"Cygnus Pharmaceutical","product_price_amount":"50.00","product_price_currency":"EUR","og_availability":"out of stock","product_availability":"out of stock","product_condition":"new"},"_links":{"self":[{"href":"https:\/\/iberoid.com\/it\/wp-json\/wp\/v2\/product\/7455","targetHints":{"allow":["GET"]}}],"collection":[{"href":"https:\/\/iberoid.com\/it\/wp-json\/wp\/v2\/product"}],"about":[{"href":"https:\/\/iberoid.com\/it\/wp-json\/wp\/v2\/types\/product"}],"replies":[{"embeddable":true,"href":"https:\/\/iberoid.com\/it\/wp-json\/wp\/v2\/comments?post=7455"}],"wp:featuredmedia":[{"embeddable":true,"href":"https:\/\/iberoid.com\/it\/wp-json\/wp\/v2\/media\/7456"}],"wp:attachment":[{"href":"https:\/\/iberoid.com\/it\/wp-json\/wp\/v2\/media?parent=7455"}],"wp:term":[{"taxonomy":"product_brand","embeddable":true,"href":"https:\/\/iberoid.com\/it\/wp-json\/wp\/v2\/product_brand?post=7455"},{"taxonomy":"product_cat","embeddable":true,"href":"https:\/\/iberoid.com\/it\/wp-json\/wp\/v2\/product_cat?post=7455"},{"taxonomy":"product_tag","embeddable":true,"href":"https:\/\/iberoid.com\/it\/wp-json\/wp\/v2\/product_tag?post=7455"}],"curies":[{"name":"wp","href":"https:\/\/api.w.org\/{rel}","templated":true}]}}