{"id":7458,"date":"2022-03-16T14:29:15","date_gmt":"2022-03-16T14:29:15","guid":{"rendered":"https:\/\/iberoid.com\/?post_type=product&#038;p=7458"},"modified":"2022-06-14T19:05:13","modified_gmt":"2022-06-14T19:05:13","slug":"trenbolone-acetate-100mg-cygnus","status":"publish","type":"product","link":"https:\/\/iberoid.com\/it\/product\/trenbolone-acetate-100mg-cygnus\/","title":{"rendered":"Trenbolone Acetate"},"content":{"rendered":"<p>Acetato di trenbolone<br \/>\nAnche se dovessi impilare diversi steroidi anabolizzanti e usarli insieme, non sarebbero all&#8217;altezza di ci\u00f2 che Trenbolone Acetate offre da solo! \u00c8 cos\u00ec potente!<br \/>\nIl trenbolone \u00e8 stato descritto per la prima volta nel 1967. Questo \u00e8 uno steroide anabolizzante estremamente potente, 19-n\u00e9 modifica del testosterone, ma con attivit\u00e0 cinque volte pi\u00f9 forte sia anabolica che androgena.<\/p>\n<p>Trenbolone \u00e8 uno steroide anabolizzante. Essendo in realt\u00e0 un derivato del nandrolone, il trenbolone \u00e8 sorprendentemente diverso da quest&#8217;ultimo nelle propriet\u00e0. Per la natura della struttura, il trenbolone non \u00e8 esposto alla 5\u03b1-aromatasi, ma di per s\u00e9 pu\u00f2 esibire sia attivit\u00e0 estrogenica che progestinica (quest&#8217;ultima si esprime nella capacit\u00e0 di attivare i recettori del progesterone). Il trenbolone \u00e8 il pi\u00f9 potente degli steroidi anabolizzanti attualmente disponibili: il trenbolone non \u00e8 solo tre volte pi\u00f9 testosterone (e pi\u00f9 di tre volte) del nandrolone per stabilizzare il recettore degli androgeni.<\/p>\n<p>Il trenbolone aumenta notevolmente il livello dell&#8217;ormone estremamente anabolico IGF-1 (fattore di crescita simile all&#8217;insulina) all&#8217;interno del tessuto muscolare (fino al 200%). E vale la pena notare che non solo aumenta i livelli di IGF-1 nei muscoli di oltre due volte, ma fa anche s\u00ec che le cellule satelliti muscolari siano pi\u00f9 sensibili all&#8217;IGF-1 e ad altri fattori di crescita. Anche la quantit\u00e0 di DNA per cellula muscolare pu\u00f2 essere notevolmente aumentata.<\/p>","protected":false},"excerpt":{"rendered":"<p>Acetato di trenbolone Anche se dovessi impilare diversi steroidi anabolizzanti e usarli insieme, non sarebbero all&#8217;altezza di ci\u00f2 che Trenbolone<\/p>\n","protected":false},"featured_media":7460,"comment_status":"open","ping_status":"closed","template":"","meta":[],"product_brand":[],"product_cat":[69],"product_tag":[],"class_list":{"0":"post-7458","1":"product","2":"type-product","3":"status-publish","4":"has-post-thumbnail","6":"product_cat-esteroides_inyectables","8":"first","9":"outofstock","10":"shipping-taxable","11":"purchasable","12":"product-type-simple"},"yoast_head":"<!-- This site is optimized with the Yoast SEO Premium plugin v24.4 (Yoast SEO v27.3) - https:\/\/yoast.com\/product\/yoast-seo-premium-wordpress\/ -->\n<title>Trenbolone Acetate - Steroidi in linea<\/title>\n<meta name=\"robots\" content=\"index, follow, max-snippet:-1, max-image-preview:large, max-video-preview:-1\" \/>\n<link rel=\"canonical\" href=\"https:\/\/iberoid.com\/it\/product\/trenbolone-acetate-100mg-cygnus\/\" \/>\n<meta property=\"og:locale\" content=\"it_IT\" \/>\n<meta property=\"og:type\" content=\"article\" \/>\n<meta property=\"og:title\" content=\"Trenbolone Acetate\" \/>\n<meta property=\"og:description\" content=\"Acetato di trenbolone Anche se dovessi impilare diversi steroidi anabolizzanti e usarli insieme, non sarebbero all&#8217;altezza di ci\u00f2 che Trenbolone\" \/>\n<meta property=\"og:url\" content=\"https:\/\/iberoid.com\/it\/product\/trenbolone-acetate-100mg-cygnus\/\" \/>\n<meta property=\"og:site_name\" content=\"Steroidi in linea\" \/>\n<meta property=\"article:modified_time\" content=\"2022-06-14T19:05:13+00:00\" \/>\n<meta property=\"og:image\" content=\"https:\/\/iberoid.com\/wp-content\/uploads\/2022\/03\/Trenbolone-acetate-100.jpg?v=1678119902\" \/>\n\t<meta property=\"og:image:width\" content=\"1000\" \/>\n\t<meta property=\"og:image:height\" content=\"698\" \/>\n\t<meta property=\"og:image:type\" content=\"image\/jpeg\" \/>\n<meta name=\"twitter:card\" content=\"summary_large_image\" \/>\n<meta name=\"twitter:label1\" content=\"Prezzo\" \/>\n\t<meta name=\"twitter:data1\" content=\"&euro;75.00\" \/>\n\t<meta name=\"twitter:label2\" content=\"Disponibilit\u00e0\" \/>\n\t<meta name=\"twitter:data2\" content=\"Esaurito\" \/>\n<script type=\"application\/ld+json\" class=\"yoast-schema-graph\">{\"@context\":\"https:\\\/\\\/schema.org\",\"@graph\":[{\"@type\":\"WebPage\",\"@id\":\"https:\\\/\\\/iberoid.com\\\/it\\\/product\\\/trenbolone-acetate-100mg-cygnus\\\/\",\"url\":\"https:\\\/\\\/iberoid.com\\\/it\\\/product\\\/trenbolone-acetate-100mg-cygnus\\\/\",\"name\":\"Trenbolone Acetate - Steroidi in linea\",\"isPartOf\":{\"@id\":\"https:\\\/\\\/iberoid.com\\\/it\\\/#website\"},\"primaryImageOfPage\":{\"@id\":\"https:\\\/\\\/iberoid.com\\\/it\\\/product\\\/trenbolone-acetate-100mg-cygnus\\\/#primaryimage\"},\"image\":{\"@id\":\"https:\\\/\\\/iberoid.com\\\/it\\\/product\\\/trenbolone-acetate-100mg-cygnus\\\/#primaryimage\"},\"thumbnailUrl\":\"https:\\\/\\\/iberoid.com\\\/wp-content\\\/uploads\\\/2022\\\/03\\\/Trenbolone-acetate-100.jpg?v=1678119902\",\"datePublished\":\"2022-03-16T14:29:15+00:00\",\"dateModified\":\"2022-06-14T19:05:13+00:00\",\"breadcrumb\":{\"@id\":\"https:\\\/\\\/iberoid.com\\\/it\\\/product\\\/trenbolone-acetate-100mg-cygnus\\\/#breadcrumb\"},\"inLanguage\":\"it-IT\",\"potentialAction\":[{\"@type\":\"ReadAction\",\"target\":[[\"https:\\\/\\\/iberoid.com\\\/it\\\/product\\\/trenbolone-acetate-100mg-cygnus\\\/\"]]}]},{\"@type\":\"ImageObject\",\"inLanguage\":\"it-IT\",\"@id\":\"https:\\\/\\\/iberoid.com\\\/it\\\/product\\\/trenbolone-acetate-100mg-cygnus\\\/#primaryimage\",\"url\":\"https:\\\/\\\/iberoid.com\\\/wp-content\\\/uploads\\\/2022\\\/03\\\/Trenbolone-acetate-100.jpg?v=1678119902\",\"contentUrl\":\"https:\\\/\\\/iberoid.com\\\/wp-content\\\/uploads\\\/2022\\\/03\\\/Trenbolone-acetate-100.jpg?v=1678119902\",\"width\":1000,\"height\":698},{\"@type\":\"BreadcrumbList\",\"@id\":\"https:\\\/\\\/iberoid.com\\\/it\\\/product\\\/trenbolone-acetate-100mg-cygnus\\\/#breadcrumb\",\"itemListElement\":[{\"@type\":\"ListItem\",\"position\":1,\"name\":\"Portada\",\"item\":\"https:\\\/\\\/iberoid.com\\\/it\\\/\"},{\"@type\":\"ListItem\",\"position\":2,\"name\":\"Negozio\",\"item\":\"https:\\\/\\\/iberoid.com\\\/it\\\/shop\\\/\"},{\"@type\":\"ListItem\",\"position\":3,\"name\":\"Trenbolone Acetate\"}]},{\"@type\":\"WebSite\",\"@id\":\"https:\\\/\\\/iberoid.com\\\/it\\\/#website\",\"url\":\"https:\\\/\\\/iberoid.com\\\/it\\\/\",\"name\":\"Steroidi in linea\",\"description\":\"Acquista steroidi online oggi in Spagna e Portogallo. Abbiamo il miglior servizio clienti del settore e prodotti di altissima qualit\u00e0\",\"potentialAction\":[{\"@type\":\"SearchAction\",\"target\":{\"@type\":\"EntryPoint\",\"urlTemplate\":\"https:\\\/\\\/iberoid.com\\\/it\\\/?s={search_term_string}\"},\"query-input\":{\"@type\":\"PropertyValueSpecification\",\"valueRequired\":true,\"valueName\":\"search_term_string\"}}],\"inLanguage\":\"it-IT\"}]}<\/script>\n<meta property=\"product:brand\" content=\"Cygnus Pharmaceutical\" \/>\n<meta property=\"product:price:amount\" content=\"75.00\" \/>\n<meta property=\"product:price:currency\" content=\"EUR\" \/>\n<meta property=\"og:availability\" content=\"out of stock\" \/>\n<meta property=\"product:availability\" content=\"out of stock\" \/>\n<meta property=\"product:condition\" content=\"new\" \/>\n<!-- \/ Yoast SEO Premium plugin. -->","yoast_head_json":{"title":"Trenbolone Acetate - Steroidi in linea","robots":{"index":"index","follow":"follow","max-snippet":"max-snippet:-1","max-image-preview":"max-image-preview:large","max-video-preview":"max-video-preview:-1"},"canonical":"https:\/\/iberoid.com\/it\/product\/trenbolone-acetate-100mg-cygnus\/","og_locale":"it_IT","og_type":"article","og_title":"Trenbolone Acetate","og_description":"Acetato di trenbolone Anche se dovessi impilare diversi steroidi anabolizzanti e usarli insieme, non sarebbero all&#8217;altezza di ci\u00f2 che Trenbolone","og_url":"https:\/\/iberoid.com\/it\/product\/trenbolone-acetate-100mg-cygnus\/","og_site_name":"Steroidi in linea","article_modified_time":"2022-06-14T19:05:13+00:00","og_image":[{"width":1000,"height":698,"url":"https:\/\/iberoid.com\/wp-content\/uploads\/2022\/03\/Trenbolone-acetate-100.jpg?v=1678119902","type":"image\/jpeg"}],"twitter_card":"summary_large_image","twitter_misc":{"Prezzo":"&euro;75.00","Disponibilit\u00e0":"Esaurito"},"schema":{"@context":"https:\/\/schema.org","@graph":[{"@type":"WebPage","@id":"https:\/\/iberoid.com\/it\/product\/trenbolone-acetate-100mg-cygnus\/","url":"https:\/\/iberoid.com\/it\/product\/trenbolone-acetate-100mg-cygnus\/","name":"Trenbolone Acetate - Steroidi in linea","isPartOf":{"@id":"https:\/\/iberoid.com\/it\/#website"},"primaryImageOfPage":{"@id":"https:\/\/iberoid.com\/it\/product\/trenbolone-acetate-100mg-cygnus\/#primaryimage"},"image":{"@id":"https:\/\/iberoid.com\/it\/product\/trenbolone-acetate-100mg-cygnus\/#primaryimage"},"thumbnailUrl":"https:\/\/iberoid.com\/wp-content\/uploads\/2022\/03\/Trenbolone-acetate-100.jpg?v=1678119902","datePublished":"2022-03-16T14:29:15+00:00","dateModified":"2022-06-14T19:05:13+00:00","breadcrumb":{"@id":"https:\/\/iberoid.com\/it\/product\/trenbolone-acetate-100mg-cygnus\/#breadcrumb"},"inLanguage":"it-IT","potentialAction":[{"@type":"ReadAction","target":[["https:\/\/iberoid.com\/it\/product\/trenbolone-acetate-100mg-cygnus\/"]]}]},{"@type":"ImageObject","inLanguage":"it-IT","@id":"https:\/\/iberoid.com\/it\/product\/trenbolone-acetate-100mg-cygnus\/#primaryimage","url":"https:\/\/iberoid.com\/wp-content\/uploads\/2022\/03\/Trenbolone-acetate-100.jpg?v=1678119902","contentUrl":"https:\/\/iberoid.com\/wp-content\/uploads\/2022\/03\/Trenbolone-acetate-100.jpg?v=1678119902","width":1000,"height":698},{"@type":"BreadcrumbList","@id":"https:\/\/iberoid.com\/it\/product\/trenbolone-acetate-100mg-cygnus\/#breadcrumb","itemListElement":[{"@type":"ListItem","position":1,"name":"Portada","item":"https:\/\/iberoid.com\/it\/"},{"@type":"ListItem","position":2,"name":"Negozio","item":"https:\/\/iberoid.com\/it\/shop\/"},{"@type":"ListItem","position":3,"name":"Trenbolone Acetate"}]},{"@type":"WebSite","@id":"https:\/\/iberoid.com\/it\/#website","url":"https:\/\/iberoid.com\/it\/","name":"Steroidi in linea","description":"Acquista steroidi online oggi in Spagna e Portogallo. Abbiamo il miglior servizio clienti del settore e prodotti di altissima qualit\u00e0","potentialAction":[{"@type":"SearchAction","target":{"@type":"EntryPoint","urlTemplate":"https:\/\/iberoid.com\/it\/?s={search_term_string}"},"query-input":{"@type":"PropertyValueSpecification","valueRequired":true,"valueName":"search_term_string"}}],"inLanguage":"it-IT"}]},"product_brand":"Cygnus Pharmaceutical","product_price_amount":"75.00","product_price_currency":"EUR","og_availability":"out of stock","product_availability":"out of stock","product_condition":"new"},"_links":{"self":[{"href":"https:\/\/iberoid.com\/it\/wp-json\/wp\/v2\/product\/7458","targetHints":{"allow":["GET"]}}],"collection":[{"href":"https:\/\/iberoid.com\/it\/wp-json\/wp\/v2\/product"}],"about":[{"href":"https:\/\/iberoid.com\/it\/wp-json\/wp\/v2\/types\/product"}],"replies":[{"embeddable":true,"href":"https:\/\/iberoid.com\/it\/wp-json\/wp\/v2\/comments?post=7458"}],"wp:featuredmedia":[{"embeddable":true,"href":"https:\/\/iberoid.com\/it\/wp-json\/wp\/v2\/media\/7460"}],"wp:attachment":[{"href":"https:\/\/iberoid.com\/it\/wp-json\/wp\/v2\/media?parent=7458"}],"wp:term":[{"taxonomy":"product_brand","embeddable":true,"href":"https:\/\/iberoid.com\/it\/wp-json\/wp\/v2\/product_brand?post=7458"},{"taxonomy":"product_cat","embeddable":true,"href":"https:\/\/iberoid.com\/it\/wp-json\/wp\/v2\/product_cat?post=7458"},{"taxonomy":"product_tag","embeddable":true,"href":"https:\/\/iberoid.com\/it\/wp-json\/wp\/v2\/product_tag?post=7458"}],"curies":[{"name":"wp","href":"https:\/\/api.w.org\/{rel}","templated":true}]}}