{"id":7477,"date":"2022-03-21T20:01:52","date_gmt":"2022-03-21T20:01:52","guid":{"rendered":"https:\/\/iberoid.com\/?post_type=product&#038;p=7477"},"modified":"2026-04-15T17:46:31","modified_gmt":"2026-04-15T17:46:31","slug":"parabolan-trenbolone-hexahydrobenzylcarbonate-100-mg","status":"publish","type":"product","link":"https:\/\/iberoid.com\/it\/product\/parabolan-trenbolone-hexahydrobenzylcarbonate-100-mg\/","title":{"rendered":"PARABOLAN 100 MG"},"content":{"rendered":"<p>PARABOLA<\/p>\n<p>Principio attivo\u00a0\u2013 Trenbolone esaidrobenzilcarbonato (Parabolan)<\/p>\n<p>Parabolan \u00e8 un potente steroide sia di natura anabolica che androgena. La sostanza chimica attiva \u00e8 trenbolone esaidrobenzilcarbonato. Parabolan non \u00e8 aromatizzato all&#8217;interno del corpo e pu\u00f2 impedire anche ad altri steroidi di avere questo problema. In precedenza, lo steroide veniva utilizzato per aumentare la massa muscolare e l&#8217;appetito negli animali (bestiame). Nella sua forma originale, il Trenbolone non viene praticamente utilizzato, poich\u00e9 ha una durata d&#8217;azione molto lunga. Di solito vengono utilizzati i suoi derivati \u200b\u200besterificati come Enanthate o Acetate.<\/p>\n<p>L&#8217;effetto di Parabolan sul percorso<br \/>\nRapido guadagno di pura massa muscolare. In un corso, puoi guadagnare fino a 10 chilogrammi;<br \/>\nAumento degli indicatori di forza e potenza;<br \/>\nStimolazione della secrezione dell&#8217;ormone della crescita;<br \/>\nRapidi effetti brucia grassi osservati durante il ciclo;<br \/>\nUn aumento significativo del desiderio sessuale e dei livelli di libido;<br \/>\nDoppio aumento dei fattori di crescita simili all&#8217;insulina.<\/p>\n<p>Per la sua origine, il trenbolone \u00e8 un derivato del testosterone (a causa dell&#8217;attivit\u00e0 del progesterone e del meccanismo di feedback). Parabolan \u00e8 incline ai recettori degli androgeni ed \u00e8 5 volte pi\u00f9 forte del testosterone sia negli androgeni che nel suo grado anabolico, che \u00e8 anche 5 volte superiore a quello del testosterone. Quando si aumenta la massa muscolare e le prestazioni di forza, Parabolan \u00e8 praticamente ineguagliato da qualsiasi altra sostanza grazie alla potenza estrema che questa sostanza fornisce. Il farmaco ha guadagnato un&#8217;ampia popolarit\u00e0 poich\u00e9 non si converte in estrogeni sotto l&#8217;influenza dell&#8217;aromatasi. Non consente al corpo di trattenere i liquidi in eccesso e non porta alla ginecomastia estrogenica. Questo \u00e8 un enorme vantaggio per coloro che sono sensibili agli effetti estrogenici.<\/p>\n<p>Come prendere Parabolan?<\/p>\n<p>Il corso Parabolan non deve superare le 8-10 settimane, se l&#8217;assunzione di ulteriori farmaci gonadotropinici non \u00e8 inclusa nel corso. Data la pronunciata capacit\u00e0 del trenbolone di sopprimere la secrezione di testosterone del corpo, \u00e8 consigliabile iniettare farmaci gonadotropinici come hCG una volta alla settimana, o una volta ogni 3-4 giorni, dalla seconda settimana del corso fino alla sua fine (a dosaggi da da 500 a 1.000 UI). \u00c8 necessaria anche la terapia post-ciclo. Per quanto riguarda i dosaggi di Parabolan, per aumentare la massa muscolare, si consiglia di somministrare da 100-300 mg di farmaco a settimana. Puoi dividere la dose settimanale in due iniezioni, in modo che i tuoi dosaggi siano pi\u00f9 coerenti e pi\u00f9 stabili nel sangue, ma una volta alla settimana sar\u00e0 pi\u00f9 che sufficiente per la maggior parte degli utenti. Sebbene il corso da solista stesso dar\u00e0 un aumento significativo di massa e forza, per migliorare ulteriormente l&#8217;effetto, le combinazioni di altri steroidi che vanno bene insieme in un corso sono: Oxandrolone, Winstrol, Dianabol, Primobolan, Boldenone o Oxymetholone, con esteri di testosterone come steroidi di base all&#8217;interno del ciclo. Parabolan \u00e8 compatibile con quasi tutti gli steroidi anabolizzanti. Si prega di notare che la combinazione di questi steroidi viene selezionata in base a obiettivi specifici dell&#8217;atleta, ad es. per cicli di carica o di taglio. Per ulteriori informazioni su quale ciclo combinato \u00e8 pi\u00f9 adatto a te, contatta il nostro team di esperti per ulteriori consigli.<\/p>\n<p>Effetti collaterali<\/p>\n<p>Gli effetti collaterali possono essere un evento abbastanza frequente quando il dosaggio raccomandato o la durata del corso vengono superati e potrebbero causare; insonnia, pressione alta, aggressivit\u00e0 eccessiva, calvizie, acne, erezione lenta e diminuzione della libido. \u00c8 molto importante assumere cabergolina e gonadotropine durante l&#8217;uso di Parabolan, poich\u00e9 questo farmaco \u00e8 a base di progestinico nella sua natura. Il fegato ha un moderato effetto tossico. Non si osservano effetti estrogenici e gli effetti androgeni sono estremamente rari. Anche la combinazione di Parabolan con efedrina e\u00a0clenbuterolo\u00a0non \u00e8 raccomandata. Per acquistare questi farmaci necessari che sono necessari nel corso della tua fase di recupero, soprattutto, cerca nel nostro sito Web e troverai una selezione completa di queste sostanze necessarie.<\/p>","protected":false},"excerpt":{"rendered":"<p>PARABOLA Principio attivo\u00a0\u2013 Trenbolone esaidrobenzilcarbonato (Parabolan) Parabolan \u00e8 un potente steroide sia di natura anabolica che androgena. La sostanza chimica<\/p>\n","protected":false},"featured_media":7478,"comment_status":"open","ping_status":"closed","template":"","meta":[],"product_brand":[],"product_cat":[69],"product_tag":[],"class_list":{"0":"post-7477","1":"product","2":"type-product","3":"status-publish","4":"has-post-thumbnail","6":"product_cat-esteroides_inyectables","8":"first","9":"instock","10":"sale","11":"shipping-taxable","12":"purchasable","13":"product-type-simple"},"yoast_head":"<!-- This site is optimized with the Yoast SEO Premium plugin v24.4 (Yoast SEO v27.3) - https:\/\/yoast.com\/product\/yoast-seo-premium-wordpress\/ -->\n<title>PARABOLAN 100 MG - Steroidi in linea<\/title>\n<meta name=\"description\" content=\"Parabolan (Tren Hex): Potente steroide non aromatizzante per un notevole aumento di muscoli\/forza, perdita di grasso e aumento della libido. 5 volte pi\u00f9 forte del test.\" \/>\n<meta name=\"robots\" content=\"index, follow, max-snippet:-1, max-image-preview:large, max-video-preview:-1\" \/>\n<link rel=\"canonical\" href=\"https:\/\/iberoid.com\/it\/product\/parabolan-trenbolone-hexahydrobenzylcarbonate-100-mg\/\" \/>\n<meta property=\"og:locale\" content=\"it_IT\" \/>\n<meta property=\"og:type\" content=\"article\" \/>\n<meta property=\"og:title\" content=\"PARABOLAN 100 MG\" \/>\n<meta property=\"og:description\" content=\"Parabolan (Tren Hex): Potente steroide non aromatizzante per un notevole aumento di muscoli\/forza, perdita di grasso e aumento della libido. 5 volte pi\u00f9 forte del test.\" \/>\n<meta property=\"og:url\" content=\"https:\/\/iberoid.com\/it\/product\/parabolan-trenbolone-hexahydrobenzylcarbonate-100-mg\/\" \/>\n<meta property=\"og:site_name\" content=\"Steroidi in linea\" \/>\n<meta property=\"article:modified_time\" content=\"2026-04-15T17:46:31+00:00\" \/>\n<meta property=\"og:image\" content=\"https:\/\/iberoid.com\/wp-content\/uploads\/2022\/03\/para.jpg?v=1692348233\" \/>\n\t<meta property=\"og:image:width\" content=\"1024\" \/>\n\t<meta property=\"og:image:height\" content=\"768\" \/>\n\t<meta property=\"og:image:type\" content=\"image\/jpeg\" \/>\n<meta name=\"twitter:card\" content=\"summary_large_image\" \/>\n<meta name=\"twitter:label1\" content=\"Prezzo\" \/>\n\t<meta name=\"twitter:data1\" content=\"&euro;55.00\" \/>\n\t<meta name=\"twitter:label2\" content=\"Disponibilit\u00e0\" \/>\n\t<meta name=\"twitter:data2\" content=\"In stock\" \/>\n<script type=\"application\/ld+json\" class=\"yoast-schema-graph\">{\"@context\":\"https:\\\/\\\/schema.org\",\"@graph\":[{\"@type\":\"WebPage\",\"@id\":\"https:\\\/\\\/iberoid.com\\\/it\\\/product\\\/parabolan-trenbolone-hexahydrobenzylcarbonate-100-mg\\\/\",\"url\":\"https:\\\/\\\/iberoid.com\\\/it\\\/product\\\/parabolan-trenbolone-hexahydrobenzylcarbonate-100-mg\\\/\",\"name\":\"PARABOLAN 100 MG - Steroidi in linea\",\"isPartOf\":{\"@id\":\"https:\\\/\\\/iberoid.com\\\/it\\\/#website\"},\"primaryImageOfPage\":{\"@id\":\"https:\\\/\\\/iberoid.com\\\/it\\\/product\\\/parabolan-trenbolone-hexahydrobenzylcarbonate-100-mg\\\/#primaryimage\"},\"image\":{\"@id\":\"https:\\\/\\\/iberoid.com\\\/it\\\/product\\\/parabolan-trenbolone-hexahydrobenzylcarbonate-100-mg\\\/#primaryimage\"},\"thumbnailUrl\":\"https:\\\/\\\/iberoid.com\\\/wp-content\\\/uploads\\\/2022\\\/03\\\/para.jpg?v=1692348233\",\"datePublished\":\"2022-03-21T20:01:52+00:00\",\"dateModified\":\"2026-04-15T17:46:31+00:00\",\"description\":\"Parabolan (Tren Hex): Potente steroide non aromatizzante per un notevole aumento di muscoli\\\/forza, perdita di grasso e aumento della libido. 5 volte pi\u00f9 forte del test.\",\"breadcrumb\":{\"@id\":\"https:\\\/\\\/iberoid.com\\\/it\\\/product\\\/parabolan-trenbolone-hexahydrobenzylcarbonate-100-mg\\\/#breadcrumb\"},\"inLanguage\":\"it-IT\",\"potentialAction\":[{\"@type\":\"ReadAction\",\"target\":[[\"https:\\\/\\\/iberoid.com\\\/it\\\/product\\\/parabolan-trenbolone-hexahydrobenzylcarbonate-100-mg\\\/\"]]}]},{\"@type\":\"ImageObject\",\"inLanguage\":\"it-IT\",\"@id\":\"https:\\\/\\\/iberoid.com\\\/it\\\/product\\\/parabolan-trenbolone-hexahydrobenzylcarbonate-100-mg\\\/#primaryimage\",\"url\":\"https:\\\/\\\/iberoid.com\\\/wp-content\\\/uploads\\\/2022\\\/03\\\/para.jpg?v=1692348233\",\"contentUrl\":\"https:\\\/\\\/iberoid.com\\\/wp-content\\\/uploads\\\/2022\\\/03\\\/para.jpg?v=1692348233\",\"width\":1024,\"height\":768},{\"@type\":\"BreadcrumbList\",\"@id\":\"https:\\\/\\\/iberoid.com\\\/it\\\/product\\\/parabolan-trenbolone-hexahydrobenzylcarbonate-100-mg\\\/#breadcrumb\",\"itemListElement\":[{\"@type\":\"ListItem\",\"position\":1,\"name\":\"Portada\",\"item\":\"https:\\\/\\\/iberoid.com\\\/it\\\/\"},{\"@type\":\"ListItem\",\"position\":2,\"name\":\"Negozio\",\"item\":\"https:\\\/\\\/iberoid.com\\\/it\\\/shop\\\/\"},{\"@type\":\"ListItem\",\"position\":3,\"name\":\"PARABOLAN 100 MG\"}]},{\"@type\":\"WebSite\",\"@id\":\"https:\\\/\\\/iberoid.com\\\/it\\\/#website\",\"url\":\"https:\\\/\\\/iberoid.com\\\/it\\\/\",\"name\":\"Steroidi in linea\",\"description\":\"Acquista steroidi online oggi in Spagna e Portogallo. Abbiamo il miglior servizio clienti del settore e prodotti di altissima qualit\u00e0\",\"potentialAction\":[{\"@type\":\"SearchAction\",\"target\":{\"@type\":\"EntryPoint\",\"urlTemplate\":\"https:\\\/\\\/iberoid.com\\\/it\\\/?s={search_term_string}\"},\"query-input\":{\"@type\":\"PropertyValueSpecification\",\"valueRequired\":true,\"valueName\":\"search_term_string\"}}],\"inLanguage\":\"it-IT\"}]}<\/script>\n<meta property=\"product:brand\" content=\"Euro Prime Pharmaceuticals (EPF)\" \/>\n<meta property=\"product:price:amount\" content=\"55.00\" \/>\n<meta property=\"product:price:currency\" content=\"EUR\" \/>\n<meta property=\"og:availability\" content=\"instock\" \/>\n<meta property=\"product:availability\" content=\"instock\" \/>\n<meta property=\"product:condition\" content=\"new\" \/>\n<!-- \/ Yoast SEO Premium plugin. -->","yoast_head_json":{"title":"PARABOLAN 100 MG - Steroidi in linea","description":"Parabolan (Tren Hex): Potente steroide non aromatizzante per un notevole aumento di muscoli\/forza, perdita di grasso e aumento della libido. 5 volte pi\u00f9 forte del test.","robots":{"index":"index","follow":"follow","max-snippet":"max-snippet:-1","max-image-preview":"max-image-preview:large","max-video-preview":"max-video-preview:-1"},"canonical":"https:\/\/iberoid.com\/it\/product\/parabolan-trenbolone-hexahydrobenzylcarbonate-100-mg\/","og_locale":"it_IT","og_type":"article","og_title":"PARABOLAN 100 MG","og_description":"Parabolan (Tren Hex): Potente steroide non aromatizzante per un notevole aumento di muscoli\/forza, perdita di grasso e aumento della libido. 5 volte pi\u00f9 forte del test.","og_url":"https:\/\/iberoid.com\/it\/product\/parabolan-trenbolone-hexahydrobenzylcarbonate-100-mg\/","og_site_name":"Steroidi in linea","article_modified_time":"2026-04-15T17:46:31+00:00","og_image":[{"width":1024,"height":768,"url":"https:\/\/iberoid.com\/wp-content\/uploads\/2022\/03\/para.jpg?v=1692348233","type":"image\/jpeg"}],"twitter_card":"summary_large_image","twitter_misc":{"Prezzo":"&euro;55.00","Disponibilit\u00e0":"In stock"},"schema":{"@context":"https:\/\/schema.org","@graph":[{"@type":"WebPage","@id":"https:\/\/iberoid.com\/it\/product\/parabolan-trenbolone-hexahydrobenzylcarbonate-100-mg\/","url":"https:\/\/iberoid.com\/it\/product\/parabolan-trenbolone-hexahydrobenzylcarbonate-100-mg\/","name":"PARABOLAN 100 MG - Steroidi in linea","isPartOf":{"@id":"https:\/\/iberoid.com\/it\/#website"},"primaryImageOfPage":{"@id":"https:\/\/iberoid.com\/it\/product\/parabolan-trenbolone-hexahydrobenzylcarbonate-100-mg\/#primaryimage"},"image":{"@id":"https:\/\/iberoid.com\/it\/product\/parabolan-trenbolone-hexahydrobenzylcarbonate-100-mg\/#primaryimage"},"thumbnailUrl":"https:\/\/iberoid.com\/wp-content\/uploads\/2022\/03\/para.jpg?v=1692348233","datePublished":"2022-03-21T20:01:52+00:00","dateModified":"2026-04-15T17:46:31+00:00","description":"Parabolan (Tren Hex): Potente steroide non aromatizzante per un notevole aumento di muscoli\/forza, perdita di grasso e aumento della libido. 5 volte pi\u00f9 forte del test.","breadcrumb":{"@id":"https:\/\/iberoid.com\/it\/product\/parabolan-trenbolone-hexahydrobenzylcarbonate-100-mg\/#breadcrumb"},"inLanguage":"it-IT","potentialAction":[{"@type":"ReadAction","target":[["https:\/\/iberoid.com\/it\/product\/parabolan-trenbolone-hexahydrobenzylcarbonate-100-mg\/"]]}]},{"@type":"ImageObject","inLanguage":"it-IT","@id":"https:\/\/iberoid.com\/it\/product\/parabolan-trenbolone-hexahydrobenzylcarbonate-100-mg\/#primaryimage","url":"https:\/\/iberoid.com\/wp-content\/uploads\/2022\/03\/para.jpg?v=1692348233","contentUrl":"https:\/\/iberoid.com\/wp-content\/uploads\/2022\/03\/para.jpg?v=1692348233","width":1024,"height":768},{"@type":"BreadcrumbList","@id":"https:\/\/iberoid.com\/it\/product\/parabolan-trenbolone-hexahydrobenzylcarbonate-100-mg\/#breadcrumb","itemListElement":[{"@type":"ListItem","position":1,"name":"Portada","item":"https:\/\/iberoid.com\/it\/"},{"@type":"ListItem","position":2,"name":"Negozio","item":"https:\/\/iberoid.com\/it\/shop\/"},{"@type":"ListItem","position":3,"name":"PARABOLAN 100 MG"}]},{"@type":"WebSite","@id":"https:\/\/iberoid.com\/it\/#website","url":"https:\/\/iberoid.com\/it\/","name":"Steroidi in linea","description":"Acquista steroidi online oggi in Spagna e Portogallo. Abbiamo il miglior servizio clienti del settore e prodotti di altissima qualit\u00e0","potentialAction":[{"@type":"SearchAction","target":{"@type":"EntryPoint","urlTemplate":"https:\/\/iberoid.com\/it\/?s={search_term_string}"},"query-input":{"@type":"PropertyValueSpecification","valueRequired":true,"valueName":"search_term_string"}}],"inLanguage":"it-IT"}]},"product_brand":"Euro Prime Pharmaceuticals (EPF)","product_price_amount":"55.00","product_price_currency":"EUR","og_availability":"instock","product_availability":"instock","product_condition":"new"},"_links":{"self":[{"href":"https:\/\/iberoid.com\/it\/wp-json\/wp\/v2\/product\/7477","targetHints":{"allow":["GET"]}}],"collection":[{"href":"https:\/\/iberoid.com\/it\/wp-json\/wp\/v2\/product"}],"about":[{"href":"https:\/\/iberoid.com\/it\/wp-json\/wp\/v2\/types\/product"}],"replies":[{"embeddable":true,"href":"https:\/\/iberoid.com\/it\/wp-json\/wp\/v2\/comments?post=7477"}],"wp:featuredmedia":[{"embeddable":true,"href":"https:\/\/iberoid.com\/it\/wp-json\/wp\/v2\/media\/7478"}],"wp:attachment":[{"href":"https:\/\/iberoid.com\/it\/wp-json\/wp\/v2\/media?parent=7477"}],"wp:term":[{"taxonomy":"product_brand","embeddable":true,"href":"https:\/\/iberoid.com\/it\/wp-json\/wp\/v2\/product_brand?post=7477"},{"taxonomy":"product_cat","embeddable":true,"href":"https:\/\/iberoid.com\/it\/wp-json\/wp\/v2\/product_cat?post=7477"},{"taxonomy":"product_tag","embeddable":true,"href":"https:\/\/iberoid.com\/it\/wp-json\/wp\/v2\/product_tag?post=7477"}],"curies":[{"name":"wp","href":"https:\/\/api.w.org\/{rel}","templated":true}]}}