{"id":7494,"date":"2022-03-26T18:38:43","date_gmt":"2022-03-26T18:38:43","guid":{"rendered":"https:\/\/iberoid.com\/?post_type=product&#038;p=7494"},"modified":"2023-08-28T14:47:19","modified_gmt":"2023-08-28T14:47:19","slug":"bullforce-sidenafil-200-mg-blister-de-10-pastillas","status":"publish","type":"product","link":"https:\/\/iberoid.com\/it\/product\/bullforce-sidenafil-200-mg-blister-de-10-pastillas\/","title":{"rendered":"BULLFORCE-SILDENAFIL 200 MG-BLISTER DA 10 COMPRESSE"},"content":{"rendered":"<p><strong>BULLFORCE-SILDENAFIL 200 MG-BLISTER DA 10 COMPRESSE<\/strong><\/p>\n<p>Il sildenafil \u00e8 usato per trattare i problemi della funzione sessuale maschile (impotenza o disfunzione erettile-DE). In combinazione con la stimolazione sessuale, il sildenafil agisce aumentando il flusso sanguigno al pene per aiutare un uomo a ottenere e mantenere un&#8217;erezione.<\/p>\n<p>Per trattare la disfunzione erettile (DE), assumere questo farmaco per via orale, di solito secondo necessit\u00e0. Prendi il sildenafil almeno 30 minuti, ma non pi\u00f9 di 4 ore, prima dell&#8217;attivit\u00e0 sessuale (1 ora prima \u00e8 la pi\u00f9 efficace). Non prenderlo pi\u00f9 di una volta al giorno.<\/p>\n<p>Un pasto ricco di grassi pu\u00f2 rallentare la velocit\u00e0 con cui il medicinale inizia a funzionare.<\/p>\n<p>VIAGRA (sildenafil citrato), una terapia orale per la disfunzione erettile, \u00e8 il sale citrato del sildenafil, un inibitore selettivo della fosfodiesterasi di tipo 5 (PDE5) specifica della guanosina monofosfato ciclica (cGMP).<\/p>\n<p>VIAGRA \u00e8 formulato come compresse rivestite con film rotonde blu a forma di diamante equivalenti a 25 mg, 50 mg e 100 mg di sildenafil per somministrazione orale. Oltre al principio attivo, sildenafil citrato, ogni compressa contiene i seguenti eccipienti: cellulosa microcristallina, calcio fosfato dibasico anidro, croscarmellosa sodica, magnesio stearato, ipromellosa, biossido di titanio, lattosio, triacetina e lacca di alluminio FD&amp;C Blue #. due .<\/p>","protected":false},"excerpt":{"rendered":"<p>BULLFORCE-SILDENAFIL 200 MG-BLISTER DA 10 COMPRESSE Il sildenafil \u00e8 usato per trattare i problemi della funzione sessuale maschile (impotenza o<\/p>\n","protected":false},"featured_media":7495,"comment_status":"open","ping_status":"closed","template":"","meta":[],"product_brand":[],"product_cat":[73],"product_tag":[3484],"class_list":{"0":"post-7494","1":"product","2":"type-product","3":"status-publish","4":"has-post-thumbnail","6":"product_cat-ssteroides_orales","7":"product_tag-sidenafil200-mg","9":"first","10":"outofstock","11":"sale","12":"shipping-taxable","13":"purchasable","14":"product-type-simple"},"yoast_head":"<!-- This site is optimized with the Yoast SEO Premium plugin v24.4 (Yoast SEO v27.0) - https:\/\/yoast.com\/product\/yoast-seo-premium-wordpress\/ -->\n<title>BULLFORCE-SILDENAFIL 200 MG-BLISTER DA 10 COMPRESSE - Steroidi in linea<\/title>\n<meta name=\"robots\" content=\"index, follow, max-snippet:-1, max-image-preview:large, max-video-preview:-1\" \/>\n<link rel=\"canonical\" href=\"https:\/\/iberoid.com\/it\/product\/bullforce-sidenafil-200-mg-blister-de-10-pastillas\/\" \/>\n<meta property=\"og:locale\" content=\"it_IT\" \/>\n<meta property=\"og:type\" content=\"article\" \/>\n<meta property=\"og:title\" content=\"BULLFORCE-SILDENAFIL 200 MG-BLISTER DA 10 COMPRESSE\" \/>\n<meta property=\"og:description\" content=\"BULLFORCE-SILDENAFIL 200 MG-BLISTER DA 10 COMPRESSE Il sildenafil \u00e8 usato per trattare i problemi della funzione sessuale maschile (impotenza o\" \/>\n<meta property=\"og:url\" content=\"https:\/\/iberoid.com\/it\/product\/bullforce-sidenafil-200-mg-blister-de-10-pastillas\/\" \/>\n<meta property=\"og:site_name\" content=\"Steroidi in linea\" \/>\n<meta property=\"article:modified_time\" content=\"2023-08-28T14:47:19+00:00\" \/>\n<meta property=\"og:image\" content=\"https:\/\/iberoid.com\/wp-content\/uploads\/2022\/03\/bull.jpg?v=1678119900\" \/>\n\t<meta property=\"og:image:width\" content=\"1024\" \/>\n\t<meta property=\"og:image:height\" content=\"768\" \/>\n\t<meta property=\"og:image:type\" content=\"image\/jpeg\" \/>\n<meta name=\"twitter:card\" content=\"summary_large_image\" \/>\n<meta name=\"twitter:label1\" content=\"Prezzo\" \/>\n\t<meta name=\"twitter:data1\" content=\"&euro;15.00\" \/>\n\t<meta name=\"twitter:label2\" content=\"Disponibilit\u00e0\" \/>\n\t<meta name=\"twitter:data2\" content=\"Esaurito\" \/>\n<script type=\"application\/ld+json\" class=\"yoast-schema-graph\">{\"@context\":\"https:\/\/schema.org\",\"@graph\":[{\"@type\":\"WebPage\",\"@id\":\"https:\/\/iberoid.com\/it\/product\/bullforce-sidenafil-200-mg-blister-de-10-pastillas\/\",\"url\":\"https:\/\/iberoid.com\/it\/product\/bullforce-sidenafil-200-mg-blister-de-10-pastillas\/\",\"name\":\"BULLFORCE-SILDENAFIL 200 MG-BLISTER DA 10 COMPRESSE - Steroidi in linea\",\"isPartOf\":{\"@id\":\"https:\/\/iberoid-shop.com\/#website\"},\"primaryImageOfPage\":{\"@id\":\"https:\/\/iberoid.com\/it\/product\/bullforce-sidenafil-200-mg-blister-de-10-pastillas\/#primaryimage\"},\"image\":{\"@id\":\"https:\/\/iberoid.com\/it\/product\/bullforce-sidenafil-200-mg-blister-de-10-pastillas\/#primaryimage\"},\"thumbnailUrl\":\"https:\/\/iberoid.com\/wp-content\/uploads\/2022\/03\/bull.jpg?v=1678119900\",\"datePublished\":\"2022-03-26T18:38:43+00:00\",\"dateModified\":\"2023-08-28T14:47:19+00:00\",\"breadcrumb\":{\"@id\":\"https:\/\/iberoid.com\/it\/product\/bullforce-sidenafil-200-mg-blister-de-10-pastillas\/#breadcrumb\"},\"inLanguage\":\"it-IT\",\"potentialAction\":[{\"@type\":\"ReadAction\",\"target\":[[\"https:\/\/iberoid.com\/it\/product\/bullforce-sidenafil-200-mg-blister-de-10-pastillas\/\"]]}]},{\"@type\":\"ImageObject\",\"inLanguage\":\"it-IT\",\"@id\":\"https:\/\/iberoid.com\/it\/product\/bullforce-sidenafil-200-mg-blister-de-10-pastillas\/#primaryimage\",\"url\":\"https:\/\/iberoid.com\/wp-content\/uploads\/2022\/03\/bull.jpg?v=1678119900\",\"contentUrl\":\"https:\/\/iberoid.com\/wp-content\/uploads\/2022\/03\/bull.jpg?v=1678119900\",\"width\":1024,\"height\":768},{\"@type\":\"BreadcrumbList\",\"@id\":\"https:\/\/iberoid.com\/it\/product\/bullforce-sidenafil-200-mg-blister-de-10-pastillas\/#breadcrumb\",\"itemListElement\":[{\"@type\":\"ListItem\",\"position\":1,\"name\":\"Portada\",\"item\":\"https:\/\/iberoid.com\/it\/\"},{\"@type\":\"ListItem\",\"position\":2,\"name\":\"Negozio\",\"item\":\"https:\/\/iberoid.com\/it\/shop\/\"},{\"@type\":\"ListItem\",\"position\":3,\"name\":\"BULLFORCE-SILDENAFIL 200 MG-BLISTER DA 10 COMPRESSE\"}]},{\"@type\":\"WebSite\",\"@id\":\"https:\/\/iberoid-shop.com\/#website\",\"url\":\"https:\/\/iberoid-shop.com\/\",\"name\":\"Steroidi in linea\",\"description\":\"Acquista steroidi online oggi in Spagna e Portogallo. Abbiamo il miglior servizio clienti del settore e prodotti di altissima qualit\u00e0\",\"potentialAction\":[{\"@type\":\"SearchAction\",\"target\":{\"@type\":\"EntryPoint\",\"urlTemplate\":\"https:\/\/iberoid-shop.com\/?s={search_term_string}\"},\"query-input\":{\"@type\":\"PropertyValueSpecification\",\"valueRequired\":true,\"valueName\":\"search_term_string\"}}],\"inLanguage\":\"it-IT\"}]}<\/script>\n<meta property=\"product:brand\" content=\"Shreen Pharma\" \/>\n<meta property=\"product:price:amount\" content=\"15.00\" \/>\n<meta property=\"product:price:currency\" content=\"EUR\" \/>\n<meta property=\"og:availability\" content=\"out of stock\" \/>\n<meta property=\"product:availability\" content=\"out of stock\" \/>\n<meta property=\"product:condition\" content=\"new\" \/>\n<!-- \/ Yoast SEO Premium plugin. -->","yoast_head_json":{"title":"BULLFORCE-SILDENAFIL 200 MG-BLISTER DA 10 COMPRESSE - Steroidi in linea","robots":{"index":"index","follow":"follow","max-snippet":"max-snippet:-1","max-image-preview":"max-image-preview:large","max-video-preview":"max-video-preview:-1"},"canonical":"https:\/\/iberoid.com\/it\/product\/bullforce-sidenafil-200-mg-blister-de-10-pastillas\/","og_locale":"it_IT","og_type":"article","og_title":"BULLFORCE-SILDENAFIL 200 MG-BLISTER DA 10 COMPRESSE","og_description":"BULLFORCE-SILDENAFIL 200 MG-BLISTER DA 10 COMPRESSE Il sildenafil \u00e8 usato per trattare i problemi della funzione sessuale maschile (impotenza o","og_url":"https:\/\/iberoid.com\/it\/product\/bullforce-sidenafil-200-mg-blister-de-10-pastillas\/","og_site_name":"Steroidi in linea","article_modified_time":"2023-08-28T14:47:19+00:00","og_image":[{"width":1024,"height":768,"url":"https:\/\/iberoid.com\/wp-content\/uploads\/2022\/03\/bull.jpg?v=1678119900","type":"image\/jpeg"}],"twitter_card":"summary_large_image","twitter_misc":{"Prezzo":"&euro;15.00","Disponibilit\u00e0":"Esaurito"},"schema":{"@context":"https:\/\/schema.org","@graph":[{"@type":"WebPage","@id":"https:\/\/iberoid.com\/it\/product\/bullforce-sidenafil-200-mg-blister-de-10-pastillas\/","url":"https:\/\/iberoid.com\/it\/product\/bullforce-sidenafil-200-mg-blister-de-10-pastillas\/","name":"BULLFORCE-SILDENAFIL 200 MG-BLISTER DA 10 COMPRESSE - Steroidi in linea","isPartOf":{"@id":"https:\/\/iberoid-shop.com\/#website"},"primaryImageOfPage":{"@id":"https:\/\/iberoid.com\/it\/product\/bullforce-sidenafil-200-mg-blister-de-10-pastillas\/#primaryimage"},"image":{"@id":"https:\/\/iberoid.com\/it\/product\/bullforce-sidenafil-200-mg-blister-de-10-pastillas\/#primaryimage"},"thumbnailUrl":"https:\/\/iberoid.com\/wp-content\/uploads\/2022\/03\/bull.jpg?v=1678119900","datePublished":"2022-03-26T18:38:43+00:00","dateModified":"2023-08-28T14:47:19+00:00","breadcrumb":{"@id":"https:\/\/iberoid.com\/it\/product\/bullforce-sidenafil-200-mg-blister-de-10-pastillas\/#breadcrumb"},"inLanguage":"it-IT","potentialAction":[{"@type":"ReadAction","target":[["https:\/\/iberoid.com\/it\/product\/bullforce-sidenafil-200-mg-blister-de-10-pastillas\/"]]}]},{"@type":"ImageObject","inLanguage":"it-IT","@id":"https:\/\/iberoid.com\/it\/product\/bullforce-sidenafil-200-mg-blister-de-10-pastillas\/#primaryimage","url":"https:\/\/iberoid.com\/wp-content\/uploads\/2022\/03\/bull.jpg?v=1678119900","contentUrl":"https:\/\/iberoid.com\/wp-content\/uploads\/2022\/03\/bull.jpg?v=1678119900","width":1024,"height":768},{"@type":"BreadcrumbList","@id":"https:\/\/iberoid.com\/it\/product\/bullforce-sidenafil-200-mg-blister-de-10-pastillas\/#breadcrumb","itemListElement":[{"@type":"ListItem","position":1,"name":"Portada","item":"https:\/\/iberoid.com\/it\/"},{"@type":"ListItem","position":2,"name":"Negozio","item":"https:\/\/iberoid.com\/it\/shop\/"},{"@type":"ListItem","position":3,"name":"BULLFORCE-SILDENAFIL 200 MG-BLISTER DA 10 COMPRESSE"}]},{"@type":"WebSite","@id":"https:\/\/iberoid-shop.com\/#website","url":"https:\/\/iberoid-shop.com\/","name":"Steroidi in linea","description":"Acquista steroidi online oggi in Spagna e Portogallo. Abbiamo il miglior servizio clienti del settore e prodotti di altissima qualit\u00e0","potentialAction":[{"@type":"SearchAction","target":{"@type":"EntryPoint","urlTemplate":"https:\/\/iberoid-shop.com\/?s={search_term_string}"},"query-input":{"@type":"PropertyValueSpecification","valueRequired":true,"valueName":"search_term_string"}}],"inLanguage":"it-IT"}]},"product_brand":"Shreen Pharma","product_price_amount":"15.00","product_price_currency":"EUR","og_availability":"out of stock","product_availability":"out of stock","product_condition":"new"},"_links":{"self":[{"href":"https:\/\/iberoid.com\/it\/wp-json\/wp\/v2\/product\/7494","targetHints":{"allow":["GET"]}}],"collection":[{"href":"https:\/\/iberoid.com\/it\/wp-json\/wp\/v2\/product"}],"about":[{"href":"https:\/\/iberoid.com\/it\/wp-json\/wp\/v2\/types\/product"}],"replies":[{"embeddable":true,"href":"https:\/\/iberoid.com\/it\/wp-json\/wp\/v2\/comments?post=7494"}],"wp:featuredmedia":[{"embeddable":true,"href":"https:\/\/iberoid.com\/it\/wp-json\/wp\/v2\/media\/7495"}],"wp:attachment":[{"href":"https:\/\/iberoid.com\/it\/wp-json\/wp\/v2\/media?parent=7494"}],"wp:term":[{"taxonomy":"product_brand","embeddable":true,"href":"https:\/\/iberoid.com\/it\/wp-json\/wp\/v2\/product_brand?post=7494"},{"taxonomy":"product_cat","embeddable":true,"href":"https:\/\/iberoid.com\/it\/wp-json\/wp\/v2\/product_cat?post=7494"},{"taxonomy":"product_tag","embeddable":true,"href":"https:\/\/iberoid.com\/it\/wp-json\/wp\/v2\/product_tag?post=7494"}],"curies":[{"name":"wp","href":"https:\/\/api.w.org\/{rel}","templated":true}]}}