{"id":7522,"date":"2022-04-02T14:19:56","date_gmt":"2022-04-02T14:19:56","guid":{"rendered":"https:\/\/iberoid.com\/?post_type=product&#038;p=7522"},"modified":"2023-12-06T15:25:39","modified_gmt":"2023-12-06T15:25:39","slug":"boldenon-generics-pharma","status":"publish","type":"product","link":"https:\/\/iberoid.com\/it\/product\/boldenon-generics-pharma\/","title":{"rendered":"BOLDENONE 200"},"content":{"rendered":"<p>Boldenone Undecylenate\u00a0dal nostro negozio ha 200 mg per ml di agente. La fiala contiene 10 ml di Boldenone. \u00c8 uno steroide molto delicato e inoltre rilasciato per molto tempo. L&#8217;effetto pu\u00f2 essere visto circa 3 settimane dopo la prima iniezione.<\/p>\n<p>Azione del Boldenone Undecylenate:<\/p>\n<p>Boldenone Undecylenate aumenta il livello generale del metabolismo corporeo e aumenta significativamente l&#8217;appetito. Influisce in modo significativo sull&#8217;efficienza del corpo. Migliora la vascolarizzazione. Usando l&#8217;estere appropriato, l&#8217;agente rilascia per molto tempo, quindi i risultati possono essere visti abbastanza tardi, ma sono molto grandi sui cicli di massa.<br \/>\nBoldenone\u00a0ha un&#8217;emivita molto lunga, quindi \u00e8 necessario utilizzarlo per un minimo di 12 settimane per sentire l&#8217;effetto dell&#8217;agente. L&#8217;agente \u00e8 ottimo per la massa ma pu\u00f2 essere utilizzato anche per la riduzione. \u00c8 fantastico perch\u00e9 guadagniamo massa muscolare secca.<\/p>\n<p>Durante il ciclo di riduzione non \u00e8 una buona idea usare il Boldenone perch\u00e9 pu\u00f2 aumentare il nostro appetito e impedirci di ridurlo correttamente. Questo agente aromatizza debolmente, al contrario, pu\u00f2 ridurre la quantit\u00e0 di estrogeni nel sangue, quindi si consiglia di testare questo ormone mentre \u00e8 nel mezzo per non averlo troppo basso e sentire effetti collaterali. Quando si utilizza qualsiasi mezzo, si consiglia di utilizzare\u00a0HCG\u00a0per facilitare lo sblocco del corpo.<\/p>\n<p>Effetti collaterali di Boldenone Undecylenate:<\/p>\n<p>Boldenone Undecylenate\u00a0non provoca effetti collaterali significativi ed \u00e8 ottimo per costruire massa corporea magra. Pu\u00f2 causare una diminuzione degli estrogeni, motivo per cui raccomandiamo test ormonali quando si utilizza questo rimedio. Altri effetti collaterali che\u00a0boldenone\u00a0pu\u00f2 causare includono acne, aumento della pressione sanguigna, caduta dei capelli e aumento dell&#8217;emocrito.<\/p>\n<p>Dosaggio di Boldenon:<\/p>\n<p>Donne: 50-100 mg una volta alla settimana<br \/>\nUomini: 200-600 mg una volta alla settimana<\/p>","protected":false},"excerpt":{"rendered":"<p>Boldenone Undecylenate\u00a0dal nostro negozio ha 200 mg per ml di agente. La fiala contiene 10 ml di Boldenone. \u00c8 uno<\/p>\n","protected":false},"featured_media":7523,"comment_status":"open","ping_status":"closed","template":"","meta":[],"product_brand":[],"product_cat":[69],"product_tag":[],"class_list":{"0":"post-7522","1":"product","2":"type-product","3":"status-publish","4":"has-post-thumbnail","6":"product_cat-esteroides_inyectables","8":"first","9":"outofstock","10":"shipping-taxable","11":"purchasable","12":"product-type-simple"},"yoast_head":"<!-- This site is optimized with the Yoast SEO Premium plugin v24.4 (Yoast SEO v27.0) - https:\/\/yoast.com\/product\/yoast-seo-premium-wordpress\/ -->\n<title>BOLDENONE 200 - Steroidi in linea<\/title>\n<meta name=\"robots\" content=\"index, follow, max-snippet:-1, max-image-preview:large, max-video-preview:-1\" \/>\n<link rel=\"canonical\" href=\"https:\/\/iberoid.com\/it\/product\/boldenon-generics-pharma\/\" \/>\n<meta property=\"og:locale\" content=\"it_IT\" \/>\n<meta property=\"og:type\" content=\"article\" \/>\n<meta property=\"og:title\" content=\"BOLDENONE 200\" \/>\n<meta property=\"og:description\" content=\"Boldenone Undecylenate\u00a0dal nostro negozio ha 200 mg per ml di agente. La fiala contiene 10 ml di Boldenone. \u00c8 uno\" \/>\n<meta property=\"og:url\" content=\"https:\/\/iberoid.com\/it\/product\/boldenon-generics-pharma\/\" \/>\n<meta property=\"og:site_name\" content=\"Steroidi in linea\" \/>\n<meta property=\"article:modified_time\" content=\"2023-12-06T15:25:39+00:00\" \/>\n<meta property=\"og:image\" content=\"https:\/\/iberoid.com\/wp-content\/uploads\/2022\/04\/bolde.jpg?v=1694094347\" \/>\n\t<meta property=\"og:image:width\" content=\"355\" \/>\n\t<meta property=\"og:image:height\" content=\"333\" \/>\n\t<meta property=\"og:image:type\" content=\"image\/jpeg\" \/>\n<meta name=\"twitter:card\" content=\"summary_large_image\" \/>\n<meta name=\"twitter:label1\" content=\"Prezzo\" \/>\n\t<meta name=\"twitter:data1\" content=\"&euro;50.00\" \/>\n\t<meta name=\"twitter:label2\" content=\"Disponibilit\u00e0\" \/>\n\t<meta name=\"twitter:data2\" content=\"Esaurito\" \/>\n<script type=\"application\/ld+json\" class=\"yoast-schema-graph\">{\"@context\":\"https:\/\/schema.org\",\"@graph\":[{\"@type\":\"WebPage\",\"@id\":\"https:\/\/iberoid.com\/it\/product\/boldenon-generics-pharma\/\",\"url\":\"https:\/\/iberoid.com\/it\/product\/boldenon-generics-pharma\/\",\"name\":\"BOLDENONE 200 - Steroidi in linea\",\"isPartOf\":{\"@id\":\"https:\/\/iberoid-shop.com\/#website\"},\"primaryImageOfPage\":{\"@id\":\"https:\/\/iberoid.com\/it\/product\/boldenon-generics-pharma\/#primaryimage\"},\"image\":{\"@id\":\"https:\/\/iberoid.com\/it\/product\/boldenon-generics-pharma\/#primaryimage\"},\"thumbnailUrl\":\"https:\/\/iberoid.com\/wp-content\/uploads\/2022\/04\/bolde.jpg?v=1694094347\",\"datePublished\":\"2022-04-02T14:19:56+00:00\",\"dateModified\":\"2023-12-06T15:25:39+00:00\",\"breadcrumb\":{\"@id\":\"https:\/\/iberoid.com\/it\/product\/boldenon-generics-pharma\/#breadcrumb\"},\"inLanguage\":\"it-IT\",\"potentialAction\":[{\"@type\":\"ReadAction\",\"target\":[[\"https:\/\/iberoid.com\/it\/product\/boldenon-generics-pharma\/\"]]}]},{\"@type\":\"ImageObject\",\"inLanguage\":\"it-IT\",\"@id\":\"https:\/\/iberoid.com\/it\/product\/boldenon-generics-pharma\/#primaryimage\",\"url\":\"https:\/\/iberoid.com\/wp-content\/uploads\/2022\/04\/bolde.jpg?v=1694094347\",\"contentUrl\":\"https:\/\/iberoid.com\/wp-content\/uploads\/2022\/04\/bolde.jpg?v=1694094347\",\"width\":355,\"height\":333},{\"@type\":\"BreadcrumbList\",\"@id\":\"https:\/\/iberoid.com\/it\/product\/boldenon-generics-pharma\/#breadcrumb\",\"itemListElement\":[{\"@type\":\"ListItem\",\"position\":1,\"name\":\"Portada\",\"item\":\"https:\/\/iberoid.com\/it\/\"},{\"@type\":\"ListItem\",\"position\":2,\"name\":\"Negozio\",\"item\":\"https:\/\/iberoid.com\/it\/shop\/\"},{\"@type\":\"ListItem\",\"position\":3,\"name\":\"BOLDENONE 200\"}]},{\"@type\":\"WebSite\",\"@id\":\"https:\/\/iberoid-shop.com\/#website\",\"url\":\"https:\/\/iberoid-shop.com\/\",\"name\":\"Steroidi in linea\",\"description\":\"Acquista steroidi online oggi in Spagna e Portogallo. Abbiamo il miglior servizio clienti del settore e prodotti di altissima qualit\u00e0\",\"potentialAction\":[{\"@type\":\"SearchAction\",\"target\":{\"@type\":\"EntryPoint\",\"urlTemplate\":\"https:\/\/iberoid-shop.com\/?s={search_term_string}\"},\"query-input\":{\"@type\":\"PropertyValueSpecification\",\"valueRequired\":true,\"valueName\":\"search_term_string\"}}],\"inLanguage\":\"it-IT\"}]}<\/script>\n<meta property=\"product:brand\" content=\"Generics Pharma\" \/>\n<meta property=\"product:price:amount\" content=\"50.00\" \/>\n<meta property=\"product:price:currency\" content=\"EUR\" \/>\n<meta property=\"og:availability\" content=\"out of stock\" \/>\n<meta property=\"product:availability\" content=\"out of stock\" \/>\n<meta property=\"product:condition\" content=\"new\" \/>\n<!-- \/ Yoast SEO Premium plugin. -->","yoast_head_json":{"title":"BOLDENONE 200 - Steroidi in linea","robots":{"index":"index","follow":"follow","max-snippet":"max-snippet:-1","max-image-preview":"max-image-preview:large","max-video-preview":"max-video-preview:-1"},"canonical":"https:\/\/iberoid.com\/it\/product\/boldenon-generics-pharma\/","og_locale":"it_IT","og_type":"article","og_title":"BOLDENONE 200","og_description":"Boldenone Undecylenate\u00a0dal nostro negozio ha 200 mg per ml di agente. La fiala contiene 10 ml di Boldenone. \u00c8 uno","og_url":"https:\/\/iberoid.com\/it\/product\/boldenon-generics-pharma\/","og_site_name":"Steroidi in linea","article_modified_time":"2023-12-06T15:25:39+00:00","og_image":[{"width":355,"height":333,"url":"https:\/\/iberoid.com\/wp-content\/uploads\/2022\/04\/bolde.jpg?v=1694094347","type":"image\/jpeg"}],"twitter_card":"summary_large_image","twitter_misc":{"Prezzo":"&euro;50.00","Disponibilit\u00e0":"Esaurito"},"schema":{"@context":"https:\/\/schema.org","@graph":[{"@type":"WebPage","@id":"https:\/\/iberoid.com\/it\/product\/boldenon-generics-pharma\/","url":"https:\/\/iberoid.com\/it\/product\/boldenon-generics-pharma\/","name":"BOLDENONE 200 - Steroidi in linea","isPartOf":{"@id":"https:\/\/iberoid-shop.com\/#website"},"primaryImageOfPage":{"@id":"https:\/\/iberoid.com\/it\/product\/boldenon-generics-pharma\/#primaryimage"},"image":{"@id":"https:\/\/iberoid.com\/it\/product\/boldenon-generics-pharma\/#primaryimage"},"thumbnailUrl":"https:\/\/iberoid.com\/wp-content\/uploads\/2022\/04\/bolde.jpg?v=1694094347","datePublished":"2022-04-02T14:19:56+00:00","dateModified":"2023-12-06T15:25:39+00:00","breadcrumb":{"@id":"https:\/\/iberoid.com\/it\/product\/boldenon-generics-pharma\/#breadcrumb"},"inLanguage":"it-IT","potentialAction":[{"@type":"ReadAction","target":[["https:\/\/iberoid.com\/it\/product\/boldenon-generics-pharma\/"]]}]},{"@type":"ImageObject","inLanguage":"it-IT","@id":"https:\/\/iberoid.com\/it\/product\/boldenon-generics-pharma\/#primaryimage","url":"https:\/\/iberoid.com\/wp-content\/uploads\/2022\/04\/bolde.jpg?v=1694094347","contentUrl":"https:\/\/iberoid.com\/wp-content\/uploads\/2022\/04\/bolde.jpg?v=1694094347","width":355,"height":333},{"@type":"BreadcrumbList","@id":"https:\/\/iberoid.com\/it\/product\/boldenon-generics-pharma\/#breadcrumb","itemListElement":[{"@type":"ListItem","position":1,"name":"Portada","item":"https:\/\/iberoid.com\/it\/"},{"@type":"ListItem","position":2,"name":"Negozio","item":"https:\/\/iberoid.com\/it\/shop\/"},{"@type":"ListItem","position":3,"name":"BOLDENONE 200"}]},{"@type":"WebSite","@id":"https:\/\/iberoid-shop.com\/#website","url":"https:\/\/iberoid-shop.com\/","name":"Steroidi in linea","description":"Acquista steroidi online oggi in Spagna e Portogallo. Abbiamo il miglior servizio clienti del settore e prodotti di altissima qualit\u00e0","potentialAction":[{"@type":"SearchAction","target":{"@type":"EntryPoint","urlTemplate":"https:\/\/iberoid-shop.com\/?s={search_term_string}"},"query-input":{"@type":"PropertyValueSpecification","valueRequired":true,"valueName":"search_term_string"}}],"inLanguage":"it-IT"}]},"product_brand":"Generics Pharma","product_price_amount":"50.00","product_price_currency":"EUR","og_availability":"out of stock","product_availability":"out of stock","product_condition":"new"},"_links":{"self":[{"href":"https:\/\/iberoid.com\/it\/wp-json\/wp\/v2\/product\/7522","targetHints":{"allow":["GET"]}}],"collection":[{"href":"https:\/\/iberoid.com\/it\/wp-json\/wp\/v2\/product"}],"about":[{"href":"https:\/\/iberoid.com\/it\/wp-json\/wp\/v2\/types\/product"}],"replies":[{"embeddable":true,"href":"https:\/\/iberoid.com\/it\/wp-json\/wp\/v2\/comments?post=7522"}],"wp:featuredmedia":[{"embeddable":true,"href":"https:\/\/iberoid.com\/it\/wp-json\/wp\/v2\/media\/7523"}],"wp:attachment":[{"href":"https:\/\/iberoid.com\/it\/wp-json\/wp\/v2\/media?parent=7522"}],"wp:term":[{"taxonomy":"product_brand","embeddable":true,"href":"https:\/\/iberoid.com\/it\/wp-json\/wp\/v2\/product_brand?post=7522"},{"taxonomy":"product_cat","embeddable":true,"href":"https:\/\/iberoid.com\/it\/wp-json\/wp\/v2\/product_cat?post=7522"},{"taxonomy":"product_tag","embeddable":true,"href":"https:\/\/iberoid.com\/it\/wp-json\/wp\/v2\/product_tag?post=7522"}],"curies":[{"name":"wp","href":"https:\/\/api.w.org\/{rel}","templated":true}]}}