{"id":7527,"date":"2022-04-02T14:29:15","date_gmt":"2022-04-02T14:29:15","guid":{"rendered":"https:\/\/iberoid.com\/?post_type=product&#038;p=7527"},"modified":"2024-02-11T18:36:20","modified_gmt":"2024-02-11T18:36:20","slug":"sustanon-generics-pharm","status":"publish","type":"product","link":"https:\/\/iberoid.com\/it\/product\/sustanon-generics-pharm\/","title":{"rendered":"SUSTENON \/SUSTANON\/TESTOSTERON MIX"},"content":{"rendered":"<p>Sustanon 250 \u00e8 una miscela di diversi esteri di testosterone. Il prodotto include 4 forme di testosterone:<\/p>\n<p>30 mg \u2013\u00a0propionato di testosterone<br \/>\n60 mg \u2013 Fenilpropionato di testosterone<br \/>\n60 mg \u2013 Testosterone isocaproato<br \/>\n100 mg \u2013 Testosterone decanoato<br \/>\nOlio (pi\u00f9 spesso arachidi) come solvente<br \/>\nAlcool benzilico come conservante e antisettico<\/p>\n<p>Ogni forma di testosterone inclusa in\u00a0sustanon 250 in vendita\u00a0ha un tasso di assorbimento diverso, che consente di mantenere un livello costantemente alto di ormoni anabolici nel sangue per un mese. Non sono necessarie iniezioni frequenti, il prodotto viene messo solo una volta ogni tre settimane (per scopi medici). Alcuni credono che Sustanon 250 sia un ciclo combinato in una bottiglia, ma non \u00e8 cos\u00ec, perch\u00e9 ogni componente del farmaco viene convertito nel corpo solo in testosterone.<\/p>\n<p>Sustanon 250 effetti<\/p>\n<p>Sustanon 250 agisce esattamente come qualsiasi altra forma di testosterone. Ci\u00f2 significa che i principali effetti di Sustanon 250 sono:<\/p>\n<p>Aumento della massa muscolare (in media 6 kg al mese)<br \/>\nAzione anticatabolica<br \/>\nAumento dell&#8217;appetito<br \/>\nAumento dell&#8217;emopoiesi: l&#8217;aumento del numero di globuli rossi nel sangue fornisce un migliore trasporto di ossigeno, aumentando cos\u00ec la resistenza.<br \/>\nAumento della libido (durante l&#8217;assunzione Sustanon 250)<br \/>\nIl tempo di rilevamento del farmaco \u00e8 fino a 3 mesi.<br \/>\nCiclo Sustanon 250<\/p>\n<p>Sustanon 250 \u00e8 consigliato solo agli uomini per aumentare la massa muscolare, senza controindicazioni all&#8217;uso di steroidi anabolizzanti.<\/p>\n<p>Il ciclo di Sustanon dura fino a 10 settimane. Quando \u00e8 richiesta una durata maggiore, l&#8217;introduzione della gonadotropina.<\/p>\n<p>Le iniezioni del farmaco vengono eseguite una volta alla settimana alla dose di 250-500 mg per via intramuscolare (\u00e8 auspicabile introdurre Sustanon 250 nei muscoli glutei).<\/p>\n<p>Dalla seconda settimana del ciclo, iniziare a prendere gli inibitori dell&#8217;aromatasi sotto il controllo dei test degli estrogeni (di solito utilizzare\u00a0Anastrozolo\u00a0di 0,5 mg a giorni alterni). Interrompere ia 1-2 settimane dopo l&#8217;ultima iniezione.<\/p>\n<p>Dopo 3 settimane dall&#8217;ultima iniezione, inizia la terapia post ciclo, i booster di testosterone vengono assunti per 3-4 settimane per ripristinare la produzione del proprio testosterone.<\/p>\n<p>Per la massima efficienza del ciclo, prendi un complesso di nutrizione sportiva per aumentare la massa muscolare e segui una dieta per aumentare la massa muscolare.<\/p>","protected":false},"excerpt":{"rendered":"<p>Sustanon 250 \u00e8 una miscela di diversi esteri di testosterone. Il prodotto include 4 forme di testosterone: 30 mg \u2013\u00a0propionato<\/p>\n","protected":false},"featured_media":7528,"comment_status":"open","ping_status":"closed","template":"","meta":[],"product_brand":[],"product_cat":[69],"product_tag":[3481],"class_list":{"0":"post-7527","1":"product","2":"type-product","3":"status-publish","4":"has-post-thumbnail","6":"product_cat-esteroides_inyectables","7":"product_tag-sustanon","9":"first","10":"outofstock","11":"shipping-taxable","12":"purchasable","13":"product-type-simple"},"yoast_head":"<!-- This site is optimized with the Yoast SEO Premium plugin v24.4 (Yoast SEO v27.0) - https:\/\/yoast.com\/product\/yoast-seo-premium-wordpress\/ -->\n<title>SUSTENON \/SUSTANON\/TESTOSTERON MIX - Steroidi in linea<\/title>\n<meta name=\"robots\" content=\"index, follow, max-snippet:-1, max-image-preview:large, max-video-preview:-1\" \/>\n<link rel=\"canonical\" href=\"https:\/\/iberoid.com\/it\/product\/sustanon-generics-pharm\/\" \/>\n<meta property=\"og:locale\" content=\"it_IT\" \/>\n<meta property=\"og:type\" content=\"article\" \/>\n<meta property=\"og:title\" content=\"SUSTENON \/SUSTANON\/TESTOSTERON MIX\" \/>\n<meta property=\"og:description\" content=\"Sustanon 250 \u00e8 una miscela di diversi esteri di testosterone. Il prodotto include 4 forme di testosterone: 30 mg \u2013\u00a0propionato\" \/>\n<meta property=\"og:url\" content=\"https:\/\/iberoid.com\/it\/product\/sustanon-generics-pharm\/\" \/>\n<meta property=\"og:site_name\" content=\"Steroidi in linea\" \/>\n<meta property=\"article:modified_time\" content=\"2024-02-11T18:36:20+00:00\" \/>\n<meta property=\"og:image\" content=\"https:\/\/iberoid.com\/wp-content\/uploads\/2022\/04\/susta.jpg?v=1690929355\" \/>\n\t<meta property=\"og:image:width\" content=\"600\" \/>\n\t<meta property=\"og:image:height\" content=\"455\" \/>\n\t<meta property=\"og:image:type\" content=\"image\/jpeg\" \/>\n<meta name=\"twitter:card\" content=\"summary_large_image\" \/>\n<meta name=\"twitter:label1\" content=\"Prezzo\" \/>\n\t<meta name=\"twitter:data1\" content=\"&euro;40.00\" \/>\n\t<meta name=\"twitter:label2\" content=\"Disponibilit\u00e0\" \/>\n\t<meta name=\"twitter:data2\" content=\"Esaurito\" \/>\n<script type=\"application\/ld+json\" class=\"yoast-schema-graph\">{\"@context\":\"https:\/\/schema.org\",\"@graph\":[{\"@type\":\"WebPage\",\"@id\":\"https:\/\/iberoid.com\/it\/product\/sustanon-generics-pharm\/\",\"url\":\"https:\/\/iberoid.com\/it\/product\/sustanon-generics-pharm\/\",\"name\":\"SUSTENON \/SUSTANON\/TESTOSTERON MIX - Steroidi in linea\",\"isPartOf\":{\"@id\":\"https:\/\/iberoid.com\/it\/#website\"},\"primaryImageOfPage\":{\"@id\":\"https:\/\/iberoid.com\/it\/product\/sustanon-generics-pharm\/#primaryimage\"},\"image\":{\"@id\":\"https:\/\/iberoid.com\/it\/product\/sustanon-generics-pharm\/#primaryimage\"},\"thumbnailUrl\":\"https:\/\/iberoid.com\/wp-content\/uploads\/2022\/04\/susta.jpg?v=1690929355\",\"datePublished\":\"2022-04-02T14:29:15+00:00\",\"dateModified\":\"2024-02-11T18:36:20+00:00\",\"breadcrumb\":{\"@id\":\"https:\/\/iberoid.com\/it\/product\/sustanon-generics-pharm\/#breadcrumb\"},\"inLanguage\":\"it-IT\",\"potentialAction\":[{\"@type\":\"ReadAction\",\"target\":[[\"https:\/\/iberoid.com\/it\/product\/sustanon-generics-pharm\/\"]]}]},{\"@type\":\"ImageObject\",\"inLanguage\":\"it-IT\",\"@id\":\"https:\/\/iberoid.com\/it\/product\/sustanon-generics-pharm\/#primaryimage\",\"url\":\"https:\/\/iberoid.com\/wp-content\/uploads\/2022\/04\/susta.jpg?v=1690929355\",\"contentUrl\":\"https:\/\/iberoid.com\/wp-content\/uploads\/2022\/04\/susta.jpg?v=1690929355\",\"width\":600,\"height\":455},{\"@type\":\"BreadcrumbList\",\"@id\":\"https:\/\/iberoid.com\/it\/product\/sustanon-generics-pharm\/#breadcrumb\",\"itemListElement\":[{\"@type\":\"ListItem\",\"position\":1,\"name\":\"Portada\",\"item\":\"https:\/\/iberoid.com\/it\/\"},{\"@type\":\"ListItem\",\"position\":2,\"name\":\"Negozio\",\"item\":\"https:\/\/iberoid.com\/it\/shop\/\"},{\"@type\":\"ListItem\",\"position\":3,\"name\":\"SUSTENON \/SUSTANON\/TESTOSTERON MIX\"}]},{\"@type\":\"WebSite\",\"@id\":\"https:\/\/iberoid.com\/it\/#website\",\"url\":\"https:\/\/iberoid.com\/it\/\",\"name\":\"Steroidi in linea\",\"description\":\"Acquista steroidi online oggi in Spagna e Portogallo. Abbiamo il miglior servizio clienti del settore e prodotti di altissima qualit\u00e0\",\"potentialAction\":[{\"@type\":\"SearchAction\",\"target\":{\"@type\":\"EntryPoint\",\"urlTemplate\":\"https:\/\/iberoid.com\/it\/?s={search_term_string}\"},\"query-input\":{\"@type\":\"PropertyValueSpecification\",\"valueRequired\":true,\"valueName\":\"search_term_string\"}}],\"inLanguage\":\"it-IT\"}]}<\/script>\n<meta property=\"product:brand\" content=\"Generics Pharma\" \/>\n<meta property=\"product:price:amount\" content=\"40.00\" \/>\n<meta property=\"product:price:currency\" content=\"EUR\" \/>\n<meta property=\"og:availability\" content=\"out of stock\" \/>\n<meta property=\"product:availability\" content=\"out of stock\" \/>\n<meta property=\"product:condition\" content=\"new\" \/>\n<!-- \/ Yoast SEO Premium plugin. -->","yoast_head_json":{"title":"SUSTENON \/SUSTANON\/TESTOSTERON MIX - Steroidi in linea","robots":{"index":"index","follow":"follow","max-snippet":"max-snippet:-1","max-image-preview":"max-image-preview:large","max-video-preview":"max-video-preview:-1"},"canonical":"https:\/\/iberoid.com\/it\/product\/sustanon-generics-pharm\/","og_locale":"it_IT","og_type":"article","og_title":"SUSTENON \/SUSTANON\/TESTOSTERON MIX","og_description":"Sustanon 250 \u00e8 una miscela di diversi esteri di testosterone. Il prodotto include 4 forme di testosterone: 30 mg \u2013\u00a0propionato","og_url":"https:\/\/iberoid.com\/it\/product\/sustanon-generics-pharm\/","og_site_name":"Steroidi in linea","article_modified_time":"2024-02-11T18:36:20+00:00","og_image":[{"width":600,"height":455,"url":"https:\/\/iberoid.com\/wp-content\/uploads\/2022\/04\/susta.jpg?v=1690929355","type":"image\/jpeg"}],"twitter_card":"summary_large_image","twitter_misc":{"Prezzo":"&euro;40.00","Disponibilit\u00e0":"Esaurito"},"schema":{"@context":"https:\/\/schema.org","@graph":[{"@type":"WebPage","@id":"https:\/\/iberoid.com\/it\/product\/sustanon-generics-pharm\/","url":"https:\/\/iberoid.com\/it\/product\/sustanon-generics-pharm\/","name":"SUSTENON \/SUSTANON\/TESTOSTERON MIX - Steroidi in linea","isPartOf":{"@id":"https:\/\/iberoid.com\/it\/#website"},"primaryImageOfPage":{"@id":"https:\/\/iberoid.com\/it\/product\/sustanon-generics-pharm\/#primaryimage"},"image":{"@id":"https:\/\/iberoid.com\/it\/product\/sustanon-generics-pharm\/#primaryimage"},"thumbnailUrl":"https:\/\/iberoid.com\/wp-content\/uploads\/2022\/04\/susta.jpg?v=1690929355","datePublished":"2022-04-02T14:29:15+00:00","dateModified":"2024-02-11T18:36:20+00:00","breadcrumb":{"@id":"https:\/\/iberoid.com\/it\/product\/sustanon-generics-pharm\/#breadcrumb"},"inLanguage":"it-IT","potentialAction":[{"@type":"ReadAction","target":[["https:\/\/iberoid.com\/it\/product\/sustanon-generics-pharm\/"]]}]},{"@type":"ImageObject","inLanguage":"it-IT","@id":"https:\/\/iberoid.com\/it\/product\/sustanon-generics-pharm\/#primaryimage","url":"https:\/\/iberoid.com\/wp-content\/uploads\/2022\/04\/susta.jpg?v=1690929355","contentUrl":"https:\/\/iberoid.com\/wp-content\/uploads\/2022\/04\/susta.jpg?v=1690929355","width":600,"height":455},{"@type":"BreadcrumbList","@id":"https:\/\/iberoid.com\/it\/product\/sustanon-generics-pharm\/#breadcrumb","itemListElement":[{"@type":"ListItem","position":1,"name":"Portada","item":"https:\/\/iberoid.com\/it\/"},{"@type":"ListItem","position":2,"name":"Negozio","item":"https:\/\/iberoid.com\/it\/shop\/"},{"@type":"ListItem","position":3,"name":"SUSTENON \/SUSTANON\/TESTOSTERON MIX"}]},{"@type":"WebSite","@id":"https:\/\/iberoid.com\/it\/#website","url":"https:\/\/iberoid.com\/it\/","name":"Steroidi in linea","description":"Acquista steroidi online oggi in Spagna e Portogallo. Abbiamo il miglior servizio clienti del settore e prodotti di altissima qualit\u00e0","potentialAction":[{"@type":"SearchAction","target":{"@type":"EntryPoint","urlTemplate":"https:\/\/iberoid.com\/it\/?s={search_term_string}"},"query-input":{"@type":"PropertyValueSpecification","valueRequired":true,"valueName":"search_term_string"}}],"inLanguage":"it-IT"}]},"product_brand":"Generics Pharma","product_price_amount":"40.00","product_price_currency":"EUR","og_availability":"out of stock","product_availability":"out of stock","product_condition":"new"},"_links":{"self":[{"href":"https:\/\/iberoid.com\/it\/wp-json\/wp\/v2\/product\/7527","targetHints":{"allow":["GET"]}}],"collection":[{"href":"https:\/\/iberoid.com\/it\/wp-json\/wp\/v2\/product"}],"about":[{"href":"https:\/\/iberoid.com\/it\/wp-json\/wp\/v2\/types\/product"}],"replies":[{"embeddable":true,"href":"https:\/\/iberoid.com\/it\/wp-json\/wp\/v2\/comments?post=7527"}],"wp:featuredmedia":[{"embeddable":true,"href":"https:\/\/iberoid.com\/it\/wp-json\/wp\/v2\/media\/7528"}],"wp:attachment":[{"href":"https:\/\/iberoid.com\/it\/wp-json\/wp\/v2\/media?parent=7527"}],"wp:term":[{"taxonomy":"product_brand","embeddable":true,"href":"https:\/\/iberoid.com\/it\/wp-json\/wp\/v2\/product_brand?post=7527"},{"taxonomy":"product_cat","embeddable":true,"href":"https:\/\/iberoid.com\/it\/wp-json\/wp\/v2\/product_cat?post=7527"},{"taxonomy":"product_tag","embeddable":true,"href":"https:\/\/iberoid.com\/it\/wp-json\/wp\/v2\/product_tag?post=7527"}],"curies":[{"name":"wp","href":"https:\/\/api.w.org\/{rel}","templated":true}]}}