{"id":7688,"date":"2022-05-22T13:40:54","date_gmt":"2022-05-22T13:40:54","guid":{"rendered":"https:\/\/iberoid.com\/?post_type=product&#038;p=7688"},"modified":"2023-04-10T19:47:35","modified_gmt":"2023-04-10T19:47:35","slug":"jintropin-120-ui","status":"publish","type":"product","link":"https:\/\/iberoid.com\/it\/product\/jintropin-120-ui\/","title":{"rendered":"JINTROPIN-120-UI"},"content":{"rendered":"<p>JINTROPIN-120-UI, GH (ormone della crescita umano) \u00e8 un ormone naturale secreto dalla ghiandola pituitaria di una persona. Si chiama anche somatropina. HGH \u00e8 secreto per tutta la vita di una persona ed \u00e8 responsabile della sana funzione del corpo umano. I livelli di HGH raggiungono il picco nell&#8217;et\u00e0 adulta durante la pubert\u00e0 e svolgono un ruolo importante nell&#8217;altezza di una persona. La crescita delle ossa lunghe e della cartilagine nel nostro corpo \u00e8 innescata dalla produzione di HGH. L&#8217;aumento dei livelli di HGH porta alla rapida crescita delle ossa lunghe del nostro corpo, che determina direttamente la nostra altezza. Livelli anormalmente alti di HGH nel corpo possono portare al gigantismo, dove la persona sar\u00e0 anormalmente alta, mentre livelli molto bassi di HGH possono portare al nanismo, dove la persona sar\u00e0 anormalmente bassa.<\/p>\n<p>Vantaggi di Jintropin HGH:<\/p>\n<p>L&#8217;ormone della crescita \u00e8 stato studiato in vari studi clinici su animali e umani, ma MayoClinic.com osserva che non ci sono molte prove per dimostrare che l&#8217;HGH pu\u00f2 aiutare gli adulti altrimenti sani a ritrovare la loro giovinezza e vitalit\u00e0. Tuttavia, l&#8217;HGH ha vantaggi se si dispone di una vera carenza di ormone della crescita non correlata all&#8217;invecchiamento. Questa condizione \u00e8 rara, spesso causata da un tumore dell&#8217;ipofisi e l&#8217;HGH aiuta ad aumentare la densit\u00e0 ossea, la massa muscolare e la capacit\u00e0 di esercizio riducendo il grasso corporeo in questi pazienti. L&#8217;ormone della crescita umano \u00e8 approvato anche per il trattamento dell&#8217;atrofia muscolare nei pazienti con HIV o AIDS.<\/p>\n<p>Effetti collaterali:<\/p>\n<p>Se sei un adulto sano che assume Jintropin o un altro prodotto a base di ormone della crescita umano, potresti sperimentare la sindrome del tunnel carpale, gonfiore delle braccia e delle gambe, dolore articolare e muscolare o ingrossamento del tessuto mammario maschile, chiamato ginecomastia. L&#8217;HGH pu\u00f2 anche essere un fattore che contribuisce allo sviluppo del diabete e delle malattie cardiache. L&#8217;ormone della crescita umano pu\u00f2 portare a una condizione nota come acromegalia, crescita anormale delle mani e dei piedi. L&#8217;uso di HGH nei bambini \u00e8 stato anche associato a un rischio pi\u00f9 elevato di cancro negli ultimi anni.<\/p>\n<p>Identificazione:<\/p>\n<p>Jintropin \u00e8 stato sviluppato dallo scienziato cinese Dr. Lei Jin, che lo ha intitolato a se stesso. \u00c8 stato creato utilizzando la tecnologia del DNA ricombinante da un processo metabolico che si trova nei batteri E.coli e ha la stessa sequenza di aminoacidi dell&#8217;ormone della crescita umano nativo, o HGH, prodotto nel corpo. L&#8217;HGH \u00e8 un importante ormone secreto dalla ghiandola pituitaria che stimola la crescita muscolare e ossea, aiuta a regolare il metabolismo e influenza il piacere sessuale. La produzione di HGH rallenta con l&#8217;invecchiamento.<\/p>\n<p>Dosaggio:<br \/>\nUomini 4-6IU\/giorno<br \/>\nDonne 2U\/giorno<br \/>\nPeriodo 3-6 mesi<br \/>\nMinimo 3 mesi<\/p>","protected":false},"excerpt":{"rendered":"<p>JINTROPIN-120-UI, GH (ormone della crescita umano) \u00e8 un ormone naturale secreto dalla ghiandola pituitaria di una persona. Si chiama anche<\/p>\n","protected":false},"featured_media":7689,"comment_status":"open","ping_status":"closed","template":"","meta":[],"product_brand":[],"product_cat":[76],"product_tag":[],"class_list":{"0":"post-7688","1":"product","2":"type-product","3":"status-publish","4":"has-post-thumbnail","6":"product_cat-hgh_peptido","8":"first","9":"outofstock","10":"sale","11":"shipping-taxable","12":"purchasable","13":"product-type-simple"},"yoast_head":"<!-- This site is optimized with the Yoast SEO Premium plugin v24.4 (Yoast SEO v27.0) - https:\/\/yoast.com\/product\/yoast-seo-premium-wordpress\/ -->\n<title>JINTROPIN-120-UI - Steroidi in linea<\/title>\n<meta name=\"robots\" content=\"index, follow, max-snippet:-1, max-image-preview:large, max-video-preview:-1\" \/>\n<link rel=\"canonical\" href=\"https:\/\/iberoid-shop.com\/product\/jintropin-120-ui\/\" \/>\n<meta property=\"og:locale\" content=\"it_IT\" \/>\n<meta property=\"og:type\" content=\"article\" \/>\n<meta property=\"og:title\" content=\"JINTROPIN-120-UI\" \/>\n<meta property=\"og:description\" content=\"JINTROPIN-120-UI, GH (ormone della crescita umano) \u00e8 un ormone naturale secreto dalla ghiandola pituitaria di una persona. Si chiama anche\" \/>\n<meta property=\"og:url\" content=\"https:\/\/iberoid-shop.com\/product\/jintropin-120-ui\/\" \/>\n<meta property=\"og:site_name\" content=\"Steroidi in linea\" \/>\n<meta property=\"article:modified_time\" content=\"2023-04-10T19:47:35+00:00\" \/>\n<meta property=\"og:image\" content=\"https:\/\/iberoid-shop.com\/wp-content\/uploads\/2022\/05\/Jintropin-12-iu.jpg?v=1678119890\" \/>\n\t<meta property=\"og:image:width\" content=\"500\" \/>\n\t<meta property=\"og:image:height\" content=\"500\" \/>\n\t<meta property=\"og:image:type\" content=\"image\/jpeg\" \/>\n<meta name=\"twitter:card\" content=\"summary_large_image\" \/>\n<meta name=\"twitter:label1\" content=\"Prezzo\" \/>\n\t<meta name=\"twitter:data1\" content=\"&euro;100.00\" \/>\n\t<meta name=\"twitter:label2\" content=\"Disponibilit\u00e0\" \/>\n\t<meta name=\"twitter:data2\" content=\"Esaurito\" \/>\n<script type=\"application\/ld+json\" class=\"yoast-schema-graph\">{\"@context\":\"https:\/\/schema.org\",\"@graph\":[{\"@type\":\"WebPage\",\"@id\":\"https:\/\/iberoid-shop.com\/product\/jintropin-120-ui\/\",\"url\":\"https:\/\/iberoid-shop.com\/product\/jintropin-120-ui\/\",\"name\":\"JINTROPIN-120-UI - Steroidi in linea\",\"isPartOf\":{\"@id\":\"https:\/\/iberoid-shop.com\/#website\"},\"primaryImageOfPage\":{\"@id\":\"https:\/\/iberoid-shop.com\/product\/jintropin-120-ui\/#primaryimage\"},\"image\":{\"@id\":\"https:\/\/iberoid-shop.com\/product\/jintropin-120-ui\/#primaryimage\"},\"thumbnailUrl\":\"https:\/\/iberoid.com\/wp-content\/uploads\/2022\/05\/Jintropin-12-iu.jpg?v=1678119890\",\"datePublished\":\"2022-05-22T13:40:54+00:00\",\"dateModified\":\"2023-04-10T19:47:35+00:00\",\"breadcrumb\":{\"@id\":\"https:\/\/iberoid-shop.com\/product\/jintropin-120-ui\/#breadcrumb\"},\"inLanguage\":\"it-IT\",\"potentialAction\":[{\"@type\":\"ReadAction\",\"target\":[[\"https:\/\/iberoid-shop.com\/product\/jintropin-120-ui\/\"]]}]},{\"@type\":\"ImageObject\",\"inLanguage\":\"it-IT\",\"@id\":\"https:\/\/iberoid-shop.com\/product\/jintropin-120-ui\/#primaryimage\",\"url\":\"https:\/\/iberoid.com\/wp-content\/uploads\/2022\/05\/Jintropin-12-iu.jpg?v=1678119890\",\"contentUrl\":\"https:\/\/iberoid.com\/wp-content\/uploads\/2022\/05\/Jintropin-12-iu.jpg?v=1678119890\",\"width\":500,\"height\":500},{\"@type\":\"BreadcrumbList\",\"@id\":\"https:\/\/iberoid-shop.com\/product\/jintropin-120-ui\/#breadcrumb\",\"itemListElement\":[{\"@type\":\"ListItem\",\"position\":1,\"name\":\"Portada\",\"item\":\"https:\/\/iberoid.com\/it\/\"},{\"@type\":\"ListItem\",\"position\":2,\"name\":\"Negozio\",\"item\":\"https:\/\/iberoid.com\/it\/shop\/\"},{\"@type\":\"ListItem\",\"position\":3,\"name\":\"JINTROPIN-120-UI\"}]},{\"@type\":\"WebSite\",\"@id\":\"https:\/\/iberoid-shop.com\/#website\",\"url\":\"https:\/\/iberoid-shop.com\/\",\"name\":\"Steroidi in linea\",\"description\":\"Acquista steroidi online oggi in Spagna e Portogallo. Abbiamo il miglior servizio clienti del settore e prodotti di altissima qualit\u00e0\",\"potentialAction\":[{\"@type\":\"SearchAction\",\"target\":{\"@type\":\"EntryPoint\",\"urlTemplate\":\"https:\/\/iberoid-shop.com\/?s={search_term_string}\"},\"query-input\":{\"@type\":\"PropertyValueSpecification\",\"valueRequired\":true,\"valueName\":\"search_term_string\"}}],\"inLanguage\":\"it-IT\"}]}<\/script>\n<meta property=\"product:brand\" content=\"GeneScience Pharmaceuticals Ltd\" \/>\n<meta property=\"product:price:amount\" content=\"100.00\" \/>\n<meta property=\"product:price:currency\" content=\"EUR\" \/>\n<meta property=\"og:availability\" content=\"out of stock\" \/>\n<meta property=\"product:availability\" content=\"out of stock\" \/>\n<meta property=\"product:condition\" content=\"new\" \/>\n<!-- \/ Yoast SEO Premium plugin. -->","yoast_head_json":{"title":"JINTROPIN-120-UI - Steroidi in linea","robots":{"index":"index","follow":"follow","max-snippet":"max-snippet:-1","max-image-preview":"max-image-preview:large","max-video-preview":"max-video-preview:-1"},"canonical":"https:\/\/iberoid-shop.com\/product\/jintropin-120-ui\/","og_locale":"it_IT","og_type":"article","og_title":"JINTROPIN-120-UI","og_description":"JINTROPIN-120-UI, GH (ormone della crescita umano) \u00e8 un ormone naturale secreto dalla ghiandola pituitaria di una persona. Si chiama anche","og_url":"https:\/\/iberoid-shop.com\/product\/jintropin-120-ui\/","og_site_name":"Steroidi in linea","article_modified_time":"2023-04-10T19:47:35+00:00","og_image":[{"width":500,"height":500,"url":"https:\/\/iberoid-shop.com\/wp-content\/uploads\/2022\/05\/Jintropin-12-iu.jpg?v=1678119890","type":"image\/jpeg"}],"twitter_card":"summary_large_image","twitter_misc":{"Prezzo":"&euro;100.00","Disponibilit\u00e0":"Esaurito"},"schema":{"@context":"https:\/\/schema.org","@graph":[{"@type":"WebPage","@id":"https:\/\/iberoid-shop.com\/product\/jintropin-120-ui\/","url":"https:\/\/iberoid-shop.com\/product\/jintropin-120-ui\/","name":"JINTROPIN-120-UI - Steroidi in linea","isPartOf":{"@id":"https:\/\/iberoid-shop.com\/#website"},"primaryImageOfPage":{"@id":"https:\/\/iberoid-shop.com\/product\/jintropin-120-ui\/#primaryimage"},"image":{"@id":"https:\/\/iberoid-shop.com\/product\/jintropin-120-ui\/#primaryimage"},"thumbnailUrl":"https:\/\/iberoid.com\/wp-content\/uploads\/2022\/05\/Jintropin-12-iu.jpg?v=1678119890","datePublished":"2022-05-22T13:40:54+00:00","dateModified":"2023-04-10T19:47:35+00:00","breadcrumb":{"@id":"https:\/\/iberoid-shop.com\/product\/jintropin-120-ui\/#breadcrumb"},"inLanguage":"it-IT","potentialAction":[{"@type":"ReadAction","target":[["https:\/\/iberoid-shop.com\/product\/jintropin-120-ui\/"]]}]},{"@type":"ImageObject","inLanguage":"it-IT","@id":"https:\/\/iberoid-shop.com\/product\/jintropin-120-ui\/#primaryimage","url":"https:\/\/iberoid.com\/wp-content\/uploads\/2022\/05\/Jintropin-12-iu.jpg?v=1678119890","contentUrl":"https:\/\/iberoid.com\/wp-content\/uploads\/2022\/05\/Jintropin-12-iu.jpg?v=1678119890","width":500,"height":500},{"@type":"BreadcrumbList","@id":"https:\/\/iberoid-shop.com\/product\/jintropin-120-ui\/#breadcrumb","itemListElement":[{"@type":"ListItem","position":1,"name":"Portada","item":"https:\/\/iberoid.com\/it\/"},{"@type":"ListItem","position":2,"name":"Negozio","item":"https:\/\/iberoid.com\/it\/shop\/"},{"@type":"ListItem","position":3,"name":"JINTROPIN-120-UI"}]},{"@type":"WebSite","@id":"https:\/\/iberoid-shop.com\/#website","url":"https:\/\/iberoid-shop.com\/","name":"Steroidi in linea","description":"Acquista steroidi online oggi in Spagna e Portogallo. Abbiamo il miglior servizio clienti del settore e prodotti di altissima qualit\u00e0","potentialAction":[{"@type":"SearchAction","target":{"@type":"EntryPoint","urlTemplate":"https:\/\/iberoid-shop.com\/?s={search_term_string}"},"query-input":{"@type":"PropertyValueSpecification","valueRequired":true,"valueName":"search_term_string"}}],"inLanguage":"it-IT"}]},"product_brand":"GeneScience Pharmaceuticals Ltd","product_price_amount":"100.00","product_price_currency":"EUR","og_availability":"out of stock","product_availability":"out of stock","product_condition":"new"},"_links":{"self":[{"href":"https:\/\/iberoid.com\/it\/wp-json\/wp\/v2\/product\/7688","targetHints":{"allow":["GET"]}}],"collection":[{"href":"https:\/\/iberoid.com\/it\/wp-json\/wp\/v2\/product"}],"about":[{"href":"https:\/\/iberoid.com\/it\/wp-json\/wp\/v2\/types\/product"}],"replies":[{"embeddable":true,"href":"https:\/\/iberoid.com\/it\/wp-json\/wp\/v2\/comments?post=7688"}],"wp:featuredmedia":[{"embeddable":true,"href":"https:\/\/iberoid.com\/it\/wp-json\/wp\/v2\/media\/7689"}],"wp:attachment":[{"href":"https:\/\/iberoid.com\/it\/wp-json\/wp\/v2\/media?parent=7688"}],"wp:term":[{"taxonomy":"product_brand","embeddable":true,"href":"https:\/\/iberoid.com\/it\/wp-json\/wp\/v2\/product_brand?post=7688"},{"taxonomy":"product_cat","embeddable":true,"href":"https:\/\/iberoid.com\/it\/wp-json\/wp\/v2\/product_cat?post=7688"},{"taxonomy":"product_tag","embeddable":true,"href":"https:\/\/iberoid.com\/it\/wp-json\/wp\/v2\/product_tag?post=7688"}],"curies":[{"name":"wp","href":"https:\/\/api.w.org\/{rel}","templated":true}]}}