{"id":7833,"date":"2022-07-17T11:37:06","date_gmt":"2022-07-17T11:37:06","guid":{"rendered":"https:\/\/iberoid.com\/?post_type=product&#038;p=7833"},"modified":"2025-12-04T17:47:16","modified_gmt":"2025-12-04T17:47:16","slug":"clenbuterol-inyectable-100mcg-10ampollas","status":"publish","type":"product","link":"https:\/\/iberoid.com\/it\/product\/clenbuterol-inyectable-100mcg-10ampollas\/","title":{"rendered":"CLENBUTEROL"},"content":{"rendered":"<p><\/p>\n<h1 class=\"product_title entry-title\">Clenbuterol<\/h1>\n<p>CLENBUTEROL-100 MCG\/10 FIALE iniettabili<\/p>\n<p><strong>Che cos&#8217;\u00e8 il clenbuterolo?<\/strong><\/p>\n<p>Il clenbuterolo \u00e8 una sostanza che ha effetti simili agli steroidi ed \u00e8 classificato come un agonista beta2-adrenergico. Ci\u00f2 significa che stimola i recettori beta2-adrenergici nella gola. Il medicinale aiuta a rilassare i muscoli e i polmoni, facilitando la respirazione in caso di asma o di un&#8217;altra condizione respiratoria. Pu\u00f2 rimanere nel tuo corpo fino a 39 ore dopo averlo preso.<\/p>\n<p><strong>Clenbuterolo per il bodybuilding<\/strong><\/p>\n<p>Tuttavia, il clenbuterolo, chiamato anche clen, \u00e8 abusato da atleti e culturisti per la sua capacit\u00e0 di bruciare i grassi. Gli stessi recettori che vengono attivati \u200b\u200b\u200b\u200bdurante l&#8217;assunzione di clenbuterolo per l&#8217;asma aiutano anche a bruciare i grassi e aumentare la massa muscolare magra. Gli atleti che usano clenbuterolo ogni giorno in genere assumono da 60 a 120 milligrammi al giorno. Normalmente questo viene assunto in combinazione con altri farmaci dopanti o steroidi anabolizzanti.\u200c<\/p>\n<p>Il clenbuterolo aumenta la temperatura corporea attraverso un processo chiamato termogenesi. Una volta che la temperatura corporea \u00e8 aumentata, il metabolismo \u00e8 pronto per bruciare pi\u00f9 calorie. Poich\u00e9 il grasso viene immagazzinato nel corpo come energia, il tuo corpo pu\u00f2 utilizzare le calorie che hai gi\u00e0 immagazzinato. Ci\u00f2 pu\u00f2 ridurre il grasso corporeo e abbassare il peso complessivo.\u200c<\/p>\n<p>&nbsp;<\/p>\n<p>Poich\u00e9 il clenbuterolo \u00e8 un broncodilatatore, apre le vie aeree quando lo prendi. Questo \u00e8 utile per chi soffre di asma. Per gli atleti, questo consente loro di aumentare la loro resistenza avendo pi\u00f9 flusso d&#8217;aria che si muove intorno al corpo. \u00c8 disponibile pi\u00f9 ossigeno, quindi puoi esibirti pi\u00f9 duramente e meglio.<\/p>\n<p><strong>Vantaggi dell&#8217;utilizzo di clenbuterolo<\/strong><\/p>\n<p>Meno effetti collaterali androgeni. Si pensa che il clenbuterolo sia pi\u00f9 popolare degli steroidi anabolizzanti tra le culturiste perch\u00e9 ci sono meno effetti collaterali androgeni. Gli steroidi in genere causano effetti collaterali come un aumento dei peli sul viso o l&#8217;approfondimento della voce. Non \u00e8 noto che il clenbuterolo causi questi.\u200c<\/p>\n<p>Perdita di peso rapida. Come notato, il clenbuterolo agisce aumentando il metabolismo, aiutandoti a bruciare i grassi. Uno studio ha coinvolto due gruppi di uomini in sovrappeso che sono stati sottoposti alla stessa dieta rigorosa. A un gruppo \u00e8 stato somministrato clenbuterolo e a uno no. In dieci settimane, il gruppo che ha ricevuto clenbuterolo ha perso una media di 11,4 chilogrammi di grasso e il gruppo di controllo ha perso 8,7 chilogrammi di grasso. \u200c<\/p>\n<p>Soppressione dell&#8217;appetito. Molti bodybuilder si affidano al clenbuterolo prima di un&#8217;imminente esibizione o competizione per eliminare il grasso in eccesso. Un effetto secondario di questo farmaco \u00e8 che aiuta a frenare l&#8217;appetito in modo da assumere meno calorie. Tuttavia, non tutte le persone sperimentano questo effetto.<\/p>\n<p><strong>Rischi ed effetti collaterali<\/strong><\/p>\n<p>Molti atleti e culturisti usano il clenbuterolo per i suoi benefici, ma ci sono diversi effetti collaterali pericolosi di cui essere a conoscenza.<\/p>\n<p>Alcuni degli effetti collaterali pi\u00f9 comuni includono:<\/p>\n<ul>\n<li>palpitazioni<\/li>\n<li>Tremori<\/li>\n<li>Aumento della frequenza cardiaca (tachicardia)<\/li>\n<li>Abbassamento del potassio nel sangue (ipokaliemia)<\/li>\n<li>Glicemia alta (iperglicemia)<\/li>\n<li>ansia<\/li>\n<li>agitazione<\/li>\n<li>sudorazione<\/li>\n<li>infarto<\/li>\n<li>Sensazione di caldo o caldo<\/li>\n<li>insonnia<\/li>\n<li>crampi muscolari<\/li>\n<\/ul>\n<p>\u00c8 pi\u00f9 probabile che tu abbia questi effetti collaterali se assumi dosi pi\u00f9 elevate di clenbuterolo per ottenere i suoi effetti di perdita di peso. Poich\u00e9 questo farmaco rimane nel tuo corpo per un bel po&#8217;, potresti avere effetti collaterali da uno a otto giorni.<\/p>","protected":false},"excerpt":{"rendered":"<p>Clenbuterol CLENBUTEROL-100 MCG\/10 FIALE iniettabili Che cos&#8217;\u00e8 il clenbuterolo? Il clenbuterolo \u00e8 una sostanza che ha effetti simili agli steroidi<\/p>\n","protected":false},"featured_media":7834,"comment_status":"open","ping_status":"closed","template":"","meta":[],"product_brand":[],"product_cat":[69],"product_tag":[],"class_list":{"0":"post-7833","1":"product","2":"type-product","3":"status-publish","4":"has-post-thumbnail","6":"product_cat-esteroides_inyectables","8":"first","9":"outofstock","10":"shipping-taxable","11":"purchasable","12":"product-type-simple"},"yoast_head":"<!-- This site is optimized with the Yoast SEO Premium plugin v24.4 (Yoast SEO v27.3) - https:\/\/yoast.com\/product\/yoast-seo-premium-wordpress\/ -->\n<title>CLENBUTEROL - Steroidi in linea<\/title>\n<meta name=\"robots\" content=\"index, follow, max-snippet:-1, max-image-preview:large, max-video-preview:-1\" \/>\n<link rel=\"canonical\" href=\"https:\/\/iberoid.com\/it\/product\/clenbuterol-inyectable-100mcg-10ampollas\/\" \/>\n<meta property=\"og:locale\" content=\"it_IT\" \/>\n<meta property=\"og:type\" content=\"article\" \/>\n<meta property=\"og:title\" content=\"CLENBUTEROL\" \/>\n<meta property=\"og:description\" content=\"Clenbuterol CLENBUTEROL-100 MCG\/10 FIALE iniettabili Che cos&#8217;\u00e8 il clenbuterolo? Il clenbuterolo \u00e8 una sostanza che ha effetti simili agli steroidi\" \/>\n<meta property=\"og:url\" content=\"https:\/\/iberoid.com\/it\/product\/clenbuterol-inyectable-100mcg-10ampollas\/\" \/>\n<meta property=\"og:site_name\" content=\"Steroidi in linea\" \/>\n<meta property=\"article:modified_time\" content=\"2025-12-04T17:47:16+00:00\" \/>\n<meta property=\"og:image\" content=\"https:\/\/iberoid.com\/wp-content\/uploads\/2022\/07\/CLN.jpg?v=1694094346\" \/>\n\t<meta property=\"og:image:width\" content=\"600\" \/>\n\t<meta property=\"og:image:height\" content=\"400\" \/>\n\t<meta property=\"og:image:type\" content=\"image\/jpeg\" \/>\n<meta name=\"twitter:card\" content=\"summary_large_image\" \/>\n<meta name=\"twitter:label1\" content=\"Prezzo\" \/>\n\t<meta name=\"twitter:data1\" content=\"&euro;30.00\" \/>\n\t<meta name=\"twitter:label2\" content=\"Disponibilit\u00e0\" \/>\n\t<meta name=\"twitter:data2\" content=\"Esaurito\" \/>\n<script type=\"application\/ld+json\" class=\"yoast-schema-graph\">{\"@context\":\"https:\\\/\\\/schema.org\",\"@graph\":[{\"@type\":\"WebPage\",\"@id\":\"https:\\\/\\\/iberoid.com\\\/it\\\/product\\\/clenbuterol-inyectable-100mcg-10ampollas\\\/\",\"url\":\"https:\\\/\\\/iberoid.com\\\/it\\\/product\\\/clenbuterol-inyectable-100mcg-10ampollas\\\/\",\"name\":\"CLENBUTEROL - Steroidi in linea\",\"isPartOf\":{\"@id\":\"https:\\\/\\\/iberoid.com\\\/it\\\/#website\"},\"primaryImageOfPage\":{\"@id\":\"https:\\\/\\\/iberoid.com\\\/it\\\/product\\\/clenbuterol-inyectable-100mcg-10ampollas\\\/#primaryimage\"},\"image\":{\"@id\":\"https:\\\/\\\/iberoid.com\\\/it\\\/product\\\/clenbuterol-inyectable-100mcg-10ampollas\\\/#primaryimage\"},\"thumbnailUrl\":\"https:\\\/\\\/iberoid.com\\\/wp-content\\\/uploads\\\/2022\\\/07\\\/CLN.jpg?v=1694094346\",\"datePublished\":\"2022-07-17T11:37:06+00:00\",\"dateModified\":\"2025-12-04T17:47:16+00:00\",\"breadcrumb\":{\"@id\":\"https:\\\/\\\/iberoid.com\\\/it\\\/product\\\/clenbuterol-inyectable-100mcg-10ampollas\\\/#breadcrumb\"},\"inLanguage\":\"it-IT\",\"potentialAction\":[{\"@type\":\"ReadAction\",\"target\":[[\"https:\\\/\\\/iberoid.com\\\/it\\\/product\\\/clenbuterol-inyectable-100mcg-10ampollas\\\/\"]]}]},{\"@type\":\"ImageObject\",\"inLanguage\":\"it-IT\",\"@id\":\"https:\\\/\\\/iberoid.com\\\/it\\\/product\\\/clenbuterol-inyectable-100mcg-10ampollas\\\/#primaryimage\",\"url\":\"https:\\\/\\\/iberoid.com\\\/wp-content\\\/uploads\\\/2022\\\/07\\\/CLN.jpg?v=1694094346\",\"contentUrl\":\"https:\\\/\\\/iberoid.com\\\/wp-content\\\/uploads\\\/2022\\\/07\\\/CLN.jpg?v=1694094346\",\"width\":600,\"height\":400},{\"@type\":\"BreadcrumbList\",\"@id\":\"https:\\\/\\\/iberoid.com\\\/it\\\/product\\\/clenbuterol-inyectable-100mcg-10ampollas\\\/#breadcrumb\",\"itemListElement\":[{\"@type\":\"ListItem\",\"position\":1,\"name\":\"Portada\",\"item\":\"https:\\\/\\\/iberoid.com\\\/it\\\/\"},{\"@type\":\"ListItem\",\"position\":2,\"name\":\"Negozio\",\"item\":\"https:\\\/\\\/iberoid.com\\\/it\\\/shop\\\/\"},{\"@type\":\"ListItem\",\"position\":3,\"name\":\"CLENBUTEROL\"}]},{\"@type\":\"WebSite\",\"@id\":\"https:\\\/\\\/iberoid.com\\\/it\\\/#website\",\"url\":\"https:\\\/\\\/iberoid.com\\\/it\\\/\",\"name\":\"Steroidi in linea\",\"description\":\"Acquista steroidi online oggi in Spagna e Portogallo. Abbiamo il miglior servizio clienti del settore e prodotti di altissima qualit\u00e0\",\"potentialAction\":[{\"@type\":\"SearchAction\",\"target\":{\"@type\":\"EntryPoint\",\"urlTemplate\":\"https:\\\/\\\/iberoid.com\\\/it\\\/?s={search_term_string}\"},\"query-input\":{\"@type\":\"PropertyValueSpecification\",\"valueRequired\":true,\"valueName\":\"search_term_string\"}}],\"inLanguage\":\"it-IT\"}]}<\/script>\n<meta property=\"product:brand\" content=\"Pharma Gen\" \/>\n<meta property=\"product:price:amount\" content=\"30.00\" \/>\n<meta property=\"product:price:currency\" content=\"EUR\" \/>\n<meta property=\"og:availability\" content=\"out of stock\" \/>\n<meta property=\"product:availability\" content=\"out of stock\" \/>\n<meta property=\"product:condition\" content=\"new\" \/>\n<!-- \/ Yoast SEO Premium plugin. -->","yoast_head_json":{"title":"CLENBUTEROL - Steroidi in linea","robots":{"index":"index","follow":"follow","max-snippet":"max-snippet:-1","max-image-preview":"max-image-preview:large","max-video-preview":"max-video-preview:-1"},"canonical":"https:\/\/iberoid.com\/it\/product\/clenbuterol-inyectable-100mcg-10ampollas\/","og_locale":"it_IT","og_type":"article","og_title":"CLENBUTEROL","og_description":"Clenbuterol CLENBUTEROL-100 MCG\/10 FIALE iniettabili Che cos&#8217;\u00e8 il clenbuterolo? Il clenbuterolo \u00e8 una sostanza che ha effetti simili agli steroidi","og_url":"https:\/\/iberoid.com\/it\/product\/clenbuterol-inyectable-100mcg-10ampollas\/","og_site_name":"Steroidi in linea","article_modified_time":"2025-12-04T17:47:16+00:00","og_image":[{"width":600,"height":400,"url":"https:\/\/iberoid.com\/wp-content\/uploads\/2022\/07\/CLN.jpg?v=1694094346","type":"image\/jpeg"}],"twitter_card":"summary_large_image","twitter_misc":{"Prezzo":"&euro;30.00","Disponibilit\u00e0":"Esaurito"},"schema":{"@context":"https:\/\/schema.org","@graph":[{"@type":"WebPage","@id":"https:\/\/iberoid.com\/it\/product\/clenbuterol-inyectable-100mcg-10ampollas\/","url":"https:\/\/iberoid.com\/it\/product\/clenbuterol-inyectable-100mcg-10ampollas\/","name":"CLENBUTEROL - Steroidi in linea","isPartOf":{"@id":"https:\/\/iberoid.com\/it\/#website"},"primaryImageOfPage":{"@id":"https:\/\/iberoid.com\/it\/product\/clenbuterol-inyectable-100mcg-10ampollas\/#primaryimage"},"image":{"@id":"https:\/\/iberoid.com\/it\/product\/clenbuterol-inyectable-100mcg-10ampollas\/#primaryimage"},"thumbnailUrl":"https:\/\/iberoid.com\/wp-content\/uploads\/2022\/07\/CLN.jpg?v=1694094346","datePublished":"2022-07-17T11:37:06+00:00","dateModified":"2025-12-04T17:47:16+00:00","breadcrumb":{"@id":"https:\/\/iberoid.com\/it\/product\/clenbuterol-inyectable-100mcg-10ampollas\/#breadcrumb"},"inLanguage":"it-IT","potentialAction":[{"@type":"ReadAction","target":[["https:\/\/iberoid.com\/it\/product\/clenbuterol-inyectable-100mcg-10ampollas\/"]]}]},{"@type":"ImageObject","inLanguage":"it-IT","@id":"https:\/\/iberoid.com\/it\/product\/clenbuterol-inyectable-100mcg-10ampollas\/#primaryimage","url":"https:\/\/iberoid.com\/wp-content\/uploads\/2022\/07\/CLN.jpg?v=1694094346","contentUrl":"https:\/\/iberoid.com\/wp-content\/uploads\/2022\/07\/CLN.jpg?v=1694094346","width":600,"height":400},{"@type":"BreadcrumbList","@id":"https:\/\/iberoid.com\/it\/product\/clenbuterol-inyectable-100mcg-10ampollas\/#breadcrumb","itemListElement":[{"@type":"ListItem","position":1,"name":"Portada","item":"https:\/\/iberoid.com\/it\/"},{"@type":"ListItem","position":2,"name":"Negozio","item":"https:\/\/iberoid.com\/it\/shop\/"},{"@type":"ListItem","position":3,"name":"CLENBUTEROL"}]},{"@type":"WebSite","@id":"https:\/\/iberoid.com\/it\/#website","url":"https:\/\/iberoid.com\/it\/","name":"Steroidi in linea","description":"Acquista steroidi online oggi in Spagna e Portogallo. Abbiamo il miglior servizio clienti del settore e prodotti di altissima qualit\u00e0","potentialAction":[{"@type":"SearchAction","target":{"@type":"EntryPoint","urlTemplate":"https:\/\/iberoid.com\/it\/?s={search_term_string}"},"query-input":{"@type":"PropertyValueSpecification","valueRequired":true,"valueName":"search_term_string"}}],"inLanguage":"it-IT"}]},"product_brand":"Pharma Gen","product_price_amount":"30.00","product_price_currency":"EUR","og_availability":"out of stock","product_availability":"out of stock","product_condition":"new"},"_links":{"self":[{"href":"https:\/\/iberoid.com\/it\/wp-json\/wp\/v2\/product\/7833","targetHints":{"allow":["GET"]}}],"collection":[{"href":"https:\/\/iberoid.com\/it\/wp-json\/wp\/v2\/product"}],"about":[{"href":"https:\/\/iberoid.com\/it\/wp-json\/wp\/v2\/types\/product"}],"replies":[{"embeddable":true,"href":"https:\/\/iberoid.com\/it\/wp-json\/wp\/v2\/comments?post=7833"}],"wp:featuredmedia":[{"embeddable":true,"href":"https:\/\/iberoid.com\/it\/wp-json\/wp\/v2\/media\/7834"}],"wp:attachment":[{"href":"https:\/\/iberoid.com\/it\/wp-json\/wp\/v2\/media?parent=7833"}],"wp:term":[{"taxonomy":"product_brand","embeddable":true,"href":"https:\/\/iberoid.com\/it\/wp-json\/wp\/v2\/product_brand?post=7833"},{"taxonomy":"product_cat","embeddable":true,"href":"https:\/\/iberoid.com\/it\/wp-json\/wp\/v2\/product_cat?post=7833"},{"taxonomy":"product_tag","embeddable":true,"href":"https:\/\/iberoid.com\/it\/wp-json\/wp\/v2\/product_tag?post=7833"}],"curies":[{"name":"wp","href":"https:\/\/api.w.org\/{rel}","templated":true}]}}