{"id":7887,"date":"2022-08-17T11:36:38","date_gmt":"2022-08-17T11:36:38","guid":{"rendered":"https:\/\/iberoid.com\/?post_type=product&#038;p=7887"},"modified":"2024-07-09T19:28:58","modified_gmt":"2024-07-09T19:28:58","slug":"diapronate-100-mg-ml-testosterone-propionate-diamond","status":"publish","type":"product","link":"https:\/\/iberoid.com\/it\/product\/diapronate-100-mg-ml-testosterone-propionate-diamond\/","title":{"rendered":"Diapronate 100 mg\/ml"},"content":{"rendered":"<p>Diapronate 100 mg\/ml-testosterone propionate diamond.<\/p>\n<p>Il propionato di testosterone \u00e8 lo steroide testosterone pi\u00f9 corto. \u00c8 un composto iniettabile con una velocit\u00e0 di rilascio pi\u00f9 lenta rispetto al testosterone non esterificato, ma una velocit\u00e0 di rilascio pi\u00f9 rapida rispetto a tutto il resto dei testosterone esterificati.<\/p>\n<p>Ci sono alcuni vantaggi e svantaggi dell&#8217;estere a breve durata d&#8217;azione. Il principale svantaggio \u00e8 che gli utenti devono iniettare testosterone propionato almeno a giorni alterni durante il ciclo per ottenere risultati adeguati. I vantaggi, tuttavia, sono un pi\u00f9 facile controllo e prevenzione di potenziali effetti collaterali.<\/p>\n<p>Anche perch\u00e9 c&#8217;\u00e8 meno estere per flaconcino, c&#8217;\u00e8 pi\u00f9 testosterone effettivo per iniezione, che produce risultati migliori. L&#8217;estere propionato espande l&#8217;emivita del testosterone a circa 4 giorni e mezzo.<\/p>","protected":false},"excerpt":{"rendered":"<p>Diapronate 100 mg\/ml-testosterone propionate diamond. Il propionato di testosterone \u00e8 lo steroide testosterone pi\u00f9 corto. \u00c8 un composto iniettabile con<\/p>\n","protected":false},"featured_media":7888,"comment_status":"open","ping_status":"closed","template":"","meta":[],"product_brand":[],"product_cat":[69],"product_tag":[],"class_list":{"0":"post-7887","1":"product","2":"type-product","3":"status-publish","4":"has-post-thumbnail","6":"product_cat-esteroides_inyectables","8":"first","9":"outofstock","10":"sale","11":"shipping-taxable","12":"purchasable","13":"product-type-simple"},"yoast_head":"<!-- This site is optimized with the Yoast SEO Premium plugin v24.4 (Yoast SEO v27.0) - https:\/\/yoast.com\/product\/yoast-seo-premium-wordpress\/ -->\n<title>Diapronate 100 mg\/ml - Steroidi in linea<\/title>\n<meta name=\"robots\" content=\"index, follow, max-snippet:-1, max-image-preview:large, max-video-preview:-1\" \/>\n<link rel=\"canonical\" href=\"https:\/\/iberoid.com\/it\/product\/diapronate-100-mg-ml-testosterone-propionate-diamond\/\" \/>\n<meta property=\"og:locale\" content=\"it_IT\" \/>\n<meta property=\"og:type\" content=\"article\" \/>\n<meta property=\"og:title\" content=\"Diapronate 100 mg\/ml\" \/>\n<meta property=\"og:description\" content=\"Diapronate 100 mg\/ml-testosterone propionate diamond. Il propionato di testosterone \u00e8 lo steroide testosterone pi\u00f9 corto. \u00c8 un composto iniettabile con\" \/>\n<meta property=\"og:url\" content=\"https:\/\/iberoid.com\/it\/product\/diapronate-100-mg-ml-testosterone-propionate-diamond\/\" \/>\n<meta property=\"og:site_name\" content=\"Steroidi in linea\" \/>\n<meta property=\"article:modified_time\" content=\"2024-07-09T19:28:58+00:00\" \/>\n<meta property=\"og:image\" content=\"https:\/\/iberoid.com\/wp-content\/uploads\/2022\/08\/Diapronate-100.png?v=1694606594\" \/>\n\t<meta property=\"og:image:width\" content=\"553\" \/>\n\t<meta property=\"og:image:height\" content=\"553\" \/>\n\t<meta property=\"og:image:type\" content=\"image\/png\" \/>\n<meta name=\"twitter:card\" content=\"summary_large_image\" \/>\n<meta name=\"twitter:label1\" content=\"Prezzo\" \/>\n\t<meta name=\"twitter:data1\" content=\"&euro;30.00\" \/>\n\t<meta name=\"twitter:label2\" content=\"Disponibilit\u00e0\" \/>\n\t<meta name=\"twitter:data2\" content=\"Esaurito\" \/>\n<script type=\"application\/ld+json\" class=\"yoast-schema-graph\">{\"@context\":\"https:\/\/schema.org\",\"@graph\":[{\"@type\":\"WebPage\",\"@id\":\"https:\/\/iberoid.com\/it\/product\/diapronate-100-mg-ml-testosterone-propionate-diamond\/\",\"url\":\"https:\/\/iberoid.com\/it\/product\/diapronate-100-mg-ml-testosterone-propionate-diamond\/\",\"name\":\"Diapronate 100 mg\/ml - Steroidi in linea\",\"isPartOf\":{\"@id\":\"https:\/\/iberoid.com\/it\/#website\"},\"primaryImageOfPage\":{\"@id\":\"https:\/\/iberoid.com\/it\/product\/diapronate-100-mg-ml-testosterone-propionate-diamond\/#primaryimage\"},\"image\":{\"@id\":\"https:\/\/iberoid.com\/it\/product\/diapronate-100-mg-ml-testosterone-propionate-diamond\/#primaryimage\"},\"thumbnailUrl\":\"https:\/\/iberoid.com\/wp-content\/uploads\/2022\/08\/Diapronate-100.png?v=1694606594\",\"datePublished\":\"2022-08-17T11:36:38+00:00\",\"dateModified\":\"2024-07-09T19:28:58+00:00\",\"breadcrumb\":{\"@id\":\"https:\/\/iberoid.com\/it\/product\/diapronate-100-mg-ml-testosterone-propionate-diamond\/#breadcrumb\"},\"inLanguage\":\"it-IT\",\"potentialAction\":[{\"@type\":\"ReadAction\",\"target\":[[\"https:\/\/iberoid.com\/it\/product\/diapronate-100-mg-ml-testosterone-propionate-diamond\/\"]]}]},{\"@type\":\"ImageObject\",\"inLanguage\":\"it-IT\",\"@id\":\"https:\/\/iberoid.com\/it\/product\/diapronate-100-mg-ml-testosterone-propionate-diamond\/#primaryimage\",\"url\":\"https:\/\/iberoid.com\/wp-content\/uploads\/2022\/08\/Diapronate-100.png?v=1694606594\",\"contentUrl\":\"https:\/\/iberoid.com\/wp-content\/uploads\/2022\/08\/Diapronate-100.png?v=1694606594\",\"width\":553,\"height\":553},{\"@type\":\"BreadcrumbList\",\"@id\":\"https:\/\/iberoid.com\/it\/product\/diapronate-100-mg-ml-testosterone-propionate-diamond\/#breadcrumb\",\"itemListElement\":[{\"@type\":\"ListItem\",\"position\":1,\"name\":\"Portada\",\"item\":\"https:\/\/iberoid.com\/it\/\"},{\"@type\":\"ListItem\",\"position\":2,\"name\":\"Negozio\",\"item\":\"https:\/\/iberoid.com\/it\/shop\/\"},{\"@type\":\"ListItem\",\"position\":3,\"name\":\"Diapronate 100 mg\/ml\"}]},{\"@type\":\"WebSite\",\"@id\":\"https:\/\/iberoid.com\/it\/#website\",\"url\":\"https:\/\/iberoid.com\/it\/\",\"name\":\"Steroidi in linea\",\"description\":\"Acquista steroidi online oggi in Spagna e Portogallo. Abbiamo il miglior servizio clienti del settore e prodotti di altissima qualit\u00e0\",\"potentialAction\":[{\"@type\":\"SearchAction\",\"target\":{\"@type\":\"EntryPoint\",\"urlTemplate\":\"https:\/\/iberoid.com\/it\/?s={search_term_string}\"},\"query-input\":{\"@type\":\"PropertyValueSpecification\",\"valueRequired\":true,\"valueName\":\"search_term_string\"}}],\"inLanguage\":\"it-IT\"}]}<\/script>\n<meta property=\"product:brand\" content=\"Diamond Pharma\" \/>\n<meta property=\"product:price:amount\" content=\"30.00\" \/>\n<meta property=\"product:price:currency\" content=\"EUR\" \/>\n<meta property=\"og:availability\" content=\"out of stock\" \/>\n<meta property=\"product:availability\" content=\"out of stock\" \/>\n<meta property=\"product:condition\" content=\"new\" \/>\n<!-- \/ Yoast SEO Premium plugin. -->","yoast_head_json":{"title":"Diapronate 100 mg\/ml - Steroidi in linea","robots":{"index":"index","follow":"follow","max-snippet":"max-snippet:-1","max-image-preview":"max-image-preview:large","max-video-preview":"max-video-preview:-1"},"canonical":"https:\/\/iberoid.com\/it\/product\/diapronate-100-mg-ml-testosterone-propionate-diamond\/","og_locale":"it_IT","og_type":"article","og_title":"Diapronate 100 mg\/ml","og_description":"Diapronate 100 mg\/ml-testosterone propionate diamond. Il propionato di testosterone \u00e8 lo steroide testosterone pi\u00f9 corto. \u00c8 un composto iniettabile con","og_url":"https:\/\/iberoid.com\/it\/product\/diapronate-100-mg-ml-testosterone-propionate-diamond\/","og_site_name":"Steroidi in linea","article_modified_time":"2024-07-09T19:28:58+00:00","og_image":[{"width":553,"height":553,"url":"https:\/\/iberoid.com\/wp-content\/uploads\/2022\/08\/Diapronate-100.png?v=1694606594","type":"image\/png"}],"twitter_card":"summary_large_image","twitter_misc":{"Prezzo":"&euro;30.00","Disponibilit\u00e0":"Esaurito"},"schema":{"@context":"https:\/\/schema.org","@graph":[{"@type":"WebPage","@id":"https:\/\/iberoid.com\/it\/product\/diapronate-100-mg-ml-testosterone-propionate-diamond\/","url":"https:\/\/iberoid.com\/it\/product\/diapronate-100-mg-ml-testosterone-propionate-diamond\/","name":"Diapronate 100 mg\/ml - Steroidi in linea","isPartOf":{"@id":"https:\/\/iberoid.com\/it\/#website"},"primaryImageOfPage":{"@id":"https:\/\/iberoid.com\/it\/product\/diapronate-100-mg-ml-testosterone-propionate-diamond\/#primaryimage"},"image":{"@id":"https:\/\/iberoid.com\/it\/product\/diapronate-100-mg-ml-testosterone-propionate-diamond\/#primaryimage"},"thumbnailUrl":"https:\/\/iberoid.com\/wp-content\/uploads\/2022\/08\/Diapronate-100.png?v=1694606594","datePublished":"2022-08-17T11:36:38+00:00","dateModified":"2024-07-09T19:28:58+00:00","breadcrumb":{"@id":"https:\/\/iberoid.com\/it\/product\/diapronate-100-mg-ml-testosterone-propionate-diamond\/#breadcrumb"},"inLanguage":"it-IT","potentialAction":[{"@type":"ReadAction","target":[["https:\/\/iberoid.com\/it\/product\/diapronate-100-mg-ml-testosterone-propionate-diamond\/"]]}]},{"@type":"ImageObject","inLanguage":"it-IT","@id":"https:\/\/iberoid.com\/it\/product\/diapronate-100-mg-ml-testosterone-propionate-diamond\/#primaryimage","url":"https:\/\/iberoid.com\/wp-content\/uploads\/2022\/08\/Diapronate-100.png?v=1694606594","contentUrl":"https:\/\/iberoid.com\/wp-content\/uploads\/2022\/08\/Diapronate-100.png?v=1694606594","width":553,"height":553},{"@type":"BreadcrumbList","@id":"https:\/\/iberoid.com\/it\/product\/diapronate-100-mg-ml-testosterone-propionate-diamond\/#breadcrumb","itemListElement":[{"@type":"ListItem","position":1,"name":"Portada","item":"https:\/\/iberoid.com\/it\/"},{"@type":"ListItem","position":2,"name":"Negozio","item":"https:\/\/iberoid.com\/it\/shop\/"},{"@type":"ListItem","position":3,"name":"Diapronate 100 mg\/ml"}]},{"@type":"WebSite","@id":"https:\/\/iberoid.com\/it\/#website","url":"https:\/\/iberoid.com\/it\/","name":"Steroidi in linea","description":"Acquista steroidi online oggi in Spagna e Portogallo. Abbiamo il miglior servizio clienti del settore e prodotti di altissima qualit\u00e0","potentialAction":[{"@type":"SearchAction","target":{"@type":"EntryPoint","urlTemplate":"https:\/\/iberoid.com\/it\/?s={search_term_string}"},"query-input":{"@type":"PropertyValueSpecification","valueRequired":true,"valueName":"search_term_string"}}],"inLanguage":"it-IT"}]},"product_brand":"Diamond Pharma","product_price_amount":"30.00","product_price_currency":"EUR","og_availability":"out of stock","product_availability":"out of stock","product_condition":"new"},"_links":{"self":[{"href":"https:\/\/iberoid.com\/it\/wp-json\/wp\/v2\/product\/7887","targetHints":{"allow":["GET"]}}],"collection":[{"href":"https:\/\/iberoid.com\/it\/wp-json\/wp\/v2\/product"}],"about":[{"href":"https:\/\/iberoid.com\/it\/wp-json\/wp\/v2\/types\/product"}],"replies":[{"embeddable":true,"href":"https:\/\/iberoid.com\/it\/wp-json\/wp\/v2\/comments?post=7887"}],"wp:featuredmedia":[{"embeddable":true,"href":"https:\/\/iberoid.com\/it\/wp-json\/wp\/v2\/media\/7888"}],"wp:attachment":[{"href":"https:\/\/iberoid.com\/it\/wp-json\/wp\/v2\/media?parent=7887"}],"wp:term":[{"taxonomy":"product_brand","embeddable":true,"href":"https:\/\/iberoid.com\/it\/wp-json\/wp\/v2\/product_brand?post=7887"},{"taxonomy":"product_cat","embeddable":true,"href":"https:\/\/iberoid.com\/it\/wp-json\/wp\/v2\/product_cat?post=7887"},{"taxonomy":"product_tag","embeddable":true,"href":"https:\/\/iberoid.com\/it\/wp-json\/wp\/v2\/product_tag?post=7887"}],"curies":[{"name":"wp","href":"https:\/\/api.w.org\/{rel}","templated":true}]}}