{"id":7952,"date":"2022-09-25T09:43:49","date_gmt":"2022-09-25T09:43:49","guid":{"rendered":"https:\/\/iberoid.com\/?post_type=product&#038;p=7952"},"modified":"2023-03-14T19:48:10","modified_gmt":"2023-03-14T19:48:10","slug":"trenbolone-forte-200-2","status":"publish","type":"product","link":"https:\/\/iberoid.com\/it\/product\/trenbolone-forte-200-2\/","title":{"rendered":"Trenbolone Forte 200"},"content":{"rendered":"<p>Nome del prodotto: Trenbolone Forte 200<br \/>\nProduttore:\u00a0SP\u00a0Laboratori<br \/>\nPresentazione:\u00a010 ml\u00a0200 mg\/ml<br \/>\nSostanza chimica attiva: trenbolone enantato<\/p>\n<p>Trenbolone Forte una forma ad azione prolungata del farmaco pi\u00f9 efficace mai prodotto. \u00c8 molto apprezzato per la sua capacit\u00e0 di aumentare la durezza muscolare, la definizione e la forza grezza, senza ritenzione idrica indesiderata e guadagni di massa grassa. Il modulo ti fornir\u00e0 una potenza e una forza esplosive con una crescita sostanziale della massa muscolare di qualit\u00e0 entro molte settimane!<\/p>\n<p>Con un&#8217;emivita di circa 5 giorni, ha un lento rilascio destinato a cicli lunghi.<\/p>\n<p>Dosaggio: uomini 200-600 mg\/settimana.<\/p>\n<p>Enentat\u00a0trenbolone\u00a0\u00e8 l&#8217;ultima\u00a0forma di\u00a0trenbolone\u00a0sviluppata\u00a0a met\u00e0\u00a02004.\u00a0In sostanza\u00a0\u00e8\u00a0una nuova forma di\u00a0Parabolan,\u00a0utilizzando\u00a0estere ENET\u00a0invece\u00a0l&#8217;esahidroxibenzilcarbonato. Questa forma di\u00a0trenbolone\u00a0\u00e8\u00a0molto efficace. Finora l&#8217;unica forma disponibile era quella del trenbolone acetato e della sua efficienza, ma con un&#8217;azione molto rapida. Il trenbolone enantato viene rilasciato lentamente nel flusso sanguigno, rendendolo un&#8217;ottima alternativa alle frequenti iniezioni di trenbolone acetato.<\/p>","protected":false},"excerpt":{"rendered":"<p>Nome del prodotto: Trenbolone Forte 200 Produttore:\u00a0SP\u00a0Laboratori Presentazione:\u00a010 ml\u00a0200 mg\/ml Sostanza chimica attiva: trenbolone enantato Trenbolone Forte una forma ad<\/p>\n","protected":false},"featured_media":7953,"comment_status":"open","ping_status":"closed","template":"","meta":[],"product_brand":[],"product_cat":[69],"product_tag":[],"class_list":{"0":"post-7952","1":"product","2":"type-product","3":"status-publish","4":"has-post-thumbnail","6":"product_cat-esteroides_inyectables","8":"first","9":"outofstock","10":"shipping-taxable","11":"purchasable","12":"product-type-simple"},"yoast_head":"<!-- This site is optimized with the Yoast SEO Premium plugin v24.4 (Yoast SEO v27.3) - https:\/\/yoast.com\/product\/yoast-seo-premium-wordpress\/ -->\n<title>Trenbolone Forte 200 - Steroidi in linea<\/title>\n<meta name=\"robots\" content=\"index, follow, max-snippet:-1, max-image-preview:large, max-video-preview:-1\" \/>\n<link rel=\"canonical\" href=\"https:\/\/iberoid.com\/it\/product\/trenbolone-forte-200-2\/\" \/>\n<meta property=\"og:locale\" content=\"it_IT\" \/>\n<meta property=\"og:type\" content=\"article\" \/>\n<meta property=\"og:title\" content=\"Trenbolone Forte 200\" \/>\n<meta property=\"og:description\" content=\"Nome del prodotto: Trenbolone Forte 200 Produttore:\u00a0SP\u00a0Laboratori Presentazione:\u00a010 ml\u00a0200 mg\/ml Sostanza chimica attiva: trenbolone enantato Trenbolone Forte una forma ad\" \/>\n<meta property=\"og:url\" content=\"https:\/\/iberoid.com\/it\/product\/trenbolone-forte-200-2\/\" \/>\n<meta property=\"og:site_name\" content=\"Steroidi in linea\" \/>\n<meta property=\"article:modified_time\" content=\"2023-03-14T19:48:10+00:00\" \/>\n<meta property=\"og:image\" content=\"https:\/\/iberoid.com\/wp-content\/uploads\/2022\/09\/Trenbolone-Forte-200-SP-Laboratories.webp\" \/>\n\t<meta property=\"og:image:width\" content=\"768\" \/>\n\t<meta property=\"og:image:height\" content=\"768\" \/>\n\t<meta property=\"og:image:type\" content=\"image\/webp\" \/>\n<meta name=\"twitter:card\" content=\"summary_large_image\" \/>\n<meta name=\"twitter:label1\" content=\"Prezzo\" \/>\n\t<meta name=\"twitter:data1\" content=\"&euro;60.00\" \/>\n\t<meta name=\"twitter:label2\" content=\"Disponibilit\u00e0\" \/>\n\t<meta name=\"twitter:data2\" content=\"Esaurito\" \/>\n<script type=\"application\/ld+json\" class=\"yoast-schema-graph\">{\"@context\":\"https:\\\/\\\/schema.org\",\"@graph\":[{\"@type\":\"WebPage\",\"@id\":\"https:\\\/\\\/iberoid.com\\\/it\\\/product\\\/trenbolone-forte-200-2\\\/\",\"url\":\"https:\\\/\\\/iberoid.com\\\/it\\\/product\\\/trenbolone-forte-200-2\\\/\",\"name\":\"Trenbolone Forte 200 - Steroidi in linea\",\"isPartOf\":{\"@id\":\"https:\\\/\\\/iberoid.com\\\/it\\\/#website\"},\"primaryImageOfPage\":{\"@id\":\"https:\\\/\\\/iberoid.com\\\/it\\\/product\\\/trenbolone-forte-200-2\\\/#primaryimage\"},\"image\":{\"@id\":\"https:\\\/\\\/iberoid.com\\\/it\\\/product\\\/trenbolone-forte-200-2\\\/#primaryimage\"},\"thumbnailUrl\":\"https:\\\/\\\/iberoid.com\\\/wp-content\\\/uploads\\\/2022\\\/09\\\/Trenbolone-Forte-200-SP-Laboratories.webp\",\"datePublished\":\"2022-09-25T09:43:49+00:00\",\"dateModified\":\"2023-03-14T19:48:10+00:00\",\"breadcrumb\":{\"@id\":\"https:\\\/\\\/iberoid.com\\\/it\\\/product\\\/trenbolone-forte-200-2\\\/#breadcrumb\"},\"inLanguage\":\"it-IT\",\"potentialAction\":[{\"@type\":\"ReadAction\",\"target\":[[\"https:\\\/\\\/iberoid.com\\\/it\\\/product\\\/trenbolone-forte-200-2\\\/\"]]}]},{\"@type\":\"ImageObject\",\"inLanguage\":\"it-IT\",\"@id\":\"https:\\\/\\\/iberoid.com\\\/it\\\/product\\\/trenbolone-forte-200-2\\\/#primaryimage\",\"url\":\"https:\\\/\\\/iberoid.com\\\/wp-content\\\/uploads\\\/2022\\\/09\\\/Trenbolone-Forte-200-SP-Laboratories.webp\",\"contentUrl\":\"https:\\\/\\\/iberoid.com\\\/wp-content\\\/uploads\\\/2022\\\/09\\\/Trenbolone-Forte-200-SP-Laboratories.webp\",\"width\":768,\"height\":768},{\"@type\":\"BreadcrumbList\",\"@id\":\"https:\\\/\\\/iberoid.com\\\/it\\\/product\\\/trenbolone-forte-200-2\\\/#breadcrumb\",\"itemListElement\":[{\"@type\":\"ListItem\",\"position\":1,\"name\":\"Portada\",\"item\":\"https:\\\/\\\/iberoid.com\\\/it\\\/\"},{\"@type\":\"ListItem\",\"position\":2,\"name\":\"Negozio\",\"item\":\"https:\\\/\\\/iberoid.com\\\/it\\\/shop\\\/\"},{\"@type\":\"ListItem\",\"position\":3,\"name\":\"Trenbolone Forte 200\"}]},{\"@type\":\"WebSite\",\"@id\":\"https:\\\/\\\/iberoid.com\\\/it\\\/#website\",\"url\":\"https:\\\/\\\/iberoid.com\\\/it\\\/\",\"name\":\"Steroidi in linea\",\"description\":\"Acquista steroidi online oggi in Spagna e Portogallo. Abbiamo il miglior servizio clienti del settore e prodotti di altissima qualit\u00e0\",\"potentialAction\":[{\"@type\":\"SearchAction\",\"target\":{\"@type\":\"EntryPoint\",\"urlTemplate\":\"https:\\\/\\\/iberoid.com\\\/it\\\/?s={search_term_string}\"},\"query-input\":{\"@type\":\"PropertyValueSpecification\",\"valueRequired\":true,\"valueName\":\"search_term_string\"}}],\"inLanguage\":\"it-IT\"}]}<\/script>\n<meta property=\"product:brand\" content=\"SP Laboratories\" \/>\n<meta property=\"product:price:amount\" content=\"60.00\" \/>\n<meta property=\"product:price:currency\" content=\"EUR\" \/>\n<meta property=\"og:availability\" content=\"out of stock\" \/>\n<meta property=\"product:availability\" content=\"out of stock\" \/>\n<meta property=\"product:condition\" content=\"new\" \/>\n<!-- \/ Yoast SEO Premium plugin. -->","yoast_head_json":{"title":"Trenbolone Forte 200 - Steroidi in linea","robots":{"index":"index","follow":"follow","max-snippet":"max-snippet:-1","max-image-preview":"max-image-preview:large","max-video-preview":"max-video-preview:-1"},"canonical":"https:\/\/iberoid.com\/it\/product\/trenbolone-forte-200-2\/","og_locale":"it_IT","og_type":"article","og_title":"Trenbolone Forte 200","og_description":"Nome del prodotto: Trenbolone Forte 200 Produttore:\u00a0SP\u00a0Laboratori Presentazione:\u00a010 ml\u00a0200 mg\/ml Sostanza chimica attiva: trenbolone enantato Trenbolone Forte una forma ad","og_url":"https:\/\/iberoid.com\/it\/product\/trenbolone-forte-200-2\/","og_site_name":"Steroidi in linea","article_modified_time":"2023-03-14T19:48:10+00:00","og_image":[{"width":768,"height":768,"url":"https:\/\/iberoid.com\/wp-content\/uploads\/2022\/09\/Trenbolone-Forte-200-SP-Laboratories.webp","type":"image\/webp"}],"twitter_card":"summary_large_image","twitter_misc":{"Prezzo":"&euro;60.00","Disponibilit\u00e0":"Esaurito"},"schema":{"@context":"https:\/\/schema.org","@graph":[{"@type":"WebPage","@id":"https:\/\/iberoid.com\/it\/product\/trenbolone-forte-200-2\/","url":"https:\/\/iberoid.com\/it\/product\/trenbolone-forte-200-2\/","name":"Trenbolone Forte 200 - Steroidi in linea","isPartOf":{"@id":"https:\/\/iberoid.com\/it\/#website"},"primaryImageOfPage":{"@id":"https:\/\/iberoid.com\/it\/product\/trenbolone-forte-200-2\/#primaryimage"},"image":{"@id":"https:\/\/iberoid.com\/it\/product\/trenbolone-forte-200-2\/#primaryimage"},"thumbnailUrl":"https:\/\/iberoid.com\/wp-content\/uploads\/2022\/09\/Trenbolone-Forte-200-SP-Laboratories.webp","datePublished":"2022-09-25T09:43:49+00:00","dateModified":"2023-03-14T19:48:10+00:00","breadcrumb":{"@id":"https:\/\/iberoid.com\/it\/product\/trenbolone-forte-200-2\/#breadcrumb"},"inLanguage":"it-IT","potentialAction":[{"@type":"ReadAction","target":[["https:\/\/iberoid.com\/it\/product\/trenbolone-forte-200-2\/"]]}]},{"@type":"ImageObject","inLanguage":"it-IT","@id":"https:\/\/iberoid.com\/it\/product\/trenbolone-forte-200-2\/#primaryimage","url":"https:\/\/iberoid.com\/wp-content\/uploads\/2022\/09\/Trenbolone-Forte-200-SP-Laboratories.webp","contentUrl":"https:\/\/iberoid.com\/wp-content\/uploads\/2022\/09\/Trenbolone-Forte-200-SP-Laboratories.webp","width":768,"height":768},{"@type":"BreadcrumbList","@id":"https:\/\/iberoid.com\/it\/product\/trenbolone-forte-200-2\/#breadcrumb","itemListElement":[{"@type":"ListItem","position":1,"name":"Portada","item":"https:\/\/iberoid.com\/it\/"},{"@type":"ListItem","position":2,"name":"Negozio","item":"https:\/\/iberoid.com\/it\/shop\/"},{"@type":"ListItem","position":3,"name":"Trenbolone Forte 200"}]},{"@type":"WebSite","@id":"https:\/\/iberoid.com\/it\/#website","url":"https:\/\/iberoid.com\/it\/","name":"Steroidi in linea","description":"Acquista steroidi online oggi in Spagna e Portogallo. Abbiamo il miglior servizio clienti del settore e prodotti di altissima qualit\u00e0","potentialAction":[{"@type":"SearchAction","target":{"@type":"EntryPoint","urlTemplate":"https:\/\/iberoid.com\/it\/?s={search_term_string}"},"query-input":{"@type":"PropertyValueSpecification","valueRequired":true,"valueName":"search_term_string"}}],"inLanguage":"it-IT"}]},"product_brand":"SP Laboratories","product_price_amount":"60.00","product_price_currency":"EUR","og_availability":"out of stock","product_availability":"out of stock","product_condition":"new"},"_links":{"self":[{"href":"https:\/\/iberoid.com\/it\/wp-json\/wp\/v2\/product\/7952","targetHints":{"allow":["GET"]}}],"collection":[{"href":"https:\/\/iberoid.com\/it\/wp-json\/wp\/v2\/product"}],"about":[{"href":"https:\/\/iberoid.com\/it\/wp-json\/wp\/v2\/types\/product"}],"replies":[{"embeddable":true,"href":"https:\/\/iberoid.com\/it\/wp-json\/wp\/v2\/comments?post=7952"}],"wp:featuredmedia":[{"embeddable":true,"href":"https:\/\/iberoid.com\/it\/wp-json\/wp\/v2\/media\/7953"}],"wp:attachment":[{"href":"https:\/\/iberoid.com\/it\/wp-json\/wp\/v2\/media?parent=7952"}],"wp:term":[{"taxonomy":"product_brand","embeddable":true,"href":"https:\/\/iberoid.com\/it\/wp-json\/wp\/v2\/product_brand?post=7952"},{"taxonomy":"product_cat","embeddable":true,"href":"https:\/\/iberoid.com\/it\/wp-json\/wp\/v2\/product_cat?post=7952"},{"taxonomy":"product_tag","embeddable":true,"href":"https:\/\/iberoid.com\/it\/wp-json\/wp\/v2\/product_tag?post=7952"}],"curies":[{"name":"wp","href":"https:\/\/api.w.org\/{rel}","templated":true}]}}