{"id":8056,"date":"2022-11-08T15:17:39","date_gmt":"2022-11-08T15:17:39","guid":{"rendered":"https:\/\/iberoid.com\/?post_type=product&#038;p=8056"},"modified":"2026-01-25T14:29:41","modified_gmt":"2026-01-25T14:29:41","slug":"pack3-clenoged-epf-premium","status":"publish","type":"product","link":"https:\/\/iberoid.com\/it\/product\/pack3-clenoged-epf-premium\/","title":{"rendered":"PACK3 &#8211; CLENOGED"},"content":{"rendered":"<p><\/p>\n<p class=\"\" data-start=\"0\" data-end=\"83\"><strong data-start=\"0\" data-end=\"83\">Informazioni per chi desidera acquistare Clenoged da Euro Prime Pharmaceuticals<\/strong><\/p>\n<p class=\"\" data-start=\"85\" data-end=\"635\">Clenoged (Clenbuterolo 40 mcg) di Euro Prime Pharmaceuticals \u00e8 un beta2-adrenomimetico (che stimola i recettori beta2-adrenergici) ed \u00e8 utilizzato in molti paesi come rimedio per l&#8217;asma bronchiale e altre malattie polmonari. A causa della sua lunga emivita, il clenbuterolo non \u00e8 stato approvato dalla FDA per uso medico. Come stimolante del sistema nervoso centrale, agisce come l&#8217;epinefrina, avendo molte somiglianze con altri stimolanti del SNC come l&#8217;efedrina. Nonostante la credenza popolare, il clenbuterolo ha un&#8217;emivita di 35 ore, non 48 ore.<\/p>\n<p class=\"\" data-start=\"637\" data-end=\"711\"><strong data-start=\"637\" data-end=\"711\">Principali benefici dell&#8217;uso di Clenoged da Euro Prime Pharmaceuticals<\/strong><\/p>\n<ul data-start=\"712\" data-end=\"903\">\n<li class=\"\" data-start=\"712\" data-end=\"797\">\n<p class=\"\" data-start=\"714\" data-end=\"797\">Stimolazione dei recettori beta-adrenergici, che porta alla combustione dei grassi;<\/p>\n<\/li>\n<li class=\"\" data-start=\"798\" data-end=\"844\">\n<p class=\"\" data-start=\"800\" data-end=\"844\">Accelerazione significativa del metabolismo;<\/p>\n<\/li>\n<li class=\"\" data-start=\"845\" data-end=\"903\">\n<p class=\"\" data-start=\"847\" data-end=\"903\">Stimolazione dei bruciagrassi naturali: ormoni tiroidei.<\/p>\n<\/li>\n<\/ul>\n<p class=\"\" data-start=\"905\" data-end=\"961\"><strong data-start=\"905\" data-end=\"961\">Come assumere Clenoged da Euro Prime Pharmaceuticals<\/strong><\/p>\n<p class=\"\" data-start=\"963\" data-end=\"1268\">Il clenbuterolo \u00e8 disponibile in compresse da 40 mcg, sebbene siano accettabili anche la forma in sciroppo e soluzione per inalazione. Le dosi dipendono da come l&#8217;utente reagisce agli effetti collaterali, ma generalmente si assumono 3-4 compresse\/giorno per gli uomini e 1-2 compresse\/giorno per le donne.<\/p>\n<p class=\"\" data-start=\"1270\" data-end=\"1788\">Il clenbuterolo perde il suo effetto termogenico dopo 6-8 settimane di utilizzo, quando la temperatura corporea torna alla normalit\u00e0. Le sue propriet\u00e0 anaboliche\/anticataboliche scompaiono dopo circa 18 giorni di utilizzo. L&#8217;uso di farmaci a lunga durata d&#8217;azione ha portato alla conclusione che il clenbuterolo \u00e8 pi\u00f9 efficace se utilizzato ciclicamente, con 2 settimane di utilizzo seguite da 2 settimane di pausa, e non pi\u00f9 di 12 settimane. \u00c8 possibile assumere efedrina nelle settimane di &#8220;riposo&#8221; dal clenbuterolo.<\/p>\n<p class=\"\" data-start=\"1790\" data-end=\"1966\">Confrontando gli effetti collaterali, il clenbuterolo, senza dubbio, \u00e8 pi\u00f9 mite rispetto al DNP, direi che \u00e8 anche pi\u00f9 mite della combinazione EKA (efedrina-caffeina-aspirina).<\/p>\n<p class=\"\" data-start=\"1968\" data-end=\"1991\"><strong data-start=\"1968\" data-end=\"1991\">Effetti collaterali<\/strong><\/p>\n<ul data-start=\"1992\" data-end=\"2181\">\n<li class=\"\" data-start=\"1992\" data-end=\"2000\">\n<p class=\"\" data-start=\"1994\" data-end=\"2000\">Nausea<\/p>\n<\/li>\n<li class=\"\" data-start=\"2001\" data-end=\"2009\">\n<p class=\"\" data-start=\"2003\" data-end=\"2009\">Vomito<\/p>\n<\/li>\n<li class=\"\" data-start=\"2010\" data-end=\"2032\">\n<p class=\"\" data-start=\"2012\" data-end=\"2032\">Tremori, bocca secca<\/p>\n<\/li>\n<li class=\"\" data-start=\"2033\" data-end=\"2045\">\n<p class=\"\" data-start=\"2035\" data-end=\"2045\">Agitazione<\/p>\n<\/li>\n<li class=\"\" data-start=\"2046\" data-end=\"2060\">\n<p class=\"\" data-start=\"2048\" data-end=\"2060\">Palpitazioni<\/p>\n<\/li>\n<li class=\"\" data-start=\"2061\" data-end=\"2096\">\n<p class=\"\" data-start=\"2063\" data-end=\"2096\">Aumento della pressione sanguigna<\/p>\n<\/li>\n<li class=\"\" data-start=\"2097\" data-end=\"2111\">\n<p class=\"\" data-start=\"2099\" data-end=\"2111\">Mal di testa<\/p>\n<\/li>\n<li class=\"\" data-start=\"2112\" data-end=\"2123\">\n<p class=\"\" data-start=\"2114\" data-end=\"2123\">Vertigini<\/p>\n<\/li>\n<li class=\"\" data-start=\"2124\" data-end=\"2134\">\n<p class=\"\" data-start=\"2126\" data-end=\"2134\">Insonnia<\/p>\n<\/li>\n<li class=\"\" data-start=\"2135\" data-end=\"2153\">\n<p class=\"\" data-start=\"2137\" data-end=\"2153\">Crampi muscolari<\/p>\n<\/li>\n<li class=\"\" data-start=\"2154\" data-end=\"2181\">\n<p class=\"\" data-start=\"2156\" data-end=\"2181\">Aumento della sudorazione<\/p>\n<\/li>\n<\/ul>\n<p class=\"\" data-start=\"2183\" data-end=\"2237\"><strong data-start=\"2183\" data-end=\"2237\">Combinazione di Clenoged 0,04 mg con altri farmaci<\/strong><\/p>\n<p class=\"\" data-start=\"2239\" data-end=\"2342\">Per minimizzare gli effetti collaterali, il clenbuterolo dovrebbe essere assunto insieme al ketotifene.<\/p>\n<p class=\"\" data-start=\"2344\" data-end=\"2394\"><strong data-start=\"2344\" data-end=\"2394\">Recensioni di Clenoged da atleti e bodybuilder<\/strong><\/p>\n<p class=\"\" data-start=\"2396\" data-end=\"3203\">Secondo gli atleti, durante il periodo di definizione, Clenoged da Euro Prime Pharmaceuticals \u00e8 particolarmente utile. C&#8217;\u00e8 un aumento della velocit\u00e0 di bruciatura dei grassi, e durante il periodo di assunzione di due settimane si possono perdere fino a 5 chilogrammi di massa grassa. Un aspetto positivo \u00e8 l&#8217;aumento di energia che accompagna l&#8217;assunzione, molto apprezzato durante diete a basso contenuto di carboidrati. Allo stesso tempo, ci sono anche forti effetti collaterali. Di solito, i tremori e l&#8217;agitazione accompagnano i primi giorni del ciclo, indipendentemente dal fatto che l&#8217;atleta stia usando il clenbuterolo per la prima volta. Ovviamente, la lipolisi accelerata ne vale la pena! Soprattutto per gli atleti che sono appena tornati da un periodo di riposo e hanno bisogno di definire un po&#8217;.<\/p>\n<p><\/p>","protected":false},"excerpt":{"rendered":"<p>Informazioni per chi desidera acquistare Clenoged da Euro Prime Pharmaceuticals Clenoged (Clenbuterolo 40 mcg) di Euro Prime Pharmaceuticals \u00e8 un<\/p>\n","protected":false},"featured_media":8057,"comment_status":"open","ping_status":"closed","template":"","meta":[],"product_brand":[],"product_cat":[73,3474],"product_tag":[],"class_list":{"0":"post-8056","1":"product","2":"type-product","3":"status-publish","4":"has-post-thumbnail","6":"product_cat-ssteroides_orales","7":"product_cat-packs","9":"first","10":"outofstock","11":"sale","12":"shipping-taxable","13":"purchasable","14":"product-type-simple"},"yoast_head":"<!-- This site is optimized with the Yoast SEO Premium plugin v24.4 (Yoast SEO v27.0) - https:\/\/yoast.com\/product\/yoast-seo-premium-wordpress\/ -->\n<title>PACK3 - CLENOGED - Steroidi in linea<\/title>\n<meta name=\"description\" content=\"Clenoged (Clenbuterolo): Agonista beta2 per bruciare i grassi e accelerare il metabolismo. Stimolante del SNC, inizialmente per l&#039;asma.\" \/>\n<meta name=\"robots\" content=\"index, follow, max-snippet:-1, max-image-preview:large, max-video-preview:-1\" \/>\n<link rel=\"canonical\" href=\"https:\/\/iberoid.com\/it\/product\/pack3-clenoged-epf-premium\/\" \/>\n<meta property=\"og:locale\" content=\"it_IT\" \/>\n<meta property=\"og:type\" content=\"article\" \/>\n<meta property=\"og:title\" content=\"PACK3 - CLENOGED\" \/>\n<meta property=\"og:description\" content=\"Clenoged (Clenbuterolo): Agonista beta2 per bruciare i grassi e accelerare il metabolismo. Stimolante del SNC, inizialmente per l&#039;asma.\" \/>\n<meta property=\"og:url\" content=\"https:\/\/iberoid.com\/it\/product\/pack3-clenoged-epf-premium\/\" \/>\n<meta property=\"og:site_name\" content=\"Steroidi in linea\" \/>\n<meta property=\"article:modified_time\" content=\"2026-01-25T14:29:41+00:00\" \/>\n<meta property=\"og:image\" content=\"https:\/\/iberoid.com\/wp-content\/uploads\/2022\/11\/clen-epf-3.jpg?v=1751975723\" \/>\n\t<meta property=\"og:image:width\" content=\"1167\" \/>\n\t<meta property=\"og:image:height\" content=\"2045\" \/>\n\t<meta property=\"og:image:type\" content=\"image\/jpeg\" \/>\n<meta name=\"twitter:card\" content=\"summary_large_image\" \/>\n<meta name=\"twitter:label1\" content=\"Prezzo\" \/>\n\t<meta name=\"twitter:data1\" content=\"&euro;75.00\" \/>\n\t<meta name=\"twitter:label2\" content=\"Disponibilit\u00e0\" \/>\n\t<meta name=\"twitter:data2\" content=\"Esaurito\" \/>\n<script type=\"application\/ld+json\" class=\"yoast-schema-graph\">{\"@context\":\"https:\/\/schema.org\",\"@graph\":[{\"@type\":\"WebPage\",\"@id\":\"https:\/\/iberoid.com\/it\/product\/pack3-clenoged-epf-premium\/\",\"url\":\"https:\/\/iberoid.com\/it\/product\/pack3-clenoged-epf-premium\/\",\"name\":\"PACK3 - CLENOGED - Steroidi in linea\",\"isPartOf\":{\"@id\":\"https:\/\/iberoid-shop.com\/#website\"},\"primaryImageOfPage\":{\"@id\":\"https:\/\/iberoid.com\/it\/product\/pack3-clenoged-epf-premium\/#primaryimage\"},\"image\":{\"@id\":\"https:\/\/iberoid.com\/it\/product\/pack3-clenoged-epf-premium\/#primaryimage\"},\"thumbnailUrl\":\"https:\/\/iberoid.com\/wp-content\/uploads\/2022\/11\/clen-epf-3.jpg?v=1751975723\",\"datePublished\":\"2022-11-08T15:17:39+00:00\",\"dateModified\":\"2026-01-25T14:29:41+00:00\",\"description\":\"Clenoged (Clenbuterolo): Agonista beta2 per bruciare i grassi e accelerare il metabolismo. Stimolante del SNC, inizialmente per l'asma.\",\"breadcrumb\":{\"@id\":\"https:\/\/iberoid.com\/it\/product\/pack3-clenoged-epf-premium\/#breadcrumb\"},\"inLanguage\":\"it-IT\",\"potentialAction\":[{\"@type\":\"ReadAction\",\"target\":[[\"https:\/\/iberoid.com\/it\/product\/pack3-clenoged-epf-premium\/\"]]}]},{\"@type\":\"ImageObject\",\"inLanguage\":\"it-IT\",\"@id\":\"https:\/\/iberoid.com\/it\/product\/pack3-clenoged-epf-premium\/#primaryimage\",\"url\":\"https:\/\/iberoid.com\/wp-content\/uploads\/2022\/11\/clen-epf-3.jpg?v=1751975723\",\"contentUrl\":\"https:\/\/iberoid.com\/wp-content\/uploads\/2022\/11\/clen-epf-3.jpg?v=1751975723\",\"width\":1167,\"height\":2045},{\"@type\":\"BreadcrumbList\",\"@id\":\"https:\/\/iberoid.com\/it\/product\/pack3-clenoged-epf-premium\/#breadcrumb\",\"itemListElement\":[{\"@type\":\"ListItem\",\"position\":1,\"name\":\"Portada\",\"item\":\"https:\/\/iberoid.com\/it\/\"},{\"@type\":\"ListItem\",\"position\":2,\"name\":\"Negozio\",\"item\":\"https:\/\/iberoid.com\/it\/shop\/\"},{\"@type\":\"ListItem\",\"position\":3,\"name\":\"PACK3 &#8211; CLENOGED\"}]},{\"@type\":\"WebSite\",\"@id\":\"https:\/\/iberoid-shop.com\/#website\",\"url\":\"https:\/\/iberoid-shop.com\/\",\"name\":\"Steroidi in linea\",\"description\":\"Acquista steroidi online oggi in Spagna e Portogallo. Abbiamo il miglior servizio clienti del settore e prodotti di altissima qualit\u00e0\",\"potentialAction\":[{\"@type\":\"SearchAction\",\"target\":{\"@type\":\"EntryPoint\",\"urlTemplate\":\"https:\/\/iberoid-shop.com\/?s={search_term_string}\"},\"query-input\":{\"@type\":\"PropertyValueSpecification\",\"valueRequired\":true,\"valueName\":\"search_term_string\"}}],\"inLanguage\":\"it-IT\"}]}<\/script>\n<meta property=\"product:price:amount\" content=\"75.00\" \/>\n<meta property=\"product:price:currency\" content=\"EUR\" \/>\n<meta property=\"og:availability\" content=\"out of stock\" \/>\n<meta property=\"product:availability\" content=\"out of stock\" \/>\n<meta property=\"product:condition\" content=\"new\" \/>\n<!-- \/ Yoast SEO Premium plugin. -->","yoast_head_json":{"title":"PACK3 - CLENOGED - Steroidi in linea","description":"Clenoged (Clenbuterolo): Agonista beta2 per bruciare i grassi e accelerare il metabolismo. Stimolante del SNC, inizialmente per l'asma.","robots":{"index":"index","follow":"follow","max-snippet":"max-snippet:-1","max-image-preview":"max-image-preview:large","max-video-preview":"max-video-preview:-1"},"canonical":"https:\/\/iberoid.com\/it\/product\/pack3-clenoged-epf-premium\/","og_locale":"it_IT","og_type":"article","og_title":"PACK3 - CLENOGED","og_description":"Clenoged (Clenbuterolo): Agonista beta2 per bruciare i grassi e accelerare il metabolismo. Stimolante del SNC, inizialmente per l'asma.","og_url":"https:\/\/iberoid.com\/it\/product\/pack3-clenoged-epf-premium\/","og_site_name":"Steroidi in linea","article_modified_time":"2026-01-25T14:29:41+00:00","og_image":[{"width":1167,"height":2045,"url":"https:\/\/iberoid.com\/wp-content\/uploads\/2022\/11\/clen-epf-3.jpg?v=1751975723","type":"image\/jpeg"}],"twitter_card":"summary_large_image","twitter_misc":{"Prezzo":"&euro;75.00","Disponibilit\u00e0":"Esaurito"},"schema":{"@context":"https:\/\/schema.org","@graph":[{"@type":"WebPage","@id":"https:\/\/iberoid.com\/it\/product\/pack3-clenoged-epf-premium\/","url":"https:\/\/iberoid.com\/it\/product\/pack3-clenoged-epf-premium\/","name":"PACK3 - CLENOGED - Steroidi in linea","isPartOf":{"@id":"https:\/\/iberoid-shop.com\/#website"},"primaryImageOfPage":{"@id":"https:\/\/iberoid.com\/it\/product\/pack3-clenoged-epf-premium\/#primaryimage"},"image":{"@id":"https:\/\/iberoid.com\/it\/product\/pack3-clenoged-epf-premium\/#primaryimage"},"thumbnailUrl":"https:\/\/iberoid.com\/wp-content\/uploads\/2022\/11\/clen-epf-3.jpg?v=1751975723","datePublished":"2022-11-08T15:17:39+00:00","dateModified":"2026-01-25T14:29:41+00:00","description":"Clenoged (Clenbuterolo): Agonista beta2 per bruciare i grassi e accelerare il metabolismo. Stimolante del SNC, inizialmente per l'asma.","breadcrumb":{"@id":"https:\/\/iberoid.com\/it\/product\/pack3-clenoged-epf-premium\/#breadcrumb"},"inLanguage":"it-IT","potentialAction":[{"@type":"ReadAction","target":[["https:\/\/iberoid.com\/it\/product\/pack3-clenoged-epf-premium\/"]]}]},{"@type":"ImageObject","inLanguage":"it-IT","@id":"https:\/\/iberoid.com\/it\/product\/pack3-clenoged-epf-premium\/#primaryimage","url":"https:\/\/iberoid.com\/wp-content\/uploads\/2022\/11\/clen-epf-3.jpg?v=1751975723","contentUrl":"https:\/\/iberoid.com\/wp-content\/uploads\/2022\/11\/clen-epf-3.jpg?v=1751975723","width":1167,"height":2045},{"@type":"BreadcrumbList","@id":"https:\/\/iberoid.com\/it\/product\/pack3-clenoged-epf-premium\/#breadcrumb","itemListElement":[{"@type":"ListItem","position":1,"name":"Portada","item":"https:\/\/iberoid.com\/it\/"},{"@type":"ListItem","position":2,"name":"Negozio","item":"https:\/\/iberoid.com\/it\/shop\/"},{"@type":"ListItem","position":3,"name":"PACK3 &#8211; CLENOGED"}]},{"@type":"WebSite","@id":"https:\/\/iberoid-shop.com\/#website","url":"https:\/\/iberoid-shop.com\/","name":"Steroidi in linea","description":"Acquista steroidi online oggi in Spagna e Portogallo. Abbiamo il miglior servizio clienti del settore e prodotti di altissima qualit\u00e0","potentialAction":[{"@type":"SearchAction","target":{"@type":"EntryPoint","urlTemplate":"https:\/\/iberoid-shop.com\/?s={search_term_string}"},"query-input":{"@type":"PropertyValueSpecification","valueRequired":true,"valueName":"search_term_string"}}],"inLanguage":"it-IT"}]},"product_price_amount":"75.00","product_price_currency":"EUR","og_availability":"out of stock","product_availability":"out of stock","product_condition":"new"},"_links":{"self":[{"href":"https:\/\/iberoid.com\/it\/wp-json\/wp\/v2\/product\/8056","targetHints":{"allow":["GET"]}}],"collection":[{"href":"https:\/\/iberoid.com\/it\/wp-json\/wp\/v2\/product"}],"about":[{"href":"https:\/\/iberoid.com\/it\/wp-json\/wp\/v2\/types\/product"}],"replies":[{"embeddable":true,"href":"https:\/\/iberoid.com\/it\/wp-json\/wp\/v2\/comments?post=8056"}],"wp:featuredmedia":[{"embeddable":true,"href":"https:\/\/iberoid.com\/it\/wp-json\/wp\/v2\/media\/8057"}],"wp:attachment":[{"href":"https:\/\/iberoid.com\/it\/wp-json\/wp\/v2\/media?parent=8056"}],"wp:term":[{"taxonomy":"product_brand","embeddable":true,"href":"https:\/\/iberoid.com\/it\/wp-json\/wp\/v2\/product_brand?post=8056"},{"taxonomy":"product_cat","embeddable":true,"href":"https:\/\/iberoid.com\/it\/wp-json\/wp\/v2\/product_cat?post=8056"},{"taxonomy":"product_tag","embeddable":true,"href":"https:\/\/iberoid.com\/it\/wp-json\/wp\/v2\/product_tag?post=8056"}],"curies":[{"name":"wp","href":"https:\/\/api.w.org\/{rel}","templated":true}]}}