{"id":8230,"date":"2023-02-07T21:27:47","date_gmt":"2023-02-07T21:27:47","guid":{"rendered":"https:\/\/iberoid.com\/?post_type=product&#038;p=8230"},"modified":"2023-04-15T12:02:44","modified_gmt":"2023-04-15T12:02:44","slug":"primobolan-methenolone-enanthate-cygnus-pharma","status":"publish","type":"product","link":"https:\/\/iberoid.com\/it\/product\/primobolan-methenolone-enanthate-cygnus-pharma\/","title":{"rendered":"PRIMOBOLAN\/Methenolone Enanthate"},"content":{"rendered":"<p><strong>PRIMOBOLAN\/Methenolone Enanthate<\/strong> \u00e8 uno steroide anabolizzante, modifica del diidrotestosterone (DHT) con debole attivit\u00e0 androgenica e un moderato effetto anabolico. \u00c8 stato anche dimostrato che l&#8217;ormone methenolone ha un effetto positivo sul sistema immunitario.<\/p>\n<p><strong>Methenolone Enanthate<\/strong> (noto anche come primobolan) \u00e8 stato descritto nel 1960. Squibb Company ha iniziato a produrre farmaci iniettabili nel 1962. Il methenolone originariamente veniva prescritto in caso di perdita muscolare dopo operazioni, infezioni, malattie a lungo termine, terapia aggressiva con corticoidi o malnutrizione e in in alcuni casi \u00e8 stato usato per trattare l&#8217;osteoporosi e il cancro al seno. Il methenolone era comunemente usato per promuovere l&#8217;aumento di peso nei neonati, pesando meno del normale, senza effetti collaterali.<\/p>\n<p>Il methenolone\u00a0\u00e8 uno steroide anabolizzante, modifica del diidrotestosterone (DHT) con debole attivit\u00e0 androgenica e un moderato effetto anabolico. Una caratteristica notevole del methenolone \u00e8 che pu\u00f2 legarsi saldamente ai recettori degli androgeni, pi\u00f9 forti del testosterone.<\/p>\n<p>\u00c8 stato anche dimostrato che l&#8217;ormone methenolone ha un effetto positivo sul sistema immunitario. In caso di atrofia muscolare e problemi immunitari come con l&#8217;AIDS, Primobolan si \u00e8 dimostrato molto utile. Potrebbe benissimo non essere l&#8217;unico steroide utilizzato in questi casi. Poich\u00e9 non promuover\u00e0 forti caratteristiche di massa, probabilmente non sar\u00e0 l&#8217;unico prescritto. Tuttavia, la moderata natura anabolica insieme al potenziamento immunitario lo rende la scelta migliore in questi casi.<\/p>","protected":false},"excerpt":{"rendered":"<p>PRIMOBOLAN\/Methenolone Enanthate \u00e8 uno steroide anabolizzante, modifica del diidrotestosterone (DHT) con debole attivit\u00e0 androgenica e un moderato effetto anabolico. \u00c8<\/p>\n","protected":false},"featured_media":8231,"comment_status":"open","ping_status":"closed","template":"","meta":[],"product_brand":[],"product_cat":[69],"product_tag":[],"class_list":{"0":"post-8230","1":"product","2":"type-product","3":"status-publish","4":"has-post-thumbnail","6":"product_cat-esteroides_inyectables","8":"first","9":"outofstock","10":"shipping-taxable","11":"purchasable","12":"product-type-simple"},"yoast_head":"<!-- This site is optimized with the Yoast SEO Premium plugin v24.4 (Yoast SEO v27.3) - https:\/\/yoast.com\/product\/yoast-seo-premium-wordpress\/ -->\n<title>PRIMOBOLAN\/Methenolone Enanthate - Steroidi in linea<\/title>\n<meta name=\"robots\" content=\"index, follow, max-snippet:-1, max-image-preview:large, max-video-preview:-1\" \/>\n<link rel=\"canonical\" href=\"https:\/\/iberoid.com\/it\/product\/primobolan-methenolone-enanthate-cygnus-pharma\/\" \/>\n<meta property=\"og:locale\" content=\"it_IT\" \/>\n<meta property=\"og:type\" content=\"article\" \/>\n<meta property=\"og:title\" content=\"PRIMOBOLAN\/Methenolone Enanthate\" \/>\n<meta property=\"og:description\" content=\"PRIMOBOLAN\/Methenolone Enanthate \u00e8 uno steroide anabolizzante, modifica del diidrotestosterone (DHT) con debole attivit\u00e0 androgenica e un moderato effetto anabolico. \u00c8\" \/>\n<meta property=\"og:url\" content=\"https:\/\/iberoid.com\/it\/product\/primobolan-methenolone-enanthate-cygnus-pharma\/\" \/>\n<meta property=\"og:site_name\" content=\"Steroidi in linea\" \/>\n<meta property=\"article:modified_time\" content=\"2023-04-15T12:02:44+00:00\" \/>\n<meta property=\"og:image\" content=\"https:\/\/iberoid.com\/wp-content\/uploads\/2023\/02\/Methenolone_Enanthate.png?v=1678119836\" \/>\n\t<meta property=\"og:image:width\" content=\"1000\" \/>\n\t<meta property=\"og:image:height\" content=\"831\" \/>\n\t<meta property=\"og:image:type\" content=\"image\/png\" \/>\n<meta name=\"twitter:card\" content=\"summary_large_image\" \/>\n<meta name=\"twitter:label1\" content=\"Prezzo\" \/>\n\t<meta name=\"twitter:data1\" content=\"&euro;75.00\" \/>\n\t<meta name=\"twitter:label2\" content=\"Disponibilit\u00e0\" \/>\n\t<meta name=\"twitter:data2\" content=\"Esaurito\" \/>\n<script type=\"application\/ld+json\" class=\"yoast-schema-graph\">{\"@context\":\"https:\\\/\\\/schema.org\",\"@graph\":[{\"@type\":\"WebPage\",\"@id\":\"https:\\\/\\\/iberoid.com\\\/it\\\/product\\\/primobolan-methenolone-enanthate-cygnus-pharma\\\/\",\"url\":\"https:\\\/\\\/iberoid.com\\\/it\\\/product\\\/primobolan-methenolone-enanthate-cygnus-pharma\\\/\",\"name\":\"PRIMOBOLAN\\\/Methenolone Enanthate - Steroidi in linea\",\"isPartOf\":{\"@id\":\"https:\\\/\\\/iberoid-shop.com\\\/#website\"},\"primaryImageOfPage\":{\"@id\":\"https:\\\/\\\/iberoid.com\\\/it\\\/product\\\/primobolan-methenolone-enanthate-cygnus-pharma\\\/#primaryimage\"},\"image\":{\"@id\":\"https:\\\/\\\/iberoid.com\\\/it\\\/product\\\/primobolan-methenolone-enanthate-cygnus-pharma\\\/#primaryimage\"},\"thumbnailUrl\":\"https:\\\/\\\/iberoid.com\\\/wp-content\\\/uploads\\\/2023\\\/02\\\/Methenolone_Enanthate.png?v=1678119836\",\"datePublished\":\"2023-02-07T21:27:47+00:00\",\"dateModified\":\"2023-04-15T12:02:44+00:00\",\"breadcrumb\":{\"@id\":\"https:\\\/\\\/iberoid.com\\\/it\\\/product\\\/primobolan-methenolone-enanthate-cygnus-pharma\\\/#breadcrumb\"},\"inLanguage\":\"it-IT\",\"potentialAction\":[{\"@type\":\"ReadAction\",\"target\":[[\"https:\\\/\\\/iberoid.com\\\/it\\\/product\\\/primobolan-methenolone-enanthate-cygnus-pharma\\\/\"]]}]},{\"@type\":\"ImageObject\",\"inLanguage\":\"it-IT\",\"@id\":\"https:\\\/\\\/iberoid.com\\\/it\\\/product\\\/primobolan-methenolone-enanthate-cygnus-pharma\\\/#primaryimage\",\"url\":\"https:\\\/\\\/iberoid.com\\\/wp-content\\\/uploads\\\/2023\\\/02\\\/Methenolone_Enanthate.png?v=1678119836\",\"contentUrl\":\"https:\\\/\\\/iberoid.com\\\/wp-content\\\/uploads\\\/2023\\\/02\\\/Methenolone_Enanthate.png?v=1678119836\",\"width\":1000,\"height\":831},{\"@type\":\"BreadcrumbList\",\"@id\":\"https:\\\/\\\/iberoid.com\\\/it\\\/product\\\/primobolan-methenolone-enanthate-cygnus-pharma\\\/#breadcrumb\",\"itemListElement\":[{\"@type\":\"ListItem\",\"position\":1,\"name\":\"Portada\",\"item\":\"https:\\\/\\\/iberoid.com\\\/it\\\/\"},{\"@type\":\"ListItem\",\"position\":2,\"name\":\"Negozio\",\"item\":\"https:\\\/\\\/iberoid.com\\\/it\\\/shop\\\/\"},{\"@type\":\"ListItem\",\"position\":3,\"name\":\"PRIMOBOLAN\\\/Methenolone Enanthate\"}]},{\"@type\":\"WebSite\",\"@id\":\"https:\\\/\\\/iberoid-shop.com\\\/#website\",\"url\":\"https:\\\/\\\/iberoid-shop.com\\\/\",\"name\":\"Steroidi in linea\",\"description\":\"Acquista steroidi online oggi in Spagna e Portogallo. Abbiamo il miglior servizio clienti del settore e prodotti di altissima qualit\u00e0\",\"potentialAction\":[{\"@type\":\"SearchAction\",\"target\":{\"@type\":\"EntryPoint\",\"urlTemplate\":\"https:\\\/\\\/iberoid-shop.com\\\/?s={search_term_string}\"},\"query-input\":{\"@type\":\"PropertyValueSpecification\",\"valueRequired\":true,\"valueName\":\"search_term_string\"}}],\"inLanguage\":\"it-IT\"}]}<\/script>\n<meta property=\"product:brand\" content=\"Cygnus Pharmaceutical\" \/>\n<meta property=\"product:price:amount\" content=\"75.00\" \/>\n<meta property=\"product:price:currency\" content=\"EUR\" \/>\n<meta property=\"og:availability\" content=\"out of stock\" \/>\n<meta property=\"product:availability\" content=\"out of stock\" \/>\n<meta property=\"product:condition\" content=\"new\" \/>\n<!-- \/ Yoast SEO Premium plugin. -->","yoast_head_json":{"title":"PRIMOBOLAN\/Methenolone Enanthate - Steroidi in linea","robots":{"index":"index","follow":"follow","max-snippet":"max-snippet:-1","max-image-preview":"max-image-preview:large","max-video-preview":"max-video-preview:-1"},"canonical":"https:\/\/iberoid.com\/it\/product\/primobolan-methenolone-enanthate-cygnus-pharma\/","og_locale":"it_IT","og_type":"article","og_title":"PRIMOBOLAN\/Methenolone Enanthate","og_description":"PRIMOBOLAN\/Methenolone Enanthate \u00e8 uno steroide anabolizzante, modifica del diidrotestosterone (DHT) con debole attivit\u00e0 androgenica e un moderato effetto anabolico. \u00c8","og_url":"https:\/\/iberoid.com\/it\/product\/primobolan-methenolone-enanthate-cygnus-pharma\/","og_site_name":"Steroidi in linea","article_modified_time":"2023-04-15T12:02:44+00:00","og_image":[{"width":1000,"height":831,"url":"https:\/\/iberoid.com\/wp-content\/uploads\/2023\/02\/Methenolone_Enanthate.png?v=1678119836","type":"image\/png"}],"twitter_card":"summary_large_image","twitter_misc":{"Prezzo":"&euro;75.00","Disponibilit\u00e0":"Esaurito"},"schema":{"@context":"https:\/\/schema.org","@graph":[{"@type":"WebPage","@id":"https:\/\/iberoid.com\/it\/product\/primobolan-methenolone-enanthate-cygnus-pharma\/","url":"https:\/\/iberoid.com\/it\/product\/primobolan-methenolone-enanthate-cygnus-pharma\/","name":"PRIMOBOLAN\/Methenolone Enanthate - Steroidi in linea","isPartOf":{"@id":"https:\/\/iberoid-shop.com\/#website"},"primaryImageOfPage":{"@id":"https:\/\/iberoid.com\/it\/product\/primobolan-methenolone-enanthate-cygnus-pharma\/#primaryimage"},"image":{"@id":"https:\/\/iberoid.com\/it\/product\/primobolan-methenolone-enanthate-cygnus-pharma\/#primaryimage"},"thumbnailUrl":"https:\/\/iberoid.com\/wp-content\/uploads\/2023\/02\/Methenolone_Enanthate.png?v=1678119836","datePublished":"2023-02-07T21:27:47+00:00","dateModified":"2023-04-15T12:02:44+00:00","breadcrumb":{"@id":"https:\/\/iberoid.com\/it\/product\/primobolan-methenolone-enanthate-cygnus-pharma\/#breadcrumb"},"inLanguage":"it-IT","potentialAction":[{"@type":"ReadAction","target":[["https:\/\/iberoid.com\/it\/product\/primobolan-methenolone-enanthate-cygnus-pharma\/"]]}]},{"@type":"ImageObject","inLanguage":"it-IT","@id":"https:\/\/iberoid.com\/it\/product\/primobolan-methenolone-enanthate-cygnus-pharma\/#primaryimage","url":"https:\/\/iberoid.com\/wp-content\/uploads\/2023\/02\/Methenolone_Enanthate.png?v=1678119836","contentUrl":"https:\/\/iberoid.com\/wp-content\/uploads\/2023\/02\/Methenolone_Enanthate.png?v=1678119836","width":1000,"height":831},{"@type":"BreadcrumbList","@id":"https:\/\/iberoid.com\/it\/product\/primobolan-methenolone-enanthate-cygnus-pharma\/#breadcrumb","itemListElement":[{"@type":"ListItem","position":1,"name":"Portada","item":"https:\/\/iberoid.com\/it\/"},{"@type":"ListItem","position":2,"name":"Negozio","item":"https:\/\/iberoid.com\/it\/shop\/"},{"@type":"ListItem","position":3,"name":"PRIMOBOLAN\/Methenolone Enanthate"}]},{"@type":"WebSite","@id":"https:\/\/iberoid-shop.com\/#website","url":"https:\/\/iberoid-shop.com\/","name":"Steroidi in linea","description":"Acquista steroidi online oggi in Spagna e Portogallo. Abbiamo il miglior servizio clienti del settore e prodotti di altissima qualit\u00e0","potentialAction":[{"@type":"SearchAction","target":{"@type":"EntryPoint","urlTemplate":"https:\/\/iberoid-shop.com\/?s={search_term_string}"},"query-input":{"@type":"PropertyValueSpecification","valueRequired":true,"valueName":"search_term_string"}}],"inLanguage":"it-IT"}]},"product_brand":"Cygnus Pharmaceutical","product_price_amount":"75.00","product_price_currency":"EUR","og_availability":"out of stock","product_availability":"out of stock","product_condition":"new"},"_links":{"self":[{"href":"https:\/\/iberoid.com\/it\/wp-json\/wp\/v2\/product\/8230","targetHints":{"allow":["GET"]}}],"collection":[{"href":"https:\/\/iberoid.com\/it\/wp-json\/wp\/v2\/product"}],"about":[{"href":"https:\/\/iberoid.com\/it\/wp-json\/wp\/v2\/types\/product"}],"replies":[{"embeddable":true,"href":"https:\/\/iberoid.com\/it\/wp-json\/wp\/v2\/comments?post=8230"}],"wp:featuredmedia":[{"embeddable":true,"href":"https:\/\/iberoid.com\/it\/wp-json\/wp\/v2\/media\/8231"}],"wp:attachment":[{"href":"https:\/\/iberoid.com\/it\/wp-json\/wp\/v2\/media?parent=8230"}],"wp:term":[{"taxonomy":"product_brand","embeddable":true,"href":"https:\/\/iberoid.com\/it\/wp-json\/wp\/v2\/product_brand?post=8230"},{"taxonomy":"product_cat","embeddable":true,"href":"https:\/\/iberoid.com\/it\/wp-json\/wp\/v2\/product_cat?post=8230"},{"taxonomy":"product_tag","embeddable":true,"href":"https:\/\/iberoid.com\/it\/wp-json\/wp\/v2\/product_tag?post=8230"}],"curies":[{"name":"wp","href":"https:\/\/api.w.org\/{rel}","templated":true}]}}