{"id":8384,"date":"2023-03-26T12:15:42","date_gmt":"2023-03-26T12:15:42","guid":{"rendered":"https:\/\/iberoid.com\/?post_type=product&#038;p=8384"},"modified":"2026-03-01T14:02:27","modified_gmt":"2026-03-01T14:02:27","slug":"somatek-somatropin-75-ui-pharmabol-labs","status":"publish","type":"product","link":"https:\/\/iberoid.com\/it\/product\/somatek-somatropin-75-ui-pharmabol-labs\/","title":{"rendered":"SOMATEK \/ SOMATROPIN 75 UI"},"content":{"rendered":"<p>SOMATEK in vendita. Acquista SOMATEK 75 I.U. Ormone umano della crescita in linea.<br \/>\nGaranzia di consegna al 100% per Somatropin Sandoz.<\/p>\n<p>Somatropina in vendita\u00a0con polvere di ormone umano della crescita e solvente per soluzione iniettabile.<\/p>\n<p>Versione sintetica di SOMATEK 75 I.U. si chiama Somatropina (sequenza di 191 aminoacidi Somatropin Sandoz).<br \/>\nL\u2019ormone della crescita umano somatropina \u00e8 identico al GH del corpo umano.<\/p>\n<p>Somatropina SOMATEK 75 U.I. informazioni<\/p>\n<p>Nonostante i creatori della Somatropina SOMATEK lo abbiano inizialmente sintetizzato per curare i bambini con deficit di GH, l&#8217;Ormone Umano della Crescita \u00e8 molto popolare negli sport, soprattutto nel bodybuilding, per i seguenti motivi: Crescita della massa muscolare, causata dall&#8217;accelerazione della sintesi proteica.<br \/>\nPerdita di grasso contemporaneamente all&#8217;aumento della massa muscolare. Miglioramento della qualit\u00e0 della cartilagine. Effetti collaterali lievi.<\/p>\n<p>La funzione di combustione dei grassi dell\u2019ormone umano della crescita \u00e8 svolta dalla stessa Somatropina Sandoz.<br \/>\nL&#8217;ormone si lega ai recettori dell&#8217;ormone della crescita umano, il che porta ad un aumento del livello di acidi grassi liberi (FFA).<br \/>\nQuindi, il corpo inizia a utilizzare i grassi, invece dei carboidrati, come fonte di energia.<\/p>\n<p>Somatropina SOMATEK 75 U.I. benefici<\/p>\n<p>Mantieni la longevit\u00e0 e renditi pi\u00f9 giovane e radioso per sempre.<br \/>\nMigliora la funzione sessuale.<br \/>\nAumentare la massa muscolare (popolare tra i bodybuilder).<br \/>\nAiuta a bruciare i grassi in modo pi\u00f9 efficace.<br \/>\nAiuta a stabilizzare il livello di zucchero nel sangue.<br \/>\nAiuta la tua pelle bella e sana.<br \/>\nAumenta l&#8217;altezza.<\/p>\n<p>Somatropina 75 UI caratteristiche positive<\/p>\n<p>La perdita di grasso non interagisce con la crescita muscolare n\u00e9 interferisce con essa. L&#8217;ormone umano della crescita \u00e8 una caratteristica unica di Somatropina 100 I.U., che ti consente di aumentare la massa muscolare magra e perdere del tutto il grasso.<\/p>\n<p>Un&#8217;altra caratteristica unica di Somatropin Sandoz \u00e8 l&#8217;iperplasia, ovvero l&#8217;aumento del numero di cellule muscolari dovuto alla loro proliferazione.<br \/>\nQuesto effetto \u00e8 significativo perch\u00e9 i guadagni muscolari indotti dalla somatropina sono permanenti e le cellule divise consentono di superare il limite genetico per la massa muscolare.<\/p>\n<p>Somatropina SOMATEK Dosaggio<\/p>\n<p>Il dosaggio efficace di Somatropina 75 I.U. per il bodybuilding \u00e8 di almeno 4 UI.<br \/>\nSe lo prendi per la prima volta, sar\u00e0 sufficiente consumare 4-6 UI di Somatropina SOMATEK Human Growth Hormone, per ottenere solo massa pulita.<br \/>\nQuindi, durante i cicli successivi, puoi assumere fino a 15 UI\/giorno perch\u00e9 Somatropin Sandoz mostra un aumento lineare dell&#8217;efficacia con il dosaggio.<\/p>\n<p>Inoltre, se prendi 10 o pi\u00f9 UI, devi assolutamente includere l&#8217;insulina nel tuo ciclo perch\u00e9 aiuter\u00e0 a prevenire problemi al pancreas.<br \/>\nIl rischio di diabete \u00e8 il principale effetto collaterale della Somatropina 100 I.U..<\/p>","protected":false},"excerpt":{"rendered":"<p>SOMATEK in vendita. Acquista SOMATEK 75 I.U. Ormone umano della crescita in linea. Garanzia di consegna al 100% per Somatropin<\/p>\n","protected":false},"featured_media":8385,"comment_status":"open","ping_status":"closed","template":"","meta":[],"product_brand":[],"product_cat":[76],"product_tag":[],"class_list":{"0":"post-8384","1":"product","2":"type-product","3":"status-publish","4":"has-post-thumbnail","6":"product_cat-hgh_peptido","8":"first","9":"outofstock","10":"sale","11":"shipping-taxable","12":"purchasable","13":"product-type-simple"},"yoast_head":"<!-- This site is optimized with the Yoast SEO Premium plugin v24.4 (Yoast SEO v27.3) - https:\/\/yoast.com\/product\/yoast-seo-premium-wordpress\/ -->\n<title>SOMATEK \/ SOMATROPIN 75 UI - Steroidi in linea<\/title>\n<meta name=\"description\" content=\"SOMATEK 75 I.U. \u00e8 un ormone della crescita sintetico che aumenta la massa muscolare, la perdita di grasso, la salute della pelle e la longevit\u00e0 con lievi effetti collaterali.\" \/>\n<meta name=\"robots\" content=\"index, follow, max-snippet:-1, max-image-preview:large, max-video-preview:-1\" \/>\n<link rel=\"canonical\" href=\"https:\/\/iberoid.com\/it\/product\/somatek-somatropin-75-ui-pharmabol-labs\/\" \/>\n<meta property=\"og:locale\" content=\"it_IT\" \/>\n<meta property=\"og:type\" content=\"article\" \/>\n<meta property=\"og:title\" content=\"SOMATEK \/ SOMATROPIN 75 UI\" \/>\n<meta property=\"og:description\" content=\"SOMATEK 75 I.U. \u00e8 un ormone della crescita sintetico che aumenta la massa muscolare, la perdita di grasso, la salute della pelle e la longevit\u00e0 con lievi effetti collaterali.\" \/>\n<meta property=\"og:url\" content=\"https:\/\/iberoid.com\/it\/product\/somatek-somatropin-75-ui-pharmabol-labs\/\" \/>\n<meta property=\"og:site_name\" content=\"Steroidi in linea\" \/>\n<meta property=\"article:modified_time\" content=\"2026-03-01T14:02:27+00:00\" \/>\n<meta property=\"og:image\" content=\"https:\/\/iberoid.com\/wp-content\/uploads\/2023\/03\/1.-som.jpg?v=1763660031\" \/>\n\t<meta property=\"og:image:width\" content=\"1024\" \/>\n\t<meta property=\"og:image:height\" content=\"768\" \/>\n\t<meta property=\"og:image:type\" content=\"image\/jpeg\" \/>\n<meta name=\"twitter:card\" content=\"summary_large_image\" \/>\n<meta name=\"twitter:label1\" content=\"Prezzo\" \/>\n\t<meta name=\"twitter:data1\" content=\"&euro;75.00\" \/>\n\t<meta name=\"twitter:label2\" content=\"Disponibilit\u00e0\" \/>\n\t<meta name=\"twitter:data2\" content=\"Esaurito\" \/>\n<script type=\"application\/ld+json\" class=\"yoast-schema-graph\">{\"@context\":\"https:\\\/\\\/schema.org\",\"@graph\":[{\"@type\":\"WebPage\",\"@id\":\"https:\\\/\\\/iberoid.com\\\/it\\\/product\\\/somatek-somatropin-75-ui-pharmabol-labs\\\/\",\"url\":\"https:\\\/\\\/iberoid.com\\\/it\\\/product\\\/somatek-somatropin-75-ui-pharmabol-labs\\\/\",\"name\":\"SOMATEK \\\/ SOMATROPIN 75 UI - Steroidi in linea\",\"isPartOf\":{\"@id\":\"https:\\\/\\\/iberoid.com\\\/it\\\/#website\"},\"primaryImageOfPage\":{\"@id\":\"https:\\\/\\\/iberoid.com\\\/it\\\/product\\\/somatek-somatropin-75-ui-pharmabol-labs\\\/#primaryimage\"},\"image\":{\"@id\":\"https:\\\/\\\/iberoid.com\\\/it\\\/product\\\/somatek-somatropin-75-ui-pharmabol-labs\\\/#primaryimage\"},\"thumbnailUrl\":\"https:\\\/\\\/iberoid.com\\\/wp-content\\\/uploads\\\/2023\\\/03\\\/1.-som.jpg?v=1763660031\",\"datePublished\":\"2023-03-26T12:15:42+00:00\",\"dateModified\":\"2026-03-01T14:02:27+00:00\",\"description\":\"SOMATEK 75 I.U. \u00e8 un ormone della crescita sintetico che aumenta la massa muscolare, la perdita di grasso, la salute della pelle e la longevit\u00e0 con lievi effetti collaterali.\",\"breadcrumb\":{\"@id\":\"https:\\\/\\\/iberoid.com\\\/it\\\/product\\\/somatek-somatropin-75-ui-pharmabol-labs\\\/#breadcrumb\"},\"inLanguage\":\"it-IT\",\"potentialAction\":[{\"@type\":\"ReadAction\",\"target\":[[\"https:\\\/\\\/iberoid.com\\\/it\\\/product\\\/somatek-somatropin-75-ui-pharmabol-labs\\\/\"]]}]},{\"@type\":\"ImageObject\",\"inLanguage\":\"it-IT\",\"@id\":\"https:\\\/\\\/iberoid.com\\\/it\\\/product\\\/somatek-somatropin-75-ui-pharmabol-labs\\\/#primaryimage\",\"url\":\"https:\\\/\\\/iberoid.com\\\/wp-content\\\/uploads\\\/2023\\\/03\\\/1.-som.jpg?v=1763660031\",\"contentUrl\":\"https:\\\/\\\/iberoid.com\\\/wp-content\\\/uploads\\\/2023\\\/03\\\/1.-som.jpg?v=1763660031\",\"width\":1024,\"height\":768},{\"@type\":\"BreadcrumbList\",\"@id\":\"https:\\\/\\\/iberoid.com\\\/it\\\/product\\\/somatek-somatropin-75-ui-pharmabol-labs\\\/#breadcrumb\",\"itemListElement\":[{\"@type\":\"ListItem\",\"position\":1,\"name\":\"Portada\",\"item\":\"https:\\\/\\\/iberoid.com\\\/it\\\/\"},{\"@type\":\"ListItem\",\"position\":2,\"name\":\"Negozio\",\"item\":\"https:\\\/\\\/iberoid.com\\\/it\\\/shop\\\/\"},{\"@type\":\"ListItem\",\"position\":3,\"name\":\"SOMATEK \\\/ SOMATROPIN 75 UI\"}]},{\"@type\":\"WebSite\",\"@id\":\"https:\\\/\\\/iberoid.com\\\/it\\\/#website\",\"url\":\"https:\\\/\\\/iberoid.com\\\/it\\\/\",\"name\":\"Steroidi in linea\",\"description\":\"Acquista steroidi online oggi in Spagna e Portogallo. Abbiamo il miglior servizio clienti del settore e prodotti di altissima qualit\u00e0\",\"potentialAction\":[{\"@type\":\"SearchAction\",\"target\":{\"@type\":\"EntryPoint\",\"urlTemplate\":\"https:\\\/\\\/iberoid.com\\\/it\\\/?s={search_term_string}\"},\"query-input\":{\"@type\":\"PropertyValueSpecification\",\"valueRequired\":true,\"valueName\":\"search_term_string\"}}],\"inLanguage\":\"it-IT\"}]}<\/script>\n<meta property=\"product:brand\" content=\"Pharmabol\" \/>\n<meta property=\"product:price:amount\" content=\"75.00\" \/>\n<meta property=\"product:price:currency\" content=\"EUR\" \/>\n<meta property=\"og:availability\" content=\"out of stock\" \/>\n<meta property=\"product:availability\" content=\"out of stock\" \/>\n<meta property=\"product:condition\" content=\"new\" \/>\n<!-- \/ Yoast SEO Premium plugin. -->","yoast_head_json":{"title":"SOMATEK \/ SOMATROPIN 75 UI - Steroidi in linea","description":"SOMATEK 75 I.U. \u00e8 un ormone della crescita sintetico che aumenta la massa muscolare, la perdita di grasso, la salute della pelle e la longevit\u00e0 con lievi effetti collaterali.","robots":{"index":"index","follow":"follow","max-snippet":"max-snippet:-1","max-image-preview":"max-image-preview:large","max-video-preview":"max-video-preview:-1"},"canonical":"https:\/\/iberoid.com\/it\/product\/somatek-somatropin-75-ui-pharmabol-labs\/","og_locale":"it_IT","og_type":"article","og_title":"SOMATEK \/ SOMATROPIN 75 UI","og_description":"SOMATEK 75 I.U. \u00e8 un ormone della crescita sintetico che aumenta la massa muscolare, la perdita di grasso, la salute della pelle e la longevit\u00e0 con lievi effetti collaterali.","og_url":"https:\/\/iberoid.com\/it\/product\/somatek-somatropin-75-ui-pharmabol-labs\/","og_site_name":"Steroidi in linea","article_modified_time":"2026-03-01T14:02:27+00:00","og_image":[{"width":1024,"height":768,"url":"https:\/\/iberoid.com\/wp-content\/uploads\/2023\/03\/1.-som.jpg?v=1763660031","type":"image\/jpeg"}],"twitter_card":"summary_large_image","twitter_misc":{"Prezzo":"&euro;75.00","Disponibilit\u00e0":"Esaurito"},"schema":{"@context":"https:\/\/schema.org","@graph":[{"@type":"WebPage","@id":"https:\/\/iberoid.com\/it\/product\/somatek-somatropin-75-ui-pharmabol-labs\/","url":"https:\/\/iberoid.com\/it\/product\/somatek-somatropin-75-ui-pharmabol-labs\/","name":"SOMATEK \/ SOMATROPIN 75 UI - Steroidi in linea","isPartOf":{"@id":"https:\/\/iberoid.com\/it\/#website"},"primaryImageOfPage":{"@id":"https:\/\/iberoid.com\/it\/product\/somatek-somatropin-75-ui-pharmabol-labs\/#primaryimage"},"image":{"@id":"https:\/\/iberoid.com\/it\/product\/somatek-somatropin-75-ui-pharmabol-labs\/#primaryimage"},"thumbnailUrl":"https:\/\/iberoid.com\/wp-content\/uploads\/2023\/03\/1.-som.jpg?v=1763660031","datePublished":"2023-03-26T12:15:42+00:00","dateModified":"2026-03-01T14:02:27+00:00","description":"SOMATEK 75 I.U. \u00e8 un ormone della crescita sintetico che aumenta la massa muscolare, la perdita di grasso, la salute della pelle e la longevit\u00e0 con lievi effetti collaterali.","breadcrumb":{"@id":"https:\/\/iberoid.com\/it\/product\/somatek-somatropin-75-ui-pharmabol-labs\/#breadcrumb"},"inLanguage":"it-IT","potentialAction":[{"@type":"ReadAction","target":[["https:\/\/iberoid.com\/it\/product\/somatek-somatropin-75-ui-pharmabol-labs\/"]]}]},{"@type":"ImageObject","inLanguage":"it-IT","@id":"https:\/\/iberoid.com\/it\/product\/somatek-somatropin-75-ui-pharmabol-labs\/#primaryimage","url":"https:\/\/iberoid.com\/wp-content\/uploads\/2023\/03\/1.-som.jpg?v=1763660031","contentUrl":"https:\/\/iberoid.com\/wp-content\/uploads\/2023\/03\/1.-som.jpg?v=1763660031","width":1024,"height":768},{"@type":"BreadcrumbList","@id":"https:\/\/iberoid.com\/it\/product\/somatek-somatropin-75-ui-pharmabol-labs\/#breadcrumb","itemListElement":[{"@type":"ListItem","position":1,"name":"Portada","item":"https:\/\/iberoid.com\/it\/"},{"@type":"ListItem","position":2,"name":"Negozio","item":"https:\/\/iberoid.com\/it\/shop\/"},{"@type":"ListItem","position":3,"name":"SOMATEK \/ SOMATROPIN 75 UI"}]},{"@type":"WebSite","@id":"https:\/\/iberoid.com\/it\/#website","url":"https:\/\/iberoid.com\/it\/","name":"Steroidi in linea","description":"Acquista steroidi online oggi in Spagna e Portogallo. Abbiamo il miglior servizio clienti del settore e prodotti di altissima qualit\u00e0","potentialAction":[{"@type":"SearchAction","target":{"@type":"EntryPoint","urlTemplate":"https:\/\/iberoid.com\/it\/?s={search_term_string}"},"query-input":{"@type":"PropertyValueSpecification","valueRequired":true,"valueName":"search_term_string"}}],"inLanguage":"it-IT"}]},"product_brand":"Pharmabol","product_price_amount":"75.00","product_price_currency":"EUR","og_availability":"out of stock","product_availability":"out of stock","product_condition":"new"},"_links":{"self":[{"href":"https:\/\/iberoid.com\/it\/wp-json\/wp\/v2\/product\/8384","targetHints":{"allow":["GET"]}}],"collection":[{"href":"https:\/\/iberoid.com\/it\/wp-json\/wp\/v2\/product"}],"about":[{"href":"https:\/\/iberoid.com\/it\/wp-json\/wp\/v2\/types\/product"}],"replies":[{"embeddable":true,"href":"https:\/\/iberoid.com\/it\/wp-json\/wp\/v2\/comments?post=8384"}],"wp:featuredmedia":[{"embeddable":true,"href":"https:\/\/iberoid.com\/it\/wp-json\/wp\/v2\/media\/8385"}],"wp:attachment":[{"href":"https:\/\/iberoid.com\/it\/wp-json\/wp\/v2\/media?parent=8384"}],"wp:term":[{"taxonomy":"product_brand","embeddable":true,"href":"https:\/\/iberoid.com\/it\/wp-json\/wp\/v2\/product_brand?post=8384"},{"taxonomy":"product_cat","embeddable":true,"href":"https:\/\/iberoid.com\/it\/wp-json\/wp\/v2\/product_cat?post=8384"},{"taxonomy":"product_tag","embeddable":true,"href":"https:\/\/iberoid.com\/it\/wp-json\/wp\/v2\/product_tag?post=8384"}],"curies":[{"name":"wp","href":"https:\/\/api.w.org\/{rel}","templated":true}]}}