{"id":8509,"date":"2023-05-13T15:19:11","date_gmt":"2023-05-13T15:19:11","guid":{"rendered":"https:\/\/iberoid.com\/?post_type=product&#038;p=8509"},"modified":"2024-05-09T12:37:28","modified_gmt":"2024-05-09T12:37:28","slug":"nandrolone-decanoate-200mg-golden-dragon","status":"publish","type":"product","link":"https:\/\/iberoid.com\/it\/product\/nandrolone-decanoate-200mg-golden-dragon\/","title":{"rendered":"NANDROLONE DECANOATE 200mg"},"content":{"rendered":"<p>Gli effetti positivi del farmaco includono la crescita muscolare, la stimolazione dell\u2019appetito e l\u2019aumento della produzione di globuli rossi e della densit\u00e0 ossea. Studi clinici hanno dimostrato che \u00e8 efficace nel trattamento dell&#8217;anemia, dell&#8217;osteoporosi e di alcune forme di neoplasia tra cui il cancro al seno, e agisce anche come contraccettivo a base di progestinici. Per questi motivi, negli Stati Uniti il nandrolone ha ricevuto l\u2019approvazione della FDA nel 1983.<\/p>\n<p>POSSIBILI EFFETTI COLLATERALI:<br \/>\nPoich\u00e9 il nandrolone non viene scomposto in DHT, gli effetti deleteri comuni alla maggior parte degli steroidi anabolizzanti sul cuoio capelluto, sulla pelle e sulla prostata vengono in una certa misura ridotti; ma \u00e8 piuttosto scomposto nell&#8217;androgeno molto pi\u00f9 debole diidronandrolone. La mancanza di alchilazione del carbonio 17\u00e1 riduce drasticamente la tossicit\u00e0 epatica del farmaco. Anche gli effetti estrogenici derivanti dalla reazione con l&#8217;aromatasi sono mitigati dal fatto che il farmaco \u00e8 un progestinico, ma effetti come ginecomastia e riduzione della libido si verificano ancora a dosi maggiori. Altri effetti collaterali possono includere disfunzione erettile e danni cardiovascolari, nonch\u00e9 diversi disturbi derivanti dall\u2019effetto del farmaco di abbassare i livelli dell\u2019ormone luteinizzante attraverso un feedback negativo.<\/p>","protected":false},"excerpt":{"rendered":"<p>Gli effetti positivi del farmaco includono la crescita muscolare, la stimolazione dell\u2019appetito e l\u2019aumento della produzione di globuli rossi e<\/p>\n","protected":false},"featured_media":6576,"comment_status":"open","ping_status":"closed","template":"","meta":[],"product_brand":[],"product_cat":[69],"product_tag":[],"class_list":{"0":"post-8509","1":"product","2":"type-product","3":"status-publish","4":"has-post-thumbnail","6":"product_cat-esteroides_inyectables","8":"first","9":"outofstock","10":"sale","11":"shipping-taxable","12":"purchasable","13":"product-type-simple"},"yoast_head":"<!-- This site is optimized with the Yoast SEO Premium plugin v24.4 (Yoast SEO v27.3) - https:\/\/yoast.com\/product\/yoast-seo-premium-wordpress\/ -->\n<title>NANDROLONE DECANOATE 200mg - Steroidi in linea<\/title>\n<meta name=\"robots\" content=\"index, follow, max-snippet:-1, max-image-preview:large, max-video-preview:-1\" \/>\n<link rel=\"canonical\" href=\"https:\/\/iberoid.com\/it\/product\/nandrolone-decanoate-200mg-golden-dragon\/\" \/>\n<meta property=\"og:locale\" content=\"it_IT\" \/>\n<meta property=\"og:type\" content=\"article\" \/>\n<meta property=\"og:title\" content=\"NANDROLONE DECANOATE 200mg\" \/>\n<meta property=\"og:description\" content=\"Gli effetti positivi del farmaco includono la crescita muscolare, la stimolazione dell\u2019appetito e l\u2019aumento della produzione di globuli rossi e\" \/>\n<meta property=\"og:url\" content=\"https:\/\/iberoid.com\/it\/product\/nandrolone-decanoate-200mg-golden-dragon\/\" \/>\n<meta property=\"og:site_name\" content=\"Steroidi in linea\" \/>\n<meta property=\"article:modified_time\" content=\"2024-05-09T12:37:28+00:00\" \/>\n<meta property=\"og:image\" content=\"https:\/\/iberoid.com\/wp-content\/uploads\/2021\/08\/nandroged.jpg?v=1699082603\" \/>\n\t<meta property=\"og:image:width\" content=\"500\" \/>\n\t<meta property=\"og:image:height\" content=\"500\" \/>\n\t<meta property=\"og:image:type\" content=\"image\/jpeg\" \/>\n<meta name=\"twitter:card\" content=\"summary_large_image\" \/>\n<meta name=\"twitter:label1\" content=\"Prezzo\" \/>\n\t<meta name=\"twitter:data1\" content=\"&euro;35.00\" \/>\n\t<meta name=\"twitter:label2\" content=\"Disponibilit\u00e0\" \/>\n\t<meta name=\"twitter:data2\" content=\"Esaurito\" \/>\n<script type=\"application\/ld+json\" class=\"yoast-schema-graph\">{\"@context\":\"https:\\\/\\\/schema.org\",\"@graph\":[{\"@type\":\"WebPage\",\"@id\":\"https:\\\/\\\/iberoid.com\\\/it\\\/product\\\/nandrolone-decanoate-200mg-golden-dragon\\\/\",\"url\":\"https:\\\/\\\/iberoid.com\\\/it\\\/product\\\/nandrolone-decanoate-200mg-golden-dragon\\\/\",\"name\":\"NANDROLONE DECANOATE 200mg - Steroidi in linea\",\"isPartOf\":{\"@id\":\"https:\\\/\\\/iberoid.com\\\/it\\\/#website\"},\"primaryImageOfPage\":{\"@id\":\"https:\\\/\\\/iberoid.com\\\/it\\\/product\\\/nandrolone-decanoate-200mg-golden-dragon\\\/#primaryimage\"},\"image\":{\"@id\":\"https:\\\/\\\/iberoid.com\\\/it\\\/product\\\/nandrolone-decanoate-200mg-golden-dragon\\\/#primaryimage\"},\"thumbnailUrl\":\"https:\\\/\\\/iberoid.com\\\/wp-content\\\/uploads\\\/2021\\\/08\\\/nandroged.jpg?v=1699082603\",\"datePublished\":\"2023-05-13T15:19:11+00:00\",\"dateModified\":\"2024-05-09T12:37:28+00:00\",\"breadcrumb\":{\"@id\":\"https:\\\/\\\/iberoid.com\\\/it\\\/product\\\/nandrolone-decanoate-200mg-golden-dragon\\\/#breadcrumb\"},\"inLanguage\":\"it-IT\",\"potentialAction\":[{\"@type\":\"ReadAction\",\"target\":[[\"https:\\\/\\\/iberoid.com\\\/it\\\/product\\\/nandrolone-decanoate-200mg-golden-dragon\\\/\"]]}]},{\"@type\":\"ImageObject\",\"inLanguage\":\"it-IT\",\"@id\":\"https:\\\/\\\/iberoid.com\\\/it\\\/product\\\/nandrolone-decanoate-200mg-golden-dragon\\\/#primaryimage\",\"url\":\"https:\\\/\\\/iberoid.com\\\/wp-content\\\/uploads\\\/2021\\\/08\\\/nandroged.jpg?v=1699082603\",\"contentUrl\":\"https:\\\/\\\/iberoid.com\\\/wp-content\\\/uploads\\\/2021\\\/08\\\/nandroged.jpg?v=1699082603\",\"width\":500,\"height\":500},{\"@type\":\"BreadcrumbList\",\"@id\":\"https:\\\/\\\/iberoid.com\\\/it\\\/product\\\/nandrolone-decanoate-200mg-golden-dragon\\\/#breadcrumb\",\"itemListElement\":[{\"@type\":\"ListItem\",\"position\":1,\"name\":\"Portada\",\"item\":\"https:\\\/\\\/iberoid.com\\\/it\\\/\"},{\"@type\":\"ListItem\",\"position\":2,\"name\":\"Negozio\",\"item\":\"https:\\\/\\\/iberoid.com\\\/it\\\/shop\\\/\"},{\"@type\":\"ListItem\",\"position\":3,\"name\":\"NANDROLONE DECANOATE 200mg\"}]},{\"@type\":\"WebSite\",\"@id\":\"https:\\\/\\\/iberoid.com\\\/it\\\/#website\",\"url\":\"https:\\\/\\\/iberoid.com\\\/it\\\/\",\"name\":\"Steroidi in linea\",\"description\":\"Acquista steroidi online oggi in Spagna e Portogallo. Abbiamo il miglior servizio clienti del settore e prodotti di altissima qualit\u00e0\",\"potentialAction\":[{\"@type\":\"SearchAction\",\"target\":{\"@type\":\"EntryPoint\",\"urlTemplate\":\"https:\\\/\\\/iberoid.com\\\/it\\\/?s={search_term_string}\"},\"query-input\":{\"@type\":\"PropertyValueSpecification\",\"valueRequired\":true,\"valueName\":\"search_term_string\"}}],\"inLanguage\":\"it-IT\"}]}<\/script>\n<meta property=\"product:brand\" content=\"Golden Dragon\" \/>\n<meta property=\"product:price:amount\" content=\"35.00\" \/>\n<meta property=\"product:price:currency\" content=\"EUR\" \/>\n<meta property=\"og:availability\" content=\"out of stock\" \/>\n<meta property=\"product:availability\" content=\"out of stock\" \/>\n<meta property=\"product:condition\" content=\"new\" \/>\n<!-- \/ Yoast SEO Premium plugin. -->","yoast_head_json":{"title":"NANDROLONE DECANOATE 200mg - Steroidi in linea","robots":{"index":"index","follow":"follow","max-snippet":"max-snippet:-1","max-image-preview":"max-image-preview:large","max-video-preview":"max-video-preview:-1"},"canonical":"https:\/\/iberoid.com\/it\/product\/nandrolone-decanoate-200mg-golden-dragon\/","og_locale":"it_IT","og_type":"article","og_title":"NANDROLONE DECANOATE 200mg","og_description":"Gli effetti positivi del farmaco includono la crescita muscolare, la stimolazione dell\u2019appetito e l\u2019aumento della produzione di globuli rossi e","og_url":"https:\/\/iberoid.com\/it\/product\/nandrolone-decanoate-200mg-golden-dragon\/","og_site_name":"Steroidi in linea","article_modified_time":"2024-05-09T12:37:28+00:00","og_image":[{"width":500,"height":500,"url":"https:\/\/iberoid.com\/wp-content\/uploads\/2021\/08\/nandroged.jpg?v=1699082603","type":"image\/jpeg"}],"twitter_card":"summary_large_image","twitter_misc":{"Prezzo":"&euro;35.00","Disponibilit\u00e0":"Esaurito"},"schema":{"@context":"https:\/\/schema.org","@graph":[{"@type":"WebPage","@id":"https:\/\/iberoid.com\/it\/product\/nandrolone-decanoate-200mg-golden-dragon\/","url":"https:\/\/iberoid.com\/it\/product\/nandrolone-decanoate-200mg-golden-dragon\/","name":"NANDROLONE DECANOATE 200mg - Steroidi in linea","isPartOf":{"@id":"https:\/\/iberoid.com\/it\/#website"},"primaryImageOfPage":{"@id":"https:\/\/iberoid.com\/it\/product\/nandrolone-decanoate-200mg-golden-dragon\/#primaryimage"},"image":{"@id":"https:\/\/iberoid.com\/it\/product\/nandrolone-decanoate-200mg-golden-dragon\/#primaryimage"},"thumbnailUrl":"https:\/\/iberoid.com\/wp-content\/uploads\/2021\/08\/nandroged.jpg?v=1699082603","datePublished":"2023-05-13T15:19:11+00:00","dateModified":"2024-05-09T12:37:28+00:00","breadcrumb":{"@id":"https:\/\/iberoid.com\/it\/product\/nandrolone-decanoate-200mg-golden-dragon\/#breadcrumb"},"inLanguage":"it-IT","potentialAction":[{"@type":"ReadAction","target":[["https:\/\/iberoid.com\/it\/product\/nandrolone-decanoate-200mg-golden-dragon\/"]]}]},{"@type":"ImageObject","inLanguage":"it-IT","@id":"https:\/\/iberoid.com\/it\/product\/nandrolone-decanoate-200mg-golden-dragon\/#primaryimage","url":"https:\/\/iberoid.com\/wp-content\/uploads\/2021\/08\/nandroged.jpg?v=1699082603","contentUrl":"https:\/\/iberoid.com\/wp-content\/uploads\/2021\/08\/nandroged.jpg?v=1699082603","width":500,"height":500},{"@type":"BreadcrumbList","@id":"https:\/\/iberoid.com\/it\/product\/nandrolone-decanoate-200mg-golden-dragon\/#breadcrumb","itemListElement":[{"@type":"ListItem","position":1,"name":"Portada","item":"https:\/\/iberoid.com\/it\/"},{"@type":"ListItem","position":2,"name":"Negozio","item":"https:\/\/iberoid.com\/it\/shop\/"},{"@type":"ListItem","position":3,"name":"NANDROLONE DECANOATE 200mg"}]},{"@type":"WebSite","@id":"https:\/\/iberoid.com\/it\/#website","url":"https:\/\/iberoid.com\/it\/","name":"Steroidi in linea","description":"Acquista steroidi online oggi in Spagna e Portogallo. Abbiamo il miglior servizio clienti del settore e prodotti di altissima qualit\u00e0","potentialAction":[{"@type":"SearchAction","target":{"@type":"EntryPoint","urlTemplate":"https:\/\/iberoid.com\/it\/?s={search_term_string}"},"query-input":{"@type":"PropertyValueSpecification","valueRequired":true,"valueName":"search_term_string"}}],"inLanguage":"it-IT"}]},"product_brand":"Golden Dragon","product_price_amount":"35.00","product_price_currency":"EUR","og_availability":"out of stock","product_availability":"out of stock","product_condition":"new"},"_links":{"self":[{"href":"https:\/\/iberoid.com\/it\/wp-json\/wp\/v2\/product\/8509","targetHints":{"allow":["GET"]}}],"collection":[{"href":"https:\/\/iberoid.com\/it\/wp-json\/wp\/v2\/product"}],"about":[{"href":"https:\/\/iberoid.com\/it\/wp-json\/wp\/v2\/types\/product"}],"replies":[{"embeddable":true,"href":"https:\/\/iberoid.com\/it\/wp-json\/wp\/v2\/comments?post=8509"}],"wp:featuredmedia":[{"embeddable":true,"href":"https:\/\/iberoid.com\/it\/wp-json\/wp\/v2\/media\/6576"}],"wp:attachment":[{"href":"https:\/\/iberoid.com\/it\/wp-json\/wp\/v2\/media?parent=8509"}],"wp:term":[{"taxonomy":"product_brand","embeddable":true,"href":"https:\/\/iberoid.com\/it\/wp-json\/wp\/v2\/product_brand?post=8509"},{"taxonomy":"product_cat","embeddable":true,"href":"https:\/\/iberoid.com\/it\/wp-json\/wp\/v2\/product_cat?post=8509"},{"taxonomy":"product_tag","embeddable":true,"href":"https:\/\/iberoid.com\/it\/wp-json\/wp\/v2\/product_tag?post=8509"}],"curies":[{"name":"wp","href":"https:\/\/api.w.org\/{rel}","templated":true}]}}