{"id":8789,"date":"2023-08-05T13:46:25","date_gmt":"2023-08-05T13:46:25","guid":{"rendered":"https:\/\/iberoid.com\/?post_type=product&#038;p=8789"},"modified":"2024-07-06T17:10:59","modified_gmt":"2024-07-06T17:10:59","slug":"winstrol50-mg-50-tabs-pharmagen","status":"publish","type":"product","link":"https:\/\/iberoid.com\/it\/product\/winstrol50-mg-50-tabs-pharmagen\/","title":{"rendered":"WINSTROL 50 MG\/50 TABS"},"content":{"rendered":"<p>Vantaggi di Winstrol \u2013 A cosa serve Winstrol?<br \/>\nWinstrol, o Winny, \u00e8 uno degli steroidi anabolizzanti conosciuti che viene utilizzato per una serie di ragioni e benefici. \u00c8 un&#8217;attrazione per coloro che hanno ben chiari i propri obiettivi di fitness definiti. Winstrol \u00e8 sempre stato la scelta migliore e un mezzo efficace per aiutare gli amanti del fitness a ridurre il grasso creando un fisico pi\u00f9 snello e pi\u00f9 forte. Winstrol ha sicuramente risultati efficaci, ma gli utenti devono sempre fare le proprie ricerche approfondite prima di impostare i propri dosaggi. Se abbinato ad una dieta corretta e ad un regime di allenamento adeguato, Winstrol produrr\u00e0 ottimi risultati. Nonostante Winny sia quasi completamente scomparso dagli scaffali, le persone che riescono ad usarlo sono una prova sufficiente di quanto sia popolare tra gli utenti grazie ai suoi effetti positivi sull&#8217;edificio. Oltre a utilizzare Winstrol per ottenere un aumento di massa muscolare, le pillole Winstrol sono state utilizzate anche per altri benefici elencati di seguito:<\/p>\n<p>Per aumentare la forza<\/p>\n<p>Winstrol \u00e8 uno degli steroidi anabolizzanti in cima alla lista quando si tratta di migliorare le prestazioni, in particolare nei circuiti atletici. Gli utenti hanno riferito che Winstrol ha offerto notevoli aumenti della loro forza fisica insieme a un notevole aumento della massa o della massa muscolare. Winny viene solitamente utilizzato dai bodybuilder per acquisire velocit\u00e0 e forza mantenendo la massa muscolare magra e un fisico scolpito invece di sembrare enormemente ingrossato.<\/p>\n<p>Sintesi del collagene<\/p>\n<p>Studi clinici hanno suggerito che l&#8217;uso di Winstrol ha comportato un aumento della sintesi del collagene. Sebbene il periodo di recupero sia una parte importante dopo l&#8217;allenamento, allo stesso modo sono essenziali una rapida guarigione delle lesioni e la riparazione dei tessuti, che possono essere eseguite in modo efficace grazie alla sintesi del collagene.<\/p>\n<p>Per rassodare i muscoli<br \/>\nA differenza di altri composti anabolizzanti sul mercato, Winstrol asciuga adeguatamente gli utenti. Per chiarire l&#8217;affermazione, questa essiccazione \u00e8 in realt\u00e0 il termine spesso indicato come i risultati snelli che gli utenti sperimentano dal dosaggio di Winny. Winstrol \u00e8 utilizzato principalmente dai bodybuilder poich\u00e9 rende i muscoli pi\u00f9 fibrosi e pi\u00f9 duri nell&#8217;aspetto. Con il suo utilizzo regolare la vita diventer\u00e0 pi\u00f9 snella con deltoidi ben scolpiti. L&#8217;uso di questo steroide anabolizzante ha anche mascherato bene l&#8217;aspetto di morbidezza e ritenzione idrica nel processo di aumento muscolare.<\/p>\n<p>Per ridurre l&#8217;SHBG<\/p>\n<p>SHBG, la globulina legante gli ormoni sessuali, viene ridotta drasticamente quando Winstrol inizia a fare il suo lavoro. Questi effetti sono pi\u00f9 evidenti durante l\u2019utilizzo di Winstrol rispetto ai risultati di altri steroidi anabolizzanti disponibili sul mercato. Aiuta ad aumentare i livelli di testosterone libero nel corpo gi\u00e0 dal primo giorno del ciclo.<\/p>\n<p>Per innescare la perdita di grasso<\/p>\n<p>\u00c8 uno degli usi pi\u00f9 importanti di Winstrol, poich\u00e9 \u00e8 anche considerato un integratore per la perdita di grasso efficace per la maggior parte degli individui che hanno un grasso corporeo minimo. Funziona bene per le persone che seguono una rigorosa routine di allenamento. Grazie alle sue propriet\u00e0 brucia grassi, non dovrebbe sorprendere il motivo per cui funziona cos\u00ec bene nel definire il fisico dei bodybuilder. Winstrol lavora anche per accelerare il metabolismo assicurandosi che i muscoli siano preservati nel processo.<\/p>\n<p>Per garantire la conservazione dei muscoli<\/p>\n<p>Ogni volta che un bodybuilder inizia a fare un ciclo di taglio, la sua enfasi principale \u00e8 sull&#8217;aumento dell&#8217;attivit\u00e0 cardio e sul consumo massimo di grassi riducendo anche le calorie. Facendo questo regime di perdita di grasso, \u00e8 molto importante proteggere i muscoli, poich\u00e9 a causa del deficit calorico il corpo finisce per utilizzare grasso e muscoli come combustibile. Tuttavia, questo ovviamente non \u00e8 accogliente per nessun bodybuilder. Per questo motivo, Stanozolol \u00e8 molto apprezzato e considerato uno steroide efficace. Con l&#8217;uso di Winny, gli utenti non solo si divertono a eliminare il grasso dal corpo lasciando e preservando i muscoli definiti.<\/p>\n<p>Per migliorare le prestazioni<\/p>\n<p>Un altro uso di Winstrol \u00e8 quello di migliorare le prestazioni e la resistenza. Winstrol \u00e8 stato inizialmente progettato per combattere l&#8217;anemia, poich\u00e9 lo stanozololo chimico \u00e8 perfetto per aumentare il numero dei globuli rossi nel corpo. Questo processo non \u00e8 utile solo in generale per le persone, ma \u00e8 utile anche per i bodybuilder. L&#8217;ossigeno e i nutrienti vengono trasportati in tutto il corpo attraverso il flusso sanguigno. Maggiore \u00e8 la circolazione delle cellule con le sostanze nutritive, maggiore \u00e8 l&#8217;energia che scorre nel corpo e pi\u00f9 forte \u00e8 la forza con cui si possono spingere i muscoli e il corpo a lavorare. Winstrol aiuta i sollevatori di pesi ad aumentare la loro capacit\u00e0 di sollevare pesi e di esercitarsi per periodi di tempo pi\u00f9 lunghi con meno affaticamento muscolare e un recupero pi\u00f9 rapido.<\/p>\n<p>Ciclo Winstrol<\/p>\n<p>Una delle parti interessanti di questa recensione \u00e8 discutere il modo migliore di eseguire Winstrol Cycle. Il ciclo standard di Winstrol dura dalle 4 alle 6 settimane. Eseguire un ciclo oltre questo periodo abituale pu\u00f2 causare epatotossicit\u00e0. Durante l&#8217;utilizzo del ciclo Winstrol, si consiglia di utilizzare integratori e prodotti di supporto che aiutano a proteggere il fegato e altri organi del corpo dagli effetti dannosi.<\/p>","protected":false},"excerpt":{"rendered":"<p>Vantaggi di Winstrol \u2013 A cosa serve Winstrol? Winstrol, o Winny, \u00e8 uno degli steroidi anabolizzanti conosciuti che viene utilizzato<\/p>\n","protected":false},"featured_media":8791,"comment_status":"open","ping_status":"closed","template":"","meta":[],"product_brand":[],"product_cat":[73],"product_tag":[],"class_list":{"0":"post-8789","1":"product","2":"type-product","3":"status-publish","4":"has-post-thumbnail","6":"product_cat-ssteroides_orales","8":"first","9":"outofstock","10":"shipping-taxable","11":"purchasable","12":"product-type-simple"},"yoast_head":"<!-- This site is optimized with the Yoast SEO Premium plugin v24.4 (Yoast SEO v27.3) - https:\/\/yoast.com\/product\/yoast-seo-premium-wordpress\/ -->\n<title>WINSTROL 50 MG\/50 TABS - Steroidi in linea<\/title>\n<meta name=\"robots\" content=\"index, follow, max-snippet:-1, max-image-preview:large, max-video-preview:-1\" \/>\n<link rel=\"canonical\" href=\"https:\/\/iberoid.com\/it\/product\/winstrol50-mg-50-tabs-pharmagen\/\" \/>\n<meta property=\"og:locale\" content=\"it_IT\" \/>\n<meta property=\"og:type\" content=\"article\" \/>\n<meta property=\"og:title\" content=\"WINSTROL 50 MG\/50 TABS\" \/>\n<meta property=\"og:description\" content=\"Vantaggi di Winstrol \u2013 A cosa serve Winstrol? Winstrol, o Winny, \u00e8 uno degli steroidi anabolizzanti conosciuti che viene utilizzato\" \/>\n<meta property=\"og:url\" content=\"https:\/\/iberoid.com\/it\/product\/winstrol50-mg-50-tabs-pharmagen\/\" \/>\n<meta property=\"og:site_name\" content=\"Steroidi in linea\" \/>\n<meta property=\"article:modified_time\" content=\"2024-07-06T17:10:59+00:00\" \/>\n<meta property=\"og:image\" content=\"https:\/\/iberoid.com\/wp-content\/uploads\/2023\/08\/winstrol-50mg.png?v=1691243215\" \/>\n\t<meta property=\"og:image:width\" content=\"1250\" \/>\n\t<meta property=\"og:image:height\" content=\"1100\" \/>\n\t<meta property=\"og:image:type\" content=\"image\/png\" \/>\n<meta name=\"twitter:card\" content=\"summary_large_image\" \/>\n<meta name=\"twitter:label1\" content=\"Prezzo\" \/>\n\t<meta name=\"twitter:data1\" content=\"&euro;40.00\" \/>\n\t<meta name=\"twitter:label2\" content=\"Disponibilit\u00e0\" \/>\n\t<meta name=\"twitter:data2\" content=\"Esaurito\" \/>\n<script type=\"application\/ld+json\" class=\"yoast-schema-graph\">{\"@context\":\"https:\\\/\\\/schema.org\",\"@graph\":[{\"@type\":\"WebPage\",\"@id\":\"https:\\\/\\\/iberoid.com\\\/it\\\/product\\\/winstrol50-mg-50-tabs-pharmagen\\\/\",\"url\":\"https:\\\/\\\/iberoid.com\\\/it\\\/product\\\/winstrol50-mg-50-tabs-pharmagen\\\/\",\"name\":\"WINSTROL 50 MG\\\/50 TABS - Steroidi in linea\",\"isPartOf\":{\"@id\":\"https:\\\/\\\/iberoid.com\\\/it\\\/#website\"},\"primaryImageOfPage\":{\"@id\":\"https:\\\/\\\/iberoid.com\\\/it\\\/product\\\/winstrol50-mg-50-tabs-pharmagen\\\/#primaryimage\"},\"image\":{\"@id\":\"https:\\\/\\\/iberoid.com\\\/it\\\/product\\\/winstrol50-mg-50-tabs-pharmagen\\\/#primaryimage\"},\"thumbnailUrl\":\"https:\\\/\\\/iberoid.com\\\/wp-content\\\/uploads\\\/2023\\\/08\\\/winstrol-50mg.png?v=1691243215\",\"datePublished\":\"2023-08-05T13:46:25+00:00\",\"dateModified\":\"2024-07-06T17:10:59+00:00\",\"breadcrumb\":{\"@id\":\"https:\\\/\\\/iberoid.com\\\/it\\\/product\\\/winstrol50-mg-50-tabs-pharmagen\\\/#breadcrumb\"},\"inLanguage\":\"it-IT\",\"potentialAction\":[{\"@type\":\"ReadAction\",\"target\":[[\"https:\\\/\\\/iberoid.com\\\/it\\\/product\\\/winstrol50-mg-50-tabs-pharmagen\\\/\"]]}]},{\"@type\":\"ImageObject\",\"inLanguage\":\"it-IT\",\"@id\":\"https:\\\/\\\/iberoid.com\\\/it\\\/product\\\/winstrol50-mg-50-tabs-pharmagen\\\/#primaryimage\",\"url\":\"https:\\\/\\\/iberoid.com\\\/wp-content\\\/uploads\\\/2023\\\/08\\\/winstrol-50mg.png?v=1691243215\",\"contentUrl\":\"https:\\\/\\\/iberoid.com\\\/wp-content\\\/uploads\\\/2023\\\/08\\\/winstrol-50mg.png?v=1691243215\",\"width\":1250,\"height\":1100},{\"@type\":\"BreadcrumbList\",\"@id\":\"https:\\\/\\\/iberoid.com\\\/it\\\/product\\\/winstrol50-mg-50-tabs-pharmagen\\\/#breadcrumb\",\"itemListElement\":[{\"@type\":\"ListItem\",\"position\":1,\"name\":\"Portada\",\"item\":\"https:\\\/\\\/iberoid.com\\\/it\\\/\"},{\"@type\":\"ListItem\",\"position\":2,\"name\":\"Negozio\",\"item\":\"https:\\\/\\\/iberoid.com\\\/it\\\/shop\\\/\"},{\"@type\":\"ListItem\",\"position\":3,\"name\":\"WINSTROL 50 MG\\\/50 TABS\"}]},{\"@type\":\"WebSite\",\"@id\":\"https:\\\/\\\/iberoid.com\\\/it\\\/#website\",\"url\":\"https:\\\/\\\/iberoid.com\\\/it\\\/\",\"name\":\"Steroidi in linea\",\"description\":\"Acquista steroidi online oggi in Spagna e Portogallo. Abbiamo il miglior servizio clienti del settore e prodotti di altissima qualit\u00e0\",\"potentialAction\":[{\"@type\":\"SearchAction\",\"target\":{\"@type\":\"EntryPoint\",\"urlTemplate\":\"https:\\\/\\\/iberoid.com\\\/it\\\/?s={search_term_string}\"},\"query-input\":{\"@type\":\"PropertyValueSpecification\",\"valueRequired\":true,\"valueName\":\"search_term_string\"}}],\"inLanguage\":\"it-IT\"}]}<\/script>\n<meta property=\"product:brand\" content=\"Pharmabol\" \/>\n<meta property=\"product:price:amount\" content=\"40.00\" \/>\n<meta property=\"product:price:currency\" content=\"EUR\" \/>\n<meta property=\"og:availability\" content=\"out of stock\" \/>\n<meta property=\"product:availability\" content=\"out of stock\" \/>\n<meta property=\"product:condition\" content=\"new\" \/>\n<!-- \/ Yoast SEO Premium plugin. -->","yoast_head_json":{"title":"WINSTROL 50 MG\/50 TABS - Steroidi in linea","robots":{"index":"index","follow":"follow","max-snippet":"max-snippet:-1","max-image-preview":"max-image-preview:large","max-video-preview":"max-video-preview:-1"},"canonical":"https:\/\/iberoid.com\/it\/product\/winstrol50-mg-50-tabs-pharmagen\/","og_locale":"it_IT","og_type":"article","og_title":"WINSTROL 50 MG\/50 TABS","og_description":"Vantaggi di Winstrol \u2013 A cosa serve Winstrol? Winstrol, o Winny, \u00e8 uno degli steroidi anabolizzanti conosciuti che viene utilizzato","og_url":"https:\/\/iberoid.com\/it\/product\/winstrol50-mg-50-tabs-pharmagen\/","og_site_name":"Steroidi in linea","article_modified_time":"2024-07-06T17:10:59+00:00","og_image":[{"width":1250,"height":1100,"url":"https:\/\/iberoid.com\/wp-content\/uploads\/2023\/08\/winstrol-50mg.png?v=1691243215","type":"image\/png"}],"twitter_card":"summary_large_image","twitter_misc":{"Prezzo":"&euro;40.00","Disponibilit\u00e0":"Esaurito"},"schema":{"@context":"https:\/\/schema.org","@graph":[{"@type":"WebPage","@id":"https:\/\/iberoid.com\/it\/product\/winstrol50-mg-50-tabs-pharmagen\/","url":"https:\/\/iberoid.com\/it\/product\/winstrol50-mg-50-tabs-pharmagen\/","name":"WINSTROL 50 MG\/50 TABS - Steroidi in linea","isPartOf":{"@id":"https:\/\/iberoid.com\/it\/#website"},"primaryImageOfPage":{"@id":"https:\/\/iberoid.com\/it\/product\/winstrol50-mg-50-tabs-pharmagen\/#primaryimage"},"image":{"@id":"https:\/\/iberoid.com\/it\/product\/winstrol50-mg-50-tabs-pharmagen\/#primaryimage"},"thumbnailUrl":"https:\/\/iberoid.com\/wp-content\/uploads\/2023\/08\/winstrol-50mg.png?v=1691243215","datePublished":"2023-08-05T13:46:25+00:00","dateModified":"2024-07-06T17:10:59+00:00","breadcrumb":{"@id":"https:\/\/iberoid.com\/it\/product\/winstrol50-mg-50-tabs-pharmagen\/#breadcrumb"},"inLanguage":"it-IT","potentialAction":[{"@type":"ReadAction","target":[["https:\/\/iberoid.com\/it\/product\/winstrol50-mg-50-tabs-pharmagen\/"]]}]},{"@type":"ImageObject","inLanguage":"it-IT","@id":"https:\/\/iberoid.com\/it\/product\/winstrol50-mg-50-tabs-pharmagen\/#primaryimage","url":"https:\/\/iberoid.com\/wp-content\/uploads\/2023\/08\/winstrol-50mg.png?v=1691243215","contentUrl":"https:\/\/iberoid.com\/wp-content\/uploads\/2023\/08\/winstrol-50mg.png?v=1691243215","width":1250,"height":1100},{"@type":"BreadcrumbList","@id":"https:\/\/iberoid.com\/it\/product\/winstrol50-mg-50-tabs-pharmagen\/#breadcrumb","itemListElement":[{"@type":"ListItem","position":1,"name":"Portada","item":"https:\/\/iberoid.com\/it\/"},{"@type":"ListItem","position":2,"name":"Negozio","item":"https:\/\/iberoid.com\/it\/shop\/"},{"@type":"ListItem","position":3,"name":"WINSTROL 50 MG\/50 TABS"}]},{"@type":"WebSite","@id":"https:\/\/iberoid.com\/it\/#website","url":"https:\/\/iberoid.com\/it\/","name":"Steroidi in linea","description":"Acquista steroidi online oggi in Spagna e Portogallo. Abbiamo il miglior servizio clienti del settore e prodotti di altissima qualit\u00e0","potentialAction":[{"@type":"SearchAction","target":{"@type":"EntryPoint","urlTemplate":"https:\/\/iberoid.com\/it\/?s={search_term_string}"},"query-input":{"@type":"PropertyValueSpecification","valueRequired":true,"valueName":"search_term_string"}}],"inLanguage":"it-IT"}]},"product_brand":"Pharmabol","product_price_amount":"40.00","product_price_currency":"EUR","og_availability":"out of stock","product_availability":"out of stock","product_condition":"new"},"_links":{"self":[{"href":"https:\/\/iberoid.com\/it\/wp-json\/wp\/v2\/product\/8789","targetHints":{"allow":["GET"]}}],"collection":[{"href":"https:\/\/iberoid.com\/it\/wp-json\/wp\/v2\/product"}],"about":[{"href":"https:\/\/iberoid.com\/it\/wp-json\/wp\/v2\/types\/product"}],"replies":[{"embeddable":true,"href":"https:\/\/iberoid.com\/it\/wp-json\/wp\/v2\/comments?post=8789"}],"wp:featuredmedia":[{"embeddable":true,"href":"https:\/\/iberoid.com\/it\/wp-json\/wp\/v2\/media\/8791"}],"wp:attachment":[{"href":"https:\/\/iberoid.com\/it\/wp-json\/wp\/v2\/media?parent=8789"}],"wp:term":[{"taxonomy":"product_brand","embeddable":true,"href":"https:\/\/iberoid.com\/it\/wp-json\/wp\/v2\/product_brand?post=8789"},{"taxonomy":"product_cat","embeddable":true,"href":"https:\/\/iberoid.com\/it\/wp-json\/wp\/v2\/product_cat?post=8789"},{"taxonomy":"product_tag","embeddable":true,"href":"https:\/\/iberoid.com\/it\/wp-json\/wp\/v2\/product_tag?post=8789"}],"curies":[{"name":"wp","href":"https:\/\/api.w.org\/{rel}","templated":true}]}}