{"id":8817,"date":"2023-08-14T21:51:53","date_gmt":"2023-08-14T21:51:53","guid":{"rendered":"https:\/\/iberoid.com\/?post_type=product&#038;p=8817"},"modified":"2026-04-10T07:38:27","modified_gmt":"2026-04-10T07:38:27","slug":"pack3-oxymetobol-oxymetolon50mg-100-tabs-pharmabol","status":"publish","type":"product","link":"https:\/\/iberoid.com\/it\/product\/pack3-oxymetobol-oxymetolon50mg-100-tabs-pharmabol\/","title":{"rendered":"PACK3 OXYMETOBOL \/ OXYMETOLON 50MG &#8211; 100 TABS"},"content":{"rendered":"<p>Questo prodotto orale Oxymetholone di PharmaBol \u00e8 caratterizzato dal dosaggio di 50 mg\/scheda.<\/p>\n<p>Oxymetholone \u00e8 lo steroide anabolizzante per cicli di guadagno muscolare caratterizzato da un drammatico effetto volumizzante. Poich\u00e9 questo farmaco possiede propriet\u00e0 di ritenzione idrica, il suo utilizzo fa sembrare i muscoli pi\u00f9 pieni. Inoltre, i bodybuilder possono utilizzare Oxymetholone per aumentare di peso. Inoltre, l&#8217;uso di questo steroide garantisce un aumento della forza e fornisce alle articolazioni una protezione aggiuntiva, che consente all&#8217;atleta di rendere le sessioni di allenamento pi\u00f9 intense.<\/p>","protected":false},"excerpt":{"rendered":"<p>Questo prodotto orale Oxymetholone di PharmaBol \u00e8 caratterizzato dal dosaggio di 50 mg\/scheda. Oxymetholone \u00e8 lo steroide anabolizzante per cicli<\/p>\n","protected":false},"featured_media":8819,"comment_status":"open","ping_status":"closed","template":"","meta":[],"product_brand":[],"product_cat":[73,3474],"product_tag":[],"class_list":{"0":"post-8817","1":"product","2":"type-product","3":"status-publish","4":"has-post-thumbnail","6":"product_cat-ssteroides_orales","7":"product_cat-packs","9":"first","10":"instock","11":"shipping-taxable","12":"purchasable","13":"product-type-simple"},"yoast_head":"<!-- This site is optimized with the Yoast SEO Premium plugin v24.4 (Yoast SEO v27.3) - https:\/\/yoast.com\/product\/yoast-seo-premium-wordpress\/ -->\n<title>PACK3 OXYMETOBOL \/ OXYMETOLON 50MG - 100 TABS - Steroidi in linea<\/title>\n<meta name=\"robots\" content=\"index, follow, max-snippet:-1, max-image-preview:large, max-video-preview:-1\" \/>\n<link rel=\"canonical\" href=\"https:\/\/iberoid.com\/it\/product\/pack3-oxymetobol-oxymetolon50mg-100-tabs-pharmabol\/\" \/>\n<meta property=\"og:locale\" content=\"it_IT\" \/>\n<meta property=\"og:type\" content=\"article\" \/>\n<meta property=\"og:title\" content=\"PACK3 OXYMETOBOL \/ OXYMETOLON 50MG - 100 TABS\" \/>\n<meta property=\"og:description\" content=\"Questo prodotto orale Oxymetholone di PharmaBol \u00e8 caratterizzato dal dosaggio di 50 mg\/scheda. Oxymetholone \u00e8 lo steroide anabolizzante per cicli\" \/>\n<meta property=\"og:url\" content=\"https:\/\/iberoid.com\/it\/product\/pack3-oxymetobol-oxymetolon50mg-100-tabs-pharmabol\/\" \/>\n<meta property=\"og:site_name\" content=\"Steroidi in linea\" \/>\n<meta property=\"article:modified_time\" content=\"2026-04-10T07:38:27+00:00\" \/>\n<meta property=\"og:image\" content=\"https:\/\/iberoid.com\/wp-content\/uploads\/2023\/08\/image_6483441-1.jpg?v=1692049888\" \/>\n\t<meta property=\"og:image:width\" content=\"1024\" \/>\n\t<meta property=\"og:image:height\" content=\"808\" \/>\n\t<meta property=\"og:image:type\" content=\"image\/jpeg\" \/>\n<meta name=\"twitter:card\" content=\"summary_large_image\" \/>\n<meta name=\"twitter:label1\" content=\"Prezzo\" \/>\n\t<meta name=\"twitter:data1\" content=\"&euro;80.00\" \/>\n\t<meta name=\"twitter:label2\" content=\"Disponibilit\u00e0\" \/>\n\t<meta name=\"twitter:data2\" content=\"In stock\" \/>\n<script type=\"application\/ld+json\" class=\"yoast-schema-graph\">{\"@context\":\"https:\\\/\\\/schema.org\",\"@graph\":[{\"@type\":\"WebPage\",\"@id\":\"https:\\\/\\\/iberoid.com\\\/it\\\/product\\\/pack3-oxymetobol-oxymetolon50mg-100-tabs-pharmabol\\\/\",\"url\":\"https:\\\/\\\/iberoid.com\\\/it\\\/product\\\/pack3-oxymetobol-oxymetolon50mg-100-tabs-pharmabol\\\/\",\"name\":\"PACK3 OXYMETOBOL \\\/ OXYMETOLON 50MG - 100 TABS - Steroidi in linea\",\"isPartOf\":{\"@id\":\"https:\\\/\\\/iberoid.com\\\/it\\\/#website\"},\"primaryImageOfPage\":{\"@id\":\"https:\\\/\\\/iberoid.com\\\/it\\\/product\\\/pack3-oxymetobol-oxymetolon50mg-100-tabs-pharmabol\\\/#primaryimage\"},\"image\":{\"@id\":\"https:\\\/\\\/iberoid.com\\\/it\\\/product\\\/pack3-oxymetobol-oxymetolon50mg-100-tabs-pharmabol\\\/#primaryimage\"},\"thumbnailUrl\":\"https:\\\/\\\/iberoid.com\\\/wp-content\\\/uploads\\\/2023\\\/08\\\/image_6483441-1.jpg?v=1692049888\",\"datePublished\":\"2023-08-14T21:51:53+00:00\",\"dateModified\":\"2026-04-10T07:38:27+00:00\",\"breadcrumb\":{\"@id\":\"https:\\\/\\\/iberoid.com\\\/it\\\/product\\\/pack3-oxymetobol-oxymetolon50mg-100-tabs-pharmabol\\\/#breadcrumb\"},\"inLanguage\":\"it-IT\",\"potentialAction\":[{\"@type\":\"ReadAction\",\"target\":[[\"https:\\\/\\\/iberoid.com\\\/it\\\/product\\\/pack3-oxymetobol-oxymetolon50mg-100-tabs-pharmabol\\\/\"]]}]},{\"@type\":\"ImageObject\",\"inLanguage\":\"it-IT\",\"@id\":\"https:\\\/\\\/iberoid.com\\\/it\\\/product\\\/pack3-oxymetobol-oxymetolon50mg-100-tabs-pharmabol\\\/#primaryimage\",\"url\":\"https:\\\/\\\/iberoid.com\\\/wp-content\\\/uploads\\\/2023\\\/08\\\/image_6483441-1.jpg?v=1692049888\",\"contentUrl\":\"https:\\\/\\\/iberoid.com\\\/wp-content\\\/uploads\\\/2023\\\/08\\\/image_6483441-1.jpg?v=1692049888\",\"width\":1024,\"height\":808},{\"@type\":\"BreadcrumbList\",\"@id\":\"https:\\\/\\\/iberoid.com\\\/it\\\/product\\\/pack3-oxymetobol-oxymetolon50mg-100-tabs-pharmabol\\\/#breadcrumb\",\"itemListElement\":[{\"@type\":\"ListItem\",\"position\":1,\"name\":\"Portada\",\"item\":\"https:\\\/\\\/iberoid.com\\\/it\\\/\"},{\"@type\":\"ListItem\",\"position\":2,\"name\":\"Negozio\",\"item\":\"https:\\\/\\\/iberoid.com\\\/it\\\/shop\\\/\"},{\"@type\":\"ListItem\",\"position\":3,\"name\":\"PACK3 OXYMETOBOL \\\/ OXYMETOLON 50MG &#8211; 100 TABS\"}]},{\"@type\":\"WebSite\",\"@id\":\"https:\\\/\\\/iberoid.com\\\/it\\\/#website\",\"url\":\"https:\\\/\\\/iberoid.com\\\/it\\\/\",\"name\":\"Steroidi in linea\",\"description\":\"Acquista steroidi online oggi in Spagna e Portogallo. Abbiamo il miglior servizio clienti del settore e prodotti di altissima qualit\u00e0\",\"potentialAction\":[{\"@type\":\"SearchAction\",\"target\":{\"@type\":\"EntryPoint\",\"urlTemplate\":\"https:\\\/\\\/iberoid.com\\\/it\\\/?s={search_term_string}\"},\"query-input\":{\"@type\":\"PropertyValueSpecification\",\"valueRequired\":true,\"valueName\":\"search_term_string\"}}],\"inLanguage\":\"it-IT\"}]}<\/script>\n<meta property=\"product:brand\" content=\"Pharmabol\" \/>\n<meta property=\"product:price:amount\" content=\"80.00\" \/>\n<meta property=\"product:price:currency\" content=\"EUR\" \/>\n<meta property=\"og:availability\" content=\"instock\" \/>\n<meta property=\"product:availability\" content=\"instock\" \/>\n<meta property=\"product:condition\" content=\"new\" \/>\n<!-- \/ Yoast SEO Premium plugin. -->","yoast_head_json":{"title":"PACK3 OXYMETOBOL \/ OXYMETOLON 50MG - 100 TABS - Steroidi in linea","robots":{"index":"index","follow":"follow","max-snippet":"max-snippet:-1","max-image-preview":"max-image-preview:large","max-video-preview":"max-video-preview:-1"},"canonical":"https:\/\/iberoid.com\/it\/product\/pack3-oxymetobol-oxymetolon50mg-100-tabs-pharmabol\/","og_locale":"it_IT","og_type":"article","og_title":"PACK3 OXYMETOBOL \/ OXYMETOLON 50MG - 100 TABS","og_description":"Questo prodotto orale Oxymetholone di PharmaBol \u00e8 caratterizzato dal dosaggio di 50 mg\/scheda. Oxymetholone \u00e8 lo steroide anabolizzante per cicli","og_url":"https:\/\/iberoid.com\/it\/product\/pack3-oxymetobol-oxymetolon50mg-100-tabs-pharmabol\/","og_site_name":"Steroidi in linea","article_modified_time":"2026-04-10T07:38:27+00:00","og_image":[{"width":1024,"height":808,"url":"https:\/\/iberoid.com\/wp-content\/uploads\/2023\/08\/image_6483441-1.jpg?v=1692049888","type":"image\/jpeg"}],"twitter_card":"summary_large_image","twitter_misc":{"Prezzo":"&euro;80.00","Disponibilit\u00e0":"In stock"},"schema":{"@context":"https:\/\/schema.org","@graph":[{"@type":"WebPage","@id":"https:\/\/iberoid.com\/it\/product\/pack3-oxymetobol-oxymetolon50mg-100-tabs-pharmabol\/","url":"https:\/\/iberoid.com\/it\/product\/pack3-oxymetobol-oxymetolon50mg-100-tabs-pharmabol\/","name":"PACK3 OXYMETOBOL \/ OXYMETOLON 50MG - 100 TABS - Steroidi in linea","isPartOf":{"@id":"https:\/\/iberoid.com\/it\/#website"},"primaryImageOfPage":{"@id":"https:\/\/iberoid.com\/it\/product\/pack3-oxymetobol-oxymetolon50mg-100-tabs-pharmabol\/#primaryimage"},"image":{"@id":"https:\/\/iberoid.com\/it\/product\/pack3-oxymetobol-oxymetolon50mg-100-tabs-pharmabol\/#primaryimage"},"thumbnailUrl":"https:\/\/iberoid.com\/wp-content\/uploads\/2023\/08\/image_6483441-1.jpg?v=1692049888","datePublished":"2023-08-14T21:51:53+00:00","dateModified":"2026-04-10T07:38:27+00:00","breadcrumb":{"@id":"https:\/\/iberoid.com\/it\/product\/pack3-oxymetobol-oxymetolon50mg-100-tabs-pharmabol\/#breadcrumb"},"inLanguage":"it-IT","potentialAction":[{"@type":"ReadAction","target":[["https:\/\/iberoid.com\/it\/product\/pack3-oxymetobol-oxymetolon50mg-100-tabs-pharmabol\/"]]}]},{"@type":"ImageObject","inLanguage":"it-IT","@id":"https:\/\/iberoid.com\/it\/product\/pack3-oxymetobol-oxymetolon50mg-100-tabs-pharmabol\/#primaryimage","url":"https:\/\/iberoid.com\/wp-content\/uploads\/2023\/08\/image_6483441-1.jpg?v=1692049888","contentUrl":"https:\/\/iberoid.com\/wp-content\/uploads\/2023\/08\/image_6483441-1.jpg?v=1692049888","width":1024,"height":808},{"@type":"BreadcrumbList","@id":"https:\/\/iberoid.com\/it\/product\/pack3-oxymetobol-oxymetolon50mg-100-tabs-pharmabol\/#breadcrumb","itemListElement":[{"@type":"ListItem","position":1,"name":"Portada","item":"https:\/\/iberoid.com\/it\/"},{"@type":"ListItem","position":2,"name":"Negozio","item":"https:\/\/iberoid.com\/it\/shop\/"},{"@type":"ListItem","position":3,"name":"PACK3 OXYMETOBOL \/ OXYMETOLON 50MG &#8211; 100 TABS"}]},{"@type":"WebSite","@id":"https:\/\/iberoid.com\/it\/#website","url":"https:\/\/iberoid.com\/it\/","name":"Steroidi in linea","description":"Acquista steroidi online oggi in Spagna e Portogallo. Abbiamo il miglior servizio clienti del settore e prodotti di altissima qualit\u00e0","potentialAction":[{"@type":"SearchAction","target":{"@type":"EntryPoint","urlTemplate":"https:\/\/iberoid.com\/it\/?s={search_term_string}"},"query-input":{"@type":"PropertyValueSpecification","valueRequired":true,"valueName":"search_term_string"}}],"inLanguage":"it-IT"}]},"product_brand":"Pharmabol","product_price_amount":"80.00","product_price_currency":"EUR","og_availability":"instock","product_availability":"instock","product_condition":"new"},"_links":{"self":[{"href":"https:\/\/iberoid.com\/it\/wp-json\/wp\/v2\/product\/8817","targetHints":{"allow":["GET"]}}],"collection":[{"href":"https:\/\/iberoid.com\/it\/wp-json\/wp\/v2\/product"}],"about":[{"href":"https:\/\/iberoid.com\/it\/wp-json\/wp\/v2\/types\/product"}],"replies":[{"embeddable":true,"href":"https:\/\/iberoid.com\/it\/wp-json\/wp\/v2\/comments?post=8817"}],"wp:featuredmedia":[{"embeddable":true,"href":"https:\/\/iberoid.com\/it\/wp-json\/wp\/v2\/media\/8819"}],"wp:attachment":[{"href":"https:\/\/iberoid.com\/it\/wp-json\/wp\/v2\/media?parent=8817"}],"wp:term":[{"taxonomy":"product_brand","embeddable":true,"href":"https:\/\/iberoid.com\/it\/wp-json\/wp\/v2\/product_brand?post=8817"},{"taxonomy":"product_cat","embeddable":true,"href":"https:\/\/iberoid.com\/it\/wp-json\/wp\/v2\/product_cat?post=8817"},{"taxonomy":"product_tag","embeddable":true,"href":"https:\/\/iberoid.com\/it\/wp-json\/wp\/v2\/product_tag?post=8817"}],"curies":[{"name":"wp","href":"https:\/\/api.w.org\/{rel}","templated":true}]}}