{"id":8935,"date":"2023-09-23T14:26:02","date_gmt":"2023-09-23T14:26:02","guid":{"rendered":"https:\/\/iberoid.com\/?post_type=product&#038;p=8935"},"modified":"2024-04-04T20:38:05","modified_gmt":"2024-04-04T20:38:05","slug":"testoged-p-testosteron-propionate","status":"publish","type":"product","link":"https:\/\/iberoid.com\/it\/product\/testoged-p-testosteron-propionate\/","title":{"rendered":"Testoged P \/ TESTOSTERON PROPIONATE"},"content":{"rendered":"<p><strong>Testoged P \/ TESTOSTERON PROPIONATE<\/strong> di Golden Dragon Pharmaceuticals \u00e8 uno steroide a base di testosterone propionato. Disponibile sotto forma di liquido iniettabile. Una fiala da 10 ml contiene 100 mg\/ml di principio attivo.<\/p>\n<p>La base di Testoged P Golden Dragon \u00e8 il testosterone propionato, che \u00e8 lo steroide pi\u00f9 popolare tra i bodybuilder. Grazie alle caratteristiche strutturali della formula chimica, favorisce un&#8217;efficace costruzione muscolare senza il rischio di accumulo di liquidi in eccesso nei tessuti.<\/p>\n<p><strong>Efficienza<\/strong><\/p>\n<p>Durante il corso Testoged P Golden Dragon si osservano i seguenti effetti:<\/p>\n<ul>\n<li>normalizzazione del bilancio dell&#8217;azoto nelle cellule dei tessuti;<\/li>\n<li>costruire volume muscolare in breve tempo;<\/li>\n<li>stimolare la produzione dell&#8217;ormone della crescita simile all&#8217;insulina per innescare l&#8217;iperplasia muscolare;<\/li>\n<li>riduzione dei depositi di grasso con il rilascio di porzioni di energia, che viene spesa per i bisogni attuali del corpo dell&#8217;atleta;<\/li>\n<li>miglioramento degli indicatori muscolari di base: densit\u00e0 muscolare e sollievo;<\/li>\n<li>aumento del desiderio sessuale durante il corso;<\/li>\n<li>prevenzione delle malattie del sistema cardiovascolare (malattia coronarica, malattia coronarica).<\/li>\n<\/ul>\n<p><strong>Testoged P<\/strong> non ha effetti tossici sul fegato, ma \u00e8 in grado di convertirsi in estrogeni e bloccare l&#8217;asse ipotalamo-testicolo-ipofisi.<\/p>","protected":false},"excerpt":{"rendered":"<p>Testoged P \/ TESTOSTERON PROPIONATE di Golden Dragon Pharmaceuticals \u00e8 uno steroide a base di testosterone propionato. Disponibile sotto forma<\/p>\n","protected":false},"featured_media":6690,"comment_status":"open","ping_status":"closed","template":"","meta":[],"product_brand":[],"product_cat":[69],"product_tag":[],"class_list":{"0":"post-8935","1":"product","2":"type-product","3":"status-publish","4":"has-post-thumbnail","6":"product_cat-esteroides_inyectables","8":"first","9":"outofstock","10":"featured","11":"shipping-taxable","12":"purchasable","13":"product-type-simple"},"yoast_head":"<!-- This site is optimized with the Yoast SEO Premium plugin v24.4 (Yoast SEO v27.0) - https:\/\/yoast.com\/product\/yoast-seo-premium-wordpress\/ -->\n<title>Testoged P \/ TESTOSTERON PROPIONATE - Steroidi in linea<\/title>\n<meta name=\"robots\" content=\"index, follow, max-snippet:-1, max-image-preview:large, max-video-preview:-1\" \/>\n<link rel=\"canonical\" href=\"https:\/\/iberoid.com\/it\/product\/testoged-p-testosteron-propionate\/\" \/>\n<meta property=\"og:locale\" content=\"it_IT\" \/>\n<meta property=\"og:type\" content=\"article\" \/>\n<meta property=\"og:title\" content=\"Testoged P \/ TESTOSTERON PROPIONATE\" \/>\n<meta property=\"og:description\" content=\"Testoged P \/ TESTOSTERON PROPIONATE di Golden Dragon Pharmaceuticals \u00e8 uno steroide a base di testosterone propionato. Disponibile sotto forma\" \/>\n<meta property=\"og:url\" content=\"https:\/\/iberoid.com\/it\/product\/testoged-p-testosteron-propionate\/\" \/>\n<meta property=\"og:site_name\" content=\"Steroidi in linea\" \/>\n<meta property=\"article:modified_time\" content=\"2024-04-04T20:38:05+00:00\" \/>\n<meta property=\"og:image\" content=\"https:\/\/iberoid.com\/wp-content\/uploads\/2021\/08\/TESTOGED-P.jpg?v=1699545810\" \/>\n\t<meta property=\"og:image:width\" content=\"500\" \/>\n\t<meta property=\"og:image:height\" content=\"500\" \/>\n\t<meta property=\"og:image:type\" content=\"image\/jpeg\" \/>\n<meta name=\"twitter:card\" content=\"summary_large_image\" \/>\n<meta name=\"twitter:label1\" content=\"Prezzo\" \/>\n\t<meta name=\"twitter:data1\" content=\"&euro;25.00\" \/>\n\t<meta name=\"twitter:label2\" content=\"Disponibilit\u00e0\" \/>\n\t<meta name=\"twitter:data2\" content=\"Esaurito\" \/>\n<script type=\"application\/ld+json\" class=\"yoast-schema-graph\">{\"@context\":\"https:\/\/schema.org\",\"@graph\":[{\"@type\":\"WebPage\",\"@id\":\"https:\/\/iberoid.com\/it\/product\/testoged-p-testosteron-propionate\/\",\"url\":\"https:\/\/iberoid.com\/it\/product\/testoged-p-testosteron-propionate\/\",\"name\":\"Testoged P \/ TESTOSTERON PROPIONATE - Steroidi in linea\",\"isPartOf\":{\"@id\":\"https:\/\/iberoid-shop.com\/#website\"},\"primaryImageOfPage\":{\"@id\":\"https:\/\/iberoid.com\/it\/product\/testoged-p-testosteron-propionate\/#primaryimage\"},\"image\":{\"@id\":\"https:\/\/iberoid.com\/it\/product\/testoged-p-testosteron-propionate\/#primaryimage\"},\"thumbnailUrl\":\"https:\/\/iberoid.com\/wp-content\/uploads\/2021\/08\/TESTOGED-P.jpg?v=1699545810\",\"datePublished\":\"2023-09-23T14:26:02+00:00\",\"dateModified\":\"2024-04-04T20:38:05+00:00\",\"breadcrumb\":{\"@id\":\"https:\/\/iberoid.com\/it\/product\/testoged-p-testosteron-propionate\/#breadcrumb\"},\"inLanguage\":\"it-IT\",\"potentialAction\":[{\"@type\":\"ReadAction\",\"target\":[[\"https:\/\/iberoid.com\/it\/product\/testoged-p-testosteron-propionate\/\"]]}]},{\"@type\":\"ImageObject\",\"inLanguage\":\"it-IT\",\"@id\":\"https:\/\/iberoid.com\/it\/product\/testoged-p-testosteron-propionate\/#primaryimage\",\"url\":\"https:\/\/iberoid.com\/wp-content\/uploads\/2021\/08\/TESTOGED-P.jpg?v=1699545810\",\"contentUrl\":\"https:\/\/iberoid.com\/wp-content\/uploads\/2021\/08\/TESTOGED-P.jpg?v=1699545810\",\"width\":500,\"height\":500},{\"@type\":\"BreadcrumbList\",\"@id\":\"https:\/\/iberoid.com\/it\/product\/testoged-p-testosteron-propionate\/#breadcrumb\",\"itemListElement\":[{\"@type\":\"ListItem\",\"position\":1,\"name\":\"Portada\",\"item\":\"https:\/\/iberoid.com\/it\/\"},{\"@type\":\"ListItem\",\"position\":2,\"name\":\"Negozio\",\"item\":\"https:\/\/iberoid.com\/it\/shop\/\"},{\"@type\":\"ListItem\",\"position\":3,\"name\":\"Testoged P \/ TESTOSTERON PROPIONATE\"}]},{\"@type\":\"WebSite\",\"@id\":\"https:\/\/iberoid-shop.com\/#website\",\"url\":\"https:\/\/iberoid-shop.com\/\",\"name\":\"Steroidi in linea\",\"description\":\"Acquista steroidi online oggi in Spagna e Portogallo. Abbiamo il miglior servizio clienti del settore e prodotti di altissima qualit\u00e0\",\"potentialAction\":[{\"@type\":\"SearchAction\",\"target\":{\"@type\":\"EntryPoint\",\"urlTemplate\":\"https:\/\/iberoid-shop.com\/?s={search_term_string}\"},\"query-input\":{\"@type\":\"PropertyValueSpecification\",\"valueRequired\":true,\"valueName\":\"search_term_string\"}}],\"inLanguage\":\"it-IT\"}]}<\/script>\n<meta property=\"product:brand\" content=\"Golden Dragon\" \/>\n<meta property=\"product:price:amount\" content=\"25.00\" \/>\n<meta property=\"product:price:currency\" content=\"EUR\" \/>\n<meta property=\"og:availability\" content=\"out of stock\" \/>\n<meta property=\"product:availability\" content=\"out of stock\" \/>\n<meta property=\"product:condition\" content=\"new\" \/>\n<!-- \/ Yoast SEO Premium plugin. -->","yoast_head_json":{"title":"Testoged P \/ TESTOSTERON PROPIONATE - Steroidi in linea","robots":{"index":"index","follow":"follow","max-snippet":"max-snippet:-1","max-image-preview":"max-image-preview:large","max-video-preview":"max-video-preview:-1"},"canonical":"https:\/\/iberoid.com\/it\/product\/testoged-p-testosteron-propionate\/","og_locale":"it_IT","og_type":"article","og_title":"Testoged P \/ TESTOSTERON PROPIONATE","og_description":"Testoged P \/ TESTOSTERON PROPIONATE di Golden Dragon Pharmaceuticals \u00e8 uno steroide a base di testosterone propionato. Disponibile sotto forma","og_url":"https:\/\/iberoid.com\/it\/product\/testoged-p-testosteron-propionate\/","og_site_name":"Steroidi in linea","article_modified_time":"2024-04-04T20:38:05+00:00","og_image":[{"width":500,"height":500,"url":"https:\/\/iberoid.com\/wp-content\/uploads\/2021\/08\/TESTOGED-P.jpg?v=1699545810","type":"image\/jpeg"}],"twitter_card":"summary_large_image","twitter_misc":{"Prezzo":"&euro;25.00","Disponibilit\u00e0":"Esaurito"},"schema":{"@context":"https:\/\/schema.org","@graph":[{"@type":"WebPage","@id":"https:\/\/iberoid.com\/it\/product\/testoged-p-testosteron-propionate\/","url":"https:\/\/iberoid.com\/it\/product\/testoged-p-testosteron-propionate\/","name":"Testoged P \/ TESTOSTERON PROPIONATE - Steroidi in linea","isPartOf":{"@id":"https:\/\/iberoid-shop.com\/#website"},"primaryImageOfPage":{"@id":"https:\/\/iberoid.com\/it\/product\/testoged-p-testosteron-propionate\/#primaryimage"},"image":{"@id":"https:\/\/iberoid.com\/it\/product\/testoged-p-testosteron-propionate\/#primaryimage"},"thumbnailUrl":"https:\/\/iberoid.com\/wp-content\/uploads\/2021\/08\/TESTOGED-P.jpg?v=1699545810","datePublished":"2023-09-23T14:26:02+00:00","dateModified":"2024-04-04T20:38:05+00:00","breadcrumb":{"@id":"https:\/\/iberoid.com\/it\/product\/testoged-p-testosteron-propionate\/#breadcrumb"},"inLanguage":"it-IT","potentialAction":[{"@type":"ReadAction","target":[["https:\/\/iberoid.com\/it\/product\/testoged-p-testosteron-propionate\/"]]}]},{"@type":"ImageObject","inLanguage":"it-IT","@id":"https:\/\/iberoid.com\/it\/product\/testoged-p-testosteron-propionate\/#primaryimage","url":"https:\/\/iberoid.com\/wp-content\/uploads\/2021\/08\/TESTOGED-P.jpg?v=1699545810","contentUrl":"https:\/\/iberoid.com\/wp-content\/uploads\/2021\/08\/TESTOGED-P.jpg?v=1699545810","width":500,"height":500},{"@type":"BreadcrumbList","@id":"https:\/\/iberoid.com\/it\/product\/testoged-p-testosteron-propionate\/#breadcrumb","itemListElement":[{"@type":"ListItem","position":1,"name":"Portada","item":"https:\/\/iberoid.com\/it\/"},{"@type":"ListItem","position":2,"name":"Negozio","item":"https:\/\/iberoid.com\/it\/shop\/"},{"@type":"ListItem","position":3,"name":"Testoged P \/ TESTOSTERON PROPIONATE"}]},{"@type":"WebSite","@id":"https:\/\/iberoid-shop.com\/#website","url":"https:\/\/iberoid-shop.com\/","name":"Steroidi in linea","description":"Acquista steroidi online oggi in Spagna e Portogallo. Abbiamo il miglior servizio clienti del settore e prodotti di altissima qualit\u00e0","potentialAction":[{"@type":"SearchAction","target":{"@type":"EntryPoint","urlTemplate":"https:\/\/iberoid-shop.com\/?s={search_term_string}"},"query-input":{"@type":"PropertyValueSpecification","valueRequired":true,"valueName":"search_term_string"}}],"inLanguage":"it-IT"}]},"product_brand":"Golden Dragon","product_price_amount":"25.00","product_price_currency":"EUR","og_availability":"out of stock","product_availability":"out of stock","product_condition":"new"},"_links":{"self":[{"href":"https:\/\/iberoid.com\/it\/wp-json\/wp\/v2\/product\/8935","targetHints":{"allow":["GET"]}}],"collection":[{"href":"https:\/\/iberoid.com\/it\/wp-json\/wp\/v2\/product"}],"about":[{"href":"https:\/\/iberoid.com\/it\/wp-json\/wp\/v2\/types\/product"}],"replies":[{"embeddable":true,"href":"https:\/\/iberoid.com\/it\/wp-json\/wp\/v2\/comments?post=8935"}],"wp:featuredmedia":[{"embeddable":true,"href":"https:\/\/iberoid.com\/it\/wp-json\/wp\/v2\/media\/6690"}],"wp:attachment":[{"href":"https:\/\/iberoid.com\/it\/wp-json\/wp\/v2\/media?parent=8935"}],"wp:term":[{"taxonomy":"product_brand","embeddable":true,"href":"https:\/\/iberoid.com\/it\/wp-json\/wp\/v2\/product_brand?post=8935"},{"taxonomy":"product_cat","embeddable":true,"href":"https:\/\/iberoid.com\/it\/wp-json\/wp\/v2\/product_cat?post=8935"},{"taxonomy":"product_tag","embeddable":true,"href":"https:\/\/iberoid.com\/it\/wp-json\/wp\/v2\/product_tag?post=8935"}],"curies":[{"name":"wp","href":"https:\/\/api.w.org\/{rel}","templated":true}]}}