{"id":9242,"date":"2024-03-03T19:00:55","date_gmt":"2024-03-03T19:00:55","guid":{"rendered":"https:\/\/iberoid.com\/?post_type=product&#038;p=9242"},"modified":"2026-04-07T13:33:50","modified_gmt":"2026-04-07T13:33:50","slug":"lipo-fire-10ml-gold-dragon-ltd","status":"publish","type":"product","link":"https:\/\/iberoid.com\/it\/product\/lipo-fire-10ml-gold-dragon-ltd\/","title":{"rendered":"LIPO FIRE 10ML"},"content":{"rendered":"<p>Soluzione per uso sottocutaneo, con effetto termogenico.<\/p>\n<p>miscela di<\/p>\n<p>-L-CARNITINA 200MG\/ML<\/p>\n<p>-CLENBUTEROL HCL 40MCG\/ML<\/p>\n<p>-YOHIMBINA HCL 5MG\/ML<\/p>\n<h2>Cos&#8217;\u00e8 la L-carnitine?<\/h2>\n<p>La L-carnitina \u00e8 una sostanza chimica prodotta dal cervello, dal fegato e dai reni umani. Aiuta il corpo a trasformare il grasso in energia.<\/p>\n<p>La L-carnitina \u00e8 importante per la funzione cardiaca e cerebrale, per il movimento muscolare e per molti altri processi corporei. Il corpo pu\u00f2 convertire la L-carnitina in altre sostanze chimiche chiamate acetil-L-carnitina e propionil-L-carnitina. Ma non \u00e8 chiaro se i benefici di queste altre carnitine siano gli stessi.<\/p>\n<p>La L-carnitina viene utilizzata per aumentare i livelli di L-carnitina nelle persone il cui livello naturale di L-carnitina \u00e8 troppo basso. Alcune persone usano la L-carnitina anche per patologie del cuore e dei vasi sanguigni, gravi malattie renali e molte altre condizioni, ma non esistono prove scientifiche valide a sostegno di questi usi.<\/p>\n<h2>Cos&#8217;\u00e8 il clenbuterolo?<\/h2>\n<p>Il clenbuterolo \u00e8 stato creato inizialmente per trattare l\u2019asma, aiutando ad aprire le vie aeree di una persona durante un attacco. \u00c8 stato somministrato anche al bestiame per aumentare la massa magra. Gli allevatori lo fanno per aumentare la quantit\u00e0 di carne dei loro animali in modo da poter ottenere maggiori profitti.<\/p>\n<p>Sebbene il clenbuterolo sia dimostrato efficace nella costruzione dei muscoli negli animali, non \u00e8 altrettanto efficace negli esseri umani quando cercano di aumentare la massa muscolare. Il clenbuterolo ha propriet\u00e0 anaboliche o di risparmio muscolare, ma \u00e8 prevalentemente un bruciagrassi ed \u00e8 efficace solo per la perdita di peso.<\/p>\n<p>Gli effetti del clenbuterolo\u00a0si fanno consistenti e rapidi. Innanzitutto si attiva il sistema nervoso simpatico, che stimola il rilascio di adrenalina. Di conseguenza, il metabolismo di una persona aumenta facendo s\u00ec che una persona bruci pi\u00f9 calorie durante il giorno. Alcuni utenti potrebbero sperimentare pensieri frenetici, comportamento impulsivo e insonnia a causa degli effetti stimolanti di Clen. Tutto questo deriva dall&#8217;accelerazione del battito cardiaco.<\/p>\n<h2>Cos&#8217;\u00e8 la Yohimbina?<\/h2>\n<p>La Yohimbina deriva dalla corteccia di diversi alberi (tra cui\u00a0pausinystalia\u00a0e\u00a0corynanthe). La yohimbina \u00e8 molto efficace nel bruciare i grassi, ma il giudizio \u00e8 ancora incerto per quanto riguarda la sua sicurezza a lungo termine.<\/p>\n<p>La yohimbina \u00e8 di natura simile alla caffeina o al clenbuterolo nel senso che \u00e8 uno stimolante, tuttavia ha anche propriet\u00e0 antiossidanti e dilata i vasi sanguigni, consentendo a pi\u00f9 sangue di fluire liberamente. Inoltre, stabilizza i livelli di zucchero nel sangue e riduce il cortisolo, aiutandoti a bruciare i grassi nelle zone ostinate. Negli uomini si trova solitamente nella parte inferiore dell&#8217;addome e nelle donne sulle cosce e sui fianchi. Queste aree sono solitamente gli ultimi posti in cui perdere grasso, ma la yohimbina pu\u00f2 accelerarlo.<\/p>\n<p>La Yohimbina \u00e8 anche un afrodisiaco, efficace nell&#8217;aumentare la libido e le prestazioni sessuali di chi ne fa uso.<\/p>\n<p>\u2026Quindi potresti voler avvisare tua moglie prima di iniziare a prenderlo!<\/p>\n<h2>Clenbuterolo e Yohimbina insieme = folle perdita di grasso?<\/h2>\n<p>La Yohimbina \u00e8 un antagonista dei recettori alfa. I recettori alfa riducono la combustione dei grassi, quindi quando combini un antagonista dei recettori alfa (yohimbina) con un agonista dei recettori beta (clenbuterolo), hai appena creato un potente ambiente chimico per bruciare i grassi. L\u2019unico svantaggio dell\u2019utilizzo di entrambi questi potenti agenti da taglio insieme \u00e8 che ci sono buone probabilit\u00e0 che si verifichino effetti collaterali. Come con qualsiasi farmaco nel bodybuilding, se funziona eccezionalmente bene, c\u2019\u00e8 sempre un problema. E questo di solito \u00e8 sotto forma di effetti collaterali.<\/p>\n<p>Quando prendi clenbuterolo e yohimbina questi effetti collaterali sono comuni:<br \/>\nIrrequietezza<br \/>\nMal di testa<br \/>\nInsonnia<br \/>\nNervosismo<br \/>\nSudorazione<br \/>\nIpertensione<br \/>\nTutti avranno i seguenti effetti collaterali in misura diversa. Tuttavia, le persone che soffrono di problemi cardiaci o di ipertensione dovrebbero stare alla larga da questi integratori.<\/p>\n<p>Potresti assumere degli integratori per contrastare questi effetti collaterali, tuttavia se elimini l\u2019effetto stimolante elimini anche gli effetti bruciagrassi che avranno sul tuo metabolismo. Un integratore che consiglio per tenere sotto controllo per\u00f2 la pressione \u00e8 il biancospino. Ci\u00f2 non calmer\u00e0 il tuo sistema nervoso n\u00e9 ridurr\u00e0 la termogenesi, ma eviter\u00e0 che la tua pressione sanguigna diventi troppo alta.<\/p>\n<p>Per ridurre al minimo gli effetti collaterali, puoi eseguire cicli brevi che durano solo 2 settimane alla volta. Dopo questo periodo aumenta il rischio di sviluppare effetti collaterali pi\u00f9 gravi. Inoltre, l\u2019efficacia del clenbuterolo si riduce comunque dopo 2 settimane, quindi non avrebbe molto senso eseguire cicli pi\u00f9 lunghi poich\u00e9 non ti darebbe ulteriore perdita di grasso.<\/p>","protected":false},"excerpt":{"rendered":"<p>Soluzione per uso sottocutaneo, con effetto termogenico. miscela di -L-CARNITINA 200MG\/ML -CLENBUTEROL HCL 40MCG\/ML -YOHIMBINA HCL 5MG\/ML Cos&#8217;\u00e8 la L-carnitine?<\/p>\n","protected":false},"featured_media":9244,"comment_status":"open","ping_status":"closed","template":"","meta":[],"product_brand":[3529],"product_cat":[69],"product_tag":[],"class_list":{"0":"post-9242","1":"product","2":"type-product","3":"status-publish","4":"has-post-thumbnail","6":"product_brand-gd-gold-dragon-ltd","7":"product_cat-esteroides_inyectables","9":"first","10":"instock","11":"sale","12":"featured","13":"shipping-taxable","14":"purchasable","15":"product-type-simple"},"yoast_head":"<!-- This site is optimized with the Yoast SEO Premium plugin v24.4 (Yoast SEO v27.0) - https:\/\/yoast.com\/product\/yoast-seo-premium-wordpress\/ -->\n<title>LIPO FIRE 10ML - Steroidi in linea<\/title>\n<meta name=\"description\" content=\"Una soluzione per uso sottocutaneo con effetto termogenico, combinando L-Carnitina, Clenbuterolo HCL e Yohimbina HCL per favorire la combustione dei grassi.\" \/>\n<meta name=\"robots\" content=\"index, follow, max-snippet:-1, max-image-preview:large, max-video-preview:-1\" \/>\n<link rel=\"canonical\" href=\"https:\/\/iberoid.com\/it\/product\/lipo-fire-10ml-gold-dragon-ltd\/\" \/>\n<meta property=\"og:locale\" content=\"it_IT\" \/>\n<meta property=\"og:type\" content=\"article\" \/>\n<meta property=\"og:title\" content=\"LIPO FIRE 10ML\" \/>\n<meta property=\"og:description\" content=\"Una soluzione per uso sottocutaneo con effetto termogenico, combinando L-Carnitina, Clenbuterolo HCL e Yohimbina HCL per favorire la combustione dei grassi.\" \/>\n<meta property=\"og:url\" content=\"https:\/\/iberoid.com\/it\/product\/lipo-fire-10ml-gold-dragon-ltd\/\" \/>\n<meta property=\"og:site_name\" content=\"Steroidi in linea\" \/>\n<meta property=\"article:modified_time\" content=\"2026-04-07T13:33:50+00:00\" \/>\n<meta property=\"og:image\" content=\"https:\/\/iberoid.com\/wp-content\/uploads\/2024\/03\/lipo1.jpg?v=1709492429\" \/>\n\t<meta property=\"og:image:width\" content=\"1143\" \/>\n\t<meta property=\"og:image:height\" content=\"1600\" \/>\n\t<meta property=\"og:image:type\" content=\"image\/jpeg\" \/>\n<meta name=\"twitter:card\" content=\"summary_large_image\" \/>\n<meta name=\"twitter:label1\" content=\"Prezzo\" \/>\n\t<meta name=\"twitter:data1\" content=\"&euro;30.00\" \/>\n\t<meta name=\"twitter:label2\" content=\"Disponibilit\u00e0\" \/>\n\t<meta name=\"twitter:data2\" content=\"In stock\" \/>\n<script type=\"application\/ld+json\" class=\"yoast-schema-graph\">{\"@context\":\"https:\/\/schema.org\",\"@graph\":[{\"@type\":\"WebPage\",\"@id\":\"https:\/\/iberoid.com\/it\/product\/lipo-fire-10ml-gold-dragon-ltd\/\",\"url\":\"https:\/\/iberoid.com\/it\/product\/lipo-fire-10ml-gold-dragon-ltd\/\",\"name\":\"LIPO FIRE 10ML - Steroidi in linea\",\"isPartOf\":{\"@id\":\"https:\/\/iberoid-shop.com\/#website\"},\"primaryImageOfPage\":{\"@id\":\"https:\/\/iberoid.com\/it\/product\/lipo-fire-10ml-gold-dragon-ltd\/#primaryimage\"},\"image\":{\"@id\":\"https:\/\/iberoid.com\/it\/product\/lipo-fire-10ml-gold-dragon-ltd\/#primaryimage\"},\"thumbnailUrl\":\"https:\/\/iberoid.com\/wp-content\/uploads\/2024\/03\/lipo1.jpg?v=1709492429\",\"datePublished\":\"2024-03-03T19:00:55+00:00\",\"dateModified\":\"2026-04-07T13:33:50+00:00\",\"description\":\"Una soluzione per uso sottocutaneo con effetto termogenico, combinando L-Carnitina, Clenbuterolo HCL e Yohimbina HCL per favorire la combustione dei grassi.\",\"breadcrumb\":{\"@id\":\"https:\/\/iberoid.com\/it\/product\/lipo-fire-10ml-gold-dragon-ltd\/#breadcrumb\"},\"inLanguage\":\"it-IT\",\"potentialAction\":[{\"@type\":\"ReadAction\",\"target\":[[\"https:\/\/iberoid.com\/it\/product\/lipo-fire-10ml-gold-dragon-ltd\/\"]]}]},{\"@type\":\"ImageObject\",\"inLanguage\":\"it-IT\",\"@id\":\"https:\/\/iberoid.com\/it\/product\/lipo-fire-10ml-gold-dragon-ltd\/#primaryimage\",\"url\":\"https:\/\/iberoid.com\/wp-content\/uploads\/2024\/03\/lipo1.jpg?v=1709492429\",\"contentUrl\":\"https:\/\/iberoid.com\/wp-content\/uploads\/2024\/03\/lipo1.jpg?v=1709492429\",\"width\":1143,\"height\":1600},{\"@type\":\"BreadcrumbList\",\"@id\":\"https:\/\/iberoid.com\/it\/product\/lipo-fire-10ml-gold-dragon-ltd\/#breadcrumb\",\"itemListElement\":[{\"@type\":\"ListItem\",\"position\":1,\"name\":\"Portada\",\"item\":\"https:\/\/iberoid.com\/it\/\"},{\"@type\":\"ListItem\",\"position\":2,\"name\":\"Negozio\",\"item\":\"https:\/\/iberoid.com\/it\/shop\/\"},{\"@type\":\"ListItem\",\"position\":3,\"name\":\"LIPO FIRE 10ML\"}]},{\"@type\":\"WebSite\",\"@id\":\"https:\/\/iberoid-shop.com\/#website\",\"url\":\"https:\/\/iberoid-shop.com\/\",\"name\":\"Steroidi in linea\",\"description\":\"Acquista steroidi online oggi in Spagna e Portogallo. Abbiamo il miglior servizio clienti del settore e prodotti di altissima qualit\u00e0\",\"potentialAction\":[{\"@type\":\"SearchAction\",\"target\":{\"@type\":\"EntryPoint\",\"urlTemplate\":\"https:\/\/iberoid-shop.com\/?s={search_term_string}\"},\"query-input\":{\"@type\":\"PropertyValueSpecification\",\"valueRequired\":true,\"valueName\":\"search_term_string\"}}],\"inLanguage\":\"it-IT\"}]}<\/script>\n<meta property=\"product:brand\" content=\"Golden Dragon\" \/>\n<meta property=\"product:price:amount\" content=\"30.00\" \/>\n<meta property=\"product:price:currency\" content=\"EUR\" \/>\n<meta property=\"og:availability\" content=\"instock\" \/>\n<meta property=\"product:availability\" content=\"instock\" \/>\n<meta property=\"product:condition\" content=\"new\" \/>\n<!-- \/ Yoast SEO Premium plugin. -->","yoast_head_json":{"title":"LIPO FIRE 10ML - Steroidi in linea","description":"Una soluzione per uso sottocutaneo con effetto termogenico, combinando L-Carnitina, Clenbuterolo HCL e Yohimbina HCL per favorire la combustione dei grassi.","robots":{"index":"index","follow":"follow","max-snippet":"max-snippet:-1","max-image-preview":"max-image-preview:large","max-video-preview":"max-video-preview:-1"},"canonical":"https:\/\/iberoid.com\/it\/product\/lipo-fire-10ml-gold-dragon-ltd\/","og_locale":"it_IT","og_type":"article","og_title":"LIPO FIRE 10ML","og_description":"Una soluzione per uso sottocutaneo con effetto termogenico, combinando L-Carnitina, Clenbuterolo HCL e Yohimbina HCL per favorire la combustione dei grassi.","og_url":"https:\/\/iberoid.com\/it\/product\/lipo-fire-10ml-gold-dragon-ltd\/","og_site_name":"Steroidi in linea","article_modified_time":"2026-04-07T13:33:50+00:00","og_image":[{"width":1143,"height":1600,"url":"https:\/\/iberoid.com\/wp-content\/uploads\/2024\/03\/lipo1.jpg?v=1709492429","type":"image\/jpeg"}],"twitter_card":"summary_large_image","twitter_misc":{"Prezzo":"&euro;30.00","Disponibilit\u00e0":"In stock"},"schema":{"@context":"https:\/\/schema.org","@graph":[{"@type":"WebPage","@id":"https:\/\/iberoid.com\/it\/product\/lipo-fire-10ml-gold-dragon-ltd\/","url":"https:\/\/iberoid.com\/it\/product\/lipo-fire-10ml-gold-dragon-ltd\/","name":"LIPO FIRE 10ML - Steroidi in linea","isPartOf":{"@id":"https:\/\/iberoid-shop.com\/#website"},"primaryImageOfPage":{"@id":"https:\/\/iberoid.com\/it\/product\/lipo-fire-10ml-gold-dragon-ltd\/#primaryimage"},"image":{"@id":"https:\/\/iberoid.com\/it\/product\/lipo-fire-10ml-gold-dragon-ltd\/#primaryimage"},"thumbnailUrl":"https:\/\/iberoid.com\/wp-content\/uploads\/2024\/03\/lipo1.jpg?v=1709492429","datePublished":"2024-03-03T19:00:55+00:00","dateModified":"2026-04-07T13:33:50+00:00","description":"Una soluzione per uso sottocutaneo con effetto termogenico, combinando L-Carnitina, Clenbuterolo HCL e Yohimbina HCL per favorire la combustione dei grassi.","breadcrumb":{"@id":"https:\/\/iberoid.com\/it\/product\/lipo-fire-10ml-gold-dragon-ltd\/#breadcrumb"},"inLanguage":"it-IT","potentialAction":[{"@type":"ReadAction","target":[["https:\/\/iberoid.com\/it\/product\/lipo-fire-10ml-gold-dragon-ltd\/"]]}]},{"@type":"ImageObject","inLanguage":"it-IT","@id":"https:\/\/iberoid.com\/it\/product\/lipo-fire-10ml-gold-dragon-ltd\/#primaryimage","url":"https:\/\/iberoid.com\/wp-content\/uploads\/2024\/03\/lipo1.jpg?v=1709492429","contentUrl":"https:\/\/iberoid.com\/wp-content\/uploads\/2024\/03\/lipo1.jpg?v=1709492429","width":1143,"height":1600},{"@type":"BreadcrumbList","@id":"https:\/\/iberoid.com\/it\/product\/lipo-fire-10ml-gold-dragon-ltd\/#breadcrumb","itemListElement":[{"@type":"ListItem","position":1,"name":"Portada","item":"https:\/\/iberoid.com\/it\/"},{"@type":"ListItem","position":2,"name":"Negozio","item":"https:\/\/iberoid.com\/it\/shop\/"},{"@type":"ListItem","position":3,"name":"LIPO FIRE 10ML"}]},{"@type":"WebSite","@id":"https:\/\/iberoid-shop.com\/#website","url":"https:\/\/iberoid-shop.com\/","name":"Steroidi in linea","description":"Acquista steroidi online oggi in Spagna e Portogallo. Abbiamo il miglior servizio clienti del settore e prodotti di altissima qualit\u00e0","potentialAction":[{"@type":"SearchAction","target":{"@type":"EntryPoint","urlTemplate":"https:\/\/iberoid-shop.com\/?s={search_term_string}"},"query-input":{"@type":"PropertyValueSpecification","valueRequired":true,"valueName":"search_term_string"}}],"inLanguage":"it-IT"}]},"product_brand":"Golden Dragon","product_price_amount":"30.00","product_price_currency":"EUR","og_availability":"instock","product_availability":"instock","product_condition":"new"},"_links":{"self":[{"href":"https:\/\/iberoid.com\/it\/wp-json\/wp\/v2\/product\/9242","targetHints":{"allow":["GET"]}}],"collection":[{"href":"https:\/\/iberoid.com\/it\/wp-json\/wp\/v2\/product"}],"about":[{"href":"https:\/\/iberoid.com\/it\/wp-json\/wp\/v2\/types\/product"}],"replies":[{"embeddable":true,"href":"https:\/\/iberoid.com\/it\/wp-json\/wp\/v2\/comments?post=9242"}],"wp:featuredmedia":[{"embeddable":true,"href":"https:\/\/iberoid.com\/it\/wp-json\/wp\/v2\/media\/9244"}],"wp:attachment":[{"href":"https:\/\/iberoid.com\/it\/wp-json\/wp\/v2\/media?parent=9242"}],"wp:term":[{"taxonomy":"product_brand","embeddable":true,"href":"https:\/\/iberoid.com\/it\/wp-json\/wp\/v2\/product_brand?post=9242"},{"taxonomy":"product_cat","embeddable":true,"href":"https:\/\/iberoid.com\/it\/wp-json\/wp\/v2\/product_cat?post=9242"},{"taxonomy":"product_tag","embeddable":true,"href":"https:\/\/iberoid.com\/it\/wp-json\/wp\/v2\/product_tag?post=9242"}],"curies":[{"name":"wp","href":"https:\/\/api.w.org\/{rel}","templated":true}]}}