{"id":9250,"date":"2024-03-03T19:12:28","date_gmt":"2024-03-03T19:12:28","guid":{"rendered":"https:\/\/iberoid.com\/?post_type=product&#038;p=9250"},"modified":"2024-03-25T19:51:56","modified_gmt":"2024-03-25T19:51:56","slug":"testoged-c-testosteron-cypionat-buy-online-best-price","status":"publish","type":"product","link":"https:\/\/iberoid.com\/it\/product\/testoged-c-testosteron-cypionat-buy-online-best-price\/","title":{"rendered":"Testoged C \/ (Testosteron cypionat)"},"content":{"rendered":"<p><strong>Testoged C \/ (Testosteron cypionat)<\/strong> del produttore cinese di prodotti farmaceutici sportivi <strong>Golden Dragon<\/strong> \u00e8 uno steroide con pronunciata attivit\u00e0 anabolica e androgenica moderata. Il principale ingrediente attivo \u00e8 il testosterone cypionate, che ha un lungo periodo di degradazione. Disponibile sotto forma di liquido per iniezione.<\/p>\n<p>A causa delle peculiarit\u00e0 della formula chimica del testosterone cypionate, il suo effetto dura almeno due settimane. Ci\u00f2 consente di ridurre il numero di iniezioni, il che rende il suo utilizzo molto conveniente.<\/p>\n<p>Una caratteristica speciale di Testoged-C di Golden Dragon \u00e8 la capacit\u00e0 del suo principale ingrediente attivo di stimolare le qualit\u00e0 emotive (motivazione, aggressivit\u00e0) insieme a quelle fisiche (forza, resistenza, velocit\u00e0). Tra gli svantaggi, gli atleti evidenziano la capacit\u00e0 di aromatizzare che, se utilizzata in modo incontrollato, porta a reazioni avverse.<\/p>\n<p><strong>Effetti di Testoged C Golden Dragon<\/strong><\/p>\n<ul>\n<li>aumento efficace del volume muscolare con bellissimi rilievi;<\/li>\n<li>aumento dell&#8217;appetito per fornire meglio al corpo i nutrienti;<\/li>\n<li>aumento della libido durante il corso;<\/li>\n<li>rafforzamento delle ossa e degli elementi dell&#8217;apparato legamentoso-articolare;<\/li>\n<li>indicatori crescenti di forza, resistenza, motivazione, aggressivit\u00e0.<\/li>\n<\/ul>\n<p>In alcuni casi, l\u2019assunzione di uno steroide pu\u00f2 causare una serie di reazioni avverse.<\/p>","protected":false},"excerpt":{"rendered":"<p>Testoged C \/ (Testosteron cypionat) del produttore cinese di prodotti farmaceutici sportivi Golden Dragon \u00e8 uno steroide con pronunciata attivit\u00e0<\/p>\n","protected":false},"featured_media":9252,"comment_status":"open","ping_status":"closed","template":"","meta":[],"product_brand":[],"product_cat":[69],"product_tag":[],"class_list":{"0":"post-9250","1":"product","2":"type-product","3":"status-publish","4":"has-post-thumbnail","6":"product_cat-esteroides_inyectables","8":"first","9":"outofstock","10":"sale","11":"featured","12":"shipping-taxable","13":"purchasable","14":"product-type-simple"},"yoast_head":"<!-- This site is optimized with the Yoast SEO Premium plugin v24.4 (Yoast SEO v27.0) - https:\/\/yoast.com\/product\/yoast-seo-premium-wordpress\/ -->\n<title>Testoged C \/ (Testosteron cypionat) - Steroidi in linea<\/title>\n<meta name=\"description\" content=\"Testoged C is a steroid with pronounced anabolic and moderate androgenic activity. The main active ingredient is testosterone cypionate...\" \/>\n<meta name=\"robots\" content=\"index, follow, max-snippet:-1, max-image-preview:large, max-video-preview:-1\" \/>\n<link rel=\"canonical\" href=\"https:\/\/iberoid.com\/it\/product\/testoged-c-testosteron-cypionat-buy-online-best-price\/\" \/>\n<meta property=\"og:locale\" content=\"it_IT\" \/>\n<meta property=\"og:type\" content=\"article\" \/>\n<meta property=\"og:title\" content=\"Testoged C \/ (Testosteron cypionat)\" \/>\n<meta property=\"og:description\" content=\"Testoged C is a steroid with pronounced anabolic and moderate androgenic activity. The main active ingredient is testosterone cypionate...\" \/>\n<meta property=\"og:url\" content=\"https:\/\/iberoid.com\/it\/product\/testoged-c-testosteron-cypionat-buy-online-best-price\/\" \/>\n<meta property=\"og:site_name\" content=\"Steroidi in linea\" \/>\n<meta property=\"article:modified_time\" content=\"2024-03-25T19:51:56+00:00\" \/>\n<meta property=\"og:image\" content=\"https:\/\/iberoid.com\/wp-content\/uploads\/2024\/03\/TESTOGED-C-golden-dragon.jpg?v=1709493080\" \/>\n\t<meta property=\"og:image:width\" content=\"500\" \/>\n\t<meta property=\"og:image:height\" content=\"500\" \/>\n\t<meta property=\"og:image:type\" content=\"image\/jpeg\" \/>\n<meta name=\"twitter:card\" content=\"summary_large_image\" \/>\n<meta name=\"twitter:label1\" content=\"Prezzo\" \/>\n\t<meta name=\"twitter:data1\" content=\"&euro;35.00\" \/>\n\t<meta name=\"twitter:label2\" content=\"Disponibilit\u00e0\" \/>\n\t<meta name=\"twitter:data2\" content=\"Esaurito\" \/>\n<script type=\"application\/ld+json\" class=\"yoast-schema-graph\">{\"@context\":\"https:\/\/schema.org\",\"@graph\":[{\"@type\":\"WebPage\",\"@id\":\"https:\/\/iberoid.com\/it\/product\/testoged-c-testosteron-cypionat-buy-online-best-price\/\",\"url\":\"https:\/\/iberoid.com\/it\/product\/testoged-c-testosteron-cypionat-buy-online-best-price\/\",\"name\":\"Testoged C \/ (Testosteron cypionat) - Steroidi in linea\",\"isPartOf\":{\"@id\":\"https:\/\/iberoid-shop.com\/#website\"},\"primaryImageOfPage\":{\"@id\":\"https:\/\/iberoid.com\/it\/product\/testoged-c-testosteron-cypionat-buy-online-best-price\/#primaryimage\"},\"image\":{\"@id\":\"https:\/\/iberoid.com\/it\/product\/testoged-c-testosteron-cypionat-buy-online-best-price\/#primaryimage\"},\"thumbnailUrl\":\"https:\/\/iberoid.com\/wp-content\/uploads\/2024\/03\/TESTOGED-C-golden-dragon.jpg?v=1709493080\",\"datePublished\":\"2024-03-03T19:12:28+00:00\",\"dateModified\":\"2024-03-25T19:51:56+00:00\",\"description\":\"Testoged C is a steroid with pronounced anabolic and moderate androgenic activity. The main active ingredient is testosterone cypionate...\",\"breadcrumb\":{\"@id\":\"https:\/\/iberoid.com\/it\/product\/testoged-c-testosteron-cypionat-buy-online-best-price\/#breadcrumb\"},\"inLanguage\":\"it-IT\",\"potentialAction\":[{\"@type\":\"ReadAction\",\"target\":[[\"https:\/\/iberoid.com\/it\/product\/testoged-c-testosteron-cypionat-buy-online-best-price\/\"]]}]},{\"@type\":\"ImageObject\",\"inLanguage\":\"it-IT\",\"@id\":\"https:\/\/iberoid.com\/it\/product\/testoged-c-testosteron-cypionat-buy-online-best-price\/#primaryimage\",\"url\":\"https:\/\/iberoid.com\/wp-content\/uploads\/2024\/03\/TESTOGED-C-golden-dragon.jpg?v=1709493080\",\"contentUrl\":\"https:\/\/iberoid.com\/wp-content\/uploads\/2024\/03\/TESTOGED-C-golden-dragon.jpg?v=1709493080\",\"width\":500,\"height\":500,\"caption\":\"Testoged C \/ Testosteron cypionat steroids\"},{\"@type\":\"BreadcrumbList\",\"@id\":\"https:\/\/iberoid.com\/it\/product\/testoged-c-testosteron-cypionat-buy-online-best-price\/#breadcrumb\",\"itemListElement\":[{\"@type\":\"ListItem\",\"position\":1,\"name\":\"Portada\",\"item\":\"https:\/\/iberoid.com\/it\/\"},{\"@type\":\"ListItem\",\"position\":2,\"name\":\"Negozio\",\"item\":\"https:\/\/iberoid.com\/it\/shop\/\"},{\"@type\":\"ListItem\",\"position\":3,\"name\":\"Testoged C \/ (Testosteron cypionat)\"}]},{\"@type\":\"WebSite\",\"@id\":\"https:\/\/iberoid-shop.com\/#website\",\"url\":\"https:\/\/iberoid-shop.com\/\",\"name\":\"Steroidi in linea\",\"description\":\"Acquista steroidi online oggi in Spagna e Portogallo. Abbiamo il miglior servizio clienti del settore e prodotti di altissima qualit\u00e0\",\"potentialAction\":[{\"@type\":\"SearchAction\",\"target\":{\"@type\":\"EntryPoint\",\"urlTemplate\":\"https:\/\/iberoid-shop.com\/?s={search_term_string}\"},\"query-input\":{\"@type\":\"PropertyValueSpecification\",\"valueRequired\":true,\"valueName\":\"search_term_string\"}}],\"inLanguage\":\"it-IT\"}]}<\/script>\n<meta property=\"product:brand\" content=\"Golden Dragon\" \/>\n<meta property=\"product:price:amount\" content=\"35.00\" \/>\n<meta property=\"product:price:currency\" content=\"EUR\" \/>\n<meta property=\"og:availability\" content=\"out of stock\" \/>\n<meta property=\"product:availability\" content=\"out of stock\" \/>\n<meta property=\"product:condition\" content=\"new\" \/>\n<!-- \/ Yoast SEO Premium plugin. -->","yoast_head_json":{"title":"Testoged C \/ (Testosteron cypionat) - Steroidi in linea","description":"Testoged C is a steroid with pronounced anabolic and moderate androgenic activity. The main active ingredient is testosterone cypionate...","robots":{"index":"index","follow":"follow","max-snippet":"max-snippet:-1","max-image-preview":"max-image-preview:large","max-video-preview":"max-video-preview:-1"},"canonical":"https:\/\/iberoid.com\/it\/product\/testoged-c-testosteron-cypionat-buy-online-best-price\/","og_locale":"it_IT","og_type":"article","og_title":"Testoged C \/ (Testosteron cypionat)","og_description":"Testoged C is a steroid with pronounced anabolic and moderate androgenic activity. The main active ingredient is testosterone cypionate...","og_url":"https:\/\/iberoid.com\/it\/product\/testoged-c-testosteron-cypionat-buy-online-best-price\/","og_site_name":"Steroidi in linea","article_modified_time":"2024-03-25T19:51:56+00:00","og_image":[{"width":500,"height":500,"url":"https:\/\/iberoid.com\/wp-content\/uploads\/2024\/03\/TESTOGED-C-golden-dragon.jpg?v=1709493080","type":"image\/jpeg"}],"twitter_card":"summary_large_image","twitter_misc":{"Prezzo":"&euro;35.00","Disponibilit\u00e0":"Esaurito"},"schema":{"@context":"https:\/\/schema.org","@graph":[{"@type":"WebPage","@id":"https:\/\/iberoid.com\/it\/product\/testoged-c-testosteron-cypionat-buy-online-best-price\/","url":"https:\/\/iberoid.com\/it\/product\/testoged-c-testosteron-cypionat-buy-online-best-price\/","name":"Testoged C \/ (Testosteron cypionat) - Steroidi in linea","isPartOf":{"@id":"https:\/\/iberoid-shop.com\/#website"},"primaryImageOfPage":{"@id":"https:\/\/iberoid.com\/it\/product\/testoged-c-testosteron-cypionat-buy-online-best-price\/#primaryimage"},"image":{"@id":"https:\/\/iberoid.com\/it\/product\/testoged-c-testosteron-cypionat-buy-online-best-price\/#primaryimage"},"thumbnailUrl":"https:\/\/iberoid.com\/wp-content\/uploads\/2024\/03\/TESTOGED-C-golden-dragon.jpg?v=1709493080","datePublished":"2024-03-03T19:12:28+00:00","dateModified":"2024-03-25T19:51:56+00:00","description":"Testoged C is a steroid with pronounced anabolic and moderate androgenic activity. The main active ingredient is testosterone cypionate...","breadcrumb":{"@id":"https:\/\/iberoid.com\/it\/product\/testoged-c-testosteron-cypionat-buy-online-best-price\/#breadcrumb"},"inLanguage":"it-IT","potentialAction":[{"@type":"ReadAction","target":[["https:\/\/iberoid.com\/it\/product\/testoged-c-testosteron-cypionat-buy-online-best-price\/"]]}]},{"@type":"ImageObject","inLanguage":"it-IT","@id":"https:\/\/iberoid.com\/it\/product\/testoged-c-testosteron-cypionat-buy-online-best-price\/#primaryimage","url":"https:\/\/iberoid.com\/wp-content\/uploads\/2024\/03\/TESTOGED-C-golden-dragon.jpg?v=1709493080","contentUrl":"https:\/\/iberoid.com\/wp-content\/uploads\/2024\/03\/TESTOGED-C-golden-dragon.jpg?v=1709493080","width":500,"height":500,"caption":"Testoged C \/ Testosteron cypionat steroids"},{"@type":"BreadcrumbList","@id":"https:\/\/iberoid.com\/it\/product\/testoged-c-testosteron-cypionat-buy-online-best-price\/#breadcrumb","itemListElement":[{"@type":"ListItem","position":1,"name":"Portada","item":"https:\/\/iberoid.com\/it\/"},{"@type":"ListItem","position":2,"name":"Negozio","item":"https:\/\/iberoid.com\/it\/shop\/"},{"@type":"ListItem","position":3,"name":"Testoged C \/ (Testosteron cypionat)"}]},{"@type":"WebSite","@id":"https:\/\/iberoid-shop.com\/#website","url":"https:\/\/iberoid-shop.com\/","name":"Steroidi in linea","description":"Acquista steroidi online oggi in Spagna e Portogallo. Abbiamo il miglior servizio clienti del settore e prodotti di altissima qualit\u00e0","potentialAction":[{"@type":"SearchAction","target":{"@type":"EntryPoint","urlTemplate":"https:\/\/iberoid-shop.com\/?s={search_term_string}"},"query-input":{"@type":"PropertyValueSpecification","valueRequired":true,"valueName":"search_term_string"}}],"inLanguage":"it-IT"}]},"product_brand":"Golden Dragon","product_price_amount":"35.00","product_price_currency":"EUR","og_availability":"out of stock","product_availability":"out of stock","product_condition":"new"},"_links":{"self":[{"href":"https:\/\/iberoid.com\/it\/wp-json\/wp\/v2\/product\/9250","targetHints":{"allow":["GET"]}}],"collection":[{"href":"https:\/\/iberoid.com\/it\/wp-json\/wp\/v2\/product"}],"about":[{"href":"https:\/\/iberoid.com\/it\/wp-json\/wp\/v2\/types\/product"}],"replies":[{"embeddable":true,"href":"https:\/\/iberoid.com\/it\/wp-json\/wp\/v2\/comments?post=9250"}],"wp:featuredmedia":[{"embeddable":true,"href":"https:\/\/iberoid.com\/it\/wp-json\/wp\/v2\/media\/9252"}],"wp:attachment":[{"href":"https:\/\/iberoid.com\/it\/wp-json\/wp\/v2\/media?parent=9250"}],"wp:term":[{"taxonomy":"product_brand","embeddable":true,"href":"https:\/\/iberoid.com\/it\/wp-json\/wp\/v2\/product_brand?post=9250"},{"taxonomy":"product_cat","embeddable":true,"href":"https:\/\/iberoid.com\/it\/wp-json\/wp\/v2\/product_cat?post=9250"},{"taxonomy":"product_tag","embeddable":true,"href":"https:\/\/iberoid.com\/it\/wp-json\/wp\/v2\/product_tag?post=9250"}],"curies":[{"name":"wp","href":"https:\/\/api.w.org\/{rel}","templated":true}]}}