{"id":9266,"date":"2024-03-10T21:38:53","date_gmt":"2024-03-10T21:38:53","guid":{"rendered":"https:\/\/iberoid.com\/?post_type=product&#038;p=9266"},"modified":"2026-04-08T09:05:00","modified_gmt":"2026-04-08T09:05:00","slug":"masteron-enantate-mastoged-e","status":"publish","type":"product","link":"https:\/\/iberoid.com\/it\/product\/masteron-enantate-mastoged-e\/","title":{"rendered":"MASTERON ENANTATE \/ MASTOGED E"},"content":{"rendered":"<p>MASTERON ENANTATE \/ MASTOGED E \u00e8 probabilmente uno degli steroidi pi\u00f9 interessanti utilizzati dagli atleti. \u00c8 progettato principalmente per il trattamento dei pazienti affetti da cancro al seno per inibire la produzione di estrogeni. L&#8217;estrogeno \u00e8 l&#8217;ormone secreto dalle femmine che conferisce loro le loro distinte caratteristiche di genere.<\/p>\n<p>Masteron era diventato uno steroide preferito tra gli atleti e i bodybuilder competitivi. \u00c8 uno steroide anabolizzante molto popolare. MASTERON ENANTATE \/ MASTOGED E \u00e8 un derivato del diidrotestosterone o DHT, che frena la conversione in estrogeni attraverso l&#8217;aromatizzazione. Potrebbe essere la sua capacit\u00e0 di inibire l&#8217;interazione degli estrogeni con l&#8217;enzima aromatasi o di bloccare il recettore che lega gli estrogeni che causa questi fenomeni. Qualunque sia il motivo, grazie alle sue propriet\u00e0 antiestrogeniche blocca la conversione del testosterone libero in estrogeni attraverso l&#8217;aromatizzazione. Ci\u00f2 rende Masteron un&#8217;inclusione comune in un ciclo anabolico elevato. Poich\u00e9 i composti utilizzati nei cicli per ottenere aumento di massa e forza hanno un contenuto di testosterone molto potente, Masteron viene utilizzato per prevenire che si verifichino effetti collaterali estrogenici.<\/p>\n<p>Effetti collaterali di MASTERON ENANTATE \/ MASTOGED E<\/p>\n<p>Gli effetti collaterali includono gonfiore o ritenzione idrica e ginecomastia. Mentre alcuni pensano che ci sia basso<br \/>\naromatizzazione con Masteron ha ancora effetti collaterali androgeni significativi che ci si dovrebbe aspettare durante l&#8217;uso<br \/>\nquesto steroide. Ci\u00f2 pu\u00f2 includere attacchi di pelle grassa, acne e crescita di peli sul corpo\/viso. Steroidi anabolizzanti\/androgeni<br \/>\npu\u00f2 anche aggravare la caduta dei capelli di tipo maschile. Gli steroidi anabolizzanti\/androgeni possono avere effetti deleteri sul siero<br \/>\ncolesterolo. Ci\u00f2 include la tendenza a ridurre i valori del colesterolo HDL (buono) e ad aumentare il colesterolo LDL (cattivo).<br \/>\nvalori, che possono spostare l\u2019equilibrio tra HDL e LDL in una direzione che causa un maggiore rischio di arteriosclerosi. Potrebbe<br \/>\ninterrompere la produzione di testosterone, quindi gli utenti dovrebbero fare attenzione a usarlo nella terapia post ciclo perch\u00e9 lo fa<br \/>\npotrebbe effettivamente rallentare la ripresa.<\/p>","protected":false},"excerpt":{"rendered":"<p>MASTERON ENANTATE \/ MASTOGED E \u00e8 probabilmente uno degli steroidi pi\u00f9 interessanti utilizzati dagli atleti. \u00c8 progettato principalmente per il<\/p>\n","protected":false},"featured_media":9268,"comment_status":"open","ping_status":"closed","template":"","meta":[],"product_brand":[],"product_cat":[69,3533],"product_tag":[],"class_list":{"0":"post-9266","1":"product","2":"type-product","3":"status-publish","4":"has-post-thumbnail","6":"product_cat-esteroides_inyectables","7":"product_cat-sales-rebajas","9":"first","10":"instock","11":"sale","12":"shipping-taxable","13":"purchasable","14":"product-type-simple"},"yoast_head":"<!-- This site is optimized with the Yoast SEO Premium plugin v24.4 (Yoast SEO v27.0) - https:\/\/yoast.com\/product\/yoast-seo-premium-wordpress\/ -->\n<title>MASTERON ENANTATE \/ MASTOGED E - Steroidi in linea<\/title>\n<meta name=\"description\" content=\"Masteron Enantato (Mastoged E) \u00e8 uno steroide derivato dal DHT, noto per i suoi effetti antiestrogenici, ed \u00e8 molto popolare tra atleti e culturisti.\" \/>\n<meta name=\"robots\" content=\"index, follow, max-snippet:-1, max-image-preview:large, max-video-preview:-1\" \/>\n<link rel=\"canonical\" href=\"https:\/\/iberoid.com\/it\/product\/masteron-enantate-mastoged-e\/\" \/>\n<meta property=\"og:locale\" content=\"it_IT\" \/>\n<meta property=\"og:type\" content=\"article\" \/>\n<meta property=\"og:title\" content=\"MASTERON ENANTATE \/ MASTOGED E\" \/>\n<meta property=\"og:description\" content=\"Masteron Enantato (Mastoged E) \u00e8 uno steroide derivato dal DHT, noto per i suoi effetti antiestrogenici, ed \u00e8 molto popolare tra atleti e culturisti.\" \/>\n<meta property=\"og:url\" content=\"https:\/\/iberoid.com\/it\/product\/masteron-enantate-mastoged-e\/\" \/>\n<meta property=\"og:site_name\" content=\"Steroidi in linea\" \/>\n<meta property=\"article:modified_time\" content=\"2026-04-08T09:05:00+00:00\" \/>\n<meta property=\"og:image\" content=\"https:\/\/iberoid.com\/wp-content\/uploads\/2024\/03\/mast.jpg?v=1710106706\" \/>\n\t<meta property=\"og:image:width\" content=\"1080\" \/>\n\t<meta property=\"og:image:height\" content=\"1080\" \/>\n\t<meta property=\"og:image:type\" content=\"image\/jpeg\" \/>\n<meta name=\"twitter:card\" content=\"summary_large_image\" \/>\n<meta name=\"twitter:label1\" content=\"Prezzo\" \/>\n\t<meta name=\"twitter:data1\" content=\"&euro;55.00\" \/>\n\t<meta name=\"twitter:label2\" content=\"Disponibilit\u00e0\" \/>\n\t<meta name=\"twitter:data2\" content=\"In stock\" \/>\n<script type=\"application\/ld+json\" class=\"yoast-schema-graph\">{\"@context\":\"https:\/\/schema.org\",\"@graph\":[{\"@type\":\"WebPage\",\"@id\":\"https:\/\/iberoid.com\/it\/product\/masteron-enantate-mastoged-e\/\",\"url\":\"https:\/\/iberoid.com\/it\/product\/masteron-enantate-mastoged-e\/\",\"name\":\"MASTERON ENANTATE \/ MASTOGED E - Steroidi in linea\",\"isPartOf\":{\"@id\":\"https:\/\/iberoid-shop.com\/#website\"},\"primaryImageOfPage\":{\"@id\":\"https:\/\/iberoid.com\/it\/product\/masteron-enantate-mastoged-e\/#primaryimage\"},\"image\":{\"@id\":\"https:\/\/iberoid.com\/it\/product\/masteron-enantate-mastoged-e\/#primaryimage\"},\"thumbnailUrl\":\"https:\/\/iberoid.com\/wp-content\/uploads\/2024\/03\/mast.jpg?v=1710106706\",\"datePublished\":\"2024-03-10T21:38:53+00:00\",\"dateModified\":\"2026-04-08T09:05:00+00:00\",\"description\":\"Masteron Enantato (Mastoged E) \u00e8 uno steroide derivato dal DHT, noto per i suoi effetti antiestrogenici, ed \u00e8 molto popolare tra atleti e culturisti.\",\"breadcrumb\":{\"@id\":\"https:\/\/iberoid.com\/it\/product\/masteron-enantate-mastoged-e\/#breadcrumb\"},\"inLanguage\":\"it-IT\",\"potentialAction\":[{\"@type\":\"ReadAction\",\"target\":[[\"https:\/\/iberoid.com\/it\/product\/masteron-enantate-mastoged-e\/\"]]}]},{\"@type\":\"ImageObject\",\"inLanguage\":\"it-IT\",\"@id\":\"https:\/\/iberoid.com\/it\/product\/masteron-enantate-mastoged-e\/#primaryimage\",\"url\":\"https:\/\/iberoid.com\/wp-content\/uploads\/2024\/03\/mast.jpg?v=1710106706\",\"contentUrl\":\"https:\/\/iberoid.com\/wp-content\/uploads\/2024\/03\/mast.jpg?v=1710106706\",\"width\":1080,\"height\":1080},{\"@type\":\"BreadcrumbList\",\"@id\":\"https:\/\/iberoid.com\/it\/product\/masteron-enantate-mastoged-e\/#breadcrumb\",\"itemListElement\":[{\"@type\":\"ListItem\",\"position\":1,\"name\":\"Portada\",\"item\":\"https:\/\/iberoid.com\/it\/\"},{\"@type\":\"ListItem\",\"position\":2,\"name\":\"Negozio\",\"item\":\"https:\/\/iberoid.com\/it\/shop\/\"},{\"@type\":\"ListItem\",\"position\":3,\"name\":\"MASTERON ENANTATE \/ MASTOGED E\"}]},{\"@type\":\"WebSite\",\"@id\":\"https:\/\/iberoid-shop.com\/#website\",\"url\":\"https:\/\/iberoid-shop.com\/\",\"name\":\"Steroidi in linea\",\"description\":\"Acquista steroidi online oggi in Spagna e Portogallo. Abbiamo il miglior servizio clienti del settore e prodotti di altissima qualit\u00e0\",\"potentialAction\":[{\"@type\":\"SearchAction\",\"target\":{\"@type\":\"EntryPoint\",\"urlTemplate\":\"https:\/\/iberoid-shop.com\/?s={search_term_string}\"},\"query-input\":{\"@type\":\"PropertyValueSpecification\",\"valueRequired\":true,\"valueName\":\"search_term_string\"}}],\"inLanguage\":\"it-IT\"}]}<\/script>\n<meta property=\"product:brand\" content=\"Euro Prime Pharmaceuticals (EPF)\" \/>\n<meta property=\"product:price:amount\" content=\"55.00\" \/>\n<meta property=\"product:price:currency\" content=\"EUR\" \/>\n<meta property=\"og:availability\" content=\"instock\" \/>\n<meta property=\"product:availability\" content=\"instock\" \/>\n<meta property=\"product:condition\" content=\"new\" \/>\n<!-- \/ Yoast SEO Premium plugin. -->","yoast_head_json":{"title":"MASTERON ENANTATE \/ MASTOGED E - Steroidi in linea","description":"Masteron Enantato (Mastoged E) \u00e8 uno steroide derivato dal DHT, noto per i suoi effetti antiestrogenici, ed \u00e8 molto popolare tra atleti e culturisti.","robots":{"index":"index","follow":"follow","max-snippet":"max-snippet:-1","max-image-preview":"max-image-preview:large","max-video-preview":"max-video-preview:-1"},"canonical":"https:\/\/iberoid.com\/it\/product\/masteron-enantate-mastoged-e\/","og_locale":"it_IT","og_type":"article","og_title":"MASTERON ENANTATE \/ MASTOGED E","og_description":"Masteron Enantato (Mastoged E) \u00e8 uno steroide derivato dal DHT, noto per i suoi effetti antiestrogenici, ed \u00e8 molto popolare tra atleti e culturisti.","og_url":"https:\/\/iberoid.com\/it\/product\/masteron-enantate-mastoged-e\/","og_site_name":"Steroidi in linea","article_modified_time":"2026-04-08T09:05:00+00:00","og_image":[{"width":1080,"height":1080,"url":"https:\/\/iberoid.com\/wp-content\/uploads\/2024\/03\/mast.jpg?v=1710106706","type":"image\/jpeg"}],"twitter_card":"summary_large_image","twitter_misc":{"Prezzo":"&euro;55.00","Disponibilit\u00e0":"In stock"},"schema":{"@context":"https:\/\/schema.org","@graph":[{"@type":"WebPage","@id":"https:\/\/iberoid.com\/it\/product\/masteron-enantate-mastoged-e\/","url":"https:\/\/iberoid.com\/it\/product\/masteron-enantate-mastoged-e\/","name":"MASTERON ENANTATE \/ MASTOGED E - Steroidi in linea","isPartOf":{"@id":"https:\/\/iberoid-shop.com\/#website"},"primaryImageOfPage":{"@id":"https:\/\/iberoid.com\/it\/product\/masteron-enantate-mastoged-e\/#primaryimage"},"image":{"@id":"https:\/\/iberoid.com\/it\/product\/masteron-enantate-mastoged-e\/#primaryimage"},"thumbnailUrl":"https:\/\/iberoid.com\/wp-content\/uploads\/2024\/03\/mast.jpg?v=1710106706","datePublished":"2024-03-10T21:38:53+00:00","dateModified":"2026-04-08T09:05:00+00:00","description":"Masteron Enantato (Mastoged E) \u00e8 uno steroide derivato dal DHT, noto per i suoi effetti antiestrogenici, ed \u00e8 molto popolare tra atleti e culturisti.","breadcrumb":{"@id":"https:\/\/iberoid.com\/it\/product\/masteron-enantate-mastoged-e\/#breadcrumb"},"inLanguage":"it-IT","potentialAction":[{"@type":"ReadAction","target":[["https:\/\/iberoid.com\/it\/product\/masteron-enantate-mastoged-e\/"]]}]},{"@type":"ImageObject","inLanguage":"it-IT","@id":"https:\/\/iberoid.com\/it\/product\/masteron-enantate-mastoged-e\/#primaryimage","url":"https:\/\/iberoid.com\/wp-content\/uploads\/2024\/03\/mast.jpg?v=1710106706","contentUrl":"https:\/\/iberoid.com\/wp-content\/uploads\/2024\/03\/mast.jpg?v=1710106706","width":1080,"height":1080},{"@type":"BreadcrumbList","@id":"https:\/\/iberoid.com\/it\/product\/masteron-enantate-mastoged-e\/#breadcrumb","itemListElement":[{"@type":"ListItem","position":1,"name":"Portada","item":"https:\/\/iberoid.com\/it\/"},{"@type":"ListItem","position":2,"name":"Negozio","item":"https:\/\/iberoid.com\/it\/shop\/"},{"@type":"ListItem","position":3,"name":"MASTERON ENANTATE \/ MASTOGED E"}]},{"@type":"WebSite","@id":"https:\/\/iberoid-shop.com\/#website","url":"https:\/\/iberoid-shop.com\/","name":"Steroidi in linea","description":"Acquista steroidi online oggi in Spagna e Portogallo. Abbiamo il miglior servizio clienti del settore e prodotti di altissima qualit\u00e0","potentialAction":[{"@type":"SearchAction","target":{"@type":"EntryPoint","urlTemplate":"https:\/\/iberoid-shop.com\/?s={search_term_string}"},"query-input":{"@type":"PropertyValueSpecification","valueRequired":true,"valueName":"search_term_string"}}],"inLanguage":"it-IT"}]},"product_brand":"Euro Prime Pharmaceuticals (EPF)","product_price_amount":"55.00","product_price_currency":"EUR","og_availability":"instock","product_availability":"instock","product_condition":"new"},"_links":{"self":[{"href":"https:\/\/iberoid.com\/it\/wp-json\/wp\/v2\/product\/9266","targetHints":{"allow":["GET"]}}],"collection":[{"href":"https:\/\/iberoid.com\/it\/wp-json\/wp\/v2\/product"}],"about":[{"href":"https:\/\/iberoid.com\/it\/wp-json\/wp\/v2\/types\/product"}],"replies":[{"embeddable":true,"href":"https:\/\/iberoid.com\/it\/wp-json\/wp\/v2\/comments?post=9266"}],"wp:featuredmedia":[{"embeddable":true,"href":"https:\/\/iberoid.com\/it\/wp-json\/wp\/v2\/media\/9268"}],"wp:attachment":[{"href":"https:\/\/iberoid.com\/it\/wp-json\/wp\/v2\/media?parent=9266"}],"wp:term":[{"taxonomy":"product_brand","embeddable":true,"href":"https:\/\/iberoid.com\/it\/wp-json\/wp\/v2\/product_brand?post=9266"},{"taxonomy":"product_cat","embeddable":true,"href":"https:\/\/iberoid.com\/it\/wp-json\/wp\/v2\/product_cat?post=9266"},{"taxonomy":"product_tag","embeddable":true,"href":"https:\/\/iberoid.com\/it\/wp-json\/wp\/v2\/product_tag?post=9266"}],"curies":[{"name":"wp","href":"https:\/\/api.w.org\/{rel}","templated":true}]}}