{"id":9323,"date":"2024-04-04T20:54:01","date_gmt":"2024-04-04T20:54:01","guid":{"rendered":"https:\/\/iberoid.com\/?post_type=product&#038;p=9323"},"modified":"2026-01-25T14:05:03","modified_gmt":"2026-01-25T14:05:03","slug":"boldoged-premium-line","status":"publish","type":"product","link":"https:\/\/iberoid.com\/it\/product\/boldoged-premium-line\/","title":{"rendered":"BOLDOGED PREMIUM LINE"},"content":{"rendered":"<p>BOLDOGED PREMIUM LINE , \u00e8 il boldenone prodotto da EPF, \u00e8 un prodotto che pu\u00f2 essere facilmente combinato con altri steroidi, a seconda dei desideri di ognuno. Nei cicli per l&#8217;aumento della massa muscolare si combina con Anapolon, Turanabol o Testosterone e nei cicli per la definizione si pu\u00f2 combinare con Parabolan, Winstrol, Primobolan o Trenboloneb.<\/p>\n<p>La dose raccomandata varia tra 300 mg e 600 mg a settimana. A causa dei tre esteri di boldenone da cui \u00e8 formato, il Boldenone aumenta notevolmente l&#8217;appetito. Ci\u00f2 \u00e8 dovuto alla stimolazione della secrezione di insulina provocata da Boldenone.<\/p>\n<p>Come effetto collaterale, blocca la secrezione di testosterone da parte dell&#8217;organismo, per questo si consiglia la terapia post-ciclo composta da Clomid e Tamoxifene. Se viene somministrato alle dosi consigliate e con terapia post ciclo gli effetti collaterali sono fissi o non compaiono affatto.<\/p>\n<p>Questa terapia post ciclo mira a regolare la produzione di testosterone del corpo. \u00c8 importante che in qualsiasi altro trattamento steroideo vengano seguite alcune regole essenziali per ottenere i risultati desiderati.<\/p>\n<p>I pasti principali della giornata sono importanti e vanno rispettati. Il cibo deve essere ricco di proteine, vitamine, antiossidanti. Devi mangiare carne magra come manzo, pesce, petto di pollo. Le verdure sono importanti. La frutta contiene antiossidanti e dona energia al corpo.<\/p>","protected":false},"excerpt":{"rendered":"<p>BOLDOGED PREMIUM LINE , \u00e8 il boldenone prodotto da EPF, \u00e8 un prodotto che pu\u00f2 essere facilmente combinato con altri<\/p>\n","protected":false},"featured_media":9325,"comment_status":"open","ping_status":"closed","template":"","meta":[],"product_brand":[],"product_cat":[69],"product_tag":[],"class_list":{"0":"post-9323","1":"product","2":"type-product","3":"status-publish","4":"has-post-thumbnail","6":"product_cat-esteroides_inyectables","8":"first","9":"instock","10":"shipping-taxable","11":"purchasable","12":"product-type-simple"},"yoast_head":"<!-- This site is optimized with the Yoast SEO Premium plugin v24.4 (Yoast SEO v27.3) - https:\/\/yoast.com\/product\/yoast-seo-premium-wordpress\/ -->\n<title>BOLDOGED PREMIUM LINE - Steroidi in linea<\/title>\n<meta name=\"description\" content=\"BOLDOGED PREMIUM LINE, produced by EPF, is a boldenone product that users can easily combine with other steroids, depending on their goals.\" \/>\n<meta name=\"robots\" content=\"index, follow, max-snippet:-1, max-image-preview:large, max-video-preview:-1\" \/>\n<link rel=\"canonical\" href=\"https:\/\/iberoid.com\/it\/product\/boldoged-premium-line\/\" \/>\n<meta property=\"og:locale\" content=\"it_IT\" \/>\n<meta property=\"og:type\" content=\"article\" \/>\n<meta property=\"og:title\" content=\"BOLDOGED PREMIUM LINE\" \/>\n<meta property=\"og:description\" content=\"BOLDOGED PREMIUM LINE, produced by EPF, is a boldenone product that users can easily combine with other steroids, depending on their goals.\" \/>\n<meta property=\"og:url\" content=\"https:\/\/iberoid.com\/it\/product\/boldoged-premium-line\/\" \/>\n<meta property=\"og:site_name\" content=\"Steroidi in linea\" \/>\n<meta property=\"article:modified_time\" content=\"2026-01-25T14:05:03+00:00\" \/>\n<meta property=\"og:image\" content=\"https:\/\/iberoid.com\/wp-content\/uploads\/2024\/04\/boldp.jpg?v=1712263998\" \/>\n\t<meta property=\"og:image:width\" content=\"1280\" \/>\n\t<meta property=\"og:image:height\" content=\"1280\" \/>\n\t<meta property=\"og:image:type\" content=\"image\/jpeg\" \/>\n<meta name=\"twitter:card\" content=\"summary_large_image\" \/>\n<meta name=\"twitter:label1\" content=\"Prezzo\" \/>\n\t<meta name=\"twitter:data1\" content=\"&euro;45.00\" \/>\n\t<meta name=\"twitter:label2\" content=\"Disponibilit\u00e0\" \/>\n\t<meta name=\"twitter:data2\" content=\"In stock\" \/>\n<script type=\"application\/ld+json\" class=\"yoast-schema-graph\">{\"@context\":\"https:\\\/\\\/schema.org\",\"@graph\":[{\"@type\":\"WebPage\",\"@id\":\"https:\\\/\\\/iberoid.com\\\/it\\\/product\\\/boldoged-premium-line\\\/\",\"url\":\"https:\\\/\\\/iberoid.com\\\/it\\\/product\\\/boldoged-premium-line\\\/\",\"name\":\"BOLDOGED PREMIUM LINE - Steroidi in linea\",\"isPartOf\":{\"@id\":\"https:\\\/\\\/iberoid.com\\\/it\\\/#website\"},\"primaryImageOfPage\":{\"@id\":\"https:\\\/\\\/iberoid.com\\\/it\\\/product\\\/boldoged-premium-line\\\/#primaryimage\"},\"image\":{\"@id\":\"https:\\\/\\\/iberoid.com\\\/it\\\/product\\\/boldoged-premium-line\\\/#primaryimage\"},\"thumbnailUrl\":\"https:\\\/\\\/iberoid.com\\\/wp-content\\\/uploads\\\/2024\\\/04\\\/boldp.jpg?v=1712263998\",\"datePublished\":\"2024-04-04T20:54:01+00:00\",\"dateModified\":\"2026-01-25T14:05:03+00:00\",\"description\":\"BOLDOGED PREMIUM LINE, produced by EPF, is a boldenone product that users can easily combine with other steroids, depending on their goals.\",\"breadcrumb\":{\"@id\":\"https:\\\/\\\/iberoid.com\\\/it\\\/product\\\/boldoged-premium-line\\\/#breadcrumb\"},\"inLanguage\":\"it-IT\",\"potentialAction\":[{\"@type\":\"ReadAction\",\"target\":[[\"https:\\\/\\\/iberoid.com\\\/it\\\/product\\\/boldoged-premium-line\\\/\"]]}]},{\"@type\":\"ImageObject\",\"inLanguage\":\"it-IT\",\"@id\":\"https:\\\/\\\/iberoid.com\\\/it\\\/product\\\/boldoged-premium-line\\\/#primaryimage\",\"url\":\"https:\\\/\\\/iberoid.com\\\/wp-content\\\/uploads\\\/2024\\\/04\\\/boldp.jpg?v=1712263998\",\"contentUrl\":\"https:\\\/\\\/iberoid.com\\\/wp-content\\\/uploads\\\/2024\\\/04\\\/boldp.jpg?v=1712263998\",\"width\":1280,\"height\":1280,\"caption\":\"BOLDOGED PREMIUM LINE\"},{\"@type\":\"BreadcrumbList\",\"@id\":\"https:\\\/\\\/iberoid.com\\\/it\\\/product\\\/boldoged-premium-line\\\/#breadcrumb\",\"itemListElement\":[{\"@type\":\"ListItem\",\"position\":1,\"name\":\"Portada\",\"item\":\"https:\\\/\\\/iberoid.com\\\/it\\\/\"},{\"@type\":\"ListItem\",\"position\":2,\"name\":\"Negozio\",\"item\":\"https:\\\/\\\/iberoid.com\\\/it\\\/shop\\\/\"},{\"@type\":\"ListItem\",\"position\":3,\"name\":\"BOLDOGED PREMIUM LINE\"}]},{\"@type\":\"WebSite\",\"@id\":\"https:\\\/\\\/iberoid.com\\\/it\\\/#website\",\"url\":\"https:\\\/\\\/iberoid.com\\\/it\\\/\",\"name\":\"Steroidi in linea\",\"description\":\"Acquista steroidi online oggi in Spagna e Portogallo. Abbiamo il miglior servizio clienti del settore e prodotti di altissima qualit\u00e0\",\"potentialAction\":[{\"@type\":\"SearchAction\",\"target\":{\"@type\":\"EntryPoint\",\"urlTemplate\":\"https:\\\/\\\/iberoid.com\\\/it\\\/?s={search_term_string}\"},\"query-input\":{\"@type\":\"PropertyValueSpecification\",\"valueRequired\":true,\"valueName\":\"search_term_string\"}}],\"inLanguage\":\"it-IT\"}]}<\/script>\n<meta property=\"product:brand\" content=\"Euro Prime Pharmaceuticals (EPF)\" \/>\n<meta property=\"product:price:amount\" content=\"45.00\" \/>\n<meta property=\"product:price:currency\" content=\"EUR\" \/>\n<meta property=\"og:availability\" content=\"instock\" \/>\n<meta property=\"product:availability\" content=\"instock\" \/>\n<meta property=\"product:condition\" content=\"new\" \/>\n<!-- \/ Yoast SEO Premium plugin. -->","yoast_head_json":{"title":"BOLDOGED PREMIUM LINE - Steroidi in linea","description":"BOLDOGED PREMIUM LINE, produced by EPF, is a boldenone product that users can easily combine with other steroids, depending on their goals.","robots":{"index":"index","follow":"follow","max-snippet":"max-snippet:-1","max-image-preview":"max-image-preview:large","max-video-preview":"max-video-preview:-1"},"canonical":"https:\/\/iberoid.com\/it\/product\/boldoged-premium-line\/","og_locale":"it_IT","og_type":"article","og_title":"BOLDOGED PREMIUM LINE","og_description":"BOLDOGED PREMIUM LINE, produced by EPF, is a boldenone product that users can easily combine with other steroids, depending on their goals.","og_url":"https:\/\/iberoid.com\/it\/product\/boldoged-premium-line\/","og_site_name":"Steroidi in linea","article_modified_time":"2026-01-25T14:05:03+00:00","og_image":[{"width":1280,"height":1280,"url":"https:\/\/iberoid.com\/wp-content\/uploads\/2024\/04\/boldp.jpg?v=1712263998","type":"image\/jpeg"}],"twitter_card":"summary_large_image","twitter_misc":{"Prezzo":"&euro;45.00","Disponibilit\u00e0":"In stock"},"schema":{"@context":"https:\/\/schema.org","@graph":[{"@type":"WebPage","@id":"https:\/\/iberoid.com\/it\/product\/boldoged-premium-line\/","url":"https:\/\/iberoid.com\/it\/product\/boldoged-premium-line\/","name":"BOLDOGED PREMIUM LINE - Steroidi in linea","isPartOf":{"@id":"https:\/\/iberoid.com\/it\/#website"},"primaryImageOfPage":{"@id":"https:\/\/iberoid.com\/it\/product\/boldoged-premium-line\/#primaryimage"},"image":{"@id":"https:\/\/iberoid.com\/it\/product\/boldoged-premium-line\/#primaryimage"},"thumbnailUrl":"https:\/\/iberoid.com\/wp-content\/uploads\/2024\/04\/boldp.jpg?v=1712263998","datePublished":"2024-04-04T20:54:01+00:00","dateModified":"2026-01-25T14:05:03+00:00","description":"BOLDOGED PREMIUM LINE, produced by EPF, is a boldenone product that users can easily combine with other steroids, depending on their goals.","breadcrumb":{"@id":"https:\/\/iberoid.com\/it\/product\/boldoged-premium-line\/#breadcrumb"},"inLanguage":"it-IT","potentialAction":[{"@type":"ReadAction","target":[["https:\/\/iberoid.com\/it\/product\/boldoged-premium-line\/"]]}]},{"@type":"ImageObject","inLanguage":"it-IT","@id":"https:\/\/iberoid.com\/it\/product\/boldoged-premium-line\/#primaryimage","url":"https:\/\/iberoid.com\/wp-content\/uploads\/2024\/04\/boldp.jpg?v=1712263998","contentUrl":"https:\/\/iberoid.com\/wp-content\/uploads\/2024\/04\/boldp.jpg?v=1712263998","width":1280,"height":1280,"caption":"BOLDOGED PREMIUM LINE"},{"@type":"BreadcrumbList","@id":"https:\/\/iberoid.com\/it\/product\/boldoged-premium-line\/#breadcrumb","itemListElement":[{"@type":"ListItem","position":1,"name":"Portada","item":"https:\/\/iberoid.com\/it\/"},{"@type":"ListItem","position":2,"name":"Negozio","item":"https:\/\/iberoid.com\/it\/shop\/"},{"@type":"ListItem","position":3,"name":"BOLDOGED PREMIUM LINE"}]},{"@type":"WebSite","@id":"https:\/\/iberoid.com\/it\/#website","url":"https:\/\/iberoid.com\/it\/","name":"Steroidi in linea","description":"Acquista steroidi online oggi in Spagna e Portogallo. Abbiamo il miglior servizio clienti del settore e prodotti di altissima qualit\u00e0","potentialAction":[{"@type":"SearchAction","target":{"@type":"EntryPoint","urlTemplate":"https:\/\/iberoid.com\/it\/?s={search_term_string}"},"query-input":{"@type":"PropertyValueSpecification","valueRequired":true,"valueName":"search_term_string"}}],"inLanguage":"it-IT"}]},"product_brand":"Euro Prime Pharmaceuticals (EPF)","product_price_amount":"45.00","product_price_currency":"EUR","og_availability":"instock","product_availability":"instock","product_condition":"new"},"_links":{"self":[{"href":"https:\/\/iberoid.com\/it\/wp-json\/wp\/v2\/product\/9323","targetHints":{"allow":["GET"]}}],"collection":[{"href":"https:\/\/iberoid.com\/it\/wp-json\/wp\/v2\/product"}],"about":[{"href":"https:\/\/iberoid.com\/it\/wp-json\/wp\/v2\/types\/product"}],"replies":[{"embeddable":true,"href":"https:\/\/iberoid.com\/it\/wp-json\/wp\/v2\/comments?post=9323"}],"wp:featuredmedia":[{"embeddable":true,"href":"https:\/\/iberoid.com\/it\/wp-json\/wp\/v2\/media\/9325"}],"wp:attachment":[{"href":"https:\/\/iberoid.com\/it\/wp-json\/wp\/v2\/media?parent=9323"}],"wp:term":[{"taxonomy":"product_brand","embeddable":true,"href":"https:\/\/iberoid.com\/it\/wp-json\/wp\/v2\/product_brand?post=9323"},{"taxonomy":"product_cat","embeddable":true,"href":"https:\/\/iberoid.com\/it\/wp-json\/wp\/v2\/product_cat?post=9323"},{"taxonomy":"product_tag","embeddable":true,"href":"https:\/\/iberoid.com\/it\/wp-json\/wp\/v2\/product_tag?post=9323"}],"curies":[{"name":"wp","href":"https:\/\/api.w.org\/{rel}","templated":true}]}}