{"id":9359,"date":"2024-04-14T11:51:37","date_gmt":"2024-04-14T11:51:37","guid":{"rendered":"https:\/\/iberoid.com\/?post_type=product&#038;p=9359"},"modified":"2025-06-13T12:55:35","modified_gmt":"2025-06-13T12:55:35","slug":"cut-meds-150","status":"publish","type":"product","link":"https:\/\/iberoid.com\/it\/product\/cut-meds-150\/","title":{"rendered":"Cut Meds 150"},"content":{"rendered":"<p>CUT &#8211; STACK 150mg \/ 10<\/p>\n<p>Cut Meds 150 \u00e8 una famosa miscela di tre steroidi: Drostanolone Propionato, Testosterone Propionato e Trenbolone Acetato in forma iniettabile.<br \/>\nIn precedenza, i bodybuilder dovevano combinare questi tre steroidi attivi iniettandoli separatamente, il che comportava assunzioni frequenti e costi molto pi\u00f9 elevati. Ma tutto \u00e8 cambiato con l&#8217;arrivo sul mercato di Cut Meds 150 , poich\u00e9 ha tutto ci\u00f2 di cui hai bisogno in una sola iniezione. Cut Meds 150 ha guadagnato la sua accettazione grazie al fatto che ha mostrato risultati eccellenti durante i cicli di riduzione, stimolando la perdita di grasso e migliorando le prestazioni atletiche e il fisico.<\/p>\n<p>Gli effetti principali di Cut Meds 150<\/p>\n<ul>\n<li>Usando Cut Meds 150, gli atleti possono aumentare il guadagno di massa muscolare magra<\/li>\n<li>Aumentare la forza e le prestazioni di resistenza<\/li>\n<li>Il farmaco aiuta anche a stimolare un recupero pi\u00f9 rapido del tessuto muscolare e ad accelerare significativamente la combustione del grasso sottocutaneo.<\/li>\n<li>Aiuta il drenaggio dei liquidi e richiede un&#8217;attenta attenzione alla salute delle articolazioni e dei legamenti!<\/li>\n<li>La motivazione intrinseca e il desiderio di dare il massimo quando si assume questo farmaco sono incredibilmente alti<\/li>\n<li>Aumento della libido e dell&#8217;energia sessuale durante un lungo ciclo di utilizzo<\/li>\n<\/ul>\n<p><strong>\u00a0<\/strong><\/p>\n<p>Come prendere la miscela di steroidi<\/p>\n<p>Tutti i dosaggi di Cut Meds 150 devono essere assunti in base alle esigenze del corpo, nonch\u00e9 alle caratteristiche individuali del corpo dell&#8217;atleta, alla sua sensibilit\u00e0 e tolleranza ai componenti dello steroide.<\/p>\n<p>Cut Meds 150 contiene : Drostanolone propionato \u2013 50 mg\/ml, Testosterone propionato \u2013 50 mg\/ml, Trenbolone acetato \u2013 50 mg\/ml per 1 ml di soluzione.<\/p>\n<p>I principianti dovrebbero iniziare con una dose di 150 mg una volta alla settimana. Gli atleti pi\u00f9 avanzati dovrebbero usare 300-450 mg a settimana. Questo dosaggio garantisce un&#8217;efficacia sufficiente nel corpo. Atleti professionisti e bodybuilder possono utilizzare 2 ml al giorno di questo farmaco.<\/p>\n<p>Lo steroide pu\u00f2 anche essere combinato con Turinabol , Methenolone, Oxandrolone, ma per la maggior parte delle persone \u00e8 sufficiente solo Cut Meds 150.<\/p>\n<p>Dovresti consultare uno specialista prima di iniziare un ciclo di assunzione dello steroide Cut Meds 150.<\/p>\n<p>Potenziali effetti collaterali<\/p>\n<p>Gli effetti collaterali pi\u00f9 comuni associati all&#8217;assunzione di Cut Meds 150 sono l&#8217;acne, la cessazione temporanea della produzione di testosterone e l&#8217;aumento dei livelli di colesterolo a bassa densit\u00e0. Inoltre, un atleta dovrebbe aggiungere la cabergolina o qualche farmaco simile al corso di questo farmaco. Ci\u00f2 pu\u00f2 eliminare gli effetti negativi causati dalle reazioni progestiniche.<\/p>\n<p>Tuttavia, vale la pena ricordare che per evitare effetti collaterali derivanti dall&#8217;assunzione di questo farmaco, si consiglia di ricorrere alla terapia post-ciclica (PCT), in combinazione con tamoxifene o clomifene, stimolatori del testosterone e vitamine.<\/p>","protected":false},"excerpt":{"rendered":"<p>CUT &#8211; STACK 150mg \/ 10 Cut Meds 150 \u00e8 una famosa miscela di tre steroidi: Drostanolone Propionato, Testosterone Propionato<\/p>\n","protected":false},"featured_media":9361,"comment_status":"open","ping_status":"closed","template":"","meta":[],"product_brand":[],"product_cat":[69],"product_tag":[],"class_list":{"0":"post-9359","1":"product","2":"type-product","3":"status-publish","4":"has-post-thumbnail","6":"product_cat-esteroides_inyectables","8":"first","9":"outofstock","10":"sale","11":"shipping-taxable","12":"purchasable","13":"product-type-simple"},"yoast_head":"<!-- This site is optimized with the Yoast SEO Premium plugin v24.4 (Yoast SEO v27.3) - https:\/\/yoast.com\/product\/yoast-seo-premium-wordpress\/ -->\n<title>Cut Meds 150 - buy online at Steroidi in linea<\/title>\n<meta name=\"description\" content=\"Cut Meds 150 is a famous blend of three steroids \u2013 Drostanolone Propionate, Testosterone Propionate and Trenbolone Acetate in injectable form.\" \/>\n<meta name=\"robots\" content=\"index, follow, max-snippet:-1, max-image-preview:large, max-video-preview:-1\" \/>\n<link rel=\"canonical\" href=\"https:\/\/iberoid.com\/it\/product\/cut-meds-150\/\" \/>\n<meta property=\"og:locale\" content=\"it_IT\" \/>\n<meta property=\"og:type\" content=\"article\" \/>\n<meta property=\"og:title\" content=\"Cut Meds 150\" \/>\n<meta property=\"og:description\" content=\"Cut Meds 150 is a famous blend of three steroids \u2013 Drostanolone Propionate, Testosterone Propionate and Trenbolone Acetate in injectable form.\" \/>\n<meta property=\"og:url\" content=\"https:\/\/iberoid.com\/it\/product\/cut-meds-150\/\" \/>\n<meta property=\"og:site_name\" content=\"Steroidi in linea\" \/>\n<meta property=\"article:modified_time\" content=\"2025-06-13T12:55:35+00:00\" \/>\n<meta property=\"og:image\" content=\"https:\/\/iberoid.com\/wp-content\/uploads\/2024\/04\/1cut.jpg?v=1713095473\" \/>\n\t<meta property=\"og:image:width\" content=\"2048\" \/>\n\t<meta property=\"og:image:height\" content=\"1536\" \/>\n\t<meta property=\"og:image:type\" content=\"image\/jpeg\" \/>\n<meta name=\"twitter:card\" content=\"summary_large_image\" \/>\n<meta name=\"twitter:label1\" content=\"Prezzo\" \/>\n\t<meta name=\"twitter:data1\" content=\"&euro;50.00\" \/>\n\t<meta name=\"twitter:label2\" content=\"Disponibilit\u00e0\" \/>\n\t<meta name=\"twitter:data2\" content=\"Esaurito\" \/>\n<script type=\"application\/ld+json\" class=\"yoast-schema-graph\">{\"@context\":\"https:\\\/\\\/schema.org\",\"@graph\":[{\"@type\":\"WebPage\",\"@id\":\"https:\\\/\\\/iberoid.com\\\/it\\\/product\\\/cut-meds-150\\\/\",\"url\":\"https:\\\/\\\/iberoid.com\\\/it\\\/product\\\/cut-meds-150\\\/\",\"name\":\"Cut Meds 150 - buy online at Steroidi in linea\",\"isPartOf\":{\"@id\":\"https:\\\/\\\/iberoid.com\\\/it\\\/#website\"},\"primaryImageOfPage\":{\"@id\":\"https:\\\/\\\/iberoid.com\\\/it\\\/product\\\/cut-meds-150\\\/#primaryimage\"},\"image\":{\"@id\":\"https:\\\/\\\/iberoid.com\\\/it\\\/product\\\/cut-meds-150\\\/#primaryimage\"},\"thumbnailUrl\":\"https:\\\/\\\/iberoid.com\\\/wp-content\\\/uploads\\\/2024\\\/04\\\/1cut.jpg?v=1713095473\",\"datePublished\":\"2024-04-14T11:51:37+00:00\",\"dateModified\":\"2025-06-13T12:55:35+00:00\",\"description\":\"Cut Meds 150 is a famous blend of three steroids \u2013 Drostanolone Propionate, Testosterone Propionate and Trenbolone Acetate in injectable form.\",\"breadcrumb\":{\"@id\":\"https:\\\/\\\/iberoid.com\\\/it\\\/product\\\/cut-meds-150\\\/#breadcrumb\"},\"inLanguage\":\"it-IT\",\"potentialAction\":[{\"@type\":\"ReadAction\",\"target\":[[\"https:\\\/\\\/iberoid.com\\\/it\\\/product\\\/cut-meds-150\\\/\"]]}]},{\"@type\":\"ImageObject\",\"inLanguage\":\"it-IT\",\"@id\":\"https:\\\/\\\/iberoid.com\\\/it\\\/product\\\/cut-meds-150\\\/#primaryimage\",\"url\":\"https:\\\/\\\/iberoid.com\\\/wp-content\\\/uploads\\\/2024\\\/04\\\/1cut.jpg?v=1713095473\",\"contentUrl\":\"https:\\\/\\\/iberoid.com\\\/wp-content\\\/uploads\\\/2024\\\/04\\\/1cut.jpg?v=1713095473\",\"width\":2048,\"height\":1536,\"caption\":\"Cut Meds 150\"},{\"@type\":\"BreadcrumbList\",\"@id\":\"https:\\\/\\\/iberoid.com\\\/it\\\/product\\\/cut-meds-150\\\/#breadcrumb\",\"itemListElement\":[{\"@type\":\"ListItem\",\"position\":1,\"name\":\"Portada\",\"item\":\"https:\\\/\\\/iberoid.com\\\/it\\\/\"},{\"@type\":\"ListItem\",\"position\":2,\"name\":\"Negozio\",\"item\":\"https:\\\/\\\/iberoid.com\\\/it\\\/shop\\\/\"},{\"@type\":\"ListItem\",\"position\":3,\"name\":\"Cut Meds 150\"}]},{\"@type\":\"WebSite\",\"@id\":\"https:\\\/\\\/iberoid.com\\\/it\\\/#website\",\"url\":\"https:\\\/\\\/iberoid.com\\\/it\\\/\",\"name\":\"Steroidi in linea\",\"description\":\"Acquista steroidi online oggi in Spagna e Portogallo. Abbiamo il miglior servizio clienti del settore e prodotti di altissima qualit\u00e0\",\"potentialAction\":[{\"@type\":\"SearchAction\",\"target\":{\"@type\":\"EntryPoint\",\"urlTemplate\":\"https:\\\/\\\/iberoid.com\\\/it\\\/?s={search_term_string}\"},\"query-input\":{\"@type\":\"PropertyValueSpecification\",\"valueRequired\":true,\"valueName\":\"search_term_string\"}}],\"inLanguage\":\"it-IT\"}]}<\/script>\n<meta property=\"product:brand\" content=\"Vitality Meds\" \/>\n<meta property=\"product:price:amount\" content=\"50.00\" \/>\n<meta property=\"product:price:currency\" content=\"EUR\" \/>\n<meta property=\"og:availability\" content=\"out of stock\" \/>\n<meta property=\"product:availability\" content=\"out of stock\" \/>\n<meta property=\"product:condition\" content=\"new\" \/>\n<!-- \/ Yoast SEO Premium plugin. -->","yoast_head_json":{"title":"Cut Meds 150 - buy online at Steroidi in linea","description":"Cut Meds 150 is a famous blend of three steroids \u2013 Drostanolone Propionate, Testosterone Propionate and Trenbolone Acetate in injectable form.","robots":{"index":"index","follow":"follow","max-snippet":"max-snippet:-1","max-image-preview":"max-image-preview:large","max-video-preview":"max-video-preview:-1"},"canonical":"https:\/\/iberoid.com\/it\/product\/cut-meds-150\/","og_locale":"it_IT","og_type":"article","og_title":"Cut Meds 150","og_description":"Cut Meds 150 is a famous blend of three steroids \u2013 Drostanolone Propionate, Testosterone Propionate and Trenbolone Acetate in injectable form.","og_url":"https:\/\/iberoid.com\/it\/product\/cut-meds-150\/","og_site_name":"Steroidi in linea","article_modified_time":"2025-06-13T12:55:35+00:00","og_image":[{"width":2048,"height":1536,"url":"https:\/\/iberoid.com\/wp-content\/uploads\/2024\/04\/1cut.jpg?v=1713095473","type":"image\/jpeg"}],"twitter_card":"summary_large_image","twitter_misc":{"Prezzo":"&euro;50.00","Disponibilit\u00e0":"Esaurito"},"schema":{"@context":"https:\/\/schema.org","@graph":[{"@type":"WebPage","@id":"https:\/\/iberoid.com\/it\/product\/cut-meds-150\/","url":"https:\/\/iberoid.com\/it\/product\/cut-meds-150\/","name":"Cut Meds 150 - buy online at Steroidi in linea","isPartOf":{"@id":"https:\/\/iberoid.com\/it\/#website"},"primaryImageOfPage":{"@id":"https:\/\/iberoid.com\/it\/product\/cut-meds-150\/#primaryimage"},"image":{"@id":"https:\/\/iberoid.com\/it\/product\/cut-meds-150\/#primaryimage"},"thumbnailUrl":"https:\/\/iberoid.com\/wp-content\/uploads\/2024\/04\/1cut.jpg?v=1713095473","datePublished":"2024-04-14T11:51:37+00:00","dateModified":"2025-06-13T12:55:35+00:00","description":"Cut Meds 150 is a famous blend of three steroids \u2013 Drostanolone Propionate, Testosterone Propionate and Trenbolone Acetate in injectable form.","breadcrumb":{"@id":"https:\/\/iberoid.com\/it\/product\/cut-meds-150\/#breadcrumb"},"inLanguage":"it-IT","potentialAction":[{"@type":"ReadAction","target":[["https:\/\/iberoid.com\/it\/product\/cut-meds-150\/"]]}]},{"@type":"ImageObject","inLanguage":"it-IT","@id":"https:\/\/iberoid.com\/it\/product\/cut-meds-150\/#primaryimage","url":"https:\/\/iberoid.com\/wp-content\/uploads\/2024\/04\/1cut.jpg?v=1713095473","contentUrl":"https:\/\/iberoid.com\/wp-content\/uploads\/2024\/04\/1cut.jpg?v=1713095473","width":2048,"height":1536,"caption":"Cut Meds 150"},{"@type":"BreadcrumbList","@id":"https:\/\/iberoid.com\/it\/product\/cut-meds-150\/#breadcrumb","itemListElement":[{"@type":"ListItem","position":1,"name":"Portada","item":"https:\/\/iberoid.com\/it\/"},{"@type":"ListItem","position":2,"name":"Negozio","item":"https:\/\/iberoid.com\/it\/shop\/"},{"@type":"ListItem","position":3,"name":"Cut Meds 150"}]},{"@type":"WebSite","@id":"https:\/\/iberoid.com\/it\/#website","url":"https:\/\/iberoid.com\/it\/","name":"Steroidi in linea","description":"Acquista steroidi online oggi in Spagna e Portogallo. Abbiamo il miglior servizio clienti del settore e prodotti di altissima qualit\u00e0","potentialAction":[{"@type":"SearchAction","target":{"@type":"EntryPoint","urlTemplate":"https:\/\/iberoid.com\/it\/?s={search_term_string}"},"query-input":{"@type":"PropertyValueSpecification","valueRequired":true,"valueName":"search_term_string"}}],"inLanguage":"it-IT"}]},"product_brand":"Vitality Meds","product_price_amount":"50.00","product_price_currency":"EUR","og_availability":"out of stock","product_availability":"out of stock","product_condition":"new"},"_links":{"self":[{"href":"https:\/\/iberoid.com\/it\/wp-json\/wp\/v2\/product\/9359","targetHints":{"allow":["GET"]}}],"collection":[{"href":"https:\/\/iberoid.com\/it\/wp-json\/wp\/v2\/product"}],"about":[{"href":"https:\/\/iberoid.com\/it\/wp-json\/wp\/v2\/types\/product"}],"replies":[{"embeddable":true,"href":"https:\/\/iberoid.com\/it\/wp-json\/wp\/v2\/comments?post=9359"}],"wp:featuredmedia":[{"embeddable":true,"href":"https:\/\/iberoid.com\/it\/wp-json\/wp\/v2\/media\/9361"}],"wp:attachment":[{"href":"https:\/\/iberoid.com\/it\/wp-json\/wp\/v2\/media?parent=9359"}],"wp:term":[{"taxonomy":"product_brand","embeddable":true,"href":"https:\/\/iberoid.com\/it\/wp-json\/wp\/v2\/product_brand?post=9359"},{"taxonomy":"product_cat","embeddable":true,"href":"https:\/\/iberoid.com\/it\/wp-json\/wp\/v2\/product_cat?post=9359"},{"taxonomy":"product_tag","embeddable":true,"href":"https:\/\/iberoid.com\/it\/wp-json\/wp\/v2\/product_tag?post=9359"}],"curies":[{"name":"wp","href":"https:\/\/api.w.org\/{rel}","templated":true}]}}