{"id":9365,"date":"2024-04-14T12:07:26","date_gmt":"2024-04-14T12:07:26","guid":{"rendered":"https:\/\/iberoid.com\/?post_type=product&#038;p=9365"},"modified":"2024-09-07T18:33:48","modified_gmt":"2024-09-07T18:33:48","slug":"cypio-meds-250-testosterone-cypionate","status":"publish","type":"product","link":"https:\/\/iberoid.com\/it\/product\/cypio-meds-250-testosterone-cypionate\/","title":{"rendered":"Cypio Meds 250 (Testosterone cypionate)"},"content":{"rendered":"<p>TESTO &#8211; CYPIONATE 250mg \/ 10 fiale<\/p>\n<p>Cypio Meds 250 (Testosterone cypionate) \u00e8 un lungo estere del testosterone. L&#8217;emivita del suo componente attivo \u00e8 di 15-16 giorni (l&#8217;emivita effettiva \u00e8 di 6-8 giorni). Questo steroide anabolizzante \u00e8 un iniettabile a base di olio. A causa della sua emivita pi\u00f9 lunga, l\u2019agente attivo pu\u00f2 causare una maggiore ritenzione di liquidi rispetto ad altri farmaci steroidei. Cypionate \u00e8 <strong>spesso utilizzato per la crescita muscolare come parte di cicli misti.<\/strong><\/p>\n<p>Il testosterone cypionate agisce influenzando i recettori anabolici (come qualsiasi altro estere di testosterone). Di conseguenza, c\u2019\u00e8 una maggiore conservazione dell\u2019azoto \u2013 il principale materiale da costruzione per la produzione delle proteine muscolari.<\/p>\n<p><strong>BENEFICI DEL TESTOSTERONE CYPIONATO<\/strong><\/p>\n<p>Cypio Meds 250 produce effetti simili al testosterone naturale, il principale ormone sessuale maschile responsabile delle capacit\u00e0 pi\u00f9 emotive e fisiche di una persona. Provoca aggressivit\u00e0, stimola la crescita muscolare, migliora il desiderio sessuale e rende la voce pi\u00f9 rauca. Gli effetti principali dello steroide includono:<\/p>\n<ul>\n<li><strong>Sviluppo rapido dei muscoli. <\/strong>Il processo di iniezione provoca una sostanziale idratazione cellulare e l&#8217;acqua \u00e8 responsabile di una parte significativa della massa muscolare acquisita. Ci\u00f2 rende i muscoli pi\u00f9 attraenti, ma una volta terminato il processo, ci\u00f2 si traduce in battute d&#8217;arresto. Il fluido cumulativo \u00e8 1\/3 dello sviluppo totale del muscolo.<\/li>\n<li><strong>Migliori prestazioni di forza.<\/strong><\/li>\n<li>Aumento dello sviluppo dei globuli rossi. L&#8217;aumento dell&#8217;ossigeno nel sangue consente <strong>un funzionamento pi\u00f9 efficace del tessuto muscolare <\/strong>, aumentando cos\u00ec la resistenza degli atleti. Il miglioramento del numero dei globuli rossi facilita anche una riabilitazione pi\u00f9 rapida dopo un allenamento intensivo.<\/li>\n<li><strong>Miglioramento del desiderio sessuale e della formazione dello sperma.<\/strong><\/li>\n<li>Migliore metabolismo del fosforo.<\/li>\n<li>Il numero di proteine prodotte spesso supera il numero di molecole in decomposizione, garantendo un bilancio di azoto positivo.<\/li>\n<\/ul>\n<p>Un singolo ciclo di farmaci pu\u00f2 portare ad una massa muscolare di 12 kg e ad un aumento delle prestazioni di forza del 10-15%. Il testosterone cypionate colpisce e allarga le fibre muscolari. Ci\u00f2 \u00e8 dovuto ai caratteristici processi fisiologici del farmaco. Il componente attivo mantiene i muscoli acquisiti sopprimendo l&#8217;azione degli ormoni glucocorticoidi che causano l&#8217;atrofia muscolare naturale (effetti del catabolismo).<\/p>\n<p>Lo svantaggio principale dell\u2019uso del testosterone cypionate \u00e8 la sua tendenza all\u2019aromatizzazione \u2013 la conversione del testosterone in estrogeni. Caratteristiche femminili come ginecomastia (irrigidimento e gonfiore dei tessuti nella regione del capezzolo), gonfiore dovuto a ritenzione di liquidi, accumulo di grasso corporeo di tipo femminile (nelle zone addominale e dell&#8217;anca), diminuzione dell&#8217;attivit\u00e0 sessuale e atrofia testicolare possono iniziare a manifestarsi quando un grande quantit\u00e0 di estrogeni si osserva nel corpo di un uomo.<\/p>\n<p><strong>POSSIBILI EFFETTI COLLATERALI DEL TESTOSTERONE CYPIONATO<\/strong><\/p>\n<p>Le reazioni avverse derivanti dall&#8217;uso dello steroide iniettabile sono infatti androgene, evidenziate dalla rapida trasformazione della sostanza nella forma attiva del diidrotestosterone. Un ciclo di farmaci pu\u00f2 portare a ipertensione, crescita eccessiva di peli (peli sul corpo e sul viso), perdita di capelli, pelle grassa, acne. Gli antiestrogeni vengono utilizzati per inibire la produzione di estrogeni. Ad esempio, 10 mg di tamoxifene al giorno a partire dalla seconda settimana del ciclo e fino a 2 settimane dopo il completamento del ciclo di iniezioni.<\/p>\n<p>Tuttavia, durante tale ciclo, si consiglia di utilizzare inibitori dell&#8217;aromatasi come Proviron , Anastrozolo o altri. Una volta completato l&#8217;uso del cypionate, Proviron deve essere sostituito con tamoxifene per ripristinare la produzione naturale di testosterone. L&#8217;uso di antiestrogeni comporta una minore ritenzione di liquidi nel tessuto muscolare e una diminuzione del rischio di sviluppo di ginecomastia.<\/p>\n<p>Se la durata dell&#8217;uso di testosterone cypionate raggiunge le 4 settimane, l&#8217;uso dell&#8217;ormone gonadotropo corionico viene prescritto a 500 UI una volta alla settimana per tutto il ciclo e 2 settimane dopo il completamento, a partire dalla settimana 3.<\/p>\n<p><strong>SOMMINISTRAZIONE E DOSAGGIO DEL TESTOSTERONE CYPIONATO<\/strong><\/p>\n<p>Le iniezioni dovrebbero essere effettuate una volta alla settimana. Le iniezioni possono essere rese meno regolari a causa del tempo di azione dello steroide, ma ci\u00f2 non ridurr\u00e0 l&#8217;elevata concentrazione costante del principio attivo. Dosaggio consigliato: 250-500 mg. L&#8217;aumento della dose a 800 mg non intensificher\u00e0 gli effetti anabolizzanti, ma porter\u00e0 a reazioni avverse. Il dosaggio settimanale pu\u00f2 essere suddiviso in due ricoveri effettuati in giorni feriali diversi. La durata del ciclo \u00e8 di 5-6 settimane.<\/p>","protected":false},"excerpt":{"rendered":"<p>TESTO &#8211; CYPIONATE 250mg \/ 10 fiale Cypio Meds 250 (Testosterone cypionate) \u00e8 un lungo estere del testosterone. L&#8217;emivita del<\/p>\n","protected":false},"featured_media":9367,"comment_status":"open","ping_status":"closed","template":"","meta":[],"product_brand":[],"product_cat":[69],"product_tag":[],"class_list":{"0":"post-9365","1":"product","2":"type-product","3":"status-publish","4":"has-post-thumbnail","6":"product_cat-esteroides_inyectables","8":"first","9":"outofstock","10":"sale","11":"shipping-taxable","12":"purchasable","13":"product-type-simple"},"yoast_head":"<!-- This site is optimized with the Yoast SEO Premium plugin v24.4 (Yoast SEO v27.3) - https:\/\/yoast.com\/product\/yoast-seo-premium-wordpress\/ -->\n<title>Cypio Meds 250 (Testosterone cypionate) - buy online at Steroidi in linea<\/title>\n<meta name=\"description\" content=\"Cypio Meds 250 (Testosterone cypionate) works by affecting the anabolic receptors (like any other testosterone ester). As a result, there is more nitrogen\" \/>\n<meta name=\"robots\" content=\"index, follow, max-snippet:-1, max-image-preview:large, max-video-preview:-1\" \/>\n<link rel=\"canonical\" href=\"https:\/\/iberoid.com\/it\/product\/cypio-meds-250-testosterone-cypionate\/\" \/>\n<meta property=\"og:locale\" content=\"it_IT\" \/>\n<meta property=\"og:type\" content=\"article\" \/>\n<meta property=\"og:title\" content=\"Cypio Meds 250 (Testosterone cypionate)\" \/>\n<meta property=\"og:description\" content=\"Cypio Meds 250 (Testosterone cypionate) works by affecting the anabolic receptors (like any other testosterone ester). As a result, there is more nitrogen\" \/>\n<meta property=\"og:url\" content=\"https:\/\/iberoid.com\/it\/product\/cypio-meds-250-testosterone-cypionate\/\" \/>\n<meta property=\"og:site_name\" content=\"Steroidi in linea\" \/>\n<meta property=\"article:modified_time\" content=\"2024-09-07T18:33:48+00:00\" \/>\n<meta property=\"og:image\" content=\"https:\/\/iberoid.com\/wp-content\/uploads\/2024\/04\/1cip.jpg?v=1713096439\" \/>\n\t<meta property=\"og:image:width\" content=\"2048\" \/>\n\t<meta property=\"og:image:height\" content=\"1457\" \/>\n\t<meta property=\"og:image:type\" content=\"image\/jpeg\" \/>\n<meta name=\"twitter:card\" content=\"summary_large_image\" \/>\n<meta name=\"twitter:label1\" content=\"Prezzo\" \/>\n\t<meta name=\"twitter:data1\" content=\"&euro;30.00\" \/>\n\t<meta name=\"twitter:label2\" content=\"Disponibilit\u00e0\" \/>\n\t<meta name=\"twitter:data2\" content=\"Esaurito\" \/>\n<script type=\"application\/ld+json\" class=\"yoast-schema-graph\">{\"@context\":\"https:\\\/\\\/schema.org\",\"@graph\":[{\"@type\":\"WebPage\",\"@id\":\"https:\\\/\\\/iberoid.com\\\/it\\\/product\\\/cypio-meds-250-testosterone-cypionate\\\/\",\"url\":\"https:\\\/\\\/iberoid.com\\\/it\\\/product\\\/cypio-meds-250-testosterone-cypionate\\\/\",\"name\":\"Cypio Meds 250 (Testosterone cypionate) - buy online at Steroidi in linea\",\"isPartOf\":{\"@id\":\"https:\\\/\\\/iberoid.com\\\/it\\\/#website\"},\"primaryImageOfPage\":{\"@id\":\"https:\\\/\\\/iberoid.com\\\/it\\\/product\\\/cypio-meds-250-testosterone-cypionate\\\/#primaryimage\"},\"image\":{\"@id\":\"https:\\\/\\\/iberoid.com\\\/it\\\/product\\\/cypio-meds-250-testosterone-cypionate\\\/#primaryimage\"},\"thumbnailUrl\":\"https:\\\/\\\/iberoid.com\\\/wp-content\\\/uploads\\\/2024\\\/04\\\/1cip.jpg?v=1713096439\",\"datePublished\":\"2024-04-14T12:07:26+00:00\",\"dateModified\":\"2024-09-07T18:33:48+00:00\",\"description\":\"Cypio Meds 250 (Testosterone cypionate) works by affecting the anabolic receptors (like any other testosterone ester). As a result, there is more nitrogen\",\"breadcrumb\":{\"@id\":\"https:\\\/\\\/iberoid.com\\\/it\\\/product\\\/cypio-meds-250-testosterone-cypionate\\\/#breadcrumb\"},\"inLanguage\":\"it-IT\",\"potentialAction\":[{\"@type\":\"ReadAction\",\"target\":[[\"https:\\\/\\\/iberoid.com\\\/it\\\/product\\\/cypio-meds-250-testosterone-cypionate\\\/\"]]}]},{\"@type\":\"ImageObject\",\"inLanguage\":\"it-IT\",\"@id\":\"https:\\\/\\\/iberoid.com\\\/it\\\/product\\\/cypio-meds-250-testosterone-cypionate\\\/#primaryimage\",\"url\":\"https:\\\/\\\/iberoid.com\\\/wp-content\\\/uploads\\\/2024\\\/04\\\/1cip.jpg?v=1713096439\",\"contentUrl\":\"https:\\\/\\\/iberoid.com\\\/wp-content\\\/uploads\\\/2024\\\/04\\\/1cip.jpg?v=1713096439\",\"width\":2048,\"height\":1457,\"caption\":\"Cypio Meds 250 (Testosterone cypionate)\"},{\"@type\":\"BreadcrumbList\",\"@id\":\"https:\\\/\\\/iberoid.com\\\/it\\\/product\\\/cypio-meds-250-testosterone-cypionate\\\/#breadcrumb\",\"itemListElement\":[{\"@type\":\"ListItem\",\"position\":1,\"name\":\"Portada\",\"item\":\"https:\\\/\\\/iberoid.com\\\/it\\\/\"},{\"@type\":\"ListItem\",\"position\":2,\"name\":\"Negozio\",\"item\":\"https:\\\/\\\/iberoid.com\\\/it\\\/shop\\\/\"},{\"@type\":\"ListItem\",\"position\":3,\"name\":\"Cypio Meds 250 (Testosterone cypionate)\"}]},{\"@type\":\"WebSite\",\"@id\":\"https:\\\/\\\/iberoid.com\\\/it\\\/#website\",\"url\":\"https:\\\/\\\/iberoid.com\\\/it\\\/\",\"name\":\"Steroidi in linea\",\"description\":\"Acquista steroidi online oggi in Spagna e Portogallo. Abbiamo il miglior servizio clienti del settore e prodotti di altissima qualit\u00e0\",\"potentialAction\":[{\"@type\":\"SearchAction\",\"target\":{\"@type\":\"EntryPoint\",\"urlTemplate\":\"https:\\\/\\\/iberoid.com\\\/it\\\/?s={search_term_string}\"},\"query-input\":{\"@type\":\"PropertyValueSpecification\",\"valueRequired\":true,\"valueName\":\"search_term_string\"}}],\"inLanguage\":\"it-IT\"}]}<\/script>\n<meta property=\"product:brand\" content=\"Vitality Meds\" \/>\n<meta property=\"product:price:amount\" content=\"30.00\" \/>\n<meta property=\"product:price:currency\" content=\"EUR\" \/>\n<meta property=\"og:availability\" content=\"out of stock\" \/>\n<meta property=\"product:availability\" content=\"out of stock\" \/>\n<meta property=\"product:condition\" content=\"new\" \/>\n<!-- \/ Yoast SEO Premium plugin. -->","yoast_head_json":{"title":"Cypio Meds 250 (Testosterone cypionate) - buy online at Steroidi in linea","description":"Cypio Meds 250 (Testosterone cypionate) works by affecting the anabolic receptors (like any other testosterone ester). As a result, there is more nitrogen","robots":{"index":"index","follow":"follow","max-snippet":"max-snippet:-1","max-image-preview":"max-image-preview:large","max-video-preview":"max-video-preview:-1"},"canonical":"https:\/\/iberoid.com\/it\/product\/cypio-meds-250-testosterone-cypionate\/","og_locale":"it_IT","og_type":"article","og_title":"Cypio Meds 250 (Testosterone cypionate)","og_description":"Cypio Meds 250 (Testosterone cypionate) works by affecting the anabolic receptors (like any other testosterone ester). As a result, there is more nitrogen","og_url":"https:\/\/iberoid.com\/it\/product\/cypio-meds-250-testosterone-cypionate\/","og_site_name":"Steroidi in linea","article_modified_time":"2024-09-07T18:33:48+00:00","og_image":[{"width":2048,"height":1457,"url":"https:\/\/iberoid.com\/wp-content\/uploads\/2024\/04\/1cip.jpg?v=1713096439","type":"image\/jpeg"}],"twitter_card":"summary_large_image","twitter_misc":{"Prezzo":"&euro;30.00","Disponibilit\u00e0":"Esaurito"},"schema":{"@context":"https:\/\/schema.org","@graph":[{"@type":"WebPage","@id":"https:\/\/iberoid.com\/it\/product\/cypio-meds-250-testosterone-cypionate\/","url":"https:\/\/iberoid.com\/it\/product\/cypio-meds-250-testosterone-cypionate\/","name":"Cypio Meds 250 (Testosterone cypionate) - buy online at Steroidi in linea","isPartOf":{"@id":"https:\/\/iberoid.com\/it\/#website"},"primaryImageOfPage":{"@id":"https:\/\/iberoid.com\/it\/product\/cypio-meds-250-testosterone-cypionate\/#primaryimage"},"image":{"@id":"https:\/\/iberoid.com\/it\/product\/cypio-meds-250-testosterone-cypionate\/#primaryimage"},"thumbnailUrl":"https:\/\/iberoid.com\/wp-content\/uploads\/2024\/04\/1cip.jpg?v=1713096439","datePublished":"2024-04-14T12:07:26+00:00","dateModified":"2024-09-07T18:33:48+00:00","description":"Cypio Meds 250 (Testosterone cypionate) works by affecting the anabolic receptors (like any other testosterone ester). As a result, there is more nitrogen","breadcrumb":{"@id":"https:\/\/iberoid.com\/it\/product\/cypio-meds-250-testosterone-cypionate\/#breadcrumb"},"inLanguage":"it-IT","potentialAction":[{"@type":"ReadAction","target":[["https:\/\/iberoid.com\/it\/product\/cypio-meds-250-testosterone-cypionate\/"]]}]},{"@type":"ImageObject","inLanguage":"it-IT","@id":"https:\/\/iberoid.com\/it\/product\/cypio-meds-250-testosterone-cypionate\/#primaryimage","url":"https:\/\/iberoid.com\/wp-content\/uploads\/2024\/04\/1cip.jpg?v=1713096439","contentUrl":"https:\/\/iberoid.com\/wp-content\/uploads\/2024\/04\/1cip.jpg?v=1713096439","width":2048,"height":1457,"caption":"Cypio Meds 250 (Testosterone cypionate)"},{"@type":"BreadcrumbList","@id":"https:\/\/iberoid.com\/it\/product\/cypio-meds-250-testosterone-cypionate\/#breadcrumb","itemListElement":[{"@type":"ListItem","position":1,"name":"Portada","item":"https:\/\/iberoid.com\/it\/"},{"@type":"ListItem","position":2,"name":"Negozio","item":"https:\/\/iberoid.com\/it\/shop\/"},{"@type":"ListItem","position":3,"name":"Cypio Meds 250 (Testosterone cypionate)"}]},{"@type":"WebSite","@id":"https:\/\/iberoid.com\/it\/#website","url":"https:\/\/iberoid.com\/it\/","name":"Steroidi in linea","description":"Acquista steroidi online oggi in Spagna e Portogallo. Abbiamo il miglior servizio clienti del settore e prodotti di altissima qualit\u00e0","potentialAction":[{"@type":"SearchAction","target":{"@type":"EntryPoint","urlTemplate":"https:\/\/iberoid.com\/it\/?s={search_term_string}"},"query-input":{"@type":"PropertyValueSpecification","valueRequired":true,"valueName":"search_term_string"}}],"inLanguage":"it-IT"}]},"product_brand":"Vitality Meds","product_price_amount":"30.00","product_price_currency":"EUR","og_availability":"out of stock","product_availability":"out of stock","product_condition":"new"},"_links":{"self":[{"href":"https:\/\/iberoid.com\/it\/wp-json\/wp\/v2\/product\/9365","targetHints":{"allow":["GET"]}}],"collection":[{"href":"https:\/\/iberoid.com\/it\/wp-json\/wp\/v2\/product"}],"about":[{"href":"https:\/\/iberoid.com\/it\/wp-json\/wp\/v2\/types\/product"}],"replies":[{"embeddable":true,"href":"https:\/\/iberoid.com\/it\/wp-json\/wp\/v2\/comments?post=9365"}],"wp:featuredmedia":[{"embeddable":true,"href":"https:\/\/iberoid.com\/it\/wp-json\/wp\/v2\/media\/9367"}],"wp:attachment":[{"href":"https:\/\/iberoid.com\/it\/wp-json\/wp\/v2\/media?parent=9365"}],"wp:term":[{"taxonomy":"product_brand","embeddable":true,"href":"https:\/\/iberoid.com\/it\/wp-json\/wp\/v2\/product_brand?post=9365"},{"taxonomy":"product_cat","embeddable":true,"href":"https:\/\/iberoid.com\/it\/wp-json\/wp\/v2\/product_cat?post=9365"},{"taxonomy":"product_tag","embeddable":true,"href":"https:\/\/iberoid.com\/it\/wp-json\/wp\/v2\/product_tag?post=9365"}],"curies":[{"name":"wp","href":"https:\/\/api.w.org\/{rel}","templated":true}]}}