{"id":9583,"date":"2024-07-28T18:38:15","date_gmt":"2024-07-28T18:38:15","guid":{"rendered":"https:\/\/iberoid.com\/?post_type=product&#038;p=9583"},"modified":"2026-03-29T16:19:19","modified_gmt":"2026-03-29T16:19:19","slug":"dostiheal-cabergolina","status":"publish","type":"product","link":"https:\/\/iberoid.com\/it\/product\/dostiheal-cabergolina\/","title":{"rendered":"DOSTIHEAL \/ CABERGOLINA"},"content":{"rendered":"<p><strong>DOSTIHEAL \/ CABERGOLINA 0,50X4 compresse.<\/strong><\/p>\n<p>Dostiheal 0,5 compresse orali di cabergolina trattano la malattia con prolattina elevata. Una prolattina anormalmente elevata pu\u00f2 causare cambiamenti mestruali nelle donne, impotenza negli uomini e cambiamenti nel seno in entrambi i sessi.<\/p>\n<p>Un alto livello di prolattina provoca infertilit\u00e0 negli uomini e nelle donne e il rischio di tumori ipofisari. Dostiheal 0,5 pu\u00f2 essere prescritto anche per sopprimere la produzione di latte nelle donne dopo il parto.<\/p>\n<p>Dostihea 0,5 viene utilizzato per interrompere il latte, svezzare ed eliminare il latte in caso di bambini in svezzamento, come prescritto da un medico.<\/p>\n<p>Chiedi al tuo medico se hai domande sul motivo per cui ti \u00e8 stato prescritto questo farmaco.<\/p>\n<p>Il tuo medico potrebbe avertelo prescritto per un altro motivo.<\/p>\n<p>Dostinex \u00e8 disponibile solo con prescrizione medica.<\/p>\n<p><strong>Quali effetti ha Dostiheal 0.5? meccanismo?<\/strong><\/p>\n<p>Meccanismo di azione:<\/p>\n<p>La secrezione di prolattina da parte dell&#8217;ipofisi anteriore \u00e8 principalmente sotto il controllo dell&#8217;inibizione ipotalamica. La prolattina viene secreta attraverso il rilascio di dopamina da parte dei neuroni spinali.<\/p>\n<p>La cabergolina \u00e8 un agonista dei recettori della dopamina a lunga durata d&#8217;azione con elevata affinit\u00e0 per i recettori D2.<\/p>\n<p><strong>Dosaggio e modalit\u00e0 d&#8217;uso DOSTIHEAL \/ CABERGOLINA<\/strong><\/p>\n<p><strong>Trattamento dei disturbi dell&#8217;iperprolattinemia<\/strong><\/p>\n<p>Utilizzare la cabergolina per trattare le disfunzioni associate all&#8217;iperprolattinemia, come amenorrea, dismenorrea, problemi di ovulazione e galattorrea. Inoltre, i medici prescrivono la cabergolina ai pazienti con adenomi ipofisari secernenti prolattina (sia microscopici che macroscopici), iperprolattinemia idiopatica o semivuoto sindrome della sella con iperprolattinemia. Queste condizioni contribuiscono alle manifestazioni cliniche sopra menzionate.<\/p>\n<p>Inoltre, quando somministrata cronicamente, la cabergolina alla dose di 1-2 mg a settimana \u00e8 efficace nel normalizzare le concentrazioni sieriche di prolattina in circa l&#8217;84% dei pazienti iperprolattinemici.<\/p>\n<p>Inoltre, i cicli mestruali regolari sono ripresi nell\u201983% delle donne che in precedenza avevano perso il ciclo mestruale. Il ripristino dell&#8217;ovulazione \u00e8 stato notato nell&#8217;89% delle donne i cui livelli di progesterone erano stati monitorati durante la fase luteale.<\/p>\n<p>Infine, la galattorrea scompare nel 90% dei casi con il trattamento. Inoltre, la riduzione delle dimensioni del tumore si ottiene nel 50-90% dei pazienti sia di sesso femminile che maschile con malattia microscopica o macroscopica.<\/p>\n<p><strong>Dostiheal 0,5 il medicinale per l&#8217;allattamento riduce la produzione di latte e lo svezzamento<\/strong><\/p>\n<p>Inibisce\/sopprime l&#8217;allattamento fisiologico<\/p>\n<p>Dostiheal 0,5 \u00e8 indicato per la soppressione della lattazione fisiologica immediatamente dopo la nascita e per la soppressione della lattazione instaurata:<\/p>\n<p>Dopo il parto, quando la madre incinta non allatta il bambino o \u00e8 controindicato allattare per motivi medici legati alla madre o alla persona che ha appena partorito.<\/p>\n<p>Dopo un parto morto o un aborto.<\/p>\n<p>La cabergolina previene\/inibisce l&#8217;allattamento fisiologico inibendo la secrezione di prolattina.<\/p>\n<p>Negli studi clinici controllati, la cabergolina somministrata in dose singola da 1 mg il primo giorno di vita:<\/p>\n<ul>\n<li>Inibisce efficacemente l&#8217;allattamento<\/li>\n<li>Dolorabilit\u00e0 e dolore al seno nel 70-90% delle donne.<\/li>\n<li>Meno del 5% delle donne presenta sintomi al seno che si risolvono nella terza settimana dopo il parto (solitamente lievi).<\/li>\n<\/ul>\n<p>Inibizione dell&#8217;allattamento, riduzione dell&#8217;ingorgo mammario e del dolore: ottenuti in circa l&#8217;85% delle donne che allattano trattate con una dose totale di 1 mg di cabergolina suddivisa in 4 dosi nell&#8217;arco di 2 giorni. La recidiva dei sintomi mammari dopo il decimo giorno \u00e8 rara (circa il 2% dei casi).<\/p>\n<p><strong>Effetti collaterali di Dostiheal 0.5<\/strong><\/p>\n<p>Effetti collaterali gravi<\/p>\n<ul>\n<li>Dolore o senso di oppressione al torace, tosse, difficolt\u00e0 di respirazione<\/li>\n<li>Sonnolenza, sonnolenza o debolezza insolita<\/li>\n<li>Cambiamenti insoliti nel comportamento<\/li>\n<li>Intorpidimento, formicolio o dolore bruciante alle mani, alle braccia, alle gambe o ai piedi<\/li>\n<li>Vertigini, stordimento o svenimento<\/li>\n<li>Cambiamenti nella quantit\u00e0 o nella frequenza con cui si urina<\/li>\n<li>Gonfiore al viso, alle mani, alle caviglie, alle gambe o ai piedi<\/li>\n<li>Reazione allergica: prurito o eruzione cutanea, gonfiore del viso o delle mani, gonfiore o formicolio alla bocca o alla gola, costrizione toracica, difficolt\u00e0 di respirazione<\/li>\n<li>C&#8217;\u00e8 sangue nelle urine, dolore lombare, dolore su un lato o dolore acuto alla schiena appena sotto le costole<\/li>\n<li>Dolore o forte mal di stomaco<\/li>\n<li>Battito cardiaco veloce, lento, martellante o irregolare<\/li>\n<\/ul>\n<p>Gli effetti collaterali sono meno gravi<\/p>\n<ul>\n<li>Nausea, vomito, stitichezza<\/li>\n<li>Mal di testa<\/li>\n<\/ul>\n<p><strong>Attento<\/strong><\/p>\n<p>Informi il medico se \u00e8 incinta o sta allattando o se pensa di poter rimanere incinta mentre usa questo medicinale. Inoltre, informa il tuo medico se hai malattie al fegato, problemi respiratori o polmonari, malattie cardiache o ipertensione.<\/p>\n<p>Inoltre, Dostiheal 0.5 pu\u00f2 causare i seguenti problemi: un aumento del rischio di gravi problemi cardiaci, renali, polmonari o di stomaco.<\/p>\n<p>Inoltre, le prime dosi di cabergolina possono provocare vertigini o vertigini, soprattutto quando ci si alza da una posizione sdraiata o seduta. Pertanto, alzati lentamente ed evita di guidare o utilizzare macchinari se non sei vigile.<\/p>\n<p>Il medico controller\u00e0 i tuoi progressi e gli effetti di questo medicinale durante visite regolari.<\/p>\n<p>Tenere tutti i medicinali fuori dalla portata dei bambini. Non condividere mai la tua medicina con nessuno.<\/p>\n<p>Vertigini, stordimento o svenimento<\/p>\n<p>Intorpidimento, formicolio o dolore bruciante alle mani, alle braccia, alle gambe o ai piedi<\/p>\n<p>Dolore o forte mal di stomaco<\/p>\n<p>Gonfiore al viso, alle mani, alle caviglie, alle gambe o ai piedi<\/p>\n<p>Sonnolenza, sonnolenza o debolezza insolita.<\/p>\n<p><strong>Interazioni farmacologiche<\/strong><\/p>\n<p>Interazioni farmaco-farmaco: Dostiheal 0.5 pu\u00f2 interagire con farmaci usati per trattare:<\/p>\n<ul>\n<li>Psicosi (clorpromazina, aloperidolo), nausea e vomito (domperidone, metoclopramide, clopramide ).<\/li>\n<li>Farmaci per il morbo di Parkinson, farmaci per l&#8217;emicrania grave (bromocriptina, ergotamina, diidroergotamina).<\/li>\n<li>Antibiotici (eritromicina), schizofrenia (fenotiazine, tioxantene).<\/li>\n<\/ul>\n<p>Interazioni farmaco-alimento: CABERGOLINE interagisce con farmaci da banco, vitamine, integratori alimentari e prodotti a base di erbe che stai assumendo o che intendi assumere.<\/p>\n<p>Interazioni farmaco-malattia: informi il medico se ha o ha mai avuto pressione alta, malattie cardiache, problemi ai reni o al fegato, malattie mentali.<\/p>\n<p><strong>DOSTIHEAL \/ CABERGOLINA \u00e8 adatto all&#8217;uso?<\/strong><\/p>\n<p>Dostiheal 0.5 contiene cabergolina, il vantaggio di assumere cabergolina \u00e8 che ridurr\u00e0 il livello di prolattina nel sangue e ridurr\u00e0 gli effetti che si verificano.<\/p>\n<p>Funziona aumentando una sostanza chimica nel cervello chiamata dopamina, che riduce la quantit\u00e0 di prolattina rilasciata.<\/p>\n<p>Inoltre, la CABERGOLINE pu\u00f2 essere utilizzata anche per trattare altre condizioni causate da disturbi ormonali che possono portare alla produzione di elevati livelli di prolattina.<\/p>\n<p>Ci\u00f2 include l&#8217;amenorrea, i periodi irregolari e molto leggeri, i periodi di anovulazione e allattamento, la secrezione di latte dal seno.<\/p>","protected":false},"excerpt":{"rendered":"<p>DOSTIHEAL \/ CABERGOLINA 0,50X4 compresse. Dostiheal 0,5 compresse orali di cabergolina trattano la malattia con prolattina elevata. Una prolattina anormalmente<\/p>\n","protected":false},"featured_media":9584,"comment_status":"open","ping_status":"closed","template":"","meta":[],"product_brand":[],"product_cat":[73,3533],"product_tag":[],"class_list":{"0":"post-9583","1":"product","2":"type-product","3":"status-publish","4":"has-post-thumbnail","6":"product_cat-ssteroides_orales","7":"product_cat-sales-rebajas","9":"first","10":"instock","11":"shipping-taxable","12":"purchasable","13":"product-type-simple"},"yoast_head":"<!-- This site is optimized with the Yoast SEO Premium plugin v24.4 (Yoast SEO v27.3) - https:\/\/yoast.com\/product\/yoast-seo-premium-wordpress\/ -->\n<title>DOSTIHEAL \/ CABERGOLINA - Steroidi in linea<\/title>\n<meta name=\"description\" content=\"DOSTIHEAL \/ CABERGOLINA compresse orali trattano la malattia della prolattina alta. Livelli anormalmente alti di prolattina possono causare cambiamenti mestruali nelle donne e impotenza negli uomini.\" \/>\n<meta name=\"robots\" content=\"index, follow, max-snippet:-1, max-image-preview:large, max-video-preview:-1\" \/>\n<link rel=\"canonical\" href=\"https:\/\/iberoid.com\/it\/product\/dostiheal-cabergolina\/\" \/>\n<meta property=\"og:locale\" content=\"it_IT\" \/>\n<meta property=\"og:type\" content=\"article\" \/>\n<meta property=\"og:title\" content=\"DOSTIHEAL \/ CABERGOLINA\" \/>\n<meta property=\"og:description\" content=\"DOSTIHEAL \/ CABERGOLINA compresse orali trattano la malattia della prolattina alta. Livelli anormalmente alti di prolattina possono causare cambiamenti mestruali nelle donne e impotenza negli uomini.\" \/>\n<meta property=\"og:url\" content=\"https:\/\/iberoid.com\/it\/product\/dostiheal-cabergolina\/\" \/>\n<meta property=\"og:site_name\" content=\"Steroidi in linea\" \/>\n<meta property=\"article:modified_time\" content=\"2026-03-29T16:19:19+00:00\" \/>\n<meta property=\"og:image\" content=\"https:\/\/iberoid.com\/wp-content\/uploads\/2024\/07\/Ccabergolin-4.jpg?v=1722191847\" \/>\n\t<meta property=\"og:image:width\" content=\"1416\" \/>\n\t<meta property=\"og:image:height\" content=\"1251\" \/>\n\t<meta property=\"og:image:type\" content=\"image\/jpeg\" \/>\n<meta name=\"twitter:card\" content=\"summary_large_image\" \/>\n<meta name=\"twitter:label1\" content=\"Prezzo\" \/>\n\t<meta name=\"twitter:data1\" content=\"&euro;15.00\" \/>\n\t<meta name=\"twitter:label2\" content=\"Disponibilit\u00e0\" \/>\n\t<meta name=\"twitter:data2\" content=\"In stock\" \/>\n<script type=\"application\/ld+json\" class=\"yoast-schema-graph\">{\"@context\":\"https:\\\/\\\/schema.org\",\"@graph\":[{\"@type\":\"WebPage\",\"@id\":\"https:\\\/\\\/iberoid.com\\\/it\\\/product\\\/dostiheal-cabergolina\\\/\",\"url\":\"https:\\\/\\\/iberoid.com\\\/it\\\/product\\\/dostiheal-cabergolina\\\/\",\"name\":\"DOSTIHEAL \\\/ CABERGOLINA - Steroidi in linea\",\"isPartOf\":{\"@id\":\"https:\\\/\\\/iberoid.com\\\/it\\\/#website\"},\"primaryImageOfPage\":{\"@id\":\"https:\\\/\\\/iberoid.com\\\/it\\\/product\\\/dostiheal-cabergolina\\\/#primaryimage\"},\"image\":{\"@id\":\"https:\\\/\\\/iberoid.com\\\/it\\\/product\\\/dostiheal-cabergolina\\\/#primaryimage\"},\"thumbnailUrl\":\"https:\\\/\\\/iberoid.com\\\/wp-content\\\/uploads\\\/2024\\\/07\\\/Ccabergolin-4.jpg?v=1722191847\",\"datePublished\":\"2024-07-28T18:38:15+00:00\",\"dateModified\":\"2026-03-29T16:19:19+00:00\",\"description\":\"DOSTIHEAL \\\/ CABERGOLINA compresse orali trattano la malattia della prolattina alta. Livelli anormalmente alti di prolattina possono causare cambiamenti mestruali nelle donne e impotenza negli uomini.\",\"breadcrumb\":{\"@id\":\"https:\\\/\\\/iberoid.com\\\/it\\\/product\\\/dostiheal-cabergolina\\\/#breadcrumb\"},\"inLanguage\":\"it-IT\",\"potentialAction\":[{\"@type\":\"ReadAction\",\"target\":[[\"https:\\\/\\\/iberoid.com\\\/it\\\/product\\\/dostiheal-cabergolina\\\/\"]]}]},{\"@type\":\"ImageObject\",\"inLanguage\":\"it-IT\",\"@id\":\"https:\\\/\\\/iberoid.com\\\/it\\\/product\\\/dostiheal-cabergolina\\\/#primaryimage\",\"url\":\"https:\\\/\\\/iberoid.com\\\/wp-content\\\/uploads\\\/2024\\\/07\\\/Ccabergolin-4.jpg?v=1722191847\",\"contentUrl\":\"https:\\\/\\\/iberoid.com\\\/wp-content\\\/uploads\\\/2024\\\/07\\\/Ccabergolin-4.jpg?v=1722191847\",\"width\":1416,\"height\":1251,\"caption\":\"DOSTIHEAL \\\/ CABERGOLINA\"},{\"@type\":\"BreadcrumbList\",\"@id\":\"https:\\\/\\\/iberoid.com\\\/it\\\/product\\\/dostiheal-cabergolina\\\/#breadcrumb\",\"itemListElement\":[{\"@type\":\"ListItem\",\"position\":1,\"name\":\"Portada\",\"item\":\"https:\\\/\\\/iberoid.com\\\/it\\\/\"},{\"@type\":\"ListItem\",\"position\":2,\"name\":\"Negozio\",\"item\":\"https:\\\/\\\/iberoid.com\\\/it\\\/shop\\\/\"},{\"@type\":\"ListItem\",\"position\":3,\"name\":\"DOSTIHEAL \\\/ CABERGOLINA\"}]},{\"@type\":\"WebSite\",\"@id\":\"https:\\\/\\\/iberoid.com\\\/it\\\/#website\",\"url\":\"https:\\\/\\\/iberoid.com\\\/it\\\/\",\"name\":\"Steroidi in linea\",\"description\":\"Acquista steroidi online oggi in Spagna e Portogallo. Abbiamo il miglior servizio clienti del settore e prodotti di altissima qualit\u00e0\",\"potentialAction\":[{\"@type\":\"SearchAction\",\"target\":{\"@type\":\"EntryPoint\",\"urlTemplate\":\"https:\\\/\\\/iberoid.com\\\/it\\\/?s={search_term_string}\"},\"query-input\":{\"@type\":\"PropertyValueSpecification\",\"valueRequired\":true,\"valueName\":\"search_term_string\"}}],\"inLanguage\":\"it-IT\"}]}<\/script>\n<meta property=\"product:brand\" content=\"HEALING PHARMA\" \/>\n<meta property=\"product:price:amount\" content=\"15.00\" \/>\n<meta property=\"product:price:currency\" content=\"EUR\" \/>\n<meta property=\"og:availability\" content=\"instock\" \/>\n<meta property=\"product:availability\" content=\"instock\" \/>\n<meta property=\"product:condition\" content=\"new\" \/>\n<!-- \/ Yoast SEO Premium plugin. -->","yoast_head_json":{"title":"DOSTIHEAL \/ CABERGOLINA - Steroidi in linea","description":"DOSTIHEAL \/ CABERGOLINA compresse orali trattano la malattia della prolattina alta. Livelli anormalmente alti di prolattina possono causare cambiamenti mestruali nelle donne e impotenza negli uomini.","robots":{"index":"index","follow":"follow","max-snippet":"max-snippet:-1","max-image-preview":"max-image-preview:large","max-video-preview":"max-video-preview:-1"},"canonical":"https:\/\/iberoid.com\/it\/product\/dostiheal-cabergolina\/","og_locale":"it_IT","og_type":"article","og_title":"DOSTIHEAL \/ CABERGOLINA","og_description":"DOSTIHEAL \/ CABERGOLINA compresse orali trattano la malattia della prolattina alta. Livelli anormalmente alti di prolattina possono causare cambiamenti mestruali nelle donne e impotenza negli uomini.","og_url":"https:\/\/iberoid.com\/it\/product\/dostiheal-cabergolina\/","og_site_name":"Steroidi in linea","article_modified_time":"2026-03-29T16:19:19+00:00","og_image":[{"width":1416,"height":1251,"url":"https:\/\/iberoid.com\/wp-content\/uploads\/2024\/07\/Ccabergolin-4.jpg?v=1722191847","type":"image\/jpeg"}],"twitter_card":"summary_large_image","twitter_misc":{"Prezzo":"&euro;15.00","Disponibilit\u00e0":"In stock"},"schema":{"@context":"https:\/\/schema.org","@graph":[{"@type":"WebPage","@id":"https:\/\/iberoid.com\/it\/product\/dostiheal-cabergolina\/","url":"https:\/\/iberoid.com\/it\/product\/dostiheal-cabergolina\/","name":"DOSTIHEAL \/ CABERGOLINA - Steroidi in linea","isPartOf":{"@id":"https:\/\/iberoid.com\/it\/#website"},"primaryImageOfPage":{"@id":"https:\/\/iberoid.com\/it\/product\/dostiheal-cabergolina\/#primaryimage"},"image":{"@id":"https:\/\/iberoid.com\/it\/product\/dostiheal-cabergolina\/#primaryimage"},"thumbnailUrl":"https:\/\/iberoid.com\/wp-content\/uploads\/2024\/07\/Ccabergolin-4.jpg?v=1722191847","datePublished":"2024-07-28T18:38:15+00:00","dateModified":"2026-03-29T16:19:19+00:00","description":"DOSTIHEAL \/ CABERGOLINA compresse orali trattano la malattia della prolattina alta. Livelli anormalmente alti di prolattina possono causare cambiamenti mestruali nelle donne e impotenza negli uomini.","breadcrumb":{"@id":"https:\/\/iberoid.com\/it\/product\/dostiheal-cabergolina\/#breadcrumb"},"inLanguage":"it-IT","potentialAction":[{"@type":"ReadAction","target":[["https:\/\/iberoid.com\/it\/product\/dostiheal-cabergolina\/"]]}]},{"@type":"ImageObject","inLanguage":"it-IT","@id":"https:\/\/iberoid.com\/it\/product\/dostiheal-cabergolina\/#primaryimage","url":"https:\/\/iberoid.com\/wp-content\/uploads\/2024\/07\/Ccabergolin-4.jpg?v=1722191847","contentUrl":"https:\/\/iberoid.com\/wp-content\/uploads\/2024\/07\/Ccabergolin-4.jpg?v=1722191847","width":1416,"height":1251,"caption":"DOSTIHEAL \/ CABERGOLINA"},{"@type":"BreadcrumbList","@id":"https:\/\/iberoid.com\/it\/product\/dostiheal-cabergolina\/#breadcrumb","itemListElement":[{"@type":"ListItem","position":1,"name":"Portada","item":"https:\/\/iberoid.com\/it\/"},{"@type":"ListItem","position":2,"name":"Negozio","item":"https:\/\/iberoid.com\/it\/shop\/"},{"@type":"ListItem","position":3,"name":"DOSTIHEAL \/ CABERGOLINA"}]},{"@type":"WebSite","@id":"https:\/\/iberoid.com\/it\/#website","url":"https:\/\/iberoid.com\/it\/","name":"Steroidi in linea","description":"Acquista steroidi online oggi in Spagna e Portogallo. Abbiamo il miglior servizio clienti del settore e prodotti di altissima qualit\u00e0","potentialAction":[{"@type":"SearchAction","target":{"@type":"EntryPoint","urlTemplate":"https:\/\/iberoid.com\/it\/?s={search_term_string}"},"query-input":{"@type":"PropertyValueSpecification","valueRequired":true,"valueName":"search_term_string"}}],"inLanguage":"it-IT"}]},"product_brand":"HEALING PHARMA","product_price_amount":"15.00","product_price_currency":"EUR","og_availability":"instock","product_availability":"instock","product_condition":"new"},"_links":{"self":[{"href":"https:\/\/iberoid.com\/it\/wp-json\/wp\/v2\/product\/9583","targetHints":{"allow":["GET"]}}],"collection":[{"href":"https:\/\/iberoid.com\/it\/wp-json\/wp\/v2\/product"}],"about":[{"href":"https:\/\/iberoid.com\/it\/wp-json\/wp\/v2\/types\/product"}],"replies":[{"embeddable":true,"href":"https:\/\/iberoid.com\/it\/wp-json\/wp\/v2\/comments?post=9583"}],"wp:featuredmedia":[{"embeddable":true,"href":"https:\/\/iberoid.com\/it\/wp-json\/wp\/v2\/media\/9584"}],"wp:attachment":[{"href":"https:\/\/iberoid.com\/it\/wp-json\/wp\/v2\/media?parent=9583"}],"wp:term":[{"taxonomy":"product_brand","embeddable":true,"href":"https:\/\/iberoid.com\/it\/wp-json\/wp\/v2\/product_brand?post=9583"},{"taxonomy":"product_cat","embeddable":true,"href":"https:\/\/iberoid.com\/it\/wp-json\/wp\/v2\/product_cat?post=9583"},{"taxonomy":"product_tag","embeddable":true,"href":"https:\/\/iberoid.com\/it\/wp-json\/wp\/v2\/product_tag?post=9583"}],"curies":[{"name":"wp","href":"https:\/\/api.w.org\/{rel}","templated":true}]}}