{"id":9615,"date":"2024-08-06T19:42:41","date_gmt":"2024-08-06T19:42:41","guid":{"rendered":"https:\/\/iberoid.com\/?post_type=product&#038;p=9615"},"modified":"2026-03-22T11:59:06","modified_gmt":"2026-03-22T11:59:06","slug":"eurotropin-100-iu","status":"publish","type":"product","link":"https:\/\/iberoid.com\/it\/product\/eurotropin-100-iu\/","title":{"rendered":"EUROTROPIN 100 IU"},"content":{"rendered":"<p><strong>EUROTROPIN 100 UI <\/strong>di Euro Prime Pharmaceuticals \u00e8 uno di quei farmaci che, in combinazione con gli steroidi, pu\u00f2 trasformarti in un vero mostro muscolare! La protezione dalla contraffazione \u00e8 presente. Acquistare Eurotropin \u00e8 semplicemente necessario se vuoi rafforzare le ossa, i legamenti e le articolazioni, rafforzare il sistema immunitario e acquisire massa muscolare di qualit\u00e0.<\/p>\n<p><strong>Vantaggi dell&#8217;utilizzo di EUROTROPIN EPF<\/strong><\/p>\n<ul>\n<li>riduce i depositi di grasso, catalizza la lipolisi,<\/li>\n<li>aumenta la forza fisica e aumenta la massa muscolare,<\/li>\n<li>d\u00e0 un senso di benessere,<\/li>\n<li>stabilizza e migliora il lavoro del sistema cardiovascolare,<\/li>\n<li>ha un effetto rinforzante, ringiovanisce il corpo,<\/li>\n<li>migliora l&#8217;attivit\u00e0 cerebrale,<\/li>\n<li>porta alla ripresa della rigenerazione e dello sviluppo di alcuni organi che potrebbero atrofizzarsi con l\u2019et\u00e0,<\/li>\n<li>migliorare le condizioni della pelle, ridurre le rughe,<\/li>\n<li>stimola la produzione di cellule del midollo osseo che producono globuli rossi,<\/li>\n<li>migliora la condizione del tessuto osseo,<\/li>\n<li>rafforza l&#8217;immunit\u00e0.<\/li>\n<\/ul>\n<p><strong>Come usare EUROTROPIN 100 UI EPF?<\/strong><\/p>\n<p><strong>Si assume da 3 unit\u00e0 al giorno, non meno di 3-4 mesi.<\/strong><\/p>\n<p>Non hai trovato la risposta? Il motivo potrebbe essere che durante i primi due mesi un numero significativo di casi manifesta &#8220;effetti collaterali&#8221; e l&#8217;uso di dosaggi elevati tende ad esacerbare questi effetti.<\/p>\n<p>Nello specifico, gli effetti collaterali includono &#8220;infusione&#8221; (ritenzione di liquidi nel corpo) e &#8220;sindrome del tunnel&#8221; (sensazioni di dolore minori all&#8217;articolazione del polso e alle dita). Di conseguenza, \u00e8 improbabile che sia saggio utilizzare un ormone della crescita poco costoso se provoca gonfiore e dolore alla mano.<\/p>\n<p>Tuttavia, dopo due mesi (anche se a volte prima o dopo), questi effetti collaterali generalmente scompaiono. A quel punto si pu\u00f2 sentire il pieno effetto dell\u2019ormone.<\/p>","protected":false},"excerpt":{"rendered":"<p>EUROTROPIN 100 UI di Euro Prime Pharmaceuticals \u00e8 uno di quei farmaci che, in combinazione con gli steroidi, pu\u00f2 trasformarti<\/p>\n","protected":false},"featured_media":9616,"comment_status":"open","ping_status":"closed","template":"","meta":[],"product_brand":[],"product_cat":[76],"product_tag":[],"class_list":{"0":"post-9615","1":"product","2":"type-product","3":"status-publish","4":"has-post-thumbnail","6":"product_cat-hgh_peptido","8":"first","9":"instock","10":"sale","11":"shipping-taxable","12":"purchasable","13":"product-type-simple"},"yoast_head":"<!-- This site is optimized with the Yoast SEO Premium plugin v24.4 (Yoast SEO v27.3) - https:\/\/yoast.com\/product\/yoast-seo-premium-wordpress\/ -->\n<title>EUROTROPIN 100 IU - Steroidi in linea<\/title>\n<meta name=\"description\" content=\"EUROTROPIN 100 IU from Euro Prime Pharmaceuticals is one of those drugs that, in combination with steroids, can turn you into a real muscle monster!\" \/>\n<meta name=\"robots\" content=\"index, follow, max-snippet:-1, max-image-preview:large, max-video-preview:-1\" \/>\n<link rel=\"canonical\" href=\"https:\/\/iberoid.com\/it\/product\/eurotropin-100-iu\/\" \/>\n<meta property=\"og:locale\" content=\"it_IT\" \/>\n<meta property=\"og:type\" content=\"article\" \/>\n<meta property=\"og:title\" content=\"EUROTROPIN 100 IU\" \/>\n<meta property=\"og:description\" content=\"EUROTROPIN 100 IU from Euro Prime Pharmaceuticals is one of those drugs that, in combination with steroids, can turn you into a real muscle monster!\" \/>\n<meta property=\"og:url\" content=\"https:\/\/iberoid.com\/it\/product\/eurotropin-100-iu\/\" \/>\n<meta property=\"og:site_name\" content=\"Steroidi in linea\" \/>\n<meta property=\"article:modified_time\" content=\"2026-03-22T11:59:06+00:00\" \/>\n<meta property=\"og:image\" content=\"https:\/\/iberoid.com\/wp-content\/uploads\/2024\/08\/eurotropin.jpg?v=1722973330\" \/>\n\t<meta property=\"og:image:width\" content=\"1000\" \/>\n\t<meta property=\"og:image:height\" content=\"941\" \/>\n\t<meta property=\"og:image:type\" content=\"image\/jpeg\" \/>\n<meta name=\"twitter:card\" content=\"summary_large_image\" \/>\n<meta name=\"twitter:label1\" content=\"Prezzo\" \/>\n\t<meta name=\"twitter:data1\" content=\"&euro;150.00\" \/>\n\t<meta name=\"twitter:label2\" content=\"Disponibilit\u00e0\" \/>\n\t<meta name=\"twitter:data2\" content=\"In stock\" \/>\n<script type=\"application\/ld+json\" class=\"yoast-schema-graph\">{\"@context\":\"https:\\\/\\\/schema.org\",\"@graph\":[{\"@type\":\"WebPage\",\"@id\":\"https:\\\/\\\/iberoid.com\\\/it\\\/product\\\/eurotropin-100-iu\\\/\",\"url\":\"https:\\\/\\\/iberoid.com\\\/it\\\/product\\\/eurotropin-100-iu\\\/\",\"name\":\"EUROTROPIN 100 IU - Steroidi in linea\",\"isPartOf\":{\"@id\":\"https:\\\/\\\/iberoid-shop.com\\\/#website\"},\"primaryImageOfPage\":{\"@id\":\"https:\\\/\\\/iberoid.com\\\/it\\\/product\\\/eurotropin-100-iu\\\/#primaryimage\"},\"image\":{\"@id\":\"https:\\\/\\\/iberoid.com\\\/it\\\/product\\\/eurotropin-100-iu\\\/#primaryimage\"},\"thumbnailUrl\":\"https:\\\/\\\/iberoid.com\\\/wp-content\\\/uploads\\\/2024\\\/08\\\/eurotropin.jpg?v=1722973330\",\"datePublished\":\"2024-08-06T19:42:41+00:00\",\"dateModified\":\"2026-03-22T11:59:06+00:00\",\"description\":\"EUROTROPIN 100 IU from Euro Prime Pharmaceuticals is one of those drugs that, in combination with steroids, can turn you into a real muscle monster!\",\"breadcrumb\":{\"@id\":\"https:\\\/\\\/iberoid.com\\\/it\\\/product\\\/eurotropin-100-iu\\\/#breadcrumb\"},\"inLanguage\":\"it-IT\",\"potentialAction\":[{\"@type\":\"ReadAction\",\"target\":[[\"https:\\\/\\\/iberoid.com\\\/it\\\/product\\\/eurotropin-100-iu\\\/\"]]}]},{\"@type\":\"ImageObject\",\"inLanguage\":\"it-IT\",\"@id\":\"https:\\\/\\\/iberoid.com\\\/it\\\/product\\\/eurotropin-100-iu\\\/#primaryimage\",\"url\":\"https:\\\/\\\/iberoid.com\\\/wp-content\\\/uploads\\\/2024\\\/08\\\/eurotropin.jpg?v=1722973330\",\"contentUrl\":\"https:\\\/\\\/iberoid.com\\\/wp-content\\\/uploads\\\/2024\\\/08\\\/eurotropin.jpg?v=1722973330\",\"width\":1000,\"height\":941,\"caption\":\"EUROTROPIN 100 IU\"},{\"@type\":\"BreadcrumbList\",\"@id\":\"https:\\\/\\\/iberoid.com\\\/it\\\/product\\\/eurotropin-100-iu\\\/#breadcrumb\",\"itemListElement\":[{\"@type\":\"ListItem\",\"position\":1,\"name\":\"Portada\",\"item\":\"https:\\\/\\\/iberoid.com\\\/it\\\/\"},{\"@type\":\"ListItem\",\"position\":2,\"name\":\"Negozio\",\"item\":\"https:\\\/\\\/iberoid.com\\\/it\\\/shop\\\/\"},{\"@type\":\"ListItem\",\"position\":3,\"name\":\"EUROTROPIN 100 IU\"}]},{\"@type\":\"WebSite\",\"@id\":\"https:\\\/\\\/iberoid-shop.com\\\/#website\",\"url\":\"https:\\\/\\\/iberoid-shop.com\\\/\",\"name\":\"Steroidi in linea\",\"description\":\"Acquista steroidi online oggi in Spagna e Portogallo. Abbiamo il miglior servizio clienti del settore e prodotti di altissima qualit\u00e0\",\"potentialAction\":[{\"@type\":\"SearchAction\",\"target\":{\"@type\":\"EntryPoint\",\"urlTemplate\":\"https:\\\/\\\/iberoid-shop.com\\\/?s={search_term_string}\"},\"query-input\":{\"@type\":\"PropertyValueSpecification\",\"valueRequired\":true,\"valueName\":\"search_term_string\"}}],\"inLanguage\":\"it-IT\"}]}<\/script>\n<meta property=\"product:brand\" content=\"Euro Prime Pharmaceuticals (EPF)\" \/>\n<meta property=\"product:price:amount\" content=\"150.00\" \/>\n<meta property=\"product:price:currency\" content=\"EUR\" \/>\n<meta property=\"og:availability\" content=\"instock\" \/>\n<meta property=\"product:availability\" content=\"instock\" \/>\n<meta property=\"product:condition\" content=\"new\" \/>\n<!-- \/ Yoast SEO Premium plugin. -->","yoast_head_json":{"title":"EUROTROPIN 100 IU - Steroidi in linea","description":"EUROTROPIN 100 IU from Euro Prime Pharmaceuticals is one of those drugs that, in combination with steroids, can turn you into a real muscle monster!","robots":{"index":"index","follow":"follow","max-snippet":"max-snippet:-1","max-image-preview":"max-image-preview:large","max-video-preview":"max-video-preview:-1"},"canonical":"https:\/\/iberoid.com\/it\/product\/eurotropin-100-iu\/","og_locale":"it_IT","og_type":"article","og_title":"EUROTROPIN 100 IU","og_description":"EUROTROPIN 100 IU from Euro Prime Pharmaceuticals is one of those drugs that, in combination with steroids, can turn you into a real muscle monster!","og_url":"https:\/\/iberoid.com\/it\/product\/eurotropin-100-iu\/","og_site_name":"Steroidi in linea","article_modified_time":"2026-03-22T11:59:06+00:00","og_image":[{"width":1000,"height":941,"url":"https:\/\/iberoid.com\/wp-content\/uploads\/2024\/08\/eurotropin.jpg?v=1722973330","type":"image\/jpeg"}],"twitter_card":"summary_large_image","twitter_misc":{"Prezzo":"&euro;150.00","Disponibilit\u00e0":"In stock"},"schema":{"@context":"https:\/\/schema.org","@graph":[{"@type":"WebPage","@id":"https:\/\/iberoid.com\/it\/product\/eurotropin-100-iu\/","url":"https:\/\/iberoid.com\/it\/product\/eurotropin-100-iu\/","name":"EUROTROPIN 100 IU - Steroidi in linea","isPartOf":{"@id":"https:\/\/iberoid-shop.com\/#website"},"primaryImageOfPage":{"@id":"https:\/\/iberoid.com\/it\/product\/eurotropin-100-iu\/#primaryimage"},"image":{"@id":"https:\/\/iberoid.com\/it\/product\/eurotropin-100-iu\/#primaryimage"},"thumbnailUrl":"https:\/\/iberoid.com\/wp-content\/uploads\/2024\/08\/eurotropin.jpg?v=1722973330","datePublished":"2024-08-06T19:42:41+00:00","dateModified":"2026-03-22T11:59:06+00:00","description":"EUROTROPIN 100 IU from Euro Prime Pharmaceuticals is one of those drugs that, in combination with steroids, can turn you into a real muscle monster!","breadcrumb":{"@id":"https:\/\/iberoid.com\/it\/product\/eurotropin-100-iu\/#breadcrumb"},"inLanguage":"it-IT","potentialAction":[{"@type":"ReadAction","target":[["https:\/\/iberoid.com\/it\/product\/eurotropin-100-iu\/"]]}]},{"@type":"ImageObject","inLanguage":"it-IT","@id":"https:\/\/iberoid.com\/it\/product\/eurotropin-100-iu\/#primaryimage","url":"https:\/\/iberoid.com\/wp-content\/uploads\/2024\/08\/eurotropin.jpg?v=1722973330","contentUrl":"https:\/\/iberoid.com\/wp-content\/uploads\/2024\/08\/eurotropin.jpg?v=1722973330","width":1000,"height":941,"caption":"EUROTROPIN 100 IU"},{"@type":"BreadcrumbList","@id":"https:\/\/iberoid.com\/it\/product\/eurotropin-100-iu\/#breadcrumb","itemListElement":[{"@type":"ListItem","position":1,"name":"Portada","item":"https:\/\/iberoid.com\/it\/"},{"@type":"ListItem","position":2,"name":"Negozio","item":"https:\/\/iberoid.com\/it\/shop\/"},{"@type":"ListItem","position":3,"name":"EUROTROPIN 100 IU"}]},{"@type":"WebSite","@id":"https:\/\/iberoid-shop.com\/#website","url":"https:\/\/iberoid-shop.com\/","name":"Steroidi in linea","description":"Acquista steroidi online oggi in Spagna e Portogallo. Abbiamo il miglior servizio clienti del settore e prodotti di altissima qualit\u00e0","potentialAction":[{"@type":"SearchAction","target":{"@type":"EntryPoint","urlTemplate":"https:\/\/iberoid-shop.com\/?s={search_term_string}"},"query-input":{"@type":"PropertyValueSpecification","valueRequired":true,"valueName":"search_term_string"}}],"inLanguage":"it-IT"}]},"product_brand":"Euro Prime Pharmaceuticals (EPF)","product_price_amount":"150.00","product_price_currency":"EUR","og_availability":"instock","product_availability":"instock","product_condition":"new"},"_links":{"self":[{"href":"https:\/\/iberoid.com\/it\/wp-json\/wp\/v2\/product\/9615","targetHints":{"allow":["GET"]}}],"collection":[{"href":"https:\/\/iberoid.com\/it\/wp-json\/wp\/v2\/product"}],"about":[{"href":"https:\/\/iberoid.com\/it\/wp-json\/wp\/v2\/types\/product"}],"replies":[{"embeddable":true,"href":"https:\/\/iberoid.com\/it\/wp-json\/wp\/v2\/comments?post=9615"}],"wp:featuredmedia":[{"embeddable":true,"href":"https:\/\/iberoid.com\/it\/wp-json\/wp\/v2\/media\/9616"}],"wp:attachment":[{"href":"https:\/\/iberoid.com\/it\/wp-json\/wp\/v2\/media?parent=9615"}],"wp:term":[{"taxonomy":"product_brand","embeddable":true,"href":"https:\/\/iberoid.com\/it\/wp-json\/wp\/v2\/product_brand?post=9615"},{"taxonomy":"product_cat","embeddable":true,"href":"https:\/\/iberoid.com\/it\/wp-json\/wp\/v2\/product_cat?post=9615"},{"taxonomy":"product_tag","embeddable":true,"href":"https:\/\/iberoid.com\/it\/wp-json\/wp\/v2\/product_tag?post=9615"}],"curies":[{"name":"wp","href":"https:\/\/api.w.org\/{rel}","templated":true}]}}