{"id":9646,"date":"2024-09-15T12:19:08","date_gmt":"2024-09-15T12:19:08","guid":{"rendered":"https:\/\/iberoid.com\/?post_type=product&#038;p=9646"},"modified":"2026-02-16T11:35:02","modified_gmt":"2026-02-16T11:35:02","slug":"oxandrolone-10mg-imperia-labs","status":"publish","type":"product","link":"https:\/\/iberoid.com\/it\/product\/oxandrolone-10mg-imperia-labs\/","title":{"rendered":"Oxandrolone 10mg"},"content":{"rendered":"<p>L&#8217;oxandrolone \u00e8 uno steroide artificiale, simile all&#8217;ormone testosterone nel corpo umano. Il principio attivo di questo farmaco \u00e8 in realt\u00e0 l&#8217;oxandrolone, che viene utilizzato in medicina per aiutare le persone che non riescono ad aumentare o mantenere una discreta quantit\u00e0 di peso per motivi medici. Questo farmaco pu\u00f2 aiutare a recuperare il peso perso dopo operazioni cliniche, gravi lesioni o malattie persistenti. Viene utilizzato in modo simile per fermare l&#8217;atrofia muscolare e per ridurre l&#8217;indebolimento osseo nelle persone con osteoporosi.<\/p>\n<p>Effetti dell&#8217;oxandrolone<\/p>\n<p>L&#8217;oxandrolone \u00e8 considerato uno dei migliori farmaci per l&#8217;uso da parte delle donne, poich\u00e9 a dosi moderate non provoca mascolinizzazione. L&#8217;oxandrolone \u00e8 pi\u00f9 adatto a coloro che desiderano aumentare le proprie capacit\u00e0 di forza e acquisire un paio di chilogrammi di buona massa muscolare. L&#8217;aumento degli indicatori di forza \u00e8 spiegato dalla sintesi di creatina fosfato. I muscoli di un atleta non accumulano acqua durante l&#8217;uso di Oxandrolone, il che rende possibile aumentare la forza senza un improvviso aumento di massa. Per molti atleti, questo \u00e8 molto importante, perch\u00e9 consente di aumentare la forza senza cambiare la categoria di peso.<\/p>\n<p>Il metodo corretto per assumere Oxandrolone<\/p>\n<p>Oxandrolone viene normalmente assunto per una durata massima di 4-6 settimane. Il dosaggio iniziale raccomandato \u00e8 di 40-50 mg al giorno, suddiviso in due dosi, in modo da poter sentire l&#8217;effetto dell&#8217;assunzione di Anavar. Pu\u00f2 essere utilizzato dalle donne in dosaggi di 10-20 mg al giorno. Non \u00e8 consigliabile assumere Oxandrolone in dosaggi pi\u00f9 elevati o per un periodo pi\u00f9 lungo di quanto raccomandato. Non aumenter\u00e0 l&#8217;efficacia, ma aumenter\u00e0 solo gli effetti collaterali. Oxandrolone in un ciclo da solo \u00e8 in grado di provocare un aumento di peso abbastanza forte, ma solo nei principianti il \u200b\u200bcui corpo non \u00e8 ancora abituato all&#8217;uso di steroidi. Tuttavia, se si combina correttamente Oxandrolone con altri farmaci, \u00e8 possibile rafforzare reciprocamente il loro effetto e ottenere un risultato eccellente sotto forma di aumento del peso corporeo.<\/p>\n<p>Cicli combinati<\/p>\n<p>L&#8217;oxandrolone \u00e8 perfettamente combinato con quasi tutti gli steroidi, mentre d\u00e0 un forte effetto sinergico (potenzia l&#8217;effetto di un altro steroide nel processo di aumento di massa, a sua volta, un altro steroide aumenta l&#8217;effetto dell&#8217;oxandrolone nell&#8217;aggiungere forza). Se sei un principiante, una combinazione di Oxandrolone + Primobolan (o Boldenone) sar\u00e0 un&#8217;eccellente combinazione per te. Questa combinazione aumenter\u00e0 le capacit\u00e0 di potenza e con il suo aiuto puoi aumentare di peso in modo significativo. Inoltre, sar\u00e0 relativamente sicuro in termini di effetti collaterali. Coloro che hanno gi\u00e0 assunto steroidi (in particolare, Oxandrolone) possono assumere un ciclo combinato di Sustanon (250-500 mg a settimana) e Oxandrolone (30-40 mg al giorno). Molti guarderanno a tale combinazione con ironia, credendo che l&#8217;oxandrolone non abbia posto in combinazione con uno steroide cos\u00ec forte come Sustanon, ma con tale combinazione, l&#8217;oxandrolone rivela il suo potenziale di potenza, aiutando al contempo Sustanon a funzionare in modo pi\u00f9 efficiente. Non \u00e8 difficile capire che in questa coppia Sustanon \u00e8 responsabile della crescita delle fibre muscolari, dei processi di recupero e degli indicatori di forza, mentre Oxandrolone potenzia questi effetti pi\u00f9 volte.<\/p>","protected":false},"excerpt":{"rendered":"<p>L&#8217;oxandrolone \u00e8 uno steroide artificiale, simile all&#8217;ormone testosterone nel corpo umano. Il principio attivo di questo farmaco \u00e8 in realt\u00e0<\/p>\n","protected":false},"featured_media":9647,"comment_status":"open","ping_status":"closed","template":"","meta":[],"product_brand":[3532],"product_cat":[73],"product_tag":[],"class_list":{"0":"post-9646","1":"product","2":"type-product","3":"status-publish","4":"has-post-thumbnail","6":"product_brand-imperia-labs","7":"product_cat-ssteroides_orales","9":"first","10":"instock","11":"sale","12":"shipping-taxable","13":"purchasable","14":"product-type-simple"},"yoast_head":"<!-- This site is optimized with the Yoast SEO Premium plugin v24.4 (Yoast SEO v27.3) - https:\/\/yoast.com\/product\/yoast-seo-premium-wordpress\/ -->\n<title>Oxandrolone 10mg - Steroidi in linea<\/title>\n<meta name=\"description\" content=\"L&#039;Oxandrolone, uno steroide sintetico simile al testosterone, aiuta ad aumentare di peso, previene la perdita muscolare e migliora la forza senza ritenzione idrica, ideale per gli atleti.\" \/>\n<meta name=\"robots\" content=\"index, follow, max-snippet:-1, max-image-preview:large, max-video-preview:-1\" \/>\n<link rel=\"canonical\" href=\"https:\/\/iberoid.com\/it\/product\/oxandrolone-10mg-imperia-labs\/\" \/>\n<meta property=\"og:locale\" content=\"it_IT\" \/>\n<meta property=\"og:type\" content=\"article\" \/>\n<meta property=\"og:title\" content=\"Oxandrolone 10mg\" \/>\n<meta property=\"og:description\" content=\"L&#039;Oxandrolone, uno steroide sintetico simile al testosterone, aiuta ad aumentare di peso, previene la perdita muscolare e migliora la forza senza ritenzione idrica, ideale per gli atleti.\" \/>\n<meta property=\"og:url\" content=\"https:\/\/iberoid.com\/it\/product\/oxandrolone-10mg-imperia-labs\/\" \/>\n<meta property=\"og:site_name\" content=\"Steroidi in linea\" \/>\n<meta property=\"article:modified_time\" content=\"2026-02-16T11:35:02+00:00\" \/>\n<meta property=\"og:image\" content=\"https:\/\/iberoid.com\/wp-content\/uploads\/2024\/09\/Imperia-Labs-Oxandrolone-10.jpg?v=1726402738\" \/>\n\t<meta property=\"og:image:width\" content=\"2560\" \/>\n\t<meta property=\"og:image:height\" content=\"1707\" \/>\n\t<meta property=\"og:image:type\" content=\"image\/jpeg\" \/>\n<meta name=\"twitter:card\" content=\"summary_large_image\" \/>\n<meta name=\"twitter:label1\" content=\"Prezzo\" \/>\n\t<meta name=\"twitter:data1\" content=\"&euro;75.00\" \/>\n\t<meta name=\"twitter:label2\" content=\"Disponibilit\u00e0\" \/>\n\t<meta name=\"twitter:data2\" content=\"In stock\" \/>\n<script type=\"application\/ld+json\" class=\"yoast-schema-graph\">{\"@context\":\"https:\\\/\\\/schema.org\",\"@graph\":[{\"@type\":\"WebPage\",\"@id\":\"https:\\\/\\\/iberoid.com\\\/it\\\/product\\\/oxandrolone-10mg-imperia-labs\\\/\",\"url\":\"https:\\\/\\\/iberoid.com\\\/it\\\/product\\\/oxandrolone-10mg-imperia-labs\\\/\",\"name\":\"Oxandrolone 10mg - Steroidi in linea\",\"isPartOf\":{\"@id\":\"https:\\\/\\\/iberoid-shop.com\\\/#website\"},\"primaryImageOfPage\":{\"@id\":\"https:\\\/\\\/iberoid.com\\\/it\\\/product\\\/oxandrolone-10mg-imperia-labs\\\/#primaryimage\"},\"image\":{\"@id\":\"https:\\\/\\\/iberoid.com\\\/it\\\/product\\\/oxandrolone-10mg-imperia-labs\\\/#primaryimage\"},\"thumbnailUrl\":\"https:\\\/\\\/iberoid.com\\\/wp-content\\\/uploads\\\/2024\\\/09\\\/Imperia-Labs-Oxandrolone-10.jpg?v=1726402738\",\"datePublished\":\"2024-09-15T12:19:08+00:00\",\"dateModified\":\"2026-02-16T11:35:02+00:00\",\"description\":\"L'Oxandrolone, uno steroide sintetico simile al testosterone, aiuta ad aumentare di peso, previene la perdita muscolare e migliora la forza senza ritenzione idrica, ideale per gli atleti.\",\"breadcrumb\":{\"@id\":\"https:\\\/\\\/iberoid.com\\\/it\\\/product\\\/oxandrolone-10mg-imperia-labs\\\/#breadcrumb\"},\"inLanguage\":\"it-IT\",\"potentialAction\":[{\"@type\":\"ReadAction\",\"target\":[[\"https:\\\/\\\/iberoid.com\\\/it\\\/product\\\/oxandrolone-10mg-imperia-labs\\\/\"]]}]},{\"@type\":\"ImageObject\",\"inLanguage\":\"it-IT\",\"@id\":\"https:\\\/\\\/iberoid.com\\\/it\\\/product\\\/oxandrolone-10mg-imperia-labs\\\/#primaryimage\",\"url\":\"https:\\\/\\\/iberoid.com\\\/wp-content\\\/uploads\\\/2024\\\/09\\\/Imperia-Labs-Oxandrolone-10.jpg?v=1726402738\",\"contentUrl\":\"https:\\\/\\\/iberoid.com\\\/wp-content\\\/uploads\\\/2024\\\/09\\\/Imperia-Labs-Oxandrolone-10.jpg?v=1726402738\",\"width\":2560,\"height\":1707},{\"@type\":\"BreadcrumbList\",\"@id\":\"https:\\\/\\\/iberoid.com\\\/it\\\/product\\\/oxandrolone-10mg-imperia-labs\\\/#breadcrumb\",\"itemListElement\":[{\"@type\":\"ListItem\",\"position\":1,\"name\":\"Portada\",\"item\":\"https:\\\/\\\/iberoid.com\\\/it\\\/\"},{\"@type\":\"ListItem\",\"position\":2,\"name\":\"Negozio\",\"item\":\"https:\\\/\\\/iberoid.com\\\/it\\\/shop\\\/\"},{\"@type\":\"ListItem\",\"position\":3,\"name\":\"Oxandrolone 10mg\"}]},{\"@type\":\"WebSite\",\"@id\":\"https:\\\/\\\/iberoid-shop.com\\\/#website\",\"url\":\"https:\\\/\\\/iberoid-shop.com\\\/\",\"name\":\"Steroidi in linea\",\"description\":\"Acquista steroidi online oggi in Spagna e Portogallo. Abbiamo il miglior servizio clienti del settore e prodotti di altissima qualit\u00e0\",\"potentialAction\":[{\"@type\":\"SearchAction\",\"target\":{\"@type\":\"EntryPoint\",\"urlTemplate\":\"https:\\\/\\\/iberoid-shop.com\\\/?s={search_term_string}\"},\"query-input\":{\"@type\":\"PropertyValueSpecification\",\"valueRequired\":true,\"valueName\":\"search_term_string\"}}],\"inLanguage\":\"it-IT\"}]}<\/script>\n<meta property=\"product:brand\" content=\"IMPERIA LABS\" \/>\n<meta property=\"product:price:amount\" content=\"75.00\" \/>\n<meta property=\"product:price:currency\" content=\"EUR\" \/>\n<meta property=\"og:availability\" content=\"instock\" \/>\n<meta property=\"product:availability\" content=\"instock\" \/>\n<meta property=\"product:condition\" content=\"new\" \/>\n<!-- \/ Yoast SEO Premium plugin. -->","yoast_head_json":{"title":"Oxandrolone 10mg - Steroidi in linea","description":"L'Oxandrolone, uno steroide sintetico simile al testosterone, aiuta ad aumentare di peso, previene la perdita muscolare e migliora la forza senza ritenzione idrica, ideale per gli atleti.","robots":{"index":"index","follow":"follow","max-snippet":"max-snippet:-1","max-image-preview":"max-image-preview:large","max-video-preview":"max-video-preview:-1"},"canonical":"https:\/\/iberoid.com\/it\/product\/oxandrolone-10mg-imperia-labs\/","og_locale":"it_IT","og_type":"article","og_title":"Oxandrolone 10mg","og_description":"L'Oxandrolone, uno steroide sintetico simile al testosterone, aiuta ad aumentare di peso, previene la perdita muscolare e migliora la forza senza ritenzione idrica, ideale per gli atleti.","og_url":"https:\/\/iberoid.com\/it\/product\/oxandrolone-10mg-imperia-labs\/","og_site_name":"Steroidi in linea","article_modified_time":"2026-02-16T11:35:02+00:00","og_image":[{"width":2560,"height":1707,"url":"https:\/\/iberoid.com\/wp-content\/uploads\/2024\/09\/Imperia-Labs-Oxandrolone-10.jpg?v=1726402738","type":"image\/jpeg"}],"twitter_card":"summary_large_image","twitter_misc":{"Prezzo":"&euro;75.00","Disponibilit\u00e0":"In stock"},"schema":{"@context":"https:\/\/schema.org","@graph":[{"@type":"WebPage","@id":"https:\/\/iberoid.com\/it\/product\/oxandrolone-10mg-imperia-labs\/","url":"https:\/\/iberoid.com\/it\/product\/oxandrolone-10mg-imperia-labs\/","name":"Oxandrolone 10mg - Steroidi in linea","isPartOf":{"@id":"https:\/\/iberoid-shop.com\/#website"},"primaryImageOfPage":{"@id":"https:\/\/iberoid.com\/it\/product\/oxandrolone-10mg-imperia-labs\/#primaryimage"},"image":{"@id":"https:\/\/iberoid.com\/it\/product\/oxandrolone-10mg-imperia-labs\/#primaryimage"},"thumbnailUrl":"https:\/\/iberoid.com\/wp-content\/uploads\/2024\/09\/Imperia-Labs-Oxandrolone-10.jpg?v=1726402738","datePublished":"2024-09-15T12:19:08+00:00","dateModified":"2026-02-16T11:35:02+00:00","description":"L'Oxandrolone, uno steroide sintetico simile al testosterone, aiuta ad aumentare di peso, previene la perdita muscolare e migliora la forza senza ritenzione idrica, ideale per gli atleti.","breadcrumb":{"@id":"https:\/\/iberoid.com\/it\/product\/oxandrolone-10mg-imperia-labs\/#breadcrumb"},"inLanguage":"it-IT","potentialAction":[{"@type":"ReadAction","target":[["https:\/\/iberoid.com\/it\/product\/oxandrolone-10mg-imperia-labs\/"]]}]},{"@type":"ImageObject","inLanguage":"it-IT","@id":"https:\/\/iberoid.com\/it\/product\/oxandrolone-10mg-imperia-labs\/#primaryimage","url":"https:\/\/iberoid.com\/wp-content\/uploads\/2024\/09\/Imperia-Labs-Oxandrolone-10.jpg?v=1726402738","contentUrl":"https:\/\/iberoid.com\/wp-content\/uploads\/2024\/09\/Imperia-Labs-Oxandrolone-10.jpg?v=1726402738","width":2560,"height":1707},{"@type":"BreadcrumbList","@id":"https:\/\/iberoid.com\/it\/product\/oxandrolone-10mg-imperia-labs\/#breadcrumb","itemListElement":[{"@type":"ListItem","position":1,"name":"Portada","item":"https:\/\/iberoid.com\/it\/"},{"@type":"ListItem","position":2,"name":"Negozio","item":"https:\/\/iberoid.com\/it\/shop\/"},{"@type":"ListItem","position":3,"name":"Oxandrolone 10mg"}]},{"@type":"WebSite","@id":"https:\/\/iberoid-shop.com\/#website","url":"https:\/\/iberoid-shop.com\/","name":"Steroidi in linea","description":"Acquista steroidi online oggi in Spagna e Portogallo. Abbiamo il miglior servizio clienti del settore e prodotti di altissima qualit\u00e0","potentialAction":[{"@type":"SearchAction","target":{"@type":"EntryPoint","urlTemplate":"https:\/\/iberoid-shop.com\/?s={search_term_string}"},"query-input":{"@type":"PropertyValueSpecification","valueRequired":true,"valueName":"search_term_string"}}],"inLanguage":"it-IT"}]},"product_brand":"IMPERIA LABS","product_price_amount":"75.00","product_price_currency":"EUR","og_availability":"instock","product_availability":"instock","product_condition":"new"},"_links":{"self":[{"href":"https:\/\/iberoid.com\/it\/wp-json\/wp\/v2\/product\/9646","targetHints":{"allow":["GET"]}}],"collection":[{"href":"https:\/\/iberoid.com\/it\/wp-json\/wp\/v2\/product"}],"about":[{"href":"https:\/\/iberoid.com\/it\/wp-json\/wp\/v2\/types\/product"}],"replies":[{"embeddable":true,"href":"https:\/\/iberoid.com\/it\/wp-json\/wp\/v2\/comments?post=9646"}],"wp:featuredmedia":[{"embeddable":true,"href":"https:\/\/iberoid.com\/it\/wp-json\/wp\/v2\/media\/9647"}],"wp:attachment":[{"href":"https:\/\/iberoid.com\/it\/wp-json\/wp\/v2\/media?parent=9646"}],"wp:term":[{"taxonomy":"product_brand","embeddable":true,"href":"https:\/\/iberoid.com\/it\/wp-json\/wp\/v2\/product_brand?post=9646"},{"taxonomy":"product_cat","embeddable":true,"href":"https:\/\/iberoid.com\/it\/wp-json\/wp\/v2\/product_cat?post=9646"},{"taxonomy":"product_tag","embeddable":true,"href":"https:\/\/iberoid.com\/it\/wp-json\/wp\/v2\/product_tag?post=9646"}],"curies":[{"name":"wp","href":"https:\/\/api.w.org\/{rel}","templated":true}]}}