{"id":9695,"date":"2024-10-11T11:37:42","date_gmt":"2024-10-11T11:37:42","guid":{"rendered":"https:\/\/iberoid.com\/?post_type=product&#038;p=9695"},"modified":"2025-12-30T14:35:28","modified_gmt":"2025-12-30T14:35:28","slug":"sarms-yk-11-15mg-asam-pharm","status":"publish","type":"product","link":"https:\/\/iberoid.com\/it\/product\/sarms-yk-11-15mg-asam-pharm\/","title":{"rendered":"SARMS \/ YK 11 &#8211; 15mg"},"content":{"rendered":"<p>YK-11 \u00e8 un composto sintetico classificato come modulatore selettivo del recettore degli androgeni (SARM) con una struttura chimica distintiva. A differenza dei tipici SARM, YK-11 \u00e8 un agonista parziale del recettore degli androgeni e possiede una struttura steroidea, il che lo rende un soggetto unico nello studio della crescita muscolare e della salute delle ossa. La sua unicit\u00e0 strutturale offre un percorso diverso per l&#8217;interazione con i recettori degli androgeni, che ha suscitato l&#8217;interesse dei ricercatori. In laboratorio, \u00e8 stato osservato che YK-11 aumenta significativamente la produzione di follistatina, una proteina che agisce come un potente inibitore della miostatina. La miostatina \u00e8 una proteina regolatrice che limita la crescita muscolare; pertanto, inibirla pu\u00f2 potenzialmente portare a un migliore sviluppo muscolare. Stimolando la follistatina, YK-11 pu\u00f2 promuovere massa muscolare magra e forza oltre a ci\u00f2 che \u00e8 ottenibile solo attraverso l&#8217;allenamento e la nutrizione, offrendo preziose informazioni sui meccanismi di costruzione muscolare.<\/p>\n<p>La duplice azione di YK-11 come agonista parziale del recettore degli androgeni e inibitore della miostatina lo distingue dagli altri composti della sua categoria. Questo profilo unico lo rende un composto prezioso per la ricerca preclinica incentrata sulla comprensione dell&#8217;ipertrofia muscolare e della regolazione della massa muscolare. Gli studi che coinvolgono YK-11 mirano a esplorare le sue potenziali applicazioni in condizioni correlate all&#8217;atrofia muscolare e all&#8217;osteoporosi, contribuendo al progresso della conoscenza nella biologia muscolare e nello sviluppo terapeutico.<\/p>","protected":false},"excerpt":{"rendered":"<p>YK-11 \u00e8 un composto sintetico classificato come modulatore selettivo del recettore degli androgeni (SARM) con una struttura chimica distintiva. A<\/p>\n","protected":false},"featured_media":9696,"comment_status":"open","ping_status":"closed","template":"","meta":[],"product_brand":[],"product_cat":[73],"product_tag":[],"class_list":{"0":"post-9695","1":"product","2":"type-product","3":"status-publish","4":"has-post-thumbnail","6":"product_cat-ssteroides_orales","8":"first","9":"instock","10":"sale","11":"shipping-taxable","12":"purchasable","13":"product-type-simple"},"yoast_head":"<!-- This site is optimized with the Yoast SEO Premium plugin v24.4 (Yoast SEO v27.0) - https:\/\/yoast.com\/product\/yoast-seo-premium-wordpress\/ -->\n<title>SARMS \/ YK 11 - 15mg - Steroidi in linea<\/title>\n<meta name=\"description\" content=\"YK-11 \u00e8 un SARM unico con una struttura steroidea, che agisce come agonista parziale del recettore degli androgeni e inibitore della miostatina, favorendo la crescita muscolare.\" \/>\n<meta name=\"robots\" content=\"index, follow, max-snippet:-1, max-image-preview:large, max-video-preview:-1\" \/>\n<link rel=\"canonical\" href=\"https:\/\/iberoid.com\/it\/product\/sarms-yk-11-15mg-asam-pharm\/\" \/>\n<meta property=\"og:locale\" content=\"it_IT\" \/>\n<meta property=\"og:type\" content=\"article\" \/>\n<meta property=\"og:title\" content=\"SARMS \/ YK 11 - 15mg\" \/>\n<meta property=\"og:description\" content=\"YK-11 \u00e8 un SARM unico con una struttura steroidea, che agisce come agonista parziale del recettore degli androgeni e inibitore della miostatina, favorendo la crescita muscolare.\" \/>\n<meta property=\"og:url\" content=\"https:\/\/iberoid.com\/it\/product\/sarms-yk-11-15mg-asam-pharm\/\" \/>\n<meta property=\"og:site_name\" content=\"Steroidi in linea\" \/>\n<meta property=\"article:modified_time\" content=\"2025-12-30T14:35:28+00:00\" \/>\n<meta property=\"og:image\" content=\"https:\/\/iberoid.com\/wp-content\/uploads\/2024\/10\/yk-scaled.jpg?v=1728646641\" \/>\n\t<meta property=\"og:image:width\" content=\"1320\" \/>\n\t<meta property=\"og:image:height\" content=\"2560\" \/>\n\t<meta property=\"og:image:type\" content=\"image\/jpeg\" \/>\n<meta name=\"twitter:card\" content=\"summary_large_image\" \/>\n<meta name=\"twitter:label1\" content=\"Prezzo\" \/>\n\t<meta name=\"twitter:data1\" content=\"&euro;45.00\" \/>\n\t<meta name=\"twitter:label2\" content=\"Disponibilit\u00e0\" \/>\n\t<meta name=\"twitter:data2\" content=\"In stock\" \/>\n<script type=\"application\/ld+json\" class=\"yoast-schema-graph\">{\"@context\":\"https:\/\/schema.org\",\"@graph\":[{\"@type\":\"WebPage\",\"@id\":\"https:\/\/iberoid.com\/it\/product\/sarms-yk-11-15mg-asam-pharm\/\",\"url\":\"https:\/\/iberoid.com\/it\/product\/sarms-yk-11-15mg-asam-pharm\/\",\"name\":\"SARMS \/ YK 11 - 15mg - Steroidi in linea\",\"isPartOf\":{\"@id\":\"https:\/\/iberoid-shop.com\/#website\"},\"primaryImageOfPage\":{\"@id\":\"https:\/\/iberoid.com\/it\/product\/sarms-yk-11-15mg-asam-pharm\/#primaryimage\"},\"image\":{\"@id\":\"https:\/\/iberoid.com\/it\/product\/sarms-yk-11-15mg-asam-pharm\/#primaryimage\"},\"thumbnailUrl\":\"https:\/\/iberoid.com\/wp-content\/uploads\/2024\/10\/yk-scaled.jpg?v=1728646641\",\"datePublished\":\"2024-10-11T11:37:42+00:00\",\"dateModified\":\"2025-12-30T14:35:28+00:00\",\"description\":\"YK-11 \u00e8 un SARM unico con una struttura steroidea, che agisce come agonista parziale del recettore degli androgeni e inibitore della miostatina, favorendo la crescita muscolare.\",\"breadcrumb\":{\"@id\":\"https:\/\/iberoid.com\/it\/product\/sarms-yk-11-15mg-asam-pharm\/#breadcrumb\"},\"inLanguage\":\"it-IT\",\"potentialAction\":[{\"@type\":\"ReadAction\",\"target\":[[\"https:\/\/iberoid.com\/it\/product\/sarms-yk-11-15mg-asam-pharm\/\"]]}]},{\"@type\":\"ImageObject\",\"inLanguage\":\"it-IT\",\"@id\":\"https:\/\/iberoid.com\/it\/product\/sarms-yk-11-15mg-asam-pharm\/#primaryimage\",\"url\":\"https:\/\/iberoid.com\/wp-content\/uploads\/2024\/10\/yk-scaled.jpg?v=1728646641\",\"contentUrl\":\"https:\/\/iberoid.com\/wp-content\/uploads\/2024\/10\/yk-scaled.jpg?v=1728646641\",\"width\":1320,\"height\":2560},{\"@type\":\"BreadcrumbList\",\"@id\":\"https:\/\/iberoid.com\/it\/product\/sarms-yk-11-15mg-asam-pharm\/#breadcrumb\",\"itemListElement\":[{\"@type\":\"ListItem\",\"position\":1,\"name\":\"Portada\",\"item\":\"https:\/\/iberoid.com\/it\/\"},{\"@type\":\"ListItem\",\"position\":2,\"name\":\"Negozio\",\"item\":\"https:\/\/iberoid.com\/it\/shop\/\"},{\"@type\":\"ListItem\",\"position\":3,\"name\":\"SARMS \/ YK 11 &#8211; 15mg\"}]},{\"@type\":\"WebSite\",\"@id\":\"https:\/\/iberoid-shop.com\/#website\",\"url\":\"https:\/\/iberoid-shop.com\/\",\"name\":\"Steroidi in linea\",\"description\":\"Acquista steroidi online oggi in Spagna e Portogallo. Abbiamo il miglior servizio clienti del settore e prodotti di altissima qualit\u00e0\",\"potentialAction\":[{\"@type\":\"SearchAction\",\"target\":{\"@type\":\"EntryPoint\",\"urlTemplate\":\"https:\/\/iberoid-shop.com\/?s={search_term_string}\"},\"query-input\":{\"@type\":\"PropertyValueSpecification\",\"valueRequired\":true,\"valueName\":\"search_term_string\"}}],\"inLanguage\":\"it-IT\"}]}<\/script>\n<meta property=\"product:brand\" content=\"AdamLabs\" \/>\n<meta property=\"product:price:amount\" content=\"45.00\" \/>\n<meta property=\"product:price:currency\" content=\"EUR\" \/>\n<meta property=\"og:availability\" content=\"instock\" \/>\n<meta property=\"product:availability\" content=\"instock\" \/>\n<meta property=\"product:condition\" content=\"new\" \/>\n<!-- \/ Yoast SEO Premium plugin. -->","yoast_head_json":{"title":"SARMS \/ YK 11 - 15mg - Steroidi in linea","description":"YK-11 \u00e8 un SARM unico con una struttura steroidea, che agisce come agonista parziale del recettore degli androgeni e inibitore della miostatina, favorendo la crescita muscolare.","robots":{"index":"index","follow":"follow","max-snippet":"max-snippet:-1","max-image-preview":"max-image-preview:large","max-video-preview":"max-video-preview:-1"},"canonical":"https:\/\/iberoid.com\/it\/product\/sarms-yk-11-15mg-asam-pharm\/","og_locale":"it_IT","og_type":"article","og_title":"SARMS \/ YK 11 - 15mg","og_description":"YK-11 \u00e8 un SARM unico con una struttura steroidea, che agisce come agonista parziale del recettore degli androgeni e inibitore della miostatina, favorendo la crescita muscolare.","og_url":"https:\/\/iberoid.com\/it\/product\/sarms-yk-11-15mg-asam-pharm\/","og_site_name":"Steroidi in linea","article_modified_time":"2025-12-30T14:35:28+00:00","og_image":[{"width":1320,"height":2560,"url":"https:\/\/iberoid.com\/wp-content\/uploads\/2024\/10\/yk-scaled.jpg?v=1728646641","type":"image\/jpeg"}],"twitter_card":"summary_large_image","twitter_misc":{"Prezzo":"&euro;45.00","Disponibilit\u00e0":"In stock"},"schema":{"@context":"https:\/\/schema.org","@graph":[{"@type":"WebPage","@id":"https:\/\/iberoid.com\/it\/product\/sarms-yk-11-15mg-asam-pharm\/","url":"https:\/\/iberoid.com\/it\/product\/sarms-yk-11-15mg-asam-pharm\/","name":"SARMS \/ YK 11 - 15mg - Steroidi in linea","isPartOf":{"@id":"https:\/\/iberoid-shop.com\/#website"},"primaryImageOfPage":{"@id":"https:\/\/iberoid.com\/it\/product\/sarms-yk-11-15mg-asam-pharm\/#primaryimage"},"image":{"@id":"https:\/\/iberoid.com\/it\/product\/sarms-yk-11-15mg-asam-pharm\/#primaryimage"},"thumbnailUrl":"https:\/\/iberoid.com\/wp-content\/uploads\/2024\/10\/yk-scaled.jpg?v=1728646641","datePublished":"2024-10-11T11:37:42+00:00","dateModified":"2025-12-30T14:35:28+00:00","description":"YK-11 \u00e8 un SARM unico con una struttura steroidea, che agisce come agonista parziale del recettore degli androgeni e inibitore della miostatina, favorendo la crescita muscolare.","breadcrumb":{"@id":"https:\/\/iberoid.com\/it\/product\/sarms-yk-11-15mg-asam-pharm\/#breadcrumb"},"inLanguage":"it-IT","potentialAction":[{"@type":"ReadAction","target":[["https:\/\/iberoid.com\/it\/product\/sarms-yk-11-15mg-asam-pharm\/"]]}]},{"@type":"ImageObject","inLanguage":"it-IT","@id":"https:\/\/iberoid.com\/it\/product\/sarms-yk-11-15mg-asam-pharm\/#primaryimage","url":"https:\/\/iberoid.com\/wp-content\/uploads\/2024\/10\/yk-scaled.jpg?v=1728646641","contentUrl":"https:\/\/iberoid.com\/wp-content\/uploads\/2024\/10\/yk-scaled.jpg?v=1728646641","width":1320,"height":2560},{"@type":"BreadcrumbList","@id":"https:\/\/iberoid.com\/it\/product\/sarms-yk-11-15mg-asam-pharm\/#breadcrumb","itemListElement":[{"@type":"ListItem","position":1,"name":"Portada","item":"https:\/\/iberoid.com\/it\/"},{"@type":"ListItem","position":2,"name":"Negozio","item":"https:\/\/iberoid.com\/it\/shop\/"},{"@type":"ListItem","position":3,"name":"SARMS \/ YK 11 &#8211; 15mg"}]},{"@type":"WebSite","@id":"https:\/\/iberoid-shop.com\/#website","url":"https:\/\/iberoid-shop.com\/","name":"Steroidi in linea","description":"Acquista steroidi online oggi in Spagna e Portogallo. Abbiamo il miglior servizio clienti del settore e prodotti di altissima qualit\u00e0","potentialAction":[{"@type":"SearchAction","target":{"@type":"EntryPoint","urlTemplate":"https:\/\/iberoid-shop.com\/?s={search_term_string}"},"query-input":{"@type":"PropertyValueSpecification","valueRequired":true,"valueName":"search_term_string"}}],"inLanguage":"it-IT"}]},"product_brand":"AdamLabs","product_price_amount":"45.00","product_price_currency":"EUR","og_availability":"instock","product_availability":"instock","product_condition":"new"},"_links":{"self":[{"href":"https:\/\/iberoid.com\/it\/wp-json\/wp\/v2\/product\/9695","targetHints":{"allow":["GET"]}}],"collection":[{"href":"https:\/\/iberoid.com\/it\/wp-json\/wp\/v2\/product"}],"about":[{"href":"https:\/\/iberoid.com\/it\/wp-json\/wp\/v2\/types\/product"}],"replies":[{"embeddable":true,"href":"https:\/\/iberoid.com\/it\/wp-json\/wp\/v2\/comments?post=9695"}],"wp:featuredmedia":[{"embeddable":true,"href":"https:\/\/iberoid.com\/it\/wp-json\/wp\/v2\/media\/9696"}],"wp:attachment":[{"href":"https:\/\/iberoid.com\/it\/wp-json\/wp\/v2\/media?parent=9695"}],"wp:term":[{"taxonomy":"product_brand","embeddable":true,"href":"https:\/\/iberoid.com\/it\/wp-json\/wp\/v2\/product_brand?post=9695"},{"taxonomy":"product_cat","embeddable":true,"href":"https:\/\/iberoid.com\/it\/wp-json\/wp\/v2\/product_cat?post=9695"},{"taxonomy":"product_tag","embeddable":true,"href":"https:\/\/iberoid.com\/it\/wp-json\/wp\/v2\/product_tag?post=9695"}],"curies":[{"name":"wp","href":"https:\/\/api.w.org\/{rel}","templated":true}]}}