{"id":9698,"date":"2024-10-11T11:40:10","date_gmt":"2024-10-11T11:40:10","guid":{"rendered":"https:\/\/iberoid.com\/?post_type=product&#038;p=9698"},"modified":"2026-02-18T09:43:23","modified_gmt":"2026-02-18T09:43:23","slug":"sarms-ligandrol15mg-adam-pharm-2","status":"publish","type":"product","link":"https:\/\/iberoid.com\/it\/product\/sarms-ligandrol15mg-adam-pharm-2\/","title":{"rendered":"SARMS &#8211; LIGANDROL 15mg"},"content":{"rendered":"<p>LIGANDROL \u00e8 uno dei SARM pi\u00f9 potenti<br \/>\naumenta la libido<br \/>\nha un forte effetto anabolico<br \/>\n\u00e8 dedicato a un ciclo di steroidi, quando si tratta di costruire massa muscolare pura e di alta qualit\u00e0<br \/>\nviene utilizzato per la protezione muscolare durante una dieta<br \/>\nEFFETTO LIGANDROL<br \/>\nLo studio pi\u00f9 noto sull&#8217;argomento Ligandrol ha dimostrato che con una dose elevata (1 mg\/giorno) si potrebbero costruire in media 1,5 kg di massa muscolare pura in tre settimane. Che risultato sorprendente per un SARM.<br \/>\nUn&#8217;altra caratteristica interessante di Ligandrol \u00e8 che a differenza, ad esempio, di Ostarine, ha un certo effetto androgenico, che nella maggior parte degli utenti si manifesta in una maggiore aggressivit\u00e0 e in un aumento della libido. A causa del forte effetto anabolico e moderato androgenico, Ligandrol sembra essere il SARM pi\u00f9 efficace quando si tratta di costruire massa muscolare di alta qualit\u00e0. L&#8217;esperienza ha dimostrato che Ligandrol \u00e8 almeno due volte pi\u00f9 potente nell&#8217;aumento muscolare di Ostarine.<\/p>\n<p>Uso consigliato<\/p>\n<p>Ligandrol viene solitamente utilizzato a una dose di 5-10 mg al giorno.<\/p>\n<p>Poich\u00e9 Ligandrol ha un&#8217;emivita stimata di 24-36 ore, \u00e8 sufficiente un&#8217;assunzione giornaliera.<\/p>\n<p>Il reddito massimo \u00e8 compreso tra 8 e 12 settimane.<\/p>","protected":false},"excerpt":{"rendered":"<p>LIGANDROL \u00e8 uno dei SARM pi\u00f9 potenti aumenta la libido ha un forte effetto anabolico \u00e8 dedicato a un ciclo<\/p>\n","protected":false},"featured_media":9699,"comment_status":"open","ping_status":"closed","template":"","meta":[],"product_brand":[],"product_cat":[73],"product_tag":[],"class_list":{"0":"post-9698","1":"product","2":"type-product","3":"status-publish","4":"has-post-thumbnail","6":"product_cat-ssteroides_orales","8":"first","9":"instock","10":"sale","11":"shipping-taxable","12":"purchasable","13":"product-type-simple"},"yoast_head":"<!-- This site is optimized with the Yoast SEO Premium plugin v24.4 (Yoast SEO v27.0) - https:\/\/yoast.com\/product\/yoast-seo-premium-wordpress\/ -->\n<title>SARMS - LIGANDROL 15mg - Steroidi in linea<\/title>\n<meta name=\"description\" content=\"LIGANDROL: SARM potente per guadagno muscolare puro (fino a 1.5kg in 3 settimane con 1mg\/giorno). Aumenta la libido, ha un certo effetto androgenico. Usare 5-10mg al giorno per 8-12 settimane.\" \/>\n<meta name=\"robots\" content=\"index, follow, max-snippet:-1, max-image-preview:large, max-video-preview:-1\" \/>\n<link rel=\"canonical\" href=\"https:\/\/iberoid.com\/it\/product\/sarms-ligandrol15mg-adam-pharm-2\/\" \/>\n<meta property=\"og:locale\" content=\"it_IT\" \/>\n<meta property=\"og:type\" content=\"article\" \/>\n<meta property=\"og:title\" content=\"SARMS - LIGANDROL 15mg\" \/>\n<meta property=\"og:description\" content=\"LIGANDROL: SARM potente per guadagno muscolare puro (fino a 1.5kg in 3 settimane con 1mg\/giorno). Aumenta la libido, ha un certo effetto androgenico. Usare 5-10mg al giorno per 8-12 settimane.\" \/>\n<meta property=\"og:url\" content=\"https:\/\/iberoid.com\/it\/product\/sarms-ligandrol15mg-adam-pharm-2\/\" \/>\n<meta property=\"og:site_name\" content=\"Steroidi in linea\" \/>\n<meta property=\"article:modified_time\" content=\"2026-02-18T09:43:23+00:00\" \/>\n<meta property=\"og:image\" content=\"https:\/\/iberoid.com\/wp-content\/uploads\/2024\/10\/ligandrol-1-scaled.jpg?v=1728646799\" \/>\n\t<meta property=\"og:image:width\" content=\"1617\" \/>\n\t<meta property=\"og:image:height\" content=\"2560\" \/>\n\t<meta property=\"og:image:type\" content=\"image\/jpeg\" \/>\n<meta name=\"twitter:card\" content=\"summary_large_image\" \/>\n<meta name=\"twitter:label1\" content=\"Prezzo\" \/>\n\t<meta name=\"twitter:data1\" content=\"&euro;55.00\" \/>\n\t<meta name=\"twitter:label2\" content=\"Disponibilit\u00e0\" \/>\n\t<meta name=\"twitter:data2\" content=\"In stock\" \/>\n<script type=\"application\/ld+json\" class=\"yoast-schema-graph\">{\"@context\":\"https:\/\/schema.org\",\"@graph\":[{\"@type\":\"WebPage\",\"@id\":\"https:\/\/iberoid.com\/it\/product\/sarms-ligandrol15mg-adam-pharm-2\/\",\"url\":\"https:\/\/iberoid.com\/it\/product\/sarms-ligandrol15mg-adam-pharm-2\/\",\"name\":\"SARMS - LIGANDROL 15mg - Steroidi in linea\",\"isPartOf\":{\"@id\":\"https:\/\/iberoid.com\/it\/#website\"},\"primaryImageOfPage\":{\"@id\":\"https:\/\/iberoid.com\/it\/product\/sarms-ligandrol15mg-adam-pharm-2\/#primaryimage\"},\"image\":{\"@id\":\"https:\/\/iberoid.com\/it\/product\/sarms-ligandrol15mg-adam-pharm-2\/#primaryimage\"},\"thumbnailUrl\":\"https:\/\/iberoid.com\/wp-content\/uploads\/2024\/10\/ligandrol-1-scaled.jpg?v=1728646799\",\"datePublished\":\"2024-10-11T11:40:10+00:00\",\"dateModified\":\"2026-02-18T09:43:23+00:00\",\"description\":\"LIGANDROL: SARM potente per guadagno muscolare puro (fino a 1.5kg in 3 settimane con 1mg\/giorno). Aumenta la libido, ha un certo effetto androgenico. Usare 5-10mg al giorno per 8-12 settimane.\",\"breadcrumb\":{\"@id\":\"https:\/\/iberoid.com\/it\/product\/sarms-ligandrol15mg-adam-pharm-2\/#breadcrumb\"},\"inLanguage\":\"it-IT\",\"potentialAction\":[{\"@type\":\"ReadAction\",\"target\":[[\"https:\/\/iberoid.com\/it\/product\/sarms-ligandrol15mg-adam-pharm-2\/\"]]}]},{\"@type\":\"ImageObject\",\"inLanguage\":\"it-IT\",\"@id\":\"https:\/\/iberoid.com\/it\/product\/sarms-ligandrol15mg-adam-pharm-2\/#primaryimage\",\"url\":\"https:\/\/iberoid.com\/wp-content\/uploads\/2024\/10\/ligandrol-1-scaled.jpg?v=1728646799\",\"contentUrl\":\"https:\/\/iberoid.com\/wp-content\/uploads\/2024\/10\/ligandrol-1-scaled.jpg?v=1728646799\",\"width\":1617,\"height\":2560},{\"@type\":\"BreadcrumbList\",\"@id\":\"https:\/\/iberoid.com\/it\/product\/sarms-ligandrol15mg-adam-pharm-2\/#breadcrumb\",\"itemListElement\":[{\"@type\":\"ListItem\",\"position\":1,\"name\":\"Portada\",\"item\":\"https:\/\/iberoid.com\/it\/\"},{\"@type\":\"ListItem\",\"position\":2,\"name\":\"Negozio\",\"item\":\"https:\/\/iberoid.com\/it\/shop\/\"},{\"@type\":\"ListItem\",\"position\":3,\"name\":\"SARMS &#8211; LIGANDROL 15mg\"}]},{\"@type\":\"WebSite\",\"@id\":\"https:\/\/iberoid.com\/it\/#website\",\"url\":\"https:\/\/iberoid.com\/it\/\",\"name\":\"Steroidi in linea\",\"description\":\"Acquista steroidi online oggi in Spagna e Portogallo. Abbiamo il miglior servizio clienti del settore e prodotti di altissima qualit\u00e0\",\"potentialAction\":[{\"@type\":\"SearchAction\",\"target\":{\"@type\":\"EntryPoint\",\"urlTemplate\":\"https:\/\/iberoid.com\/it\/?s={search_term_string}\"},\"query-input\":{\"@type\":\"PropertyValueSpecification\",\"valueRequired\":true,\"valueName\":\"search_term_string\"}}],\"inLanguage\":\"it-IT\"}]}<\/script>\n<meta property=\"product:brand\" content=\"AdamLabs\" \/>\n<meta property=\"product:price:amount\" content=\"55.00\" \/>\n<meta property=\"product:price:currency\" content=\"EUR\" \/>\n<meta property=\"og:availability\" content=\"instock\" \/>\n<meta property=\"product:availability\" content=\"instock\" \/>\n<meta property=\"product:condition\" content=\"new\" \/>\n<!-- \/ Yoast SEO Premium plugin. -->","yoast_head_json":{"title":"SARMS - LIGANDROL 15mg - Steroidi in linea","description":"LIGANDROL: SARM potente per guadagno muscolare puro (fino a 1.5kg in 3 settimane con 1mg\/giorno). Aumenta la libido, ha un certo effetto androgenico. Usare 5-10mg al giorno per 8-12 settimane.","robots":{"index":"index","follow":"follow","max-snippet":"max-snippet:-1","max-image-preview":"max-image-preview:large","max-video-preview":"max-video-preview:-1"},"canonical":"https:\/\/iberoid.com\/it\/product\/sarms-ligandrol15mg-adam-pharm-2\/","og_locale":"it_IT","og_type":"article","og_title":"SARMS - LIGANDROL 15mg","og_description":"LIGANDROL: SARM potente per guadagno muscolare puro (fino a 1.5kg in 3 settimane con 1mg\/giorno). Aumenta la libido, ha un certo effetto androgenico. Usare 5-10mg al giorno per 8-12 settimane.","og_url":"https:\/\/iberoid.com\/it\/product\/sarms-ligandrol15mg-adam-pharm-2\/","og_site_name":"Steroidi in linea","article_modified_time":"2026-02-18T09:43:23+00:00","og_image":[{"width":1617,"height":2560,"url":"https:\/\/iberoid.com\/wp-content\/uploads\/2024\/10\/ligandrol-1-scaled.jpg?v=1728646799","type":"image\/jpeg"}],"twitter_card":"summary_large_image","twitter_misc":{"Prezzo":"&euro;55.00","Disponibilit\u00e0":"In stock"},"schema":{"@context":"https:\/\/schema.org","@graph":[{"@type":"WebPage","@id":"https:\/\/iberoid.com\/it\/product\/sarms-ligandrol15mg-adam-pharm-2\/","url":"https:\/\/iberoid.com\/it\/product\/sarms-ligandrol15mg-adam-pharm-2\/","name":"SARMS - LIGANDROL 15mg - Steroidi in linea","isPartOf":{"@id":"https:\/\/iberoid.com\/it\/#website"},"primaryImageOfPage":{"@id":"https:\/\/iberoid.com\/it\/product\/sarms-ligandrol15mg-adam-pharm-2\/#primaryimage"},"image":{"@id":"https:\/\/iberoid.com\/it\/product\/sarms-ligandrol15mg-adam-pharm-2\/#primaryimage"},"thumbnailUrl":"https:\/\/iberoid.com\/wp-content\/uploads\/2024\/10\/ligandrol-1-scaled.jpg?v=1728646799","datePublished":"2024-10-11T11:40:10+00:00","dateModified":"2026-02-18T09:43:23+00:00","description":"LIGANDROL: SARM potente per guadagno muscolare puro (fino a 1.5kg in 3 settimane con 1mg\/giorno). Aumenta la libido, ha un certo effetto androgenico. Usare 5-10mg al giorno per 8-12 settimane.","breadcrumb":{"@id":"https:\/\/iberoid.com\/it\/product\/sarms-ligandrol15mg-adam-pharm-2\/#breadcrumb"},"inLanguage":"it-IT","potentialAction":[{"@type":"ReadAction","target":[["https:\/\/iberoid.com\/it\/product\/sarms-ligandrol15mg-adam-pharm-2\/"]]}]},{"@type":"ImageObject","inLanguage":"it-IT","@id":"https:\/\/iberoid.com\/it\/product\/sarms-ligandrol15mg-adam-pharm-2\/#primaryimage","url":"https:\/\/iberoid.com\/wp-content\/uploads\/2024\/10\/ligandrol-1-scaled.jpg?v=1728646799","contentUrl":"https:\/\/iberoid.com\/wp-content\/uploads\/2024\/10\/ligandrol-1-scaled.jpg?v=1728646799","width":1617,"height":2560},{"@type":"BreadcrumbList","@id":"https:\/\/iberoid.com\/it\/product\/sarms-ligandrol15mg-adam-pharm-2\/#breadcrumb","itemListElement":[{"@type":"ListItem","position":1,"name":"Portada","item":"https:\/\/iberoid.com\/it\/"},{"@type":"ListItem","position":2,"name":"Negozio","item":"https:\/\/iberoid.com\/it\/shop\/"},{"@type":"ListItem","position":3,"name":"SARMS &#8211; LIGANDROL 15mg"}]},{"@type":"WebSite","@id":"https:\/\/iberoid.com\/it\/#website","url":"https:\/\/iberoid.com\/it\/","name":"Steroidi in linea","description":"Acquista steroidi online oggi in Spagna e Portogallo. Abbiamo il miglior servizio clienti del settore e prodotti di altissima qualit\u00e0","potentialAction":[{"@type":"SearchAction","target":{"@type":"EntryPoint","urlTemplate":"https:\/\/iberoid.com\/it\/?s={search_term_string}"},"query-input":{"@type":"PropertyValueSpecification","valueRequired":true,"valueName":"search_term_string"}}],"inLanguage":"it-IT"}]},"product_brand":"AdamLabs","product_price_amount":"55.00","product_price_currency":"EUR","og_availability":"instock","product_availability":"instock","product_condition":"new"},"_links":{"self":[{"href":"https:\/\/iberoid.com\/it\/wp-json\/wp\/v2\/product\/9698","targetHints":{"allow":["GET"]}}],"collection":[{"href":"https:\/\/iberoid.com\/it\/wp-json\/wp\/v2\/product"}],"about":[{"href":"https:\/\/iberoid.com\/it\/wp-json\/wp\/v2\/types\/product"}],"replies":[{"embeddable":true,"href":"https:\/\/iberoid.com\/it\/wp-json\/wp\/v2\/comments?post=9698"}],"wp:featuredmedia":[{"embeddable":true,"href":"https:\/\/iberoid.com\/it\/wp-json\/wp\/v2\/media\/9699"}],"wp:attachment":[{"href":"https:\/\/iberoid.com\/it\/wp-json\/wp\/v2\/media?parent=9698"}],"wp:term":[{"taxonomy":"product_brand","embeddable":true,"href":"https:\/\/iberoid.com\/it\/wp-json\/wp\/v2\/product_brand?post=9698"},{"taxonomy":"product_cat","embeddable":true,"href":"https:\/\/iberoid.com\/it\/wp-json\/wp\/v2\/product_cat?post=9698"},{"taxonomy":"product_tag","embeddable":true,"href":"https:\/\/iberoid.com\/it\/wp-json\/wp\/v2\/product_tag?post=9698"}],"curies":[{"name":"wp","href":"https:\/\/api.w.org\/{rel}","templated":true}]}}