{"id":9728,"date":"2024-10-20T10:29:40","date_gmt":"2024-10-20T10:29:40","guid":{"rendered":"https:\/\/iberoid.com\/?post_type=product&#038;p=9728"},"modified":"2024-12-05T20:00:29","modified_gmt":"2024-12-05T20:00:29","slug":"testosterone-enanthate-driada","status":"publish","type":"product","link":"https:\/\/iberoid.com\/it\/product\/testosterone-enanthate-driada\/","title":{"rendered":"Testos 250 mg\/ml (Testosterone Enanthate)"},"content":{"rendered":"<p><\/p>\n<ul>\n<li>Principio attivo: Enantato di testosterone<\/li>\n<li>Tipo: Steroide anabolizzante (Derivato del testosterone)<\/li>\n<li>Forma: Iniezioni<\/li>\n<li><b>Olio vettore:\u00a0<\/b>Olio di semi d&#8217;uva + MCT<\/li>\n<\/ul>\n<h2>Cos&#8217;\u00e8 l&#8217;Enantato di testosterone?<\/h2>\n<p>L&#8217;Enantato di testosterone 250 mg \u00e8 una forma iniettabile di testosterone, l&#8217;ormone sessuale maschile principale, con un estere attaccato, l&#8217;enantato.<\/p>\n<p>L&#8217;emivita dell&#8217;ormone testosterone senza estere \u00e8 di diverse ore. \u00c8 molto scomodo fare iniezioni ogni poche ore, quindi gli scienziati hanno aggiunto l&#8217;estere enantato, che rallenta il rilascio di testosterone nel sangue e aumenta la\u00a0<b>emivita a 5-6 giorni<\/b>.<\/p>\n<p>L&#8217;Androne 250 Enantato di testosterone \u00e8 usato nella terapia sostitutiva ormonale e anche nello sport per aumentare la velocit\u00e0 degli indicatori di forza, la crescita della massa muscolare, cos\u00ec come la conservazione della massa muscolare durante il processo di taglio (bruciore dei grassi).<\/p>\n<h3>Iniezioni di Enantato di testosterone 250 mg: Scopo ed efficacia<\/h3>\n<ul>\n<li>Lo scopo principale delle iniezioni di Test Enanthate \u00e8 la\u00a0<b>terapia per il declino del testosterone legato all&#8217;et\u00e0<\/b>. Le iniezioni di test enanthate in Europa (il cypionate di testosterone \u00e8 usato negli Stati Uniti) sono considerate il mezzo pi\u00f9 efficace per la terapia sostitutiva ormonale (HRT) e sono raccomandate nelle linee guida mediche.<\/li>\n<li>Il farmaco stesso aiuta a costruire i muscoli generando proteine, che aumentano poi la forza muscolare.<\/li>\n<li>La proteina muscolare del testosterone\u00a0<b>forma il catabolismo<\/b>\u00a0(degradazione) durante i periodi di deficit calorico nel processo di bruciore dei grassi o di perdita di peso.<\/li>\n<li>Il testosterone \u00e8 un ormone che svolge un ruolo chiave nel metabolismo dei carboidrati, dei grassi e delle proteine. \u00c8 noto da tempo che il testosterone ha una forte influenza sulla composizione corporea in grassi e sulla massa muscolare negli uomini.<\/li>\n<\/ul>\n<h3>Principali benefici per la salute di Test Enanthate 250 mg per il corpo<\/h3>\n<p>Il farmaco ha un impatto significativo sulla salute e sul benessere. Ancora pi\u00f9 importante, ha effetti benefici sull&#8217;<b>umore<\/b>, sui livelli di\u00a0<b>energia<\/b>\u00a0e sul\u00a0<b>senso di benessere<\/b>\u00a0dei pazienti, sulla funzione sessuale, sulla massa corporea magra e sulla forza muscolare, sull&#8217;eritropoiesi e sulla densit\u00e0 minerale ossea (BMD), sulla cognizione, e alcuni benefici sui fattori di rischio cardiovascolare.<\/p>\n<h2>Come usare l&#8217;Androne 250 Enantato di testosterone?<\/h2>\n<p>L&#8217;Androne 250 Test Enanthate \u00e8 usato per iniezione intramuscolare. L&#8217;emivita e le istruzioni del medico determinano la frequenza delle iniezioni. Per ottenere un equilibrio ormonale pi\u00f9 uniforme, sono preferibili iniezioni pi\u00f9 frequenti.<\/p>\n<h3>Quanto al giorno<\/h3>\n<p>Non \u00e8 necessario iniettare Test Enanthate ogni giorno; in genere, le iniezioni vengono effettuate ogni 3-7 giorni, a seconda del dosaggio e degli obiettivi.<\/p>\n<p>Per la terapia sostitutiva ormonale (HRT), il dosaggio inizia da\u00a0<b>125 mg in 5 giorni<\/b>.<\/p>\n<p>Per il bodybuilding e il fitness, aumenta fino a 1 grammo a settimana.<\/p>\n<h3>Emivita<\/h3>\n<p>Test enanthate \u00e8 una versione esterificata (reazione in cui si forma un estere) del testosterone con un&#8217;emivita di 5-6 giorni.<\/p>\n<h2>Raccomandazioni di dosaggio per uomini e donne<\/h2>\n<ul>\n<li>Per affrontare la\u00a0<u>carenza di androgeni<\/u>, la dose raccomandata \u00e8 compresa tra\u00a0<b>125-250 mg<\/b>, somministrata ogni settimana.<\/li>\n<\/ul>\n<ul>\n<li>Il\u00a0<u>ciclo di costruzione muscolare<\/u>\u00a0dove il testosterone \u00e8 spesso favorito, soprattutto quando la leggera ritenzione idrica non \u00e8 un problema, quindi viene generalmente iniettato settimanalmente per la crescita muscolare. Quando viene utilizzato per migliorare l&#8217;aspetto fisico o le prestazioni, il dosaggio tipico \u00e8 compreso tra\u00a0<b>250-750 mg<\/b>\u00a0settimanali, e questo viene seguito in cicli che vanno\u00a0<b>da 6 a 12 settimane<\/b>. La maggior parte degli utenti lo trova sufficiente per ottenere miglioramenti significativi in termini di massa e potenza muscolare.<\/li>\n<li>Se la\u00a0<u>definizione muscolare e il taglio<\/u>\u00a0sono il tuo obiettivo, potresti includere il testosterone nel ciclo, solitamente a dosaggi pi\u00f9 bassi di\u00a0<b>100-200 mg<\/b>\u00a0settimanali. In questi casi, potrebbe essere combinato con un inibitore dell&#8217;aromatasi per gestire i livelli di estrogeni.<\/li>\n<\/ul>\n<p>Tuttavia, alcune persone preferiscono combinarlo con altri steroidi anabolizzanti\/androgeni per aumentarne gli effetti. Se si opta per questo approccio, l&#8217;aggiunta di ulteriori 200-400 mg settimanali di composti come l&#8217;\u00a0undecilenato di boldenone, l&#8217;\u00a0enantato di metenolone, o il\u00a0decanoato di nandrolone\u00a0pu\u00f2 offrire risultati notevoli senza influenzare significativamente il fegato. L&#8217;adattabilit\u00e0 del farmaco significa che pu\u00f2 essere abbinato a vari altri steroidi anabolizzanti\/androgeni per ottenere risultati specifici.<\/p>\n<p>In medicina clinica, il test enanthate \u00e8 raramente utilizzato per le\u00a0<b>donne<\/b>. \u00c8 tipicamente utilizzato come trattamento ausiliario per il\u00a0<b>cancro al seno inoperabile<\/b>\u00a0quando altri trattamenti non hanno raggiunto i risultati desiderati, ed \u00e8 essenziale\u00a0<b>sopprimere l&#8217;attivit\u00e0 ovarica<\/b>. A causa delle sue potenti propriet\u00e0 androgeniche, del potenziale per effetti collaterali virilizzanti e della sua natura a rilascio lento (che rende difficile il monitoraggio dei livelli ematici), il test enanthate \u00e8\u00a0<u>sconsigliato per le donne<\/u>\u00a0che cercano di migliorare il loro fisico o le loro prestazioni.<\/p>\n<p>Tuttavia, alcune atlete professioniste lo utilizzano a basse dosi durante le fasi di allenamento di punta.<\/p>","protected":false},"excerpt":{"rendered":"<p>Principio attivo: Enantato di testosterone Tipo: Steroide anabolizzante (Derivato del testosterone) Forma: Iniezioni Olio vettore:\u00a0Olio di semi d&#8217;uva + MCT<\/p>\n","protected":false},"featured_media":9729,"comment_status":"open","ping_status":"closed","template":"","meta":[],"product_brand":[],"product_cat":[69],"product_tag":[],"class_list":{"0":"post-9728","1":"product","2":"type-product","3":"status-publish","4":"has-post-thumbnail","6":"product_cat-esteroides_inyectables","8":"first","9":"outofstock","10":"sale","11":"shipping-taxable","12":"purchasable","13":"product-type-simple"},"yoast_head":"<!-- This site is optimized with the Yoast SEO Premium plugin v24.4 (Yoast SEO v27.0) - https:\/\/yoast.com\/product\/yoast-seo-premium-wordpress\/ -->\n<title>Testos 250 mg\/ml (Testosterone Enanthate) - Steroidi in linea<\/title>\n<meta name=\"robots\" content=\"index, follow, max-snippet:-1, max-image-preview:large, max-video-preview:-1\" \/>\n<link rel=\"canonical\" href=\"https:\/\/iberoid.com\/it\/product\/testosterone-enanthate-driada\/\" \/>\n<meta property=\"og:locale\" content=\"it_IT\" \/>\n<meta property=\"og:type\" content=\"article\" \/>\n<meta property=\"og:title\" content=\"Testos 250 mg\/ml (Testosterone Enanthate)\" \/>\n<meta property=\"og:description\" content=\"Principio attivo: Enantato di testosterone Tipo: Steroide anabolizzante (Derivato del testosterone) Forma: Iniezioni Olio vettore:\u00a0Olio di semi d&#8217;uva + MCT\" \/>\n<meta property=\"og:url\" content=\"https:\/\/iberoid.com\/it\/product\/testosterone-enanthate-driada\/\" \/>\n<meta property=\"og:site_name\" content=\"Steroidi in linea\" \/>\n<meta property=\"article:modified_time\" content=\"2024-12-05T20:00:29+00:00\" \/>\n<meta property=\"og:image\" content=\"https:\/\/iberoid.com\/wp-content\/uploads\/2024\/10\/testos-driada-medical.webp\" \/>\n\t<meta property=\"og:image:width\" content=\"1000\" \/>\n\t<meta property=\"og:image:height\" content=\"1000\" \/>\n\t<meta property=\"og:image:type\" content=\"image\/webp\" \/>\n<meta name=\"twitter:card\" content=\"summary_large_image\" \/>\n<meta name=\"twitter:label1\" content=\"Prezzo\" \/>\n\t<meta name=\"twitter:data1\" content=\"&euro;40.00\" \/>\n\t<meta name=\"twitter:label2\" content=\"Disponibilit\u00e0\" \/>\n\t<meta name=\"twitter:data2\" content=\"Esaurito\" \/>\n<script type=\"application\/ld+json\" class=\"yoast-schema-graph\">{\"@context\":\"https:\/\/schema.org\",\"@graph\":[{\"@type\":\"WebPage\",\"@id\":\"https:\/\/iberoid.com\/it\/product\/testosterone-enanthate-driada\/\",\"url\":\"https:\/\/iberoid.com\/it\/product\/testosterone-enanthate-driada\/\",\"name\":\"Testos 250 mg\/ml (Testosterone Enanthate) - Steroidi in linea\",\"isPartOf\":{\"@id\":\"https:\/\/iberoid.com\/it\/#website\"},\"primaryImageOfPage\":{\"@id\":\"https:\/\/iberoid.com\/it\/product\/testosterone-enanthate-driada\/#primaryimage\"},\"image\":{\"@id\":\"https:\/\/iberoid.com\/it\/product\/testosterone-enanthate-driada\/#primaryimage\"},\"thumbnailUrl\":\"https:\/\/iberoid.com\/wp-content\/uploads\/2024\/10\/testos-driada-medical.webp\",\"datePublished\":\"2024-10-20T10:29:40+00:00\",\"dateModified\":\"2024-12-05T20:00:29+00:00\",\"breadcrumb\":{\"@id\":\"https:\/\/iberoid.com\/it\/product\/testosterone-enanthate-driada\/#breadcrumb\"},\"inLanguage\":\"it-IT\",\"potentialAction\":[{\"@type\":\"ReadAction\",\"target\":[[\"https:\/\/iberoid.com\/it\/product\/testosterone-enanthate-driada\/\"]]}]},{\"@type\":\"ImageObject\",\"inLanguage\":\"it-IT\",\"@id\":\"https:\/\/iberoid.com\/it\/product\/testosterone-enanthate-driada\/#primaryimage\",\"url\":\"https:\/\/iberoid.com\/wp-content\/uploads\/2024\/10\/testos-driada-medical.webp\",\"contentUrl\":\"https:\/\/iberoid.com\/wp-content\/uploads\/2024\/10\/testos-driada-medical.webp\",\"width\":1000,\"height\":1000},{\"@type\":\"BreadcrumbList\",\"@id\":\"https:\/\/iberoid.com\/it\/product\/testosterone-enanthate-driada\/#breadcrumb\",\"itemListElement\":[{\"@type\":\"ListItem\",\"position\":1,\"name\":\"Portada\",\"item\":\"https:\/\/iberoid.com\/it\/\"},{\"@type\":\"ListItem\",\"position\":2,\"name\":\"Negozio\",\"item\":\"https:\/\/iberoid.com\/it\/shop\/\"},{\"@type\":\"ListItem\",\"position\":3,\"name\":\"Testos 250 mg\/ml (Testosterone Enanthate)\"}]},{\"@type\":\"WebSite\",\"@id\":\"https:\/\/iberoid.com\/it\/#website\",\"url\":\"https:\/\/iberoid.com\/it\/\",\"name\":\"Steroidi in linea\",\"description\":\"Acquista steroidi online oggi in Spagna e Portogallo. Abbiamo il miglior servizio clienti del settore e prodotti di altissima qualit\u00e0\",\"potentialAction\":[{\"@type\":\"SearchAction\",\"target\":{\"@type\":\"EntryPoint\",\"urlTemplate\":\"https:\/\/iberoid.com\/it\/?s={search_term_string}\"},\"query-input\":{\"@type\":\"PropertyValueSpecification\",\"valueRequired\":true,\"valueName\":\"search_term_string\"}}],\"inLanguage\":\"it-IT\"}]}<\/script>\n<meta property=\"product:brand\" content=\"Driada\" \/>\n<meta property=\"product:price:amount\" content=\"40.00\" \/>\n<meta property=\"product:price:currency\" content=\"EUR\" \/>\n<meta property=\"og:availability\" content=\"out of stock\" \/>\n<meta property=\"product:availability\" content=\"out of stock\" \/>\n<meta property=\"product:condition\" content=\"new\" \/>\n<!-- \/ Yoast SEO Premium plugin. -->","yoast_head_json":{"title":"Testos 250 mg\/ml (Testosterone Enanthate) - Steroidi in linea","robots":{"index":"index","follow":"follow","max-snippet":"max-snippet:-1","max-image-preview":"max-image-preview:large","max-video-preview":"max-video-preview:-1"},"canonical":"https:\/\/iberoid.com\/it\/product\/testosterone-enanthate-driada\/","og_locale":"it_IT","og_type":"article","og_title":"Testos 250 mg\/ml (Testosterone Enanthate)","og_description":"Principio attivo: Enantato di testosterone Tipo: Steroide anabolizzante (Derivato del testosterone) Forma: Iniezioni Olio vettore:\u00a0Olio di semi d&#8217;uva + MCT","og_url":"https:\/\/iberoid.com\/it\/product\/testosterone-enanthate-driada\/","og_site_name":"Steroidi in linea","article_modified_time":"2024-12-05T20:00:29+00:00","og_image":[{"width":1000,"height":1000,"url":"https:\/\/iberoid.com\/wp-content\/uploads\/2024\/10\/testos-driada-medical.webp","type":"image\/webp"}],"twitter_card":"summary_large_image","twitter_misc":{"Prezzo":"&euro;40.00","Disponibilit\u00e0":"Esaurito"},"schema":{"@context":"https:\/\/schema.org","@graph":[{"@type":"WebPage","@id":"https:\/\/iberoid.com\/it\/product\/testosterone-enanthate-driada\/","url":"https:\/\/iberoid.com\/it\/product\/testosterone-enanthate-driada\/","name":"Testos 250 mg\/ml (Testosterone Enanthate) - Steroidi in linea","isPartOf":{"@id":"https:\/\/iberoid.com\/it\/#website"},"primaryImageOfPage":{"@id":"https:\/\/iberoid.com\/it\/product\/testosterone-enanthate-driada\/#primaryimage"},"image":{"@id":"https:\/\/iberoid.com\/it\/product\/testosterone-enanthate-driada\/#primaryimage"},"thumbnailUrl":"https:\/\/iberoid.com\/wp-content\/uploads\/2024\/10\/testos-driada-medical.webp","datePublished":"2024-10-20T10:29:40+00:00","dateModified":"2024-12-05T20:00:29+00:00","breadcrumb":{"@id":"https:\/\/iberoid.com\/it\/product\/testosterone-enanthate-driada\/#breadcrumb"},"inLanguage":"it-IT","potentialAction":[{"@type":"ReadAction","target":[["https:\/\/iberoid.com\/it\/product\/testosterone-enanthate-driada\/"]]}]},{"@type":"ImageObject","inLanguage":"it-IT","@id":"https:\/\/iberoid.com\/it\/product\/testosterone-enanthate-driada\/#primaryimage","url":"https:\/\/iberoid.com\/wp-content\/uploads\/2024\/10\/testos-driada-medical.webp","contentUrl":"https:\/\/iberoid.com\/wp-content\/uploads\/2024\/10\/testos-driada-medical.webp","width":1000,"height":1000},{"@type":"BreadcrumbList","@id":"https:\/\/iberoid.com\/it\/product\/testosterone-enanthate-driada\/#breadcrumb","itemListElement":[{"@type":"ListItem","position":1,"name":"Portada","item":"https:\/\/iberoid.com\/it\/"},{"@type":"ListItem","position":2,"name":"Negozio","item":"https:\/\/iberoid.com\/it\/shop\/"},{"@type":"ListItem","position":3,"name":"Testos 250 mg\/ml (Testosterone Enanthate)"}]},{"@type":"WebSite","@id":"https:\/\/iberoid.com\/it\/#website","url":"https:\/\/iberoid.com\/it\/","name":"Steroidi in linea","description":"Acquista steroidi online oggi in Spagna e Portogallo. Abbiamo il miglior servizio clienti del settore e prodotti di altissima qualit\u00e0","potentialAction":[{"@type":"SearchAction","target":{"@type":"EntryPoint","urlTemplate":"https:\/\/iberoid.com\/it\/?s={search_term_string}"},"query-input":{"@type":"PropertyValueSpecification","valueRequired":true,"valueName":"search_term_string"}}],"inLanguage":"it-IT"}]},"product_brand":"Driada","product_price_amount":"40.00","product_price_currency":"EUR","og_availability":"out of stock","product_availability":"out of stock","product_condition":"new"},"_links":{"self":[{"href":"https:\/\/iberoid.com\/it\/wp-json\/wp\/v2\/product\/9728","targetHints":{"allow":["GET"]}}],"collection":[{"href":"https:\/\/iberoid.com\/it\/wp-json\/wp\/v2\/product"}],"about":[{"href":"https:\/\/iberoid.com\/it\/wp-json\/wp\/v2\/types\/product"}],"replies":[{"embeddable":true,"href":"https:\/\/iberoid.com\/it\/wp-json\/wp\/v2\/comments?post=9728"}],"wp:featuredmedia":[{"embeddable":true,"href":"https:\/\/iberoid.com\/it\/wp-json\/wp\/v2\/media\/9729"}],"wp:attachment":[{"href":"https:\/\/iberoid.com\/it\/wp-json\/wp\/v2\/media?parent=9728"}],"wp:term":[{"taxonomy":"product_brand","embeddable":true,"href":"https:\/\/iberoid.com\/it\/wp-json\/wp\/v2\/product_brand?post=9728"},{"taxonomy":"product_cat","embeddable":true,"href":"https:\/\/iberoid.com\/it\/wp-json\/wp\/v2\/product_cat?post=9728"},{"taxonomy":"product_tag","embeddable":true,"href":"https:\/\/iberoid.com\/it\/wp-json\/wp\/v2\/product_tag?post=9728"}],"curies":[{"name":"wp","href":"https:\/\/api.w.org\/{rel}","templated":true}]}}