{"id":9730,"date":"2024-10-20T10:32:53","date_gmt":"2024-10-20T10:32:53","guid":{"rendered":"https:\/\/iberoid.com\/?post_type=product&#038;p=9730"},"modified":"2025-02-16T08:08:02","modified_gmt":"2025-02-16T08:08:02","slug":"boldelad-250-mg-ml-boldenone-undecylenatedriada","status":"publish","type":"product","link":"https:\/\/iberoid.com\/it\/product\/boldelad-250-mg-ml-boldenone-undecylenatedriada\/","title":{"rendered":"Boldelad 250 mg\/ml (Boldenone Undecylenate)"},"content":{"rendered":"<p><\/p>\n<ul>\n<li>Principio attivo: Boldenone Undecilenato<\/li>\n<li>Tipo: steroide anabolizzante (derivato del testosterone)<\/li>\n<li>Forma: Iniezioni<\/li>\n<li><strong>Olio vettore:\u00a0<\/strong>\u00a0Olio di sesamo<\/li>\n<\/ul>\n<h2><strong>Cos&#8217;\u00e8 il Boldenone?<\/strong><\/h2>\n<div>Il boldenone \u00e8 un derivato del testosterone, uno steroide anabolizzante. Le sue azioni principali sono la costruzione di massa muscolare di alta qualit\u00e0 e l&#8217;aumento della forza, l&#8217;aumento del rilievo corporeo (in combinazione con il cosiddetto &#8220;cutting&#8221;), l&#8217;aumento del pattern venoso, l&#8217;aumento dell&#8217;energia, il miglioramento del benessere, l&#8217;aumento dell&#8217;autostima e cos\u00ec via.<\/div>\n<div><\/div>\n<div>Il farmaco \u00e8 stato originariamente sviluppato per aumentare la massa muscolare negli animali ed \u00e8 stato utilizzato esclusivamente in medicina veterinaria. Poco dopo, la formula del boldenone \u00e8 stata studiata in modo pi\u00f9 approfondito e di conseguenza ne \u00e8 stato raccomandato l&#8217;uso nell&#8217;uomo. La sua formula contiene un doppio legame tra i primi atomi di carbonio. Ci\u00f2 ha contribuito al fatto che il rischio di effetti collaterali derivanti dall&#8217;assunzione del farmaco \u00e8 significativamente ridotto e la diversit\u00e0 di questi effetti \u00e8 limitata.<\/div>\n<div><\/div>\n<div>Il farmaco ha buone recensioni, poich\u00e9 il suo indice androgenico \u00e8 due volte inferiore a quello del testosterone, e l&#8217;indice anabolico \u00e8 lo stesso &#8211; cento, non ha attivit\u00e0 estrogenica e progestinica, e, cosa molto importante, non \u00e8 assolutamente tossico per il fegato.<\/div>\n<div><\/div>\n<div>Il farmaco viene escreto dall&#8217;organismo dai reni. L&#8217;emivita \u00e8 di due settimane (o quattordici giorni). \u00c8 possibile rilevare la presenza del farmaco nell&#8217;organismo quasi sei mesi dopo l&#8217;ultima dose, poich\u00e9 le molecole di boldenone possono essere completamente espulse dall&#8217;organismo quattro (in alcuni casi fino a dieci) mesi dopo l&#8217;assunzione dell&#8217;ultima dose.<\/div>\n<div><\/div>\n<div>Inoltre, il farmaco conferisce rigidit\u00e0 ai muscoli, migliora la vascolarizzazione. In termini di effetti complessivi, aumenta significativamente l&#8217;appetito e il numero di globuli rossi e favorisce il rilascio di eritropoietina nei reni, con un miglioramento dell&#8217;apporto di ossigeno ai tessuti, ma il sangue si addensa notevolmente, il che pu\u00f2 portare a trombosi e problemi al sistema cardiovascolare.<\/div>\n<div><\/div>\n<div>Il boldenone non \u00e8 soggetto ad aromatizzazione, non attiva i recettori degli estrogeni, ha propriet\u00e0 molto meno androgene e, a differenza di altri steroidi, pu\u00f2 essere utilizzato da persone affette da patologie della prostata.<\/div>\n<div><\/div>\n<div>Il bboldenone viene utilizzato anche nei corsi di testosterone come anabolizzante e leggero inibitore dell&#8217;aromatasi. Nei soggetti non soggetti a forte aromatizzazione, il boldenone pu\u00f2 sostituire la necessit\u00e0 di assumere anastrasol.<\/div>\n<div><\/div>\n<div>Il boldenone \u00e8 disponibile solo in esteri non decelati.<\/div>\n<div><\/div>\n<h3><strong>Uso per ridurre l&#8217;estradiolo<\/strong><\/h3>\n<div>Il boldenone \u00e8 uno steroide anabolizzante noto solo per le sue qualit\u00e0 anabolizzanti, ma \u00e8 anche un ottimo strumento per ridurre l&#8217;estradiolo durante il ciclo. Il boldenone ha qualit\u00e0 come l&#8217;aumento dell&#8217;appetito e la venosit\u00e0 del corpo, ma il suo fascino principale \u00e8 che unisce alle propriet\u00e0 di un anabolizzante quelle di ridurre l&#8217;estradiolo (ormone sessuale femminile). Di solito, durante i cicli di steroidi, da parte degli atleti professionisti, il dosaggio di boldenone raggiunge gli 800-1200 mg, il che provoca uno shock negli atleti alle prime armi che non ne hanno mai fatto uso.<\/div>\n<div><\/div>\n<div>Come agente anabolizzante, questo farmaco non \u00e8 molto efficace, quindi il suo dosaggio deve essere piuttosto elevato. Anche se non siete sollevatori molto pesanti, molto probabilmente non noterete in alcun modo il dosaggio di 250 mg, anche se si tratta del vostro primo ciclo. Secondo gli atleti che hanno usato il boldenone da solo (senza altri farmaci) dopo 4 settimane &#8211; le sensazioni erano come se l&#8217;atleta fosse completamente caduto dalla pista, inoltre i livelli di estradiolo si sentivano al di sotto della norma.<\/div>\n<div><\/div>\n<div>La conclusione \u00e8 semplice: il boldenone pu\u00f2 essere solo un&#8217;aggiunta ai farmaci principali del ciclo, ma non la sua base. Durante il ciclo, il testosterone deve essere incluso, altrimenti si abbasser\u00e0 l&#8217;estradiolo a valori sfavorevoli per la salute. Il boldenone \u00e8 un farmaco che pu\u00f2 essere associato solo al testosterone, per ottenere un&#8217;aggiunta di estradiolo nel sangue, che il boldenone abbassa.<\/div>\n<div><\/div>\n<div>In caso contrario, il farmaco &#8220;uccide&#8221; l&#8217;estradiolo. Come \u00e8 noto, un basso livello di estradiolo porta a conseguenze come la diminuzione della libido, l&#8217;osteoporosi, il deterioramento dell&#8217;umore e altre ancora. Il rapporto di quantit\u00e0 tra boldenone e testosterone deve essere scelto individualmente.<\/div>\n<div><\/div>\n<div>Il nostro consiglio \u00e8 di iniziare con 2 parti di testosterone per 1 parte di boldenone.<\/div>\n<div><\/div>\n<div>Alcuni giorni dopo l&#8217;iniezione di boldenone, controllare l&#8217;estradolo nel sangue. Se l&#8217;estradiolo \u00e8 ancora alto, aumentare il dosaggio di boldenone.<\/div>\n<div><\/div>\n<div>Spesso le proporzioni di boldenone e testosterone possono essere 1:1 per mantenere l&#8217;estradiolo nel mezzo dei valori di riferimento.<\/div>\n<div><\/div>\n<h3><strong>Profilo<\/strong><\/h3>\n<ul>\n<li>Frequenza delle iniezioni &#8211; ogni 7-10 giorni<\/li>\n<li>Emivita: 10-14 giorni<\/li>\n<\/ul>\n<p><\/p>","protected":false},"excerpt":{"rendered":"<p>Principio attivo: Boldenone Undecilenato Tipo: steroide anabolizzante (derivato del testosterone) Forma: Iniezioni Olio vettore:\u00a0\u00a0Olio di sesamo Cos&#8217;\u00e8 il Boldenone? Il<\/p>\n","protected":false},"featured_media":9731,"comment_status":"open","ping_status":"closed","template":"","meta":[],"product_brand":[],"product_cat":[69],"product_tag":[],"class_list":{"0":"post-9730","1":"product","2":"type-product","3":"status-publish","4":"has-post-thumbnail","6":"product_cat-esteroides_inyectables","8":"first","9":"outofstock","10":"sale","11":"shipping-taxable","12":"purchasable","13":"product-type-simple"},"yoast_head":"<!-- This site is optimized with the Yoast SEO Premium plugin v24.4 (Yoast SEO v27.0) - https:\/\/yoast.com\/product\/yoast-seo-premium-wordpress\/ -->\n<title>Boldelad 250 mg\/ml (Boldenone Undecylenate) - Steroidi in linea<\/title>\n<meta name=\"robots\" content=\"index, follow, max-snippet:-1, max-image-preview:large, max-video-preview:-1\" \/>\n<link rel=\"canonical\" href=\"https:\/\/iberoid.com\/it\/product\/boldelad-250-mg-ml-boldenone-undecylenatedriada\/\" \/>\n<meta property=\"og:locale\" content=\"it_IT\" \/>\n<meta property=\"og:type\" content=\"article\" \/>\n<meta property=\"og:title\" content=\"Boldelad 250 mg\/ml (Boldenone Undecylenate)\" \/>\n<meta property=\"og:description\" content=\"Principio attivo: Boldenone Undecilenato Tipo: steroide anabolizzante (derivato del testosterone) Forma: Iniezioni Olio vettore:\u00a0\u00a0Olio di sesamo Cos&#8217;\u00e8 il Boldenone? Il\" \/>\n<meta property=\"og:url\" content=\"https:\/\/iberoid.com\/it\/product\/boldelad-250-mg-ml-boldenone-undecylenatedriada\/\" \/>\n<meta property=\"og:site_name\" content=\"Steroidi in linea\" \/>\n<meta property=\"article:modified_time\" content=\"2025-02-16T08:08:02+00:00\" \/>\n<meta property=\"og:image\" content=\"https:\/\/iberoid.com\/wp-content\/uploads\/2024\/10\/bolde-driad-scaled.webp\" \/>\n\t<meta property=\"og:image:width\" content=\"2560\" \/>\n\t<meta property=\"og:image:height\" content=\"2560\" \/>\n\t<meta property=\"og:image:type\" content=\"image\/webp\" \/>\n<meta name=\"twitter:card\" content=\"summary_large_image\" \/>\n<meta name=\"twitter:label1\" content=\"Prezzo\" \/>\n\t<meta name=\"twitter:data1\" content=\"&euro;40.00\" \/>\n\t<meta name=\"twitter:label2\" content=\"Disponibilit\u00e0\" \/>\n\t<meta name=\"twitter:data2\" content=\"Esaurito\" \/>\n<script type=\"application\/ld+json\" class=\"yoast-schema-graph\">{\"@context\":\"https:\/\/schema.org\",\"@graph\":[{\"@type\":\"WebPage\",\"@id\":\"https:\/\/iberoid.com\/it\/product\/boldelad-250-mg-ml-boldenone-undecylenatedriada\/\",\"url\":\"https:\/\/iberoid.com\/it\/product\/boldelad-250-mg-ml-boldenone-undecylenatedriada\/\",\"name\":\"Boldelad 250 mg\/ml (Boldenone Undecylenate) - Steroidi in linea\",\"isPartOf\":{\"@id\":\"https:\/\/iberoid-shop.com\/#website\"},\"primaryImageOfPage\":{\"@id\":\"https:\/\/iberoid.com\/it\/product\/boldelad-250-mg-ml-boldenone-undecylenatedriada\/#primaryimage\"},\"image\":{\"@id\":\"https:\/\/iberoid.com\/it\/product\/boldelad-250-mg-ml-boldenone-undecylenatedriada\/#primaryimage\"},\"thumbnailUrl\":\"https:\/\/iberoid.com\/wp-content\/uploads\/2024\/10\/bolde-driad-scaled.webp\",\"datePublished\":\"2024-10-20T10:32:53+00:00\",\"dateModified\":\"2025-02-16T08:08:02+00:00\",\"breadcrumb\":{\"@id\":\"https:\/\/iberoid.com\/it\/product\/boldelad-250-mg-ml-boldenone-undecylenatedriada\/#breadcrumb\"},\"inLanguage\":\"it-IT\",\"potentialAction\":[{\"@type\":\"ReadAction\",\"target\":[[\"https:\/\/iberoid.com\/it\/product\/boldelad-250-mg-ml-boldenone-undecylenatedriada\/\"]]}]},{\"@type\":\"ImageObject\",\"inLanguage\":\"it-IT\",\"@id\":\"https:\/\/iberoid.com\/it\/product\/boldelad-250-mg-ml-boldenone-undecylenatedriada\/#primaryimage\",\"url\":\"https:\/\/iberoid.com\/wp-content\/uploads\/2024\/10\/bolde-driad-scaled.webp\",\"contentUrl\":\"https:\/\/iberoid.com\/wp-content\/uploads\/2024\/10\/bolde-driad-scaled.webp\",\"width\":2560,\"height\":2560},{\"@type\":\"BreadcrumbList\",\"@id\":\"https:\/\/iberoid.com\/it\/product\/boldelad-250-mg-ml-boldenone-undecylenatedriada\/#breadcrumb\",\"itemListElement\":[{\"@type\":\"ListItem\",\"position\":1,\"name\":\"Portada\",\"item\":\"https:\/\/iberoid.com\/it\/\"},{\"@type\":\"ListItem\",\"position\":2,\"name\":\"Negozio\",\"item\":\"https:\/\/iberoid.com\/it\/shop\/\"},{\"@type\":\"ListItem\",\"position\":3,\"name\":\"Boldelad 250 mg\/ml (Boldenone Undecylenate)\"}]},{\"@type\":\"WebSite\",\"@id\":\"https:\/\/iberoid-shop.com\/#website\",\"url\":\"https:\/\/iberoid-shop.com\/\",\"name\":\"Steroidi in linea\",\"description\":\"Acquista steroidi online oggi in Spagna e Portogallo. Abbiamo il miglior servizio clienti del settore e prodotti di altissima qualit\u00e0\",\"potentialAction\":[{\"@type\":\"SearchAction\",\"target\":{\"@type\":\"EntryPoint\",\"urlTemplate\":\"https:\/\/iberoid-shop.com\/?s={search_term_string}\"},\"query-input\":{\"@type\":\"PropertyValueSpecification\",\"valueRequired\":true,\"valueName\":\"search_term_string\"}}],\"inLanguage\":\"it-IT\"}]}<\/script>\n<meta property=\"product:brand\" content=\"Driada\" \/>\n<meta property=\"product:price:amount\" content=\"40.00\" \/>\n<meta property=\"product:price:currency\" content=\"EUR\" \/>\n<meta property=\"og:availability\" content=\"out of stock\" \/>\n<meta property=\"product:availability\" content=\"out of stock\" \/>\n<meta property=\"product:condition\" content=\"new\" \/>\n<!-- \/ Yoast SEO Premium plugin. -->","yoast_head_json":{"title":"Boldelad 250 mg\/ml (Boldenone Undecylenate) - Steroidi in linea","robots":{"index":"index","follow":"follow","max-snippet":"max-snippet:-1","max-image-preview":"max-image-preview:large","max-video-preview":"max-video-preview:-1"},"canonical":"https:\/\/iberoid.com\/it\/product\/boldelad-250-mg-ml-boldenone-undecylenatedriada\/","og_locale":"it_IT","og_type":"article","og_title":"Boldelad 250 mg\/ml (Boldenone Undecylenate)","og_description":"Principio attivo: Boldenone Undecilenato Tipo: steroide anabolizzante (derivato del testosterone) Forma: Iniezioni Olio vettore:\u00a0\u00a0Olio di sesamo Cos&#8217;\u00e8 il Boldenone? Il","og_url":"https:\/\/iberoid.com\/it\/product\/boldelad-250-mg-ml-boldenone-undecylenatedriada\/","og_site_name":"Steroidi in linea","article_modified_time":"2025-02-16T08:08:02+00:00","og_image":[{"width":2560,"height":2560,"url":"https:\/\/iberoid.com\/wp-content\/uploads\/2024\/10\/bolde-driad-scaled.webp","type":"image\/webp"}],"twitter_card":"summary_large_image","twitter_misc":{"Prezzo":"&euro;40.00","Disponibilit\u00e0":"Esaurito"},"schema":{"@context":"https:\/\/schema.org","@graph":[{"@type":"WebPage","@id":"https:\/\/iberoid.com\/it\/product\/boldelad-250-mg-ml-boldenone-undecylenatedriada\/","url":"https:\/\/iberoid.com\/it\/product\/boldelad-250-mg-ml-boldenone-undecylenatedriada\/","name":"Boldelad 250 mg\/ml (Boldenone Undecylenate) - Steroidi in linea","isPartOf":{"@id":"https:\/\/iberoid-shop.com\/#website"},"primaryImageOfPage":{"@id":"https:\/\/iberoid.com\/it\/product\/boldelad-250-mg-ml-boldenone-undecylenatedriada\/#primaryimage"},"image":{"@id":"https:\/\/iberoid.com\/it\/product\/boldelad-250-mg-ml-boldenone-undecylenatedriada\/#primaryimage"},"thumbnailUrl":"https:\/\/iberoid.com\/wp-content\/uploads\/2024\/10\/bolde-driad-scaled.webp","datePublished":"2024-10-20T10:32:53+00:00","dateModified":"2025-02-16T08:08:02+00:00","breadcrumb":{"@id":"https:\/\/iberoid.com\/it\/product\/boldelad-250-mg-ml-boldenone-undecylenatedriada\/#breadcrumb"},"inLanguage":"it-IT","potentialAction":[{"@type":"ReadAction","target":[["https:\/\/iberoid.com\/it\/product\/boldelad-250-mg-ml-boldenone-undecylenatedriada\/"]]}]},{"@type":"ImageObject","inLanguage":"it-IT","@id":"https:\/\/iberoid.com\/it\/product\/boldelad-250-mg-ml-boldenone-undecylenatedriada\/#primaryimage","url":"https:\/\/iberoid.com\/wp-content\/uploads\/2024\/10\/bolde-driad-scaled.webp","contentUrl":"https:\/\/iberoid.com\/wp-content\/uploads\/2024\/10\/bolde-driad-scaled.webp","width":2560,"height":2560},{"@type":"BreadcrumbList","@id":"https:\/\/iberoid.com\/it\/product\/boldelad-250-mg-ml-boldenone-undecylenatedriada\/#breadcrumb","itemListElement":[{"@type":"ListItem","position":1,"name":"Portada","item":"https:\/\/iberoid.com\/it\/"},{"@type":"ListItem","position":2,"name":"Negozio","item":"https:\/\/iberoid.com\/it\/shop\/"},{"@type":"ListItem","position":3,"name":"Boldelad 250 mg\/ml (Boldenone Undecylenate)"}]},{"@type":"WebSite","@id":"https:\/\/iberoid-shop.com\/#website","url":"https:\/\/iberoid-shop.com\/","name":"Steroidi in linea","description":"Acquista steroidi online oggi in Spagna e Portogallo. Abbiamo il miglior servizio clienti del settore e prodotti di altissima qualit\u00e0","potentialAction":[{"@type":"SearchAction","target":{"@type":"EntryPoint","urlTemplate":"https:\/\/iberoid-shop.com\/?s={search_term_string}"},"query-input":{"@type":"PropertyValueSpecification","valueRequired":true,"valueName":"search_term_string"}}],"inLanguage":"it-IT"}]},"product_brand":"Driada","product_price_amount":"40.00","product_price_currency":"EUR","og_availability":"out of stock","product_availability":"out of stock","product_condition":"new"},"_links":{"self":[{"href":"https:\/\/iberoid.com\/it\/wp-json\/wp\/v2\/product\/9730","targetHints":{"allow":["GET"]}}],"collection":[{"href":"https:\/\/iberoid.com\/it\/wp-json\/wp\/v2\/product"}],"about":[{"href":"https:\/\/iberoid.com\/it\/wp-json\/wp\/v2\/types\/product"}],"replies":[{"embeddable":true,"href":"https:\/\/iberoid.com\/it\/wp-json\/wp\/v2\/comments?post=9730"}],"wp:featuredmedia":[{"embeddable":true,"href":"https:\/\/iberoid.com\/it\/wp-json\/wp\/v2\/media\/9731"}],"wp:attachment":[{"href":"https:\/\/iberoid.com\/it\/wp-json\/wp\/v2\/media?parent=9730"}],"wp:term":[{"taxonomy":"product_brand","embeddable":true,"href":"https:\/\/iberoid.com\/it\/wp-json\/wp\/v2\/product_brand?post=9730"},{"taxonomy":"product_cat","embeddable":true,"href":"https:\/\/iberoid.com\/it\/wp-json\/wp\/v2\/product_cat?post=9730"},{"taxonomy":"product_tag","embeddable":true,"href":"https:\/\/iberoid.com\/it\/wp-json\/wp\/v2\/product_tag?post=9730"}],"curies":[{"name":"wp","href":"https:\/\/api.w.org\/{rel}","templated":true}]}}