{"id":9732,"date":"2024-10-20T10:35:06","date_gmt":"2024-10-20T10:35:06","guid":{"rendered":"https:\/\/iberoid.com\/?post_type=product&#038;p=9732"},"modified":"2025-02-24T09:23:56","modified_gmt":"2025-02-24T09:23:56","slug":"sustanon-driada","status":"publish","type":"product","link":"https:\/\/iberoid.com\/it\/product\/sustanon-driada\/","title":{"rendered":"Sustalad 250 mg\/ml (Sustanon)"},"content":{"rendered":"<p><\/p>\n<ul>\n<li>Principio attivo: Testosterone isocaproato 60 mg, testosterone fenilpropionato 60 mg, testosterone propionato 30 mg\/ml, testosterone decanoato 100 mg\/ml<\/li>\n<li>Tipo: Steroide anabolizzante (Derivato del testosterone)<\/li>\n<li>Forma: Iniezioni<\/li>\n<li><b>Olio veicolante:\u00a0<\/b>Olio di sesamo + MCT<\/li>\n<\/ul>\n<h2><b>Descrizione\u00a0<\/b><\/h2>\n<p>Il testosterone \u00e8 il principale ormone sessuale negli esseri umani, svolge un ruolo chiave nello sviluppo dei tessuti riproduttivi maschili come testicoli e prostata, e anche per le donne, oltre a promuovere caratteristiche sessuali secondarie come l&#8217;aumento della massa muscolare e ossea e i peli corporei per gli uomini. Inoltre, il testosterone \u00e8 coinvolto nella salute e nel benessere e nella prevenzione dell&#8217;osteoporosi in entrambi i sessi. Livelli insufficienti di testosterone negli uomini possono portare a anomalie tra cui fragilit\u00e0 e perdita ossea. Il testosterone ha propriet\u00e0 anaboliche pronunciate: aumenta la massa muscolare, accelera la sintesi proteica, aumentando il tasso di recupero e la fornitura di glicogeno nei muscoli ecc. Il testosterone controlla un numero infinito di processi nel corpo, \u00e8 l&#8217;ormone pi\u00f9 comune nel nostro corpo che \u00e8 sempre necessario, poich\u00e9 i farmaci a base di testosterone sono utilizzati sia da persone anziane con ipogonadismo senile sia da atleti durante il ciclo di steroidi come base.<\/p>\n<h2><b>Meccanismo d&#8217;azione<\/b><\/h2>\n<p>Il testosterone si lega ai recettori degli androgeni ed \u00e8 un precursore di un altro androgeno biologicamente attivo, il diidrotestosterone, che si forma per esposizione al testosterone dell&#8217;enzima 5\u03b1-riduttasi. Il diidrotestosterone ha una capacit\u00e0 di legarsi ai recettori degli androgeni cinque volte maggiore. Sotto l&#8217;influenza di questi ormoni, il recettore cambia la sua struttura e trasmette un segnale al nucleo della cellula, dove gli effetti androgeni si realizzano modificando l&#8217;attivit\u00e0 di determinati geni del DNA. Il testosterone pu\u00f2 essere convertito in estrogeno sotto l&#8217;influenza dell&#8217;aromatasi (questa caratteristica \u00e8 chiamata aromatizzazione). Predominano gli estrogeni, piuttosto che il testosterone, a attivare il feedback attraverso l&#8217;asse ipotalamo-ipofisi-testicoli e a sopprimere la secrezione di testosterone endogeno quando vengono somministrati farmaci esogeni.<\/p>\n<h2><b>Uso medico<\/b><\/h2>\n<p>Il testosterone \u00e8 incluso nell&#8217;elenco dei farmaci essenziali dell&#8217;Organizzazione Mondiale della Sanit\u00e0, che sono i farmaci pi\u00f9 importanti necessari in un sistema sanitario di base, quindi l&#8217;opinione che sia solo uno steroide anabolizzante per aumentare la massa muscolare e la forza \u00e8 sbagliata, \u00e8 un farmaco ormonale vitale. Il testosterone \u00e8 usato come farmaco per il trattamento della disforia di genere, dell&#8217;ipogonadismo maschile e di alcuni tipi di cancro al seno.<\/p>\n<p>Poich\u00e9 i livelli di testosterone diminuiscono con l&#8217;et\u00e0 negli uomini, per mantenere la salute e la qualit\u00e0 della vita, \u00e8 necessario aggiungere la terapia ormonale sostitutiva (HRT) o la terapia sostitutiva con testosterone (TRT). L&#8217;HRT mantiene i livelli sierici di testosterone nel range normale. Il declino della produzione di testosterone con l&#8217;et\u00e0 ha portato a un interesse per la terapia sostitutiva con androgeni.<\/p>\n<p>Umore, capacit\u00e0 spaziale, attenzione, memoria e altre funzioni cognitive chiave sono influenzate dal testosterone negli esseri umani. Le prove preliminari suggeriscono che bassi livelli di testosterone siano un fattore di rischio per il declino cognitivo e possibilmente per la demenza di tipo Alzheimer.<\/p>\n<p>In entrambi i sessi, il testosterone \u00e8 coinvolto nella salute e nel benessere e nella prevenzione dell&#8217;osteoporosi. Livelli insufficienti di testosterone negli uomini possono portare a anomalie tra cui fragilit\u00e0 e perdita ossea. Inoltre, il trattamento con testosterone \u00e8 benefico negli uomini adulti con bassi livelli di testosterone legati all&#8217;et\u00e0 che hanno disfunzioni sessuali.<\/p>\n<h3><b>Testosterone per anziani<\/b><\/h3>\n<p>Gli uomini sopra i 35 anni che si lamentano del loro benessere sono molto spesso invitati a testare il testosterone nel sangue, e se \u00e8 inferiore a 12 nmol\/l, viene loro offerta la terapia ormonale sostitutiva. Questa decisione ha una serie di aspetti positivi. La composizione del corpo cambia in meglio: pi\u00f9 carne, meno grasso, la funzione sessuale vive una seconda giovinezza, c&#8217;\u00e8 un certo effetto ringiovanente, in generale, il corpo recupera tutta la negativit\u00e0 che ha ricevuto durante il periodo di carenza di androgeni.<\/p>\n<p>\u00c8 necessaria l&#8217;attenzione del medico: \u00e8 necessario monitorare costantemente il profilo lipidico, i parametri ematici clinici generali, i livelli di estradiolo e prolattina.<\/p>\n<p>\u00c8 altrettanto importante che la produzione di gonadotropine naturali su HRT si avvicini costantemente allo zero. Pertanto, se \u00e8 necessario avere figli, \u00e8 necessaria una terapia speciale con l&#8217;uso di gonadotropine.<\/p>\n<p>Per la selezione del dosaggio della terapia con testosterone \u00e8 necessaria la consultazione del medico. Il dosaggio dipende dai livelli normali di testosterone, dai livelli attuali, dal peso corporeo, dalla percentuale di grasso corporeo, dall&#8217;SHBG e dal processo di aromatizzazione.<\/p>\n<p>I dosaggi approssimativi per la terapia sostitutiva sono molto pi\u00f9 bassi di quelli per gli atleti 50-200 mg a settimana.<\/p>\n<h3><b>Testosterone nello sport<\/b><\/h3>\n<p>Il principale vantaggio del testosterone \u00e8 l&#8217;aumento della massa muscolare e della forza.\u00a0 Oltre all&#8217;effetto anabolizzante, il farmaco ha un forte effetto androgenico. Gli androgeni agiscono entrando in una cellula e entrando in contatto con la proteina AR. Questo contatto stimola la proteina AR a cambiare forma e diventare attivata. Sebbene sia un piccolo cambiamento, l&#8217;effetto \u00e8 grande perch\u00e9 consente all&#8217;AR di entrare nel nucleo e afferrare il DNA (noto anche come legame al DNA).<\/p>\n<p>Il rapido aumento di peso \u00e8 associato a una significativa ritenzione idrica attraverso la ritenzione di sodio e gli effetti estrogenici. Ecco perch\u00e9 il testosterone spesso aiuta a trattare i problemi articolari, il dolore e il crunch nelle spalle e nelle ginocchia, ma il nandrolone e l&#8217;ormone della crescita sarebbero pi\u00f9 preferibili a questo riguardo. Il testosterone stimola i processi di rigenerazione nel corpo. Aumenta il tono generale e la voglia di esercitarsi, previene il sovrallenamento. Aumenta la capacit\u00e0 di ossigeno del sangue e la produzione di ossido nitrico, che porta a un buon pump durante l&#8217;allenamento.<\/p>\n<p>La dose raccomandata nello sport \u00e8 di 250-500 mg a settimana, mentre con l&#8217;aumento del peso corporeo dell&#8217;atleta, il dosaggio viene spesso rivisto verso l&#8217;alto. Di solito il ciclo di testosterone dura 8-10 settimane, e dopo 2-3 settimane viene eseguita la terapia post ciclo. Molto spesso il testosterone viene utilizzato per periodi pi\u00f9 lunghi. Il dosaggio massimo di testosterone \u00e8 di 2000 a settimana per atleti professionisti di alto livello, ulteriori aumenti di dosaggio sono inutili, solo gli effetti collaterali aumenteranno.<\/p>\n<p>Per evitare lo sviluppo di effetti collaterali estrogenici a causa del processo di aromatizzazione, \u00e8 altamente desiderabile fare test, ecc., e la necessit\u00e0 di usare inibitori dell&#8217;aromatasi. \u00c8 ottimale testare il livello di estradiolo prima e durante l&#8217;uso di inibitori dell&#8217;aromatasi per monitorare l&#8217;efficacia e determinare il dosaggio necessario. Raccomandiamo fortemente di affidare la selezione del dosaggio solo a professionisti, tuttavia le informazioni di seguito sono fornite a titolo di riferimento.<\/p>\n<h3><b>Mix di testosterone<\/b><\/h3>\n<p>Ogni forma di testosterone inclusa nel Mix di testosterone ha un diverso tasso di assorbimento, il che consente di mantenere un livello costantemente alto di ormoni anabolizzanti nel sangue per quasi un mese. Non c&#8217;\u00e8 bisogno di iniezioni frequenti, il Mix di testosterone viene somministrato solo una volta ogni tre settimane (a scopo medico). Per scopi di costruzione muscolare sono necessarie iniezioni pi\u00f9 frequenti, una volta ogni 7 giorni. Alcuni atleti credono che il Mix di testosterone sia un corso combinato in una bottiglia, ma questo non \u00e8 del tutto vero, perch\u00e9 ogni componente del farmaco viene convertito nel corpo in una sola sostanza &#8211; il testosterone.<\/p>\n<h3><b>Dosaggi<\/b><\/h3>\n<ul>\n<li>Principiante: 250 mg a settimana<\/li>\n<li>Dosaggio medio: 300-750 mg a settimana<\/li>\n<li>Alto dosaggio: 750+ mg a settimana<\/li>\n<\/ul>\n<h3><b>Effetti<\/b><\/h3>\n<ul>\n<li>Aumento della massa muscolare<\/li>\n<li>Il testosterone \u00e8 coinvolto nello sviluppo degli organi genitali maschili, caratteristiche sessuali secondarie: voce bassa, tratti del viso maschili, crescita dei capelli di tipo maschile, e cos\u00ec via<\/li>\n<li>Fornisce spermatogenesi e comportamento maschile (sessuale, aggressivit\u00e0, risolutezza)<\/li>\n<li>Aumento della massa muscolare<\/li>\n<li>Bruciatura del grasso<\/li>\n<li>Aumento degli indicatori di forza<\/li>\n<li>Aumento della libido<\/li>\n<li>Riduzione dei livelli di colesterolo nel sangue<\/li>\n<li>Riduzione del rischio di ischemia cardiaca e malattia coronarica<\/li>\n<li>Stimolazione dell&#8217;eritropoiesi e distribuzione del tessuto adiposo sottocutaneo di tipo maschile<\/li>\n<li>Influenza sul metabolismo dell&#8217;azoto e del fosforo<\/li>\n<\/ul>\n<h3><b>Effetti collaterali<\/b><\/h3>\n<ul>\n<li>Aumento della pressione sanguigna<\/li>\n<li>Aumento del comportamento sessuale<\/li>\n<li>Emoconcentrazione (coagulazione del sangue)<\/li>\n<li>Possibilit\u00e0 di coaguli di sangue nei vasi arteriosi e venosi<\/li>\n<li>Accumulo di acqua (edema)<\/li>\n<li>Mascolinizzazione<\/li>\n<li>Aggressione, agitazione, irritabilit\u00e0<\/li>\n<li>Alopecia (calvizie del cuoio capelluto)<\/li>\n<li>Acne<\/li>\n<li>Insonnia (raro)<\/li>\n<\/ul>\n<h3><b>Profilo<\/b><\/h3>\n<ul>\n<li>Emivita: 7-15 giorni<\/li>\n<li>Frequenza delle iniezioni: 4-7 giorni<\/li>\n<\/ul>\n<p><\/p>","protected":false},"excerpt":{"rendered":"<p>Principio attivo: Testosterone isocaproato 60 mg, testosterone fenilpropionato 60 mg, testosterone propionato 30 mg\/ml, testosterone decanoato 100 mg\/ml Tipo: Steroide<\/p>\n","protected":false},"featured_media":9733,"comment_status":"open","ping_status":"closed","template":"","meta":[],"product_brand":[],"product_cat":[69],"product_tag":[],"class_list":{"0":"post-9732","1":"product","2":"type-product","3":"status-publish","4":"has-post-thumbnail","6":"product_cat-esteroides_inyectables","8":"first","9":"outofstock","10":"sale","11":"shipping-taxable","12":"purchasable","13":"product-type-simple"},"yoast_head":"<!-- This site is optimized with the Yoast SEO Premium plugin v24.4 (Yoast SEO v27.0) - https:\/\/yoast.com\/product\/yoast-seo-premium-wordpress\/ -->\n<title>Sustalad 250 mg\/ml (Sustanon) - Steroidi in linea<\/title>\n<meta name=\"robots\" content=\"index, follow, max-snippet:-1, max-image-preview:large, max-video-preview:-1\" \/>\n<link rel=\"canonical\" href=\"https:\/\/iberoid.com\/it\/product\/sustanon-driada\/\" \/>\n<meta property=\"og:locale\" content=\"it_IT\" \/>\n<meta property=\"og:type\" content=\"article\" \/>\n<meta property=\"og:title\" content=\"Sustalad 250 mg\/ml (Sustanon)\" \/>\n<meta property=\"og:description\" content=\"Principio attivo: Testosterone isocaproato 60 mg, testosterone fenilpropionato 60 mg, testosterone propionato 30 mg\/ml, testosterone decanoato 100 mg\/ml Tipo: Steroide\" \/>\n<meta property=\"og:url\" content=\"https:\/\/iberoid.com\/it\/product\/sustanon-driada\/\" \/>\n<meta property=\"og:site_name\" content=\"Steroidi in linea\" \/>\n<meta property=\"article:modified_time\" content=\"2025-02-24T09:23:56+00:00\" \/>\n<meta property=\"og:image\" content=\"https:\/\/iberoid.com\/wp-content\/uploads\/2024\/10\/sustalad-driada-medical.webp\" \/>\n\t<meta property=\"og:image:width\" content=\"1000\" \/>\n\t<meta property=\"og:image:height\" content=\"1000\" \/>\n\t<meta property=\"og:image:type\" content=\"image\/webp\" \/>\n<meta name=\"twitter:card\" content=\"summary_large_image\" \/>\n<meta name=\"twitter:label1\" content=\"Prezzo\" \/>\n\t<meta name=\"twitter:data1\" content=\"&euro;30.00\" \/>\n\t<meta name=\"twitter:label2\" content=\"Disponibilit\u00e0\" \/>\n\t<meta name=\"twitter:data2\" content=\"Esaurito\" \/>\n<script type=\"application\/ld+json\" class=\"yoast-schema-graph\">{\"@context\":\"https:\/\/schema.org\",\"@graph\":[{\"@type\":\"WebPage\",\"@id\":\"https:\/\/iberoid.com\/it\/product\/sustanon-driada\/\",\"url\":\"https:\/\/iberoid.com\/it\/product\/sustanon-driada\/\",\"name\":\"Sustalad 250 mg\/ml (Sustanon) - Steroidi in linea\",\"isPartOf\":{\"@id\":\"https:\/\/iberoid-shop.com\/#website\"},\"primaryImageOfPage\":{\"@id\":\"https:\/\/iberoid.com\/it\/product\/sustanon-driada\/#primaryimage\"},\"image\":{\"@id\":\"https:\/\/iberoid.com\/it\/product\/sustanon-driada\/#primaryimage\"},\"thumbnailUrl\":\"https:\/\/iberoid.com\/wp-content\/uploads\/2024\/10\/sustalad-driada-medical.webp\",\"datePublished\":\"2024-10-20T10:35:06+00:00\",\"dateModified\":\"2025-02-24T09:23:56+00:00\",\"breadcrumb\":{\"@id\":\"https:\/\/iberoid.com\/it\/product\/sustanon-driada\/#breadcrumb\"},\"inLanguage\":\"it-IT\",\"potentialAction\":[{\"@type\":\"ReadAction\",\"target\":[[\"https:\/\/iberoid.com\/it\/product\/sustanon-driada\/\"]]}]},{\"@type\":\"ImageObject\",\"inLanguage\":\"it-IT\",\"@id\":\"https:\/\/iberoid.com\/it\/product\/sustanon-driada\/#primaryimage\",\"url\":\"https:\/\/iberoid.com\/wp-content\/uploads\/2024\/10\/sustalad-driada-medical.webp\",\"contentUrl\":\"https:\/\/iberoid.com\/wp-content\/uploads\/2024\/10\/sustalad-driada-medical.webp\",\"width\":1000,\"height\":1000},{\"@type\":\"BreadcrumbList\",\"@id\":\"https:\/\/iberoid.com\/it\/product\/sustanon-driada\/#breadcrumb\",\"itemListElement\":[{\"@type\":\"ListItem\",\"position\":1,\"name\":\"Portada\",\"item\":\"https:\/\/iberoid.com\/it\/\"},{\"@type\":\"ListItem\",\"position\":2,\"name\":\"Negozio\",\"item\":\"https:\/\/iberoid.com\/it\/shop\/\"},{\"@type\":\"ListItem\",\"position\":3,\"name\":\"Sustalad 250 mg\/ml (Sustanon)\"}]},{\"@type\":\"WebSite\",\"@id\":\"https:\/\/iberoid-shop.com\/#website\",\"url\":\"https:\/\/iberoid-shop.com\/\",\"name\":\"Steroidi in linea\",\"description\":\"Acquista steroidi online oggi in Spagna e Portogallo. Abbiamo il miglior servizio clienti del settore e prodotti di altissima qualit\u00e0\",\"potentialAction\":[{\"@type\":\"SearchAction\",\"target\":{\"@type\":\"EntryPoint\",\"urlTemplate\":\"https:\/\/iberoid-shop.com\/?s={search_term_string}\"},\"query-input\":{\"@type\":\"PropertyValueSpecification\",\"valueRequired\":true,\"valueName\":\"search_term_string\"}}],\"inLanguage\":\"it-IT\"}]}<\/script>\n<meta property=\"product:price:amount\" content=\"30.00\" \/>\n<meta property=\"product:price:currency\" content=\"EUR\" \/>\n<meta property=\"og:availability\" content=\"out of stock\" \/>\n<meta property=\"product:availability\" content=\"out of stock\" \/>\n<meta property=\"product:condition\" content=\"new\" \/>\n<!-- \/ Yoast SEO Premium plugin. -->","yoast_head_json":{"title":"Sustalad 250 mg\/ml (Sustanon) - Steroidi in linea","robots":{"index":"index","follow":"follow","max-snippet":"max-snippet:-1","max-image-preview":"max-image-preview:large","max-video-preview":"max-video-preview:-1"},"canonical":"https:\/\/iberoid.com\/it\/product\/sustanon-driada\/","og_locale":"it_IT","og_type":"article","og_title":"Sustalad 250 mg\/ml (Sustanon)","og_description":"Principio attivo: Testosterone isocaproato 60 mg, testosterone fenilpropionato 60 mg, testosterone propionato 30 mg\/ml, testosterone decanoato 100 mg\/ml Tipo: Steroide","og_url":"https:\/\/iberoid.com\/it\/product\/sustanon-driada\/","og_site_name":"Steroidi in linea","article_modified_time":"2025-02-24T09:23:56+00:00","og_image":[{"width":1000,"height":1000,"url":"https:\/\/iberoid.com\/wp-content\/uploads\/2024\/10\/sustalad-driada-medical.webp","type":"image\/webp"}],"twitter_card":"summary_large_image","twitter_misc":{"Prezzo":"&euro;30.00","Disponibilit\u00e0":"Esaurito"},"schema":{"@context":"https:\/\/schema.org","@graph":[{"@type":"WebPage","@id":"https:\/\/iberoid.com\/it\/product\/sustanon-driada\/","url":"https:\/\/iberoid.com\/it\/product\/sustanon-driada\/","name":"Sustalad 250 mg\/ml (Sustanon) - Steroidi in linea","isPartOf":{"@id":"https:\/\/iberoid-shop.com\/#website"},"primaryImageOfPage":{"@id":"https:\/\/iberoid.com\/it\/product\/sustanon-driada\/#primaryimage"},"image":{"@id":"https:\/\/iberoid.com\/it\/product\/sustanon-driada\/#primaryimage"},"thumbnailUrl":"https:\/\/iberoid.com\/wp-content\/uploads\/2024\/10\/sustalad-driada-medical.webp","datePublished":"2024-10-20T10:35:06+00:00","dateModified":"2025-02-24T09:23:56+00:00","breadcrumb":{"@id":"https:\/\/iberoid.com\/it\/product\/sustanon-driada\/#breadcrumb"},"inLanguage":"it-IT","potentialAction":[{"@type":"ReadAction","target":[["https:\/\/iberoid.com\/it\/product\/sustanon-driada\/"]]}]},{"@type":"ImageObject","inLanguage":"it-IT","@id":"https:\/\/iberoid.com\/it\/product\/sustanon-driada\/#primaryimage","url":"https:\/\/iberoid.com\/wp-content\/uploads\/2024\/10\/sustalad-driada-medical.webp","contentUrl":"https:\/\/iberoid.com\/wp-content\/uploads\/2024\/10\/sustalad-driada-medical.webp","width":1000,"height":1000},{"@type":"BreadcrumbList","@id":"https:\/\/iberoid.com\/it\/product\/sustanon-driada\/#breadcrumb","itemListElement":[{"@type":"ListItem","position":1,"name":"Portada","item":"https:\/\/iberoid.com\/it\/"},{"@type":"ListItem","position":2,"name":"Negozio","item":"https:\/\/iberoid.com\/it\/shop\/"},{"@type":"ListItem","position":3,"name":"Sustalad 250 mg\/ml (Sustanon)"}]},{"@type":"WebSite","@id":"https:\/\/iberoid-shop.com\/#website","url":"https:\/\/iberoid-shop.com\/","name":"Steroidi in linea","description":"Acquista steroidi online oggi in Spagna e Portogallo. Abbiamo il miglior servizio clienti del settore e prodotti di altissima qualit\u00e0","potentialAction":[{"@type":"SearchAction","target":{"@type":"EntryPoint","urlTemplate":"https:\/\/iberoid-shop.com\/?s={search_term_string}"},"query-input":{"@type":"PropertyValueSpecification","valueRequired":true,"valueName":"search_term_string"}}],"inLanguage":"it-IT"}]},"product_price_amount":"30.00","product_price_currency":"EUR","og_availability":"out of stock","product_availability":"out of stock","product_condition":"new"},"_links":{"self":[{"href":"https:\/\/iberoid.com\/it\/wp-json\/wp\/v2\/product\/9732","targetHints":{"allow":["GET"]}}],"collection":[{"href":"https:\/\/iberoid.com\/it\/wp-json\/wp\/v2\/product"}],"about":[{"href":"https:\/\/iberoid.com\/it\/wp-json\/wp\/v2\/types\/product"}],"replies":[{"embeddable":true,"href":"https:\/\/iberoid.com\/it\/wp-json\/wp\/v2\/comments?post=9732"}],"wp:featuredmedia":[{"embeddable":true,"href":"https:\/\/iberoid.com\/it\/wp-json\/wp\/v2\/media\/9733"}],"wp:attachment":[{"href":"https:\/\/iberoid.com\/it\/wp-json\/wp\/v2\/media?parent=9732"}],"wp:term":[{"taxonomy":"product_brand","embeddable":true,"href":"https:\/\/iberoid.com\/it\/wp-json\/wp\/v2\/product_brand?post=9732"},{"taxonomy":"product_cat","embeddable":true,"href":"https:\/\/iberoid.com\/it\/wp-json\/wp\/v2\/product_cat?post=9732"},{"taxonomy":"product_tag","embeddable":true,"href":"https:\/\/iberoid.com\/it\/wp-json\/wp\/v2\/product_tag?post=9732"}],"curies":[{"name":"wp","href":"https:\/\/api.w.org\/{rel}","templated":true}]}}