{"id":9736,"date":"2024-10-20T10:50:32","date_gmt":"2024-10-20T10:50:32","guid":{"rendered":"https:\/\/iberoid.com\/?post_type=product&#038;p=9736"},"modified":"2024-11-11T09:11:22","modified_gmt":"2024-11-11T09:11:22","slug":"masteron-enanthate-driada","status":"publish","type":"product","link":"https:\/\/iberoid.com\/it\/product\/masteron-enanthate-driada\/","title":{"rendered":"Drostargos 200 mg\/ml (MASTERON ENANTHATE)"},"content":{"rendered":"<p><\/p>\n<ul>\n<li>Principio attivo: Drostanolone enanthate<\/li>\n<li>Tipo: Steroide anabolizzante (derivato del DHT)<\/li>\n<li>Forma: Iniezioni<\/li>\n<li><b>Olio vettore:\u00a0<\/b>Olio di sesamo<\/li>\n<\/ul>\n<h2><b>Descrizione<\/b><\/h2>\n<p>Il Drostanolone (Masteron) ha un alto effetto androgenico e un moderato effetto anabolizzante. Il Drostanolone non aromatizza nel corpo (cio\u00e8, non si trasforma in estrogeni), al contrario, \u00e8 un leggero inibitore dell&#8217;aromatasi. Ha un&#8217;azione biologica simile al diidrotestosterone, essendo un derivato di questo ormone.<\/p>\n<p>In medicina, il Drostanolone \u00e8 usato come trattamento per il cancro al seno nelle donne, tuttavia, a causa dell&#8217;alta probabilit\u00e0 di virilizzazione, \u00e8 attualmente usato raramente. Il Drostonolone non \u00e8 suscettibile all&#8217;azione dell&#8217;aromatasi, il che significa che non c&#8217;\u00e8 modo di convertirlo in estradiolo.<\/p>\n<p>Ha una buona affinit\u00e0 per i recettori androgeni non solo nei muscoli, ma anche nella prostata e nel cuoio capelluto, da qui i possibili effetti collaterali: calvizie, ingrossamento della prostata, crescita dei peli corporei. Come derivato del DHT, inibisce l&#8217;attivit\u00e0 dell&#8217;estradiolo nei tessuti, quindi mostra un&#8217;attivit\u00e0 antiestrogenica indiretta.<\/p>\n<p>Tra gli effetti psicologici di questo farmaco si nota la &#8220;spinta motivazionale&#8221; per l&#8217;allenamento, molto popolare tra gli atleti durante le diete di taglio, quando non hanno la forza e subiscono un calo psicologico a causa della mancanza di carboidrati.<\/p>\n<p>Il Drostanolone \u00e8 popolare nel bodybuilding, poich\u00e9 non causa ritenzione idrica e ha un leggero effetto diuretico, che migliora la definizione muscolare. Pu\u00f2 essere utile agli atleti che vogliono aumentare la durezza e la densit\u00e0 dei muscoli, viene usato principalmente prima delle competizioni. Permette di raggiungere una forma atletica scolpita, grazie anche all&#8217;effetto brucia grassi del farmaco. La pratica mostra che il ciclo di Drostanolone pu\u00f2 ridurre la massa grassa del 5-10% rispetto allo stato iniziale.<\/p>\n<p>Il Drostanolone ha un basso indice anabolico (rispetto al testosterone), motivo per cui brucia cos\u00ec bene i grassi, aumentando al contempo il rischio di effetti collaterali androgenici: aggressivit\u00e0, acne, calvizie, ipertrofia prostatica e virilizzazione nelle donne.<\/p>\n<h3><b>Dosaggio<\/b><\/h3>\n<p>L&#8217;effetto ottimale del farmaco si ottiene utilizzando un dosaggio di circa 300-500 mg a settimana. Le persone in terapia ormonale sostitutiva possono usarlo per ridurre l&#8217;SHBG, poich\u00e9, in termini di effetti collaterali, aumenta la quantit\u00e0 di testosterone libero nel sangue. Il farmaco \u00e8 molto pi\u00f9 facile da tollerare rispetto allo stanozololo o ad altri derivati del DHT usati per ridurre l&#8217;SHBG. Per questi scopi, usare da 75 a 200 mg del farmaco a settimana, si ritiene che il drostanolone sia meno rilevato nel controllo antidoping rispetto ad altri steroidi. Tuttavia, i metodi di rilevamento sono in costante miglioramento, quindi tenetelo presente.<\/p>\n<ul>\n<li>Principiante: 200 mg<\/li>\n<li>Dosaggio medio: 300-600 mg<\/li>\n<li>Dosaggio alto: 600 mg +<\/li>\n<\/ul>\n<h3><b>Effetti<\/b><\/h3>\n<ul>\n<li>Aumento della forza e della massa muscolare pulita<\/li>\n<li>Migliora il recupero<\/li>\n<li>Bruciatura dei grassi<\/li>\n<li>Assenza di aromatizzazione<\/li>\n<\/ul>\n<h3><b>Effetti collaterali<\/b><\/h3>\n<ul>\n<li>Soppressione del proprio testosterone<\/li>\n<li>Riduzione della fertilit\u00e0<\/li>\n<li>Aumento del livello di ematocrito<\/li>\n<li>Aumento della pressione sanguigna<\/li>\n<li>Acne<\/li>\n<li>Calvizie<\/li>\n<li>Deterioramento del profilo lipidico<\/li>\n<\/ul>\n<h3><b>Profilo<\/b><\/h3>\n<ul>\n<li>Emivita di 4-5 giorni<\/li>\n<li>Frequenza delle iniezioni &#8211; ogni 4-7 giorni<\/li>\n<\/ul>\n<p>Enanthate \u00e8 un estere a lunga durata d&#8217;azione. A seconda del metabolismo e del background ormonale, il periodo medio di azione del farmaco \u00e8 di 2-3 settimane (emivita di 6-7 giorni). Le iniezioni vengono effettuate una o due volte a settimana per mantenere una concentrazione costantemente alta e il pi\u00f9 stabile possibile.<\/p>","protected":false},"excerpt":{"rendered":"<p>Principio attivo: Drostanolone enanthate Tipo: Steroide anabolizzante (derivato del DHT) Forma: Iniezioni Olio vettore:\u00a0Olio di sesamo Descrizione Il Drostanolone (Masteron)<\/p>\n","protected":false},"featured_media":9737,"comment_status":"open","ping_status":"closed","template":"","meta":[],"product_brand":[],"product_cat":[69],"product_tag":[],"class_list":{"0":"post-9736","1":"product","2":"type-product","3":"status-publish","4":"has-post-thumbnail","6":"product_cat-esteroides_inyectables","8":"first","9":"outofstock","10":"sale","11":"shipping-taxable","12":"purchasable","13":"product-type-simple"},"yoast_head":"<!-- This site is optimized with the Yoast SEO Premium plugin v24.4 (Yoast SEO v27.3) - https:\/\/yoast.com\/product\/yoast-seo-premium-wordpress\/ -->\n<title>Drostargos 200 mg\/ml (MASTERON ENANTHATE) - Steroidi in linea<\/title>\n<meta name=\"robots\" content=\"index, follow, max-snippet:-1, max-image-preview:large, max-video-preview:-1\" \/>\n<link rel=\"canonical\" href=\"https:\/\/iberoid.com\/it\/product\/masteron-enanthate-driada\/\" \/>\n<meta property=\"og:locale\" content=\"it_IT\" \/>\n<meta property=\"og:type\" content=\"article\" \/>\n<meta property=\"og:title\" content=\"Drostargos 200 mg\/ml (MASTERON ENANTHATE)\" \/>\n<meta property=\"og:description\" content=\"Principio attivo: Drostanolone enanthate Tipo: Steroide anabolizzante (derivato del DHT) Forma: Iniezioni Olio vettore:\u00a0Olio di sesamo Descrizione Il Drostanolone (Masteron)\" \/>\n<meta property=\"og:url\" content=\"https:\/\/iberoid.com\/it\/product\/masteron-enanthate-driada\/\" \/>\n<meta property=\"og:site_name\" content=\"Steroidi in linea\" \/>\n<meta property=\"article:modified_time\" content=\"2024-11-11T09:11:22+00:00\" \/>\n<meta property=\"og:image\" content=\"https:\/\/iberoid.com\/wp-content\/uploads\/2024\/10\/maste-ena-driada.webp\" \/>\n\t<meta property=\"og:image:width\" content=\"1000\" \/>\n\t<meta property=\"og:image:height\" content=\"1000\" \/>\n\t<meta property=\"og:image:type\" content=\"image\/webp\" \/>\n<meta name=\"twitter:card\" content=\"summary_large_image\" \/>\n<meta name=\"twitter:label1\" content=\"Prezzo\" \/>\n\t<meta name=\"twitter:data1\" content=\"&euro;50.00\" \/>\n\t<meta name=\"twitter:label2\" content=\"Disponibilit\u00e0\" \/>\n\t<meta name=\"twitter:data2\" content=\"Esaurito\" \/>\n<script type=\"application\/ld+json\" class=\"yoast-schema-graph\">{\"@context\":\"https:\\\/\\\/schema.org\",\"@graph\":[{\"@type\":\"WebPage\",\"@id\":\"https:\\\/\\\/iberoid.com\\\/it\\\/product\\\/masteron-enanthate-driada\\\/\",\"url\":\"https:\\\/\\\/iberoid.com\\\/it\\\/product\\\/masteron-enanthate-driada\\\/\",\"name\":\"Drostargos 200 mg\\\/ml (MASTERON ENANTHATE) - Steroidi in linea\",\"isPartOf\":{\"@id\":\"https:\\\/\\\/iberoid-shop.com\\\/#website\"},\"primaryImageOfPage\":{\"@id\":\"https:\\\/\\\/iberoid.com\\\/it\\\/product\\\/masteron-enanthate-driada\\\/#primaryimage\"},\"image\":{\"@id\":\"https:\\\/\\\/iberoid.com\\\/it\\\/product\\\/masteron-enanthate-driada\\\/#primaryimage\"},\"thumbnailUrl\":\"https:\\\/\\\/iberoid.com\\\/wp-content\\\/uploads\\\/2024\\\/10\\\/maste-ena-driada.webp\",\"datePublished\":\"2024-10-20T10:50:32+00:00\",\"dateModified\":\"2024-11-11T09:11:22+00:00\",\"breadcrumb\":{\"@id\":\"https:\\\/\\\/iberoid.com\\\/it\\\/product\\\/masteron-enanthate-driada\\\/#breadcrumb\"},\"inLanguage\":\"it-IT\",\"potentialAction\":[{\"@type\":\"ReadAction\",\"target\":[[\"https:\\\/\\\/iberoid.com\\\/it\\\/product\\\/masteron-enanthate-driada\\\/\"]]}]},{\"@type\":\"ImageObject\",\"inLanguage\":\"it-IT\",\"@id\":\"https:\\\/\\\/iberoid.com\\\/it\\\/product\\\/masteron-enanthate-driada\\\/#primaryimage\",\"url\":\"https:\\\/\\\/iberoid.com\\\/wp-content\\\/uploads\\\/2024\\\/10\\\/maste-ena-driada.webp\",\"contentUrl\":\"https:\\\/\\\/iberoid.com\\\/wp-content\\\/uploads\\\/2024\\\/10\\\/maste-ena-driada.webp\",\"width\":1000,\"height\":1000},{\"@type\":\"BreadcrumbList\",\"@id\":\"https:\\\/\\\/iberoid.com\\\/it\\\/product\\\/masteron-enanthate-driada\\\/#breadcrumb\",\"itemListElement\":[{\"@type\":\"ListItem\",\"position\":1,\"name\":\"Portada\",\"item\":\"https:\\\/\\\/iberoid.com\\\/it\\\/\"},{\"@type\":\"ListItem\",\"position\":2,\"name\":\"Negozio\",\"item\":\"https:\\\/\\\/iberoid.com\\\/it\\\/shop\\\/\"},{\"@type\":\"ListItem\",\"position\":3,\"name\":\"Drostargos 200 mg\\\/ml (MASTERON ENANTHATE)\"}]},{\"@type\":\"WebSite\",\"@id\":\"https:\\\/\\\/iberoid-shop.com\\\/#website\",\"url\":\"https:\\\/\\\/iberoid-shop.com\\\/\",\"name\":\"Steroidi in linea\",\"description\":\"Acquista steroidi online oggi in Spagna e Portogallo. Abbiamo il miglior servizio clienti del settore e prodotti di altissima qualit\u00e0\",\"potentialAction\":[{\"@type\":\"SearchAction\",\"target\":{\"@type\":\"EntryPoint\",\"urlTemplate\":\"https:\\\/\\\/iberoid-shop.com\\\/?s={search_term_string}\"},\"query-input\":{\"@type\":\"PropertyValueSpecification\",\"valueRequired\":true,\"valueName\":\"search_term_string\"}}],\"inLanguage\":\"it-IT\"}]}<\/script>\n<meta property=\"product:brand\" content=\"Driada\" \/>\n<meta property=\"product:price:amount\" content=\"50.00\" \/>\n<meta property=\"product:price:currency\" content=\"EUR\" \/>\n<meta property=\"og:availability\" content=\"out of stock\" \/>\n<meta property=\"product:availability\" content=\"out of stock\" \/>\n<meta property=\"product:condition\" content=\"new\" \/>\n<!-- \/ Yoast SEO Premium plugin. -->","yoast_head_json":{"title":"Drostargos 200 mg\/ml (MASTERON ENANTHATE) - Steroidi in linea","robots":{"index":"index","follow":"follow","max-snippet":"max-snippet:-1","max-image-preview":"max-image-preview:large","max-video-preview":"max-video-preview:-1"},"canonical":"https:\/\/iberoid.com\/it\/product\/masteron-enanthate-driada\/","og_locale":"it_IT","og_type":"article","og_title":"Drostargos 200 mg\/ml (MASTERON ENANTHATE)","og_description":"Principio attivo: Drostanolone enanthate Tipo: Steroide anabolizzante (derivato del DHT) Forma: Iniezioni Olio vettore:\u00a0Olio di sesamo Descrizione Il Drostanolone (Masteron)","og_url":"https:\/\/iberoid.com\/it\/product\/masteron-enanthate-driada\/","og_site_name":"Steroidi in linea","article_modified_time":"2024-11-11T09:11:22+00:00","og_image":[{"width":1000,"height":1000,"url":"https:\/\/iberoid.com\/wp-content\/uploads\/2024\/10\/maste-ena-driada.webp","type":"image\/webp"}],"twitter_card":"summary_large_image","twitter_misc":{"Prezzo":"&euro;50.00","Disponibilit\u00e0":"Esaurito"},"schema":{"@context":"https:\/\/schema.org","@graph":[{"@type":"WebPage","@id":"https:\/\/iberoid.com\/it\/product\/masteron-enanthate-driada\/","url":"https:\/\/iberoid.com\/it\/product\/masteron-enanthate-driada\/","name":"Drostargos 200 mg\/ml (MASTERON ENANTHATE) - Steroidi in linea","isPartOf":{"@id":"https:\/\/iberoid-shop.com\/#website"},"primaryImageOfPage":{"@id":"https:\/\/iberoid.com\/it\/product\/masteron-enanthate-driada\/#primaryimage"},"image":{"@id":"https:\/\/iberoid.com\/it\/product\/masteron-enanthate-driada\/#primaryimage"},"thumbnailUrl":"https:\/\/iberoid.com\/wp-content\/uploads\/2024\/10\/maste-ena-driada.webp","datePublished":"2024-10-20T10:50:32+00:00","dateModified":"2024-11-11T09:11:22+00:00","breadcrumb":{"@id":"https:\/\/iberoid.com\/it\/product\/masteron-enanthate-driada\/#breadcrumb"},"inLanguage":"it-IT","potentialAction":[{"@type":"ReadAction","target":[["https:\/\/iberoid.com\/it\/product\/masteron-enanthate-driada\/"]]}]},{"@type":"ImageObject","inLanguage":"it-IT","@id":"https:\/\/iberoid.com\/it\/product\/masteron-enanthate-driada\/#primaryimage","url":"https:\/\/iberoid.com\/wp-content\/uploads\/2024\/10\/maste-ena-driada.webp","contentUrl":"https:\/\/iberoid.com\/wp-content\/uploads\/2024\/10\/maste-ena-driada.webp","width":1000,"height":1000},{"@type":"BreadcrumbList","@id":"https:\/\/iberoid.com\/it\/product\/masteron-enanthate-driada\/#breadcrumb","itemListElement":[{"@type":"ListItem","position":1,"name":"Portada","item":"https:\/\/iberoid.com\/it\/"},{"@type":"ListItem","position":2,"name":"Negozio","item":"https:\/\/iberoid.com\/it\/shop\/"},{"@type":"ListItem","position":3,"name":"Drostargos 200 mg\/ml (MASTERON ENANTHATE)"}]},{"@type":"WebSite","@id":"https:\/\/iberoid-shop.com\/#website","url":"https:\/\/iberoid-shop.com\/","name":"Steroidi in linea","description":"Acquista steroidi online oggi in Spagna e Portogallo. Abbiamo il miglior servizio clienti del settore e prodotti di altissima qualit\u00e0","potentialAction":[{"@type":"SearchAction","target":{"@type":"EntryPoint","urlTemplate":"https:\/\/iberoid-shop.com\/?s={search_term_string}"},"query-input":{"@type":"PropertyValueSpecification","valueRequired":true,"valueName":"search_term_string"}}],"inLanguage":"it-IT"}]},"product_brand":"Driada","product_price_amount":"50.00","product_price_currency":"EUR","og_availability":"out of stock","product_availability":"out of stock","product_condition":"new"},"_links":{"self":[{"href":"https:\/\/iberoid.com\/it\/wp-json\/wp\/v2\/product\/9736","targetHints":{"allow":["GET"]}}],"collection":[{"href":"https:\/\/iberoid.com\/it\/wp-json\/wp\/v2\/product"}],"about":[{"href":"https:\/\/iberoid.com\/it\/wp-json\/wp\/v2\/types\/product"}],"replies":[{"embeddable":true,"href":"https:\/\/iberoid.com\/it\/wp-json\/wp\/v2\/comments?post=9736"}],"wp:featuredmedia":[{"embeddable":true,"href":"https:\/\/iberoid.com\/it\/wp-json\/wp\/v2\/media\/9737"}],"wp:attachment":[{"href":"https:\/\/iberoid.com\/it\/wp-json\/wp\/v2\/media?parent=9736"}],"wp:term":[{"taxonomy":"product_brand","embeddable":true,"href":"https:\/\/iberoid.com\/it\/wp-json\/wp\/v2\/product_brand?post=9736"},{"taxonomy":"product_cat","embeddable":true,"href":"https:\/\/iberoid.com\/it\/wp-json\/wp\/v2\/product_cat?post=9736"},{"taxonomy":"product_tag","embeddable":true,"href":"https:\/\/iberoid.com\/it\/wp-json\/wp\/v2\/product_tag?post=9736"}],"curies":[{"name":"wp","href":"https:\/\/api.w.org\/{rel}","templated":true}]}}