{"id":9761,"date":"2024-10-20T11:49:43","date_gmt":"2024-10-20T11:49:43","guid":{"rendered":"https:\/\/iberoid.com\/?post_type=product&#038;p=9761"},"modified":"2025-03-29T10:51:52","modified_gmt":"2025-03-29T10:51:52","slug":"androbolic50tabs-oxymetholon50mg-arenis","status":"publish","type":"product","link":"https:\/\/iberoid.com\/it\/product\/androbolic50tabs-oxymetholon50mg-arenis\/","title":{"rendered":"ANDROBOLIC \/ OXYMETHOLON  &#8211; 50tabs \/ 50mg"},"content":{"rendered":"<p><\/p>\n<div class=\"wd-single-content wd-wpb wd-rs-63515175a95d9 vc_custom_1666273659357\">\n<p><span style=\"vertical-align: inherit;\"><span style=\"vertical-align: inherit;\">Androbolic contiene 50 mg di oxymetholone.<\/span><\/span><\/p>\n<p><span style=\"vertical-align: inherit;\"><span style=\"vertical-align: inherit;\">Androbolic (oxymetholone) \u00e8 uno steroide anabolizzante orale derivato dal diidrotestosterone.<\/span><\/span><\/p>\n<h3><span id=\"Efectos-secundarios-estrogenicos\" class=\"ez-toc-section\"><\/span><span style=\"vertical-align: inherit;\"><span style=\"vertical-align: inherit;\">Effetti collaterali estrogenici<\/span><\/span><\/h3>\n<p><span style=\"vertical-align: inherit;\"><span style=\"vertical-align: inherit;\">Androbolic (Oxymetholone) \u00e8 uno steroide altamente estrogenico. Livelli elevati di estrogeni spesso causano ginecomastia. Allo stesso tempo, la ritenzione idrica pu\u00f2 diventare un problema, causando una notevole perdita di definizione muscolare poich\u00e9 si accumulano sia ritenzione idrica sottocutanea che livelli di grasso.<\/span><\/span><\/p>\n<p><span style=\"vertical-align: inherit;\"><span style=\"vertical-align: inherit;\">Potrebbe essere necessario un antiestrogeno per prevenire gli effetti collaterali estrogenici.<\/span><\/span><\/p>\n<h3><span id=\"Efectos-secundarios-androgenicos\" class=\"ez-toc-section\"><\/span><span style=\"vertical-align: inherit;\"><span style=\"vertical-align: inherit;\">Effetti collaterali androgeni<\/span><\/span><\/h3>\n<p><span style=\"vertical-align: inherit;\"><span style=\"vertical-align: inherit;\">Sebbene sia classificato come uno steroide anabolizzante, gli effetti collaterali androgeni sono ancora comuni con questa sostanza, soprattutto con dosi pi\u00f9 elevate. Ci\u00f2 pu\u00f2 includere episodi di pelle grassa, acne e crescita di peli sul corpo\/viso.<\/span><\/span><\/p>\n<p><span style=\"vertical-align: inherit;\"><span style=\"vertical-align: inherit;\">Gli steroidi anabolizzanti\/androgeni possono anche aggravare la caduta dei capelli di tipo maschile.<\/span><\/span><\/p>\n<p><span style=\"vertical-align: inherit;\"><span style=\"vertical-align: inherit;\">Le donne vengono inoltre avvertite dei possibili effetti virilizzanti degli steroidi anabolizzanti\/androgeni. Questi possono includere una voce pi\u00f9 profonda, irregolarit\u00e0 mestruali, cambiamenti nella struttura della pelle, crescita dei peli del viso e un clitoride ingrossato.<\/span><\/span><\/p>\n<h3><span id=\"Efectos-secundarios-de-hepatotoxicidad\" class=\"ez-toc-section\"><\/span><span style=\"vertical-align: inherit;\"><span style=\"vertical-align: inherit;\">Effetti collaterali dell&#8217;epatotossicit\u00e0<\/span><\/span><\/h3>\n<p><span style=\"vertical-align: inherit;\"><span style=\"vertical-align: inherit;\">Androbolic (Oxymetholone) \u00e8 un composto alchilato c17-alfa. Gli steroidi anabolizzanti\/androgeni C17-alfa alchilati possono essere epatotossici. Un&#8217;esposizione prolungata o elevata pu\u00f2 causare danni al fegato. In rari casi si possono sviluppare disfunzioni potenzialmente letali. Si consiglia di visitare periodicamente un medico durante ogni ciclo per monitorare la funzionalit\u00e0 epatica e la salute generale. L\u2019assunzione di steroidi c17-alfa alchilati \u00e8 comunemente limitata a 6-8 settimane, nel tentativo di prevenire un aumento dello stress epatico.<\/span><\/span><\/p>\n<p><span style=\"vertical-align: inherit;\"><span style=\"vertical-align: inherit;\">Si consiglia l&#8217;uso di un integratore disintossicante del fegato durante l&#8217;assunzione di steroidi anabolizzanti\/androgeni epatotossici.<\/span><\/span><\/p>\n<p><span style=\"vertical-align: inherit;\"><span style=\"vertical-align: inherit;\">L\u2019epatotossicit\u00e0 relativa aumenta all\u2019aumentare della dose, quindi la disfunzione epatica dovrebbe continuare a rappresentare una preoccupazione.<\/span><\/span><\/p>\n<h3><span id=\"Efectos-secundarios-cardiovasculares\" class=\"ez-toc-section\"><\/span><span style=\"vertical-align: inherit;\"><span style=\"vertical-align: inherit;\">Effetti collaterali cardiovascolari<\/span><\/span><\/h3>\n<p><span style=\"vertical-align: inherit;\"><span style=\"vertical-align: inherit;\">Gli steroidi anabolizzanti\/androgeni possono avere effetti deleteri sul colesterolo sierico. Ci\u00f2 include una tendenza ad abbassare i valori di colesterolo HDL (buono) e ad aumentare quelli di colesterolo LDL (cattivo), che pu\u00f2 spostare l\u2019equilibrio tra HDL e LDL in una direzione che favorisce un aumento del rischio di arteriosclerosi.<\/span><\/span><\/p>\n<p><span style=\"vertical-align: inherit;\"><span style=\"vertical-align: inherit;\">L\u2019impatto relativo di uno steroide anabolizzante\/androgeno sui lipidi sierici dipende dalla dose, dalla via di somministrazione (orale o iniettabile), dal tipo di steroide (aromatizzabile o non aromatizzabile) e dal livello di resistenza al metabolismo epatico.<\/span><\/span><\/p>\n<p><span style=\"vertical-align: inherit;\"><span style=\"vertical-align: inherit;\">Gli steroidi anabolizzanti\/androgeni possono anche influenzare negativamente la pressione sanguigna e i trigliceridi, ridurre il rilassamento endoteliale e supportare l\u2019ipertrofia ventricolare sinistra, tutti fattori che possono aumentare il rischio di malattie cardiovascolari e infarto del miocardio.<\/span><\/span><\/p>\n<p><span style=\"vertical-align: inherit;\"><span style=\"vertical-align: inherit;\">Per contribuire a ridurre lo sforzo cardiovascolare, si raccomanda di mantenere un programma attivo di esercizi cardiovascolari e di ridurre al minimo l\u2019assunzione di grassi saturi, colesterolo e carboidrati semplici in ogni momento durante la somministrazione attiva di steroidi. Si consiglia inoltre di integrare con oli di pesce e una formula naturale di colesterolo\/antiossidante.<\/span><\/span><\/p>\n<h3><span id=\"Supresion-de-testosterona\" class=\"ez-toc-section\"><\/span><span style=\"vertical-align: inherit;\"><span style=\"vertical-align: inherit;\">Soppressione del testosterone<\/span><\/span><\/h3>\n<p><span style=\"vertical-align: inherit;\"><span style=\"vertical-align: inherit;\">Si prevede che tutti gli steroidi anabolizzanti\/androgeni sopprimano la produzione endogena di testosterone. Il testosterone \u00e8 il principale androgeno maschile e fornisce un forte feedback negativo sulla produzione endogena di testosterone.<\/span><\/span><\/p>\n<p><span style=\"vertical-align: inherit;\"><span style=\"vertical-align: inherit;\">Allo stesso modo, i farmaci a base di testosterone avranno un forte effetto sulla regolazione ipotalamica degli ormoni steroidei naturali. Senza l\u2019intervento di sostanze stimolanti il \u200b\u200btestosterone, i livelli di testosterone dovrebbero tornare alla normalit\u00e0 entro 1-4 mesi dalla sospensione del farmaco.<\/span><\/span><\/p>\n<p><span style=\"vertical-align: inherit;\"><span style=\"vertical-align: inherit;\">Si prega di notare che l&#8217;ipogonadismo ipogonadotropo prolungato pu\u00f2 svilupparsi come conseguenza dell&#8217;abuso di steroidi, richiedendo un intervento medico.<\/span><\/span><\/p>\n<h3><span id=\"Administracion-para-hombres\" class=\"ez-toc-section\"><\/span><span style=\"vertical-align: inherit;\"><span style=\"vertical-align: inherit;\">Amministrazione per uomini<\/span><\/span><\/h3>\n<p><span style=\"vertical-align: inherit;\"><span style=\"vertical-align: inherit;\">Viene comunemente utilizzato alla dose di 25-150 mg al giorno, in due o tre dosi durante il giorno.<\/span><\/span><\/p>\n<p><span style=\"vertical-align: inherit;\"><span style=\"vertical-align: inherit;\">Gli effetti positivi di questo farmaco diventano pi\u00f9 evidenti se usato per cicli pi\u00f9 lunghi, che in genere durano da 6 a 8 settimane.<\/span><\/span><\/p>\n<p><span style=\"vertical-align: inherit;\"><span style=\"vertical-align: inherit;\">Androbolic (Oxymetholone) \u00e8 un farmaco molto versatile e pu\u00f2 essere combinato con una serie di altri agenti a seconda del risultato desiderato.<\/span><\/span><\/p>\n<p><span style=\"vertical-align: inherit;\"><span style=\"vertical-align: inherit;\">Per il massimo utilizzo, Androbolic (Oxymetholone) deve essere assunto a stomaco vuoto.<\/span><\/span><\/p>\n<h3><span id=\"Administracion-para-la-Mujer\" class=\"ez-toc-section\"><\/span><span style=\"vertical-align: inherit;\"><span style=\"vertical-align: inherit;\">Amministrazione per le donne<\/span><\/span><\/h3>\n<p><span style=\"vertical-align: inherit;\"><span style=\"vertical-align: inherit;\">L&#8217;androbolico (Oxymetholone) \u00e8 usato raramente con le donne in medicina clinica.<\/span><\/span><\/p>\n<p><span style=\"vertical-align: inherit;\"><span style=\"vertical-align: inherit;\">Androbolic (Oxymetholone) non \u00e8 raccomandato alle donne per scopi di miglioramento delle prestazioni a causa della sua forte natura androgenica e della sua tendenza a produrre effetti collaterali virilizzanti.<\/span><\/span><\/p>\n<\/div>\n<p><\/p>","protected":false},"excerpt":{"rendered":"<p>Androbolic contiene 50 mg di oxymetholone. Androbolic (oxymetholone) \u00e8 uno steroide anabolizzante orale derivato dal diidrotestosterone. Effetti collaterali estrogenici Androbolic<\/p>\n","protected":false},"featured_media":9762,"comment_status":"open","ping_status":"closed","template":"","meta":[],"product_brand":[],"product_cat":[73],"product_tag":[],"class_list":{"0":"post-9761","1":"product","2":"type-product","3":"status-publish","4":"has-post-thumbnail","6":"product_cat-ssteroides_orales","8":"first","9":"outofstock","10":"featured","11":"shipping-taxable","12":"purchasable","13":"product-type-simple"},"yoast_head":"<!-- This site is optimized with the Yoast SEO Premium plugin v24.4 (Yoast SEO v27.0) - https:\/\/yoast.com\/product\/yoast-seo-premium-wordpress\/ -->\n<title>ANDROBOLIC \/ OXYMETHOLON - 50tabs \/ 50mg - Steroidi in linea<\/title>\n<meta name=\"description\" content=\"Androbolic (Oxymetholone) \u00e8 un potente steroide anabolizzante con forti effetti estrogenici, tossicit\u00e0 epatica, rischi cardiovascolari e soppressione del testosterone.\" \/>\n<meta name=\"robots\" content=\"index, follow, max-snippet:-1, max-image-preview:large, max-video-preview:-1\" \/>\n<link rel=\"canonical\" href=\"https:\/\/iberoid.com\/it\/product\/androbolic50tabs-oxymetholon50mg-arenis\/\" \/>\n<meta property=\"og:locale\" content=\"it_IT\" \/>\n<meta property=\"og:type\" content=\"article\" \/>\n<meta property=\"og:title\" content=\"ANDROBOLIC \/ OXYMETHOLON - 50tabs \/ 50mg\" \/>\n<meta property=\"og:description\" content=\"Androbolic (Oxymetholone) \u00e8 un potente steroide anabolizzante con forti effetti estrogenici, tossicit\u00e0 epatica, rischi cardiovascolari e soppressione del testosterone.\" \/>\n<meta property=\"og:url\" content=\"https:\/\/iberoid.com\/it\/product\/androbolic50tabs-oxymetholon50mg-arenis\/\" \/>\n<meta property=\"og:site_name\" content=\"Steroidi in linea\" \/>\n<meta property=\"article:modified_time\" content=\"2025-03-29T10:51:52+00:00\" \/>\n<meta property=\"og:image\" content=\"https:\/\/iberoid.com\/wp-content\/uploads\/2024\/10\/androbolic.jpg?v=1729424968\" \/>\n\t<meta property=\"og:image:width\" content=\"1000\" \/>\n\t<meta property=\"og:image:height\" content=\"1000\" \/>\n\t<meta property=\"og:image:type\" content=\"image\/jpeg\" \/>\n<meta name=\"twitter:card\" content=\"summary_large_image\" \/>\n<meta name=\"twitter:label1\" content=\"Prezzo\" \/>\n\t<meta name=\"twitter:data1\" content=\"&euro;40.00\" \/>\n\t<meta name=\"twitter:label2\" content=\"Disponibilit\u00e0\" \/>\n\t<meta name=\"twitter:data2\" content=\"Esaurito\" \/>\n<script type=\"application\/ld+json\" class=\"yoast-schema-graph\">{\"@context\":\"https:\/\/schema.org\",\"@graph\":[{\"@type\":\"WebPage\",\"@id\":\"https:\/\/iberoid.com\/it\/product\/androbolic50tabs-oxymetholon50mg-arenis\/\",\"url\":\"https:\/\/iberoid.com\/it\/product\/androbolic50tabs-oxymetholon50mg-arenis\/\",\"name\":\"ANDROBOLIC \/ OXYMETHOLON - 50tabs \/ 50mg - Steroidi in linea\",\"isPartOf\":{\"@id\":\"https:\/\/iberoid.com\/it\/#website\"},\"primaryImageOfPage\":{\"@id\":\"https:\/\/iberoid.com\/it\/product\/androbolic50tabs-oxymetholon50mg-arenis\/#primaryimage\"},\"image\":{\"@id\":\"https:\/\/iberoid.com\/it\/product\/androbolic50tabs-oxymetholon50mg-arenis\/#primaryimage\"},\"thumbnailUrl\":\"https:\/\/iberoid.com\/wp-content\/uploads\/2024\/10\/androbolic.jpg?v=1729424968\",\"datePublished\":\"2024-10-20T11:49:43+00:00\",\"dateModified\":\"2025-03-29T10:51:52+00:00\",\"description\":\"Androbolic (Oxymetholone) \u00e8 un potente steroide anabolizzante con forti effetti estrogenici, tossicit\u00e0 epatica, rischi cardiovascolari e soppressione del testosterone.\",\"breadcrumb\":{\"@id\":\"https:\/\/iberoid.com\/it\/product\/androbolic50tabs-oxymetholon50mg-arenis\/#breadcrumb\"},\"inLanguage\":\"it-IT\",\"potentialAction\":[{\"@type\":\"ReadAction\",\"target\":[[\"https:\/\/iberoid.com\/it\/product\/androbolic50tabs-oxymetholon50mg-arenis\/\"]]}]},{\"@type\":\"ImageObject\",\"inLanguage\":\"it-IT\",\"@id\":\"https:\/\/iberoid.com\/it\/product\/androbolic50tabs-oxymetholon50mg-arenis\/#primaryimage\",\"url\":\"https:\/\/iberoid.com\/wp-content\/uploads\/2024\/10\/androbolic.jpg?v=1729424968\",\"contentUrl\":\"https:\/\/iberoid.com\/wp-content\/uploads\/2024\/10\/androbolic.jpg?v=1729424968\",\"width\":1000,\"height\":1000},{\"@type\":\"BreadcrumbList\",\"@id\":\"https:\/\/iberoid.com\/it\/product\/androbolic50tabs-oxymetholon50mg-arenis\/#breadcrumb\",\"itemListElement\":[{\"@type\":\"ListItem\",\"position\":1,\"name\":\"Portada\",\"item\":\"https:\/\/iberoid.com\/it\/\"},{\"@type\":\"ListItem\",\"position\":2,\"name\":\"Negozio\",\"item\":\"https:\/\/iberoid.com\/it\/shop\/\"},{\"@type\":\"ListItem\",\"position\":3,\"name\":\"ANDROBOLIC \/ OXYMETHOLON &#8211; 50tabs \/ 50mg\"}]},{\"@type\":\"WebSite\",\"@id\":\"https:\/\/iberoid.com\/it\/#website\",\"url\":\"https:\/\/iberoid.com\/it\/\",\"name\":\"Steroidi in linea\",\"description\":\"Acquista steroidi online oggi in Spagna e Portogallo. Abbiamo il miglior servizio clienti del settore e prodotti di altissima qualit\u00e0\",\"potentialAction\":[{\"@type\":\"SearchAction\",\"target\":{\"@type\":\"EntryPoint\",\"urlTemplate\":\"https:\/\/iberoid.com\/it\/?s={search_term_string}\"},\"query-input\":{\"@type\":\"PropertyValueSpecification\",\"valueRequired\":true,\"valueName\":\"search_term_string\"}}],\"inLanguage\":\"it-IT\"}]}<\/script>\n<meta property=\"product:brand\" content=\"Arenis Medico\" \/>\n<meta property=\"product:price:amount\" content=\"40.00\" \/>\n<meta property=\"product:price:currency\" content=\"EUR\" \/>\n<meta property=\"og:availability\" content=\"out of stock\" \/>\n<meta property=\"product:availability\" content=\"out of stock\" \/>\n<meta property=\"product:condition\" content=\"new\" \/>\n<!-- \/ Yoast SEO Premium plugin. -->","yoast_head_json":{"title":"ANDROBOLIC \/ OXYMETHOLON - 50tabs \/ 50mg - Steroidi in linea","description":"Androbolic (Oxymetholone) \u00e8 un potente steroide anabolizzante con forti effetti estrogenici, tossicit\u00e0 epatica, rischi cardiovascolari e soppressione del testosterone.","robots":{"index":"index","follow":"follow","max-snippet":"max-snippet:-1","max-image-preview":"max-image-preview:large","max-video-preview":"max-video-preview:-1"},"canonical":"https:\/\/iberoid.com\/it\/product\/androbolic50tabs-oxymetholon50mg-arenis\/","og_locale":"it_IT","og_type":"article","og_title":"ANDROBOLIC \/ OXYMETHOLON - 50tabs \/ 50mg","og_description":"Androbolic (Oxymetholone) \u00e8 un potente steroide anabolizzante con forti effetti estrogenici, tossicit\u00e0 epatica, rischi cardiovascolari e soppressione del testosterone.","og_url":"https:\/\/iberoid.com\/it\/product\/androbolic50tabs-oxymetholon50mg-arenis\/","og_site_name":"Steroidi in linea","article_modified_time":"2025-03-29T10:51:52+00:00","og_image":[{"width":1000,"height":1000,"url":"https:\/\/iberoid.com\/wp-content\/uploads\/2024\/10\/androbolic.jpg?v=1729424968","type":"image\/jpeg"}],"twitter_card":"summary_large_image","twitter_misc":{"Prezzo":"&euro;40.00","Disponibilit\u00e0":"Esaurito"},"schema":{"@context":"https:\/\/schema.org","@graph":[{"@type":"WebPage","@id":"https:\/\/iberoid.com\/it\/product\/androbolic50tabs-oxymetholon50mg-arenis\/","url":"https:\/\/iberoid.com\/it\/product\/androbolic50tabs-oxymetholon50mg-arenis\/","name":"ANDROBOLIC \/ OXYMETHOLON - 50tabs \/ 50mg - Steroidi in linea","isPartOf":{"@id":"https:\/\/iberoid.com\/it\/#website"},"primaryImageOfPage":{"@id":"https:\/\/iberoid.com\/it\/product\/androbolic50tabs-oxymetholon50mg-arenis\/#primaryimage"},"image":{"@id":"https:\/\/iberoid.com\/it\/product\/androbolic50tabs-oxymetholon50mg-arenis\/#primaryimage"},"thumbnailUrl":"https:\/\/iberoid.com\/wp-content\/uploads\/2024\/10\/androbolic.jpg?v=1729424968","datePublished":"2024-10-20T11:49:43+00:00","dateModified":"2025-03-29T10:51:52+00:00","description":"Androbolic (Oxymetholone) \u00e8 un potente steroide anabolizzante con forti effetti estrogenici, tossicit\u00e0 epatica, rischi cardiovascolari e soppressione del testosterone.","breadcrumb":{"@id":"https:\/\/iberoid.com\/it\/product\/androbolic50tabs-oxymetholon50mg-arenis\/#breadcrumb"},"inLanguage":"it-IT","potentialAction":[{"@type":"ReadAction","target":[["https:\/\/iberoid.com\/it\/product\/androbolic50tabs-oxymetholon50mg-arenis\/"]]}]},{"@type":"ImageObject","inLanguage":"it-IT","@id":"https:\/\/iberoid.com\/it\/product\/androbolic50tabs-oxymetholon50mg-arenis\/#primaryimage","url":"https:\/\/iberoid.com\/wp-content\/uploads\/2024\/10\/androbolic.jpg?v=1729424968","contentUrl":"https:\/\/iberoid.com\/wp-content\/uploads\/2024\/10\/androbolic.jpg?v=1729424968","width":1000,"height":1000},{"@type":"BreadcrumbList","@id":"https:\/\/iberoid.com\/it\/product\/androbolic50tabs-oxymetholon50mg-arenis\/#breadcrumb","itemListElement":[{"@type":"ListItem","position":1,"name":"Portada","item":"https:\/\/iberoid.com\/it\/"},{"@type":"ListItem","position":2,"name":"Negozio","item":"https:\/\/iberoid.com\/it\/shop\/"},{"@type":"ListItem","position":3,"name":"ANDROBOLIC \/ OXYMETHOLON &#8211; 50tabs \/ 50mg"}]},{"@type":"WebSite","@id":"https:\/\/iberoid.com\/it\/#website","url":"https:\/\/iberoid.com\/it\/","name":"Steroidi in linea","description":"Acquista steroidi online oggi in Spagna e Portogallo. Abbiamo il miglior servizio clienti del settore e prodotti di altissima qualit\u00e0","potentialAction":[{"@type":"SearchAction","target":{"@type":"EntryPoint","urlTemplate":"https:\/\/iberoid.com\/it\/?s={search_term_string}"},"query-input":{"@type":"PropertyValueSpecification","valueRequired":true,"valueName":"search_term_string"}}],"inLanguage":"it-IT"}]},"product_brand":"Arenis Medico","product_price_amount":"40.00","product_price_currency":"EUR","og_availability":"out of stock","product_availability":"out of stock","product_condition":"new"},"_links":{"self":[{"href":"https:\/\/iberoid.com\/it\/wp-json\/wp\/v2\/product\/9761","targetHints":{"allow":["GET"]}}],"collection":[{"href":"https:\/\/iberoid.com\/it\/wp-json\/wp\/v2\/product"}],"about":[{"href":"https:\/\/iberoid.com\/it\/wp-json\/wp\/v2\/types\/product"}],"replies":[{"embeddable":true,"href":"https:\/\/iberoid.com\/it\/wp-json\/wp\/v2\/comments?post=9761"}],"wp:featuredmedia":[{"embeddable":true,"href":"https:\/\/iberoid.com\/it\/wp-json\/wp\/v2\/media\/9762"}],"wp:attachment":[{"href":"https:\/\/iberoid.com\/it\/wp-json\/wp\/v2\/media?parent=9761"}],"wp:term":[{"taxonomy":"product_brand","embeddable":true,"href":"https:\/\/iberoid.com\/it\/wp-json\/wp\/v2\/product_brand?post=9761"},{"taxonomy":"product_cat","embeddable":true,"href":"https:\/\/iberoid.com\/it\/wp-json\/wp\/v2\/product_cat?post=9761"},{"taxonomy":"product_tag","embeddable":true,"href":"https:\/\/iberoid.com\/it\/wp-json\/wp\/v2\/product_tag?post=9761"}],"curies":[{"name":"wp","href":"https:\/\/api.w.org\/{rel}","templated":true}]}}