{"id":9771,"date":"2024-10-26T09:52:56","date_gmt":"2024-10-26T09:52:56","guid":{"rendered":"https:\/\/iberoid.com\/?post_type=product&#038;p=9771"},"modified":"2025-12-04T17:20:56","modified_gmt":"2025-12-04T17:20:56","slug":"pack2cajas-clomiphene-citrate-anpharm-hellas","status":"publish","type":"product","link":"https:\/\/iberoid.com\/it\/product\/pack2cajas-clomiphene-citrate-anpharm-hellas\/","title":{"rendered":"Clomiphene Citrate &#8211; pack 2 boxes"},"content":{"rendered":"<p>Clomiphene citrate di essere rappresenta antiestrogenica non steroideo sintetico Clomid substance.Shortly chiamato, questa sostanza viene utilizzata in medicina. Clomiphene citrate \u00e8 ben noto nel trattamento anovulatorie donne infertili con policistosi Soprattutto coloro che lo sindrome dell&#8217;ovaio diagnosis.In asciutto e bodybuilding \u00e8 ben noto anche. Clomid \u00e8 spesso confrontato con Nolvadex a causa di esso \u00e8 la stessa azione sul corpo umano e dei muscoli tasso. Essendo entrambi i bloccanti estrogeni, sta valutando un po &#8216;di Clomid Clomiphene citrate Nolvadex.Clomiphene citrato Clomiphene citrate \u00e8 caratterizzata sia agonista \/ antagonista propriet\u00e0. Alcuni atleti prendono Clomiphene citrate durante i loro cicli di steroidi, al fine di mantenere leveland testosterone non farlo diminuire. Clomid notevole minimizzare l&#8217;attivit\u00e0 di estrogeni nel corpo da effetti di blocco e la loro possibilit\u00e0 di comparsa di effetti collaterali a secco come ad esempio la ritenzione idrica. E &#8216;anche per evitare gynecomastia.Actually Clomiphene citrate \u00e8 considerato come uno Clomiphene citrate post ciclo di terapia (PCT) di droga. Con questa sostanza bodybuilders notare che l&#8217;elevazione in entrambi ormone follicolo stimolante e luteinizzante l&#8217;ormone della crescita causa di production.<\/p>\n<h2><span class=\"short_text\" lang=\"it\" xml:lang=\"it\">Dosaggio<\/span><\/h2>\n<p>Bodybuilders testosterone naturale si raccomanda di prendere una dose di Clomiphene citrate di 50-100 mg (1-2 compresse) al giorno per circa 4 &#8211; 6 settimane. Esso aiuter\u00e0 l&#8217;obiettivo di raggiungere gli obiettivi e la produzione di ormone a level.Athletes normali Clomiphene citrate e culturisti deve ricordarsi di non eccedere con la dose. Per un migliore risultato alcuni sportivi preferiscono stack con gonadotropina corionica umana (HCG). Ma attenzione anche in questo, HCG non deve essere usato per pi\u00f9 di due o tre effetti weeks.Side che possono verificarsi sono: problemi di visione, vampate di calore, nausea, vertigini, mal di testa e altri.<\/p>","protected":false},"excerpt":{"rendered":"<p>Clomiphene citrate di essere rappresenta antiestrogenica non steroideo sintetico Clomid substance.Shortly chiamato, questa sostanza viene utilizzata in medicina. Clomiphene citrate<\/p>\n","protected":false},"featured_media":9772,"comment_status":"open","ping_status":"closed","template":"","meta":[],"product_brand":[],"product_cat":[73,3474],"product_tag":[],"class_list":{"0":"post-9771","1":"product","2":"type-product","3":"status-publish","4":"has-post-thumbnail","6":"product_cat-ssteroides_orales","7":"product_cat-packs","9":"first","10":"outofstock","11":"shipping-taxable","12":"purchasable","13":"product-type-simple"},"yoast_head":"<!-- This site is optimized with the Yoast SEO Premium plugin v24.4 (Yoast SEO v27.3) - https:\/\/yoast.com\/product\/yoast-seo-premium-wordpress\/ -->\n<title>Clomiphene Citrate - pack 2 boxes - Steroidi in linea<\/title>\n<meta name=\"description\" content=\"Clomifene (Clomid) \u00e8 un farmaco antiestrogenico usato in medicina e nel bodybuilding per aumentare il testosterone, bloccare gli estrogeni e supportare la terapia post ciclo.\" \/>\n<meta name=\"robots\" content=\"index, follow, max-snippet:-1, max-image-preview:large, max-video-preview:-1\" \/>\n<link rel=\"canonical\" href=\"https:\/\/iberoid.com\/it\/product\/pack2cajas-clomiphene-citrate-anpharm-hellas\/\" \/>\n<meta property=\"og:locale\" content=\"it_IT\" \/>\n<meta property=\"og:type\" content=\"article\" \/>\n<meta property=\"og:title\" content=\"Clomiphene Citrate - pack 2 boxes\" \/>\n<meta property=\"og:description\" content=\"Clomifene (Clomid) \u00e8 un farmaco antiestrogenico usato in medicina e nel bodybuilding per aumentare il testosterone, bloccare gli estrogeni e supportare la terapia post ciclo.\" \/>\n<meta property=\"og:url\" content=\"https:\/\/iberoid.com\/it\/product\/pack2cajas-clomiphene-citrate-anpharm-hellas\/\" \/>\n<meta property=\"og:site_name\" content=\"Steroidi in linea\" \/>\n<meta property=\"article:modified_time\" content=\"2025-12-04T17:20:56+00:00\" \/>\n<meta property=\"og:image\" content=\"https:\/\/iberoid.com\/wp-content\/uploads\/2024\/10\/clom-x-2.jpg?v=1729936345\" \/>\n\t<meta property=\"og:image:width\" content=\"500\" \/>\n\t<meta property=\"og:image:height\" content=\"500\" \/>\n\t<meta property=\"og:image:type\" content=\"image\/jpeg\" \/>\n<meta name=\"twitter:card\" content=\"summary_large_image\" \/>\n<meta name=\"twitter:label1\" content=\"Prezzo\" \/>\n\t<meta name=\"twitter:data1\" content=\"&euro;30.00\" \/>\n\t<meta name=\"twitter:label2\" content=\"Disponibilit\u00e0\" \/>\n\t<meta name=\"twitter:data2\" content=\"Esaurito\" \/>\n<script type=\"application\/ld+json\" class=\"yoast-schema-graph\">{\"@context\":\"https:\\\/\\\/schema.org\",\"@graph\":[{\"@type\":\"WebPage\",\"@id\":\"https:\\\/\\\/iberoid.com\\\/it\\\/product\\\/pack2cajas-clomiphene-citrate-anpharm-hellas\\\/\",\"url\":\"https:\\\/\\\/iberoid.com\\\/it\\\/product\\\/pack2cajas-clomiphene-citrate-anpharm-hellas\\\/\",\"name\":\"Clomiphene Citrate - pack 2 boxes - Steroidi in linea\",\"isPartOf\":{\"@id\":\"https:\\\/\\\/iberoid.com\\\/it\\\/#website\"},\"primaryImageOfPage\":{\"@id\":\"https:\\\/\\\/iberoid.com\\\/it\\\/product\\\/pack2cajas-clomiphene-citrate-anpharm-hellas\\\/#primaryimage\"},\"image\":{\"@id\":\"https:\\\/\\\/iberoid.com\\\/it\\\/product\\\/pack2cajas-clomiphene-citrate-anpharm-hellas\\\/#primaryimage\"},\"thumbnailUrl\":\"https:\\\/\\\/iberoid.com\\\/wp-content\\\/uploads\\\/2024\\\/10\\\/clom-x-2.jpg?v=1729936345\",\"datePublished\":\"2024-10-26T09:52:56+00:00\",\"dateModified\":\"2025-12-04T17:20:56+00:00\",\"description\":\"Clomifene (Clomid) \u00e8 un farmaco antiestrogenico usato in medicina e nel bodybuilding per aumentare il testosterone, bloccare gli estrogeni e supportare la terapia post ciclo.\",\"breadcrumb\":{\"@id\":\"https:\\\/\\\/iberoid.com\\\/it\\\/product\\\/pack2cajas-clomiphene-citrate-anpharm-hellas\\\/#breadcrumb\"},\"inLanguage\":\"it-IT\",\"potentialAction\":[{\"@type\":\"ReadAction\",\"target\":[[\"https:\\\/\\\/iberoid.com\\\/it\\\/product\\\/pack2cajas-clomiphene-citrate-anpharm-hellas\\\/\"]]}]},{\"@type\":\"ImageObject\",\"inLanguage\":\"it-IT\",\"@id\":\"https:\\\/\\\/iberoid.com\\\/it\\\/product\\\/pack2cajas-clomiphene-citrate-anpharm-hellas\\\/#primaryimage\",\"url\":\"https:\\\/\\\/iberoid.com\\\/wp-content\\\/uploads\\\/2024\\\/10\\\/clom-x-2.jpg?v=1729936345\",\"contentUrl\":\"https:\\\/\\\/iberoid.com\\\/wp-content\\\/uploads\\\/2024\\\/10\\\/clom-x-2.jpg?v=1729936345\",\"width\":500,\"height\":500},{\"@type\":\"BreadcrumbList\",\"@id\":\"https:\\\/\\\/iberoid.com\\\/it\\\/product\\\/pack2cajas-clomiphene-citrate-anpharm-hellas\\\/#breadcrumb\",\"itemListElement\":[{\"@type\":\"ListItem\",\"position\":1,\"name\":\"Portada\",\"item\":\"https:\\\/\\\/iberoid.com\\\/it\\\/\"},{\"@type\":\"ListItem\",\"position\":2,\"name\":\"Negozio\",\"item\":\"https:\\\/\\\/iberoid.com\\\/it\\\/shop\\\/\"},{\"@type\":\"ListItem\",\"position\":3,\"name\":\"Clomiphene Citrate &#8211; pack 2 boxes\"}]},{\"@type\":\"WebSite\",\"@id\":\"https:\\\/\\\/iberoid.com\\\/it\\\/#website\",\"url\":\"https:\\\/\\\/iberoid.com\\\/it\\\/\",\"name\":\"Steroidi in linea\",\"description\":\"Acquista steroidi online oggi in Spagna e Portogallo. Abbiamo il miglior servizio clienti del settore e prodotti di altissima qualit\u00e0\",\"potentialAction\":[{\"@type\":\"SearchAction\",\"target\":{\"@type\":\"EntryPoint\",\"urlTemplate\":\"https:\\\/\\\/iberoid.com\\\/it\\\/?s={search_term_string}\"},\"query-input\":{\"@type\":\"PropertyValueSpecification\",\"valueRequired\":true,\"valueName\":\"search_term_string\"}}],\"inLanguage\":\"it-IT\"}]}<\/script>\n<meta property=\"product:brand\" content=\"Anfarm\" \/>\n<meta property=\"product:price:amount\" content=\"30.00\" \/>\n<meta property=\"product:price:currency\" content=\"EUR\" \/>\n<meta property=\"og:availability\" content=\"out of stock\" \/>\n<meta property=\"product:availability\" content=\"out of stock\" \/>\n<meta property=\"product:condition\" content=\"new\" \/>\n<!-- \/ Yoast SEO Premium plugin. -->","yoast_head_json":{"title":"Clomiphene Citrate - pack 2 boxes - Steroidi in linea","description":"Clomifene (Clomid) \u00e8 un farmaco antiestrogenico usato in medicina e nel bodybuilding per aumentare il testosterone, bloccare gli estrogeni e supportare la terapia post ciclo.","robots":{"index":"index","follow":"follow","max-snippet":"max-snippet:-1","max-image-preview":"max-image-preview:large","max-video-preview":"max-video-preview:-1"},"canonical":"https:\/\/iberoid.com\/it\/product\/pack2cajas-clomiphene-citrate-anpharm-hellas\/","og_locale":"it_IT","og_type":"article","og_title":"Clomiphene Citrate - pack 2 boxes","og_description":"Clomifene (Clomid) \u00e8 un farmaco antiestrogenico usato in medicina e nel bodybuilding per aumentare il testosterone, bloccare gli estrogeni e supportare la terapia post ciclo.","og_url":"https:\/\/iberoid.com\/it\/product\/pack2cajas-clomiphene-citrate-anpharm-hellas\/","og_site_name":"Steroidi in linea","article_modified_time":"2025-12-04T17:20:56+00:00","og_image":[{"width":500,"height":500,"url":"https:\/\/iberoid.com\/wp-content\/uploads\/2024\/10\/clom-x-2.jpg?v=1729936345","type":"image\/jpeg"}],"twitter_card":"summary_large_image","twitter_misc":{"Prezzo":"&euro;30.00","Disponibilit\u00e0":"Esaurito"},"schema":{"@context":"https:\/\/schema.org","@graph":[{"@type":"WebPage","@id":"https:\/\/iberoid.com\/it\/product\/pack2cajas-clomiphene-citrate-anpharm-hellas\/","url":"https:\/\/iberoid.com\/it\/product\/pack2cajas-clomiphene-citrate-anpharm-hellas\/","name":"Clomiphene Citrate - pack 2 boxes - Steroidi in linea","isPartOf":{"@id":"https:\/\/iberoid.com\/it\/#website"},"primaryImageOfPage":{"@id":"https:\/\/iberoid.com\/it\/product\/pack2cajas-clomiphene-citrate-anpharm-hellas\/#primaryimage"},"image":{"@id":"https:\/\/iberoid.com\/it\/product\/pack2cajas-clomiphene-citrate-anpharm-hellas\/#primaryimage"},"thumbnailUrl":"https:\/\/iberoid.com\/wp-content\/uploads\/2024\/10\/clom-x-2.jpg?v=1729936345","datePublished":"2024-10-26T09:52:56+00:00","dateModified":"2025-12-04T17:20:56+00:00","description":"Clomifene (Clomid) \u00e8 un farmaco antiestrogenico usato in medicina e nel bodybuilding per aumentare il testosterone, bloccare gli estrogeni e supportare la terapia post ciclo.","breadcrumb":{"@id":"https:\/\/iberoid.com\/it\/product\/pack2cajas-clomiphene-citrate-anpharm-hellas\/#breadcrumb"},"inLanguage":"it-IT","potentialAction":[{"@type":"ReadAction","target":[["https:\/\/iberoid.com\/it\/product\/pack2cajas-clomiphene-citrate-anpharm-hellas\/"]]}]},{"@type":"ImageObject","inLanguage":"it-IT","@id":"https:\/\/iberoid.com\/it\/product\/pack2cajas-clomiphene-citrate-anpharm-hellas\/#primaryimage","url":"https:\/\/iberoid.com\/wp-content\/uploads\/2024\/10\/clom-x-2.jpg?v=1729936345","contentUrl":"https:\/\/iberoid.com\/wp-content\/uploads\/2024\/10\/clom-x-2.jpg?v=1729936345","width":500,"height":500},{"@type":"BreadcrumbList","@id":"https:\/\/iberoid.com\/it\/product\/pack2cajas-clomiphene-citrate-anpharm-hellas\/#breadcrumb","itemListElement":[{"@type":"ListItem","position":1,"name":"Portada","item":"https:\/\/iberoid.com\/it\/"},{"@type":"ListItem","position":2,"name":"Negozio","item":"https:\/\/iberoid.com\/it\/shop\/"},{"@type":"ListItem","position":3,"name":"Clomiphene Citrate &#8211; pack 2 boxes"}]},{"@type":"WebSite","@id":"https:\/\/iberoid.com\/it\/#website","url":"https:\/\/iberoid.com\/it\/","name":"Steroidi in linea","description":"Acquista steroidi online oggi in Spagna e Portogallo. Abbiamo il miglior servizio clienti del settore e prodotti di altissima qualit\u00e0","potentialAction":[{"@type":"SearchAction","target":{"@type":"EntryPoint","urlTemplate":"https:\/\/iberoid.com\/it\/?s={search_term_string}"},"query-input":{"@type":"PropertyValueSpecification","valueRequired":true,"valueName":"search_term_string"}}],"inLanguage":"it-IT"}]},"product_brand":"Anfarm","product_price_amount":"30.00","product_price_currency":"EUR","og_availability":"out of stock","product_availability":"out of stock","product_condition":"new"},"_links":{"self":[{"href":"https:\/\/iberoid.com\/it\/wp-json\/wp\/v2\/product\/9771","targetHints":{"allow":["GET"]}}],"collection":[{"href":"https:\/\/iberoid.com\/it\/wp-json\/wp\/v2\/product"}],"about":[{"href":"https:\/\/iberoid.com\/it\/wp-json\/wp\/v2\/types\/product"}],"replies":[{"embeddable":true,"href":"https:\/\/iberoid.com\/it\/wp-json\/wp\/v2\/comments?post=9771"}],"wp:featuredmedia":[{"embeddable":true,"href":"https:\/\/iberoid.com\/it\/wp-json\/wp\/v2\/media\/9772"}],"wp:attachment":[{"href":"https:\/\/iberoid.com\/it\/wp-json\/wp\/v2\/media?parent=9771"}],"wp:term":[{"taxonomy":"product_brand","embeddable":true,"href":"https:\/\/iberoid.com\/it\/wp-json\/wp\/v2\/product_brand?post=9771"},{"taxonomy":"product_cat","embeddable":true,"href":"https:\/\/iberoid.com\/it\/wp-json\/wp\/v2\/product_cat?post=9771"},{"taxonomy":"product_tag","embeddable":true,"href":"https:\/\/iberoid.com\/it\/wp-json\/wp\/v2\/product_tag?post=9771"}],"curies":[{"name":"wp","href":"https:\/\/api.w.org\/{rel}","templated":true}]}}