{"id":9790,"date":"2024-10-27T12:21:28","date_gmt":"2024-10-27T12:21:28","guid":{"rendered":"https:\/\/iberoid.com\/?post_type=product&#038;p=9790"},"modified":"2025-02-24T09:18:06","modified_gmt":"2025-02-24T09:18:06","slug":"stanos-10mg100tabs-stanozolol-winstrol-driada","status":"publish","type":"product","link":"https:\/\/iberoid.com\/it\/product\/stanos-10mg100tabs-stanozolol-winstrol-driada\/","title":{"rendered":"STANOS 10mg,100tabs (Stanozolol, Winstrol)"},"content":{"rendered":"<p>Principio attivo: Stanozolol<br \/>\nTipo: Steroidi anabolizzanti (derivato del DHT)<br \/>\nForma: Orali (pillole)<br \/>\nWinstrol compresse 10 mg<\/p>\n<p>Winstrol \u00e8 il marchio di Stanozolol, un ormone steroideo anabolizzante sintetico che \u00e8 17\u03b1-metilato. \u00c8 classificato come un derivato del diidrotestosterone.<\/p>\n<p>Inizialmente, Stanozolol \u00e8 stato creato per il trattamento di animali, in particolare cavalli. Tuttavia, alla fine ha ricevuto l&#8217;approvazione della FDA per l&#8217;uso negli esseri umani.<\/p>\n<p>Stanozolol \u00e8 prescritto per condizioni come l&#8217;anemia aplastica e l&#8217;angioedema ereditario. Inoltre, \u00e8 ricercato da atleti agonisti, culturisti e powerlifter per migliorare il loro fisico e aumentare le prestazioni, supportare la massa muscolare durante il processo di combustione dei grassi e aumentare la spinta all&#8217;allenamento. L&#8217;integratore di Stanozolol non ha attivit\u00e0 estrogenica, quindi il risultato arriva rapidamente.<\/p>\n<p>Pu\u00f2 essere trovato in compresse di stanozolol o in forma iniettabile. Puoi acquistare compresse orali di winstrol in farmacia o su Internet, mentre le capsule di winstrol sono rare e sono per lo pi\u00f9 prodotti del mercato nero di dubbia qualit\u00e0.<\/p>\n<p>Principio di funzionamento delle compresse di stanozololo: principali benefici per il corpo<\/p>\n<p>Lo stanozololo, comunemente noto come Winstrol, \u00e8 un farmaco molto ricercato nel bodybuilding e negli sport in cui la combinazione di velocit\u00e0 e forza \u00e8 importante, disponibile per l&#8217;acquisto online. A differenza di molti steroidi, il suo impatto sul peso corporeo \u00e8 minimo. Invece, definisce i muscoli, accentua i dettagli venosi e aiuta a bruciare i grassi, rendendolo popolare durante le fasi di &#8220;taglio&#8221;.<\/p>\n<p>Uno studio del 1989 ha scoperto che una singola dose di stanozololo, pari a 0,2 mg per 1 kg di peso corporeo, pu\u00f2 ridurre i livelli di SHBG (globulina legante gli ormoni sessuali) fino al 50%. Ci\u00f2 \u00e8 utile per gli atleti con livelli ormonali oltre le norme fisiologiche, cos\u00ec come per gli individui pi\u00f9 anziani i cui livelli di SHBG sono elevati a causa dell&#8217;et\u00e0. Questa riduzione pu\u00f2 portare a un aumento del testosterone libero, il che significa che l&#8217;efficacia di qualsiasi steroide assunto insieme allo stanozololo \u00e8 probabilmente migliorata.<\/p>\n<p>Su scala molecolare, lo stanozololo pu\u00f2 legarsi ai recettori degli androgeni. Questa capacit\u00e0 di connettersi ai recettori nel tessuto adiposo pu\u00f2 aumentare sostanzialmente il metabolismo dei grassi. Si ritiene inoltre che abbia effetti antiestrogenici e antiprogestinici, probabilmente a causa della sua inibizione competitiva dei recettori del progesterone.<\/p>\n<p>Winstrol \u00e8 molto apprezzato nel bodybuilding per i suoi effetti unici rispetto alla maggior parte degli steroidi. Sebbene non influenzi notevolmente la massa corporea, definisce i contorni muscolari, migliora i dettagli venosi e promuove la combustione dei grassi. Di conseguenza, \u00e8 utilizzato principalmente durante i cicli di &#8220;taglio&#8221; e lo sviluppo di una forma &#8220;ripped&#8221;.<\/p>\n<p>Gli effetti principali dello stanozololo includono:<\/p>\n<p>Miglioramento della definizione muscolare.<br \/>\nAumento marcato di velocit\u00e0, resistenza e forza, particolarmente utile per chi pratica powerlifting e atletica.<br \/>\nPerdita di grasso accelerata. Aumento dell&#8217;appetito<br \/>\nMaggiore motivazione generale e livello di energia<br \/>\nRimozione dei liquidi corporei in eccesso.<br \/>\nTest scientifici dimostrano che una dose orale di Stanozolol, pari a 0,2 mg per chilogrammo di peso di un atleta, riduce del 50% il livello di globulina che lega gli ormoni anabolici. Ci\u00f2 suggerisce che l&#8217;efficacia dell&#8217;assunzione di altri steroidi in concomitanza con Stanozolol aumenter\u00e0 in modo significativo.<br \/>\nSi ritiene inoltre che presenti effetti anti-estrogenici e anti-progestinici, potenzialmente dovuti alla sua inibizione competitiva dei recettori del progesterone.<br \/>\nCome usare le compresse di Winstrol da 10 mg?<\/p>\n<p>Il dosaggio ottimale di Winstrol per i sollevatori maschi \u00e8 di 3-5 compresse da 10 mg al giorno. Atleti e pugili di solito usano dosi inferiori, circa 10 mg\/giorno.<\/p>\n<p>La durata del ciclo \u00e8 di circa 4-6 settimane. Con l&#8217;aumentare della durata del ciclo, aumenta anche il rischio di effetti collaterali, che colpiscono principalmente le articolazioni.<\/p>\n<p>Dopo aver completato il ciclo, \u00e8 necessario un PCT. 3 settimane di clomifene citrato, 25-50 mg al giorno saranno sufficienti nella maggior parte dei casi.<\/p>","protected":false},"excerpt":{"rendered":"<p>Principio attivo: Stanozolol Tipo: Steroidi anabolizzanti (derivato del DHT) Forma: Orali (pillole) Winstrol compresse 10 mg Winstrol \u00e8 il marchio<\/p>\n","protected":false},"featured_media":9791,"comment_status":"open","ping_status":"closed","template":"","meta":[],"product_brand":[],"product_cat":[73],"product_tag":[],"class_list":{"0":"post-9790","1":"product","2":"type-product","3":"status-publish","4":"has-post-thumbnail","6":"product_cat-ssteroides_orales","8":"first","9":"outofstock","10":"sale","11":"featured","12":"shipping-taxable","13":"purchasable","14":"product-type-simple"},"yoast_head":"<!-- This site is optimized with the Yoast SEO Premium plugin v24.4 (Yoast SEO v27.0) - https:\/\/yoast.com\/product\/yoast-seo-premium-wordpress\/ -->\n<title>STANOS 10mg,100tabs (Stanozolol, Winstrol) - Steroidi in linea<\/title>\n<meta name=\"robots\" content=\"index, follow, max-snippet:-1, max-image-preview:large, max-video-preview:-1\" \/>\n<link rel=\"canonical\" href=\"https:\/\/iberoid.com\/it\/product\/stanos-10mg100tabs-stanozolol-winstrol-driada\/\" \/>\n<meta property=\"og:locale\" content=\"it_IT\" \/>\n<meta property=\"og:type\" content=\"article\" \/>\n<meta property=\"og:title\" content=\"STANOS 10mg,100tabs (Stanozolol, Winstrol)\" \/>\n<meta property=\"og:description\" content=\"Principio attivo: Stanozolol Tipo: Steroidi anabolizzanti (derivato del DHT) Forma: Orali (pillole) Winstrol compresse 10 mg Winstrol \u00e8 il marchio\" \/>\n<meta property=\"og:url\" content=\"https:\/\/iberoid.com\/it\/product\/stanos-10mg100tabs-stanozolol-winstrol-driada\/\" \/>\n<meta property=\"og:site_name\" content=\"Steroidi in linea\" \/>\n<meta property=\"article:modified_time\" content=\"2025-02-24T09:18:06+00:00\" \/>\n<meta property=\"og:image\" content=\"https:\/\/iberoid.com\/wp-content\/uploads\/2024\/10\/stanos_white-2000x2000h.jpg.webp\" \/>\n\t<meta property=\"og:image:width\" content=\"2000\" \/>\n\t<meta property=\"og:image:height\" content=\"2000\" \/>\n\t<meta property=\"og:image:type\" content=\"image\/webp\" \/>\n<meta name=\"twitter:card\" content=\"summary_large_image\" \/>\n<meta name=\"twitter:label1\" content=\"Prezzo\" \/>\n\t<meta name=\"twitter:data1\" content=\"&euro;30.00\" \/>\n\t<meta name=\"twitter:label2\" content=\"Disponibilit\u00e0\" \/>\n\t<meta name=\"twitter:data2\" content=\"Esaurito\" \/>\n<script type=\"application\/ld+json\" class=\"yoast-schema-graph\">{\"@context\":\"https:\/\/schema.org\",\"@graph\":[{\"@type\":\"WebPage\",\"@id\":\"https:\/\/iberoid.com\/it\/product\/stanos-10mg100tabs-stanozolol-winstrol-driada\/\",\"url\":\"https:\/\/iberoid.com\/it\/product\/stanos-10mg100tabs-stanozolol-winstrol-driada\/\",\"name\":\"STANOS 10mg,100tabs (Stanozolol, Winstrol) - Steroidi in linea\",\"isPartOf\":{\"@id\":\"https:\/\/iberoid.com\/it\/#website\"},\"primaryImageOfPage\":{\"@id\":\"https:\/\/iberoid.com\/it\/product\/stanos-10mg100tabs-stanozolol-winstrol-driada\/#primaryimage\"},\"image\":{\"@id\":\"https:\/\/iberoid.com\/it\/product\/stanos-10mg100tabs-stanozolol-winstrol-driada\/#primaryimage\"},\"thumbnailUrl\":\"https:\/\/iberoid.com\/wp-content\/uploads\/2024\/10\/stanos_white-2000x2000h.jpg.webp\",\"datePublished\":\"2024-10-27T12:21:28+00:00\",\"dateModified\":\"2025-02-24T09:18:06+00:00\",\"breadcrumb\":{\"@id\":\"https:\/\/iberoid.com\/it\/product\/stanos-10mg100tabs-stanozolol-winstrol-driada\/#breadcrumb\"},\"inLanguage\":\"it-IT\",\"potentialAction\":[{\"@type\":\"ReadAction\",\"target\":[[\"https:\/\/iberoid.com\/it\/product\/stanos-10mg100tabs-stanozolol-winstrol-driada\/\"]]}]},{\"@type\":\"ImageObject\",\"inLanguage\":\"it-IT\",\"@id\":\"https:\/\/iberoid.com\/it\/product\/stanos-10mg100tabs-stanozolol-winstrol-driada\/#primaryimage\",\"url\":\"https:\/\/iberoid.com\/wp-content\/uploads\/2024\/10\/stanos_white-2000x2000h.jpg.webp\",\"contentUrl\":\"https:\/\/iberoid.com\/wp-content\/uploads\/2024\/10\/stanos_white-2000x2000h.jpg.webp\",\"width\":2000,\"height\":2000},{\"@type\":\"BreadcrumbList\",\"@id\":\"https:\/\/iberoid.com\/it\/product\/stanos-10mg100tabs-stanozolol-winstrol-driada\/#breadcrumb\",\"itemListElement\":[{\"@type\":\"ListItem\",\"position\":1,\"name\":\"Portada\",\"item\":\"https:\/\/iberoid.com\/it\/\"},{\"@type\":\"ListItem\",\"position\":2,\"name\":\"Negozio\",\"item\":\"https:\/\/iberoid.com\/it\/shop\/\"},{\"@type\":\"ListItem\",\"position\":3,\"name\":\"STANOS 10mg,100tabs (Stanozolol, Winstrol)\"}]},{\"@type\":\"WebSite\",\"@id\":\"https:\/\/iberoid.com\/it\/#website\",\"url\":\"https:\/\/iberoid.com\/it\/\",\"name\":\"Steroidi in linea\",\"description\":\"Acquista steroidi online oggi in Spagna e Portogallo. Abbiamo il miglior servizio clienti del settore e prodotti di altissima qualit\u00e0\",\"potentialAction\":[{\"@type\":\"SearchAction\",\"target\":{\"@type\":\"EntryPoint\",\"urlTemplate\":\"https:\/\/iberoid.com\/it\/?s={search_term_string}\"},\"query-input\":{\"@type\":\"PropertyValueSpecification\",\"valueRequired\":true,\"valueName\":\"search_term_string\"}}],\"inLanguage\":\"it-IT\"}]}<\/script>\n<meta property=\"product:brand\" content=\"Driada\" \/>\n<meta property=\"product:price:amount\" content=\"30.00\" \/>\n<meta property=\"product:price:currency\" content=\"EUR\" \/>\n<meta property=\"og:availability\" content=\"out of stock\" \/>\n<meta property=\"product:availability\" content=\"out of stock\" \/>\n<meta property=\"product:condition\" content=\"new\" \/>\n<!-- \/ Yoast SEO Premium plugin. -->","yoast_head_json":{"title":"STANOS 10mg,100tabs (Stanozolol, Winstrol) - Steroidi in linea","robots":{"index":"index","follow":"follow","max-snippet":"max-snippet:-1","max-image-preview":"max-image-preview:large","max-video-preview":"max-video-preview:-1"},"canonical":"https:\/\/iberoid.com\/it\/product\/stanos-10mg100tabs-stanozolol-winstrol-driada\/","og_locale":"it_IT","og_type":"article","og_title":"STANOS 10mg,100tabs (Stanozolol, Winstrol)","og_description":"Principio attivo: Stanozolol Tipo: Steroidi anabolizzanti (derivato del DHT) Forma: Orali (pillole) Winstrol compresse 10 mg Winstrol \u00e8 il marchio","og_url":"https:\/\/iberoid.com\/it\/product\/stanos-10mg100tabs-stanozolol-winstrol-driada\/","og_site_name":"Steroidi in linea","article_modified_time":"2025-02-24T09:18:06+00:00","og_image":[{"width":2000,"height":2000,"url":"https:\/\/iberoid.com\/wp-content\/uploads\/2024\/10\/stanos_white-2000x2000h.jpg.webp","type":"image\/webp"}],"twitter_card":"summary_large_image","twitter_misc":{"Prezzo":"&euro;30.00","Disponibilit\u00e0":"Esaurito"},"schema":{"@context":"https:\/\/schema.org","@graph":[{"@type":"WebPage","@id":"https:\/\/iberoid.com\/it\/product\/stanos-10mg100tabs-stanozolol-winstrol-driada\/","url":"https:\/\/iberoid.com\/it\/product\/stanos-10mg100tabs-stanozolol-winstrol-driada\/","name":"STANOS 10mg,100tabs (Stanozolol, Winstrol) - Steroidi in linea","isPartOf":{"@id":"https:\/\/iberoid.com\/it\/#website"},"primaryImageOfPage":{"@id":"https:\/\/iberoid.com\/it\/product\/stanos-10mg100tabs-stanozolol-winstrol-driada\/#primaryimage"},"image":{"@id":"https:\/\/iberoid.com\/it\/product\/stanos-10mg100tabs-stanozolol-winstrol-driada\/#primaryimage"},"thumbnailUrl":"https:\/\/iberoid.com\/wp-content\/uploads\/2024\/10\/stanos_white-2000x2000h.jpg.webp","datePublished":"2024-10-27T12:21:28+00:00","dateModified":"2025-02-24T09:18:06+00:00","breadcrumb":{"@id":"https:\/\/iberoid.com\/it\/product\/stanos-10mg100tabs-stanozolol-winstrol-driada\/#breadcrumb"},"inLanguage":"it-IT","potentialAction":[{"@type":"ReadAction","target":[["https:\/\/iberoid.com\/it\/product\/stanos-10mg100tabs-stanozolol-winstrol-driada\/"]]}]},{"@type":"ImageObject","inLanguage":"it-IT","@id":"https:\/\/iberoid.com\/it\/product\/stanos-10mg100tabs-stanozolol-winstrol-driada\/#primaryimage","url":"https:\/\/iberoid.com\/wp-content\/uploads\/2024\/10\/stanos_white-2000x2000h.jpg.webp","contentUrl":"https:\/\/iberoid.com\/wp-content\/uploads\/2024\/10\/stanos_white-2000x2000h.jpg.webp","width":2000,"height":2000},{"@type":"BreadcrumbList","@id":"https:\/\/iberoid.com\/it\/product\/stanos-10mg100tabs-stanozolol-winstrol-driada\/#breadcrumb","itemListElement":[{"@type":"ListItem","position":1,"name":"Portada","item":"https:\/\/iberoid.com\/it\/"},{"@type":"ListItem","position":2,"name":"Negozio","item":"https:\/\/iberoid.com\/it\/shop\/"},{"@type":"ListItem","position":3,"name":"STANOS 10mg,100tabs (Stanozolol, Winstrol)"}]},{"@type":"WebSite","@id":"https:\/\/iberoid.com\/it\/#website","url":"https:\/\/iberoid.com\/it\/","name":"Steroidi in linea","description":"Acquista steroidi online oggi in Spagna e Portogallo. Abbiamo il miglior servizio clienti del settore e prodotti di altissima qualit\u00e0","potentialAction":[{"@type":"SearchAction","target":{"@type":"EntryPoint","urlTemplate":"https:\/\/iberoid.com\/it\/?s={search_term_string}"},"query-input":{"@type":"PropertyValueSpecification","valueRequired":true,"valueName":"search_term_string"}}],"inLanguage":"it-IT"}]},"product_brand":"Driada","product_price_amount":"30.00","product_price_currency":"EUR","og_availability":"out of stock","product_availability":"out of stock","product_condition":"new"},"_links":{"self":[{"href":"https:\/\/iberoid.com\/it\/wp-json\/wp\/v2\/product\/9790","targetHints":{"allow":["GET"]}}],"collection":[{"href":"https:\/\/iberoid.com\/it\/wp-json\/wp\/v2\/product"}],"about":[{"href":"https:\/\/iberoid.com\/it\/wp-json\/wp\/v2\/types\/product"}],"replies":[{"embeddable":true,"href":"https:\/\/iberoid.com\/it\/wp-json\/wp\/v2\/comments?post=9790"}],"wp:featuredmedia":[{"embeddable":true,"href":"https:\/\/iberoid.com\/it\/wp-json\/wp\/v2\/media\/9791"}],"wp:attachment":[{"href":"https:\/\/iberoid.com\/it\/wp-json\/wp\/v2\/media?parent=9790"}],"wp:term":[{"taxonomy":"product_brand","embeddable":true,"href":"https:\/\/iberoid.com\/it\/wp-json\/wp\/v2\/product_brand?post=9790"},{"taxonomy":"product_cat","embeddable":true,"href":"https:\/\/iberoid.com\/it\/wp-json\/wp\/v2\/product_cat?post=9790"},{"taxonomy":"product_tag","embeddable":true,"href":"https:\/\/iberoid.com\/it\/wp-json\/wp\/v2\/product_tag?post=9790"}],"curies":[{"name":"wp","href":"https:\/\/api.w.org\/{rel}","templated":true}]}}