{"id":9902,"date":"2025-01-26T13:41:49","date_gmt":"2025-01-26T13:41:49","guid":{"rendered":"https:\/\/iberoid.com\/?post_type=product&#038;p=9902"},"modified":"2026-02-18T09:30:50","modified_gmt":"2026-02-18T09:30:50","slug":"sibutramina-sibucaps-30-capsulas20-mg","status":"publish","type":"product","link":"https:\/\/iberoid.com\/it\/product\/sibutramina-sibucaps-30-capsulas20-mg\/","title":{"rendered":"SIBUTRAMINA (SIBUCAPS) 30 capsulas 20 mg"},"content":{"rendered":"<p>La sibutramina, precedentemente venduta con il nome di marca Meridia, tra gli altri, \u00e8 un soppressore dell&#8217;appetito che \u00e8 stato ritirato in molti paesi. Funziona come un inibitore della ricaptazione della serotonina-noradrenalina (SNRI), simile ad alcuni antidepressivi.<\/p>\n<p>La sibutramina \u00e8 stata utilizzata per produrre soppressione dell&#8217;appetito al fine di ottenere una perdita di peso nel trattamento dei pazienti con obesit\u00e0.<\/p>\n<p>La sibutramina \u00e8 un inibitore della ricaptazione della serotonina-noradrenalina (SNRI) che, negli esseri umani, riduce la ricaptazione della noradrenalina (di circa il 73%), della serotonina (di circa il 54%) e della dopamina (di circa il 16%), aumentando cos\u00ec i livelli di queste sostanze nelle fessure sinaptiche e aiutando a migliorare la saziet\u00e0; si ritiene che l&#8217;azione serotoninergica, in particolare, influenzi l&#8217;appetito. Agenti anoressizzanti pi\u00f9 vecchi come anfetamina e fenfluramina inducono il rilascio di questi neurotrasmettitori piuttosto che influenzare la loro ricaptazione.<\/p>\n<p>Il meccanismo d&#8217;azione della sibutramina \u00e8 simile a quello degli antidepressivi triciclici e ha dimostrato effetti antidepressivi in modelli animali di depressione. \u00c8 stata approvata dalla Food and Drug Administration (FDA) degli Stati Uniti nel novembre 1997 per il trattamento dell&#8217;obesit\u00e0.<\/p>\n<p>Si riporta che la sibutramina sia un profarmaco di due metaboliti attivi, desmetilsibutramina (M1; BTS-54354) e didesmetilsibutramina (M2; BTS-54505), con una potenza molto maggiore come inibitori della ricaptazione delle monoamine. Studi successivi hanno indicato che gli enantiomeri (R) di ciascun metabolita esercitano effetti anoressizzanti significativamente pi\u00f9 forti rispetto agli enantiomeri (S).<\/p>\n<p>A differenza di altri soppressori dell&#8217;appetito serotoninergici come la fenfluramina, la sibutramina e i suoi metaboliti hanno solo una bassa e probabilmente irrilevante affinit\u00e0 per il recettore 5-HT2B.<\/p>\n<p>La sibutramina \u00e8 ben assorbita dal tratto gastrointestinale (77%), ma subisce un considerevole metabolismo di primo passaggio, riducendo la sua biodisponibilit\u00e0. Il farmaco stesso raggiunge il suo livello plasmatico massimo dopo 1 ora e ha una mezza vita di 1 ora. La sibutramina \u00e8 metabolizzata dall&#8217;isoenzima del citocromo P450 CYP3A4 in due amine primarie e secondarie farmacologicamente attive (chiamate metaboliti attivi 1 e 2) con mezze vite di 14 e 16 ore, rispettivamente. Le concentrazioni plasmatiche massime dei metaboliti attivi 1 e 2 vengono raggiunte dopo tre o quattro ore. Il seguente percorso metabolico porta principalmente a due metaboliti inattivi coniugati e idrossilati (chiamati metaboliti 5 e 6). I metaboliti 5 e 6 vengono principalmente escreti nelle urine.<\/p>","protected":false},"excerpt":{"rendered":"<p>La sibutramina, precedentemente venduta con il nome di marca Meridia, tra gli altri, \u00e8 un soppressore dell&#8217;appetito che \u00e8 stato<\/p>\n","protected":false},"featured_media":9903,"comment_status":"open","ping_status":"closed","template":"","meta":[],"product_brand":[],"product_cat":[73],"product_tag":[],"class_list":{"0":"post-9902","1":"product","2":"type-product","3":"status-publish","4":"has-post-thumbnail","6":"product_cat-ssteroides_orales","8":"first","9":"instock","10":"sale","11":"shipping-taxable","12":"purchasable","13":"product-type-simple"},"yoast_head":"<!-- This site is optimized with the Yoast SEO Premium plugin v24.4 (Yoast SEO v27.3) - https:\/\/yoast.com\/product\/yoast-seo-premium-wordpress\/ -->\n<title>SIBUTRAMINA (SIBUCAPS) 30 capsulas 20 mg - Steroidi in linea<\/title>\n<meta name=\"description\" content=\"Sibutramina, un soppressore dell&#039;appetito e inibitore della ricaptazione della serotonina-noradrenalina (SNRI), utilizzato per il trattamento dell&#039;obesit\u00e0.\" \/>\n<meta name=\"robots\" content=\"index, follow, max-snippet:-1, max-image-preview:large, max-video-preview:-1\" \/>\n<link rel=\"canonical\" href=\"https:\/\/iberoid.com\/it\/product\/sibutramina-sibucaps-30-capsulas20-mg\/\" \/>\n<meta property=\"og:locale\" content=\"it_IT\" \/>\n<meta property=\"og:type\" content=\"article\" \/>\n<meta property=\"og:title\" content=\"SIBUTRAMINA (SIBUCAPS) 30 capsulas 20 mg\" \/>\n<meta property=\"og:description\" content=\"Sibutramina, un soppressore dell&#039;appetito e inibitore della ricaptazione della serotonina-noradrenalina (SNRI), utilizzato per il trattamento dell&#039;obesit\u00e0.\" \/>\n<meta property=\"og:url\" content=\"https:\/\/iberoid.com\/it\/product\/sibutramina-sibucaps-30-capsulas20-mg\/\" \/>\n<meta property=\"og:site_name\" content=\"Steroidi in linea\" \/>\n<meta property=\"article:modified_time\" content=\"2026-02-18T09:30:50+00:00\" \/>\n<meta property=\"og:image\" content=\"https:\/\/iberoid.com\/wp-content\/uploads\/2025\/01\/vital-research-sibu-caps-30-caps-shop-1.webp\" \/>\n\t<meta property=\"og:image:width\" content=\"800\" \/>\n\t<meta property=\"og:image:height\" content=\"800\" \/>\n\t<meta property=\"og:image:type\" content=\"image\/webp\" \/>\n<meta name=\"twitter:card\" content=\"summary_large_image\" \/>\n<meta name=\"twitter:label1\" content=\"Prezzo\" \/>\n\t<meta name=\"twitter:data1\" content=\"&euro;35.00\" \/>\n\t<meta name=\"twitter:label2\" content=\"Disponibilit\u00e0\" \/>\n\t<meta name=\"twitter:data2\" content=\"In stock\" \/>\n<script type=\"application\/ld+json\" class=\"yoast-schema-graph\">{\"@context\":\"https:\\\/\\\/schema.org\",\"@graph\":[{\"@type\":\"WebPage\",\"@id\":\"https:\\\/\\\/iberoid.com\\\/it\\\/product\\\/sibutramina-sibucaps-30-capsulas20-mg\\\/\",\"url\":\"https:\\\/\\\/iberoid.com\\\/it\\\/product\\\/sibutramina-sibucaps-30-capsulas20-mg\\\/\",\"name\":\"SIBUTRAMINA (SIBUCAPS) 30 capsulas 20 mg - Steroidi in linea\",\"isPartOf\":{\"@id\":\"https:\\\/\\\/iberoid-shop.com\\\/#website\"},\"primaryImageOfPage\":{\"@id\":\"https:\\\/\\\/iberoid.com\\\/it\\\/product\\\/sibutramina-sibucaps-30-capsulas20-mg\\\/#primaryimage\"},\"image\":{\"@id\":\"https:\\\/\\\/iberoid.com\\\/it\\\/product\\\/sibutramina-sibucaps-30-capsulas20-mg\\\/#primaryimage\"},\"thumbnailUrl\":\"https:\\\/\\\/iberoid.com\\\/wp-content\\\/uploads\\\/2025\\\/01\\\/vital-research-sibu-caps-30-caps-shop-1.webp\",\"datePublished\":\"2025-01-26T13:41:49+00:00\",\"dateModified\":\"2026-02-18T09:30:50+00:00\",\"description\":\"Sibutramina, un soppressore dell'appetito e inibitore della ricaptazione della serotonina-noradrenalina (SNRI), utilizzato per il trattamento dell'obesit\u00e0.\",\"breadcrumb\":{\"@id\":\"https:\\\/\\\/iberoid.com\\\/it\\\/product\\\/sibutramina-sibucaps-30-capsulas20-mg\\\/#breadcrumb\"},\"inLanguage\":\"it-IT\",\"potentialAction\":[{\"@type\":\"ReadAction\",\"target\":[[\"https:\\\/\\\/iberoid.com\\\/it\\\/product\\\/sibutramina-sibucaps-30-capsulas20-mg\\\/\"]]}]},{\"@type\":\"ImageObject\",\"inLanguage\":\"it-IT\",\"@id\":\"https:\\\/\\\/iberoid.com\\\/it\\\/product\\\/sibutramina-sibucaps-30-capsulas20-mg\\\/#primaryimage\",\"url\":\"https:\\\/\\\/iberoid.com\\\/wp-content\\\/uploads\\\/2025\\\/01\\\/vital-research-sibu-caps-30-caps-shop-1.webp\",\"contentUrl\":\"https:\\\/\\\/iberoid.com\\\/wp-content\\\/uploads\\\/2025\\\/01\\\/vital-research-sibu-caps-30-caps-shop-1.webp\",\"width\":800,\"height\":800},{\"@type\":\"BreadcrumbList\",\"@id\":\"https:\\\/\\\/iberoid.com\\\/it\\\/product\\\/sibutramina-sibucaps-30-capsulas20-mg\\\/#breadcrumb\",\"itemListElement\":[{\"@type\":\"ListItem\",\"position\":1,\"name\":\"Portada\",\"item\":\"https:\\\/\\\/iberoid.com\\\/it\\\/\"},{\"@type\":\"ListItem\",\"position\":2,\"name\":\"Negozio\",\"item\":\"https:\\\/\\\/iberoid.com\\\/it\\\/shop\\\/\"},{\"@type\":\"ListItem\",\"position\":3,\"name\":\"SIBUTRAMINA (SIBUCAPS) 30 capsulas 20 mg\"}]},{\"@type\":\"WebSite\",\"@id\":\"https:\\\/\\\/iberoid-shop.com\\\/#website\",\"url\":\"https:\\\/\\\/iberoid-shop.com\\\/\",\"name\":\"Steroidi in linea\",\"description\":\"Acquista steroidi online oggi in Spagna e Portogallo. Abbiamo il miglior servizio clienti del settore e prodotti di altissima qualit\u00e0\",\"potentialAction\":[{\"@type\":\"SearchAction\",\"target\":{\"@type\":\"EntryPoint\",\"urlTemplate\":\"https:\\\/\\\/iberoid-shop.com\\\/?s={search_term_string}\"},\"query-input\":{\"@type\":\"PropertyValueSpecification\",\"valueRequired\":true,\"valueName\":\"search_term_string\"}}],\"inLanguage\":\"it-IT\"}]}<\/script>\n<meta property=\"product:price:amount\" content=\"35.00\" \/>\n<meta property=\"product:price:currency\" content=\"EUR\" \/>\n<meta property=\"og:availability\" content=\"instock\" \/>\n<meta property=\"product:availability\" content=\"instock\" \/>\n<meta property=\"product:condition\" content=\"new\" \/>\n<!-- \/ Yoast SEO Premium plugin. -->","yoast_head_json":{"title":"SIBUTRAMINA (SIBUCAPS) 30 capsulas 20 mg - Steroidi in linea","description":"Sibutramina, un soppressore dell'appetito e inibitore della ricaptazione della serotonina-noradrenalina (SNRI), utilizzato per il trattamento dell'obesit\u00e0.","robots":{"index":"index","follow":"follow","max-snippet":"max-snippet:-1","max-image-preview":"max-image-preview:large","max-video-preview":"max-video-preview:-1"},"canonical":"https:\/\/iberoid.com\/it\/product\/sibutramina-sibucaps-30-capsulas20-mg\/","og_locale":"it_IT","og_type":"article","og_title":"SIBUTRAMINA (SIBUCAPS) 30 capsulas 20 mg","og_description":"Sibutramina, un soppressore dell'appetito e inibitore della ricaptazione della serotonina-noradrenalina (SNRI), utilizzato per il trattamento dell'obesit\u00e0.","og_url":"https:\/\/iberoid.com\/it\/product\/sibutramina-sibucaps-30-capsulas20-mg\/","og_site_name":"Steroidi in linea","article_modified_time":"2026-02-18T09:30:50+00:00","og_image":[{"width":800,"height":800,"url":"https:\/\/iberoid.com\/wp-content\/uploads\/2025\/01\/vital-research-sibu-caps-30-caps-shop-1.webp","type":"image\/webp"}],"twitter_card":"summary_large_image","twitter_misc":{"Prezzo":"&euro;35.00","Disponibilit\u00e0":"In stock"},"schema":{"@context":"https:\/\/schema.org","@graph":[{"@type":"WebPage","@id":"https:\/\/iberoid.com\/it\/product\/sibutramina-sibucaps-30-capsulas20-mg\/","url":"https:\/\/iberoid.com\/it\/product\/sibutramina-sibucaps-30-capsulas20-mg\/","name":"SIBUTRAMINA (SIBUCAPS) 30 capsulas 20 mg - Steroidi in linea","isPartOf":{"@id":"https:\/\/iberoid-shop.com\/#website"},"primaryImageOfPage":{"@id":"https:\/\/iberoid.com\/it\/product\/sibutramina-sibucaps-30-capsulas20-mg\/#primaryimage"},"image":{"@id":"https:\/\/iberoid.com\/it\/product\/sibutramina-sibucaps-30-capsulas20-mg\/#primaryimage"},"thumbnailUrl":"https:\/\/iberoid.com\/wp-content\/uploads\/2025\/01\/vital-research-sibu-caps-30-caps-shop-1.webp","datePublished":"2025-01-26T13:41:49+00:00","dateModified":"2026-02-18T09:30:50+00:00","description":"Sibutramina, un soppressore dell'appetito e inibitore della ricaptazione della serotonina-noradrenalina (SNRI), utilizzato per il trattamento dell'obesit\u00e0.","breadcrumb":{"@id":"https:\/\/iberoid.com\/it\/product\/sibutramina-sibucaps-30-capsulas20-mg\/#breadcrumb"},"inLanguage":"it-IT","potentialAction":[{"@type":"ReadAction","target":[["https:\/\/iberoid.com\/it\/product\/sibutramina-sibucaps-30-capsulas20-mg\/"]]}]},{"@type":"ImageObject","inLanguage":"it-IT","@id":"https:\/\/iberoid.com\/it\/product\/sibutramina-sibucaps-30-capsulas20-mg\/#primaryimage","url":"https:\/\/iberoid.com\/wp-content\/uploads\/2025\/01\/vital-research-sibu-caps-30-caps-shop-1.webp","contentUrl":"https:\/\/iberoid.com\/wp-content\/uploads\/2025\/01\/vital-research-sibu-caps-30-caps-shop-1.webp","width":800,"height":800},{"@type":"BreadcrumbList","@id":"https:\/\/iberoid.com\/it\/product\/sibutramina-sibucaps-30-capsulas20-mg\/#breadcrumb","itemListElement":[{"@type":"ListItem","position":1,"name":"Portada","item":"https:\/\/iberoid.com\/it\/"},{"@type":"ListItem","position":2,"name":"Negozio","item":"https:\/\/iberoid.com\/it\/shop\/"},{"@type":"ListItem","position":3,"name":"SIBUTRAMINA (SIBUCAPS) 30 capsulas 20 mg"}]},{"@type":"WebSite","@id":"https:\/\/iberoid-shop.com\/#website","url":"https:\/\/iberoid-shop.com\/","name":"Steroidi in linea","description":"Acquista steroidi online oggi in Spagna e Portogallo. Abbiamo il miglior servizio clienti del settore e prodotti di altissima qualit\u00e0","potentialAction":[{"@type":"SearchAction","target":{"@type":"EntryPoint","urlTemplate":"https:\/\/iberoid-shop.com\/?s={search_term_string}"},"query-input":{"@type":"PropertyValueSpecification","valueRequired":true,"valueName":"search_term_string"}}],"inLanguage":"it-IT"}]},"product_price_amount":"35.00","product_price_currency":"EUR","og_availability":"instock","product_availability":"instock","product_condition":"new"},"_links":{"self":[{"href":"https:\/\/iberoid.com\/it\/wp-json\/wp\/v2\/product\/9902","targetHints":{"allow":["GET"]}}],"collection":[{"href":"https:\/\/iberoid.com\/it\/wp-json\/wp\/v2\/product"}],"about":[{"href":"https:\/\/iberoid.com\/it\/wp-json\/wp\/v2\/types\/product"}],"replies":[{"embeddable":true,"href":"https:\/\/iberoid.com\/it\/wp-json\/wp\/v2\/comments?post=9902"}],"wp:featuredmedia":[{"embeddable":true,"href":"https:\/\/iberoid.com\/it\/wp-json\/wp\/v2\/media\/9903"}],"wp:attachment":[{"href":"https:\/\/iberoid.com\/it\/wp-json\/wp\/v2\/media?parent=9902"}],"wp:term":[{"taxonomy":"product_brand","embeddable":true,"href":"https:\/\/iberoid.com\/it\/wp-json\/wp\/v2\/product_brand?post=9902"},{"taxonomy":"product_cat","embeddable":true,"href":"https:\/\/iberoid.com\/it\/wp-json\/wp\/v2\/product_cat?post=9902"},{"taxonomy":"product_tag","embeddable":true,"href":"https:\/\/iberoid.com\/it\/wp-json\/wp\/v2\/product_tag?post=9902"}],"curies":[{"name":"wp","href":"https:\/\/api.w.org\/{rel}","templated":true}]}}