{"id":9967,"date":"2025-03-23T14:48:47","date_gmt":"2025-03-23T14:48:47","guid":{"rendered":"https:\/\/iberoid.com\/?post_type=product&#038;p=9967"},"modified":"2026-04-18T23:16:21","modified_gmt":"2026-04-18T23:16:21","slug":"english-tritrenoged-tritrenbolone-epf","status":"publish","type":"product","link":"https:\/\/iberoid.com\/it\/product\/english-tritrenoged-tritrenbolone-epf\/","title":{"rendered":"TRI-TRENOGED \/ TRI-TRENBOLONE"},"content":{"rendered":"<p><\/p>\n<p class=\"\" data-start=\"45\" data-end=\"114\"><strong data-start=\"45\" data-end=\"114\">Trenbolone Mix \u2013 Una Combinazione di 3 Forme in un Unico Prodotto<\/strong><\/p>\n<p class=\"\" data-start=\"116\" data-end=\"724\">Il trenbolone mix \u00e8 considerato uno steroide potente tra i prodotti farmacologici presenti sul mercato. \u00c8 composto da tre forme esterificate: acetato, enantato e esaidrobenzilcarbonato. Ciascuna di queste, anche presa singolarmente, \u00e8 estremamente potente. La loro attivit\u00e0 androgena e anabolica \u00e8 molto marcata. Inizialmente, il trenbolone era utilizzato solo in ambito medico e veterinario, ma si \u00e8 rapidamente diffuso anche nel mondo dello sport pesante. Oggi, molti atleti, sollevatori di pesi e bodybuilder che desiderano aumentare rapidamente la massa muscolare cercano di acquistare il trenbolone mix.<\/p>\n<p class=\"\" data-start=\"726\" data-end=\"751\"><strong data-start=\"726\" data-end=\"751\">Storia dello Steroide<\/strong><\/p>\n<p class=\"\" data-start=\"753\" data-end=\"1247\">Questo steroide anabolizzante contiene tre derivati esterificati del trenbolone in parti uguali. Il Tri-Tren, come viene comunemente chiamato, non \u00e8 una novit\u00e0 sul mercato; viene utilizzato nello sport da molti anni. Fu sviluppato negli anni \u201960 per l\u2019uso veterinario, al fine di aumentare la massa del bestiame e di altri animali. Di conseguenza, gli atleti di forza e i culturisti ne hanno apprezzato gli effetti positivi, rendendolo uno degli steroidi anabolizzanti pi\u00f9 popolari in assoluto.<\/p>\n<p class=\"\" data-start=\"1249\" data-end=\"1287\"><strong data-start=\"1249\" data-end=\"1287\">Caratteristiche del Trenbolone Mix<\/strong><\/p>\n<p class=\"\" data-start=\"1289\" data-end=\"1816\">Nel mondo degli strongman, questo prodotto \u00e8 conosciuto come Tri-Tren. Fu creato per la prima volta dalla British Dragon nei primi anni 2000. Tuttavia, ha una caratteristica unica: la combinazione efficace dei suoi componenti consente di mantenere un equilibrio ormonale stabile. Questo \u00e8 possibile grazie ai diversi tempi di emivita di ciascun estere. Ad esempio, quando l\u2019effetto dell\u2019acetato finisce dopo due giorni, entra in azione l\u2019enantato, seguito dall\u2019esaidrobenzilcarbonato, che rimane attivo per circa due settimane.<\/p>\n<p class=\"\" data-start=\"1818\" data-end=\"2336\">La maggior parte degli atleti esperti vuole acquistare il trenbolone mix per la sua caratteristica principale: un aumento massimo della massa muscolare, difficile da ottenere con altri steroidi. Inoltre, il prodotto migliora la resistenza e la forza, promuove la ritenzione di azoto (che aiuta a proteggere le fibre muscolari dalla degradazione) e inibisce la produzione di cortisolo. Un altro grande vantaggio \u00e8 che non si aromatizza, il che significa che gli atleti non corrono il rischio di sviluppare ginecomastia.<\/p>\n<p class=\"\" data-start=\"2338\" data-end=\"2399\"><strong data-start=\"2338\" data-end=\"2399\">Benefici del Tri-Tren (Tri-Trenoged EPF) e Modalit\u00e0 d&#8217;Uso<\/strong><\/p>\n<p class=\"\" data-start=\"2401\" data-end=\"2497\">Grazie alla combinazione degli esteri del trenbolone, \u00e8 possibile ottenere i seguenti risultati:<\/p>\n<ul data-start=\"2499\" data-end=\"2991\">\n<li class=\"\" data-start=\"2499\" data-end=\"2556\">\n<p class=\"\" data-start=\"2501\" data-end=\"2556\">Aumento della massa magra \u2013 circa 10\u201315 kg per ciclo;<\/p>\n<\/li>\n<li class=\"\" data-start=\"2557\" data-end=\"2649\">\n<p class=\"\" data-start=\"2559\" data-end=\"2649\">Incremento marcato della resistenza e della forza, grazie alla potente azione androgena;<\/p>\n<\/li>\n<li class=\"\" data-start=\"2650\" data-end=\"2772\">\n<p class=\"\" data-start=\"2652\" data-end=\"2772\">Bruciagrassi (in combinazione con una dieta adeguata), grazie all\u2019aumento del fattore di crescita simile all\u2019insulina;<\/p>\n<\/li>\n<li class=\"\" data-start=\"2773\" data-end=\"2812\">\n<p class=\"\" data-start=\"2775\" data-end=\"2812\">Riduzione dei livelli di cortisolo;<\/p>\n<\/li>\n<li class=\"\" data-start=\"2813\" data-end=\"2855\">\n<p class=\"\" data-start=\"2815\" data-end=\"2855\">Assenza di effetto rebound post-ciclo;<\/p>\n<\/li>\n<li class=\"\" data-start=\"2856\" data-end=\"2931\">\n<p class=\"\" data-start=\"2858\" data-end=\"2931\">Muscoli definiti e duri grazie all\u2019eliminazione dei liquidi in eccesso;<\/p>\n<\/li>\n<li class=\"\" data-start=\"2932\" data-end=\"2991\">\n<p class=\"\" data-start=\"2934\" data-end=\"2991\">Aumento della libido, ma solo durante l\u2019uso del prodotto.<\/p>\n<\/li>\n<\/ul>\n<p class=\"\" data-start=\"2993\" data-end=\"3436\">Il Tri-Tren viene solitamente utilizzato in cicli singoli della durata massima di 6 settimane. Se combinato con gonadotropina corionica umana (HCG), il ciclo pu\u00f2 estendersi fino a 8 settimane. Il Tri-Tren (Tri-Trenoged EPF) viene somministrato tramite iniezione due volte a settimana con un dosaggio di 400 mg. L\u2019HCG dovrebbe essere assunto alla dose di 500 UI una volta a settimana, a partire dalla seconda settimana del ciclo fino alla fine.<\/p>\n<p class=\"\" data-start=\"3438\" data-end=\"3654\">Due settimane dopo la fine del ciclo con trenbolone mix, \u00e8 necessaria una terapia post-ciclo (PCT). Si consiglia l&#8217;uso di Clomid: 100 mg al giorno per i primi 5 giorni, poi 50 mg al giorno per i successivi 10 giorni.<\/p>\n<p class=\"\" data-start=\"3656\" data-end=\"3839\">Per evitare effetti collaterali, \u00e8 fondamentale seguire rigorosamente tutti i protocolli d\u2019uso, poich\u00e9 il Tri-Tren (Tri-Trenoged EPF) \u00e8 considerato una sorta di &#8220;artiglieria pesante&#8221;.<\/p>\n<p class=\"\" data-start=\"3841\" data-end=\"4101\">Il trenbolone mix pu\u00f2 essere utilizzato anche in cicli combinati. Nella maggior parte dei casi, viene associato a Masteron o Stanozolol durante le fasi di definizione e per aumentare la forza, oppure a testosterone per ottenere una maggiore crescita muscolare.<\/p>\n<p><\/p>","protected":false},"excerpt":{"rendered":"<p>Trenbolone Mix \u2013 Una Combinazione di 3 Forme in un Unico Prodotto Il trenbolone mix \u00e8 considerato uno steroide potente<\/p>\n","protected":false},"featured_media":9970,"comment_status":"open","ping_status":"closed","template":"","meta":[],"product_brand":[],"product_cat":[69],"product_tag":[],"class_list":{"0":"post-9967","1":"product","2":"type-product","3":"status-publish","4":"has-post-thumbnail","6":"product_cat-esteroides_inyectables","8":"first","9":"instock","10":"sale","11":"shipping-taxable","12":"purchasable","13":"product-type-simple"},"yoast_head":"<!-- This site is optimized with the Yoast SEO Premium plugin v24.4 (Yoast SEO v27.3) - https:\/\/yoast.com\/product\/yoast-seo-premium-wordpress\/ -->\n<title>TRI-TRENOGED \/ TRI-TRENBOLONE - Steroidi in linea<\/title>\n<meta name=\"description\" content=\"Mix di trenbolone: potente steroide con 3 esteri (acetato, enantato, esaidrobenzilcarbonato) per un rapido e significativo aumento della massa muscolare, della forza e della resistenza. Non aromatizza. Ciclo tipico fino a 6-8 settimane (400mg\/settimana). PCT necessario.\" \/>\n<meta name=\"robots\" content=\"index, follow, max-snippet:-1, max-image-preview:large, max-video-preview:-1\" \/>\n<link rel=\"canonical\" href=\"https:\/\/iberoid.com\/it\/product\/english-tritrenoged-tritrenbolone-epf\/\" \/>\n<meta property=\"og:locale\" content=\"it_IT\" \/>\n<meta property=\"og:type\" content=\"article\" \/>\n<meta property=\"og:title\" content=\"TRI-TRENOGED \/ TRI-TRENBOLONE\" \/>\n<meta property=\"og:description\" content=\"Mix di trenbolone: potente steroide con 3 esteri (acetato, enantato, esaidrobenzilcarbonato) per un rapido e significativo aumento della massa muscolare, della forza e della resistenza. Non aromatizza. Ciclo tipico fino a 6-8 settimane (400mg\/settimana). PCT necessario.\" \/>\n<meta property=\"og:url\" content=\"https:\/\/iberoid.com\/it\/product\/english-tritrenoged-tritrenbolone-epf\/\" \/>\n<meta property=\"og:site_name\" content=\"Steroidi in linea\" \/>\n<meta property=\"article:modified_time\" content=\"2026-04-18T23:16:21+00:00\" \/>\n<meta property=\"og:image\" content=\"https:\/\/iberoid.com\/wp-content\/uploads\/2025\/03\/tri-scaled.jpg?v=1742818641\" \/>\n\t<meta property=\"og:image:width\" content=\"1557\" \/>\n\t<meta property=\"og:image:height\" content=\"2560\" \/>\n\t<meta property=\"og:image:type\" content=\"image\/jpeg\" \/>\n<meta name=\"twitter:card\" content=\"summary_large_image\" \/>\n<meta name=\"twitter:label1\" content=\"Prezzo\" \/>\n\t<meta name=\"twitter:data1\" content=\"&euro;65.00\" \/>\n\t<meta name=\"twitter:label2\" content=\"Disponibilit\u00e0\" \/>\n\t<meta name=\"twitter:data2\" content=\"In stock\" \/>\n<script type=\"application\/ld+json\" class=\"yoast-schema-graph\">{\"@context\":\"https:\\\/\\\/schema.org\",\"@graph\":[{\"@type\":\"WebPage\",\"@id\":\"https:\\\/\\\/iberoid.com\\\/it\\\/product\\\/english-tritrenoged-tritrenbolone-epf\\\/\",\"url\":\"https:\\\/\\\/iberoid.com\\\/it\\\/product\\\/english-tritrenoged-tritrenbolone-epf\\\/\",\"name\":\"TRI-TRENOGED \\\/ TRI-TRENBOLONE - Steroidi in linea\",\"isPartOf\":{\"@id\":\"https:\\\/\\\/iberoid-shop.com\\\/#website\"},\"primaryImageOfPage\":{\"@id\":\"https:\\\/\\\/iberoid.com\\\/it\\\/product\\\/english-tritrenoged-tritrenbolone-epf\\\/#primaryimage\"},\"image\":{\"@id\":\"https:\\\/\\\/iberoid.com\\\/it\\\/product\\\/english-tritrenoged-tritrenbolone-epf\\\/#primaryimage\"},\"thumbnailUrl\":\"https:\\\/\\\/iberoid.com\\\/wp-content\\\/uploads\\\/2025\\\/03\\\/tri-scaled.jpg?v=1742818641\",\"datePublished\":\"2025-03-23T14:48:47+00:00\",\"dateModified\":\"2026-04-18T23:16:21+00:00\",\"description\":\"Mix di trenbolone: potente steroide con 3 esteri (acetato, enantato, esaidrobenzilcarbonato) per un rapido e significativo aumento della massa muscolare, della forza e della resistenza. Non aromatizza. Ciclo tipico fino a 6-8 settimane (400mg\\\/settimana). PCT necessario.\",\"breadcrumb\":{\"@id\":\"https:\\\/\\\/iberoid.com\\\/it\\\/product\\\/english-tritrenoged-tritrenbolone-epf\\\/#breadcrumb\"},\"inLanguage\":\"it-IT\",\"potentialAction\":[{\"@type\":\"ReadAction\",\"target\":[[\"https:\\\/\\\/iberoid.com\\\/it\\\/product\\\/english-tritrenoged-tritrenbolone-epf\\\/\"]]}]},{\"@type\":\"ImageObject\",\"inLanguage\":\"it-IT\",\"@id\":\"https:\\\/\\\/iberoid.com\\\/it\\\/product\\\/english-tritrenoged-tritrenbolone-epf\\\/#primaryimage\",\"url\":\"https:\\\/\\\/iberoid.com\\\/wp-content\\\/uploads\\\/2025\\\/03\\\/tri-scaled.jpg?v=1742818641\",\"contentUrl\":\"https:\\\/\\\/iberoid.com\\\/wp-content\\\/uploads\\\/2025\\\/03\\\/tri-scaled.jpg?v=1742818641\",\"width\":1557,\"height\":2560},{\"@type\":\"BreadcrumbList\",\"@id\":\"https:\\\/\\\/iberoid.com\\\/it\\\/product\\\/english-tritrenoged-tritrenbolone-epf\\\/#breadcrumb\",\"itemListElement\":[{\"@type\":\"ListItem\",\"position\":1,\"name\":\"Portada\",\"item\":\"https:\\\/\\\/iberoid.com\\\/it\\\/\"},{\"@type\":\"ListItem\",\"position\":2,\"name\":\"Negozio\",\"item\":\"https:\\\/\\\/iberoid.com\\\/it\\\/shop\\\/\"},{\"@type\":\"ListItem\",\"position\":3,\"name\":\"TRI-TRENOGED \\\/ TRI-TRENBOLONE\"}]},{\"@type\":\"WebSite\",\"@id\":\"https:\\\/\\\/iberoid-shop.com\\\/#website\",\"url\":\"https:\\\/\\\/iberoid-shop.com\\\/\",\"name\":\"Steroidi in linea\",\"description\":\"Acquista steroidi online oggi in Spagna e Portogallo. Abbiamo il miglior servizio clienti del settore e prodotti di altissima qualit\u00e0\",\"potentialAction\":[{\"@type\":\"SearchAction\",\"target\":{\"@type\":\"EntryPoint\",\"urlTemplate\":\"https:\\\/\\\/iberoid-shop.com\\\/?s={search_term_string}\"},\"query-input\":{\"@type\":\"PropertyValueSpecification\",\"valueRequired\":true,\"valueName\":\"search_term_string\"}}],\"inLanguage\":\"it-IT\"}]}<\/script>\n<meta property=\"product:brand\" content=\"Euro Prime Pharmaceuticals (EPF)\" \/>\n<meta property=\"product:price:amount\" content=\"65.00\" \/>\n<meta property=\"product:price:currency\" content=\"EUR\" \/>\n<meta property=\"og:availability\" content=\"instock\" \/>\n<meta property=\"product:availability\" content=\"instock\" \/>\n<meta property=\"product:condition\" content=\"new\" \/>\n<!-- \/ Yoast SEO Premium plugin. -->","yoast_head_json":{"title":"TRI-TRENOGED \/ TRI-TRENBOLONE - Steroidi in linea","description":"Mix di trenbolone: potente steroide con 3 esteri (acetato, enantato, esaidrobenzilcarbonato) per un rapido e significativo aumento della massa muscolare, della forza e della resistenza. Non aromatizza. Ciclo tipico fino a 6-8 settimane (400mg\/settimana). PCT necessario.","robots":{"index":"index","follow":"follow","max-snippet":"max-snippet:-1","max-image-preview":"max-image-preview:large","max-video-preview":"max-video-preview:-1"},"canonical":"https:\/\/iberoid.com\/it\/product\/english-tritrenoged-tritrenbolone-epf\/","og_locale":"it_IT","og_type":"article","og_title":"TRI-TRENOGED \/ TRI-TRENBOLONE","og_description":"Mix di trenbolone: potente steroide con 3 esteri (acetato, enantato, esaidrobenzilcarbonato) per un rapido e significativo aumento della massa muscolare, della forza e della resistenza. Non aromatizza. Ciclo tipico fino a 6-8 settimane (400mg\/settimana). PCT necessario.","og_url":"https:\/\/iberoid.com\/it\/product\/english-tritrenoged-tritrenbolone-epf\/","og_site_name":"Steroidi in linea","article_modified_time":"2026-04-18T23:16:21+00:00","og_image":[{"width":1557,"height":2560,"url":"https:\/\/iberoid.com\/wp-content\/uploads\/2025\/03\/tri-scaled.jpg?v=1742818641","type":"image\/jpeg"}],"twitter_card":"summary_large_image","twitter_misc":{"Prezzo":"&euro;65.00","Disponibilit\u00e0":"In stock"},"schema":{"@context":"https:\/\/schema.org","@graph":[{"@type":"WebPage","@id":"https:\/\/iberoid.com\/it\/product\/english-tritrenoged-tritrenbolone-epf\/","url":"https:\/\/iberoid.com\/it\/product\/english-tritrenoged-tritrenbolone-epf\/","name":"TRI-TRENOGED \/ TRI-TRENBOLONE - Steroidi in linea","isPartOf":{"@id":"https:\/\/iberoid-shop.com\/#website"},"primaryImageOfPage":{"@id":"https:\/\/iberoid.com\/it\/product\/english-tritrenoged-tritrenbolone-epf\/#primaryimage"},"image":{"@id":"https:\/\/iberoid.com\/it\/product\/english-tritrenoged-tritrenbolone-epf\/#primaryimage"},"thumbnailUrl":"https:\/\/iberoid.com\/wp-content\/uploads\/2025\/03\/tri-scaled.jpg?v=1742818641","datePublished":"2025-03-23T14:48:47+00:00","dateModified":"2026-04-18T23:16:21+00:00","description":"Mix di trenbolone: potente steroide con 3 esteri (acetato, enantato, esaidrobenzilcarbonato) per un rapido e significativo aumento della massa muscolare, della forza e della resistenza. Non aromatizza. Ciclo tipico fino a 6-8 settimane (400mg\/settimana). PCT necessario.","breadcrumb":{"@id":"https:\/\/iberoid.com\/it\/product\/english-tritrenoged-tritrenbolone-epf\/#breadcrumb"},"inLanguage":"it-IT","potentialAction":[{"@type":"ReadAction","target":[["https:\/\/iberoid.com\/it\/product\/english-tritrenoged-tritrenbolone-epf\/"]]}]},{"@type":"ImageObject","inLanguage":"it-IT","@id":"https:\/\/iberoid.com\/it\/product\/english-tritrenoged-tritrenbolone-epf\/#primaryimage","url":"https:\/\/iberoid.com\/wp-content\/uploads\/2025\/03\/tri-scaled.jpg?v=1742818641","contentUrl":"https:\/\/iberoid.com\/wp-content\/uploads\/2025\/03\/tri-scaled.jpg?v=1742818641","width":1557,"height":2560},{"@type":"BreadcrumbList","@id":"https:\/\/iberoid.com\/it\/product\/english-tritrenoged-tritrenbolone-epf\/#breadcrumb","itemListElement":[{"@type":"ListItem","position":1,"name":"Portada","item":"https:\/\/iberoid.com\/it\/"},{"@type":"ListItem","position":2,"name":"Negozio","item":"https:\/\/iberoid.com\/it\/shop\/"},{"@type":"ListItem","position":3,"name":"TRI-TRENOGED \/ TRI-TRENBOLONE"}]},{"@type":"WebSite","@id":"https:\/\/iberoid-shop.com\/#website","url":"https:\/\/iberoid-shop.com\/","name":"Steroidi in linea","description":"Acquista steroidi online oggi in Spagna e Portogallo. Abbiamo il miglior servizio clienti del settore e prodotti di altissima qualit\u00e0","potentialAction":[{"@type":"SearchAction","target":{"@type":"EntryPoint","urlTemplate":"https:\/\/iberoid-shop.com\/?s={search_term_string}"},"query-input":{"@type":"PropertyValueSpecification","valueRequired":true,"valueName":"search_term_string"}}],"inLanguage":"it-IT"}]},"product_brand":"Euro Prime Pharmaceuticals (EPF)","product_price_amount":"65.00","product_price_currency":"EUR","og_availability":"instock","product_availability":"instock","product_condition":"new"},"_links":{"self":[{"href":"https:\/\/iberoid.com\/it\/wp-json\/wp\/v2\/product\/9967","targetHints":{"allow":["GET"]}}],"collection":[{"href":"https:\/\/iberoid.com\/it\/wp-json\/wp\/v2\/product"}],"about":[{"href":"https:\/\/iberoid.com\/it\/wp-json\/wp\/v2\/types\/product"}],"replies":[{"embeddable":true,"href":"https:\/\/iberoid.com\/it\/wp-json\/wp\/v2\/comments?post=9967"}],"wp:featuredmedia":[{"embeddable":true,"href":"https:\/\/iberoid.com\/it\/wp-json\/wp\/v2\/media\/9970"}],"wp:attachment":[{"href":"https:\/\/iberoid.com\/it\/wp-json\/wp\/v2\/media?parent=9967"}],"wp:term":[{"taxonomy":"product_brand","embeddable":true,"href":"https:\/\/iberoid.com\/it\/wp-json\/wp\/v2\/product_brand?post=9967"},{"taxonomy":"product_cat","embeddable":true,"href":"https:\/\/iberoid.com\/it\/wp-json\/wp\/v2\/product_cat?post=9967"},{"taxonomy":"product_tag","embeddable":true,"href":"https:\/\/iberoid.com\/it\/wp-json\/wp\/v2\/product_tag?post=9967"}],"curies":[{"name":"wp","href":"https:\/\/api.w.org\/{rel}","templated":true}]}}