{"id":9991,"date":"2025-04-02T17:57:14","date_gmt":"2025-04-02T17:57:14","guid":{"rendered":"https:\/\/iberoid.com\/?post_type=product&#038;p=9991"},"modified":"2026-03-29T15:58:21","modified_gmt":"2026-03-29T15:58:21","slug":"pack3-boldenon-mp-pharm","status":"publish","type":"product","link":"https:\/\/iberoid.com\/it\/product\/pack3-boldenon-mp-pharm\/","title":{"rendered":"BOLDENON PACK 3"},"content":{"rendered":"<p><\/p>\n<p class=\"\" data-start=\"0\" data-end=\"402\"><strong data-start=\"0\" data-end=\"26\">Boldenone Undecilenato<\/strong> \u00e8 stato sviluppato nel tentativo di creare un estere iniettabile a lunga durata del <strong data-start=\"111\" data-end=\"127\">Metandienone<\/strong>, ma si \u00e8 ottenuto un prodotto completamente diverso. Ha un&#8217;attivit\u00e0 anabolica pari a quella del testosterone, ma con un rapporto androgenico due volte pi\u00f9 basso. Tuttavia, quando lo si utilizza, non si guadagna la stessa quantit\u00e0 di massa muscolare rispetto al testosterone.<\/p>\n<p class=\"\" data-start=\"404\" data-end=\"957\">Studi hanno dimostrato che il <strong data-start=\"434\" data-end=\"460\">Boldenone Undecilenato<\/strong> pu\u00f2 aumentare il numero di globuli rossi in misura maggiore rispetto alla maggior parte degli steroidi. Gli effetti benefici di questo steroide sono molto apprezzati tra gli atleti, diventando sempre pi\u00f9 popolare negli ultimi anni. Molti considerano il <strong data-start=\"714\" data-end=\"740\">Boldenone Undecilenato<\/strong> un costruttore di massa muscolare pi\u00f9 debole rispetto al <strong data-start=\"798\" data-end=\"822\">Nandrolone Decanoato<\/strong>, ma che favorisce una maggiore forza e vascolarizzazione. <strong data-start=\"881\" data-end=\"894\">Equipoise<\/strong> \u00e8 uno steroide ben tollerato dalla maggior parte degli atleti.<\/p>\n<p class=\"\" data-start=\"959\" data-end=\"1184\">La sua emivita \u00e8 lunga e porta a guadagni muscolari lenti ma di ottima qualit\u00e0. Per questo motivo, quando viene usato da solo nei cicli di steroidi, \u00e8 necessario assumerlo per almeno 12 settimane per ottenere buoni risultati.<\/p>\n<p class=\"\" data-start=\"1186\" data-end=\"1371\">Poich\u00e9 \u00e8 uno steroide che aumenta l&#8217;appetito, il <strong data-start=\"1235\" data-end=\"1261\">Boldenone Undecilenato<\/strong> pu\u00f2 essere difficile da usare quando si punta alla definizione muscolare, anche se questo non vale per tutti.<\/p>\n<p class=\"\" data-start=\"1373\" data-end=\"1548\">Spesso viene utilizzato insieme ad altri steroidi come il testosterone per ottenere risultati migliori. Aumenta la forza muscolare e favorisce significativi guadagni in massa.<\/p>\n<hr class=\"\" data-start=\"1550\" data-end=\"1553\" \/>\n<h3 class=\"\" data-start=\"1555\" data-end=\"1597\"><strong data-start=\"1559\" data-end=\"1597\">Dosaggio di Boldenone Undecilenato<\/strong><\/h3>\n<p class=\"\" data-start=\"1599\" data-end=\"2149\">Il <strong data-start=\"1602\" data-end=\"1628\">Boldenone Undecilenato<\/strong> dovrebbe essere usato almeno una volta a settimana in dosi da <strong data-start=\"1691\" data-end=\"1717\">200 a 600 mg\/settimana<\/strong>. La dose ottimale \u00e8 di <strong data-start=\"1741\" data-end=\"1765\">500-600 mg\/settimana<\/strong>. Pu\u00f2 anche essere somministrato in dosi pi\u00f9 piccole ogni due giorni, purch\u00e9 si raggiunga la quantit\u00e0 settimanale desiderata. \u00c8 importante cambiare il sito di iniezione per evitare irritazioni. Se si inietta una dose troppo grande di sostanza oleosa in un solo punto, possono verificarsi complicazioni chirurgiche. Per evitarlo, non si dovrebbero iniettare pi\u00f9 di <strong data-start=\"2129\" data-end=\"2137\">3 ml<\/strong> alla volta.<\/p>\n<p class=\"\" data-start=\"2151\" data-end=\"2275\">Un ciclo con <strong data-start=\"2164\" data-end=\"2177\">Equipoise<\/strong> dovrebbe durare almeno <strong data-start=\"2201\" data-end=\"2216\">8 settimane<\/strong>, con la possibilit\u00e0 di estensione fino a <strong data-start=\"2258\" data-end=\"2274\">16 settimane<\/strong>.<\/p>\n<p class=\"\" data-start=\"2277\" data-end=\"2378\">Il <strong data-start=\"2280\" data-end=\"2306\">Boldenone Undecilenato<\/strong> pu\u00f2 essere utilizzato anche dalle donne in dosi di <strong data-start=\"2358\" data-end=\"2377\">50 mg\/settimana<\/strong>.<\/p>\n<hr class=\"\" data-start=\"2380\" data-end=\"2383\" \/>\n<h3 class=\"\" data-start=\"2385\" data-end=\"2426\"><strong data-start=\"2389\" data-end=\"2426\">Effetti Collaterali del Boldenone<\/strong><\/h3>\n<p class=\"\" data-start=\"2428\" data-end=\"2608\">Gli effetti collaterali associati a questo steroide sono generalmente lievi, a meno che non si ecceda con le dosi. In dosaggi molto bassi, pu\u00f2 essere utilizzato anche dagli atleti.<\/p>\n<p><\/p>","protected":false},"excerpt":{"rendered":"<p>Boldenone Undecilenato \u00e8 stato sviluppato nel tentativo di creare un estere iniettabile a lunga durata del Metandienone, ma si \u00e8<\/p>\n","protected":false},"featured_media":9992,"comment_status":"open","ping_status":"closed","template":"","meta":[],"product_brand":[],"product_cat":[69,3474],"product_tag":[],"class_list":{"0":"post-9991","1":"product","2":"type-product","3":"status-publish","4":"has-post-thumbnail","6":"product_cat-esteroides_inyectables","7":"product_cat-packs","9":"first","10":"outofstock","11":"sale","12":"shipping-taxable","13":"purchasable","14":"product-type-simple"},"yoast_head":"<!-- This site is optimized with the Yoast SEO Premium plugin v24.4 (Yoast SEO v27.0) - https:\/\/yoast.com\/product\/yoast-seo-premium-wordpress\/ -->\n<title>BOLDENON PACK 3 - Steroidi in linea<\/title>\n<meta name=\"description\" content=\"Boldenone Undecilenato (Equipoise): Anabolizzante (simile al testo), androgenico inferiore. Ottimo per guadagno muscolare lento e di qualit\u00e0, forza e vascolarizzazione. Ciclo 12+ settimane (uomini 200-600mg\/settimana, donne 50mg\/settimana). Pu\u00f2 aumentare l&#039;appetito.\" \/>\n<meta name=\"robots\" content=\"index, follow, max-snippet:-1, max-image-preview:large, max-video-preview:-1\" \/>\n<link rel=\"canonical\" href=\"https:\/\/iberoid.com\/it\/product\/pack3-boldenon-mp-pharm\/\" \/>\n<meta property=\"og:locale\" content=\"it_IT\" \/>\n<meta property=\"og:type\" content=\"article\" \/>\n<meta property=\"og:title\" content=\"BOLDENON PACK 3\" \/>\n<meta property=\"og:description\" content=\"Boldenone Undecilenato (Equipoise): Anabolizzante (simile al testo), androgenico inferiore. Ottimo per guadagno muscolare lento e di qualit\u00e0, forza e vascolarizzazione. Ciclo 12+ settimane (uomini 200-600mg\/settimana, donne 50mg\/settimana). Pu\u00f2 aumentare l&#039;appetito.\" \/>\n<meta property=\"og:url\" content=\"https:\/\/iberoid.com\/it\/product\/pack3-boldenon-mp-pharm\/\" \/>\n<meta property=\"og:site_name\" content=\"Steroidi in linea\" \/>\n<meta property=\"article:modified_time\" content=\"2026-03-29T15:58:21+00:00\" \/>\n<meta property=\"og:image\" content=\"https:\/\/iberoid.com\/wp-content\/uploads\/2025\/04\/B3-scaled.jpg?v=1743616607\" \/>\n\t<meta property=\"og:image:width\" content=\"2560\" \/>\n\t<meta property=\"og:image:height\" content=\"2024\" \/>\n\t<meta property=\"og:image:type\" content=\"image\/jpeg\" \/>\n<meta name=\"twitter:card\" content=\"summary_large_image\" \/>\n<meta name=\"twitter:label1\" content=\"Prezzo\" \/>\n\t<meta name=\"twitter:data1\" content=\"&euro;55.00\" \/>\n\t<meta name=\"twitter:label2\" content=\"Disponibilit\u00e0\" \/>\n\t<meta name=\"twitter:data2\" content=\"Esaurito\" \/>\n<script type=\"application\/ld+json\" class=\"yoast-schema-graph\">{\"@context\":\"https:\/\/schema.org\",\"@graph\":[{\"@type\":\"WebPage\",\"@id\":\"https:\/\/iberoid.com\/it\/product\/pack3-boldenon-mp-pharm\/\",\"url\":\"https:\/\/iberoid.com\/it\/product\/pack3-boldenon-mp-pharm\/\",\"name\":\"BOLDENON PACK 3 - Steroidi in linea\",\"isPartOf\":{\"@id\":\"https:\/\/iberoid-shop.com\/#website\"},\"primaryImageOfPage\":{\"@id\":\"https:\/\/iberoid.com\/it\/product\/pack3-boldenon-mp-pharm\/#primaryimage\"},\"image\":{\"@id\":\"https:\/\/iberoid.com\/it\/product\/pack3-boldenon-mp-pharm\/#primaryimage\"},\"thumbnailUrl\":\"https:\/\/iberoid.com\/wp-content\/uploads\/2025\/04\/B3-scaled.jpg?v=1743616607\",\"datePublished\":\"2025-04-02T17:57:14+00:00\",\"dateModified\":\"2026-03-29T15:58:21+00:00\",\"description\":\"Boldenone Undecilenato (Equipoise): Anabolizzante (simile al testo), androgenico inferiore. Ottimo per guadagno muscolare lento e di qualit\u00e0, forza e vascolarizzazione. Ciclo 12+ settimane (uomini 200-600mg\/settimana, donne 50mg\/settimana). Pu\u00f2 aumentare l'appetito.\",\"breadcrumb\":{\"@id\":\"https:\/\/iberoid.com\/it\/product\/pack3-boldenon-mp-pharm\/#breadcrumb\"},\"inLanguage\":\"it-IT\",\"potentialAction\":[{\"@type\":\"ReadAction\",\"target\":[[\"https:\/\/iberoid.com\/it\/product\/pack3-boldenon-mp-pharm\/\"]]}]},{\"@type\":\"ImageObject\",\"inLanguage\":\"it-IT\",\"@id\":\"https:\/\/iberoid.com\/it\/product\/pack3-boldenon-mp-pharm\/#primaryimage\",\"url\":\"https:\/\/iberoid.com\/wp-content\/uploads\/2025\/04\/B3-scaled.jpg?v=1743616607\",\"contentUrl\":\"https:\/\/iberoid.com\/wp-content\/uploads\/2025\/04\/B3-scaled.jpg?v=1743616607\",\"width\":2560,\"height\":2024},{\"@type\":\"BreadcrumbList\",\"@id\":\"https:\/\/iberoid.com\/it\/product\/pack3-boldenon-mp-pharm\/#breadcrumb\",\"itemListElement\":[{\"@type\":\"ListItem\",\"position\":1,\"name\":\"Portada\",\"item\":\"https:\/\/iberoid.com\/it\/\"},{\"@type\":\"ListItem\",\"position\":2,\"name\":\"Negozio\",\"item\":\"https:\/\/iberoid.com\/it\/shop\/\"},{\"@type\":\"ListItem\",\"position\":3,\"name\":\"BOLDENON PACK 3\"}]},{\"@type\":\"WebSite\",\"@id\":\"https:\/\/iberoid-shop.com\/#website\",\"url\":\"https:\/\/iberoid-shop.com\/\",\"name\":\"Steroidi in linea\",\"description\":\"Acquista steroidi online oggi in Spagna e Portogallo. Abbiamo il miglior servizio clienti del settore e prodotti di altissima qualit\u00e0\",\"potentialAction\":[{\"@type\":\"SearchAction\",\"target\":{\"@type\":\"EntryPoint\",\"urlTemplate\":\"https:\/\/iberoid-shop.com\/?s={search_term_string}\"},\"query-input\":{\"@type\":\"PropertyValueSpecification\",\"valueRequired\":true,\"valueName\":\"search_term_string\"}}],\"inLanguage\":\"it-IT\"}]}<\/script>\n<meta property=\"product:brand\" content=\"Mp-Pharm\" \/>\n<meta property=\"product:price:amount\" content=\"55.00\" \/>\n<meta property=\"product:price:currency\" content=\"EUR\" \/>\n<meta property=\"og:availability\" content=\"out of stock\" \/>\n<meta property=\"product:availability\" content=\"out of stock\" \/>\n<meta property=\"product:condition\" content=\"new\" \/>\n<!-- \/ Yoast SEO Premium plugin. -->","yoast_head_json":{"title":"BOLDENON PACK 3 - Steroidi in linea","description":"Boldenone Undecilenato (Equipoise): Anabolizzante (simile al testo), androgenico inferiore. Ottimo per guadagno muscolare lento e di qualit\u00e0, forza e vascolarizzazione. Ciclo 12+ settimane (uomini 200-600mg\/settimana, donne 50mg\/settimana). Pu\u00f2 aumentare l'appetito.","robots":{"index":"index","follow":"follow","max-snippet":"max-snippet:-1","max-image-preview":"max-image-preview:large","max-video-preview":"max-video-preview:-1"},"canonical":"https:\/\/iberoid.com\/it\/product\/pack3-boldenon-mp-pharm\/","og_locale":"it_IT","og_type":"article","og_title":"BOLDENON PACK 3","og_description":"Boldenone Undecilenato (Equipoise): Anabolizzante (simile al testo), androgenico inferiore. Ottimo per guadagno muscolare lento e di qualit\u00e0, forza e vascolarizzazione. Ciclo 12+ settimane (uomini 200-600mg\/settimana, donne 50mg\/settimana). Pu\u00f2 aumentare l'appetito.","og_url":"https:\/\/iberoid.com\/it\/product\/pack3-boldenon-mp-pharm\/","og_site_name":"Steroidi in linea","article_modified_time":"2026-03-29T15:58:21+00:00","og_image":[{"width":2560,"height":2024,"url":"https:\/\/iberoid.com\/wp-content\/uploads\/2025\/04\/B3-scaled.jpg?v=1743616607","type":"image\/jpeg"}],"twitter_card":"summary_large_image","twitter_misc":{"Prezzo":"&euro;55.00","Disponibilit\u00e0":"Esaurito"},"schema":{"@context":"https:\/\/schema.org","@graph":[{"@type":"WebPage","@id":"https:\/\/iberoid.com\/it\/product\/pack3-boldenon-mp-pharm\/","url":"https:\/\/iberoid.com\/it\/product\/pack3-boldenon-mp-pharm\/","name":"BOLDENON PACK 3 - Steroidi in linea","isPartOf":{"@id":"https:\/\/iberoid-shop.com\/#website"},"primaryImageOfPage":{"@id":"https:\/\/iberoid.com\/it\/product\/pack3-boldenon-mp-pharm\/#primaryimage"},"image":{"@id":"https:\/\/iberoid.com\/it\/product\/pack3-boldenon-mp-pharm\/#primaryimage"},"thumbnailUrl":"https:\/\/iberoid.com\/wp-content\/uploads\/2025\/04\/B3-scaled.jpg?v=1743616607","datePublished":"2025-04-02T17:57:14+00:00","dateModified":"2026-03-29T15:58:21+00:00","description":"Boldenone Undecilenato (Equipoise): Anabolizzante (simile al testo), androgenico inferiore. Ottimo per guadagno muscolare lento e di qualit\u00e0, forza e vascolarizzazione. Ciclo 12+ settimane (uomini 200-600mg\/settimana, donne 50mg\/settimana). Pu\u00f2 aumentare l'appetito.","breadcrumb":{"@id":"https:\/\/iberoid.com\/it\/product\/pack3-boldenon-mp-pharm\/#breadcrumb"},"inLanguage":"it-IT","potentialAction":[{"@type":"ReadAction","target":[["https:\/\/iberoid.com\/it\/product\/pack3-boldenon-mp-pharm\/"]]}]},{"@type":"ImageObject","inLanguage":"it-IT","@id":"https:\/\/iberoid.com\/it\/product\/pack3-boldenon-mp-pharm\/#primaryimage","url":"https:\/\/iberoid.com\/wp-content\/uploads\/2025\/04\/B3-scaled.jpg?v=1743616607","contentUrl":"https:\/\/iberoid.com\/wp-content\/uploads\/2025\/04\/B3-scaled.jpg?v=1743616607","width":2560,"height":2024},{"@type":"BreadcrumbList","@id":"https:\/\/iberoid.com\/it\/product\/pack3-boldenon-mp-pharm\/#breadcrumb","itemListElement":[{"@type":"ListItem","position":1,"name":"Portada","item":"https:\/\/iberoid.com\/it\/"},{"@type":"ListItem","position":2,"name":"Negozio","item":"https:\/\/iberoid.com\/it\/shop\/"},{"@type":"ListItem","position":3,"name":"BOLDENON PACK 3"}]},{"@type":"WebSite","@id":"https:\/\/iberoid-shop.com\/#website","url":"https:\/\/iberoid-shop.com\/","name":"Steroidi in linea","description":"Acquista steroidi online oggi in Spagna e Portogallo. Abbiamo il miglior servizio clienti del settore e prodotti di altissima qualit\u00e0","potentialAction":[{"@type":"SearchAction","target":{"@type":"EntryPoint","urlTemplate":"https:\/\/iberoid-shop.com\/?s={search_term_string}"},"query-input":{"@type":"PropertyValueSpecification","valueRequired":true,"valueName":"search_term_string"}}],"inLanguage":"it-IT"}]},"product_brand":"Mp-Pharm","product_price_amount":"55.00","product_price_currency":"EUR","og_availability":"out of stock","product_availability":"out of stock","product_condition":"new"},"_links":{"self":[{"href":"https:\/\/iberoid.com\/it\/wp-json\/wp\/v2\/product\/9991","targetHints":{"allow":["GET"]}}],"collection":[{"href":"https:\/\/iberoid.com\/it\/wp-json\/wp\/v2\/product"}],"about":[{"href":"https:\/\/iberoid.com\/it\/wp-json\/wp\/v2\/types\/product"}],"replies":[{"embeddable":true,"href":"https:\/\/iberoid.com\/it\/wp-json\/wp\/v2\/comments?post=9991"}],"wp:featuredmedia":[{"embeddable":true,"href":"https:\/\/iberoid.com\/it\/wp-json\/wp\/v2\/media\/9992"}],"wp:attachment":[{"href":"https:\/\/iberoid.com\/it\/wp-json\/wp\/v2\/media?parent=9991"}],"wp:term":[{"taxonomy":"product_brand","embeddable":true,"href":"https:\/\/iberoid.com\/it\/wp-json\/wp\/v2\/product_brand?post=9991"},{"taxonomy":"product_cat","embeddable":true,"href":"https:\/\/iberoid.com\/it\/wp-json\/wp\/v2\/product_cat?post=9991"},{"taxonomy":"product_tag","embeddable":true,"href":"https:\/\/iberoid.com\/it\/wp-json\/wp\/v2\/product_tag?post=9991"}],"curies":[{"name":"wp","href":"https:\/\/api.w.org\/{rel}","templated":true}]}}