{"id":1532,"date":"2018-05-10T09:31:22","date_gmt":"2018-05-10T09:31:22","guid":{"rendered":"http:\/\/dummy.xtemos.com\/woodmart\/demos\/?page_id=1532"},"modified":"2020-06-17T19:30:15","modified_gmt":"2020-06-17T19:30:15","slug":"custom-404","status":"publish","type":"page","link":"https:\/\/iberoid.com\/pt\/custom-404\/","title":{"rendered":"Custom-404"},"content":{"rendered":"<div class=\"wpb-content-wrapper\"><p>[vc_row][vc_column width=&#8221;1\/6&#8243;][\/vc_column][vc_column width=&#8221;2\/3&#8243; woodmart_text_align=&#8221;center&#8221;][vc_single_image image=&#8221;1534&#8243; img_size=&#8221;full&#8221; alignment=&#8221;center&#8221; css=&#8221;.vc_custom_1525944025339{margin-bottom: 25px !important;}&#8221;]\t\t\n\t\t<div id=\"wd-69e1b8a87e06f\" class=\"title-wrapper  woodmart-title-color-default woodmart-title-style-default woodmart-title-width-100 text-center woodmart-title-size-custom vc_custom_1525781295753\">\n\t\t\t\t\t\t\n\t\t\t<div class=\"liner-continer\">\n\t\t\t\t<span class=\"left-line\"><\/span>\n\t\t\t\t<h4 class=\"woodmart-title-container title  woodmart-font-weight-700\" >PAGE NOT FOUND<\/h4>\t\t\t\t\t\t\t\t<span class=\"right-line\"><\/span>\n\t\t\t<\/div>\n\t\t\t\n\t\t\t\t\t\t\n\t\t\t\t\t<\/div>\n\t\t\n\t\t\t\n\t\t\t<div id=\"wd-69e1b8a87e0a3\" class=\"woodmart-text-block-wrapper color-scheme- woodmart-title-size-custom woodmart-title-width-100 text-center vc_custom_1525782502292\">\n\t\t\t\t<div class=\"woodmart-title-container woodmart-text-block font-text woodmart-font-weight-\">\n\t\t\t\t\tThis is somewhat embarrassing, isn\u2019t it? It looks like nothing was found at this location.\t\t\t\t<\/div>\n\t\t\t\t\t\n\t\t\t<\/div>\n\t\t<div id=\"wd-69e1b8a87e0d0\" class=\"woodmart-button-wrapper text-center inline-element\"><a href=\"#\" title=\"\" class=\"btn btn-color-primary btn-style-default btn-shape-rectangle btn-size-default\">HOME PAGE<\/a><\/div><div id=\"wd-69e1b8a87e0f5\" class=\"woodmart-button-wrapper text-center inline-element\"><a href=\"#contact-form-popup\" title=\"\" class=\"btn btn-color-default btn-style-bordered btn-shape-rectangle btn-size-default woodmart-open-popup \">CONTACT US<\/a><\/div><div id=\"contact-form-popup\" class=\"mfp-with-anim woodmart-content-popup mfp-hide\" style=\"max-width:900px;\"><div class=\"woodmart-popup-inner\">[vc_row_inner equal_height=&#8221;yes&#8221; css=&#8221;.vc_custom_1512552757832{margin-top: -30px !important;margin-right: -30px !important;margin-bottom: -30px !important;margin-left: -30px !important;}&#8221;][vc_column_inner width=&#8221;2\/3&#8243; css=&#8221;.vc_custom_1512552766600{padding-top: 30px !important;padding-right: 30px !important;padding-bottom: 15px !important;padding-left: 30px !important;}&#8221;]\t\t\n\t\t<div id=\"wd-69e1b8a87e132\" class=\"title-wrapper  woodmart-title-color-default woodmart-title-style-default woodmart-title-width-100 text-left woodmart-title-size-small \">\n\t\t\t\t\t\t\n\t\t\t<div class=\"liner-continer\">\n\t\t\t\t<span class=\"left-line\"><\/span>\n\t\t\t\t<h4 class=\"woodmart-title-container title  woodmart-font-weight-\" >SEND US A MESSAGE<\/h4>\t\t\t\t\t\t\t\t<span class=\"right-line\"><\/span>\n\t\t\t<\/div>\n\t\t\t\n\t\t\t\t\t\t\n\t\t\t\t\t<\/div>\n\t\t\n\t\t[vc_column_text css=&#8221;.vc_custom_1525944104118{margin-bottom: 0px !important;}&#8221;]<p class=\"wpcf7-contact-form-not-found\"><strong>Erro:<\/strong> Formul\u00e1rio de contacto n\u00e3o encontrado.<\/p>[\/vc_column_text][\/vc_column_inner][vc_column_inner width=&#8221;1\/3&#8243; css=&#8221;.vc_custom_1512552777696{padding-top: 30px !important;padding-right: 30px !important;padding-bottom: 30px !important;padding-left: 30px !important;background-color: #333333 !important;}&#8221;]\t\t\n\t\t<div id=\"wd-69e1b8a87e4c5\" class=\"title-wrapper  woodmart-title-color-white woodmart-title-style-default woodmart-title-width-100 text-left woodmart-title-size-small \">\n\t\t\t\t\t\t\n\t\t\t<div class=\"liner-continer\">\n\t\t\t\t<span class=\"left-line\"><\/span>\n\t\t\t\t<h4 class=\"woodmart-title-container title  woodmart-font-weight-\" >CONTACT INFORMATION<\/h4>\t\t\t\t\t\t\t\t<span class=\"right-line\"><\/span>\n\t\t\t<\/div>\n\t\t\t\n\t\t\t\t\t\t\n\t\t\t\t\t<\/div>\n\t\t\n\t\t\t\t\t<div class=\"info-box-wrapper \">\n\t\t\t\t<div id=\"wd-69e1b8a87e4e7\" class=\" woodmart-info-box text-left box-icon-align-left box-style- color-scheme-light woodmart-bg-none box-title-default \"  >\n\t\t\t\t\t\t\t\t\t\t\t<div class=\"box-icon-wrapper  box-with-icon box-icon-simple\">\n\t\t\t\t\t\t\t<div class=\"info-box-icon\">\n\n\t\t\t\t\t\t\t\n\t\t\t\t\t\t\t\t\t\t\t\t\t\t\t\t\t<div class=\"info-svg-wrapper info-icon\" style=\"width: 30px;height: 30px;\"><svg xmlns=\"http:\/\/www.w3.org\/2000\/svg\" xmlns:xlink=\"http:\/\/www.w3.org\/1999\/xlink\" version=\"1.1\" id=\"svg-3089\" x=\"0px\" y=\"0px\" viewBox=\"0 0 60.062 60.062\" style=\"enable-background:new 0 0 60.062 60.062;\" xml:space=\"preserve\" width=\"512px\" height=\"512px\">\n<path d=\"M60.046,11.196c0.004-0.024,0.011-0.048,0.013-0.072c0.007-0.074-0.001-0.149-0.01-0.224  c-0.002-0.019,0.001-0.037-0.002-0.056c-0.018-0.099-0.051-0.196-0.1-0.289c-0.008-0.016-0.019-0.031-0.028-0.047  c-0.002-0.002-0.002-0.005-0.003-0.008c-0.001-0.002-0.004-0.003-0.005-0.006c-0.007-0.011-0.013-0.023-0.02-0.033  c-0.062-0.091-0.137-0.166-0.221-0.23c-0.019-0.014-0.041-0.022-0.061-0.035c-0.074-0.049-0.152-0.089-0.236-0.116  c-0.037-0.012-0.074-0.018-0.112-0.025c-0.073-0.015-0.146-0.022-0.222-0.02c-0.04,0.001-0.078,0.003-0.118,0.009  c-0.026,0.004-0.051,0-0.077,0.006L0.798,22.046c-0.413,0.086-0.729,0.421-0.788,0.839s0.15,0.828,0.523,1.025l16.632,8.773  l2.917,16.187c-0.002,0.012,0.001,0.025,0,0.037c-0.01,0.08-0.011,0.158-0.001,0.237c0.005,0.04,0.01,0.078,0.02,0.117  c0.023,0.095,0.06,0.184,0.11,0.268c0.01,0.016,0.01,0.035,0.021,0.051c0.003,0.005,0.008,0.009,0.012,0.013  c0.013,0.019,0.031,0.034,0.046,0.053c0.047,0.058,0.096,0.111,0.152,0.156c0.009,0.007,0.015,0.018,0.025,0.025  c0.015,0.011,0.032,0.014,0.047,0.024c0.061,0.04,0.124,0.073,0.191,0.099c0.027,0.01,0.052,0.022,0.08,0.03  c0.09,0.026,0.183,0.044,0.277,0.044c0.001,0,0.002,0,0.003,0h0c0,0,0,0,0,0c0.004,0,0.008-0.002,0.012-0.002  c0.017,0.001,0.034,0.002,0.051,0.002c0.277,0,0.527-0.124,0.712-0.315l11.079-7.386l11.6,7.54c0.164,0.106,0.354,0.161,0.545,0.161  c0.105,0,0.212-0.017,0.315-0.051c0.288-0.096,0.518-0.318,0.623-0.604l13.996-37.989c0.013-0.034,0.024-0.069,0.033-0.105  c0.004-0.015,0.005-0.03,0.008-0.044C60.042,11.22,60.044,11.208,60.046,11.196z M48.464,17.579L24.471,35.22  c-0.039,0.029-0.07,0.065-0.104,0.099c-0.013,0.012-0.026,0.022-0.037,0.035c-0.021,0.023-0.04,0.046-0.059,0.071  c-0.018,0.024-0.032,0.049-0.048,0.074c-0.037,0.06-0.068,0.122-0.092,0.188c-0.005,0.013-0.013,0.023-0.017,0.036  c-0.001,0.004-0.005,0.006-0.006,0.01l-2.75,8.937l-2.179-12.091L48.464,17.579z M22.908,46.594l2.726-9.004l4.244,2.759  l1.214,0.789l-4.124,2.749L22.908,46.594z M52.044,13.498L18.071,30.899l-14.14-7.458L52.044,13.498z M44.559,47.504L29.154,37.492  l-2.333-1.517l30.154-22.172L44.559,47.504z\" fill=\"#FFFFFF\"\/>\n<g>\n<\/g>\n<g>\n<\/g>\n<g>\n<\/g>\n<g>\n<\/g>\n<g>\n<\/g>\n<g>\n<\/g>\n<g>\n<\/g>\n<g>\n<\/g>\n<g>\n<\/g>\n<g>\n<\/g>\n<g>\n<\/g>\n<g>\n<\/g>\n<g>\n<\/g>\n<g>\n<\/g>\n<g>\n<\/g>\n<\/svg>\n<\/div>\t\t\t\t\t\t\t\t\t\t\t\t\t\t\t\t\n\t\t\t\t\t\t\t\n\t\t\t\t\t\t\t<\/div>\n\t\t\t\t\t\t<\/div>\n\t\t\t\t\t\t\t\t\t\t<div class=\"info-box-content\">\n\t\t\t\t\t\t\t\t\t\t\t\t<div class=\"info-box-inner reset-mb-10\">\n\t\t\t\t\t\t\t<p>50 East 52nd Street<br \/>\nBrooklyn, NY 10022<br \/>\nUnited States<\/p>\n\t\t\t\t\t\t<\/div>\n\n\t\t\t\t\t\t\t\t\t\t\t\t\n\t\t\t\t\t<\/div>\n\n\t\t\t\t\t\t\t\t\t<\/div>\n\t\t\t<\/div>\n\t\t\t\t\t<div class=\"info-box-wrapper \">\n\t\t\t\t<div id=\"wd-69e1b8a87eddc\" class=\" woodmart-info-box text-left box-icon-align-left box-style- color-scheme-light woodmart-bg-none box-title-default \"  >\n\t\t\t\t\t\t\t\t\t\t\t<div class=\"box-icon-wrapper  box-with-icon box-icon-simple\">\n\t\t\t\t\t\t\t<div class=\"info-box-icon\">\n\n\t\t\t\t\t\t\t\n\t\t\t\t\t\t\t\t\t\t\t\t\t\t\t\t\t<div class=\"info-svg-wrapper info-icon\" style=\"width: 30px;height: 30px;\"><svg xmlns=\"http:\/\/www.w3.org\/2000\/svg\" xmlns:xlink=\"http:\/\/www.w3.org\/1999\/xlink\" version=\"1.1\" id=\"svg-3232\" x=\"0px\" y=\"0px\" viewBox=\"0 0 60.062 60.062\" style=\"enable-background:new 0 0 60.062 60.062;\" xml:space=\"preserve\" width=\"512px\" height=\"512px\">\n<path d=\"M60.046,11.196c0.004-0.024,0.011-0.048,0.013-0.072c0.007-0.074-0.001-0.149-0.01-0.224  c-0.002-0.019,0.001-0.037-0.002-0.056c-0.018-0.099-0.051-0.196-0.1-0.289c-0.008-0.016-0.019-0.031-0.028-0.047  c-0.002-0.002-0.002-0.005-0.003-0.008c-0.001-0.002-0.004-0.003-0.005-0.006c-0.007-0.011-0.013-0.023-0.02-0.033  c-0.062-0.091-0.137-0.166-0.221-0.23c-0.019-0.014-0.041-0.022-0.061-0.035c-0.074-0.049-0.152-0.089-0.236-0.116  c-0.037-0.012-0.074-0.018-0.112-0.025c-0.073-0.015-0.146-0.022-0.222-0.02c-0.04,0.001-0.078,0.003-0.118,0.009  c-0.026,0.004-0.051,0-0.077,0.006L0.798,22.046c-0.413,0.086-0.729,0.421-0.788,0.839s0.15,0.828,0.523,1.025l16.632,8.773  l2.917,16.187c-0.002,0.012,0.001,0.025,0,0.037c-0.01,0.08-0.011,0.158-0.001,0.237c0.005,0.04,0.01,0.078,0.02,0.117  c0.023,0.095,0.06,0.184,0.11,0.268c0.01,0.016,0.01,0.035,0.021,0.051c0.003,0.005,0.008,0.009,0.012,0.013  c0.013,0.019,0.031,0.034,0.046,0.053c0.047,0.058,0.096,0.111,0.152,0.156c0.009,0.007,0.015,0.018,0.025,0.025  c0.015,0.011,0.032,0.014,0.047,0.024c0.061,0.04,0.124,0.073,0.191,0.099c0.027,0.01,0.052,0.022,0.08,0.03  c0.09,0.026,0.183,0.044,0.277,0.044c0.001,0,0.002,0,0.003,0h0c0,0,0,0,0,0c0.004,0,0.008-0.002,0.012-0.002  c0.017,0.001,0.034,0.002,0.051,0.002c0.277,0,0.527-0.124,0.712-0.315l11.079-7.386l11.6,7.54c0.164,0.106,0.354,0.161,0.545,0.161  c0.105,0,0.212-0.017,0.315-0.051c0.288-0.096,0.518-0.318,0.623-0.604l13.996-37.989c0.013-0.034,0.024-0.069,0.033-0.105  c0.004-0.015,0.005-0.03,0.008-0.044C60.042,11.22,60.044,11.208,60.046,11.196z M48.464,17.579L24.471,35.22  c-0.039,0.029-0.07,0.065-0.104,0.099c-0.013,0.012-0.026,0.022-0.037,0.035c-0.021,0.023-0.04,0.046-0.059,0.071  c-0.018,0.024-0.032,0.049-0.048,0.074c-0.037,0.06-0.068,0.122-0.092,0.188c-0.005,0.013-0.013,0.023-0.017,0.036  c-0.001,0.004-0.005,0.006-0.006,0.01l-2.75,8.937l-2.179-12.091L48.464,17.579z M22.908,46.594l2.726-9.004l4.244,2.759  l1.214,0.789l-4.124,2.749L22.908,46.594z M52.044,13.498L18.071,30.899l-14.14-7.458L52.044,13.498z M44.559,47.504L29.154,37.492  l-2.333-1.517l30.154-22.172L44.559,47.504z\" fill=\"#FFFFFF\"\/>\n<g>\n<\/g>\n<g>\n<\/g>\n<g>\n<\/g>\n<g>\n<\/g>\n<g>\n<\/g>\n<g>\n<\/g>\n<g>\n<\/g>\n<g>\n<\/g>\n<g>\n<\/g>\n<g>\n<\/g>\n<g>\n<\/g>\n<g>\n<\/g>\n<g>\n<\/g>\n<g>\n<\/g>\n<g>\n<\/g>\n<\/svg>\n<\/div>\t\t\t\t\t\t\t\t\t\t\t\t\t\t\t\t\n\t\t\t\t\t\t\t\n\t\t\t\t\t\t\t<\/div>\n\t\t\t\t\t\t<\/div>\n\t\t\t\t\t\t\t\t\t\t<div class=\"info-box-content\">\n\t\t\t\t\t\t\t\t\t\t\t\t<div class=\"info-box-inner reset-mb-10\">\n\t\t\t\t\t\t\t<p>+1322224332<br \/>\n+1323345455<\/p>\n\t\t\t\t\t\t<\/div>\n\n\t\t\t\t\t\t\t\t\t\t\t\t\n\t\t\t\t\t<\/div>\n\n\t\t\t\t\t\t\t\t\t<\/div>\n\t\t\t<\/div>\n\t\t\t\t\t<div class=\"info-box-wrapper \">\n\t\t\t\t<div id=\"wd-69e1b8a87f1e8\" class=\" woodmart-info-box text-left box-icon-align-left box-style- color-scheme-light woodmart-bg-none box-title-default \"  >\n\t\t\t\t\t\t\t\t\t\t\t<div class=\"box-icon-wrapper  box-with-icon box-icon-simple\">\n\t\t\t\t\t\t\t<div class=\"info-box-icon\">\n\n\t\t\t\t\t\t\t\n\t\t\t\t\t\t\t\t\t\t\t\t\t\t\t\t\t<div class=\"info-svg-wrapper info-icon\" style=\"width: 30px;height: 30px;\"><svg xmlns=\"http:\/\/www.w3.org\/2000\/svg\" xmlns:xlink=\"http:\/\/www.w3.org\/1999\/xlink\" version=\"1.1\" id=\"svg-2800\" x=\"0px\" y=\"0px\" viewBox=\"0 0 60.062 60.062\" style=\"enable-background:new 0 0 60.062 60.062;\" xml:space=\"preserve\" width=\"512px\" height=\"512px\">\n<path d=\"M60.046,11.196c0.004-0.024,0.011-0.048,0.013-0.072c0.007-0.074-0.001-0.149-0.01-0.224  c-0.002-0.019,0.001-0.037-0.002-0.056c-0.018-0.099-0.051-0.196-0.1-0.289c-0.008-0.016-0.019-0.031-0.028-0.047  c-0.002-0.002-0.002-0.005-0.003-0.008c-0.001-0.002-0.004-0.003-0.005-0.006c-0.007-0.011-0.013-0.023-0.02-0.033  c-0.062-0.091-0.137-0.166-0.221-0.23c-0.019-0.014-0.041-0.022-0.061-0.035c-0.074-0.049-0.152-0.089-0.236-0.116  c-0.037-0.012-0.074-0.018-0.112-0.025c-0.073-0.015-0.146-0.022-0.222-0.02c-0.04,0.001-0.078,0.003-0.118,0.009  c-0.026,0.004-0.051,0-0.077,0.006L0.798,22.046c-0.413,0.086-0.729,0.421-0.788,0.839s0.15,0.828,0.523,1.025l16.632,8.773  l2.917,16.187c-0.002,0.012,0.001,0.025,0,0.037c-0.01,0.08-0.011,0.158-0.001,0.237c0.005,0.04,0.01,0.078,0.02,0.117  c0.023,0.095,0.06,0.184,0.11,0.268c0.01,0.016,0.01,0.035,0.021,0.051c0.003,0.005,0.008,0.009,0.012,0.013  c0.013,0.019,0.031,0.034,0.046,0.053c0.047,0.058,0.096,0.111,0.152,0.156c0.009,0.007,0.015,0.018,0.025,0.025  c0.015,0.011,0.032,0.014,0.047,0.024c0.061,0.04,0.124,0.073,0.191,0.099c0.027,0.01,0.052,0.022,0.08,0.03  c0.09,0.026,0.183,0.044,0.277,0.044c0.001,0,0.002,0,0.003,0h0c0,0,0,0,0,0c0.004,0,0.008-0.002,0.012-0.002  c0.017,0.001,0.034,0.002,0.051,0.002c0.277,0,0.527-0.124,0.712-0.315l11.079-7.386l11.6,7.54c0.164,0.106,0.354,0.161,0.545,0.161  c0.105,0,0.212-0.017,0.315-0.051c0.288-0.096,0.518-0.318,0.623-0.604l13.996-37.989c0.013-0.034,0.024-0.069,0.033-0.105  c0.004-0.015,0.005-0.03,0.008-0.044C60.042,11.22,60.044,11.208,60.046,11.196z M48.464,17.579L24.471,35.22  c-0.039,0.029-0.07,0.065-0.104,0.099c-0.013,0.012-0.026,0.022-0.037,0.035c-0.021,0.023-0.04,0.046-0.059,0.071  c-0.018,0.024-0.032,0.049-0.048,0.074c-0.037,0.06-0.068,0.122-0.092,0.188c-0.005,0.013-0.013,0.023-0.017,0.036  c-0.001,0.004-0.005,0.006-0.006,0.01l-2.75,8.937l-2.179-12.091L48.464,17.579z M22.908,46.594l2.726-9.004l4.244,2.759  l1.214,0.789l-4.124,2.749L22.908,46.594z M52.044,13.498L18.071,30.899l-14.14-7.458L52.044,13.498z M44.559,47.504L29.154,37.492  l-2.333-1.517l30.154-22.172L44.559,47.504z\" fill=\"#FFFFFF\"\/>\n<g>\n<\/g>\n<g>\n<\/g>\n<g>\n<\/g>\n<g>\n<\/g>\n<g>\n<\/g>\n<g>\n<\/g>\n<g>\n<\/g>\n<g>\n<\/g>\n<g>\n<\/g>\n<g>\n<\/g>\n<g>\n<\/g>\n<g>\n<\/g>\n<g>\n<\/g>\n<g>\n<\/g>\n<g>\n<\/g>\n<\/svg>\n<\/div>\t\t\t\t\t\t\t\t\t\t\t\t\t\t\t\t\n\t\t\t\t\t\t\t\n\t\t\t\t\t\t\t<\/div>\n\t\t\t\t\t\t<\/div>\n\t\t\t\t\t\t\t\t\t\t<div class=\"info-box-content\">\n\t\t\t\t\t\t\t\t\t\t\t\t<div class=\"info-box-inner reset-mb-10\">\n\t\t\t\t\t\t\t<p><a href=\"http:\/\/themedemo.commercegurus.com\/economist\/#\">info@economist.com<\/a><br \/>\n<a href=\"http:\/\/themedemo.commercegurus.com\/economist\/#\">support@economist.com<\/a><\/p>\n\t\t\t\t\t\t<\/div>\n\n\t\t\t\t\t\t\t\t\t\t\t\t\n\t\t\t\t\t<\/div>\n\n\t\t\t\t\t\t\t\t\t<\/div>\n\t\t\t<\/div>\n\t\t[vc_separator color=&#8221;custom&#8221; accent_color=&#8221;rgba(255,255,255,0.15)&#8221; css=&#8221;.vc_custom_1484144347493{margin-bottom: 30px !important;}&#8221;][vc_column_text woodmart_color_scheme=&#8221;light&#8221; css=&#8221;.vc_custom_1484154411560{margin-bottom: 20px !important;}&#8221;]Do you have questions about how Economist can help your company? Send us an email and we\u2019ll get in touch shortly.[\/vc_column_text]\n\t\t\t<div class=\"woodmart-social-icons text-left icons-design-colored icons-size-small color-scheme-dark social-share social-form-circle\">\n\t\t\t\t\t\t\t\t\t<a rel=\"nofollow\" href=\"https:\/\/www.facebook.com\/sharer\/sharer.php?u=https:\/\/iberoid.com\/pt\/custom-404\/\" target=\"_blank\" class=\" woodmart-social-icon social-facebook\">\n\t\t\t\t\t\t<i><\/i>\n\t\t\t\t\t\t<span class=\"woodmart-social-icon-name\">Facebook<\/span>\n\t\t\t\t\t<\/a>\n\t\t\t\t\n\t\t\t\t\t\t\t\t\t<a rel=\"nofollow\" href=\"https:\/\/twitter.com\/share?url=https:\/\/iberoid.com\/pt\/custom-404\/\" target=\"_blank\" class=\" woodmart-social-icon social-twitter\">\n\t\t\t\t\t\t<i><\/i>\n\t\t\t\t\t\t<span class=\"woodmart-social-icon-name\">Twitter<\/span>\n\t\t\t\t\t<\/a>\n\t\t\t\t\n\t\t\t\t\n\t\t\t\t\n\t\t\t\t\n\t\t\t\t\t\t\t\t\t<a rel=\"nofollow\" href=\"https:\/\/pinterest.com\/pin\/create\/button\/?url=https:\/\/iberoid.com\/pt\/custom-404\/&media=https:\/\/iberoid.com\/wp-includes\/images\/media\/default.svg&description=Custom-404\" target=\"_blank\" class=\" woodmart-social-icon social-pinterest\">\n\t\t\t\t\t\t<i><\/i>\n\t\t\t\t\t\t<span class=\"woodmart-social-icon-name\">Pinterest<\/span>\n\t\t\t\t\t<\/a>\n\t\t\t\t\n\t\t\t\t\n\t\t\t\t\t\t\t\t\t<a rel=\"nofollow\" href=\"https:\/\/www.linkedin.com\/shareArticle?mini=true&url=https:\/\/iberoid.com\/pt\/custom-404\/\" target=\"_blank\" class=\" woodmart-social-icon social-linkedin\">\n\t\t\t\t\t\t<i><\/i>\n\t\t\t\t\t\t<span class=\"woodmart-social-icon-name\">linkedin<\/span>\n\t\t\t\t\t<\/a>\n\t\t\t\t\n\t\t\t\t\n\t\t\t\t\n\t\t\t\t\n\t\t\t\t\n\t\t\t\t\n\t\t\t\t\n\t\t\t\t\n\t\t\t\t\n\t\t\t\t\n\t\t\t\t\t\t\t\t\n\t\t\t\t\t\t\t\t\n\t\t\t\t\n\t\t\t\t\t\t\t\t\t<a rel=\"nofollow\" href=\"https:\/\/telegram.me\/share\/url?url=https:\/\/iberoid.com\/pt\/custom-404\/\" target=\"_blank\" class=\" woodmart-social-icon social-tg\">\n\t\t\t\t\t\t<i><\/i>\n\t\t\t\t\t\t<span class=\"woodmart-social-icon-name\">Telegrama<\/span>\n\t\t\t\t\t<\/a>\n\t\t\t\t\t\t\t\t\n\t\t\t\t\n\t\t\t<\/div>\n\n\t\t[\/vc_column_inner][\/vc_row_inner]<\/div><\/div>[\/vc_column][vc_column width=&#8221;1\/6&#8243;][\/vc_column][\/vc_row]<\/p>\n<\/div>","protected":false},"excerpt":{"rendered":"<p>[vc_row][vc_column width=&#8221;1\/6&#8243;][\/vc_column][vc_column width=&#8221;2\/3&#8243; woodmart_text_align=&#8221;center&#8221;][vc_single_image image=&#8221;1534&#8243; img_size=&#8221;full&#8221; alignment=&#8221;center&#8221; css=&#8221;.vc_custom_1525944025339{margin-bottom: 25px !important;}&#8221;][\/vc_column][vc_column width=&#8221;1\/6&#8243;][\/vc_column][\/vc_row]<\/p>\n","protected":false},"author":1,"featured_media":0,"parent":0,"menu_order":0,"comment_status":"closed","ping_status":"closed","template":"","meta":{"footnotes":""},"class_list":["post-1532","page","type-page","status-publish","hentry"],"yoast_head":"<!-- This site is optimized with the Yoast SEO Premium plugin v24.4 (Yoast SEO v27.3) - https:\/\/yoast.com\/product\/yoast-seo-premium-wordpress\/ -->\n<title>Custom-404 - Ester\u00f3ides Online<\/title>\n<meta name=\"robots\" content=\"index, follow, max-snippet:-1, max-image-preview:large, max-video-preview:-1\" \/>\n<link rel=\"canonical\" href=\"https:\/\/iberoid.com\/pt\/custom-404\/\" \/>\n<meta property=\"og:locale\" content=\"pt_PT\" \/>\n<meta property=\"og:type\" content=\"article\" \/>\n<meta property=\"og:title\" content=\"Custom-404\" \/>\n<meta property=\"og:description\" content=\"[vc_row][vc_column width=&#8221;1\/6&#8243;][\/vc_column][vc_column width=&#8221;2\/3&#8243; woodmart_text_align=&#8221;center&#8221;][vc_single_image image=&#8221;1534&#8243; img_size=&#8221;full&#8221; alignment=&#8221;center&#8221; css=&#8221;.vc_custom_1525944025339{margin-bottom: 25px !important;}&#8221;][\/vc_column][vc_column width=&#8221;1\/6&#8243;][\/vc_column][\/vc_row]\" \/>\n<meta property=\"og:url\" content=\"https:\/\/iberoid.com\/pt\/custom-404\/\" \/>\n<meta property=\"og:site_name\" content=\"Ester\u00f3ides Online\" \/>\n<meta property=\"article:modified_time\" content=\"2020-06-17T19:30:15+00:00\" \/>\n<meta name=\"twitter:card\" content=\"summary_large_image\" \/>\n<meta name=\"twitter:label1\" content=\"Tempo estimado de leitura\" \/>\n\t<meta name=\"twitter:data1\" content=\"2 minutos\" \/>\n<script type=\"application\/ld+json\" class=\"yoast-schema-graph\">{\"@context\":\"https:\\\/\\\/schema.org\",\"@graph\":[{\"@type\":\"WebPage\",\"@id\":\"https:\\\/\\\/iberoid.com\\\/pt\\\/custom-404\\\/\",\"url\":\"https:\\\/\\\/iberoid.com\\\/pt\\\/custom-404\\\/\",\"name\":\"Custom-404 - Ester\u00f3ides Online\",\"isPartOf\":{\"@id\":\"https:\\\/\\\/iberoid.com\\\/pt\\\/#website\"},\"datePublished\":\"2018-05-10T09:31:22+00:00\",\"dateModified\":\"2020-06-17T19:30:15+00:00\",\"breadcrumb\":{\"@id\":\"https:\\\/\\\/iberoid.com\\\/pt\\\/custom-404\\\/#breadcrumb\"},\"inLanguage\":\"pt-PT\",\"potentialAction\":[{\"@type\":\"ReadAction\",\"target\":[[\"https:\\\/\\\/iberoid.com\\\/pt\\\/custom-404\\\/\"]]}]},{\"@type\":\"BreadcrumbList\",\"@id\":\"https:\\\/\\\/iberoid.com\\\/pt\\\/custom-404\\\/#breadcrumb\",\"itemListElement\":[{\"@type\":\"ListItem\",\"position\":1,\"name\":\"Portada\",\"item\":\"https:\\\/\\\/iberoid.com\\\/pt\\\/\"},{\"@type\":\"ListItem\",\"position\":2,\"name\":\"Custom-404\"}]},{\"@type\":\"WebSite\",\"@id\":\"https:\\\/\\\/iberoid.com\\\/pt\\\/#website\",\"url\":\"https:\\\/\\\/iberoid.com\\\/pt\\\/\",\"name\":\"Ester\u00f3ides Online\",\"description\":\"Compre ester\u00f3ides online hoje em Espanha e Portugal. Temos o melhor servi\u00e7o ao cliente do setor e produtos da mais alta qualidade\",\"potentialAction\":[{\"@type\":\"SearchAction\",\"target\":{\"@type\":\"EntryPoint\",\"urlTemplate\":\"https:\\\/\\\/iberoid.com\\\/pt\\\/?s={search_term_string}\"},\"query-input\":{\"@type\":\"PropertyValueSpecification\",\"valueRequired\":true,\"valueName\":\"search_term_string\"}}],\"inLanguage\":\"pt-PT\"}]}<\/script>\n<!-- \/ Yoast SEO Premium plugin. -->","yoast_head_json":{"title":"Custom-404 - Ester\u00f3ides Online","robots":{"index":"index","follow":"follow","max-snippet":"max-snippet:-1","max-image-preview":"max-image-preview:large","max-video-preview":"max-video-preview:-1"},"canonical":"https:\/\/iberoid.com\/pt\/custom-404\/","og_locale":"pt_PT","og_type":"article","og_title":"Custom-404","og_description":"[vc_row][vc_column width=&#8221;1\/6&#8243;][\/vc_column][vc_column width=&#8221;2\/3&#8243; woodmart_text_align=&#8221;center&#8221;][vc_single_image image=&#8221;1534&#8243; img_size=&#8221;full&#8221; alignment=&#8221;center&#8221; css=&#8221;.vc_custom_1525944025339{margin-bottom: 25px !important;}&#8221;][\/vc_column][vc_column width=&#8221;1\/6&#8243;][\/vc_column][\/vc_row]","og_url":"https:\/\/iberoid.com\/pt\/custom-404\/","og_site_name":"Ester\u00f3ides Online","article_modified_time":"2020-06-17T19:30:15+00:00","twitter_card":"summary_large_image","twitter_misc":{"Tempo estimado de leitura":"2 minutos"},"schema":{"@context":"https:\/\/schema.org","@graph":[{"@type":"WebPage","@id":"https:\/\/iberoid.com\/pt\/custom-404\/","url":"https:\/\/iberoid.com\/pt\/custom-404\/","name":"Custom-404 - Ester\u00f3ides Online","isPartOf":{"@id":"https:\/\/iberoid.com\/pt\/#website"},"datePublished":"2018-05-10T09:31:22+00:00","dateModified":"2020-06-17T19:30:15+00:00","breadcrumb":{"@id":"https:\/\/iberoid.com\/pt\/custom-404\/#breadcrumb"},"inLanguage":"pt-PT","potentialAction":[{"@type":"ReadAction","target":[["https:\/\/iberoid.com\/pt\/custom-404\/"]]}]},{"@type":"BreadcrumbList","@id":"https:\/\/iberoid.com\/pt\/custom-404\/#breadcrumb","itemListElement":[{"@type":"ListItem","position":1,"name":"Portada","item":"https:\/\/iberoid.com\/pt\/"},{"@type":"ListItem","position":2,"name":"Custom-404"}]},{"@type":"WebSite","@id":"https:\/\/iberoid.com\/pt\/#website","url":"https:\/\/iberoid.com\/pt\/","name":"Ester\u00f3ides Online","description":"Compre ester\u00f3ides online hoje em Espanha e Portugal. Temos o melhor servi\u00e7o ao cliente do setor e produtos da mais alta qualidade","potentialAction":[{"@type":"SearchAction","target":{"@type":"EntryPoint","urlTemplate":"https:\/\/iberoid.com\/pt\/?s={search_term_string}"},"query-input":{"@type":"PropertyValueSpecification","valueRequired":true,"valueName":"search_term_string"}}],"inLanguage":"pt-PT"}]}},"_links":{"self":[{"href":"https:\/\/iberoid.com\/pt\/wp-json\/wp\/v2\/pages\/1532","targetHints":{"allow":["GET"]}}],"collection":[{"href":"https:\/\/iberoid.com\/pt\/wp-json\/wp\/v2\/pages"}],"about":[{"href":"https:\/\/iberoid.com\/pt\/wp-json\/wp\/v2\/types\/page"}],"author":[{"embeddable":true,"href":"https:\/\/iberoid.com\/pt\/wp-json\/wp\/v2\/users\/1"}],"replies":[{"embeddable":true,"href":"https:\/\/iberoid.com\/pt\/wp-json\/wp\/v2\/comments?post=1532"}],"version-history":[{"count":0,"href":"https:\/\/iberoid.com\/pt\/wp-json\/wp\/v2\/pages\/1532\/revisions"}],"wp:attachment":[{"href":"https:\/\/iberoid.com\/pt\/wp-json\/wp\/v2\/media?parent=1532"}],"curies":[{"name":"wp","href":"https:\/\/api.w.org\/{rel}","templated":true}]}}