{"id":10037,"date":"2025-04-26T07:12:16","date_gmt":"2025-04-26T07:12:16","guid":{"rendered":"https:\/\/iberoid.com\/?post_type=product&#038;p=10037"},"modified":"2026-03-29T15:56:07","modified_gmt":"2026-03-29T15:56:07","slug":"pack10proviron","status":"publish","type":"product","link":"https:\/\/iberoid.com\/pt\/product\/pack10proviron\/","title":{"rendered":"10 PACK PROVIRON &#8211; Mesterolon 25mg"},"content":{"rendered":"<p><\/p>\n<p class=\"\" data-start=\"0\" data-end=\"267\">O Proviron \u00e9 um medicamento sint\u00e9tico que age como um estrog\u00eanio e \u00e9 muito popular entre fisiculturistas e outros atletas que utilizam esteroides anab\u00f3licos. O Proviron geralmente \u00e9 produzido em forma de comprimidos e tamb\u00e9m \u00e9 conhecido popularmente como Mesterolona.<\/p>\n<p class=\"\" data-start=\"269\" data-end=\"322\"><strong data-start=\"269\" data-end=\"322\">A\u00e7\u00e3o e resultados ao tomar Proviron \/ Mesterolona<\/strong><\/p>\n<p class=\"\" data-start=\"324\" data-end=\"780\">O ingrediente ativo no Proviron \u00e9 a Mesterolona. Este medicamento hormonal tem baixa atividade androg\u00eanica e melhora bastante as fun\u00e7\u00f5es er\u00e9teis do corpo. Muito frequentemente, este medicamento \u00e9 utilizado durante um ciclo de esteroides anab\u00f3licos e por algum tempo ap\u00f3s ele. A Mesterolona \u00e9 um dos antiestrog\u00eanicos mais populares usados para finalizar um ciclo de esteroides. O Proviron apoia a libido e ajuda se voc\u00ea tiver problemas com disfun\u00e7\u00e3o er\u00e9til.<\/p>\n<p class=\"\" data-start=\"782\" data-end=\"825\"><strong data-start=\"782\" data-end=\"825\">Efeitos de tomar Proviron \/ Mesterolona<\/strong><\/p>\n<p class=\"\" data-start=\"827\" data-end=\"1466\">O principal objetivo de usar Proviron \u00e9 nos esportes: reduzir o risco de efeitos colaterais indesejados ao tomar esteroides anab\u00f3licos. Este medicamento n\u00e3o leva a um aumento direto na produ\u00e7\u00e3o de testosterona no corpo, mas ao mesmo tempo, o Proviron elimina completamente os dist\u00farbios causados pela falta de testosterona, ou reduz os efeitos colaterais ao m\u00ednimo. Esses efeitos s\u00e3o causados pela utiliza\u00e7\u00e3o de esteroides anab\u00f3licos, que reduzem a qualidade do esperma, diminuem seu volume e podem levar \u00e0 infertilidade ou disfun\u00e7\u00e3o er\u00e9til. No entanto, o uso de Proviron durante ou ap\u00f3s o ciclo ajudar\u00e1 a fortalecer a pot\u00eancia e a libido.<\/p>\n<p class=\"\" data-start=\"1468\" data-end=\"1511\"><strong data-start=\"1468\" data-end=\"1511\">Como o Proviron \/ Mesterolona funciona?<\/strong><\/p>\n<p class=\"\" data-start=\"1513\" data-end=\"1605\">A Mesterolona aumenta a concentra\u00e7\u00e3o de testosterona livre no corpo, bloqueando a globulina.<\/p>\n<p class=\"\" data-start=\"1607\" data-end=\"1641\"><strong data-start=\"1607\" data-end=\"1641\">Tomando Proviron \/ Mesterolona<\/strong><\/p>\n<p class=\"\" data-start=\"1643\" data-end=\"1805\">A dosagem popular de Proviron \/ Mesterolona entre os atletas \u00e9: Proviron em uma dose de 25 mg &#8211; um comprimido ou 50 mg por dia (25 mg pela manh\u00e3 e 25 mg \u00e0 noite).<\/p>\n<p class=\"\" data-start=\"1807\" data-end=\"1855\"><strong data-start=\"1807\" data-end=\"1855\">Efeitos colaterais do Proviron (Mesterolona)<\/strong><\/p>\n<p class=\"\" data-start=\"1857\" data-end=\"2368\">Como qualquer medicamento, este antiestrog\u00eanico tem alguns efeitos colaterais. Felizmente, de acordo com as opini\u00f5es dos atletas, os efeitos colaterais s\u00e3o raros. Alguns desses efeitos colaterais incluem pele oleosa, surgimento de acne, crescimento excessivo de pelos ou calv\u00edcie. N\u00e3o \u00e9 recomendado que mulheres tomem Mesterolona, pois os efeitos colaterais incluem altera\u00e7\u00f5es na voz (ficando mais &#8220;masculina&#8221;), crescimento excessivo de pelos (at\u00e9 no rosto), problemas menstruais e dificuldades para engravidar.<\/p>\n<p class=\"\" data-start=\"2370\" data-end=\"2423\"><strong data-start=\"2370\" data-end=\"2423\">Avalia\u00e7\u00f5es do Proviron (Mesterolona) ap\u00f3s o ciclo<\/strong><\/p>\n<p class=\"\" data-start=\"2425\" data-end=\"2916\">Se voc\u00ea observar bem os f\u00f3runs de fitness, notar\u00e1 que quase todos os ciclos de esteroides anab\u00f3licos para fisiculturistas e treinadores avan\u00e7ados terminam com Proviron (Mesterolona). Isso n\u00e3o \u00e9 acidental, pois o Proviron (Mesterolona) realmente consegue restaurar o equil\u00edbrio do corpo ap\u00f3s um ciclo, al\u00e9m de fortalecer a libido novamente. Muito frequentemente, o Proviron (Mesterolona) \u00e9 combinado com o Clomid. As opini\u00f5es nos c\u00edrculos de fitness sobre o efeito do Proviron s\u00e3o muito boas.<\/p>\n<p class=\"\" data-start=\"2918\" data-end=\"3201\">De acordo com muitas opini\u00f5es, o andr\u00f3geno tem um grande efeito, e \u00e9 por isso que \u00e9 t\u00e3o procurado. Ele estimula a espermatog\u00eanese e ajuda o corpo a come\u00e7ar a produzir novamente a quantidade necess\u00e1ria de horm\u00f4nios sexuais masculinos. A Mesterolona \u00e9 um estimulante ideal da pot\u00eancia.<\/p>\n<p><\/p>","protected":false},"excerpt":{"rendered":"<p>O Proviron \u00e9 um medicamento sint\u00e9tico que age como um estrog\u00eanio e \u00e9 muito popular entre fisiculturistas e outros atletas<\/p>\n","protected":false},"featured_media":10038,"comment_status":"open","ping_status":"closed","template":"","meta":[],"product_brand":[],"product_cat":[73,3474],"product_tag":[],"class_list":{"0":"post-10037","1":"product","2":"type-product","3":"status-publish","4":"has-post-thumbnail","6":"product_cat-ssteroides_orales","7":"product_cat-packs","9":"first","10":"outofstock","11":"sale","12":"shipping-taxable","13":"purchasable","14":"product-type-simple"},"yoast_head":"<!-- This site is optimized with the Yoast SEO Premium plugin v24.4 (Yoast SEO v27.3) - https:\/\/yoast.com\/product\/yoast-seo-premium-wordpress\/ -->\n<title>10 PACK PROVIRON - Mesterolon 25mg - Ester\u00f3ides Online<\/title>\n<meta name=\"description\" content=\"Proviron (Mesterolona) \u00e9 um antiestrog\u00eanico popular no culturismo para aumentar a libido, melhorar os n\u00edveis de testosterona e reduzir os efeitos colaterais dos esteroides.\" \/>\n<meta name=\"robots\" content=\"index, follow, max-snippet:-1, max-image-preview:large, max-video-preview:-1\" \/>\n<link rel=\"canonical\" href=\"https:\/\/iberoid.com\/pt\/product\/pack10proviron\/\" \/>\n<meta property=\"og:locale\" content=\"pt_PT\" \/>\n<meta property=\"og:type\" content=\"article\" \/>\n<meta property=\"og:title\" content=\"10 PACK PROVIRON - Mesterolon 25mg\" \/>\n<meta property=\"og:description\" content=\"Proviron (Mesterolona) \u00e9 um antiestrog\u00eanico popular no culturismo para aumentar a libido, melhorar os n\u00edveis de testosterona e reduzir os efeitos colaterais dos esteroides.\" \/>\n<meta property=\"og:url\" content=\"https:\/\/iberoid.com\/pt\/product\/pack10proviron\/\" \/>\n<meta property=\"og:site_name\" content=\"Ester\u00f3ides Online\" \/>\n<meta property=\"article:modified_time\" content=\"2026-03-29T15:56:07+00:00\" \/>\n<meta property=\"og:image\" content=\"https:\/\/iberoid.com\/wp-content\/uploads\/2025\/04\/10-provi-scaled.jpeg?v=1745650743\" \/>\n\t<meta property=\"og:image:width\" content=\"1618\" \/>\n\t<meta property=\"og:image:height\" content=\"2560\" \/>\n\t<meta property=\"og:image:type\" content=\"image\/jpeg\" \/>\n<meta name=\"twitter:card\" content=\"summary_large_image\" \/>\n<meta name=\"twitter:label1\" content=\"pre\u00e7o\" \/>\n\t<meta name=\"twitter:data1\" content=\"&euro;100.00\" \/>\n\t<meta name=\"twitter:label2\" content=\"Disponibilidade\" \/>\n\t<meta name=\"twitter:data2\" content=\"Esgotado\" \/>\n<script type=\"application\/ld+json\" class=\"yoast-schema-graph\">{\"@context\":\"https:\\\/\\\/schema.org\",\"@graph\":[{\"@type\":\"WebPage\",\"@id\":\"https:\\\/\\\/iberoid.com\\\/pt\\\/product\\\/pack10proviron\\\/\",\"url\":\"https:\\\/\\\/iberoid.com\\\/pt\\\/product\\\/pack10proviron\\\/\",\"name\":\"10 PACK PROVIRON - Mesterolon 25mg - Ester\u00f3ides Online\",\"isPartOf\":{\"@id\":\"https:\\\/\\\/iberoid.com\\\/pt\\\/#website\"},\"primaryImageOfPage\":{\"@id\":\"https:\\\/\\\/iberoid.com\\\/pt\\\/product\\\/pack10proviron\\\/#primaryimage\"},\"image\":{\"@id\":\"https:\\\/\\\/iberoid.com\\\/pt\\\/product\\\/pack10proviron\\\/#primaryimage\"},\"thumbnailUrl\":\"https:\\\/\\\/iberoid.com\\\/wp-content\\\/uploads\\\/2025\\\/04\\\/10-provi-scaled.jpeg?v=1745650743\",\"datePublished\":\"2025-04-26T07:12:16+00:00\",\"dateModified\":\"2026-03-29T15:56:07+00:00\",\"description\":\"Proviron (Mesterolona) \u00e9 um antiestrog\u00eanico popular no culturismo para aumentar a libido, melhorar os n\u00edveis de testosterona e reduzir os efeitos colaterais dos esteroides.\",\"breadcrumb\":{\"@id\":\"https:\\\/\\\/iberoid.com\\\/pt\\\/product\\\/pack10proviron\\\/#breadcrumb\"},\"inLanguage\":\"pt-PT\",\"potentialAction\":[{\"@type\":\"ReadAction\",\"target\":[[\"https:\\\/\\\/iberoid.com\\\/pt\\\/product\\\/pack10proviron\\\/\"]]}]},{\"@type\":\"ImageObject\",\"inLanguage\":\"pt-PT\",\"@id\":\"https:\\\/\\\/iberoid.com\\\/pt\\\/product\\\/pack10proviron\\\/#primaryimage\",\"url\":\"https:\\\/\\\/iberoid.com\\\/wp-content\\\/uploads\\\/2025\\\/04\\\/10-provi-scaled.jpeg?v=1745650743\",\"contentUrl\":\"https:\\\/\\\/iberoid.com\\\/wp-content\\\/uploads\\\/2025\\\/04\\\/10-provi-scaled.jpeg?v=1745650743\",\"width\":1618,\"height\":2560},{\"@type\":\"BreadcrumbList\",\"@id\":\"https:\\\/\\\/iberoid.com\\\/pt\\\/product\\\/pack10proviron\\\/#breadcrumb\",\"itemListElement\":[{\"@type\":\"ListItem\",\"position\":1,\"name\":\"Portada\",\"item\":\"https:\\\/\\\/iberoid.com\\\/pt\\\/\"},{\"@type\":\"ListItem\",\"position\":2,\"name\":\"Loja\",\"item\":\"https:\\\/\\\/iberoid.com\\\/pt\\\/shop\\\/\"},{\"@type\":\"ListItem\",\"position\":3,\"name\":\"10 PACK PROVIRON &#8211; Mesterolon 25mg\"}]},{\"@type\":\"WebSite\",\"@id\":\"https:\\\/\\\/iberoid.com\\\/pt\\\/#website\",\"url\":\"https:\\\/\\\/iberoid.com\\\/pt\\\/\",\"name\":\"Ester\u00f3ides Online\",\"description\":\"Compre ester\u00f3ides online hoje em Espanha e Portugal. Temos o melhor servi\u00e7o ao cliente do setor e produtos da mais alta qualidade\",\"potentialAction\":[{\"@type\":\"SearchAction\",\"target\":{\"@type\":\"EntryPoint\",\"urlTemplate\":\"https:\\\/\\\/iberoid.com\\\/pt\\\/?s={search_term_string}\"},\"query-input\":{\"@type\":\"PropertyValueSpecification\",\"valueRequired\":true,\"valueName\":\"search_term_string\"}}],\"inLanguage\":\"pt-PT\"}]}<\/script>\n<meta property=\"product:brand\" content=\"Bayer\" \/>\n<meta property=\"product:price:amount\" content=\"100.00\" \/>\n<meta property=\"product:price:currency\" content=\"EUR\" \/>\n<meta property=\"og:availability\" content=\"out of stock\" \/>\n<meta property=\"product:availability\" content=\"out of stock\" \/>\n<meta property=\"product:condition\" content=\"new\" \/>\n<!-- \/ Yoast SEO Premium plugin. -->","yoast_head_json":{"title":"10 PACK PROVIRON - Mesterolon 25mg - Ester\u00f3ides Online","description":"Proviron (Mesterolona) \u00e9 um antiestrog\u00eanico popular no culturismo para aumentar a libido, melhorar os n\u00edveis de testosterona e reduzir os efeitos colaterais dos esteroides.","robots":{"index":"index","follow":"follow","max-snippet":"max-snippet:-1","max-image-preview":"max-image-preview:large","max-video-preview":"max-video-preview:-1"},"canonical":"https:\/\/iberoid.com\/pt\/product\/pack10proviron\/","og_locale":"pt_PT","og_type":"article","og_title":"10 PACK PROVIRON - Mesterolon 25mg","og_description":"Proviron (Mesterolona) \u00e9 um antiestrog\u00eanico popular no culturismo para aumentar a libido, melhorar os n\u00edveis de testosterona e reduzir os efeitos colaterais dos esteroides.","og_url":"https:\/\/iberoid.com\/pt\/product\/pack10proviron\/","og_site_name":"Ester\u00f3ides Online","article_modified_time":"2026-03-29T15:56:07+00:00","og_image":[{"width":1618,"height":2560,"url":"https:\/\/iberoid.com\/wp-content\/uploads\/2025\/04\/10-provi-scaled.jpeg?v=1745650743","type":"image\/jpeg"}],"twitter_card":"summary_large_image","twitter_misc":{"pre\u00e7o":"&euro;100.00","Disponibilidade":"Esgotado"},"schema":{"@context":"https:\/\/schema.org","@graph":[{"@type":"WebPage","@id":"https:\/\/iberoid.com\/pt\/product\/pack10proviron\/","url":"https:\/\/iberoid.com\/pt\/product\/pack10proviron\/","name":"10 PACK PROVIRON - Mesterolon 25mg - Ester\u00f3ides Online","isPartOf":{"@id":"https:\/\/iberoid.com\/pt\/#website"},"primaryImageOfPage":{"@id":"https:\/\/iberoid.com\/pt\/product\/pack10proviron\/#primaryimage"},"image":{"@id":"https:\/\/iberoid.com\/pt\/product\/pack10proviron\/#primaryimage"},"thumbnailUrl":"https:\/\/iberoid.com\/wp-content\/uploads\/2025\/04\/10-provi-scaled.jpeg?v=1745650743","datePublished":"2025-04-26T07:12:16+00:00","dateModified":"2026-03-29T15:56:07+00:00","description":"Proviron (Mesterolona) \u00e9 um antiestrog\u00eanico popular no culturismo para aumentar a libido, melhorar os n\u00edveis de testosterona e reduzir os efeitos colaterais dos esteroides.","breadcrumb":{"@id":"https:\/\/iberoid.com\/pt\/product\/pack10proviron\/#breadcrumb"},"inLanguage":"pt-PT","potentialAction":[{"@type":"ReadAction","target":[["https:\/\/iberoid.com\/pt\/product\/pack10proviron\/"]]}]},{"@type":"ImageObject","inLanguage":"pt-PT","@id":"https:\/\/iberoid.com\/pt\/product\/pack10proviron\/#primaryimage","url":"https:\/\/iberoid.com\/wp-content\/uploads\/2025\/04\/10-provi-scaled.jpeg?v=1745650743","contentUrl":"https:\/\/iberoid.com\/wp-content\/uploads\/2025\/04\/10-provi-scaled.jpeg?v=1745650743","width":1618,"height":2560},{"@type":"BreadcrumbList","@id":"https:\/\/iberoid.com\/pt\/product\/pack10proviron\/#breadcrumb","itemListElement":[{"@type":"ListItem","position":1,"name":"Portada","item":"https:\/\/iberoid.com\/pt\/"},{"@type":"ListItem","position":2,"name":"Loja","item":"https:\/\/iberoid.com\/pt\/shop\/"},{"@type":"ListItem","position":3,"name":"10 PACK PROVIRON &#8211; Mesterolon 25mg"}]},{"@type":"WebSite","@id":"https:\/\/iberoid.com\/pt\/#website","url":"https:\/\/iberoid.com\/pt\/","name":"Ester\u00f3ides Online","description":"Compre ester\u00f3ides online hoje em Espanha e Portugal. Temos o melhor servi\u00e7o ao cliente do setor e produtos da mais alta qualidade","potentialAction":[{"@type":"SearchAction","target":{"@type":"EntryPoint","urlTemplate":"https:\/\/iberoid.com\/pt\/?s={search_term_string}"},"query-input":{"@type":"PropertyValueSpecification","valueRequired":true,"valueName":"search_term_string"}}],"inLanguage":"pt-PT"}]},"product_brand":"Bayer","product_price_amount":"100.00","product_price_currency":"EUR","og_availability":"out of stock","product_availability":"out of stock","product_condition":"new"},"_links":{"self":[{"href":"https:\/\/iberoid.com\/pt\/wp-json\/wp\/v2\/product\/10037","targetHints":{"allow":["GET"]}}],"collection":[{"href":"https:\/\/iberoid.com\/pt\/wp-json\/wp\/v2\/product"}],"about":[{"href":"https:\/\/iberoid.com\/pt\/wp-json\/wp\/v2\/types\/product"}],"replies":[{"embeddable":true,"href":"https:\/\/iberoid.com\/pt\/wp-json\/wp\/v2\/comments?post=10037"}],"wp:featuredmedia":[{"embeddable":true,"href":"https:\/\/iberoid.com\/pt\/wp-json\/wp\/v2\/media\/10038"}],"wp:attachment":[{"href":"https:\/\/iberoid.com\/pt\/wp-json\/wp\/v2\/media?parent=10037"}],"wp:term":[{"taxonomy":"product_brand","embeddable":true,"href":"https:\/\/iberoid.com\/pt\/wp-json\/wp\/v2\/product_brand?post=10037"},{"taxonomy":"product_cat","embeddable":true,"href":"https:\/\/iberoid.com\/pt\/wp-json\/wp\/v2\/product_cat?post=10037"},{"taxonomy":"product_tag","embeddable":true,"href":"https:\/\/iberoid.com\/pt\/wp-json\/wp\/v2\/product_tag?post=10037"}],"curies":[{"name":"wp","href":"https:\/\/api.w.org\/{rel}","templated":true}]}}