{"id":10045,"date":"2025-04-27T07:54:24","date_gmt":"2025-04-27T07:54:24","guid":{"rendered":"https:\/\/iberoid.com\/?post_type=product&#038;p=10045"},"modified":"2026-04-14T16:18:48","modified_gmt":"2026-04-14T16:18:48","slug":"pack-2-d-boll","status":"publish","type":"product","link":"https:\/\/iberoid.com\/pt\/product\/pack-2-d-boll\/","title":{"rendered":"D-BOLL (2 pack)"},"content":{"rendered":"<p><\/p>\n<p class=\"\" data-start=\"0\" data-end=\"269\"><strong data-start=\"0\" data-end=\"78\">Compre D-BOLL para obter ganhos musculares impressionantes em pouco tempo.<\/strong> \u00c9 barato e pode ser tomado por via oral, em forma de comprimidos e c\u00e1psulas. Isso torna o Dbol a escolha preferida de iniciantes na muscula\u00e7\u00e3o que n\u00e3o querem lidar com esteroides injet\u00e1veis.<\/p>\n<hr class=\"\" data-start=\"271\" data-end=\"274\" \/>\n<h3 class=\"\" data-start=\"276\" data-end=\"304\"><strong data-start=\"280\" data-end=\"304\">Benef\u00edcios do D-BOLL<\/strong><\/h3>\n<p class=\"\" data-start=\"306\" data-end=\"1011\"><strong data-start=\"306\" data-end=\"313\">#1:<\/strong> F\u00e1cil de usar, pode ser tomado por via oral. Sem necessidade de inje\u00e7\u00f5es.<br data-start=\"387\" data-end=\"390\" \/><strong data-start=\"390\" data-end=\"397\">#2:<\/strong> Queima gordura corporal mesmo em repouso.<br data-start=\"439\" data-end=\"442\" \/><strong data-start=\"442\" data-end=\"449\">#3:<\/strong> Proporciona \u00f3timos ganhos musculares em pouco tempo. At\u00e9 iniciantes relataram ganhos de <strong data-start=\"538\" data-end=\"573\">7 a 9 kg de massa muscular pura<\/strong> ap\u00f3s um m\u00eas de uso.<br data-start=\"593\" data-end=\"596\" \/><strong data-start=\"596\" data-end=\"603\">#4:<\/strong> Melhora o desempenho atl\u00e9tico, resist\u00eancia f\u00edsica e velocidade.<br data-start=\"667\" data-end=\"670\" \/><strong data-start=\"670\" data-end=\"677\">#5:<\/strong> Aumenta significativamente a for\u00e7a.<br data-start=\"713\" data-end=\"716\" \/><strong data-start=\"716\" data-end=\"723\">#6:<\/strong> Otimiza a s\u00edntese de prote\u00ednas \u2013 essencial para o crescimento muscular.<br data-start=\"795\" data-end=\"798\" \/><strong data-start=\"798\" data-end=\"805\">#7:<\/strong> Melhora a libido e o desempenho sexual.<br data-start=\"845\" data-end=\"848\" \/><strong data-start=\"848\" data-end=\"855\">#8:<\/strong> Ajuda os m\u00fasculos a reter mais nitrog\u00eanio.<br data-start=\"898\" data-end=\"901\" \/><strong data-start=\"901\" data-end=\"908\">#9:<\/strong> Aumenta o fluxo sangu\u00edneo para os m\u00fasculos.<br data-start=\"952\" data-end=\"955\" \/><strong data-start=\"955\" data-end=\"963\">#10:<\/strong> Tem pre\u00e7o acess\u00edvel. Excelente custo-benef\u00edcio.<\/p>\n<hr class=\"\" data-start=\"1013\" data-end=\"1016\" \/>\n<h3 class=\"\" data-start=\"1018\" data-end=\"1048\"><strong data-start=\"1022\" data-end=\"1048\">Como o D-BOLL funciona<\/strong><\/h3>\n<p class=\"\" data-start=\"1050\" data-end=\"1302\">O principal ingrediente do <strong data-start=\"1077\" data-end=\"1087\">D-BOLL<\/strong> \u00e9 a <strong data-start=\"1092\" data-end=\"1113\">Metandrostenolona<\/strong>, um poderoso esteroide anabolizante que <strong data-start=\"1154\" data-end=\"1179\">aumenta o metabolismo<\/strong> do corpo. Uma taxa metab\u00f3lica mais alta favorece a <strong data-start=\"1231\" data-end=\"1255\">s\u00edntese de prote\u00ednas<\/strong>, estimulando o crescimento muscular acelerado.<\/p>\n<p class=\"\" data-start=\"1304\" data-end=\"1694\">O D-BOLL tamb\u00e9m <strong data-start=\"1320\" data-end=\"1355\">eleva os n\u00edveis de testosterona<\/strong>, o que contribui para maior crescimento muscular e recupera\u00e7\u00e3o mais r\u00e1pida ap\u00f3s os treinos.<br data-start=\"1447\" data-end=\"1450\" \/>Al\u00e9m disso, <strong data-start=\"1462\" data-end=\"1506\">aumenta a produ\u00e7\u00e3o de gl\u00f3bulos vermelhos<\/strong>, melhorando o fornecimento de oxig\u00eanio para os m\u00fasculos.<br data-start=\"1563\" data-end=\"1566\" \/>Dbol tamb\u00e9m permite que o corpo <strong data-start=\"1598\" data-end=\"1625\">retenha mais nitrog\u00eanio<\/strong>, essencial para maximizar os efeitos de uma dieta rica em prote\u00ednas.<\/p>\n<hr class=\"\" data-start=\"1696\" data-end=\"1699\" \/>\n<h3 class=\"\" data-start=\"1701\" data-end=\"1743\"><strong data-start=\"1705\" data-end=\"1743\">Empilhamento com D-BOLL (Stacking)<\/strong><\/h3>\n<p class=\"\" data-start=\"1745\" data-end=\"2022\">O D-BOLL \u00e9 um esteroide que pode ser inclu\u00eddo em qualquer <strong data-start=\"1803\" data-end=\"1826\">ciclo personalizado<\/strong>. Pode ser combinado, por exemplo, com outros esteroides como <strong data-start=\"1888\" data-end=\"1925\">Equipoise, Masteron ou Trembolona<\/strong>.<br data-start=\"1926\" data-end=\"1929\" \/>Um ciclo com Dbol pode proporcionar <strong data-start=\"1965\" data-end=\"2021\">ganhos musculares incr\u00edveis em apenas 8 a 12 semanas<\/strong>.<\/p>\n<hr class=\"\" data-start=\"2024\" data-end=\"2027\" \/>\n<h3 class=\"\" data-start=\"2029\" data-end=\"2054\"><strong data-start=\"2033\" data-end=\"2054\">Como tomar D-BOLL<\/strong><\/h3>\n<h4 class=\"\" data-start=\"2056\" data-end=\"2091\"><strong data-start=\"2061\" data-end=\"2091\">1. Dosagem para Iniciantes<\/strong><\/h4>\n<ul data-start=\"2093\" data-end=\"2631\">\n<li class=\"\" data-start=\"2093\" data-end=\"2163\">\n<p class=\"\" data-start=\"2095\" data-end=\"2163\"><strong data-start=\"2095\" data-end=\"2108\">Objetivo:<\/strong> Ganhar massa e for\u00e7a com efeitos colaterais m\u00ednimos.<\/p>\n<\/li>\n<li class=\"\" data-start=\"2164\" data-end=\"2223\">\n<p class=\"\" data-start=\"2166\" data-end=\"2223\"><strong data-start=\"2166\" data-end=\"2178\">Dosagem:<\/strong> 20\u201330 mg por dia (dividido em 2 a 3 doses)<\/p>\n<\/li>\n<li class=\"\" data-start=\"2224\" data-end=\"2261\">\n<p class=\"\" data-start=\"2226\" data-end=\"2261\"><strong data-start=\"2226\" data-end=\"2247\">Dura\u00e7\u00e3o do ciclo:<\/strong> 4\u20136 semanas<\/p>\n<\/li>\n<li class=\"\" data-start=\"2262\" data-end=\"2376\">\n<p class=\"\" data-start=\"2264\" data-end=\"2285\"><strong data-start=\"2264\" data-end=\"2283\">Exemplo di\u00e1rio:<\/strong><\/p>\n<ul data-start=\"2288\" data-end=\"2376\">\n<li class=\"\" data-start=\"2288\" data-end=\"2308\">\n<p class=\"\" data-start=\"2290\" data-end=\"2308\">10 mg pela manh\u00e3<\/p>\n<\/li>\n<li class=\"\" data-start=\"2311\" data-end=\"2336\">\n<p class=\"\" data-start=\"2313\" data-end=\"2336\">10 mg antes do treino<\/p>\n<\/li>\n<li class=\"\" data-start=\"2339\" data-end=\"2376\">\n<p class=\"\" data-start=\"2341\" data-end=\"2376\">10 mg \u00e0 noite (se usar 30 mg\/dia)<\/p>\n<\/li>\n<\/ul>\n<\/li>\n<li class=\"\" data-start=\"2377\" data-end=\"2464\">\n<p class=\"\" data-start=\"2379\" data-end=\"2400\"><strong data-start=\"2379\" data-end=\"2398\">Stack sugerido:<\/strong><\/p>\n<ul data-start=\"2403\" data-end=\"2464\">\n<li class=\"\" data-start=\"2403\" data-end=\"2464\">\n<p class=\"\" data-start=\"2405\" data-end=\"2464\"><strong data-start=\"2405\" data-end=\"2443\">Testosterona Enantato ou Cipionato<\/strong>: 250\u2013300 mg\/semana<\/p>\n<\/li>\n<\/ul>\n<\/li>\n<li class=\"\" data-start=\"2465\" data-end=\"2631\">\n<p class=\"\" data-start=\"2467\" data-end=\"2481\"><strong data-start=\"2467\" data-end=\"2479\">Por qu\u00ea?<\/strong><\/p>\n<ul data-start=\"2484\" data-end=\"2631\">\n<li class=\"\" data-start=\"2484\" data-end=\"2543\">\n<p class=\"\" data-start=\"2486\" data-end=\"2543\">Proporciona bons ganhos com reten\u00e7\u00e3o h\u00eddrica controlada<\/p>\n<\/li>\n<li class=\"\" data-start=\"2546\" data-end=\"2587\">\n<p class=\"\" data-start=\"2548\" data-end=\"2587\">Ciclo curto = menor impacto no f\u00edgado<\/p>\n<\/li>\n<li class=\"\" data-start=\"2590\" data-end=\"2631\">\n<p class=\"\" data-start=\"2592\" data-end=\"2631\">Ideal para testar a toler\u00e2ncia do corpo<\/p>\n<\/li>\n<\/ul>\n<\/li>\n<\/ul>\n<hr class=\"\" data-start=\"2633\" data-end=\"2636\" \/>\n<h4 class=\"\" data-start=\"2638\" data-end=\"2671\"><strong data-start=\"2643\" data-end=\"2671\">2. Dosagem Intermedi\u00e1ria<\/strong><\/h4>\n<ul data-start=\"2673\" data-end=\"3344\">\n<li class=\"\" data-start=\"2673\" data-end=\"2748\">\n<p class=\"\" data-start=\"2675\" data-end=\"2748\"><strong data-start=\"2675\" data-end=\"2688\">Objetivo:<\/strong> Ganhos mais r\u00e1pidos para usu\u00e1rios com alguma experi\u00eancia.<\/p>\n<\/li>\n<li class=\"\" data-start=\"2749\" data-end=\"2808\">\n<p class=\"\" data-start=\"2751\" data-end=\"2808\"><strong data-start=\"2751\" data-end=\"2763\">Dosagem:<\/strong> 30\u201350 mg por dia (dividido em 2 a 3 doses)<\/p>\n<\/li>\n<li class=\"\" data-start=\"2809\" data-end=\"2846\">\n<p class=\"\" data-start=\"2811\" data-end=\"2846\"><strong data-start=\"2811\" data-end=\"2832\">Dura\u00e7\u00e3o do ciclo:<\/strong> 6\u20138 semanas<\/p>\n<\/li>\n<li class=\"\" data-start=\"2847\" data-end=\"2967\">\n<p class=\"\" data-start=\"2849\" data-end=\"2870\"><strong data-start=\"2849\" data-end=\"2868\">Exemplo di\u00e1rio:<\/strong><\/p>\n<ul data-start=\"2873\" data-end=\"2967\">\n<li class=\"\" data-start=\"2873\" data-end=\"2893\">\n<p class=\"\" data-start=\"2875\" data-end=\"2893\">10 mg pela manh\u00e3<\/p>\n<\/li>\n<li class=\"\" data-start=\"2896\" data-end=\"2921\">\n<p class=\"\" data-start=\"2898\" data-end=\"2921\">20 mg antes do treino<\/p>\n<\/li>\n<li class=\"\" data-start=\"2924\" data-end=\"2967\">\n<p class=\"\" data-start=\"2926\" data-end=\"2967\">20 mg ap\u00f3s o treino (se usar 50 mg\/dia)<\/p>\n<\/li>\n<\/ul>\n<\/li>\n<li class=\"\" data-start=\"2968\" data-end=\"3100\">\n<p class=\"\" data-start=\"2970\" data-end=\"2991\"><strong data-start=\"2970\" data-end=\"2989\">Stack sugerido:<\/strong><\/p>\n<ul data-start=\"2994\" data-end=\"3100\">\n<li class=\"\" data-start=\"2994\" data-end=\"3042\">\n<p class=\"\" data-start=\"2996\" data-end=\"3042\"><strong data-start=\"2996\" data-end=\"3022\">Testosterona Enantato:<\/strong> 400\u2013500 mg\/semana<\/p>\n<\/li>\n<li class=\"\" data-start=\"3045\" data-end=\"3100\">\n<p class=\"\" data-start=\"3047\" data-end=\"3100\"><strong data-start=\"3047\" data-end=\"3066\">Deca-Durabolin:<\/strong> 300\u2013400 mg\/semana (para volume)<\/p>\n<\/li>\n<\/ul>\n<\/li>\n<li class=\"\" data-start=\"3101\" data-end=\"3344\">\n<p class=\"\" data-start=\"3103\" data-end=\"3117\"><strong data-start=\"3103\" data-end=\"3115\">Aten\u00e7\u00e3o:<\/strong><\/p>\n<ul data-start=\"3120\" data-end=\"3344\">\n<li class=\"\" data-start=\"3120\" data-end=\"3253\">\n<p class=\"\" data-start=\"3122\" data-end=\"3253\">Ganhos r\u00e1pidos, mas com maior risco de reten\u00e7\u00e3o de \u00e1gua e ginecomastia (usar <strong data-start=\"3199\" data-end=\"3235\">Arimidex 0,5 mg a cada dois dias<\/strong>, se necess\u00e1rio)<\/p>\n<\/li>\n<li class=\"\" data-start=\"3256\" data-end=\"3344\">\n<p class=\"\" data-start=\"3258\" data-end=\"3344\">A toxicidade hep\u00e1tica \u00e9 mais preocupante \u2013 evitar \u00e1lcool e monitorar enzimas do f\u00edgado<\/p>\n<\/li>\n<\/ul>\n<\/li>\n<\/ul>\n<hr class=\"\" data-start=\"3346\" data-end=\"3349\" \/>\n<h4 class=\"\" data-start=\"3351\" data-end=\"3379\"><strong data-start=\"3356\" data-end=\"3379\">3. Dosagem Avan\u00e7ada<\/strong><\/h4>\n<ul data-start=\"3381\" data-end=\"4181\">\n<li class=\"\" data-start=\"3381\" data-end=\"3446\">\n<p class=\"\" data-start=\"3383\" data-end=\"3446\"><strong data-start=\"3383\" data-end=\"3396\">Objetivo:<\/strong> M\u00e1ximo ganho de volume para usu\u00e1rios avan\u00e7ados.<\/p>\n<\/li>\n<li class=\"\" data-start=\"3447\" data-end=\"3502\">\n<p class=\"\" data-start=\"3449\" data-end=\"3502\"><strong data-start=\"3449\" data-end=\"3461\">Dosagem:<\/strong> 50\u201370 mg por dia (dividido em 3 doses)<\/p>\n<\/li>\n<li class=\"\" data-start=\"3503\" data-end=\"3552\">\n<p class=\"\" data-start=\"3505\" data-end=\"3552\"><strong data-start=\"3505\" data-end=\"3526\">Dura\u00e7\u00e3o do ciclo:<\/strong> 6\u20138 semanas (no m\u00e1ximo)<\/p>\n<\/li>\n<li class=\"\" data-start=\"3553\" data-end=\"3673\">\n<p class=\"\" data-start=\"3555\" data-end=\"3576\"><strong data-start=\"3555\" data-end=\"3574\">Exemplo di\u00e1rio:<\/strong><\/p>\n<ul data-start=\"3579\" data-end=\"3673\">\n<li class=\"\" data-start=\"3579\" data-end=\"3599\">\n<p class=\"\" data-start=\"3581\" data-end=\"3599\">20 mg pela manh\u00e3<\/p>\n<\/li>\n<li class=\"\" data-start=\"3602\" data-end=\"3627\">\n<p class=\"\" data-start=\"3604\" data-end=\"3627\">20 mg antes do treino<\/p>\n<\/li>\n<li class=\"\" data-start=\"3630\" data-end=\"3673\">\n<p class=\"\" data-start=\"3632\" data-end=\"3673\">30 mg ap\u00f3s o treino (se usar 70 mg\/dia)<\/p>\n<\/li>\n<\/ul>\n<\/li>\n<li class=\"\" data-start=\"3674\" data-end=\"3898\">\n<p class=\"\" data-start=\"3676\" data-end=\"3697\"><strong data-start=\"3676\" data-end=\"3695\">Stack sugerido:<\/strong><\/p>\n<ul data-start=\"3700\" data-end=\"3898\">\n<li class=\"\" data-start=\"3700\" data-end=\"3749\">\n<p class=\"\" data-start=\"3702\" data-end=\"3749\"><strong data-start=\"3702\" data-end=\"3729\">Testosterona Cipionato:<\/strong> 500\u2013600 mg\/semana<\/p>\n<\/li>\n<li class=\"\" data-start=\"3752\" data-end=\"3824\">\n<p class=\"\" data-start=\"3754\" data-end=\"3824\"><strong data-start=\"3754\" data-end=\"3778\">Trembolona Enantato:<\/strong> 300 mg\/semana (para mais defini\u00e7\u00e3o e for\u00e7a)<\/p>\n<\/li>\n<li class=\"\" data-start=\"3827\" data-end=\"3898\">\n<p class=\"\" data-start=\"3829\" data-end=\"3898\"><strong data-start=\"3829\" data-end=\"3860\">IA (Inibidor de Aromatase):<\/strong> Aromasin 12,5 mg em dias alternados<\/p>\n<\/li>\n<\/ul>\n<\/li>\n<li class=\"\" data-start=\"3899\" data-end=\"4181\">\n<p class=\"\" data-start=\"3901\" data-end=\"3915\"><strong data-start=\"3901\" data-end=\"3913\">Cuidado:<\/strong><\/p>\n<ul data-start=\"3918\" data-end=\"4181\">\n<li class=\"\" data-start=\"3918\" data-end=\"4012\">\n<p class=\"\" data-start=\"3920\" data-end=\"4012\">Efeitos colaterais mais intensos: press\u00e3o alta, estresse hep\u00e1tico, reten\u00e7\u00e3o h\u00eddrica severa<\/p>\n<\/li>\n<li class=\"\" data-start=\"4015\" data-end=\"4085\">\n<p class=\"\" data-start=\"4017\" data-end=\"4085\">Exames de sangue s\u00e3o essenciais para monitorar f\u00edgado e colesterol<\/p>\n<\/li>\n<li class=\"\" data-start=\"4088\" data-end=\"4181\">\n<p class=\"\" data-start=\"4090\" data-end=\"4181\">Pode ser necess\u00e1rio usar <strong data-start=\"4115\" data-end=\"4130\">Cabergolina<\/strong> para controlar a prolactina em stacks mais pesados<\/p>\n<\/li>\n<\/ul>\n<\/li>\n<\/ul>\n<p><\/p>","protected":false},"excerpt":{"rendered":"<p>Compre D-BOLL para obter ganhos musculares impressionantes em pouco tempo. \u00c9 barato e pode ser tomado por via oral, em<\/p>\n","protected":false},"featured_media":10046,"comment_status":"open","ping_status":"closed","template":"","meta":[],"product_brand":[],"product_cat":[73,3474],"product_tag":[],"class_list":{"0":"post-10045","1":"product","2":"type-product","3":"status-publish","4":"has-post-thumbnail","6":"product_cat-ssteroides_orales","7":"product_cat-packs","9":"first","10":"instock","11":"shipping-taxable","12":"purchasable","13":"product-type-simple"},"yoast_head":"<!-- This site is optimized with the Yoast SEO Premium plugin v24.4 (Yoast SEO v27.3) - https:\/\/yoast.com\/product\/yoast-seo-premium-wordpress\/ -->\n<title>D-BOLL (2 pack)<\/title>\n<meta name=\"description\" content=\"D-BOLL \u00e9 um esteroide anab\u00f3lico oral que aumenta ganhos musculares, queima gordura, for\u00e7a e resist\u00eancia, ideal para iniciantes e avan\u00e7ados.\" \/>\n<meta name=\"robots\" content=\"index, follow, max-snippet:-1, max-image-preview:large, max-video-preview:-1\" \/>\n<link rel=\"canonical\" href=\"https:\/\/iberoid-shop.com\/product\/pack-2-d-boll\/\" \/>\n<meta property=\"og:locale\" content=\"pt_PT\" \/>\n<meta property=\"og:type\" content=\"article\" \/>\n<meta property=\"og:title\" content=\"D-BOLL (2 pack)\" \/>\n<meta property=\"og:description\" content=\"D-BOLL \u00e9 um esteroide anab\u00f3lico oral que aumenta ganhos musculares, queima gordura, for\u00e7a e resist\u00eancia, ideal para iniciantes e avan\u00e7ados.\" \/>\n<meta property=\"og:url\" content=\"https:\/\/iberoid-shop.com\/product\/pack-2-d-boll\/\" \/>\n<meta property=\"og:site_name\" content=\"Ester\u00f3ides Online\" \/>\n<meta property=\"article:modified_time\" content=\"2026-04-14T16:18:48+00:00\" \/>\n<meta property=\"og:image\" content=\"https:\/\/iberoid-shop.com\/wp-content\/uploads\/2025\/04\/2dbol-scaled.jpeg?v=1745740425\" \/>\n\t<meta property=\"og:image:width\" content=\"2103\" \/>\n\t<meta property=\"og:image:height\" content=\"2560\" \/>\n\t<meta property=\"og:image:type\" content=\"image\/jpeg\" \/>\n<meta name=\"twitter:card\" content=\"summary_large_image\" \/>\n<meta name=\"twitter:label1\" content=\"pre\u00e7o\" \/>\n\t<meta name=\"twitter:data1\" content=\"&euro;20.00\" \/>\n\t<meta name=\"twitter:label2\" content=\"Disponibilidade\" \/>\n\t<meta name=\"twitter:data2\" content=\"Em stock\" \/>\n<script type=\"application\/ld+json\" class=\"yoast-schema-graph\">{\"@context\":\"https:\\\/\\\/schema.org\",\"@graph\":[{\"@type\":\"WebPage\",\"@id\":\"https:\\\/\\\/iberoid-shop.com\\\/product\\\/pack-2-d-boll\\\/\",\"url\":\"https:\\\/\\\/iberoid-shop.com\\\/product\\\/pack-2-d-boll\\\/\",\"name\":\"D-BOLL (2 pack)\",\"isPartOf\":{\"@id\":\"https:\\\/\\\/iberoid.com\\\/pt\\\/#website\"},\"primaryImageOfPage\":{\"@id\":\"https:\\\/\\\/iberoid-shop.com\\\/product\\\/pack-2-d-boll\\\/#primaryimage\"},\"image\":{\"@id\":\"https:\\\/\\\/iberoid-shop.com\\\/product\\\/pack-2-d-boll\\\/#primaryimage\"},\"thumbnailUrl\":\"https:\\\/\\\/iberoid.com\\\/wp-content\\\/uploads\\\/2025\\\/04\\\/2dbol-scaled.jpeg?v=1745740425\",\"datePublished\":\"2025-04-27T07:54:24+00:00\",\"dateModified\":\"2026-04-14T16:18:48+00:00\",\"description\":\"D-BOLL \u00e9 um esteroide anab\u00f3lico oral que aumenta ganhos musculares, queima gordura, for\u00e7a e resist\u00eancia, ideal para iniciantes e avan\u00e7ados.\",\"breadcrumb\":{\"@id\":\"https:\\\/\\\/iberoid-shop.com\\\/product\\\/pack-2-d-boll\\\/#breadcrumb\"},\"inLanguage\":\"pt-PT\",\"potentialAction\":[{\"@type\":\"ReadAction\",\"target\":[[\"https:\\\/\\\/iberoid-shop.com\\\/product\\\/pack-2-d-boll\\\/\"]]}]},{\"@type\":\"ImageObject\",\"inLanguage\":\"pt-PT\",\"@id\":\"https:\\\/\\\/iberoid-shop.com\\\/product\\\/pack-2-d-boll\\\/#primaryimage\",\"url\":\"https:\\\/\\\/iberoid.com\\\/wp-content\\\/uploads\\\/2025\\\/04\\\/2dbol-scaled.jpeg?v=1745740425\",\"contentUrl\":\"https:\\\/\\\/iberoid.com\\\/wp-content\\\/uploads\\\/2025\\\/04\\\/2dbol-scaled.jpeg?v=1745740425\",\"width\":2103,\"height\":2560},{\"@type\":\"BreadcrumbList\",\"@id\":\"https:\\\/\\\/iberoid-shop.com\\\/product\\\/pack-2-d-boll\\\/#breadcrumb\",\"itemListElement\":[{\"@type\":\"ListItem\",\"position\":1,\"name\":\"Portada\",\"item\":\"https:\\\/\\\/iberoid.com\\\/pt\\\/\"},{\"@type\":\"ListItem\",\"position\":2,\"name\":\"Loja\",\"item\":\"https:\\\/\\\/iberoid.com\\\/pt\\\/shop\\\/\"},{\"@type\":\"ListItem\",\"position\":3,\"name\":\"2 pack-D-BOL\\\/DIANABOL\"}]},{\"@type\":\"WebSite\",\"@id\":\"https:\\\/\\\/iberoid.com\\\/pt\\\/#website\",\"url\":\"https:\\\/\\\/iberoid.com\\\/pt\\\/\",\"name\":\"Ester\u00f3ides Online\",\"description\":\"Compre ester\u00f3ides online hoje em Espanha e Portugal. Temos o melhor servi\u00e7o ao cliente do setor e produtos da mais alta qualidade\",\"potentialAction\":[{\"@type\":\"SearchAction\",\"target\":{\"@type\":\"EntryPoint\",\"urlTemplate\":\"https:\\\/\\\/iberoid.com\\\/pt\\\/?s={search_term_string}\"},\"query-input\":{\"@type\":\"PropertyValueSpecification\",\"valueRequired\":true,\"valueName\":\"search_term_string\"}}],\"inLanguage\":\"pt-PT\"}]}<\/script>\n<meta property=\"product:brand\" content=\"Mp-Pharm\" \/>\n<meta property=\"product:price:amount\" content=\"20.00\" \/>\n<meta property=\"product:price:currency\" content=\"EUR\" \/>\n<meta property=\"og:availability\" content=\"instock\" \/>\n<meta property=\"product:availability\" content=\"instock\" \/>\n<meta property=\"product:condition\" content=\"new\" \/>\n<!-- \/ Yoast SEO Premium plugin. -->","yoast_head_json":{"title":"D-BOLL (2 pack)","description":"D-BOLL \u00e9 um esteroide anab\u00f3lico oral que aumenta ganhos musculares, queima gordura, for\u00e7a e resist\u00eancia, ideal para iniciantes e avan\u00e7ados.","robots":{"index":"index","follow":"follow","max-snippet":"max-snippet:-1","max-image-preview":"max-image-preview:large","max-video-preview":"max-video-preview:-1"},"canonical":"https:\/\/iberoid-shop.com\/product\/pack-2-d-boll\/","og_locale":"pt_PT","og_type":"article","og_title":"D-BOLL (2 pack)","og_description":"D-BOLL \u00e9 um esteroide anab\u00f3lico oral que aumenta ganhos musculares, queima gordura, for\u00e7a e resist\u00eancia, ideal para iniciantes e avan\u00e7ados.","og_url":"https:\/\/iberoid-shop.com\/product\/pack-2-d-boll\/","og_site_name":"Ester\u00f3ides Online","article_modified_time":"2026-04-14T16:18:48+00:00","og_image":[{"width":2103,"height":2560,"url":"https:\/\/iberoid-shop.com\/wp-content\/uploads\/2025\/04\/2dbol-scaled.jpeg?v=1745740425","type":"image\/jpeg"}],"twitter_card":"summary_large_image","twitter_misc":{"pre\u00e7o":"&euro;20.00","Disponibilidade":"Em stock"},"schema":{"@context":"https:\/\/schema.org","@graph":[{"@type":"WebPage","@id":"https:\/\/iberoid-shop.com\/product\/pack-2-d-boll\/","url":"https:\/\/iberoid-shop.com\/product\/pack-2-d-boll\/","name":"D-BOLL (2 pack)","isPartOf":{"@id":"https:\/\/iberoid.com\/pt\/#website"},"primaryImageOfPage":{"@id":"https:\/\/iberoid-shop.com\/product\/pack-2-d-boll\/#primaryimage"},"image":{"@id":"https:\/\/iberoid-shop.com\/product\/pack-2-d-boll\/#primaryimage"},"thumbnailUrl":"https:\/\/iberoid.com\/wp-content\/uploads\/2025\/04\/2dbol-scaled.jpeg?v=1745740425","datePublished":"2025-04-27T07:54:24+00:00","dateModified":"2026-04-14T16:18:48+00:00","description":"D-BOLL \u00e9 um esteroide anab\u00f3lico oral que aumenta ganhos musculares, queima gordura, for\u00e7a e resist\u00eancia, ideal para iniciantes e avan\u00e7ados.","breadcrumb":{"@id":"https:\/\/iberoid-shop.com\/product\/pack-2-d-boll\/#breadcrumb"},"inLanguage":"pt-PT","potentialAction":[{"@type":"ReadAction","target":[["https:\/\/iberoid-shop.com\/product\/pack-2-d-boll\/"]]}]},{"@type":"ImageObject","inLanguage":"pt-PT","@id":"https:\/\/iberoid-shop.com\/product\/pack-2-d-boll\/#primaryimage","url":"https:\/\/iberoid.com\/wp-content\/uploads\/2025\/04\/2dbol-scaled.jpeg?v=1745740425","contentUrl":"https:\/\/iberoid.com\/wp-content\/uploads\/2025\/04\/2dbol-scaled.jpeg?v=1745740425","width":2103,"height":2560},{"@type":"BreadcrumbList","@id":"https:\/\/iberoid-shop.com\/product\/pack-2-d-boll\/#breadcrumb","itemListElement":[{"@type":"ListItem","position":1,"name":"Portada","item":"https:\/\/iberoid.com\/pt\/"},{"@type":"ListItem","position":2,"name":"Loja","item":"https:\/\/iberoid.com\/pt\/shop\/"},{"@type":"ListItem","position":3,"name":"2 pack-D-BOL\/DIANABOL"}]},{"@type":"WebSite","@id":"https:\/\/iberoid.com\/pt\/#website","url":"https:\/\/iberoid.com\/pt\/","name":"Ester\u00f3ides Online","description":"Compre ester\u00f3ides online hoje em Espanha e Portugal. Temos o melhor servi\u00e7o ao cliente do setor e produtos da mais alta qualidade","potentialAction":[{"@type":"SearchAction","target":{"@type":"EntryPoint","urlTemplate":"https:\/\/iberoid.com\/pt\/?s={search_term_string}"},"query-input":{"@type":"PropertyValueSpecification","valueRequired":true,"valueName":"search_term_string"}}],"inLanguage":"pt-PT"}]},"product_brand":"Mp-Pharm","product_price_amount":"20.00","product_price_currency":"EUR","og_availability":"instock","product_availability":"instock","product_condition":"new"},"_links":{"self":[{"href":"https:\/\/iberoid.com\/pt\/wp-json\/wp\/v2\/product\/10045","targetHints":{"allow":["GET"]}}],"collection":[{"href":"https:\/\/iberoid.com\/pt\/wp-json\/wp\/v2\/product"}],"about":[{"href":"https:\/\/iberoid.com\/pt\/wp-json\/wp\/v2\/types\/product"}],"replies":[{"embeddable":true,"href":"https:\/\/iberoid.com\/pt\/wp-json\/wp\/v2\/comments?post=10045"}],"wp:featuredmedia":[{"embeddable":true,"href":"https:\/\/iberoid.com\/pt\/wp-json\/wp\/v2\/media\/10046"}],"wp:attachment":[{"href":"https:\/\/iberoid.com\/pt\/wp-json\/wp\/v2\/media?parent=10045"}],"wp:term":[{"taxonomy":"product_brand","embeddable":true,"href":"https:\/\/iberoid.com\/pt\/wp-json\/wp\/v2\/product_brand?post=10045"},{"taxonomy":"product_cat","embeddable":true,"href":"https:\/\/iberoid.com\/pt\/wp-json\/wp\/v2\/product_cat?post=10045"},{"taxonomy":"product_tag","embeddable":true,"href":"https:\/\/iberoid.com\/pt\/wp-json\/wp\/v2\/product_tag?post=10045"}],"curies":[{"name":"wp","href":"https:\/\/api.w.org\/{rel}","templated":true}]}}