{"id":10047,"date":"2025-04-27T07:57:20","date_gmt":"2025-04-27T07:57:20","guid":{"rendered":"https:\/\/iberoid.com\/?post_type=product&#038;p=10047"},"modified":"2026-03-17T19:33:02","modified_gmt":"2026-03-17T19:33:02","slug":"s-boll-stanozolol","status":"publish","type":"product","link":"https:\/\/iberoid.com\/pt\/product\/s-boll-stanozolol\/","title":{"rendered":"S-BOLL &#8211; STANOZOLOL 10mg"},"content":{"rendered":"<p><\/p>\n<p class=\"\" data-start=\"0\" data-end=\"661\"><strong data-start=\"0\" data-end=\"11\">S-BOL10<\/strong> \u00e9 um dos esteroides anabolizantes mais populares e conhecidos do mundo. Foi desenvolvido pela <strong data-start=\"106\" data-end=\"131\">Winthrop Laboratories<\/strong> no final dos anos 1950 e tem atra\u00eddo aten\u00e7\u00e3o da m\u00eddia ao longo dos anos. Mesmo pessoas que nunca usaram esteroides anabolizantes \u2014 se conseguirem citar algum \u2014 normalmente mencionam <strong data-start=\"314\" data-end=\"326\">Winstrol<\/strong> ou <strong data-start=\"330\" data-end=\"344\">Stanozolol<\/strong>. O nome <strong data-start=\"353\" data-end=\"365\">Winstrol<\/strong> \u00e9, na verdade, o nome comercial mais famoso do esteroide anabolizante <strong data-start=\"436\" data-end=\"450\">Stanozolol<\/strong>. Ele ganhou destaque mundial devido aos in\u00fameros esc\u00e2ndalos esportivos ao longo dos anos. Quando atletas foram flagrados usando esteroides anabolizantes, o Winstrol esteve frequentemente no centro das aten\u00e7\u00f5es.<\/p>\n<hr class=\"\" data-start=\"663\" data-end=\"666\" \/>\n<h3 class=\"\" data-start=\"668\" data-end=\"712\"><strong data-start=\"672\" data-end=\"712\">Finalidade e Propriedades do S-BOL10<\/strong><\/h3>\n<p class=\"\" data-start=\"714\" data-end=\"966\"><strong data-start=\"714\" data-end=\"725\">S-BOL10<\/strong> (<em data-start=\"727\" data-end=\"739\">Stanozolol<\/em>) \u00e9 um esteroide anabolizante androg\u00eanico, derivado da <strong data-start=\"794\" data-end=\"823\">dihidrotestosterona (DHT)<\/strong>, ou mais especificamente, de uma forma estruturalmente modificada da DHT. O stanozolol \u00e9 uma DHT com duas modifica\u00e7\u00f5es estruturais principais:<\/p>\n<ol data-start=\"968\" data-end=\"1429\">\n<li class=\"\" data-start=\"968\" data-end=\"1151\">\n<p class=\"\" data-start=\"971\" data-end=\"1151\">A primeira \u00e9 a adi\u00e7\u00e3o de um <strong data-start=\"999\" data-end=\"1016\">grupo pirazol<\/strong> ao anel A, substituindo o grupo 3-cetona. Essa modifica\u00e7\u00e3o classifica oficialmente o stanozolol como um <strong data-start=\"1121\" data-end=\"1148\">esteroide heteroc\u00edclico<\/strong>.<\/p>\n<\/li>\n<li class=\"\" data-start=\"1152\" data-end=\"1429\">\n<p class=\"\" data-start=\"1155\" data-end=\"1429\">A segunda modifica\u00e7\u00e3o \u00e9 a adi\u00e7\u00e3o de um <strong data-start=\"1194\" data-end=\"1209\">grupo metil<\/strong> para preservar o horm\u00f4nio ap\u00f3s a administra\u00e7\u00e3o oral. Essa modifica\u00e7\u00e3o estrutural ocorre na <strong data-start=\"1301\" data-end=\"1326\">posi\u00e7\u00e3o 17 do carbono<\/strong>, classificando o stanozolol oficialmente como um esteroide anabolizante <strong data-start=\"1399\" data-end=\"1428\">alquilado em C17 (C17-AA)<\/strong>.<\/p>\n<\/li>\n<\/ol>\n<p class=\"\" data-start=\"1431\" data-end=\"1849\">Essa combina\u00e7\u00e3o de mudan\u00e7as estruturais reduz significativamente a <strong data-start=\"1498\" data-end=\"1517\">androgenicidade<\/strong> do S-BOL10 (<em data-start=\"1530\" data-end=\"1542\">stanozolol<\/em>) e aumenta consideravelmente seu <strong data-start=\"1576\" data-end=\"1599\">potencial anab\u00f3lico<\/strong>. Oficialmente, a <strong data-start=\"1617\" data-end=\"1644\">classifica\u00e7\u00e3o anab\u00f3lica<\/strong> do S-BOL10 \u00e9 <strong data-start=\"1658\" data-end=\"1665\">320<\/strong>, e sua <strong data-start=\"1673\" data-end=\"1702\">classifica\u00e7\u00e3o androg\u00eanica<\/strong> \u00e9 <strong data-start=\"1705\" data-end=\"1711\">20<\/strong>. O mais importante \u00e9 que esses n\u00edveis refletem com precis\u00e3o seus efeitos reais, tornando-o um esteroide anabolizante extremamente eficaz.<\/p>\n<p class=\"\" data-start=\"1851\" data-end=\"2469\">O S-BOL10 (<em data-start=\"1862\" data-end=\"1874\">stanozolol<\/em>) possui v\u00e1rias propriedades ben\u00e9ficas como esteroide anabolizante, sendo uma das principais a sua capacidade de <strong data-start=\"1987\" data-end=\"2077\">reduzir significativamente os n\u00edveis da globulina ligadora de horm\u00f4nios sexuais (SHBG)<\/strong>. Isso permite que uma maior quantidade do esteroide administrado permane\u00e7a <strong data-start=\"2153\" data-end=\"2162\">livre<\/strong>, aumentando os n\u00edveis de <strong data-start=\"2188\" data-end=\"2210\">testosterona livre<\/strong> no organismo. Embora muitos esteroides reduzam a SHBG, o S-BOL10 parece ter uma afinidade muito mais forte por ela do que a maioria. Estudos mostraram uma <strong data-start=\"2366\" data-end=\"2408\">redu\u00e7\u00e3o de aproximadamente 50% na SHBG<\/strong> em apenas alguns dias, mesmo com doses relativamente baixas.<\/p>\n<p><\/p>","protected":false},"excerpt":{"rendered":"<p>S-BOL10 \u00e9 um dos esteroides anabolizantes mais populares e conhecidos do mundo. Foi desenvolvido pela Winthrop Laboratories no final dos<\/p>\n","protected":false},"featured_media":10048,"comment_status":"open","ping_status":"closed","template":"","meta":[],"product_brand":[],"product_cat":[73],"product_tag":[],"class_list":{"0":"post-10047","1":"product","2":"type-product","3":"status-publish","4":"has-post-thumbnail","6":"product_cat-ssteroides_orales","8":"first","9":"instock","10":"sale","11":"shipping-taxable","12":"purchasable","13":"product-type-simple"},"yoast_head":"<!-- This site is optimized with the Yoast SEO Premium plugin v24.4 (Yoast SEO v27.0) - https:\/\/yoast.com\/product\/yoast-seo-premium-wordpress\/ -->\n<title>S-BOLL - STANOZOLOL 10mg - Ester\u00f3ides Online<\/title>\n<meta name=\"description\" content=\"S-BOL10 (Stanozolol) \u00e9 um esteroide anab\u00f3lico popular que aumenta o crescimento muscular, reduz a SHBG e eleva os n\u00edveis de testosterona livre.\" \/>\n<meta name=\"robots\" content=\"index, follow, max-snippet:-1, max-image-preview:large, max-video-preview:-1\" \/>\n<link rel=\"canonical\" href=\"https:\/\/iberoid.com\/pt\/product\/s-boll-stanozolol\/\" \/>\n<meta property=\"og:locale\" content=\"pt_PT\" \/>\n<meta property=\"og:type\" content=\"article\" \/>\n<meta property=\"og:title\" content=\"S-BOLL - STANOZOLOL 10mg\" \/>\n<meta property=\"og:description\" content=\"S-BOL10 (Stanozolol) \u00e9 um esteroide anab\u00f3lico popular que aumenta o crescimento muscular, reduz a SHBG e eleva os n\u00edveis de testosterona livre.\" \/>\n<meta property=\"og:url\" content=\"https:\/\/iberoid.com\/pt\/product\/s-boll-stanozolol\/\" \/>\n<meta property=\"og:site_name\" content=\"Ester\u00f3ides Online\" \/>\n<meta property=\"article:modified_time\" content=\"2026-03-17T19:33:02+00:00\" \/>\n<meta property=\"og:image\" content=\"https:\/\/iberoid.com\/wp-content\/uploads\/2025\/04\/1sbol-scaled.jpeg?v=1745740582\" \/>\n\t<meta property=\"og:image:width\" content=\"1883\" \/>\n\t<meta property=\"og:image:height\" content=\"2560\" \/>\n\t<meta property=\"og:image:type\" content=\"image\/jpeg\" \/>\n<meta name=\"twitter:card\" content=\"summary_large_image\" \/>\n<meta name=\"twitter:label1\" content=\"pre\u00e7o\" \/>\n\t<meta name=\"twitter:data1\" content=\"&euro;15.00\" \/>\n\t<meta name=\"twitter:label2\" content=\"Disponibilidade\" \/>\n\t<meta name=\"twitter:data2\" content=\"Em stock\" \/>\n<script type=\"application\/ld+json\" class=\"yoast-schema-graph\">{\"@context\":\"https:\/\/schema.org\",\"@graph\":[{\"@type\":\"WebPage\",\"@id\":\"https:\/\/iberoid.com\/pt\/product\/s-boll-stanozolol\/\",\"url\":\"https:\/\/iberoid.com\/pt\/product\/s-boll-stanozolol\/\",\"name\":\"S-BOLL - STANOZOLOL 10mg - Ester\u00f3ides Online\",\"isPartOf\":{\"@id\":\"https:\/\/iberoid-shop.com\/#website\"},\"primaryImageOfPage\":{\"@id\":\"https:\/\/iberoid.com\/pt\/product\/s-boll-stanozolol\/#primaryimage\"},\"image\":{\"@id\":\"https:\/\/iberoid.com\/pt\/product\/s-boll-stanozolol\/#primaryimage\"},\"thumbnailUrl\":\"https:\/\/iberoid.com\/wp-content\/uploads\/2025\/04\/1sbol-scaled.jpeg?v=1745740582\",\"datePublished\":\"2025-04-27T07:57:20+00:00\",\"dateModified\":\"2026-03-17T19:33:02+00:00\",\"description\":\"S-BOL10 (Stanozolol) \u00e9 um esteroide anab\u00f3lico popular que aumenta o crescimento muscular, reduz a SHBG e eleva os n\u00edveis de testosterona livre.\",\"breadcrumb\":{\"@id\":\"https:\/\/iberoid.com\/pt\/product\/s-boll-stanozolol\/#breadcrumb\"},\"inLanguage\":\"pt-PT\",\"potentialAction\":[{\"@type\":\"ReadAction\",\"target\":[[\"https:\/\/iberoid.com\/pt\/product\/s-boll-stanozolol\/\"]]}]},{\"@type\":\"ImageObject\",\"inLanguage\":\"pt-PT\",\"@id\":\"https:\/\/iberoid.com\/pt\/product\/s-boll-stanozolol\/#primaryimage\",\"url\":\"https:\/\/iberoid.com\/wp-content\/uploads\/2025\/04\/1sbol-scaled.jpeg?v=1745740582\",\"contentUrl\":\"https:\/\/iberoid.com\/wp-content\/uploads\/2025\/04\/1sbol-scaled.jpeg?v=1745740582\",\"width\":1883,\"height\":2560},{\"@type\":\"BreadcrumbList\",\"@id\":\"https:\/\/iberoid.com\/pt\/product\/s-boll-stanozolol\/#breadcrumb\",\"itemListElement\":[{\"@type\":\"ListItem\",\"position\":1,\"name\":\"Portada\",\"item\":\"https:\/\/iberoid.com\/pt\/\"},{\"@type\":\"ListItem\",\"position\":2,\"name\":\"Loja\",\"item\":\"https:\/\/iberoid.com\/pt\/shop\/\"},{\"@type\":\"ListItem\",\"position\":3,\"name\":\"S-BOLL &#8211; STANOZOLOL 10mg\"}]},{\"@type\":\"WebSite\",\"@id\":\"https:\/\/iberoid-shop.com\/#website\",\"url\":\"https:\/\/iberoid-shop.com\/\",\"name\":\"Ester\u00f3ides Online\",\"description\":\"Compre ester\u00f3ides online hoje em Espanha e Portugal. Temos o melhor servi\u00e7o ao cliente do setor e produtos da mais alta qualidade\",\"potentialAction\":[{\"@type\":\"SearchAction\",\"target\":{\"@type\":\"EntryPoint\",\"urlTemplate\":\"https:\/\/iberoid-shop.com\/?s={search_term_string}\"},\"query-input\":{\"@type\":\"PropertyValueSpecification\",\"valueRequired\":true,\"valueName\":\"search_term_string\"}}],\"inLanguage\":\"pt-PT\"}]}<\/script>\n<meta property=\"product:brand\" content=\"Mp-Pharm\" \/>\n<meta property=\"product:price:amount\" content=\"15.00\" \/>\n<meta property=\"product:price:currency\" content=\"EUR\" \/>\n<meta property=\"og:availability\" content=\"instock\" \/>\n<meta property=\"product:availability\" content=\"instock\" \/>\n<meta property=\"product:condition\" content=\"new\" \/>\n<!-- \/ Yoast SEO Premium plugin. -->","yoast_head_json":{"title":"S-BOLL - STANOZOLOL 10mg - Ester\u00f3ides Online","description":"S-BOL10 (Stanozolol) \u00e9 um esteroide anab\u00f3lico popular que aumenta o crescimento muscular, reduz a SHBG e eleva os n\u00edveis de testosterona livre.","robots":{"index":"index","follow":"follow","max-snippet":"max-snippet:-1","max-image-preview":"max-image-preview:large","max-video-preview":"max-video-preview:-1"},"canonical":"https:\/\/iberoid.com\/pt\/product\/s-boll-stanozolol\/","og_locale":"pt_PT","og_type":"article","og_title":"S-BOLL - STANOZOLOL 10mg","og_description":"S-BOL10 (Stanozolol) \u00e9 um esteroide anab\u00f3lico popular que aumenta o crescimento muscular, reduz a SHBG e eleva os n\u00edveis de testosterona livre.","og_url":"https:\/\/iberoid.com\/pt\/product\/s-boll-stanozolol\/","og_site_name":"Ester\u00f3ides Online","article_modified_time":"2026-03-17T19:33:02+00:00","og_image":[{"width":1883,"height":2560,"url":"https:\/\/iberoid.com\/wp-content\/uploads\/2025\/04\/1sbol-scaled.jpeg?v=1745740582","type":"image\/jpeg"}],"twitter_card":"summary_large_image","twitter_misc":{"pre\u00e7o":"&euro;15.00","Disponibilidade":"Em stock"},"schema":{"@context":"https:\/\/schema.org","@graph":[{"@type":"WebPage","@id":"https:\/\/iberoid.com\/pt\/product\/s-boll-stanozolol\/","url":"https:\/\/iberoid.com\/pt\/product\/s-boll-stanozolol\/","name":"S-BOLL - STANOZOLOL 10mg - Ester\u00f3ides Online","isPartOf":{"@id":"https:\/\/iberoid-shop.com\/#website"},"primaryImageOfPage":{"@id":"https:\/\/iberoid.com\/pt\/product\/s-boll-stanozolol\/#primaryimage"},"image":{"@id":"https:\/\/iberoid.com\/pt\/product\/s-boll-stanozolol\/#primaryimage"},"thumbnailUrl":"https:\/\/iberoid.com\/wp-content\/uploads\/2025\/04\/1sbol-scaled.jpeg?v=1745740582","datePublished":"2025-04-27T07:57:20+00:00","dateModified":"2026-03-17T19:33:02+00:00","description":"S-BOL10 (Stanozolol) \u00e9 um esteroide anab\u00f3lico popular que aumenta o crescimento muscular, reduz a SHBG e eleva os n\u00edveis de testosterona livre.","breadcrumb":{"@id":"https:\/\/iberoid.com\/pt\/product\/s-boll-stanozolol\/#breadcrumb"},"inLanguage":"pt-PT","potentialAction":[{"@type":"ReadAction","target":[["https:\/\/iberoid.com\/pt\/product\/s-boll-stanozolol\/"]]}]},{"@type":"ImageObject","inLanguage":"pt-PT","@id":"https:\/\/iberoid.com\/pt\/product\/s-boll-stanozolol\/#primaryimage","url":"https:\/\/iberoid.com\/wp-content\/uploads\/2025\/04\/1sbol-scaled.jpeg?v=1745740582","contentUrl":"https:\/\/iberoid.com\/wp-content\/uploads\/2025\/04\/1sbol-scaled.jpeg?v=1745740582","width":1883,"height":2560},{"@type":"BreadcrumbList","@id":"https:\/\/iberoid.com\/pt\/product\/s-boll-stanozolol\/#breadcrumb","itemListElement":[{"@type":"ListItem","position":1,"name":"Portada","item":"https:\/\/iberoid.com\/pt\/"},{"@type":"ListItem","position":2,"name":"Loja","item":"https:\/\/iberoid.com\/pt\/shop\/"},{"@type":"ListItem","position":3,"name":"S-BOLL &#8211; STANOZOLOL 10mg"}]},{"@type":"WebSite","@id":"https:\/\/iberoid-shop.com\/#website","url":"https:\/\/iberoid-shop.com\/","name":"Ester\u00f3ides Online","description":"Compre ester\u00f3ides online hoje em Espanha e Portugal. Temos o melhor servi\u00e7o ao cliente do setor e produtos da mais alta qualidade","potentialAction":[{"@type":"SearchAction","target":{"@type":"EntryPoint","urlTemplate":"https:\/\/iberoid-shop.com\/?s={search_term_string}"},"query-input":{"@type":"PropertyValueSpecification","valueRequired":true,"valueName":"search_term_string"}}],"inLanguage":"pt-PT"}]},"product_brand":"Mp-Pharm","product_price_amount":"15.00","product_price_currency":"EUR","og_availability":"instock","product_availability":"instock","product_condition":"new"},"_links":{"self":[{"href":"https:\/\/iberoid.com\/pt\/wp-json\/wp\/v2\/product\/10047","targetHints":{"allow":["GET"]}}],"collection":[{"href":"https:\/\/iberoid.com\/pt\/wp-json\/wp\/v2\/product"}],"about":[{"href":"https:\/\/iberoid.com\/pt\/wp-json\/wp\/v2\/types\/product"}],"replies":[{"embeddable":true,"href":"https:\/\/iberoid.com\/pt\/wp-json\/wp\/v2\/comments?post=10047"}],"wp:featuredmedia":[{"embeddable":true,"href":"https:\/\/iberoid.com\/pt\/wp-json\/wp\/v2\/media\/10048"}],"wp:attachment":[{"href":"https:\/\/iberoid.com\/pt\/wp-json\/wp\/v2\/media?parent=10047"}],"wp:term":[{"taxonomy":"product_brand","embeddable":true,"href":"https:\/\/iberoid.com\/pt\/wp-json\/wp\/v2\/product_brand?post=10047"},{"taxonomy":"product_cat","embeddable":true,"href":"https:\/\/iberoid.com\/pt\/wp-json\/wp\/v2\/product_cat?post=10047"},{"taxonomy":"product_tag","embeddable":true,"href":"https:\/\/iberoid.com\/pt\/wp-json\/wp\/v2\/product_tag?post=10047"}],"curies":[{"name":"wp","href":"https:\/\/api.w.org\/{rel}","templated":true}]}}